{"id":510027,"date":"2025-12-27T16:47:33","date_gmt":"2025-12-27T14:47:33","guid":{"rendered":"https:\/\/beebipood.ee\/?post_type=product&#038;p=510027"},"modified":"2025-12-27T16:52:44","modified_gmt":"2025-12-27T14:52:44","slug":"tiny-love-muusikaga-karussell-meadow-days","status":"publish","type":"product","link":"https:\/\/beebipood.ee\/ru\/produkt\/tiny-love-muusikaga-karussell-meadow-days\/","title":{"rendered":"Tiny Love muusikaga karussell, Meadow Days"},"content":{"rendered":"<p data-start=\"127\" data-end=\"428\"><strong data-start=\"127\" data-end=\"194\">Tiny Love \u201eMeadow Days\u201c kaasaskantav karussell \u2013 l\u00f5bus k\u00f5ikjal!<\/strong><br data-start=\"194\" data-end=\"197\" \/>Tiny Love \u201eMeadow Days\u201c karussell on kerge, v\u00e4rviline ja kaasaskantav m\u00e4ngukaaslane, mida saab lihtsalt kaasa v\u00f5tta igale poole. See toob lapsele tuttavliku ja turvalise m\u00e4ngukogemuse, pakkudes r\u00f5\u00f5mu ja rahu nii kodus kui reisil.<\/p>\n<hr data-start=\"430\" data-end=\"433\" \/>\n<h3 data-start=\"435\" data-end=\"456\">Peamised omadused<\/h3>\n<ul data-start=\"457\" data-end=\"948\">\n<li data-start=\"457\" data-end=\"548\">\n<p data-start=\"459\" data-end=\"548\"><strong data-start=\"459\" data-end=\"477\">Armas m\u00e4nguasi<\/strong>, mis pakub lapsele turvatunnet ja tuttavlikkust, olenemata asukohast<\/p>\n<\/li>\n<li data-start=\"549\" data-end=\"677\">\n<p data-start=\"551\" data-end=\"677\"><strong data-start=\"551\" data-end=\"596\">Rahustavad meloodiad ja aeglane liikumine<\/strong> aitavad last l\u00f5\u00f5gastuda ja toetavad emotsionaalse intelligentsuse arengut (EQ)<\/p>\n<\/li>\n<li data-start=\"678\" data-end=\"810\">\n<p data-start=\"680\" data-end=\"810\"><strong data-start=\"680\" data-end=\"712\">Universaalne kinnituss\u00fcsteem<\/strong> \u2013 sobib enamikule m\u00e4nguareenidele, reisivooditele, turvah\u00e4llidele, jalutusk\u00e4rudele ja h\u00e4llidele<\/p>\n<\/li>\n<li data-start=\"811\" data-end=\"878\">\n<p data-start=\"813\" data-end=\"878\"><strong data-start=\"813\" data-end=\"854\">Kuni 30 minutit j\u00e4rjestikust muusikat<\/strong>, 5 erinevat meloodiat<\/p>\n<\/li>\n<li data-start=\"879\" data-end=\"913\">\n<p data-start=\"881\" data-end=\"913\"><strong data-start=\"881\" data-end=\"911\">Takjakinnitus turvah\u00e4llile<\/strong><\/p>\n<\/li>\n<li data-start=\"914\" data-end=\"948\">\n<p data-start=\"916\" data-end=\"948\"><strong data-start=\"916\" data-end=\"946\">Suur klamber jalutusk\u00e4rule<\/strong><\/p>\n<\/li>\n<\/ul>\n<hr data-start=\"950\" data-end=\"953\" \/>\n<h3 data-start=\"955\" data-end=\"976\">Vanuse soovitused<\/h3>\n<ul data-start=\"977\" data-end=\"1345\">\n<li data-start=\"977\" data-end=\"1132\">\n<p data-start=\"979\" data-end=\"1132\"><strong data-start=\"979\" data-end=\"992\">0\u20133 kuud:<\/strong> V\u00e4ikesed lapsed tunnevad turvalisust ja j\u00e4rjepidevust, kui karusselli saab igale poole kaasa v\u00f5tta \u2013 see pakub rahu ja r\u00f5\u00f5mu igal sammul.<\/p>\n<\/li>\n<li data-start=\"1133\" data-end=\"1345\">\n<p data-start=\"1135\" data-end=\"1345\"><strong data-start=\"1135\" data-end=\"1148\">3\u20135 kuud:<\/strong> Hakake nimetama karusselli tegelasi ja r\u00e4\u00e4kige nendest lapsele: \u201eKus on Marie siilike? Siin ta on! Kus on Christopher rebane? Siin ta on!\u201c \u2013 see aitab arendada lapse s\u00f5navara ja suhtlemisoskust.<\/p>\n<\/li>\n<\/ul>\n<hr data-start=\"1347\" data-end=\"1350\" \/>\n<p data-start=\"1352\" data-end=\"1497\">See kaasaskantav karussell on ideaalne kingitus igale beebile, toetades nii meeli, emotsionaalset arengut kui ka keeleoskust igal arenguetapil.<\/p>\n","protected":false},"excerpt":{"rendered":"<p>Tiny Love \u201eMeadow Days\u201c kaasaskantav karussell \u2013 l\u00f5bus k\u00f5ikjal!Tiny Love \u201eMeadow Days\u201c karussell on kerge, v\u00e4rviline ja kaasaskantav m\u00e4ngukaaslane, mida saab lihtsalt kaasa v\u00f5tta igale poole. See toob lapsele tuttavliku ja turvalise m\u00e4ngukogemuse, pakkudes r\u00f5\u00f5mu ja rahu nii kodus kui reisil. Peamised omadused Armas m\u00e4nguasi, mis pakub lapsele turvatunnet ja tuttavlikkust, olenemata asukohast Rahustavad meloodiad [&hellip;]<\/p>\n","protected":false},"featured_media":510029,"template":"","meta":{"_acf_changed":false},"pwb-brand":[12002],"product_brand":[],"product_cat":[11673,11553,11789],"product_tag":[],"class_list":{"0":"post-510027","1":"product","2":"type-product","3":"status-publish","4":"has-post-thumbnail","6":"pwb-brand-tiny-love","7":"product_cat-muud-aksessuaarid-ru","8":"product_cat-beebivoodid-reisivoodid-hallid-ru","9":"product_cat-lastemoobel-ja-sisustus-ru","11":"first","12":"onbackorder","13":"taxable","14":"shipping-taxable","15":"purchasable","16":"product-type-simple"},"exclude_global_add_ons":[],"addons":[],"acf":[],"yoast_head":"<!-- This site is optimized with the Yoast SEO plugin v27.1.1 - https:\/\/yoast.com\/product\/yoast-seo-wordpress\/ -->\n<title>Beebimadrats 60x120 VALGE, \u041c\u0430\u0442\u0440\u0430\u0441\u044b \u0438 \u043c\u0430\u0442\u0440\u0430\u0441\u044b-\u043f\u043e\u043a\u0440\u044b\u0432\u0430\u043b\u0430, \u0428\u0438\u0440\u0438\u043d\u043e\u0439 \u0434\u043e 60 c\u043c, M\u0435\u0431\u0435\u043b\u044c, Beebipood<\/title>\n<meta name=\"description\" content=\"Beebimadrats 60x120 VALGE, * sisu vahtpol\u00fcuretan* madrats on kaetud tepitud kangaga* pehmenduseks on mahulin\" \/>\n<meta name=\"robots\" content=\"index, follow, max-snippet:-1, max-image-preview:large, max-video-preview:-1\" \/>\n<link rel=\"canonical\" href=\"https:\/\/beebipood.ee\/ru\/produkt\/tiny-love-muusikaga-karussell-meadow-days\/\" \/>\n<meta property=\"og:locale\" content=\"ru_RU\" \/>\n<meta property=\"og:type\" content=\"article\" \/>\n<meta property=\"og:title\" content=\"Beebimadrats 60x120 VALGE, \u041c\u0430\u0442\u0440\u0430\u0441\u044b \u0438 \u043c\u0430\u0442\u0440\u0430\u0441\u044b-\u043f\u043e\u043a\u0440\u044b\u0432\u0430\u043b\u0430, \u0428\u0438\u0440\u0438\u043d\u043e\u0439 \u0434\u043e 60 c\u043c, M\u0435\u0431\u0435\u043b\u044c, Beebipood\" \/>\n<meta property=\"og:description\" content=\"Beebimadrats 60x120 VALGE, * sisu vahtpol\u00fcuretan* madrats on kaetud tepitud kangaga* pehmenduseks on mahulin\" \/>\n<meta property=\"og:url\" content=\"https:\/\/beebipood.ee\/ru\/produkt\/tiny-love-muusikaga-karussell-meadow-days\/\" \/>\n<meta property=\"og:site_name\" content=\"Beebipood\" \/>\n<meta property=\"article:modified_time\" content=\"2025-12-27T14:52:44+00:00\" \/>\n<meta property=\"og:image\" content=\"https:\/\/beebipood.ee\/wp-content\/uploads\/2025\/12\/tiny-love-reisikarussell-niidul.jpg\" \/>\n\t<meta property=\"og:image:width\" content=\"562\" \/>\n\t<meta property=\"og:image:height\" content=\"562\" \/>\n\t<meta property=\"og:image:type\" content=\"image\/jpeg\" \/>\n<meta name=\"twitter:card\" content=\"summary_large_image\" \/>\n<meta name=\"twitter:label1\" content=\"\u041f\u0440\u0438\u043c\u0435\u0440\u043d\u043e\u0435 \u0432\u0440\u0435\u043c\u044f \u0434\u043b\u044f \u0447\u0442\u0435\u043d\u0438\u044f\" \/>\n\t<meta name=\"twitter:data1\" content=\"2 \u043c\u0438\u043d\u0443\u0442\u044b\" \/>\n<script type=\"application\/ld+json\" class=\"yoast-schema-graph\">{\"@context\":\"https:\/\/schema.org\",\"@graph\":[{\"@type\":\"WebPage\",\"@id\":\"https:\/\/beebipood.ee\/ru\/produkt\/tiny-love-muusikaga-karussell-meadow-days\/\",\"url\":\"https:\/\/beebipood.ee\/ru\/produkt\/tiny-love-muusikaga-karussell-meadow-days\/\",\"name\":\"Beebimadrats 60x120 VALGE, \u041c\u0430\u0442\u0440\u0430\u0441\u044b \u0438 \u043c\u0430\u0442\u0440\u0430\u0441\u044b-\u043f\u043e\u043a\u0440\u044b\u0432\u0430\u043b\u0430, \u0428\u0438\u0440\u0438\u043d\u043e\u0439 \u0434\u043e 60 c\u043c, M\u0435\u0431\u0435\u043b\u044c, Beebipood\",\"isPartOf\":{\"@id\":\"https:\/\/beebipood.ee\/ru\/#website\"},\"primaryImageOfPage\":{\"@id\":\"https:\/\/beebipood.ee\/ru\/produkt\/tiny-love-muusikaga-karussell-meadow-days\/#primaryimage\"},\"image\":{\"@id\":\"https:\/\/beebipood.ee\/ru\/produkt\/tiny-love-muusikaga-karussell-meadow-days\/#primaryimage\"},\"thumbnailUrl\":\"https:\/\/beebipood.ee\/wp-content\/uploads\/2025\/12\/tiny-love-reisikarussell-niidul.jpg\",\"datePublished\":\"2025-12-27T14:47:33+00:00\",\"dateModified\":\"2025-12-27T14:52:44+00:00\",\"description\":\"Beebimadrats 60x120 VALGE, * sisu vahtpol\u00fcuretan* madrats on kaetud tepitud kangaga* pehmenduseks on mahulin\",\"breadcrumb\":{\"@id\":\"https:\/\/beebipood.ee\/ru\/produkt\/tiny-love-muusikaga-karussell-meadow-days\/#breadcrumb\"},\"inLanguage\":\"ru-RU\",\"potentialAction\":[{\"@type\":\"ReadAction\",\"target\":[\"https:\/\/beebipood.ee\/ru\/produkt\/tiny-love-muusikaga-karussell-meadow-days\/\"]}]},{\"@type\":\"ImageObject\",\"inLanguage\":\"ru-RU\",\"@id\":\"https:\/\/beebipood.ee\/ru\/produkt\/tiny-love-muusikaga-karussell-meadow-days\/#primaryimage\",\"url\":\"https:\/\/beebipood.ee\/wp-content\/uploads\/2025\/12\/tiny-love-reisikarussell-niidul.jpg\",\"contentUrl\":\"https:\/\/beebipood.ee\/wp-content\/uploads\/2025\/12\/tiny-love-reisikarussell-niidul.jpg\",\"width\":562,\"height\":562},{\"@type\":\"BreadcrumbList\",\"@id\":\"https:\/\/beebipood.ee\/ru\/produkt\/tiny-love-muusikaga-karussell-meadow-days\/#breadcrumb\",\"itemListElement\":[{\"@type\":\"ListItem\",\"position\":1,\"name\":\"Home\",\"item\":\"https:\/\/beebipood.ee\/ru\/\"},{\"@type\":\"ListItem\",\"position\":2,\"name\":\"\u041a\u0430\u0442\u0430\u043b\u043e\u0433 \u0442\u043e\u0432\u0430\u0440\u043e\u0432\",\"item\":\"https:\/\/beebipood.ee\/tooted\/\"},{\"@type\":\"ListItem\",\"position\":3,\"name\":\"Tiny Love muusikaga karussell, Meadow Days\"}]},{\"@type\":\"WebSite\",\"@id\":\"https:\/\/beebipood.ee\/ru\/#website\",\"url\":\"https:\/\/beebipood.ee\/ru\/\",\"name\":\"Beebipood\",\"description\":\"Lastekaubad, beebikaubad, m\u00e4nguasjad\",\"publisher\":{\"@id\":\"https:\/\/beebipood.ee\/ru\/#organization\"},\"potentialAction\":[{\"@type\":\"SearchAction\",\"target\":{\"@type\":\"EntryPoint\",\"urlTemplate\":\"https:\/\/beebipood.ee\/ru\/?s={search_term_string}\"},\"query-input\":{\"@type\":\"PropertyValueSpecification\",\"valueRequired\":true,\"valueName\":\"search_term_string\"}}],\"inLanguage\":\"ru-RU\"},{\"@type\":\"Organization\",\"@id\":\"https:\/\/beebipood.ee\/ru\/#organization\",\"name\":\"Beebipood\",\"url\":\"https:\/\/beebipood.ee\/ru\/\",\"logo\":{\"@type\":\"ImageObject\",\"inLanguage\":\"ru-RU\",\"@id\":\"https:\/\/beebipood.ee\/ru\/#\/schema\/logo\/image\/\",\"url\":\"https:\/\/beebipood.ee\/wp-content\/uploads\/2025\/03\/beebipood.ee-logo-1.svg\",\"contentUrl\":\"https:\/\/beebipood.ee\/wp-content\/uploads\/2025\/03\/beebipood.ee-logo-1.svg\",\"caption\":\"Beebipood\"},\"image\":{\"@id\":\"https:\/\/beebipood.ee\/ru\/#\/schema\/logo\/image\/\"}}]}<\/script>\n<!-- \/ Yoast SEO plugin. -->","yoast_head_json":{"title":"Beebimadrats 60x120 VALGE, \u041c\u0430\u0442\u0440\u0430\u0441\u044b \u0438 \u043c\u0430\u0442\u0440\u0430\u0441\u044b-\u043f\u043e\u043a\u0440\u044b\u0432\u0430\u043b\u0430, \u0428\u0438\u0440\u0438\u043d\u043e\u0439 \u0434\u043e 60 c\u043c, M\u0435\u0431\u0435\u043b\u044c, Beebipood","description":"Beebimadrats 60x120 VALGE, * sisu vahtpol\u00fcuretan* madrats on kaetud tepitud kangaga* pehmenduseks on mahulin","robots":{"index":"index","follow":"follow","max-snippet":"max-snippet:-1","max-image-preview":"max-image-preview:large","max-video-preview":"max-video-preview:-1"},"canonical":"https:\/\/beebipood.ee\/ru\/produkt\/tiny-love-muusikaga-karussell-meadow-days\/","og_locale":"ru_RU","og_type":"article","og_title":"Beebimadrats 60x120 VALGE, \u041c\u0430\u0442\u0440\u0430\u0441\u044b \u0438 \u043c\u0430\u0442\u0440\u0430\u0441\u044b-\u043f\u043e\u043a\u0440\u044b\u0432\u0430\u043b\u0430, \u0428\u0438\u0440\u0438\u043d\u043e\u0439 \u0434\u043e 60 c\u043c, M\u0435\u0431\u0435\u043b\u044c, Beebipood","og_description":"Beebimadrats 60x120 VALGE, * sisu vahtpol\u00fcuretan* madrats on kaetud tepitud kangaga* pehmenduseks on mahulin","og_url":"https:\/\/beebipood.ee\/ru\/produkt\/tiny-love-muusikaga-karussell-meadow-days\/","og_site_name":"Beebipood","article_modified_time":"2025-12-27T14:52:44+00:00","og_image":[{"width":562,"height":562,"url":"https:\/\/beebipood.ee\/wp-content\/uploads\/2025\/12\/tiny-love-reisikarussell-niidul.jpg","type":"image\/jpeg"}],"twitter_card":"summary_large_image","twitter_misc":{"\u041f\u0440\u0438\u043c\u0435\u0440\u043d\u043e\u0435 \u0432\u0440\u0435\u043c\u044f \u0434\u043b\u044f \u0447\u0442\u0435\u043d\u0438\u044f":"2 \u043c\u0438\u043d\u0443\u0442\u044b"},"schema":{"@context":"https:\/\/schema.org","@graph":[{"@type":"WebPage","@id":"https:\/\/beebipood.ee\/ru\/produkt\/tiny-love-muusikaga-karussell-meadow-days\/","url":"https:\/\/beebipood.ee\/ru\/produkt\/tiny-love-muusikaga-karussell-meadow-days\/","name":"Beebimadrats 60x120 VALGE, \u041c\u0430\u0442\u0440\u0430\u0441\u044b \u0438 \u043c\u0430\u0442\u0440\u0430\u0441\u044b-\u043f\u043e\u043a\u0440\u044b\u0432\u0430\u043b\u0430, \u0428\u0438\u0440\u0438\u043d\u043e\u0439 \u0434\u043e 60 c\u043c, M\u0435\u0431\u0435\u043b\u044c, Beebipood","isPartOf":{"@id":"https:\/\/beebipood.ee\/ru\/#website"},"primaryImageOfPage":{"@id":"https:\/\/beebipood.ee\/ru\/produkt\/tiny-love-muusikaga-karussell-meadow-days\/#primaryimage"},"image":{"@id":"https:\/\/beebipood.ee\/ru\/produkt\/tiny-love-muusikaga-karussell-meadow-days\/#primaryimage"},"thumbnailUrl":"https:\/\/beebipood.ee\/wp-content\/uploads\/2025\/12\/tiny-love-reisikarussell-niidul.jpg","datePublished":"2025-12-27T14:47:33+00:00","dateModified":"2025-12-27T14:52:44+00:00","description":"Beebimadrats 60x120 VALGE, * sisu vahtpol\u00fcuretan* madrats on kaetud tepitud kangaga* pehmenduseks on mahulin","breadcrumb":{"@id":"https:\/\/beebipood.ee\/ru\/produkt\/tiny-love-muusikaga-karussell-meadow-days\/#breadcrumb"},"inLanguage":"ru-RU","potentialAction":[{"@type":"ReadAction","target":["https:\/\/beebipood.ee\/ru\/produkt\/tiny-love-muusikaga-karussell-meadow-days\/"]}]},{"@type":"ImageObject","inLanguage":"ru-RU","@id":"https:\/\/beebipood.ee\/ru\/produkt\/tiny-love-muusikaga-karussell-meadow-days\/#primaryimage","url":"https:\/\/beebipood.ee\/wp-content\/uploads\/2025\/12\/tiny-love-reisikarussell-niidul.jpg","contentUrl":"https:\/\/beebipood.ee\/wp-content\/uploads\/2025\/12\/tiny-love-reisikarussell-niidul.jpg","width":562,"height":562},{"@type":"BreadcrumbList","@id":"https:\/\/beebipood.ee\/ru\/produkt\/tiny-love-muusikaga-karussell-meadow-days\/#breadcrumb","itemListElement":[{"@type":"ListItem","position":1,"name":"Home","item":"https:\/\/beebipood.ee\/ru\/"},{"@type":"ListItem","position":2,"name":"\u041a\u0430\u0442\u0430\u043b\u043e\u0433 \u0442\u043e\u0432\u0430\u0440\u043e\u0432","item":"https:\/\/beebipood.ee\/tooted\/"},{"@type":"ListItem","position":3,"name":"Tiny Love muusikaga karussell, Meadow Days"}]},{"@type":"WebSite","@id":"https:\/\/beebipood.ee\/ru\/#website","url":"https:\/\/beebipood.ee\/ru\/","name":"Beebipood","description":"Lastekaubad, beebikaubad, m\u00e4nguasjad","publisher":{"@id":"https:\/\/beebipood.ee\/ru\/#organization"},"potentialAction":[{"@type":"SearchAction","target":{"@type":"EntryPoint","urlTemplate":"https:\/\/beebipood.ee\/ru\/?s={search_term_string}"},"query-input":{"@type":"PropertyValueSpecification","valueRequired":true,"valueName":"search_term_string"}}],"inLanguage":"ru-RU"},{"@type":"Organization","@id":"https:\/\/beebipood.ee\/ru\/#organization","name":"Beebipood","url":"https:\/\/beebipood.ee\/ru\/","logo":{"@type":"ImageObject","inLanguage":"ru-RU","@id":"https:\/\/beebipood.ee\/ru\/#\/schema\/logo\/image\/","url":"https:\/\/beebipood.ee\/wp-content\/uploads\/2025\/03\/beebipood.ee-logo-1.svg","contentUrl":"https:\/\/beebipood.ee\/wp-content\/uploads\/2025\/03\/beebipood.ee-logo-1.svg","caption":"Beebipood"},"image":{"@id":"https:\/\/beebipood.ee\/ru\/#\/schema\/logo\/image\/"}}]}},"brands":[{"id":12002,"name":"Tiny Love","slug":"tiny-love"}],"_links":{"self":[{"href":"https:\/\/beebipood.ee\/ru\/wp-json\/wp\/v2\/product\/510027","targetHints":{"allow":["GET"]}}],"collection":[{"href":"https:\/\/beebipood.ee\/ru\/wp-json\/wp\/v2\/product"}],"about":[{"href":"https:\/\/beebipood.ee\/ru\/wp-json\/wp\/v2\/types\/product"}],"wp:featuredmedia":[{"embeddable":true,"href":"https:\/\/beebipood.ee\/ru\/wp-json\/wp\/v2\/media\/510029"}],"wp:attachment":[{"href":"https:\/\/beebipood.ee\/ru\/wp-json\/wp\/v2\/media?parent=510027"}],"wp:term":[{"taxonomy":"pwb-brand","embeddable":true,"href":"https:\/\/beebipood.ee\/ru\/wp-json\/wp\/v2\/pwb-brand?post=510027"},{"taxonomy":"product_brand","embeddable":true,"href":"https:\/\/beebipood.ee\/ru\/wp-json\/wp\/v2\/product_brand?post=510027"},{"taxonomy":"product_cat","embeddable":true,"href":"https:\/\/beebipood.ee\/ru\/wp-json\/wp\/v2\/product_cat?post=510027"},{"taxonomy":"product_tag","embeddable":true,"href":"https:\/\/beebipood.ee\/ru\/wp-json\/wp\/v2\/product_tag?post=510027"}],"curies":[{"name":"wp","href":"https:\/\/api.w.org\/{rel}","templated":true}]}}