{"id":510044,"date":"2025-12-28T14:10:06","date_gmt":"2025-12-28T12:10:06","guid":{"rendered":"https:\/\/beebipood.ee\/?post_type=product&#038;p=510044"},"modified":"2025-12-28T14:33:55","modified_gmt":"2025-12-28T12:33:55","slug":"beebivoodi-julia-60x120-voodikastiga-valge","status":"publish","type":"product","link":"https:\/\/beebipood.ee\/ru\/produkt\/beebivoodi-julia-60x120-voodikastiga-valge\/","title":{"rendered":"Beebivoodi Julia 60\u00d7120, voodikastiga, valge"},"content":{"rendered":"<p data-start=\"105\" data-end=\"467\"><strong data-start=\"105\" data-end=\"187\">Beebivoodi \u201cJulia\u201d \u2013 stiilne, turvaline ja praktiline valik sinu lapsele<\/strong><br data-start=\"187\" data-end=\"190\" \/>Julia voodi on loodud suurimat t\u00e4helepanu p\u00f6\u00f6rates detailidele. Klassikaline disain koos kerge retroh\u00f5nguga sobib suurep\u00e4raselt igasse interj\u00f6\u00f6ri ning annab lastetoale armsa ja elegantse ilme. Profiilitud jalad ja kaunid k\u00fcljelemendid lisavad voodile oman\u00e4olist stiili.<\/p>\n<p data-start=\"469\" data-end=\"559\">K\u00f5ik servad on hoolikalt \u00fcmardatud, et tagada sinu lapsele maksimaalne ohutus igal sammul.<\/p>\n<hr data-start=\"561\" data-end=\"564\" \/>\n<h3 data-start=\"566\" data-end=\"588\">\u2b50 Peamised eelised<\/h3>\n<ul data-start=\"589\" data-end=\"953\">\n<li data-start=\"589\" data-end=\"651\">\n<p data-start=\"591\" data-end=\"651\"><strong data-start=\"591\" data-end=\"624\">3 reguleeritavat p\u00f5hjak\u00f5rgust<\/strong> \u2013 kohandub lapse kasvuga<\/p>\n<\/li>\n<li data-start=\"652\" data-end=\"749\">\n<p data-start=\"654\" data-end=\"749\"><strong data-start=\"654\" data-end=\"679\">Funktsionaalne sahtel<\/strong> \u2013 ideaalne m\u00e4hkmete, voodipesu ja vajalike pisiasjade hoiustamiseks<\/p>\n<\/li>\n<li data-start=\"750\" data-end=\"832\">\n<p data-start=\"752\" data-end=\"832\"><strong data-start=\"752\" data-end=\"776\">3 eemaldatavat pulka<\/strong> \u2013 v\u00f5imaldavad suuremal lapsel ise voodist v\u00e4lja tulla<\/p>\n<\/li>\n<li data-start=\"833\" data-end=\"878\">\n<p data-start=\"835\" data-end=\"878\"><strong data-start=\"835\" data-end=\"876\">Ohutud ja sertifitseeritud materjalid<\/strong><\/p>\n<\/li>\n<li data-start=\"879\" data-end=\"953\">\n<p data-start=\"881\" data-end=\"953\"><strong data-start=\"881\" data-end=\"910\">Kvaliteetne ja vastupidav<\/strong> \u2013 valmistatud, naturaalsest puidust<\/p>\n<\/li>\n<li><strong>Vajadusel on beebivoodi \u00fcks k\u00fclgedest ka eemaldatav<\/strong><\/li>\n<\/ul>\n<hr data-start=\"955\" data-end=\"958\" \/>\n<h3 data-start=\"960\" data-end=\"984\">\ud83d\udccf Tehnilised andmed<\/h3>\n<ul data-start=\"985\" data-end=\"1495\">\n<li data-start=\"985\" data-end=\"1025\">\n<p data-start=\"987\" data-end=\"1025\">Sobib lastele vanuses <strong data-start=\"1009\" data-end=\"1023\">0\u20133 aastat<\/strong><\/p>\n<\/li>\n<li data-start=\"1026\" data-end=\"1053\">\n<p data-start=\"1028\" data-end=\"1053\">Voodi k\u00f5rgus: <strong data-start=\"1042\" data-end=\"1051\">84 cm<\/strong><\/p>\n<\/li>\n<li data-start=\"1026\" data-end=\"1053\">Voodisse sobib madrats m\u00f5\u00f5duga 60x120cm (ei ole komplektis)<\/li>\n<li data-start=\"1054\" data-end=\"1121\">\n<p data-start=\"1056\" data-end=\"1121\">Tugev puidust konstruktsioon, naturaalse v\u00e4rvitooniga p\u00f5hjarest<\/p>\n<\/li>\n<li data-start=\"1122\" data-end=\"1187\">\n<p data-start=\"1124\" data-end=\"1187\">Sahtel 8 cm s\u00fcgav, ratastega siinidel \u2013 ei kriimusta p\u00f5randat<\/p>\n<\/li>\n<li data-start=\"1188\" data-end=\"1266\">\n<p data-start=\"1190\" data-end=\"1266\">Sahtlil dekoratiivne katteplaat, mis j\u00e4\u00e4b voodi alla ka sahtlit eemaldades<\/p>\n<\/li>\n<li data-start=\"1267\" data-end=\"1345\">\n<p data-start=\"1269\" data-end=\"1345\">L\u00e4bipaistva konstruktsiooniga, lamedad pulgad parema ohutuse ja v\u00e4limuse jaoks<\/p>\n<\/li>\n<li data-start=\"1346\" data-end=\"1399\">\n<p data-start=\"1348\" data-end=\"1399\">Komplektis kinnitusvahendid ja kokkupaneku juhend<\/p>\n<\/li>\n<\/ul>\n<hr data-start=\"1497\" data-end=\"1500\" \/>\n<p data-start=\"1502\" data-end=\"1725\" data-is-last-node=\"\" data-is-only-node=\"\">Julia \u2013 praktiline, turvaline ja stiilne beebivoodi, mis kasvab koos sinu lapsega ning muudab igap\u00e4evaelu mugavamaks.<\/p>\n","protected":false},"excerpt":{"rendered":"<p>Beebivoodi \u201cJulia\u201d \u2013 stiilne, turvaline ja praktiline valik sinu lapseleJulia voodi on loodud suurimat t\u00e4helepanu p\u00f6\u00f6rates detailidele. Klassikaline disain koos kerge retroh\u00f5nguga sobib suurep\u00e4raselt igasse interj\u00f6\u00f6ri ning annab lastetoale armsa ja elegantse ilme. Profiilitud jalad ja kaunid k\u00fcljelemendid lisavad voodile oman\u00e4olist stiili. K\u00f5ik servad on hoolikalt \u00fcmardatud, et tagada sinu lapsele maksimaalne ohutus igal sammul. [&hellip;]<\/p>\n","protected":false},"featured_media":510046,"template":"","meta":{"_acf_changed":false},"pwb-brand":[],"product_brand":[],"product_cat":[11567,11745,11575,11553,11789],"product_tag":[],"class_list":{"0":"post-510044","1":"product","2":"type-product","3":"status-publish","4":"has-post-thumbnail","6":"product_cat-vorevoodid-ru","7":"product_cat-madratsile-60x120-ru","8":"product_cat-uued-tooted-ru","9":"product_cat-beebivoodid-reisivoodid-hallid-ru","10":"product_cat-lastemoobel-ja-sisustus-ru","12":"first","13":"onbackorder","14":"sale","15":"taxable","16":"shipping-taxable","17":"purchasable","18":"product-type-simple"},"exclude_global_add_ons":[],"addons":[],"acf":[],"yoast_head":"<!-- This site is optimized with the Yoast SEO plugin v27.1.1 - https:\/\/yoast.com\/product\/yoast-seo-wordpress\/ -->\n<title>Beebivoodi Snap 60x120, voodikastiga, valge, \u0414\u0435\u0442\u0441\u043a\u0438e \u043a\u0440\u043e\u0432\u0430\u0442\u043a\u0438, \u043f\u0435\u0440\u0435\u043d\u043e\u0441\u043d\u044b\u0435 \u043a\u0440\u043e\u0432\u0430\u0442\u043a\u0438, \u043b\u044e\u043b\u044c\u043a\u0438, \u0414\u0435\u0442\u0441\u043a\u0438e \u043a\u0440\u043e\u0432\u0430\u0442\u043a\u0438, \u0421\u041a\u0418\u0414\u041a\u0418, \u043c\u0430\u0442\u0440\u0430\u0441 60x120, M\u0435\u0431\u0435\u043b\u044c, Ha c\u043a\u043b\u0430\u0434\u0435, Ladu t\u00fchjaks, Beebipood<\/title>\n<meta name=\"description\" content=\"Beebivoodi Snap 60x120, voodikastiga, valge, valmistatud p\u00f6\u00f6gi puidust, MDF&#039;st ja melamiinist viimistlus: valge \/ p\u00f6\u00f6k&lt;\/\" \/>\n<meta name=\"robots\" content=\"index, follow, max-snippet:-1, max-image-preview:large, max-video-preview:-1\" \/>\n<link rel=\"canonical\" href=\"https:\/\/beebipood.ee\/ru\/produkt\/beebivoodi-julia-60x120-voodikastiga-valge\/\" \/>\n<meta property=\"og:locale\" content=\"ru_RU\" \/>\n<meta property=\"og:type\" content=\"article\" \/>\n<meta property=\"og:title\" content=\"Beebivoodi Snap 60x120, voodikastiga, valge, \u0414\u0435\u0442\u0441\u043a\u0438e \u043a\u0440\u043e\u0432\u0430\u0442\u043a\u0438, \u043f\u0435\u0440\u0435\u043d\u043e\u0441\u043d\u044b\u0435 \u043a\u0440\u043e\u0432\u0430\u0442\u043a\u0438, \u043b\u044e\u043b\u044c\u043a\u0438, \u0414\u0435\u0442\u0441\u043a\u0438e \u043a\u0440\u043e\u0432\u0430\u0442\u043a\u0438, \u0421\u041a\u0418\u0414\u041a\u0418, \u043c\u0430\u0442\u0440\u0430\u0441 60x120, M\u0435\u0431\u0435\u043b\u044c, Ha c\u043a\u043b\u0430\u0434\u0435, Ladu t\u00fchjaks, Beebipood\" \/>\n<meta property=\"og:description\" content=\"Beebivoodi Snap 60x120, voodikastiga, valge, valmistatud p\u00f6\u00f6gi puidust, MDF&#039;st ja melamiinist viimistlus: valge \/ p\u00f6\u00f6k&lt;\/\" \/>\n<meta property=\"og:url\" content=\"https:\/\/beebipood.ee\/ru\/produkt\/beebivoodi-julia-60x120-voodikastiga-valge\/\" \/>\n<meta property=\"og:site_name\" content=\"Beebipood\" \/>\n<meta property=\"article:modified_time\" content=\"2025-12-28T12:33:55+00:00\" \/>\n<meta property=\"og:image\" content=\"https:\/\/beebipood.ee\/wp-content\/uploads\/2025\/12\/beebivoodi-julia-voodikastiga-60x120-valge.webp\" \/>\n\t<meta property=\"og:image:width\" content=\"2000\" \/>\n\t<meta property=\"og:image:height\" content=\"2000\" \/>\n\t<meta property=\"og:image:type\" content=\"image\/webp\" \/>\n<meta name=\"twitter:card\" content=\"summary_large_image\" \/>\n<meta name=\"twitter:label1\" content=\"\u041f\u0440\u0438\u043c\u0435\u0440\u043d\u043e\u0435 \u0432\u0440\u0435\u043c\u044f \u0434\u043b\u044f \u0447\u0442\u0435\u043d\u0438\u044f\" \/>\n\t<meta name=\"twitter:data1\" content=\"2 \u043c\u0438\u043d\u0443\u0442\u044b\" \/>\n<script type=\"application\/ld+json\" class=\"yoast-schema-graph\">{\"@context\":\"https:\/\/schema.org\",\"@graph\":[{\"@type\":\"WebPage\",\"@id\":\"https:\/\/beebipood.ee\/ru\/produkt\/beebivoodi-julia-60x120-voodikastiga-valge\/\",\"url\":\"https:\/\/beebipood.ee\/ru\/produkt\/beebivoodi-julia-60x120-voodikastiga-valge\/\",\"name\":\"Beebivoodi Snap 60x120, voodikastiga, valge, \u0414\u0435\u0442\u0441\u043a\u0438e \u043a\u0440\u043e\u0432\u0430\u0442\u043a\u0438, \u043f\u0435\u0440\u0435\u043d\u043e\u0441\u043d\u044b\u0435 \u043a\u0440\u043e\u0432\u0430\u0442\u043a\u0438, \u043b\u044e\u043b\u044c\u043a\u0438, \u0414\u0435\u0442\u0441\u043a\u0438e \u043a\u0440\u043e\u0432\u0430\u0442\u043a\u0438, \u0421\u041a\u0418\u0414\u041a\u0418, \u043c\u0430\u0442\u0440\u0430\u0441 60x120, M\u0435\u0431\u0435\u043b\u044c, Ha c\u043a\u043b\u0430\u0434\u0435, Ladu t\u00fchjaks, Beebipood\",\"isPartOf\":{\"@id\":\"https:\/\/beebipood.ee\/ru\/#website\"},\"primaryImageOfPage\":{\"@id\":\"https:\/\/beebipood.ee\/ru\/produkt\/beebivoodi-julia-60x120-voodikastiga-valge\/#primaryimage\"},\"image\":{\"@id\":\"https:\/\/beebipood.ee\/ru\/produkt\/beebivoodi-julia-60x120-voodikastiga-valge\/#primaryimage\"},\"thumbnailUrl\":\"https:\/\/beebipood.ee\/wp-content\/uploads\/2025\/12\/beebivoodi-julia-voodikastiga-60x120-valge.webp\",\"datePublished\":\"2025-12-28T12:10:06+00:00\",\"dateModified\":\"2025-12-28T12:33:55+00:00\",\"description\":\"Beebivoodi Snap 60x120, voodikastiga, valge, valmistatud p\u00f6\u00f6gi puidust, MDF'st ja melamiinist viimistlus: valge \/ p\u00f6\u00f6k&lt;\/\",\"breadcrumb\":{\"@id\":\"https:\/\/beebipood.ee\/ru\/produkt\/beebivoodi-julia-60x120-voodikastiga-valge\/#breadcrumb\"},\"inLanguage\":\"ru-RU\",\"potentialAction\":[{\"@type\":\"ReadAction\",\"target\":[\"https:\/\/beebipood.ee\/ru\/produkt\/beebivoodi-julia-60x120-voodikastiga-valge\/\"]}]},{\"@type\":\"ImageObject\",\"inLanguage\":\"ru-RU\",\"@id\":\"https:\/\/beebipood.ee\/ru\/produkt\/beebivoodi-julia-60x120-voodikastiga-valge\/#primaryimage\",\"url\":\"https:\/\/beebipood.ee\/wp-content\/uploads\/2025\/12\/beebivoodi-julia-voodikastiga-60x120-valge.webp\",\"contentUrl\":\"https:\/\/beebipood.ee\/wp-content\/uploads\/2025\/12\/beebivoodi-julia-voodikastiga-60x120-valge.webp\",\"width\":2000,\"height\":2000},{\"@type\":\"BreadcrumbList\",\"@id\":\"https:\/\/beebipood.ee\/ru\/produkt\/beebivoodi-julia-60x120-voodikastiga-valge\/#breadcrumb\",\"itemListElement\":[{\"@type\":\"ListItem\",\"position\":1,\"name\":\"Home\",\"item\":\"https:\/\/beebipood.ee\/ru\/\"},{\"@type\":\"ListItem\",\"position\":2,\"name\":\"\u041a\u0430\u0442\u0430\u043b\u043e\u0433 \u0442\u043e\u0432\u0430\u0440\u043e\u0432\",\"item\":\"https:\/\/beebipood.ee\/tooted\/\"},{\"@type\":\"ListItem\",\"position\":3,\"name\":\"Beebivoodi Julia 60\u00d7120, voodikastiga, valge\"}]},{\"@type\":\"WebSite\",\"@id\":\"https:\/\/beebipood.ee\/ru\/#website\",\"url\":\"https:\/\/beebipood.ee\/ru\/\",\"name\":\"Beebipood\",\"description\":\"Lastekaubad, beebikaubad, m\u00e4nguasjad\",\"publisher\":{\"@id\":\"https:\/\/beebipood.ee\/ru\/#organization\"},\"potentialAction\":[{\"@type\":\"SearchAction\",\"target\":{\"@type\":\"EntryPoint\",\"urlTemplate\":\"https:\/\/beebipood.ee\/ru\/?s={search_term_string}\"},\"query-input\":{\"@type\":\"PropertyValueSpecification\",\"valueRequired\":true,\"valueName\":\"search_term_string\"}}],\"inLanguage\":\"ru-RU\"},{\"@type\":\"Organization\",\"@id\":\"https:\/\/beebipood.ee\/ru\/#organization\",\"name\":\"Beebipood\",\"url\":\"https:\/\/beebipood.ee\/ru\/\",\"logo\":{\"@type\":\"ImageObject\",\"inLanguage\":\"ru-RU\",\"@id\":\"https:\/\/beebipood.ee\/ru\/#\/schema\/logo\/image\/\",\"url\":\"https:\/\/beebipood.ee\/wp-content\/uploads\/2025\/03\/beebipood.ee-logo-1.svg\",\"contentUrl\":\"https:\/\/beebipood.ee\/wp-content\/uploads\/2025\/03\/beebipood.ee-logo-1.svg\",\"caption\":\"Beebipood\"},\"image\":{\"@id\":\"https:\/\/beebipood.ee\/ru\/#\/schema\/logo\/image\/\"}}]}<\/script>\n<!-- \/ Yoast SEO plugin. -->","yoast_head_json":{"title":"Beebivoodi Snap 60x120, voodikastiga, valge, \u0414\u0435\u0442\u0441\u043a\u0438e \u043a\u0440\u043e\u0432\u0430\u0442\u043a\u0438, \u043f\u0435\u0440\u0435\u043d\u043e\u0441\u043d\u044b\u0435 \u043a\u0440\u043e\u0432\u0430\u0442\u043a\u0438, \u043b\u044e\u043b\u044c\u043a\u0438, \u0414\u0435\u0442\u0441\u043a\u0438e \u043a\u0440\u043e\u0432\u0430\u0442\u043a\u0438, \u0421\u041a\u0418\u0414\u041a\u0418, \u043c\u0430\u0442\u0440\u0430\u0441 60x120, M\u0435\u0431\u0435\u043b\u044c, Ha c\u043a\u043b\u0430\u0434\u0435, Ladu t\u00fchjaks, Beebipood","description":"Beebivoodi Snap 60x120, voodikastiga, valge, valmistatud p\u00f6\u00f6gi puidust, MDF'st ja melamiinist viimistlus: valge \/ p\u00f6\u00f6k&lt;\/","robots":{"index":"index","follow":"follow","max-snippet":"max-snippet:-1","max-image-preview":"max-image-preview:large","max-video-preview":"max-video-preview:-1"},"canonical":"https:\/\/beebipood.ee\/ru\/produkt\/beebivoodi-julia-60x120-voodikastiga-valge\/","og_locale":"ru_RU","og_type":"article","og_title":"Beebivoodi Snap 60x120, voodikastiga, valge, \u0414\u0435\u0442\u0441\u043a\u0438e \u043a\u0440\u043e\u0432\u0430\u0442\u043a\u0438, \u043f\u0435\u0440\u0435\u043d\u043e\u0441\u043d\u044b\u0435 \u043a\u0440\u043e\u0432\u0430\u0442\u043a\u0438, \u043b\u044e\u043b\u044c\u043a\u0438, \u0414\u0435\u0442\u0441\u043a\u0438e \u043a\u0440\u043e\u0432\u0430\u0442\u043a\u0438, \u0421\u041a\u0418\u0414\u041a\u0418, \u043c\u0430\u0442\u0440\u0430\u0441 60x120, M\u0435\u0431\u0435\u043b\u044c, Ha c\u043a\u043b\u0430\u0434\u0435, Ladu t\u00fchjaks, Beebipood","og_description":"Beebivoodi Snap 60x120, voodikastiga, valge, valmistatud p\u00f6\u00f6gi puidust, MDF'st ja melamiinist viimistlus: valge \/ p\u00f6\u00f6k&lt;\/","og_url":"https:\/\/beebipood.ee\/ru\/produkt\/beebivoodi-julia-60x120-voodikastiga-valge\/","og_site_name":"Beebipood","article_modified_time":"2025-12-28T12:33:55+00:00","og_image":[{"width":2000,"height":2000,"url":"https:\/\/beebipood.ee\/wp-content\/uploads\/2025\/12\/beebivoodi-julia-voodikastiga-60x120-valge.webp","type":"image\/webp"}],"twitter_card":"summary_large_image","twitter_misc":{"\u041f\u0440\u0438\u043c\u0435\u0440\u043d\u043e\u0435 \u0432\u0440\u0435\u043c\u044f \u0434\u043b\u044f \u0447\u0442\u0435\u043d\u0438\u044f":"2 \u043c\u0438\u043d\u0443\u0442\u044b"},"schema":{"@context":"https:\/\/schema.org","@graph":[{"@type":"WebPage","@id":"https:\/\/beebipood.ee\/ru\/produkt\/beebivoodi-julia-60x120-voodikastiga-valge\/","url":"https:\/\/beebipood.ee\/ru\/produkt\/beebivoodi-julia-60x120-voodikastiga-valge\/","name":"Beebivoodi Snap 60x120, voodikastiga, valge, \u0414\u0435\u0442\u0441\u043a\u0438e \u043a\u0440\u043e\u0432\u0430\u0442\u043a\u0438, \u043f\u0435\u0440\u0435\u043d\u043e\u0441\u043d\u044b\u0435 \u043a\u0440\u043e\u0432\u0430\u0442\u043a\u0438, \u043b\u044e\u043b\u044c\u043a\u0438, \u0414\u0435\u0442\u0441\u043a\u0438e \u043a\u0440\u043e\u0432\u0430\u0442\u043a\u0438, \u0421\u041a\u0418\u0414\u041a\u0418, \u043c\u0430\u0442\u0440\u0430\u0441 60x120, M\u0435\u0431\u0435\u043b\u044c, Ha c\u043a\u043b\u0430\u0434\u0435, Ladu t\u00fchjaks, Beebipood","isPartOf":{"@id":"https:\/\/beebipood.ee\/ru\/#website"},"primaryImageOfPage":{"@id":"https:\/\/beebipood.ee\/ru\/produkt\/beebivoodi-julia-60x120-voodikastiga-valge\/#primaryimage"},"image":{"@id":"https:\/\/beebipood.ee\/ru\/produkt\/beebivoodi-julia-60x120-voodikastiga-valge\/#primaryimage"},"thumbnailUrl":"https:\/\/beebipood.ee\/wp-content\/uploads\/2025\/12\/beebivoodi-julia-voodikastiga-60x120-valge.webp","datePublished":"2025-12-28T12:10:06+00:00","dateModified":"2025-12-28T12:33:55+00:00","description":"Beebivoodi Snap 60x120, voodikastiga, valge, valmistatud p\u00f6\u00f6gi puidust, MDF'st ja melamiinist viimistlus: valge \/ p\u00f6\u00f6k&lt;\/","breadcrumb":{"@id":"https:\/\/beebipood.ee\/ru\/produkt\/beebivoodi-julia-60x120-voodikastiga-valge\/#breadcrumb"},"inLanguage":"ru-RU","potentialAction":[{"@type":"ReadAction","target":["https:\/\/beebipood.ee\/ru\/produkt\/beebivoodi-julia-60x120-voodikastiga-valge\/"]}]},{"@type":"ImageObject","inLanguage":"ru-RU","@id":"https:\/\/beebipood.ee\/ru\/produkt\/beebivoodi-julia-60x120-voodikastiga-valge\/#primaryimage","url":"https:\/\/beebipood.ee\/wp-content\/uploads\/2025\/12\/beebivoodi-julia-voodikastiga-60x120-valge.webp","contentUrl":"https:\/\/beebipood.ee\/wp-content\/uploads\/2025\/12\/beebivoodi-julia-voodikastiga-60x120-valge.webp","width":2000,"height":2000},{"@type":"BreadcrumbList","@id":"https:\/\/beebipood.ee\/ru\/produkt\/beebivoodi-julia-60x120-voodikastiga-valge\/#breadcrumb","itemListElement":[{"@type":"ListItem","position":1,"name":"Home","item":"https:\/\/beebipood.ee\/ru\/"},{"@type":"ListItem","position":2,"name":"\u041a\u0430\u0442\u0430\u043b\u043e\u0433 \u0442\u043e\u0432\u0430\u0440\u043e\u0432","item":"https:\/\/beebipood.ee\/tooted\/"},{"@type":"ListItem","position":3,"name":"Beebivoodi Julia 60\u00d7120, voodikastiga, valge"}]},{"@type":"WebSite","@id":"https:\/\/beebipood.ee\/ru\/#website","url":"https:\/\/beebipood.ee\/ru\/","name":"Beebipood","description":"Lastekaubad, beebikaubad, m\u00e4nguasjad","publisher":{"@id":"https:\/\/beebipood.ee\/ru\/#organization"},"potentialAction":[{"@type":"SearchAction","target":{"@type":"EntryPoint","urlTemplate":"https:\/\/beebipood.ee\/ru\/?s={search_term_string}"},"query-input":{"@type":"PropertyValueSpecification","valueRequired":true,"valueName":"search_term_string"}}],"inLanguage":"ru-RU"},{"@type":"Organization","@id":"https:\/\/beebipood.ee\/ru\/#organization","name":"Beebipood","url":"https:\/\/beebipood.ee\/ru\/","logo":{"@type":"ImageObject","inLanguage":"ru-RU","@id":"https:\/\/beebipood.ee\/ru\/#\/schema\/logo\/image\/","url":"https:\/\/beebipood.ee\/wp-content\/uploads\/2025\/03\/beebipood.ee-logo-1.svg","contentUrl":"https:\/\/beebipood.ee\/wp-content\/uploads\/2025\/03\/beebipood.ee-logo-1.svg","caption":"Beebipood"},"image":{"@id":"https:\/\/beebipood.ee\/ru\/#\/schema\/logo\/image\/"}}]}},"brands":[],"_links":{"self":[{"href":"https:\/\/beebipood.ee\/ru\/wp-json\/wp\/v2\/product\/510044","targetHints":{"allow":["GET"]}}],"collection":[{"href":"https:\/\/beebipood.ee\/ru\/wp-json\/wp\/v2\/product"}],"about":[{"href":"https:\/\/beebipood.ee\/ru\/wp-json\/wp\/v2\/types\/product"}],"wp:featuredmedia":[{"embeddable":true,"href":"https:\/\/beebipood.ee\/ru\/wp-json\/wp\/v2\/media\/510046"}],"wp:attachment":[{"href":"https:\/\/beebipood.ee\/ru\/wp-json\/wp\/v2\/media?parent=510044"}],"wp:term":[{"taxonomy":"pwb-brand","embeddable":true,"href":"https:\/\/beebipood.ee\/ru\/wp-json\/wp\/v2\/pwb-brand?post=510044"},{"taxonomy":"product_brand","embeddable":true,"href":"https:\/\/beebipood.ee\/ru\/wp-json\/wp\/v2\/product_brand?post=510044"},{"taxonomy":"product_cat","embeddable":true,"href":"https:\/\/beebipood.ee\/ru\/wp-json\/wp\/v2\/product_cat?post=510044"},{"taxonomy":"product_tag","embeddable":true,"href":"https:\/\/beebipood.ee\/ru\/wp-json\/wp\/v2\/product_tag?post=510044"}],"curies":[{"name":"wp","href":"https:\/\/api.w.org\/{rel}","templated":true}]}}