{"id":510215,"date":"2026-01-06T13:03:42","date_gmt":"2026-01-06T11:03:42","guid":{"rendered":"https:\/\/beebipood.ee\/?post_type=product&#038;p=510215"},"modified":"2026-04-24T12:19:56","modified_gmt":"2026-04-24T09:19:56","slug":"peg-perego-viaggio-2-3-shuttle-turvaiste-john-deere","status":"publish","type":"product","link":"https:\/\/beebipood.ee\/ru\/produkt\/peg-perego-viaggio-2-3-shuttle-turvaiste-john-deere\/","title":{"rendered":"Peg-Perego Viaggio 2-3 Shuttle turvaiste, John Deere"},"content":{"rendered":"<p data-start=\"0\" data-end=\"125\">\ud83d\ude97 <strong data-start=\"3\" data-end=\"73\">i-Size turvatool 125\u2013150 cm \u2013 turvaline ja mugav suuremale lapsele<\/strong><br data-start=\"73\" data-end=\"76\" \/>Praktiline lahendus igap\u00e4evasteks autos\u00f5itudeks<\/p>\n<p data-start=\"127\" data-end=\"326\">Kui laps kasvab, peab ka turvatool tema vajadustega kaasas k\u00e4ima. See i-Size n\u00f5uetele vastav turvatool on loodud suurematele lastele, pakkudes turvalisust, mugavust ja lihtsat kasutust igal s\u00f5idul.<\/p>\n<hr data-start=\"328\" data-end=\"331\" \/>\n<p data-start=\"333\" data-end=\"525\">\ud83c\udf1f <strong data-start=\"336\" data-end=\"366\">Miks valida see turvatool?<\/strong><br data-start=\"366\" data-end=\"369\" \/>\u2714\ufe0f Sobib lapsele pikkuses 125\u2013150 cm<br data-start=\"405\" data-end=\"408\" \/>\u2714\ufe0f Vastab i-Size ohutusstandarditele<br data-start=\"444\" data-end=\"447\" \/>\u2714\ufe0f Kerge ja lihtne liigutada<br data-start=\"475\" data-end=\"478\" \/>\u2714\ufe0f Mugav nii l\u00fchikestel kui pikkadel s\u00f5itudel<\/p>\n<hr data-start=\"527\" data-end=\"530\" \/>\n<p data-start=\"532\" data-end=\"764\">\ud83d\udee1\ufe0f <strong data-start=\"536\" data-end=\"569\">Turvaline ja paindlik kasutus<\/strong><br data-start=\"569\" data-end=\"572\" \/>V\u00f5imalik kinnitada auto turvav\u00f6\u00f6ga v\u00f5i koos ISOFIX kinnitustega<br data-start=\"635\" data-end=\"638\" \/>ISOFIX hoiab istme kindlalt paigal ka siis, kui laps ei istu toolis<br data-start=\"705\" data-end=\"708\" \/>Laps kinnitatakse turvaliselt auto 3-punkti turvav\u00f6\u00f6ga<\/p>\n<hr data-start=\"766\" data-end=\"769\" \/>\n<p data-start=\"771\" data-end=\"964\">\ud83e\uddf8 <strong data-start=\"774\" data-end=\"797\">Mugavus igal s\u00f5idul<\/strong><br data-start=\"797\" data-end=\"800\" \/>Kaks pehmendavat kihti \u2013 lisamugavus ka pikematel s\u00f5itudel<br data-start=\"858\" data-end=\"861\" \/>Pehmed poroloonist k\u00e4etoed \u2013 toetavad ja mugavad<br data-start=\"909\" data-end=\"912\" \/>Ergonoomiline disain \u2013 toetab lapse istumisasendit<\/p>\n<hr data-start=\"966\" data-end=\"969\" \/>\n<p data-start=\"971\" data-end=\"1111\">\ud83e\udd64 <strong data-start=\"974\" data-end=\"998\">Praktilised detailid<\/strong><br data-start=\"998\" data-end=\"1001\" \/>Integreeritud kandesang \u2013 lihtne kaasa v\u00f5tta ja autos vahetada<br data-start=\"1063\" data-end=\"1066\" \/>Komplektis joogitopsihoidja \u2013 mugav lapsele<\/p>\n<hr data-start=\"1113\" data-end=\"1116\" \/>\n<p data-start=\"1118\" data-end=\"1253\">\ud83e\udeb6 <strong data-start=\"1121\" data-end=\"1149\">Kerge ja mugav k\u00e4sitseda<\/strong><br data-start=\"1149\" data-end=\"1152\" \/>Kaal vaid 3 kg \u2013 lihtne t\u00f5sta ja paigaldada<br data-start=\"1195\" data-end=\"1198\" \/>Kompaktne suurus \u2013 sobib h\u00e4sti erinevatesse autodesse<\/p>\n<hr data-start=\"1255\" data-end=\"1258\" \/>\n<p data-start=\"1260\" data-end=\"1408\">\ud83d\udcca <strong data-start=\"1263\" data-end=\"1284\">Tehnilised andmed<\/strong><br data-start=\"1284\" data-end=\"1287\" \/>Lapse pikkus: 125\u2013150 cm<br data-start=\"1311\" data-end=\"1314\" \/>M\u00f5\u00f5dud: 44 \u00d7 24 \u00d7 40,5 cm<br data-start=\"1339\" data-end=\"1342\" \/>Kaal: 3 kg<br data-start=\"1352\" data-end=\"1355\" \/>Kinnitus: auto turvav\u00f6\u00f6 + ISOFIX<br data-start=\"1387\" data-end=\"1390\" \/>Standard: i-Size<\/p>\n<hr data-start=\"1410\" data-end=\"1413\" \/>\n<p data-start=\"1415\" data-end=\"1550\">\ud83d\udc9b <strong data-start=\"1418\" data-end=\"1454\">Igap\u00e4evane turvalisus ja mugavus<\/strong><br data-start=\"1454\" data-end=\"1457\" \/>See turvatool on ideaalne valik kasvavale lapsele \u2013 lihtne, turvaline ja mugav igal s\u00f5idul.<\/p>\n<p data-start=\"1552\" data-end=\"1619\" data-is-last-node=\"\" data-is-only-node=\"\">\u2728 <strong data-start=\"1554\" data-end=\"1619\" data-is-last-node=\"\">Hea valik peredele, kes hindavad praktilisust ja turvalisust.<\/strong><\/p>\n","protected":false},"excerpt":{"rendered":"<p>\ud83d\ude97 i-Size turvatool 125\u2013150 cm \u2013 turvaline ja mugav suuremale lapselePraktiline lahendus igap\u00e4evasteks autos\u00f5itudeks Kui laps kasvab, peab ka turvatool tema vajadustega kaasas k\u00e4ima. See i-Size n\u00f5uetele vastav turvatool on loodud suurematele lastele, pakkudes turvalisust, mugavust ja lihtsat kasutust igal s\u00f5idul. \ud83c\udf1f Miks valida see turvatool?\u2714\ufe0f Sobib lapsele pikkuses 125\u2013150 cm\u2714\ufe0f Vastab i-Size ohutusstandarditele\u2714\ufe0f Kerge [&hellip;]<\/p>\n","protected":false},"featured_media":510217,"template":"","meta":{"_acf_changed":false},"pwb-brand":[],"product_brand":[],"product_cat":[11727,11741,11791],"product_tag":[],"class_list":{"0":"post-510215","1":"product","2":"type-product","3":"status-publish","4":"has-post-thumbnail","6":"product_cat-turvatoolid-hallid-ru","7":"product_cat-turvaistmed-ru","8":"product_cat-turvavarustus-ru","10":"first","11":"onbackorder","12":"taxable","13":"shipping-taxable","14":"purchasable","15":"product-type-simple"},"exclude_global_add_ons":[],"addons":[],"acf":[],"yoast_head":"<!-- This site is optimized with the Yoast SEO plugin v27.3 - https:\/\/yoast.com\/product\/yoast-seo-wordpress\/ -->\n<title>Peg-Perego Viaggio 2-3 Shuttle turvaiste, Licorice, \u0421\u041a\u0418\u0414\u041a\u0418, \u0410\u0432\u0442\u043e\u043a\u0440\u0435\u0441\u043b\u0430, \u043b\u044e\u043b\u044c\u043a\u0438, \u0414\u0435\u0442\u0441\u043a\u043e\u0435 \u043a\u0440\u0435\u0441\u043b\u043e, \u0421\u043d\u0430\u0440\u044f\u0436\u0435\u043d\u0438\u044f \u0431\u0435\u0437\u043e\u043f\u0430\u0441\u043d\u043e\u0441\u0442\u0438, Beebipood<\/title>\n<meta name=\"description\" content=\"Peg-Perego Viaggio 2-3 Shuttle turvaiste, Licorice, Lihtsasti ja mugavasti kasutatav auto turvaiste, mis on m\u00f5eldud lastele vanuses 3-12 eluaast\" \/>\n<meta name=\"robots\" content=\"index, follow, max-snippet:-1, max-image-preview:large, max-video-preview:-1\" \/>\n<link rel=\"canonical\" href=\"https:\/\/beebipood.ee\/ru\/produkt\/peg-perego-viaggio-2-3-shuttle-turvaiste-john-deere\/\" \/>\n<meta property=\"og:locale\" content=\"ru_RU\" \/>\n<meta property=\"og:type\" content=\"article\" \/>\n<meta property=\"og:title\" content=\"Peg-Perego Viaggio 2-3 Shuttle turvaiste, Licorice, \u0421\u041a\u0418\u0414\u041a\u0418, \u0410\u0432\u0442\u043e\u043a\u0440\u0435\u0441\u043b\u0430, \u043b\u044e\u043b\u044c\u043a\u0438, \u0414\u0435\u0442\u0441\u043a\u043e\u0435 \u043a\u0440\u0435\u0441\u043b\u043e, \u0421\u043d\u0430\u0440\u044f\u0436\u0435\u043d\u0438\u044f \u0431\u0435\u0437\u043e\u043f\u0430\u0441\u043d\u043e\u0441\u0442\u0438, Beebipood\" \/>\n<meta property=\"og:description\" content=\"Peg-Perego Viaggio 2-3 Shuttle turvaiste, Licorice, Lihtsasti ja mugavasti kasutatav auto turvaiste, mis on m\u00f5eldud lastele vanuses 3-12 eluaast\" \/>\n<meta property=\"og:url\" content=\"https:\/\/beebipood.ee\/ru\/produkt\/peg-perego-viaggio-2-3-shuttle-turvaiste-john-deere\/\" \/>\n<meta property=\"og:site_name\" content=\"Beebipood\" \/>\n<meta property=\"article:modified_time\" content=\"2026-04-24T09:19:56+00:00\" \/>\n<meta property=\"og:image\" content=\"https:\/\/beebipood.ee\/wp-content\/uploads\/2026\/01\/peg-perego-viaggio-shuttle-turvatool-i-size.jpg\" \/>\n\t<meta property=\"og:image:width\" content=\"1476\" \/>\n\t<meta property=\"og:image:height\" content=\"1200\" \/>\n\t<meta property=\"og:image:type\" content=\"image\/jpeg\" \/>\n<meta name=\"twitter:card\" content=\"summary_large_image\" \/>\n<meta name=\"twitter:label1\" content=\"\u041f\u0440\u0438\u043c\u0435\u0440\u043d\u043e\u0435 \u0432\u0440\u0435\u043c\u044f \u0434\u043b\u044f \u0447\u0442\u0435\u043d\u0438\u044f\" \/>\n\t<meta name=\"twitter:data1\" content=\"2 \u043c\u0438\u043d\u0443\u0442\u044b\" \/>\n<script type=\"application\/ld+json\" class=\"yoast-schema-graph\">{\"@context\":\"https:\\\/\\\/schema.org\",\"@graph\":[{\"@type\":\"WebPage\",\"@id\":\"https:\\\/\\\/beebipood.ee\\\/ru\\\/produkt\\\/peg-perego-viaggio-2-3-shuttle-turvaiste-john-deere\\\/\",\"url\":\"https:\\\/\\\/beebipood.ee\\\/ru\\\/produkt\\\/peg-perego-viaggio-2-3-shuttle-turvaiste-john-deere\\\/\",\"name\":\"Peg-Perego Viaggio 2-3 Shuttle turvaiste, Licorice, \u0421\u041a\u0418\u0414\u041a\u0418, \u0410\u0432\u0442\u043e\u043a\u0440\u0435\u0441\u043b\u0430, \u043b\u044e\u043b\u044c\u043a\u0438, \u0414\u0435\u0442\u0441\u043a\u043e\u0435 \u043a\u0440\u0435\u0441\u043b\u043e, \u0421\u043d\u0430\u0440\u044f\u0436\u0435\u043d\u0438\u044f \u0431\u0435\u0437\u043e\u043f\u0430\u0441\u043d\u043e\u0441\u0442\u0438, Beebipood\",\"isPartOf\":{\"@id\":\"https:\\\/\\\/beebipood.ee\\\/ru\\\/#website\"},\"primaryImageOfPage\":{\"@id\":\"https:\\\/\\\/beebipood.ee\\\/ru\\\/produkt\\\/peg-perego-viaggio-2-3-shuttle-turvaiste-john-deere\\\/#primaryimage\"},\"image\":{\"@id\":\"https:\\\/\\\/beebipood.ee\\\/ru\\\/produkt\\\/peg-perego-viaggio-2-3-shuttle-turvaiste-john-deere\\\/#primaryimage\"},\"thumbnailUrl\":\"https:\\\/\\\/beebipood.ee\\\/wp-content\\\/uploads\\\/2026\\\/01\\\/peg-perego-viaggio-shuttle-turvatool-i-size.jpg\",\"datePublished\":\"2026-01-06T11:03:42+00:00\",\"dateModified\":\"2026-04-24T09:19:56+00:00\",\"description\":\"Peg-Perego Viaggio 2-3 Shuttle turvaiste, Licorice, Lihtsasti ja mugavasti kasutatav auto turvaiste, mis on m\u00f5eldud lastele vanuses 3-12 eluaast\",\"breadcrumb\":{\"@id\":\"https:\\\/\\\/beebipood.ee\\\/ru\\\/produkt\\\/peg-perego-viaggio-2-3-shuttle-turvaiste-john-deere\\\/#breadcrumb\"},\"inLanguage\":\"ru-RU\",\"potentialAction\":[{\"@type\":\"ReadAction\",\"target\":[\"https:\\\/\\\/beebipood.ee\\\/ru\\\/produkt\\\/peg-perego-viaggio-2-3-shuttle-turvaiste-john-deere\\\/\"]}]},{\"@type\":\"ImageObject\",\"inLanguage\":\"ru-RU\",\"@id\":\"https:\\\/\\\/beebipood.ee\\\/ru\\\/produkt\\\/peg-perego-viaggio-2-3-shuttle-turvaiste-john-deere\\\/#primaryimage\",\"url\":\"https:\\\/\\\/beebipood.ee\\\/wp-content\\\/uploads\\\/2026\\\/01\\\/peg-perego-viaggio-shuttle-turvatool-i-size.jpg\",\"contentUrl\":\"https:\\\/\\\/beebipood.ee\\\/wp-content\\\/uploads\\\/2026\\\/01\\\/peg-perego-viaggio-shuttle-turvatool-i-size.jpg\",\"width\":1476,\"height\":1200},{\"@type\":\"BreadcrumbList\",\"@id\":\"https:\\\/\\\/beebipood.ee\\\/ru\\\/produkt\\\/peg-perego-viaggio-2-3-shuttle-turvaiste-john-deere\\\/#breadcrumb\",\"itemListElement\":[{\"@type\":\"ListItem\",\"position\":1,\"name\":\"Home\",\"item\":\"https:\\\/\\\/beebipood.ee\\\/ru\\\/\"},{\"@type\":\"ListItem\",\"position\":2,\"name\":\"\u041a\u0430\u0442\u0430\u043b\u043e\u0433 \u0442\u043e\u0432\u0430\u0440\u043e\u0432\",\"item\":\"https:\\\/\\\/beebipood.ee\\\/tooted\\\/\"},{\"@type\":\"ListItem\",\"position\":3,\"name\":\"Peg-Perego Viaggio 2-3 Shuttle turvaiste, John Deere\"}]},{\"@type\":\"WebSite\",\"@id\":\"https:\\\/\\\/beebipood.ee\\\/ru\\\/#website\",\"url\":\"https:\\\/\\\/beebipood.ee\\\/ru\\\/\",\"name\":\"Beebipood\",\"description\":\"Lastekaubad, beebikaubad, m\u00e4nguasjad\",\"publisher\":{\"@id\":\"https:\\\/\\\/beebipood.ee\\\/ru\\\/#organization\"},\"potentialAction\":[{\"@type\":\"SearchAction\",\"target\":{\"@type\":\"EntryPoint\",\"urlTemplate\":\"https:\\\/\\\/beebipood.ee\\\/ru\\\/?s={search_term_string}\"},\"query-input\":{\"@type\":\"PropertyValueSpecification\",\"valueRequired\":true,\"valueName\":\"search_term_string\"}}],\"inLanguage\":\"ru-RU\"},{\"@type\":\"Organization\",\"@id\":\"https:\\\/\\\/beebipood.ee\\\/ru\\\/#organization\",\"name\":\"Beebipood\",\"url\":\"https:\\\/\\\/beebipood.ee\\\/ru\\\/\",\"logo\":{\"@type\":\"ImageObject\",\"inLanguage\":\"ru-RU\",\"@id\":\"https:\\\/\\\/beebipood.ee\\\/ru\\\/#\\\/schema\\\/logo\\\/image\\\/\",\"url\":\"https:\\\/\\\/beebipood.ee\\\/wp-content\\\/uploads\\\/2025\\\/03\\\/beebipood.ee-logo-1.svg\",\"contentUrl\":\"https:\\\/\\\/beebipood.ee\\\/wp-content\\\/uploads\\\/2025\\\/03\\\/beebipood.ee-logo-1.svg\",\"caption\":\"Beebipood\"},\"image\":{\"@id\":\"https:\\\/\\\/beebipood.ee\\\/ru\\\/#\\\/schema\\\/logo\\\/image\\\/\"}}]}<\/script>\n<!-- \/ Yoast SEO plugin. -->","yoast_head_json":{"title":"Peg-Perego Viaggio 2-3 Shuttle turvaiste, Licorice, \u0421\u041a\u0418\u0414\u041a\u0418, \u0410\u0432\u0442\u043e\u043a\u0440\u0435\u0441\u043b\u0430, \u043b\u044e\u043b\u044c\u043a\u0438, \u0414\u0435\u0442\u0441\u043a\u043e\u0435 \u043a\u0440\u0435\u0441\u043b\u043e, \u0421\u043d\u0430\u0440\u044f\u0436\u0435\u043d\u0438\u044f \u0431\u0435\u0437\u043e\u043f\u0430\u0441\u043d\u043e\u0441\u0442\u0438, Beebipood","description":"Peg-Perego Viaggio 2-3 Shuttle turvaiste, Licorice, Lihtsasti ja mugavasti kasutatav auto turvaiste, mis on m\u00f5eldud lastele vanuses 3-12 eluaast","robots":{"index":"index","follow":"follow","max-snippet":"max-snippet:-1","max-image-preview":"max-image-preview:large","max-video-preview":"max-video-preview:-1"},"canonical":"https:\/\/beebipood.ee\/ru\/produkt\/peg-perego-viaggio-2-3-shuttle-turvaiste-john-deere\/","og_locale":"ru_RU","og_type":"article","og_title":"Peg-Perego Viaggio 2-3 Shuttle turvaiste, Licorice, \u0421\u041a\u0418\u0414\u041a\u0418, \u0410\u0432\u0442\u043e\u043a\u0440\u0435\u0441\u043b\u0430, \u043b\u044e\u043b\u044c\u043a\u0438, \u0414\u0435\u0442\u0441\u043a\u043e\u0435 \u043a\u0440\u0435\u0441\u043b\u043e, \u0421\u043d\u0430\u0440\u044f\u0436\u0435\u043d\u0438\u044f \u0431\u0435\u0437\u043e\u043f\u0430\u0441\u043d\u043e\u0441\u0442\u0438, Beebipood","og_description":"Peg-Perego Viaggio 2-3 Shuttle turvaiste, Licorice, Lihtsasti ja mugavasti kasutatav auto turvaiste, mis on m\u00f5eldud lastele vanuses 3-12 eluaast","og_url":"https:\/\/beebipood.ee\/ru\/produkt\/peg-perego-viaggio-2-3-shuttle-turvaiste-john-deere\/","og_site_name":"Beebipood","article_modified_time":"2026-04-24T09:19:56+00:00","og_image":[{"width":1476,"height":1200,"url":"https:\/\/beebipood.ee\/wp-content\/uploads\/2026\/01\/peg-perego-viaggio-shuttle-turvatool-i-size.jpg","type":"image\/jpeg"}],"twitter_card":"summary_large_image","twitter_misc":{"\u041f\u0440\u0438\u043c\u0435\u0440\u043d\u043e\u0435 \u0432\u0440\u0435\u043c\u044f \u0434\u043b\u044f \u0447\u0442\u0435\u043d\u0438\u044f":"2 \u043c\u0438\u043d\u0443\u0442\u044b"},"schema":{"@context":"https:\/\/schema.org","@graph":[{"@type":"WebPage","@id":"https:\/\/beebipood.ee\/ru\/produkt\/peg-perego-viaggio-2-3-shuttle-turvaiste-john-deere\/","url":"https:\/\/beebipood.ee\/ru\/produkt\/peg-perego-viaggio-2-3-shuttle-turvaiste-john-deere\/","name":"Peg-Perego Viaggio 2-3 Shuttle turvaiste, Licorice, \u0421\u041a\u0418\u0414\u041a\u0418, \u0410\u0432\u0442\u043e\u043a\u0440\u0435\u0441\u043b\u0430, \u043b\u044e\u043b\u044c\u043a\u0438, \u0414\u0435\u0442\u0441\u043a\u043e\u0435 \u043a\u0440\u0435\u0441\u043b\u043e, \u0421\u043d\u0430\u0440\u044f\u0436\u0435\u043d\u0438\u044f \u0431\u0435\u0437\u043e\u043f\u0430\u0441\u043d\u043e\u0441\u0442\u0438, Beebipood","isPartOf":{"@id":"https:\/\/beebipood.ee\/ru\/#website"},"primaryImageOfPage":{"@id":"https:\/\/beebipood.ee\/ru\/produkt\/peg-perego-viaggio-2-3-shuttle-turvaiste-john-deere\/#primaryimage"},"image":{"@id":"https:\/\/beebipood.ee\/ru\/produkt\/peg-perego-viaggio-2-3-shuttle-turvaiste-john-deere\/#primaryimage"},"thumbnailUrl":"https:\/\/beebipood.ee\/wp-content\/uploads\/2026\/01\/peg-perego-viaggio-shuttle-turvatool-i-size.jpg","datePublished":"2026-01-06T11:03:42+00:00","dateModified":"2026-04-24T09:19:56+00:00","description":"Peg-Perego Viaggio 2-3 Shuttle turvaiste, Licorice, Lihtsasti ja mugavasti kasutatav auto turvaiste, mis on m\u00f5eldud lastele vanuses 3-12 eluaast","breadcrumb":{"@id":"https:\/\/beebipood.ee\/ru\/produkt\/peg-perego-viaggio-2-3-shuttle-turvaiste-john-deere\/#breadcrumb"},"inLanguage":"ru-RU","potentialAction":[{"@type":"ReadAction","target":["https:\/\/beebipood.ee\/ru\/produkt\/peg-perego-viaggio-2-3-shuttle-turvaiste-john-deere\/"]}]},{"@type":"ImageObject","inLanguage":"ru-RU","@id":"https:\/\/beebipood.ee\/ru\/produkt\/peg-perego-viaggio-2-3-shuttle-turvaiste-john-deere\/#primaryimage","url":"https:\/\/beebipood.ee\/wp-content\/uploads\/2026\/01\/peg-perego-viaggio-shuttle-turvatool-i-size.jpg","contentUrl":"https:\/\/beebipood.ee\/wp-content\/uploads\/2026\/01\/peg-perego-viaggio-shuttle-turvatool-i-size.jpg","width":1476,"height":1200},{"@type":"BreadcrumbList","@id":"https:\/\/beebipood.ee\/ru\/produkt\/peg-perego-viaggio-2-3-shuttle-turvaiste-john-deere\/#breadcrumb","itemListElement":[{"@type":"ListItem","position":1,"name":"Home","item":"https:\/\/beebipood.ee\/ru\/"},{"@type":"ListItem","position":2,"name":"\u041a\u0430\u0442\u0430\u043b\u043e\u0433 \u0442\u043e\u0432\u0430\u0440\u043e\u0432","item":"https:\/\/beebipood.ee\/tooted\/"},{"@type":"ListItem","position":3,"name":"Peg-Perego Viaggio 2-3 Shuttle turvaiste, John Deere"}]},{"@type":"WebSite","@id":"https:\/\/beebipood.ee\/ru\/#website","url":"https:\/\/beebipood.ee\/ru\/","name":"Beebipood","description":"Lastekaubad, beebikaubad, m\u00e4nguasjad","publisher":{"@id":"https:\/\/beebipood.ee\/ru\/#organization"},"potentialAction":[{"@type":"SearchAction","target":{"@type":"EntryPoint","urlTemplate":"https:\/\/beebipood.ee\/ru\/?s={search_term_string}"},"query-input":{"@type":"PropertyValueSpecification","valueRequired":true,"valueName":"search_term_string"}}],"inLanguage":"ru-RU"},{"@type":"Organization","@id":"https:\/\/beebipood.ee\/ru\/#organization","name":"Beebipood","url":"https:\/\/beebipood.ee\/ru\/","logo":{"@type":"ImageObject","inLanguage":"ru-RU","@id":"https:\/\/beebipood.ee\/ru\/#\/schema\/logo\/image\/","url":"https:\/\/beebipood.ee\/wp-content\/uploads\/2025\/03\/beebipood.ee-logo-1.svg","contentUrl":"https:\/\/beebipood.ee\/wp-content\/uploads\/2025\/03\/beebipood.ee-logo-1.svg","caption":"Beebipood"},"image":{"@id":"https:\/\/beebipood.ee\/ru\/#\/schema\/logo\/image\/"}}]}},"brands":[],"_links":{"self":[{"href":"https:\/\/beebipood.ee\/ru\/wp-json\/wp\/v2\/product\/510215","targetHints":{"allow":["GET"]}}],"collection":[{"href":"https:\/\/beebipood.ee\/ru\/wp-json\/wp\/v2\/product"}],"about":[{"href":"https:\/\/beebipood.ee\/ru\/wp-json\/wp\/v2\/types\/product"}],"wp:featuredmedia":[{"embeddable":true,"href":"https:\/\/beebipood.ee\/ru\/wp-json\/wp\/v2\/media\/510217"}],"wp:attachment":[{"href":"https:\/\/beebipood.ee\/ru\/wp-json\/wp\/v2\/media?parent=510215"}],"wp:term":[{"taxonomy":"pwb-brand","embeddable":true,"href":"https:\/\/beebipood.ee\/ru\/wp-json\/wp\/v2\/pwb-brand?post=510215"},{"taxonomy":"product_brand","embeddable":true,"href":"https:\/\/beebipood.ee\/ru\/wp-json\/wp\/v2\/product_brand?post=510215"},{"taxonomy":"product_cat","embeddable":true,"href":"https:\/\/beebipood.ee\/ru\/wp-json\/wp\/v2\/product_cat?post=510215"},{"taxonomy":"product_tag","embeddable":true,"href":"https:\/\/beebipood.ee\/ru\/wp-json\/wp\/v2\/product_tag?post=510215"}],"curies":[{"name":"wp","href":"https:\/\/api.w.org\/{rel}","templated":true}]}}