{"id":510311,"date":"2026-01-13T12:54:21","date_gmt":"2026-01-13T10:54:21","guid":{"rendered":"https:\/\/beebipood.ee\/?post_type=product&#038;p=510311"},"modified":"2026-01-13T13:07:31","modified_gmt":"2026-01-13T11:07:31","slug":"kookos-tatramadrats-natural-komfort-80x160","status":"publish","type":"product","link":"https:\/\/beebipood.ee\/ru\/produkt\/kookos-tatramadrats-natural-komfort-80x160\/","title":{"rendered":"Kookos-tatramadrats Natural Komfort 80\u00d7160"},"content":{"rendered":"<h3><strong>Kookos-tatramadrats \u2013 looduslik mugavus ja tervislik uni lastele<\/strong><\/h3>\n<p data-start=\"190\" data-end=\"454\">Kookos-tatramadrats on h\u00e4sti tuntud ja armastatud madrats, mis on varustatud kvaliteetse kate on 100% pol\u00fcester fliis <strong data-start=\"311\" data-end=\"329\">kattega<\/strong>. Madrats on loodud spetsiaalselt laste ja perede vajadusi silmas pidades, pakkudes tervislikku, h\u00fcgieenilist ja mugavat und.<\/p>\n<p data-start=\"190\" data-end=\"454\">Madratsikatted on <strong data-start=\"664\" data-end=\"697\">eemaldatavad ja masinpestavad<\/strong>, mis teeb hooldamise lihtsaks ja praktiliseks.<\/p>\n<hr data-start=\"746\" data-end=\"749\" \/>\n<h3 data-start=\"751\" data-end=\"772\">Mis on katte all?<\/h3>\n<p data-start=\"774\" data-end=\"1002\"><strong data-start=\"774\" data-end=\"805\">Tatra pool \u2013 100% looduslik<\/strong><br \/>\nTatrakestad sisaldavad looduslikke tanniine, mis aitavad kaitsta lapsi tolmulestade ja bakterite eest, mida leidub sageli tavalistes madratsites.<br data-start=\"951\" data-end=\"954\" \/>Tatrakestad on jaotatud tepitud taskutesse, mis:<\/p>\n<ul data-start=\"1003\" data-end=\"1083\">\n<li data-start=\"1003\" data-end=\"1030\">\n<p data-start=\"1005\" data-end=\"1030\">tagavad hea \u00f5huringluse<\/p>\n<\/li>\n<li data-start=\"1031\" data-end=\"1083\">\n<p data-start=\"1033\" data-end=\"1083\">aitavad reguleerida kehatemperatuuri ja niiskust<\/p>\n<\/li>\n<\/ul>\n<p data-start=\"1085\" data-end=\"1155\">T\u00e4nu lukule saab tatramatti vajadusel lihtsalt eemaldada ja puhastada.<\/p>\n<p data-start=\"1157\" data-end=\"1414\"><strong data-start=\"1157\" data-end=\"1196\">Kookose pool \u2013 vastupidav ja hingav<\/strong><br \/>\nKookoskiududest ja looduslikust lateksist valmistatud madratsipool tagab suurep\u00e4rase ventilatsiooni ning on vastupidav ka suuremale kehakaalule. See aitab s\u00e4ilitada madratsi kuju ja pakub lapse seljale vajalikku tuge.<\/p>\n<hr data-start=\"1416\" data-end=\"1419\" \/>\n<h3 data-start=\"1421\" data-end=\"1453\">Miks valida Kookos-tatramadrats ?<\/h3>\n<ul data-start=\"1454\" data-end=\"1643\">\n<li data-start=\"1454\" data-end=\"1490\">\n<p data-start=\"1456\" data-end=\"1490\">Looduslikud ja ohutud materjalid<\/p>\n<\/li>\n<li data-start=\"1491\" data-end=\"1521\">\n<p data-start=\"1493\" data-end=\"1521\">Antibakteriaalsed omadused<\/p>\n<\/li>\n<li data-start=\"1522\" data-end=\"1566\">\n<p data-start=\"1524\" data-end=\"1566\">Hea \u00f5huringlus ja niiskuse reguleerimine<\/p>\n<\/li>\n<li data-start=\"1567\" data-end=\"1607\">\n<p data-start=\"1569\" data-end=\"1607\">Sobib ideaalselt lastele<\/p>\n<\/li>\n<li data-start=\"1608\" data-end=\"1643\">\n<p data-start=\"1610\" data-end=\"1643\">Lihtne hooldada ja h\u00fcgieeniline<\/p>\n<\/li>\n<li data-start=\"1608\" data-end=\"1643\">M\u00f5\u00f5t 80&#215;160<\/li>\n<\/ul>\n<h3 data-start=\"116\" data-end=\"188\">Kookos-tatramadrats<strong data-start=\"1645\" data-end=\"1704\"> \u2013 rahulik ja tervislik uni kogu perele.<\/strong> \ud83d\udca4\ud83c\udf3f<\/h3>\n","protected":false},"excerpt":{"rendered":"<p>Kookos-tatramadrats \u2013 looduslik mugavus ja tervislik uni lastele Kookos-tatramadrats on h\u00e4sti tuntud ja armastatud madrats, mis on varustatud kvaliteetse kate on 100% pol\u00fcester fliis kattega. Madrats on loodud spetsiaalselt laste ja perede vajadusi silmas pidades, pakkudes tervislikku, h\u00fcgieenilist ja mugavat und. Madratsikatted on eemaldatavad ja masinpestavad, mis teeb hooldamise lihtsaks ja praktiliseks. Mis on katte [&hellip;]<\/p>\n","protected":false},"featured_media":510315,"template":"","meta":{"_acf_changed":false},"pwb-brand":[],"product_brand":[],"product_cat":[11573,11599,11563,11789],"product_tag":[],"class_list":{"0":"post-510311","1":"product","2":"type-product","3":"status-publish","4":"has-post-thumbnail","6":"product_cat-sooduspakkumised-ru","7":"product_cat-kuni-80cm-laiused-ru","8":"product_cat-madratsid-ja-kattemadratsid-ru","9":"product_cat-lastemoobel-ja-sisustus-ru","11":"first","12":"instock","13":"sale","14":"taxable","15":"shipping-taxable","16":"purchasable","17":"product-type-simple"},"exclude_global_add_ons":[],"addons":[],"acf":[],"yoast_head":"<!-- This site is optimized with the Yoast SEO plugin v27.3 - https:\/\/yoast.com\/product\/yoast-seo-wordpress\/ -->\n<title>Kookos-tatramadrats Natura Baby Komfort 70x140, \u041c\u0430\u0442\u0440\u0430\u0441\u044b \u0438 \u043c\u0430\u0442\u0440\u0430\u0441\u044b-\u043f\u043e\u043a\u0440\u044b\u0432\u0430\u043b\u0430, \u0428\u0438\u0440\u0438\u043d\u043e\u0439 \u0434\u043e 70 c\u043c, M\u0435\u0431\u0435\u043b\u044c, Beebipood<\/title>\n<meta name=\"description\" content=\"Kookos-tatramadrats Natura Baby Komfort 70x140, Kookos-tatramadrats Natura Baby Komfort on \u00fchel k\u00fcljel tatar ja teisel k\u00fcljel kookos. Ma\" \/>\n<meta name=\"robots\" content=\"index, follow, max-snippet:-1, max-image-preview:large, max-video-preview:-1\" \/>\n<link rel=\"canonical\" href=\"https:\/\/beebipood.ee\/ru\/produkt\/kookos-tatramadrats-natural-komfort-80x160\/\" \/>\n<meta property=\"og:locale\" content=\"ru_RU\" \/>\n<meta property=\"og:type\" content=\"article\" \/>\n<meta property=\"og:title\" content=\"Kookos-tatramadrats Natura Baby Komfort 70x140, \u041c\u0430\u0442\u0440\u0430\u0441\u044b \u0438 \u043c\u0430\u0442\u0440\u0430\u0441\u044b-\u043f\u043e\u043a\u0440\u044b\u0432\u0430\u043b\u0430, \u0428\u0438\u0440\u0438\u043d\u043e\u0439 \u0434\u043e 70 c\u043c, M\u0435\u0431\u0435\u043b\u044c, Beebipood\" \/>\n<meta property=\"og:description\" content=\"Kookos-tatramadrats Natura Baby Komfort 70x140, Kookos-tatramadrats Natura Baby Komfort on \u00fchel k\u00fcljel tatar ja teisel k\u00fcljel kookos. Ma\" \/>\n<meta property=\"og:url\" content=\"https:\/\/beebipood.ee\/ru\/produkt\/kookos-tatramadrats-natural-komfort-80x160\/\" \/>\n<meta property=\"og:site_name\" content=\"Beebipood\" \/>\n<meta property=\"article:modified_time\" content=\"2026-01-13T11:07:31+00:00\" \/>\n<meta property=\"og:image\" content=\"https:\/\/beebipood.ee\/wp-content\/uploads\/2026\/01\/kookos-tatramadrats-natural-komfort-80x160-1.jpg\" \/>\n\t<meta property=\"og:image:width\" content=\"862\" \/>\n\t<meta property=\"og:image:height\" content=\"783\" \/>\n\t<meta property=\"og:image:type\" content=\"image\/jpeg\" \/>\n<meta name=\"twitter:card\" content=\"summary_large_image\" \/>\n<meta name=\"twitter:label1\" content=\"\u041f\u0440\u0438\u043c\u0435\u0440\u043d\u043e\u0435 \u0432\u0440\u0435\u043c\u044f \u0434\u043b\u044f \u0447\u0442\u0435\u043d\u0438\u044f\" \/>\n\t<meta name=\"twitter:data1\" content=\"2 \u043c\u0438\u043d\u0443\u0442\u044b\" \/>\n<script type=\"application\/ld+json\" class=\"yoast-schema-graph\">{\"@context\":\"https:\\\/\\\/schema.org\",\"@graph\":[{\"@type\":\"WebPage\",\"@id\":\"https:\\\/\\\/beebipood.ee\\\/ru\\\/produkt\\\/kookos-tatramadrats-natural-komfort-80x160\\\/\",\"url\":\"https:\\\/\\\/beebipood.ee\\\/ru\\\/produkt\\\/kookos-tatramadrats-natural-komfort-80x160\\\/\",\"name\":\"Kookos-tatramadrats Natura Baby Komfort 70x140, \u041c\u0430\u0442\u0440\u0430\u0441\u044b \u0438 \u043c\u0430\u0442\u0440\u0430\u0441\u044b-\u043f\u043e\u043a\u0440\u044b\u0432\u0430\u043b\u0430, \u0428\u0438\u0440\u0438\u043d\u043e\u0439 \u0434\u043e 70 c\u043c, M\u0435\u0431\u0435\u043b\u044c, Beebipood\",\"isPartOf\":{\"@id\":\"https:\\\/\\\/beebipood.ee\\\/ru\\\/#website\"},\"primaryImageOfPage\":{\"@id\":\"https:\\\/\\\/beebipood.ee\\\/ru\\\/produkt\\\/kookos-tatramadrats-natural-komfort-80x160\\\/#primaryimage\"},\"image\":{\"@id\":\"https:\\\/\\\/beebipood.ee\\\/ru\\\/produkt\\\/kookos-tatramadrats-natural-komfort-80x160\\\/#primaryimage\"},\"thumbnailUrl\":\"https:\\\/\\\/beebipood.ee\\\/wp-content\\\/uploads\\\/2026\\\/01\\\/kookos-tatramadrats-natural-komfort-80x160-1.jpg\",\"datePublished\":\"2026-01-13T10:54:21+00:00\",\"dateModified\":\"2026-01-13T11:07:31+00:00\",\"description\":\"Kookos-tatramadrats Natura Baby Komfort 70x140, Kookos-tatramadrats Natura Baby Komfort on \u00fchel k\u00fcljel tatar ja teisel k\u00fcljel kookos. Ma\",\"breadcrumb\":{\"@id\":\"https:\\\/\\\/beebipood.ee\\\/ru\\\/produkt\\\/kookos-tatramadrats-natural-komfort-80x160\\\/#breadcrumb\"},\"inLanguage\":\"ru-RU\",\"potentialAction\":[{\"@type\":\"ReadAction\",\"target\":[\"https:\\\/\\\/beebipood.ee\\\/ru\\\/produkt\\\/kookos-tatramadrats-natural-komfort-80x160\\\/\"]}]},{\"@type\":\"ImageObject\",\"inLanguage\":\"ru-RU\",\"@id\":\"https:\\\/\\\/beebipood.ee\\\/ru\\\/produkt\\\/kookos-tatramadrats-natural-komfort-80x160\\\/#primaryimage\",\"url\":\"https:\\\/\\\/beebipood.ee\\\/wp-content\\\/uploads\\\/2026\\\/01\\\/kookos-tatramadrats-natural-komfort-80x160-1.jpg\",\"contentUrl\":\"https:\\\/\\\/beebipood.ee\\\/wp-content\\\/uploads\\\/2026\\\/01\\\/kookos-tatramadrats-natural-komfort-80x160-1.jpg\",\"width\":862,\"height\":783},{\"@type\":\"BreadcrumbList\",\"@id\":\"https:\\\/\\\/beebipood.ee\\\/ru\\\/produkt\\\/kookos-tatramadrats-natural-komfort-80x160\\\/#breadcrumb\",\"itemListElement\":[{\"@type\":\"ListItem\",\"position\":1,\"name\":\"Home\",\"item\":\"https:\\\/\\\/beebipood.ee\\\/ru\\\/\"},{\"@type\":\"ListItem\",\"position\":2,\"name\":\"\u041a\u0430\u0442\u0430\u043b\u043e\u0433 \u0442\u043e\u0432\u0430\u0440\u043e\u0432\",\"item\":\"https:\\\/\\\/beebipood.ee\\\/tooted\\\/\"},{\"@type\":\"ListItem\",\"position\":3,\"name\":\"Kookos-tatramadrats Natural Komfort 80\u00d7160\"}]},{\"@type\":\"WebSite\",\"@id\":\"https:\\\/\\\/beebipood.ee\\\/ru\\\/#website\",\"url\":\"https:\\\/\\\/beebipood.ee\\\/ru\\\/\",\"name\":\"Beebipood\",\"description\":\"Lastekaubad, beebikaubad, m\u00e4nguasjad\",\"publisher\":{\"@id\":\"https:\\\/\\\/beebipood.ee\\\/ru\\\/#organization\"},\"potentialAction\":[{\"@type\":\"SearchAction\",\"target\":{\"@type\":\"EntryPoint\",\"urlTemplate\":\"https:\\\/\\\/beebipood.ee\\\/ru\\\/?s={search_term_string}\"},\"query-input\":{\"@type\":\"PropertyValueSpecification\",\"valueRequired\":true,\"valueName\":\"search_term_string\"}}],\"inLanguage\":\"ru-RU\"},{\"@type\":\"Organization\",\"@id\":\"https:\\\/\\\/beebipood.ee\\\/ru\\\/#organization\",\"name\":\"Beebipood\",\"url\":\"https:\\\/\\\/beebipood.ee\\\/ru\\\/\",\"logo\":{\"@type\":\"ImageObject\",\"inLanguage\":\"ru-RU\",\"@id\":\"https:\\\/\\\/beebipood.ee\\\/ru\\\/#\\\/schema\\\/logo\\\/image\\\/\",\"url\":\"https:\\\/\\\/beebipood.ee\\\/wp-content\\\/uploads\\\/2025\\\/03\\\/beebipood.ee-logo-1.svg\",\"contentUrl\":\"https:\\\/\\\/beebipood.ee\\\/wp-content\\\/uploads\\\/2025\\\/03\\\/beebipood.ee-logo-1.svg\",\"caption\":\"Beebipood\"},\"image\":{\"@id\":\"https:\\\/\\\/beebipood.ee\\\/ru\\\/#\\\/schema\\\/logo\\\/image\\\/\"}}]}<\/script>\n<!-- \/ Yoast SEO plugin. -->","yoast_head_json":{"title":"Kookos-tatramadrats Natura Baby Komfort 70x140, \u041c\u0430\u0442\u0440\u0430\u0441\u044b \u0438 \u043c\u0430\u0442\u0440\u0430\u0441\u044b-\u043f\u043e\u043a\u0440\u044b\u0432\u0430\u043b\u0430, \u0428\u0438\u0440\u0438\u043d\u043e\u0439 \u0434\u043e 70 c\u043c, M\u0435\u0431\u0435\u043b\u044c, Beebipood","description":"Kookos-tatramadrats Natura Baby Komfort 70x140, Kookos-tatramadrats Natura Baby Komfort on \u00fchel k\u00fcljel tatar ja teisel k\u00fcljel kookos. Ma","robots":{"index":"index","follow":"follow","max-snippet":"max-snippet:-1","max-image-preview":"max-image-preview:large","max-video-preview":"max-video-preview:-1"},"canonical":"https:\/\/beebipood.ee\/ru\/produkt\/kookos-tatramadrats-natural-komfort-80x160\/","og_locale":"ru_RU","og_type":"article","og_title":"Kookos-tatramadrats Natura Baby Komfort 70x140, \u041c\u0430\u0442\u0440\u0430\u0441\u044b \u0438 \u043c\u0430\u0442\u0440\u0430\u0441\u044b-\u043f\u043e\u043a\u0440\u044b\u0432\u0430\u043b\u0430, \u0428\u0438\u0440\u0438\u043d\u043e\u0439 \u0434\u043e 70 c\u043c, M\u0435\u0431\u0435\u043b\u044c, Beebipood","og_description":"Kookos-tatramadrats Natura Baby Komfort 70x140, Kookos-tatramadrats Natura Baby Komfort on \u00fchel k\u00fcljel tatar ja teisel k\u00fcljel kookos. Ma","og_url":"https:\/\/beebipood.ee\/ru\/produkt\/kookos-tatramadrats-natural-komfort-80x160\/","og_site_name":"Beebipood","article_modified_time":"2026-01-13T11:07:31+00:00","og_image":[{"width":862,"height":783,"url":"https:\/\/beebipood.ee\/wp-content\/uploads\/2026\/01\/kookos-tatramadrats-natural-komfort-80x160-1.jpg","type":"image\/jpeg"}],"twitter_card":"summary_large_image","twitter_misc":{"\u041f\u0440\u0438\u043c\u0435\u0440\u043d\u043e\u0435 \u0432\u0440\u0435\u043c\u044f \u0434\u043b\u044f \u0447\u0442\u0435\u043d\u0438\u044f":"2 \u043c\u0438\u043d\u0443\u0442\u044b"},"schema":{"@context":"https:\/\/schema.org","@graph":[{"@type":"WebPage","@id":"https:\/\/beebipood.ee\/ru\/produkt\/kookos-tatramadrats-natural-komfort-80x160\/","url":"https:\/\/beebipood.ee\/ru\/produkt\/kookos-tatramadrats-natural-komfort-80x160\/","name":"Kookos-tatramadrats Natura Baby Komfort 70x140, \u041c\u0430\u0442\u0440\u0430\u0441\u044b \u0438 \u043c\u0430\u0442\u0440\u0430\u0441\u044b-\u043f\u043e\u043a\u0440\u044b\u0432\u0430\u043b\u0430, \u0428\u0438\u0440\u0438\u043d\u043e\u0439 \u0434\u043e 70 c\u043c, M\u0435\u0431\u0435\u043b\u044c, Beebipood","isPartOf":{"@id":"https:\/\/beebipood.ee\/ru\/#website"},"primaryImageOfPage":{"@id":"https:\/\/beebipood.ee\/ru\/produkt\/kookos-tatramadrats-natural-komfort-80x160\/#primaryimage"},"image":{"@id":"https:\/\/beebipood.ee\/ru\/produkt\/kookos-tatramadrats-natural-komfort-80x160\/#primaryimage"},"thumbnailUrl":"https:\/\/beebipood.ee\/wp-content\/uploads\/2026\/01\/kookos-tatramadrats-natural-komfort-80x160-1.jpg","datePublished":"2026-01-13T10:54:21+00:00","dateModified":"2026-01-13T11:07:31+00:00","description":"Kookos-tatramadrats Natura Baby Komfort 70x140, Kookos-tatramadrats Natura Baby Komfort on \u00fchel k\u00fcljel tatar ja teisel k\u00fcljel kookos. Ma","breadcrumb":{"@id":"https:\/\/beebipood.ee\/ru\/produkt\/kookos-tatramadrats-natural-komfort-80x160\/#breadcrumb"},"inLanguage":"ru-RU","potentialAction":[{"@type":"ReadAction","target":["https:\/\/beebipood.ee\/ru\/produkt\/kookos-tatramadrats-natural-komfort-80x160\/"]}]},{"@type":"ImageObject","inLanguage":"ru-RU","@id":"https:\/\/beebipood.ee\/ru\/produkt\/kookos-tatramadrats-natural-komfort-80x160\/#primaryimage","url":"https:\/\/beebipood.ee\/wp-content\/uploads\/2026\/01\/kookos-tatramadrats-natural-komfort-80x160-1.jpg","contentUrl":"https:\/\/beebipood.ee\/wp-content\/uploads\/2026\/01\/kookos-tatramadrats-natural-komfort-80x160-1.jpg","width":862,"height":783},{"@type":"BreadcrumbList","@id":"https:\/\/beebipood.ee\/ru\/produkt\/kookos-tatramadrats-natural-komfort-80x160\/#breadcrumb","itemListElement":[{"@type":"ListItem","position":1,"name":"Home","item":"https:\/\/beebipood.ee\/ru\/"},{"@type":"ListItem","position":2,"name":"\u041a\u0430\u0442\u0430\u043b\u043e\u0433 \u0442\u043e\u0432\u0430\u0440\u043e\u0432","item":"https:\/\/beebipood.ee\/tooted\/"},{"@type":"ListItem","position":3,"name":"Kookos-tatramadrats Natural Komfort 80\u00d7160"}]},{"@type":"WebSite","@id":"https:\/\/beebipood.ee\/ru\/#website","url":"https:\/\/beebipood.ee\/ru\/","name":"Beebipood","description":"Lastekaubad, beebikaubad, m\u00e4nguasjad","publisher":{"@id":"https:\/\/beebipood.ee\/ru\/#organization"},"potentialAction":[{"@type":"SearchAction","target":{"@type":"EntryPoint","urlTemplate":"https:\/\/beebipood.ee\/ru\/?s={search_term_string}"},"query-input":{"@type":"PropertyValueSpecification","valueRequired":true,"valueName":"search_term_string"}}],"inLanguage":"ru-RU"},{"@type":"Organization","@id":"https:\/\/beebipood.ee\/ru\/#organization","name":"Beebipood","url":"https:\/\/beebipood.ee\/ru\/","logo":{"@type":"ImageObject","inLanguage":"ru-RU","@id":"https:\/\/beebipood.ee\/ru\/#\/schema\/logo\/image\/","url":"https:\/\/beebipood.ee\/wp-content\/uploads\/2025\/03\/beebipood.ee-logo-1.svg","contentUrl":"https:\/\/beebipood.ee\/wp-content\/uploads\/2025\/03\/beebipood.ee-logo-1.svg","caption":"Beebipood"},"image":{"@id":"https:\/\/beebipood.ee\/ru\/#\/schema\/logo\/image\/"}}]}},"brands":[],"_links":{"self":[{"href":"https:\/\/beebipood.ee\/ru\/wp-json\/wp\/v2\/product\/510311","targetHints":{"allow":["GET"]}}],"collection":[{"href":"https:\/\/beebipood.ee\/ru\/wp-json\/wp\/v2\/product"}],"about":[{"href":"https:\/\/beebipood.ee\/ru\/wp-json\/wp\/v2\/types\/product"}],"wp:featuredmedia":[{"embeddable":true,"href":"https:\/\/beebipood.ee\/ru\/wp-json\/wp\/v2\/media\/510315"}],"wp:attachment":[{"href":"https:\/\/beebipood.ee\/ru\/wp-json\/wp\/v2\/media?parent=510311"}],"wp:term":[{"taxonomy":"pwb-brand","embeddable":true,"href":"https:\/\/beebipood.ee\/ru\/wp-json\/wp\/v2\/pwb-brand?post=510311"},{"taxonomy":"product_brand","embeddable":true,"href":"https:\/\/beebipood.ee\/ru\/wp-json\/wp\/v2\/product_brand?post=510311"},{"taxonomy":"product_cat","embeddable":true,"href":"https:\/\/beebipood.ee\/ru\/wp-json\/wp\/v2\/product_cat?post=510311"},{"taxonomy":"product_tag","embeddable":true,"href":"https:\/\/beebipood.ee\/ru\/wp-json\/wp\/v2\/product_tag?post=510311"}],"curies":[{"name":"wp","href":"https:\/\/api.w.org\/{rel}","templated":true}]}}