{"id":510460,"date":"2026-01-21T12:14:57","date_gmt":"2026-01-21T10:14:57","guid":{"rendered":"https:\/\/beebipood.ee\/?post_type=product&#038;p=510460"},"modified":"2026-01-21T12:18:57","modified_gmt":"2026-01-21T10:18:57","slug":"muuvo-go-jalutuskaru-lillac","status":"publish","type":"product","link":"https:\/\/beebipood.ee\/ru\/produkt\/muuvo-go-jalutuskaru-lillac\/","title":{"rendered":"Muuvo GO jalutusk\u00e4ru, Lillac"},"content":{"rendered":"<h3 data-start=\"109\" data-end=\"164\"><strong>Muuvo Go \u2013 mugav ja kindel jalutusk\u00e4ru igaks p\u00e4evaks<\/strong><\/h3>\n<p data-start=\"166\" data-end=\"501\"><strong data-start=\"166\" data-end=\"178\">Muuvo Go<\/strong> on jalutusk\u00e4ru, mis annab kindlustunde nii linnat\u00e4navatel kui ka metsaradadel. Nutikad lahendused, suured maastikukindlad rattad ja lapsele maksimaalset mugavust pakkuv iste muudavad iga jalutusk\u00e4igu sujuvaks ja muretuks. See on k\u00e4ru, mis on loodud vanemate rahu ja lapse t\u00e4ieliku heaolu jaoks.<\/p>\n<hr data-start=\"503\" data-end=\"506\" \/>\n<h3 data-start=\"508\" data-end=\"531\"><strong>Mugavus igas asendis<\/strong><\/h3>\n<p data-start=\"533\" data-end=\"859\">Pika ja avara istme <strong data-start=\"553\" data-end=\"609\">mitmeastmeline seljatoe reguleerimine k\u00e4epideme abil<\/strong> v\u00f5imaldab leida sobiva asendi vaid m\u00f5ne sekundiga \u2013 p\u00fcstisest istumisest maailma avastamiseks kuni peaaegu lamava asendini uinakuks.<br data-start=\"742\" data-end=\"745\" \/>Reguleeritav jalatugi ning lisatoestus lapse jalgadele tagavad mugavuse igas vanuses ja igal jalutusk\u00e4igul.<\/p>\n<p data-start=\"861\" data-end=\"898\">\u26a0\ufe0f Istumisosa s\u00f5idusuunda vahetada ei saa.<\/p>\n<hr data-start=\"900\" data-end=\"903\" \/>\n<h3 data-start=\"905\" data-end=\"944\"><strong>Rattad, mis saavad hakkama igal teel<\/strong><\/h3>\n<p data-start=\"946\" data-end=\"1016\">Suured tagumised ja suured eesmised rattad (ees lukustatavad) tagavad:<\/p>\n<ul data-start=\"1017\" data-end=\"1097\">\n<li data-start=\"1017\" data-end=\"1056\">\n<p data-start=\"1019\" data-end=\"1056\">stabiilsuse ja hea man\u00f6\u00f6verdusv\u00f5ime<\/p>\n<\/li>\n<li data-start=\"1057\" data-end=\"1097\">\n<p data-start=\"1059\" data-end=\"1097\">sujuva s\u00f5idu ka ebatasasel maastikul<\/p>\n<\/li>\n<\/ul>\n<p data-start=\"1099\" data-end=\"1327\">Rehvid on valmistatud vastupidava vahu ja kummi kombinatsioonist \u2013 need on kergemad, torkekindlad ja hooldusvabad ning imiteerivad \u00f5hkrehvi. T\u00e4nu <strong data-start=\"1208\" data-end=\"1248\">eraldi amortisatsioonile igal rattal<\/strong> liigub k\u00e4ru pehmelt ka n\u00f5udlikel teedel, s\u00e4\u00e4stes nii last kui ka vanema selga.<\/p>\n<hr data-start=\"1329\" data-end=\"1332\" \/>\n<h3 data-start=\"1334\" data-end=\"1362\"><strong>Kaitse ja \u00f5huringlus \u00fches<\/strong><\/h3>\n<p data-start=\"1364\" data-end=\"1663\"><strong data-start=\"1364\" data-end=\"1401\">XL-suuruses reguleeritav kaarvari<\/strong> koos k\u00fclgmiste ventilatsioonipaneelidega hoolitseb lapse mugavuse eest soojadel p\u00e4evadel. \u00dclaosas asuv v\u00f5rkkangast vaateaken v\u00f5imaldab last diskreetselt j\u00e4lgida.<br data-start=\"1563\" data-end=\"1566\" \/>Premium kangad <strong data-start=\"1598\" data-end=\"1624\">UPF50+ p\u00e4ikesekaitsega<\/strong> kaitsevad p\u00e4ikese ja kerge vihma eest.<\/p>\n<hr data-start=\"1665\" data-end=\"1668\" \/>\n<h3 data-start=\"1670\" data-end=\"1709\"><strong>Ventilatsioon t\u00e4pselt seal, kus vaja<\/strong><\/h3>\n<p data-start=\"1711\" data-end=\"1920\">Lamavas asendis saab seljatoe tagaosa kangast \u00fcles rullida, paljastades suure t\u00e4iendava ventilatsioonipaneeli. Avatust saab reguleerida vastavalt ilmale ja lapse vajadustele \u2013 ideaalne lahendus igal aastaajal.<\/p>\n<hr data-start=\"1922\" data-end=\"1925\" \/>\n<h3 data-start=\"1927\" data-end=\"1967\"><strong>Turvalisus ja mugavus \u00fche liigutusega<\/strong><\/h3>\n<ul data-start=\"1969\" data-end=\"2173\">\n<li data-start=\"1969\" data-end=\"2069\">\n<p data-start=\"1971\" data-end=\"2069\">Avatav ja p\u00f6\u00f6ratav <strong data-start=\"1990\" data-end=\"2015\">eco nahast turvakaar<\/strong> teeb lapse k\u00e4russe paneku ja sealt v\u00f5tmise lihtsaks<\/p>\n<\/li>\n<li data-start=\"2070\" data-end=\"2173\">\n<p data-start=\"2072\" data-end=\"2173\"><strong data-start=\"2072\" data-end=\"2134\">Viiepunktilised reguleeritavad turvarihmad koos magnetpandlaga<\/strong>\u00a0\u2013 kiire, kindel ja mugav kinnitamine<\/p>\n<\/li>\n<\/ul>\n<h3 data-start=\"2175\" data-end=\"2204\">Veelgi rohkem turvalisust<\/h3>\n<p data-start=\"2205\" data-end=\"2322\">T\u00e4iendav jalgevahe rihm hoiab \u00e4ra lapse libisemise istmelt, pakkudes paremat stabiilsust ja vanematele meelerahu.<\/p>\n<hr data-start=\"2324\" data-end=\"2327\" \/>\n<h3 data-start=\"2329\" data-end=\"2363\"><strong>Mahukas kaubakorv ja mugav pidur<\/strong><\/h3>\n<p data-start=\"2365\" data-end=\"2557\">S\u00fcgav ja ruumikas kaubakorv mahutab kuni <strong data-start=\"2405\" data-end=\"2414\">10 kg<\/strong> ning vajadusel saab seda laiendada.<br data-start=\"2450\" data-end=\"2453\" \/>Kergesti kasutatav pidur on mugav ka \u00f5rnemate jalan\u00f5udega \u2013 kiire ja turvaline peatamine igas olukorras.<\/p>\n<hr data-start=\"2559\" data-end=\"2562\" \/>\n<h3 data-start=\"2564\" data-end=\"2593\"><strong>Kiire ja lihtne kokkupanek<\/strong><\/h3>\n<p data-start=\"2595\" data-end=\"2710\">Muuvo Go k\u00e4ru saab <strong data-start=\"2614\" data-end=\"2639\">kokku panna \u00fche k\u00e4ega<\/strong>, isegi siis, kui hoiad teises k\u00e4es last v\u00f5i telefoni.<br data-start=\"2693\" data-end=\"2696\" \/>Kokku panduna:<\/p>\n<ul data-start=\"2711\" data-end=\"2842\">\n<li data-start=\"2711\" data-end=\"2739\">\n<p data-start=\"2713\" data-end=\"2739\">seisab iseseisvalt p\u00fcsti<\/p>\n<\/li>\n<li data-start=\"2740\" data-end=\"2791\">\n<p data-start=\"2742\" data-end=\"2791\">kaasasolev rihm v\u00f5imaldab mugavat \u00f5lal kandmist<\/p>\n<\/li>\n<li data-start=\"2792\" data-end=\"2842\">\n<p data-start=\"2794\" data-end=\"2842\">v\u00f5tab v\u00e4he ruumi, hoolimata suurtest ratastest<\/p>\n<\/li>\n<\/ul>\n<hr data-start=\"2844\" data-end=\"2847\" \/>\n<h3 data-start=\"2849\" data-end=\"2880\"><strong>Rikkalik lisavarustus hinnas<\/strong><\/h3>\n<p data-start=\"2882\" data-end=\"2899\">K\u00e4ruga on kaasas:<\/p>\n<ul data-start=\"2900\" data-end=\"2941\">\n<li data-start=\"2900\" data-end=\"2913\">\n<p data-start=\"2902\" data-end=\"2913\">soojakott<\/p>\n<\/li>\n<li data-start=\"2914\" data-end=\"2927\">\n<p data-start=\"2916\" data-end=\"2927\">vihmakile<\/p>\n<\/li>\n<li data-start=\"2928\" data-end=\"2941\">\n<p data-start=\"2930\" data-end=\"2941\">s\u00e4\u00e4sev\u00f5rk<\/p>\n<\/li>\n<\/ul>\n<p data-start=\"2943\" data-end=\"3085\">K\u00f5ik vajalik on kohe olemas \u2013 ei mingeid lisakulusid.<br data-start=\"2996\" data-end=\"2999\" \/>Lisaks tagavad <strong data-start=\"3014\" data-end=\"3056\">helkurelemendid jalatoel ja soojakotil<\/strong> parema n\u00e4htavuse ka h\u00e4maras.<\/p>\n<hr data-start=\"3087\" data-end=\"3090\" \/>\n<h3 data-start=\"3092\" data-end=\"3112\"><strong>Tehnilised andmed<\/strong><\/h3>\n<ul data-start=\"3114\" data-end=\"3374\">\n<li data-start=\"3114\" data-end=\"3172\">\n<p data-start=\"3116\" data-end=\"3172\">M\u00f5\u00f5dud avatuna (p \u00d7 l \u00d7 k): <strong data-start=\"3144\" data-end=\"3170\">77\u201380 \u00d7 55 \u00d7 94\u2013105 cm<\/strong><\/p>\n<\/li>\n<li data-start=\"3173\" data-end=\"3217\">\n<p data-start=\"3175\" data-end=\"3217\">M\u00f5\u00f5dud kokkupanduna: <strong data-start=\"3196\" data-end=\"3215\">65 \u00d7 55 \u00d7 35 cm<\/strong><\/p>\n<\/li>\n<li data-start=\"3218\" data-end=\"3243\">\n<p data-start=\"3220\" data-end=\"3243\">K\u00e4ru kaal: <strong data-start=\"3231\" data-end=\"3241\">9,9 kg<\/strong><\/p>\n<\/li>\n<li data-start=\"3244\" data-end=\"3281\">\n<p data-start=\"3246\" data-end=\"3281\">Maksimaalne lapse kaal: <strong data-start=\"3270\" data-end=\"3279\">22 kg<\/strong><\/p>\n<\/li>\n<li data-start=\"3282\" data-end=\"3343\">\n<p data-start=\"3284\" data-end=\"3343\">L\u00fckkesanga k\u00f5rguse reguleerimine: <strong data-start=\"3317\" data-end=\"3341\">jah (teleskoopiline, eco nahast)<\/strong><\/p>\n<\/li>\n<li data-start=\"3344\" data-end=\"3374\">\n<p data-start=\"3346\" data-end=\"3374\">Esirataste lukustus: <strong data-start=\"3367\" data-end=\"3374\">jah<\/strong><\/p>\n<\/li>\n<\/ul>\n<hr data-start=\"3376\" data-end=\"3379\" \/>\n<h3 data-start=\"3381\" data-end=\"3456\"><strong>Muuvo Go \u2013 muretu liikumine. \ud83d\udeb6\u200d\u2640\ufe0f\ud83d\udc76\ud83c\udf3f<\/strong><\/h3>\n","protected":false},"excerpt":{"rendered":"<p>Muuvo Go \u2013 mugav ja kindel jalutusk\u00e4ru igaks p\u00e4evaks Muuvo Go on jalutusk\u00e4ru, mis annab kindlustunde nii linnat\u00e4navatel kui ka metsaradadel. Nutikad lahendused, suured maastikukindlad rattad ja lapsele maksimaalset mugavust pakkuv iste muudavad iga jalutusk\u00e4igu sujuvaks ja muretuks. See on k\u00e4ru, mis on loodud vanemate rahu ja lapse t\u00e4ieliku heaolu jaoks. Mugavus igas asendis Pika [&hellip;]<\/p>\n","protected":false},"featured_media":510462,"template":"","meta":{"_acf_changed":false},"pwb-brand":[11964],"product_brand":[],"product_cat":[12004,11573,11575,11721,11889,11717],"product_tag":[],"class_list":{"0":"post-510460","1":"product","2":"type-product","3":"status-publish","4":"has-post-thumbnail","6":"pwb-brand-muuvo-ru","7":"product_cat-muuvo-go","8":"product_cat-sooduspakkumised-ru","9":"product_cat-uued-tooted-ru","10":"product_cat-jalutuskarud-ru","11":"product_cat-muuvo-ru","12":"product_cat-lastevankrid-ja-karud-ru","13":"pa_manufacturer-muuvo-ru","15":"first","16":"onbackorder","17":"sale","18":"taxable","19":"shipping-taxable","20":"purchasable","21":"product-type-simple"},"exclude_global_add_ons":[],"addons":[],"acf":[],"yoast_head":"<!-- This site is optimized with the Yoast SEO plugin v27.1.1 - https:\/\/yoast.com\/product\/yoast-seo-wordpress\/ -->\n<title>Muuvo Quick SE 2 jalutusk\u00e4ru, Chromium Black, \u0421\u041a\u0418\u0414\u041a\u0418, \u041a\u043e\u043b\u044f\u0441\u043a\u0438, \u041f\u0440\u043e\u0433\u0443\u043b\u043e\u0447\u043d\u044b\u0435 \u043a\u043e\u043b\u044f\u0441\u043a\u0438, Muuvo, Muuvo Quick SE 2, Beebipood<\/title>\n<meta name=\"description\" content=\"Muuvo Quick SE 2 jalutusk\u00e4ru, Chromium Black, Muuvo QUICK SE 2 avaldab muljet esimesest pilgust!Quick SE 2 on MUUVO perekonna enimm\u00fc\u00fcdud k&amp;a\" \/>\n<meta name=\"robots\" content=\"index, follow, max-snippet:-1, max-image-preview:large, max-video-preview:-1\" \/>\n<link rel=\"canonical\" href=\"https:\/\/beebipood.ee\/ru\/produkt\/muuvo-go-jalutuskaru-lillac\/\" \/>\n<meta property=\"og:locale\" content=\"ru_RU\" \/>\n<meta property=\"og:type\" content=\"article\" \/>\n<meta property=\"og:title\" content=\"Muuvo Quick SE 2 jalutusk\u00e4ru, Chromium Black, \u0421\u041a\u0418\u0414\u041a\u0418, \u041a\u043e\u043b\u044f\u0441\u043a\u0438, \u041f\u0440\u043e\u0433\u0443\u043b\u043e\u0447\u043d\u044b\u0435 \u043a\u043e\u043b\u044f\u0441\u043a\u0438, Muuvo, Muuvo Quick SE 2, Beebipood\" \/>\n<meta property=\"og:description\" content=\"Muuvo Quick SE 2 jalutusk\u00e4ru, Chromium Black, Muuvo QUICK SE 2 avaldab muljet esimesest pilgust!Quick SE 2 on MUUVO perekonna enimm\u00fc\u00fcdud k&amp;a\" \/>\n<meta property=\"og:url\" content=\"https:\/\/beebipood.ee\/ru\/produkt\/muuvo-go-jalutuskaru-lillac\/\" \/>\n<meta property=\"og:site_name\" content=\"Beebipood\" \/>\n<meta property=\"article:modified_time\" content=\"2026-01-21T10:18:57+00:00\" \/>\n<meta property=\"og:image\" content=\"https:\/\/beebipood.ee\/wp-content\/uploads\/2026\/01\/muuvo-go-lillac.jpg\" \/>\n\t<meta property=\"og:image:width\" content=\"1800\" \/>\n\t<meta property=\"og:image:height\" content=\"1800\" \/>\n\t<meta property=\"og:image:type\" content=\"image\/jpeg\" \/>\n<meta name=\"twitter:card\" content=\"summary_large_image\" \/>\n<meta name=\"twitter:label1\" content=\"\u041f\u0440\u0438\u043c\u0435\u0440\u043d\u043e\u0435 \u0432\u0440\u0435\u043c\u044f \u0434\u043b\u044f \u0447\u0442\u0435\u043d\u0438\u044f\" \/>\n\t<meta name=\"twitter:data1\" content=\"3 \u043c\u0438\u043d\u0443\u0442\u044b\" \/>\n<script type=\"application\/ld+json\" class=\"yoast-schema-graph\">{\"@context\":\"https:\/\/schema.org\",\"@graph\":[{\"@type\":\"WebPage\",\"@id\":\"https:\/\/beebipood.ee\/ru\/produkt\/muuvo-go-jalutuskaru-lillac\/\",\"url\":\"https:\/\/beebipood.ee\/ru\/produkt\/muuvo-go-jalutuskaru-lillac\/\",\"name\":\"Muuvo Quick SE 2 jalutusk\u00e4ru, Chromium Black, \u0421\u041a\u0418\u0414\u041a\u0418, \u041a\u043e\u043b\u044f\u0441\u043a\u0438, \u041f\u0440\u043e\u0433\u0443\u043b\u043e\u0447\u043d\u044b\u0435 \u043a\u043e\u043b\u044f\u0441\u043a\u0438, Muuvo, Muuvo Quick SE 2, Beebipood\",\"isPartOf\":{\"@id\":\"https:\/\/beebipood.ee\/ru\/#website\"},\"primaryImageOfPage\":{\"@id\":\"https:\/\/beebipood.ee\/ru\/produkt\/muuvo-go-jalutuskaru-lillac\/#primaryimage\"},\"image\":{\"@id\":\"https:\/\/beebipood.ee\/ru\/produkt\/muuvo-go-jalutuskaru-lillac\/#primaryimage\"},\"thumbnailUrl\":\"https:\/\/beebipood.ee\/wp-content\/uploads\/2026\/01\/muuvo-go-lillac.jpg\",\"datePublished\":\"2026-01-21T10:14:57+00:00\",\"dateModified\":\"2026-01-21T10:18:57+00:00\",\"description\":\"Muuvo Quick SE 2 jalutusk\u00e4ru, Chromium Black, Muuvo QUICK SE 2 avaldab muljet esimesest pilgust!Quick SE 2 on MUUVO perekonna enimm\u00fc\u00fcdud k&a\",\"breadcrumb\":{\"@id\":\"https:\/\/beebipood.ee\/ru\/produkt\/muuvo-go-jalutuskaru-lillac\/#breadcrumb\"},\"inLanguage\":\"ru-RU\",\"potentialAction\":[{\"@type\":\"ReadAction\",\"target\":[\"https:\/\/beebipood.ee\/ru\/produkt\/muuvo-go-jalutuskaru-lillac\/\"]}]},{\"@type\":\"ImageObject\",\"inLanguage\":\"ru-RU\",\"@id\":\"https:\/\/beebipood.ee\/ru\/produkt\/muuvo-go-jalutuskaru-lillac\/#primaryimage\",\"url\":\"https:\/\/beebipood.ee\/wp-content\/uploads\/2026\/01\/muuvo-go-lillac.jpg\",\"contentUrl\":\"https:\/\/beebipood.ee\/wp-content\/uploads\/2026\/01\/muuvo-go-lillac.jpg\",\"width\":1800,\"height\":1800},{\"@type\":\"BreadcrumbList\",\"@id\":\"https:\/\/beebipood.ee\/ru\/produkt\/muuvo-go-jalutuskaru-lillac\/#breadcrumb\",\"itemListElement\":[{\"@type\":\"ListItem\",\"position\":1,\"name\":\"Home\",\"item\":\"https:\/\/beebipood.ee\/ru\/\"},{\"@type\":\"ListItem\",\"position\":2,\"name\":\"\u041a\u0430\u0442\u0430\u043b\u043e\u0433 \u0442\u043e\u0432\u0430\u0440\u043e\u0432\",\"item\":\"https:\/\/beebipood.ee\/tooted\/\"},{\"@type\":\"ListItem\",\"position\":3,\"name\":\"Muuvo GO jalutusk\u00e4ru, Lillac\"}]},{\"@type\":\"WebSite\",\"@id\":\"https:\/\/beebipood.ee\/ru\/#website\",\"url\":\"https:\/\/beebipood.ee\/ru\/\",\"name\":\"Beebipood\",\"description\":\"Lastekaubad, beebikaubad, m\u00e4nguasjad\",\"publisher\":{\"@id\":\"https:\/\/beebipood.ee\/ru\/#organization\"},\"potentialAction\":[{\"@type\":\"SearchAction\",\"target\":{\"@type\":\"EntryPoint\",\"urlTemplate\":\"https:\/\/beebipood.ee\/ru\/?s={search_term_string}\"},\"query-input\":{\"@type\":\"PropertyValueSpecification\",\"valueRequired\":true,\"valueName\":\"search_term_string\"}}],\"inLanguage\":\"ru-RU\"},{\"@type\":\"Organization\",\"@id\":\"https:\/\/beebipood.ee\/ru\/#organization\",\"name\":\"Beebipood\",\"url\":\"https:\/\/beebipood.ee\/ru\/\",\"logo\":{\"@type\":\"ImageObject\",\"inLanguage\":\"ru-RU\",\"@id\":\"https:\/\/beebipood.ee\/ru\/#\/schema\/logo\/image\/\",\"url\":\"https:\/\/beebipood.ee\/wp-content\/uploads\/2025\/03\/beebipood.ee-logo-1.svg\",\"contentUrl\":\"https:\/\/beebipood.ee\/wp-content\/uploads\/2025\/03\/beebipood.ee-logo-1.svg\",\"caption\":\"Beebipood\"},\"image\":{\"@id\":\"https:\/\/beebipood.ee\/ru\/#\/schema\/logo\/image\/\"}}]}<\/script>\n<!-- \/ Yoast SEO plugin. -->","yoast_head_json":{"title":"Muuvo Quick SE 2 jalutusk\u00e4ru, Chromium Black, \u0421\u041a\u0418\u0414\u041a\u0418, \u041a\u043e\u043b\u044f\u0441\u043a\u0438, \u041f\u0440\u043e\u0433\u0443\u043b\u043e\u0447\u043d\u044b\u0435 \u043a\u043e\u043b\u044f\u0441\u043a\u0438, Muuvo, Muuvo Quick SE 2, Beebipood","description":"Muuvo Quick SE 2 jalutusk\u00e4ru, Chromium Black, Muuvo QUICK SE 2 avaldab muljet esimesest pilgust!Quick SE 2 on MUUVO perekonna enimm\u00fc\u00fcdud k&a","robots":{"index":"index","follow":"follow","max-snippet":"max-snippet:-1","max-image-preview":"max-image-preview:large","max-video-preview":"max-video-preview:-1"},"canonical":"https:\/\/beebipood.ee\/ru\/produkt\/muuvo-go-jalutuskaru-lillac\/","og_locale":"ru_RU","og_type":"article","og_title":"Muuvo Quick SE 2 jalutusk\u00e4ru, Chromium Black, \u0421\u041a\u0418\u0414\u041a\u0418, \u041a\u043e\u043b\u044f\u0441\u043a\u0438, \u041f\u0440\u043e\u0433\u0443\u043b\u043e\u0447\u043d\u044b\u0435 \u043a\u043e\u043b\u044f\u0441\u043a\u0438, Muuvo, Muuvo Quick SE 2, Beebipood","og_description":"Muuvo Quick SE 2 jalutusk\u00e4ru, Chromium Black, Muuvo QUICK SE 2 avaldab muljet esimesest pilgust!Quick SE 2 on MUUVO perekonna enimm\u00fc\u00fcdud k&a","og_url":"https:\/\/beebipood.ee\/ru\/produkt\/muuvo-go-jalutuskaru-lillac\/","og_site_name":"Beebipood","article_modified_time":"2026-01-21T10:18:57+00:00","og_image":[{"width":1800,"height":1800,"url":"https:\/\/beebipood.ee\/wp-content\/uploads\/2026\/01\/muuvo-go-lillac.jpg","type":"image\/jpeg"}],"twitter_card":"summary_large_image","twitter_misc":{"\u041f\u0440\u0438\u043c\u0435\u0440\u043d\u043e\u0435 \u0432\u0440\u0435\u043c\u044f \u0434\u043b\u044f \u0447\u0442\u0435\u043d\u0438\u044f":"3 \u043c\u0438\u043d\u0443\u0442\u044b"},"schema":{"@context":"https:\/\/schema.org","@graph":[{"@type":"WebPage","@id":"https:\/\/beebipood.ee\/ru\/produkt\/muuvo-go-jalutuskaru-lillac\/","url":"https:\/\/beebipood.ee\/ru\/produkt\/muuvo-go-jalutuskaru-lillac\/","name":"Muuvo Quick SE 2 jalutusk\u00e4ru, Chromium Black, \u0421\u041a\u0418\u0414\u041a\u0418, \u041a\u043e\u043b\u044f\u0441\u043a\u0438, \u041f\u0440\u043e\u0433\u0443\u043b\u043e\u0447\u043d\u044b\u0435 \u043a\u043e\u043b\u044f\u0441\u043a\u0438, Muuvo, Muuvo Quick SE 2, Beebipood","isPartOf":{"@id":"https:\/\/beebipood.ee\/ru\/#website"},"primaryImageOfPage":{"@id":"https:\/\/beebipood.ee\/ru\/produkt\/muuvo-go-jalutuskaru-lillac\/#primaryimage"},"image":{"@id":"https:\/\/beebipood.ee\/ru\/produkt\/muuvo-go-jalutuskaru-lillac\/#primaryimage"},"thumbnailUrl":"https:\/\/beebipood.ee\/wp-content\/uploads\/2026\/01\/muuvo-go-lillac.jpg","datePublished":"2026-01-21T10:14:57+00:00","dateModified":"2026-01-21T10:18:57+00:00","description":"Muuvo Quick SE 2 jalutusk\u00e4ru, Chromium Black, Muuvo QUICK SE 2 avaldab muljet esimesest pilgust!Quick SE 2 on MUUVO perekonna enimm\u00fc\u00fcdud k&a","breadcrumb":{"@id":"https:\/\/beebipood.ee\/ru\/produkt\/muuvo-go-jalutuskaru-lillac\/#breadcrumb"},"inLanguage":"ru-RU","potentialAction":[{"@type":"ReadAction","target":["https:\/\/beebipood.ee\/ru\/produkt\/muuvo-go-jalutuskaru-lillac\/"]}]},{"@type":"ImageObject","inLanguage":"ru-RU","@id":"https:\/\/beebipood.ee\/ru\/produkt\/muuvo-go-jalutuskaru-lillac\/#primaryimage","url":"https:\/\/beebipood.ee\/wp-content\/uploads\/2026\/01\/muuvo-go-lillac.jpg","contentUrl":"https:\/\/beebipood.ee\/wp-content\/uploads\/2026\/01\/muuvo-go-lillac.jpg","width":1800,"height":1800},{"@type":"BreadcrumbList","@id":"https:\/\/beebipood.ee\/ru\/produkt\/muuvo-go-jalutuskaru-lillac\/#breadcrumb","itemListElement":[{"@type":"ListItem","position":1,"name":"Home","item":"https:\/\/beebipood.ee\/ru\/"},{"@type":"ListItem","position":2,"name":"\u041a\u0430\u0442\u0430\u043b\u043e\u0433 \u0442\u043e\u0432\u0430\u0440\u043e\u0432","item":"https:\/\/beebipood.ee\/tooted\/"},{"@type":"ListItem","position":3,"name":"Muuvo GO jalutusk\u00e4ru, Lillac"}]},{"@type":"WebSite","@id":"https:\/\/beebipood.ee\/ru\/#website","url":"https:\/\/beebipood.ee\/ru\/","name":"Beebipood","description":"Lastekaubad, beebikaubad, m\u00e4nguasjad","publisher":{"@id":"https:\/\/beebipood.ee\/ru\/#organization"},"potentialAction":[{"@type":"SearchAction","target":{"@type":"EntryPoint","urlTemplate":"https:\/\/beebipood.ee\/ru\/?s={search_term_string}"},"query-input":{"@type":"PropertyValueSpecification","valueRequired":true,"valueName":"search_term_string"}}],"inLanguage":"ru-RU"},{"@type":"Organization","@id":"https:\/\/beebipood.ee\/ru\/#organization","name":"Beebipood","url":"https:\/\/beebipood.ee\/ru\/","logo":{"@type":"ImageObject","inLanguage":"ru-RU","@id":"https:\/\/beebipood.ee\/ru\/#\/schema\/logo\/image\/","url":"https:\/\/beebipood.ee\/wp-content\/uploads\/2025\/03\/beebipood.ee-logo-1.svg","contentUrl":"https:\/\/beebipood.ee\/wp-content\/uploads\/2025\/03\/beebipood.ee-logo-1.svg","caption":"Beebipood"},"image":{"@id":"https:\/\/beebipood.ee\/ru\/#\/schema\/logo\/image\/"}}]}},"brands":[{"id":11964,"name":"Muuvo","slug":"muuvo-ru"}],"_links":{"self":[{"href":"https:\/\/beebipood.ee\/ru\/wp-json\/wp\/v2\/product\/510460","targetHints":{"allow":["GET"]}}],"collection":[{"href":"https:\/\/beebipood.ee\/ru\/wp-json\/wp\/v2\/product"}],"about":[{"href":"https:\/\/beebipood.ee\/ru\/wp-json\/wp\/v2\/types\/product"}],"wp:featuredmedia":[{"embeddable":true,"href":"https:\/\/beebipood.ee\/ru\/wp-json\/wp\/v2\/media\/510462"}],"wp:attachment":[{"href":"https:\/\/beebipood.ee\/ru\/wp-json\/wp\/v2\/media?parent=510460"}],"wp:term":[{"taxonomy":"pwb-brand","embeddable":true,"href":"https:\/\/beebipood.ee\/ru\/wp-json\/wp\/v2\/pwb-brand?post=510460"},{"taxonomy":"product_brand","embeddable":true,"href":"https:\/\/beebipood.ee\/ru\/wp-json\/wp\/v2\/product_brand?post=510460"},{"taxonomy":"product_cat","embeddable":true,"href":"https:\/\/beebipood.ee\/ru\/wp-json\/wp\/v2\/product_cat?post=510460"},{"taxonomy":"product_tag","embeddable":true,"href":"https:\/\/beebipood.ee\/ru\/wp-json\/wp\/v2\/product_tag?post=510460"}],"curies":[{"name":"wp","href":"https:\/\/api.w.org\/{rel}","templated":true}]}}