{"id":510543,"date":"2026-01-28T12:32:39","date_gmt":"2026-01-28T10:32:39","guid":{"rendered":"https:\/\/beebipood.ee\/?post_type=product&#038;p=510543"},"modified":"2026-01-28T12:35:27","modified_gmt":"2026-01-28T10:35:27","slug":"thule-sleek-2-lisaiste-tinted-taupe","status":"publish","type":"product","link":"https:\/\/beebipood.ee\/ru\/produkt\/thule-sleek-2-lisaiste-tinted-taupe\/","title":{"rendered":"Thule Sleek 2 lisaiste, Tinted Taupe"},"content":{"rendered":"<h3 data-start=\"119\" data-end=\"185\">Thule Sleek 2 teise lapse iste \u2013 mugav lahendus kahele lapsele<\/h3>\n<p data-start=\"187\" data-end=\"389\">Muuda oma Thule Sleek 2 jalutusk\u00e4ru lihtsalt ja kiiresti kahekohaliseks k\u00e4ruks. Thule Sleek 2 teise lapse iste on mugav ja avar lisaiste, mis v\u00f5imaldab m\u00f5lemal lapsel nautida turvalist ja sujuvat s\u00f5itu.<\/p>\n<h4 data-start=\"391\" data-end=\"430\">Ideaalne igap\u00e4evaseks kasutamiseks<\/h4>\n<p data-start=\"431\" data-end=\"630\">Teise lapse iste sobib suurep\u00e4raselt peredele, kelle vajadused kasvavad. Paigalda iste h\u00f5lpsasti ja naudi praktilist lahendust, kus m\u00f5lemad lapsed on vanemale l\u00e4hedal ja v\u00f5rdselt mugavalt paigutatud.<\/p>\n<h4 data-start=\"632\" data-end=\"666\">Sama mugavus m\u00f5lemale lapsele<\/h4>\n<ul data-start=\"667\" data-end=\"879\">\n<li data-start=\"667\" data-end=\"721\">\n<p data-start=\"669\" data-end=\"721\">Kallutatav iste mugavaks puhkamiseks ja istumiseks<\/p>\n<\/li>\n<li data-start=\"722\" data-end=\"765\">\n<p data-start=\"724\" data-end=\"765\">Reguleeritav jalatugi kasvavale lapsele<\/p>\n<\/li>\n<li data-start=\"766\" data-end=\"821\">\n<p data-start=\"768\" data-end=\"821\">Turvaline magnetiline pannal lihtsaks kinnitamiseks<\/p>\n<\/li>\n<li data-start=\"822\" data-end=\"879\">\n<p data-start=\"824\" data-end=\"879\">T\u00e4ielik kaitse ja ergonoomiline disain nagu p\u00f5hikohal<\/p>\n<\/li>\n<\/ul>\n<h4 data-start=\"881\" data-end=\"912\">Paindlikud kombinatsioonid<\/h4>\n<p data-start=\"913\" data-end=\"1023\">Teise lapse iste v\u00f5imaldab mitmeid kasutusv\u00f5imalusi \u2013 kombineeri seda vastavalt laste vanusele ja vajadustele:<\/p>\n<ul data-start=\"1024\" data-end=\"1083\">\n<li data-start=\"1024\" data-end=\"1037\">\n<p data-start=\"1026\" data-end=\"1037\">turvah\u00e4ll<\/p>\n<\/li>\n<li data-start=\"1038\" data-end=\"1058\">\n<p data-start=\"1040\" data-end=\"1058\">vankrikorv<\/p>\n<\/li>\n<li data-start=\"1072\" data-end=\"1083\">\n<p data-start=\"1074\" data-end=\"1083\">p\u00f5histe<\/p>\n<\/li>\n<\/ul>\n<p data-start=\"1085\" data-end=\"1164\">See teeb Thule Sleek 2-st t\u00f5eliselt mitmek\u00fclgse jalutusk\u00e4ru igaks pere etapiks.<\/p>\n<hr data-start=\"1166\" data-end=\"1169\" \/>\n<h3 data-start=\"1171\" data-end=\"1192\">Tehnilised andmed<\/h3>\n<ul data-start=\"1193\" data-end=\"1336\">\n<li data-start=\"1193\" data-end=\"1225\">\n<p data-start=\"1195\" data-end=\"1225\"><strong data-start=\"1195\" data-end=\"1209\">\u00dchilduvus:<\/strong> Thule Sleek 2<\/p>\n<\/li>\n<li data-start=\"1226\" data-end=\"1260\">\n<p data-start=\"1228\" data-end=\"1260\"><strong data-start=\"1228\" data-end=\"1240\">M\u00f5\u00f5tmed:<\/strong> 25,5 \u00d7 10 \u00d7 83 cm<\/p>\n<\/li>\n<li data-start=\"1261\" data-end=\"1281\">\n<p data-start=\"1263\" data-end=\"1281\"><strong data-start=\"1263\" data-end=\"1272\">Kaal:<\/strong> 3,1 kg<\/p>\n<\/li>\n<li data-start=\"1282\" data-end=\"1336\">\n<p data-start=\"1284\" data-end=\"1336\"><strong data-start=\"1284\" data-end=\"1295\">Ohutus:<\/strong> vastab kehtivatele ohutusstandarditele<\/p>\n<\/li>\n<\/ul>\n","protected":false},"excerpt":{"rendered":"<p>Thule Sleek 2 teise lapse iste \u2013 mugav lahendus kahele lapsele Muuda oma Thule Sleek 2 jalutusk\u00e4ru lihtsalt ja kiiresti kahekohaliseks k\u00e4ruks. Thule Sleek 2 teise lapse iste on mugav ja avar lisaiste, mis v\u00f5imaldab m\u00f5lemal lapsel nautida turvalist ja sujuvat s\u00f5itu. Ideaalne igap\u00e4evaseks kasutamiseks Teise lapse iste sobib suurep\u00e4raselt peredele, kelle vajadused kasvavad. Paigalda [&hellip;]<\/p>\n","protected":false},"featured_media":510545,"template":"","meta":{"_acf_changed":false},"pwb-brand":[11980],"product_brand":[],"product_cat":[11847,11573,11719,11721,11717,11827],"product_tag":[],"class_list":{"0":"post-510543","1":"product","2":"type-product","3":"status-publish","4":"has-post-thumbnail","6":"pwb-brand-thule-ru","7":"product_cat-thule-ru","8":"product_cat-sooduspakkumised-ru","9":"product_cat-vankrid-ru","10":"product_cat-jalutuskarud-ru","11":"product_cat-lastevankrid-ja-karud-ru","12":"product_cat-thule-sleek-ru","13":"pa_manufacturer-thule-ru","15":"first","16":"onbackorder","17":"sale","18":"taxable","19":"shipping-taxable","20":"purchasable","21":"product-type-simple"},"exclude_global_add_ons":[],"addons":[],"acf":[],"yoast_head":"<!-- This site is optimized with the Yoast SEO plugin v27.1.1 - https:\/\/yoast.com\/product\/yoast-seo-wordpress\/ -->\n<title>Thule Sleek vankrikomplekt 2in1, Black\/Grey Melange, \u0421\u041a\u0418\u0414\u041a\u0418, \u041b\u043e\u0448\u0430\u0434\u043a\u0430-\u043a\u0430\u0447\u0430\u043b\u043a\u0430, \u041a\u043e\u043b\u044f\u0441\u043a\u0438, \u041f\u0440\u043e\u0433\u0443\u043b\u043e\u0447\u043d\u044b\u0435 \u043a\u043e\u043b\u044f\u0441\u043a\u0438, Thule Sleek, THULE, Beebipood<\/title>\n<meta name=\"description\" content=\"Thule Sleek vankrikomplekt 2in1, Black\/Grey Melange, Thule Sleek stiilne ja mugav vankrikomplekt linnas liikumiseks. Thule Sleek annab teile kahelapsek\" \/>\n<meta name=\"robots\" content=\"index, follow, max-snippet:-1, max-image-preview:large, max-video-preview:-1\" \/>\n<link rel=\"canonical\" href=\"https:\/\/beebipood.ee\/ru\/produkt\/thule-sleek-2-lisaiste-tinted-taupe\/\" \/>\n<meta property=\"og:locale\" content=\"ru_RU\" \/>\n<meta property=\"og:type\" content=\"article\" \/>\n<meta property=\"og:title\" content=\"Thule Sleek vankrikomplekt 2in1, Black\/Grey Melange, \u0421\u041a\u0418\u0414\u041a\u0418, \u041b\u043e\u0448\u0430\u0434\u043a\u0430-\u043a\u0430\u0447\u0430\u043b\u043a\u0430, \u041a\u043e\u043b\u044f\u0441\u043a\u0438, \u041f\u0440\u043e\u0433\u0443\u043b\u043e\u0447\u043d\u044b\u0435 \u043a\u043e\u043b\u044f\u0441\u043a\u0438, Thule Sleek, THULE, Beebipood\" \/>\n<meta property=\"og:description\" content=\"Thule Sleek vankrikomplekt 2in1, Black\/Grey Melange, Thule Sleek stiilne ja mugav vankrikomplekt linnas liikumiseks. Thule Sleek annab teile kahelapsek\" \/>\n<meta property=\"og:url\" content=\"https:\/\/beebipood.ee\/ru\/produkt\/thule-sleek-2-lisaiste-tinted-taupe\/\" \/>\n<meta property=\"og:site_name\" content=\"Beebipood\" \/>\n<meta property=\"article:modified_time\" content=\"2026-01-28T10:35:27+00:00\" \/>\n<meta property=\"og:image\" content=\"https:\/\/beebipood.ee\/wp-content\/uploads\/2026\/01\/thule-sleek-2-lisaiste-taupe.jpg\" \/>\n\t<meta property=\"og:image:width\" content=\"1200\" \/>\n\t<meta property=\"og:image:height\" content=\"1200\" \/>\n\t<meta property=\"og:image:type\" content=\"image\/jpeg\" \/>\n<meta name=\"twitter:card\" content=\"summary_large_image\" \/>\n<meta name=\"twitter:label1\" content=\"\u041f\u0440\u0438\u043c\u0435\u0440\u043d\u043e\u0435 \u0432\u0440\u0435\u043c\u044f \u0434\u043b\u044f \u0447\u0442\u0435\u043d\u0438\u044f\" \/>\n\t<meta name=\"twitter:data1\" content=\"1 \u043c\u0438\u043d\u0443\u0442\u0430\" \/>\n<script type=\"application\/ld+json\" class=\"yoast-schema-graph\">{\"@context\":\"https:\/\/schema.org\",\"@graph\":[{\"@type\":\"WebPage\",\"@id\":\"https:\/\/beebipood.ee\/ru\/produkt\/thule-sleek-2-lisaiste-tinted-taupe\/\",\"url\":\"https:\/\/beebipood.ee\/ru\/produkt\/thule-sleek-2-lisaiste-tinted-taupe\/\",\"name\":\"Thule Sleek vankrikomplekt 2in1, Black\/Grey Melange, \u0421\u041a\u0418\u0414\u041a\u0418, \u041b\u043e\u0448\u0430\u0434\u043a\u0430-\u043a\u0430\u0447\u0430\u043b\u043a\u0430, \u041a\u043e\u043b\u044f\u0441\u043a\u0438, \u041f\u0440\u043e\u0433\u0443\u043b\u043e\u0447\u043d\u044b\u0435 \u043a\u043e\u043b\u044f\u0441\u043a\u0438, Thule Sleek, THULE, Beebipood\",\"isPartOf\":{\"@id\":\"https:\/\/beebipood.ee\/ru\/#website\"},\"primaryImageOfPage\":{\"@id\":\"https:\/\/beebipood.ee\/ru\/produkt\/thule-sleek-2-lisaiste-tinted-taupe\/#primaryimage\"},\"image\":{\"@id\":\"https:\/\/beebipood.ee\/ru\/produkt\/thule-sleek-2-lisaiste-tinted-taupe\/#primaryimage\"},\"thumbnailUrl\":\"https:\/\/beebipood.ee\/wp-content\/uploads\/2026\/01\/thule-sleek-2-lisaiste-taupe.jpg\",\"datePublished\":\"2026-01-28T10:32:39+00:00\",\"dateModified\":\"2026-01-28T10:35:27+00:00\",\"description\":\"Thule Sleek vankrikomplekt 2in1, Black\/Grey Melange, Thule Sleek stiilne ja mugav vankrikomplekt linnas liikumiseks. Thule Sleek annab teile kahelapsek\",\"breadcrumb\":{\"@id\":\"https:\/\/beebipood.ee\/ru\/produkt\/thule-sleek-2-lisaiste-tinted-taupe\/#breadcrumb\"},\"inLanguage\":\"ru-RU\",\"potentialAction\":[{\"@type\":\"ReadAction\",\"target\":[\"https:\/\/beebipood.ee\/ru\/produkt\/thule-sleek-2-lisaiste-tinted-taupe\/\"]}]},{\"@type\":\"ImageObject\",\"inLanguage\":\"ru-RU\",\"@id\":\"https:\/\/beebipood.ee\/ru\/produkt\/thule-sleek-2-lisaiste-tinted-taupe\/#primaryimage\",\"url\":\"https:\/\/beebipood.ee\/wp-content\/uploads\/2026\/01\/thule-sleek-2-lisaiste-taupe.jpg\",\"contentUrl\":\"https:\/\/beebipood.ee\/wp-content\/uploads\/2026\/01\/thule-sleek-2-lisaiste-taupe.jpg\",\"width\":1200,\"height\":1200},{\"@type\":\"BreadcrumbList\",\"@id\":\"https:\/\/beebipood.ee\/ru\/produkt\/thule-sleek-2-lisaiste-tinted-taupe\/#breadcrumb\",\"itemListElement\":[{\"@type\":\"ListItem\",\"position\":1,\"name\":\"Home\",\"item\":\"https:\/\/beebipood.ee\/ru\/\"},{\"@type\":\"ListItem\",\"position\":2,\"name\":\"\u041a\u0430\u0442\u0430\u043b\u043e\u0433 \u0442\u043e\u0432\u0430\u0440\u043e\u0432\",\"item\":\"https:\/\/beebipood.ee\/tooted\/\"},{\"@type\":\"ListItem\",\"position\":3,\"name\":\"Thule Sleek 2 lisaiste, Tinted Taupe\"}]},{\"@type\":\"WebSite\",\"@id\":\"https:\/\/beebipood.ee\/ru\/#website\",\"url\":\"https:\/\/beebipood.ee\/ru\/\",\"name\":\"Beebipood\",\"description\":\"Lastekaubad, beebikaubad, m\u00e4nguasjad\",\"publisher\":{\"@id\":\"https:\/\/beebipood.ee\/ru\/#organization\"},\"potentialAction\":[{\"@type\":\"SearchAction\",\"target\":{\"@type\":\"EntryPoint\",\"urlTemplate\":\"https:\/\/beebipood.ee\/ru\/?s={search_term_string}\"},\"query-input\":{\"@type\":\"PropertyValueSpecification\",\"valueRequired\":true,\"valueName\":\"search_term_string\"}}],\"inLanguage\":\"ru-RU\"},{\"@type\":\"Organization\",\"@id\":\"https:\/\/beebipood.ee\/ru\/#organization\",\"name\":\"Beebipood\",\"url\":\"https:\/\/beebipood.ee\/ru\/\",\"logo\":{\"@type\":\"ImageObject\",\"inLanguage\":\"ru-RU\",\"@id\":\"https:\/\/beebipood.ee\/ru\/#\/schema\/logo\/image\/\",\"url\":\"https:\/\/beebipood.ee\/wp-content\/uploads\/2025\/03\/beebipood.ee-logo-1.svg\",\"contentUrl\":\"https:\/\/beebipood.ee\/wp-content\/uploads\/2025\/03\/beebipood.ee-logo-1.svg\",\"caption\":\"Beebipood\"},\"image\":{\"@id\":\"https:\/\/beebipood.ee\/ru\/#\/schema\/logo\/image\/\"}}]}<\/script>\n<!-- \/ Yoast SEO plugin. -->","yoast_head_json":{"title":"Thule Sleek vankrikomplekt 2in1, Black\/Grey Melange, \u0421\u041a\u0418\u0414\u041a\u0418, \u041b\u043e\u0448\u0430\u0434\u043a\u0430-\u043a\u0430\u0447\u0430\u043b\u043a\u0430, \u041a\u043e\u043b\u044f\u0441\u043a\u0438, \u041f\u0440\u043e\u0433\u0443\u043b\u043e\u0447\u043d\u044b\u0435 \u043a\u043e\u043b\u044f\u0441\u043a\u0438, Thule Sleek, THULE, Beebipood","description":"Thule Sleek vankrikomplekt 2in1, Black\/Grey Melange, Thule Sleek stiilne ja mugav vankrikomplekt linnas liikumiseks. Thule Sleek annab teile kahelapsek","robots":{"index":"index","follow":"follow","max-snippet":"max-snippet:-1","max-image-preview":"max-image-preview:large","max-video-preview":"max-video-preview:-1"},"canonical":"https:\/\/beebipood.ee\/ru\/produkt\/thule-sleek-2-lisaiste-tinted-taupe\/","og_locale":"ru_RU","og_type":"article","og_title":"Thule Sleek vankrikomplekt 2in1, Black\/Grey Melange, \u0421\u041a\u0418\u0414\u041a\u0418, \u041b\u043e\u0448\u0430\u0434\u043a\u0430-\u043a\u0430\u0447\u0430\u043b\u043a\u0430, \u041a\u043e\u043b\u044f\u0441\u043a\u0438, \u041f\u0440\u043e\u0433\u0443\u043b\u043e\u0447\u043d\u044b\u0435 \u043a\u043e\u043b\u044f\u0441\u043a\u0438, Thule Sleek, THULE, Beebipood","og_description":"Thule Sleek vankrikomplekt 2in1, Black\/Grey Melange, Thule Sleek stiilne ja mugav vankrikomplekt linnas liikumiseks. Thule Sleek annab teile kahelapsek","og_url":"https:\/\/beebipood.ee\/ru\/produkt\/thule-sleek-2-lisaiste-tinted-taupe\/","og_site_name":"Beebipood","article_modified_time":"2026-01-28T10:35:27+00:00","og_image":[{"width":1200,"height":1200,"url":"https:\/\/beebipood.ee\/wp-content\/uploads\/2026\/01\/thule-sleek-2-lisaiste-taupe.jpg","type":"image\/jpeg"}],"twitter_card":"summary_large_image","twitter_misc":{"\u041f\u0440\u0438\u043c\u0435\u0440\u043d\u043e\u0435 \u0432\u0440\u0435\u043c\u044f \u0434\u043b\u044f \u0447\u0442\u0435\u043d\u0438\u044f":"1 \u043c\u0438\u043d\u0443\u0442\u0430"},"schema":{"@context":"https:\/\/schema.org","@graph":[{"@type":"WebPage","@id":"https:\/\/beebipood.ee\/ru\/produkt\/thule-sleek-2-lisaiste-tinted-taupe\/","url":"https:\/\/beebipood.ee\/ru\/produkt\/thule-sleek-2-lisaiste-tinted-taupe\/","name":"Thule Sleek vankrikomplekt 2in1, Black\/Grey Melange, \u0421\u041a\u0418\u0414\u041a\u0418, \u041b\u043e\u0448\u0430\u0434\u043a\u0430-\u043a\u0430\u0447\u0430\u043b\u043a\u0430, \u041a\u043e\u043b\u044f\u0441\u043a\u0438, \u041f\u0440\u043e\u0433\u0443\u043b\u043e\u0447\u043d\u044b\u0435 \u043a\u043e\u043b\u044f\u0441\u043a\u0438, Thule Sleek, THULE, Beebipood","isPartOf":{"@id":"https:\/\/beebipood.ee\/ru\/#website"},"primaryImageOfPage":{"@id":"https:\/\/beebipood.ee\/ru\/produkt\/thule-sleek-2-lisaiste-tinted-taupe\/#primaryimage"},"image":{"@id":"https:\/\/beebipood.ee\/ru\/produkt\/thule-sleek-2-lisaiste-tinted-taupe\/#primaryimage"},"thumbnailUrl":"https:\/\/beebipood.ee\/wp-content\/uploads\/2026\/01\/thule-sleek-2-lisaiste-taupe.jpg","datePublished":"2026-01-28T10:32:39+00:00","dateModified":"2026-01-28T10:35:27+00:00","description":"Thule Sleek vankrikomplekt 2in1, Black\/Grey Melange, Thule Sleek stiilne ja mugav vankrikomplekt linnas liikumiseks. Thule Sleek annab teile kahelapsek","breadcrumb":{"@id":"https:\/\/beebipood.ee\/ru\/produkt\/thule-sleek-2-lisaiste-tinted-taupe\/#breadcrumb"},"inLanguage":"ru-RU","potentialAction":[{"@type":"ReadAction","target":["https:\/\/beebipood.ee\/ru\/produkt\/thule-sleek-2-lisaiste-tinted-taupe\/"]}]},{"@type":"ImageObject","inLanguage":"ru-RU","@id":"https:\/\/beebipood.ee\/ru\/produkt\/thule-sleek-2-lisaiste-tinted-taupe\/#primaryimage","url":"https:\/\/beebipood.ee\/wp-content\/uploads\/2026\/01\/thule-sleek-2-lisaiste-taupe.jpg","contentUrl":"https:\/\/beebipood.ee\/wp-content\/uploads\/2026\/01\/thule-sleek-2-lisaiste-taupe.jpg","width":1200,"height":1200},{"@type":"BreadcrumbList","@id":"https:\/\/beebipood.ee\/ru\/produkt\/thule-sleek-2-lisaiste-tinted-taupe\/#breadcrumb","itemListElement":[{"@type":"ListItem","position":1,"name":"Home","item":"https:\/\/beebipood.ee\/ru\/"},{"@type":"ListItem","position":2,"name":"\u041a\u0430\u0442\u0430\u043b\u043e\u0433 \u0442\u043e\u0432\u0430\u0440\u043e\u0432","item":"https:\/\/beebipood.ee\/tooted\/"},{"@type":"ListItem","position":3,"name":"Thule Sleek 2 lisaiste, Tinted Taupe"}]},{"@type":"WebSite","@id":"https:\/\/beebipood.ee\/ru\/#website","url":"https:\/\/beebipood.ee\/ru\/","name":"Beebipood","description":"Lastekaubad, beebikaubad, m\u00e4nguasjad","publisher":{"@id":"https:\/\/beebipood.ee\/ru\/#organization"},"potentialAction":[{"@type":"SearchAction","target":{"@type":"EntryPoint","urlTemplate":"https:\/\/beebipood.ee\/ru\/?s={search_term_string}"},"query-input":{"@type":"PropertyValueSpecification","valueRequired":true,"valueName":"search_term_string"}}],"inLanguage":"ru-RU"},{"@type":"Organization","@id":"https:\/\/beebipood.ee\/ru\/#organization","name":"Beebipood","url":"https:\/\/beebipood.ee\/ru\/","logo":{"@type":"ImageObject","inLanguage":"ru-RU","@id":"https:\/\/beebipood.ee\/ru\/#\/schema\/logo\/image\/","url":"https:\/\/beebipood.ee\/wp-content\/uploads\/2025\/03\/beebipood.ee-logo-1.svg","contentUrl":"https:\/\/beebipood.ee\/wp-content\/uploads\/2025\/03\/beebipood.ee-logo-1.svg","caption":"Beebipood"},"image":{"@id":"https:\/\/beebipood.ee\/ru\/#\/schema\/logo\/image\/"}}]}},"brands":[{"id":11980,"name":"THULE","slug":"thule-ru"}],"_links":{"self":[{"href":"https:\/\/beebipood.ee\/ru\/wp-json\/wp\/v2\/product\/510543","targetHints":{"allow":["GET"]}}],"collection":[{"href":"https:\/\/beebipood.ee\/ru\/wp-json\/wp\/v2\/product"}],"about":[{"href":"https:\/\/beebipood.ee\/ru\/wp-json\/wp\/v2\/types\/product"}],"wp:featuredmedia":[{"embeddable":true,"href":"https:\/\/beebipood.ee\/ru\/wp-json\/wp\/v2\/media\/510545"}],"wp:attachment":[{"href":"https:\/\/beebipood.ee\/ru\/wp-json\/wp\/v2\/media?parent=510543"}],"wp:term":[{"taxonomy":"pwb-brand","embeddable":true,"href":"https:\/\/beebipood.ee\/ru\/wp-json\/wp\/v2\/pwb-brand?post=510543"},{"taxonomy":"product_brand","embeddable":true,"href":"https:\/\/beebipood.ee\/ru\/wp-json\/wp\/v2\/product_brand?post=510543"},{"taxonomy":"product_cat","embeddable":true,"href":"https:\/\/beebipood.ee\/ru\/wp-json\/wp\/v2\/product_cat?post=510543"},{"taxonomy":"product_tag","embeddable":true,"href":"https:\/\/beebipood.ee\/ru\/wp-json\/wp\/v2\/product_tag?post=510543"}],"curies":[{"name":"wp","href":"https:\/\/api.w.org\/{rel}","templated":true}]}}