{"id":510567,"date":"2026-01-29T10:24:11","date_gmt":"2026-01-29T08:24:11","guid":{"rendered":"https:\/\/beebipood.ee\/?post_type=product&#038;p=510567"},"modified":"2026-01-29T10:26:53","modified_gmt":"2026-01-29T08:26:53","slug":"twistshake-luxury-vannikomplekt-grey","status":"publish","type":"product","link":"https:\/\/beebipood.ee\/ru\/produkt\/twistshake-luxury-vannikomplekt-grey\/","title":{"rendered":"Twistshake Luxury vannikomplekt, Grey"},"content":{"rendered":"<h2 data-start=\"159\" data-end=\"241\">Twistshake Luxury vannikomplekt \u2013 mugavus ja turvalisus igaks vannitamishetkeks<\/h2>\n<p data-start=\"243\" data-end=\"455\">Paku oma beebile parimat vannitamise kogemust Twistshake Luxury vannikomplektiga. See hoolikalt l\u00e4bim\u00f5eldud komplekt muudab beebi vannitamise lihtsaks, turvaliseks ja nauditavaks nii lapsele kui ka lapsevanemale.<\/p>\n<h3 data-start=\"457\" data-end=\"500\">Miks valida Twistshake Luxury vannikomplekt?<\/h3>\n<ul data-start=\"501\" data-end=\"818\">\n<li data-start=\"501\" data-end=\"588\">\n<p data-start=\"503\" data-end=\"588\"><strong data-start=\"503\" data-end=\"529\">Ruumis\u00e4\u00e4stlik lahendus<\/strong> \u2013 kokkupandav vann v\u00f5tab hoiustamisel minimaalselt ruumi<\/p>\n<\/li>\n<li data-start=\"589\" data-end=\"675\">\n<p data-start=\"591\" data-end=\"675\"><strong data-start=\"591\" data-end=\"615\">Ergonoomiline disain<\/strong> \u2013 reguleeritava k\u00f5rgusega alus aitab v\u00e4ltida seljavalusid<\/p>\n<\/li>\n<li data-start=\"676\" data-end=\"739\">\n<p data-start=\"678\" data-end=\"739\"><strong data-start=\"678\" data-end=\"709\">Maksimaalne mugavus beebile<\/strong> \u2013 pehme ja toetav vannipadi<\/p>\n<\/li>\n<li data-start=\"740\" data-end=\"818\">\n<p data-start=\"742\" data-end=\"818\"><strong data-start=\"742\" data-end=\"766\">K\u00f5ik \u00fches komplektis<\/strong> \u2013 k\u00f5ik vajalik muretuks ja r\u00f5\u00f5msaks vannitamiseks<\/p>\n<\/li>\n<\/ul>\n<h3 data-start=\"820\" data-end=\"841\">Komplekti kuulub:<\/h3>\n<ul data-start=\"842\" data-end=\"1132\">\n<li data-start=\"842\" data-end=\"881\">\n<p data-start=\"844\" data-end=\"881\"><strong data-start=\"844\" data-end=\"857\">Beebivann<\/strong> \u2013 avar ja kokkupandav<\/p>\n<\/li>\n<li data-start=\"882\" data-end=\"925\">\n<p data-start=\"884\" data-end=\"925\"><strong data-start=\"884\" data-end=\"897\">Vannialus<\/strong> \u2013 reguleeritava k\u00f5rgusega<\/p>\n<\/li>\n<li data-start=\"926\" data-end=\"968\">\n<p data-start=\"928\" data-end=\"968\"><strong data-start=\"928\" data-end=\"941\">Vannipadi<\/strong> \u2013 pehme ja beebit toetav<\/p>\n<\/li>\n<li data-start=\"969\" data-end=\"1015\">\n<p data-start=\"971\" data-end=\"1015\"><strong data-start=\"971\" data-end=\"982\">Veekulp<\/strong> \u2013 mugavaks juuste loputamiseks<\/p>\n<\/li>\n<li data-start=\"1069\" data-end=\"1132\">\n<p data-start=\"1071\" data-end=\"1132\"><strong data-start=\"1071\" data-end=\"1093\">Vee \u00e4ravooluvoolik<\/strong> \u2013 lihtsaks ja kiireks t\u00fchjendamiseks<\/p>\n<\/li>\n<\/ul>\n<h3 data-start=\"1134\" data-end=\"1155\">Tehnilised andmed<\/h3>\n<ul data-start=\"1156\" data-end=\"1251\">\n<li data-start=\"1156\" data-end=\"1193\">\n<p data-start=\"1158\" data-end=\"1193\"><strong data-start=\"1158\" data-end=\"1180\">Soovituslik vanus:<\/strong> 0\u20134 aastat<\/p>\n<\/li>\n<li data-start=\"1194\" data-end=\"1220\">\n<p data-start=\"1196\" data-end=\"1220\"><strong data-start=\"1196\" data-end=\"1207\">V\u00e4rvus:<\/strong> valge\/hall<\/p>\n<\/li>\n<li data-start=\"1221\" data-end=\"1251\">\n<p data-start=\"1223\" data-end=\"1251\"><strong data-start=\"1223\" data-end=\"1238\">Vanni maht:<\/strong> 30 liitrit<\/p>\n<\/li>\n<\/ul>\n<p data-start=\"1253\" data-end=\"1285\"><strong data-start=\"1253\" data-end=\"1283\">Aluse m\u00f5\u00f5dud avatuna (cm):<\/strong><\/p>\n<ul data-start=\"1286\" data-end=\"1332\">\n<li data-start=\"1286\" data-end=\"1301\">\n<p data-start=\"1288\" data-end=\"1301\">pikkus 64,2<\/p>\n<\/li>\n<li data-start=\"1302\" data-end=\"1316\">\n<p data-start=\"1304\" data-end=\"1316\">laius 69,6<\/p>\n<\/li>\n<li data-start=\"1317\" data-end=\"1332\">\n<p data-start=\"1319\" data-end=\"1332\">k\u00f5rgus 95,5<\/p>\n<\/li>\n<\/ul>\n<p data-start=\"1334\" data-end=\"1371\"><strong data-start=\"1334\" data-end=\"1369\">Aluse m\u00f5\u00f5dud kokkupanduna (cm):<\/strong><\/p>\n<ul data-start=\"1372\" data-end=\"1582\">\n<li data-start=\"1372\" data-end=\"1387\">\n<p data-start=\"1374\" data-end=\"1387\">pikkus 64,2<\/p>\n<\/li>\n<li data-start=\"1388\" data-end=\"1400\">\n<p data-start=\"1390\" data-end=\"1400\">laius 15<\/p>\n<\/li>\n<li data-start=\"1401\" data-end=\"1417\">\n<p data-start=\"1403\" data-end=\"1417\">k\u00f5rgus 109,5<\/p>\n<\/li>\n<li data-start=\"1419\" data-end=\"1445\">\n<p data-start=\"1421\" data-end=\"1445\"><strong data-start=\"1421\" data-end=\"1436\">Aluse kaal:<\/strong> 4,5 kg<\/p>\n<\/li>\n<li data-start=\"1446\" data-end=\"1488\">\n<p data-start=\"1448\" data-end=\"1488\"><strong data-start=\"1448\" data-end=\"1463\">Materjalid:<\/strong> PP-plastik ja TPE-kumm<\/p>\n<\/li>\n<li data-start=\"1489\" data-end=\"1531\">\n<p data-start=\"1491\" data-end=\"1531\"><strong data-start=\"1491\" data-end=\"1502\">Ohutus:<\/strong> BPA-, PVC- ja ftalaadivaba<\/p>\n<\/li>\n<li data-start=\"1532\" data-end=\"1582\">\n<p data-start=\"1534\" data-end=\"1582\"><strong data-start=\"1534\" data-end=\"1548\">Vannipadi:<\/strong> kiiresti kuivav, k\u00e4sitsi pestav<\/p>\n<\/li>\n<\/ul>\n<h3 data-start=\"1584\" data-end=\"1623\">Rohkem mugavust igasse vannitamisse<\/h3>\n<p data-start=\"1624\" data-end=\"1955\">Twistshake Luxury vannikomplekt \u00fchendab endas funktsionaalsuse, turvalisuse ja elegantse disaini. Eriti kompaktne vann volditakse kokku vaid umbes 10 cm k\u00f5rguseks \u2013 ideaalne ka v\u00e4iksematesse kodudesse. Ergonoomiline alus tagab mugava t\u00f6\u00f6asendi lapsevanemale ning reguleeritav vannipadi pakub beebile kindlat tuge igas arenguetapis.<\/p>\n<p data-start=\"1957\" data-end=\"2108\">Praktilised detailid, nagu kiire vee \u00e4ravool muudavad igap\u00e4evase vannitamise toredaks kvaliteetajaks lapse ja vanema vahel.<\/p>\n<p data-start=\"2110\" data-end=\"2252\">Valmistatud kvaliteetsetest ja ohututest materjalidest \u2013 see on suurep\u00e4rane valik nii esimeseks beebiks kui ka vannitamisrutiini uuendamiseks.<\/p>\n<hr data-start=\"2254\" data-end=\"2257\" \/>\n<h3 data-start=\"2259\" data-end=\"2288\">\u26a0\ufe0f Olulised ohutusjuhised<\/h3>\n<ul data-start=\"2289\" data-end=\"2909\">\n<li data-start=\"2289\" data-end=\"2369\">\n<p data-start=\"2291\" data-end=\"2369\">J\u00e4lgi last vannitamise ajal alati \u2013 \u00e4ra j\u00e4ta beebit hetkekski j\u00e4relevalveta.<\/p>\n<\/li>\n<li data-start=\"2370\" data-end=\"2434\">\n<p data-start=\"2372\" data-end=\"2434\">Veendu, et alus on asetatud tasasele ja stabiilsele pinnale.<\/p>\n<\/li>\n<li data-start=\"2435\" data-end=\"2476\">\n<p data-start=\"2437\" data-end=\"2476\">J\u00e4rgi hoolikalt kokkupaneku juhiseid.<\/p>\n<\/li>\n<li data-start=\"2477\" data-end=\"2512\">\n<p data-start=\"2479\" data-end=\"2512\">\u00c4ra t\u00e4ida vanni \u00fcle MAX-t\u00e4hise.<\/p>\n<\/li>\n<li data-start=\"2513\" data-end=\"2581\">\n<p data-start=\"2515\" data-end=\"2581\">Hoia toodet eemal kuumusallikatest ja otsesest p\u00e4ikesevalgusest.<\/p>\n<\/li>\n<li data-start=\"2582\" data-end=\"2636\">\n<p data-start=\"2584\" data-end=\"2636\">Kontrolli alati vee temperatuuri enne vannitamist.<\/p>\n<\/li>\n<li data-start=\"2637\" data-end=\"2704\">\n<p data-start=\"2639\" data-end=\"2704\">\u00c4ra luba lapsel seista, ronida ega toetuda vannile v\u00f5i alusele.<\/p>\n<\/li>\n<li data-start=\"2705\" data-end=\"2772\">\n<p data-start=\"2707\" data-end=\"2772\">Kasuta voltimismehhanismi ettevaatlikult, et v\u00e4ltida vigastusi.<\/p>\n<\/li>\n<li data-start=\"2773\" data-end=\"2855\">\n<p data-start=\"2775\" data-end=\"2855\">Kontrolli regulaarselt toote seisukorda; kahjustuste korral l\u00f5peta kasutamine.<\/p>\n<\/li>\n<li data-start=\"2856\" data-end=\"2909\">\n<p data-start=\"2858\" data-end=\"2909\">Kasuta ainult Twistshake\u2019i heakskiidetud tarvikuid.<\/p>\n<\/li>\n<\/ul>\n","protected":false},"excerpt":{"rendered":"<p>Twistshake Luxury vannikomplekt \u2013 mugavus ja turvalisus igaks vannitamishetkeks Paku oma beebile parimat vannitamise kogemust Twistshake Luxury vannikomplektiga. See hoolikalt l\u00e4bim\u00f5eldud komplekt muudab beebi vannitamise lihtsaks, turvaliseks ja nauditavaks nii lapsele kui ka lapsevanemale. Miks valida Twistshake Luxury vannikomplekt? Ruumis\u00e4\u00e4stlik lahendus \u2013 kokkupandav vann v\u00f5tab hoiustamisel minimaalselt ruumi Ergonoomiline disain \u2013 reguleeritava k\u00f5rgusega alus aitab [&hellip;]<\/p>\n","protected":false},"featured_media":510569,"template":"","meta":{"_acf_changed":false},"pwb-brand":[11958],"product_brand":[],"product_cat":[11575,11811,11709],"product_tag":[],"class_list":{"0":"post-510567","1":"product","2":"type-product","3":"status-publish","4":"has-post-thumbnail","6":"pwb-brand-twistshake-ru","7":"product_cat-uued-tooted-ru","8":"product_cat-vannid-ja-vannitarbed-ru","9":"product_cat-sootmistoolid-beebi-ja-lastetarbed-mahkimine-hugieen-ru","11":"first","12":"onbackorder","13":"taxable","14":"shipping-taxable","15":"purchasable","16":"product-type-simple"},"exclude_global_add_ons":[],"addons":[],"acf":[],"yoast_head":"<!-- This site is optimized with the Yoast SEO plugin v27.1.1 - https:\/\/yoast.com\/product\/yoast-seo-wordpress\/ -->\n<title>Bebe-Jou Sense Edition beebivann ja Sense vannijalad, v\u00e4rvivalik, \u041f\u0440\u0438\u043d\u0430\u0434\u043b\u0435\u0436\u043d\u043e\u0441\u0442\u0438 \u0434\u043b\u044f \u043c\u043b\u0430\u0434\u0435\u043d\u0446\u0435\u0432, \u0412\u0430\u043d\u043d\u044b \u0438 \u0430\u043a\u0441\u0435\u0441\u0441\u0443\u0430\u0440\u044b, Beebipood<\/title>\n<meta name=\"description\" content=\"Bebe-Jou Sense Edition beebivann ja Sense vannijalad, v\u00e4rvivalik, Sense Edition beebivann on t\u00e4iustatud uuendusliku digitaalse termomeetriga.Inte\" \/>\n<meta name=\"robots\" content=\"index, follow, max-snippet:-1, max-image-preview:large, max-video-preview:-1\" \/>\n<link rel=\"canonical\" href=\"https:\/\/beebipood.ee\/ru\/produkt\/twistshake-luxury-vannikomplekt-grey\/\" \/>\n<meta property=\"og:locale\" content=\"ru_RU\" \/>\n<meta property=\"og:type\" content=\"article\" \/>\n<meta property=\"og:title\" content=\"Bebe-Jou Sense Edition beebivann ja Sense vannijalad, v\u00e4rvivalik, \u041f\u0440\u0438\u043d\u0430\u0434\u043b\u0435\u0436\u043d\u043e\u0441\u0442\u0438 \u0434\u043b\u044f \u043c\u043b\u0430\u0434\u0435\u043d\u0446\u0435\u0432, \u0412\u0430\u043d\u043d\u044b \u0438 \u0430\u043a\u0441\u0435\u0441\u0441\u0443\u0430\u0440\u044b, Beebipood\" \/>\n<meta property=\"og:description\" content=\"Bebe-Jou Sense Edition beebivann ja Sense vannijalad, v\u00e4rvivalik, Sense Edition beebivann on t\u00e4iustatud uuendusliku digitaalse termomeetriga.Inte\" \/>\n<meta property=\"og:url\" content=\"https:\/\/beebipood.ee\/ru\/produkt\/twistshake-luxury-vannikomplekt-grey\/\" \/>\n<meta property=\"og:site_name\" content=\"Beebipood\" \/>\n<meta property=\"article:modified_time\" content=\"2026-01-29T08:26:53+00:00\" \/>\n<meta property=\"og:image\" content=\"https:\/\/beebipood.ee\/wp-content\/uploads\/2026\/01\/twistshake-luxury-vannikomplekt-hall.png\" \/>\n\t<meta property=\"og:image:width\" content=\"1080\" \/>\n\t<meta property=\"og:image:height\" content=\"1080\" \/>\n\t<meta property=\"og:image:type\" content=\"image\/png\" \/>\n<meta name=\"twitter:card\" content=\"summary_large_image\" \/>\n<meta name=\"twitter:label1\" content=\"\u041f\u0440\u0438\u043c\u0435\u0440\u043d\u043e\u0435 \u0432\u0440\u0435\u043c\u044f \u0434\u043b\u044f \u0447\u0442\u0435\u043d\u0438\u044f\" \/>\n\t<meta name=\"twitter:data1\" content=\"2 \u043c\u0438\u043d\u0443\u0442\u044b\" \/>\n<script type=\"application\/ld+json\" class=\"yoast-schema-graph\">{\"@context\":\"https:\/\/schema.org\",\"@graph\":[{\"@type\":\"WebPage\",\"@id\":\"https:\/\/beebipood.ee\/ru\/produkt\/twistshake-luxury-vannikomplekt-grey\/\",\"url\":\"https:\/\/beebipood.ee\/ru\/produkt\/twistshake-luxury-vannikomplekt-grey\/\",\"name\":\"Bebe-Jou Sense Edition beebivann ja Sense vannijalad, v\u00e4rvivalik, \u041f\u0440\u0438\u043d\u0430\u0434\u043b\u0435\u0436\u043d\u043e\u0441\u0442\u0438 \u0434\u043b\u044f \u043c\u043b\u0430\u0434\u0435\u043d\u0446\u0435\u0432, \u0412\u0430\u043d\u043d\u044b \u0438 \u0430\u043a\u0441\u0435\u0441\u0441\u0443\u0430\u0440\u044b, Beebipood\",\"isPartOf\":{\"@id\":\"https:\/\/beebipood.ee\/ru\/#website\"},\"primaryImageOfPage\":{\"@id\":\"https:\/\/beebipood.ee\/ru\/produkt\/twistshake-luxury-vannikomplekt-grey\/#primaryimage\"},\"image\":{\"@id\":\"https:\/\/beebipood.ee\/ru\/produkt\/twistshake-luxury-vannikomplekt-grey\/#primaryimage\"},\"thumbnailUrl\":\"https:\/\/beebipood.ee\/wp-content\/uploads\/2026\/01\/twistshake-luxury-vannikomplekt-hall.png\",\"datePublished\":\"2026-01-29T08:24:11+00:00\",\"dateModified\":\"2026-01-29T08:26:53+00:00\",\"description\":\"Bebe-Jou Sense Edition beebivann ja Sense vannijalad, v\u00e4rvivalik, Sense Edition beebivann on t\u00e4iustatud uuendusliku digitaalse termomeetriga.Inte\",\"breadcrumb\":{\"@id\":\"https:\/\/beebipood.ee\/ru\/produkt\/twistshake-luxury-vannikomplekt-grey\/#breadcrumb\"},\"inLanguage\":\"ru-RU\",\"potentialAction\":[{\"@type\":\"ReadAction\",\"target\":[\"https:\/\/beebipood.ee\/ru\/produkt\/twistshake-luxury-vannikomplekt-grey\/\"]}]},{\"@type\":\"ImageObject\",\"inLanguage\":\"ru-RU\",\"@id\":\"https:\/\/beebipood.ee\/ru\/produkt\/twistshake-luxury-vannikomplekt-grey\/#primaryimage\",\"url\":\"https:\/\/beebipood.ee\/wp-content\/uploads\/2026\/01\/twistshake-luxury-vannikomplekt-hall.png\",\"contentUrl\":\"https:\/\/beebipood.ee\/wp-content\/uploads\/2026\/01\/twistshake-luxury-vannikomplekt-hall.png\",\"width\":1080,\"height\":1080},{\"@type\":\"BreadcrumbList\",\"@id\":\"https:\/\/beebipood.ee\/ru\/produkt\/twistshake-luxury-vannikomplekt-grey\/#breadcrumb\",\"itemListElement\":[{\"@type\":\"ListItem\",\"position\":1,\"name\":\"Home\",\"item\":\"https:\/\/beebipood.ee\/ru\/\"},{\"@type\":\"ListItem\",\"position\":2,\"name\":\"\u041a\u0430\u0442\u0430\u043b\u043e\u0433 \u0442\u043e\u0432\u0430\u0440\u043e\u0432\",\"item\":\"https:\/\/beebipood.ee\/tooted\/\"},{\"@type\":\"ListItem\",\"position\":3,\"name\":\"Twistshake Luxury vannikomplekt, Grey\"}]},{\"@type\":\"WebSite\",\"@id\":\"https:\/\/beebipood.ee\/ru\/#website\",\"url\":\"https:\/\/beebipood.ee\/ru\/\",\"name\":\"Beebipood\",\"description\":\"Lastekaubad, beebikaubad, m\u00e4nguasjad\",\"publisher\":{\"@id\":\"https:\/\/beebipood.ee\/ru\/#organization\"},\"potentialAction\":[{\"@type\":\"SearchAction\",\"target\":{\"@type\":\"EntryPoint\",\"urlTemplate\":\"https:\/\/beebipood.ee\/ru\/?s={search_term_string}\"},\"query-input\":{\"@type\":\"PropertyValueSpecification\",\"valueRequired\":true,\"valueName\":\"search_term_string\"}}],\"inLanguage\":\"ru-RU\"},{\"@type\":\"Organization\",\"@id\":\"https:\/\/beebipood.ee\/ru\/#organization\",\"name\":\"Beebipood\",\"url\":\"https:\/\/beebipood.ee\/ru\/\",\"logo\":{\"@type\":\"ImageObject\",\"inLanguage\":\"ru-RU\",\"@id\":\"https:\/\/beebipood.ee\/ru\/#\/schema\/logo\/image\/\",\"url\":\"https:\/\/beebipood.ee\/wp-content\/uploads\/2025\/03\/beebipood.ee-logo-1.svg\",\"contentUrl\":\"https:\/\/beebipood.ee\/wp-content\/uploads\/2025\/03\/beebipood.ee-logo-1.svg\",\"caption\":\"Beebipood\"},\"image\":{\"@id\":\"https:\/\/beebipood.ee\/ru\/#\/schema\/logo\/image\/\"}}]}<\/script>\n<!-- \/ Yoast SEO plugin. -->","yoast_head_json":{"title":"Bebe-Jou Sense Edition beebivann ja Sense vannijalad, v\u00e4rvivalik, \u041f\u0440\u0438\u043d\u0430\u0434\u043b\u0435\u0436\u043d\u043e\u0441\u0442\u0438 \u0434\u043b\u044f \u043c\u043b\u0430\u0434\u0435\u043d\u0446\u0435\u0432, \u0412\u0430\u043d\u043d\u044b \u0438 \u0430\u043a\u0441\u0435\u0441\u0441\u0443\u0430\u0440\u044b, Beebipood","description":"Bebe-Jou Sense Edition beebivann ja Sense vannijalad, v\u00e4rvivalik, Sense Edition beebivann on t\u00e4iustatud uuendusliku digitaalse termomeetriga.Inte","robots":{"index":"index","follow":"follow","max-snippet":"max-snippet:-1","max-image-preview":"max-image-preview:large","max-video-preview":"max-video-preview:-1"},"canonical":"https:\/\/beebipood.ee\/ru\/produkt\/twistshake-luxury-vannikomplekt-grey\/","og_locale":"ru_RU","og_type":"article","og_title":"Bebe-Jou Sense Edition beebivann ja Sense vannijalad, v\u00e4rvivalik, \u041f\u0440\u0438\u043d\u0430\u0434\u043b\u0435\u0436\u043d\u043e\u0441\u0442\u0438 \u0434\u043b\u044f \u043c\u043b\u0430\u0434\u0435\u043d\u0446\u0435\u0432, \u0412\u0430\u043d\u043d\u044b \u0438 \u0430\u043a\u0441\u0435\u0441\u0441\u0443\u0430\u0440\u044b, Beebipood","og_description":"Bebe-Jou Sense Edition beebivann ja Sense vannijalad, v\u00e4rvivalik, Sense Edition beebivann on t\u00e4iustatud uuendusliku digitaalse termomeetriga.Inte","og_url":"https:\/\/beebipood.ee\/ru\/produkt\/twistshake-luxury-vannikomplekt-grey\/","og_site_name":"Beebipood","article_modified_time":"2026-01-29T08:26:53+00:00","og_image":[{"width":1080,"height":1080,"url":"https:\/\/beebipood.ee\/wp-content\/uploads\/2026\/01\/twistshake-luxury-vannikomplekt-hall.png","type":"image\/png"}],"twitter_card":"summary_large_image","twitter_misc":{"\u041f\u0440\u0438\u043c\u0435\u0440\u043d\u043e\u0435 \u0432\u0440\u0435\u043c\u044f \u0434\u043b\u044f \u0447\u0442\u0435\u043d\u0438\u044f":"2 \u043c\u0438\u043d\u0443\u0442\u044b"},"schema":{"@context":"https:\/\/schema.org","@graph":[{"@type":"WebPage","@id":"https:\/\/beebipood.ee\/ru\/produkt\/twistshake-luxury-vannikomplekt-grey\/","url":"https:\/\/beebipood.ee\/ru\/produkt\/twistshake-luxury-vannikomplekt-grey\/","name":"Bebe-Jou Sense Edition beebivann ja Sense vannijalad, v\u00e4rvivalik, \u041f\u0440\u0438\u043d\u0430\u0434\u043b\u0435\u0436\u043d\u043e\u0441\u0442\u0438 \u0434\u043b\u044f \u043c\u043b\u0430\u0434\u0435\u043d\u0446\u0435\u0432, \u0412\u0430\u043d\u043d\u044b \u0438 \u0430\u043a\u0441\u0435\u0441\u0441\u0443\u0430\u0440\u044b, Beebipood","isPartOf":{"@id":"https:\/\/beebipood.ee\/ru\/#website"},"primaryImageOfPage":{"@id":"https:\/\/beebipood.ee\/ru\/produkt\/twistshake-luxury-vannikomplekt-grey\/#primaryimage"},"image":{"@id":"https:\/\/beebipood.ee\/ru\/produkt\/twistshake-luxury-vannikomplekt-grey\/#primaryimage"},"thumbnailUrl":"https:\/\/beebipood.ee\/wp-content\/uploads\/2026\/01\/twistshake-luxury-vannikomplekt-hall.png","datePublished":"2026-01-29T08:24:11+00:00","dateModified":"2026-01-29T08:26:53+00:00","description":"Bebe-Jou Sense Edition beebivann ja Sense vannijalad, v\u00e4rvivalik, Sense Edition beebivann on t\u00e4iustatud uuendusliku digitaalse termomeetriga.Inte","breadcrumb":{"@id":"https:\/\/beebipood.ee\/ru\/produkt\/twistshake-luxury-vannikomplekt-grey\/#breadcrumb"},"inLanguage":"ru-RU","potentialAction":[{"@type":"ReadAction","target":["https:\/\/beebipood.ee\/ru\/produkt\/twistshake-luxury-vannikomplekt-grey\/"]}]},{"@type":"ImageObject","inLanguage":"ru-RU","@id":"https:\/\/beebipood.ee\/ru\/produkt\/twistshake-luxury-vannikomplekt-grey\/#primaryimage","url":"https:\/\/beebipood.ee\/wp-content\/uploads\/2026\/01\/twistshake-luxury-vannikomplekt-hall.png","contentUrl":"https:\/\/beebipood.ee\/wp-content\/uploads\/2026\/01\/twistshake-luxury-vannikomplekt-hall.png","width":1080,"height":1080},{"@type":"BreadcrumbList","@id":"https:\/\/beebipood.ee\/ru\/produkt\/twistshake-luxury-vannikomplekt-grey\/#breadcrumb","itemListElement":[{"@type":"ListItem","position":1,"name":"Home","item":"https:\/\/beebipood.ee\/ru\/"},{"@type":"ListItem","position":2,"name":"\u041a\u0430\u0442\u0430\u043b\u043e\u0433 \u0442\u043e\u0432\u0430\u0440\u043e\u0432","item":"https:\/\/beebipood.ee\/tooted\/"},{"@type":"ListItem","position":3,"name":"Twistshake Luxury vannikomplekt, Grey"}]},{"@type":"WebSite","@id":"https:\/\/beebipood.ee\/ru\/#website","url":"https:\/\/beebipood.ee\/ru\/","name":"Beebipood","description":"Lastekaubad, beebikaubad, m\u00e4nguasjad","publisher":{"@id":"https:\/\/beebipood.ee\/ru\/#organization"},"potentialAction":[{"@type":"SearchAction","target":{"@type":"EntryPoint","urlTemplate":"https:\/\/beebipood.ee\/ru\/?s={search_term_string}"},"query-input":{"@type":"PropertyValueSpecification","valueRequired":true,"valueName":"search_term_string"}}],"inLanguage":"ru-RU"},{"@type":"Organization","@id":"https:\/\/beebipood.ee\/ru\/#organization","name":"Beebipood","url":"https:\/\/beebipood.ee\/ru\/","logo":{"@type":"ImageObject","inLanguage":"ru-RU","@id":"https:\/\/beebipood.ee\/ru\/#\/schema\/logo\/image\/","url":"https:\/\/beebipood.ee\/wp-content\/uploads\/2025\/03\/beebipood.ee-logo-1.svg","contentUrl":"https:\/\/beebipood.ee\/wp-content\/uploads\/2025\/03\/beebipood.ee-logo-1.svg","caption":"Beebipood"},"image":{"@id":"https:\/\/beebipood.ee\/ru\/#\/schema\/logo\/image\/"}}]}},"brands":[{"id":11958,"name":"Twistshake","slug":"twistshake-ru"}],"_links":{"self":[{"href":"https:\/\/beebipood.ee\/ru\/wp-json\/wp\/v2\/product\/510567","targetHints":{"allow":["GET"]}}],"collection":[{"href":"https:\/\/beebipood.ee\/ru\/wp-json\/wp\/v2\/product"}],"about":[{"href":"https:\/\/beebipood.ee\/ru\/wp-json\/wp\/v2\/types\/product"}],"wp:featuredmedia":[{"embeddable":true,"href":"https:\/\/beebipood.ee\/ru\/wp-json\/wp\/v2\/media\/510569"}],"wp:attachment":[{"href":"https:\/\/beebipood.ee\/ru\/wp-json\/wp\/v2\/media?parent=510567"}],"wp:term":[{"taxonomy":"pwb-brand","embeddable":true,"href":"https:\/\/beebipood.ee\/ru\/wp-json\/wp\/v2\/pwb-brand?post=510567"},{"taxonomy":"product_brand","embeddable":true,"href":"https:\/\/beebipood.ee\/ru\/wp-json\/wp\/v2\/product_brand?post=510567"},{"taxonomy":"product_cat","embeddable":true,"href":"https:\/\/beebipood.ee\/ru\/wp-json\/wp\/v2\/product_cat?post=510567"},{"taxonomy":"product_tag","embeddable":true,"href":"https:\/\/beebipood.ee\/ru\/wp-json\/wp\/v2\/product_tag?post=510567"}],"curies":[{"name":"wp","href":"https:\/\/api.w.org\/{rel}","templated":true}]}}