{"id":510726,"date":"2026-02-05T11:54:31","date_gmt":"2026-02-05T09:54:31","guid":{"rendered":"https:\/\/beebipood.ee\/?post_type=product&#038;p=510726"},"modified":"2026-02-05T12:24:49","modified_gmt":"2026-02-05T10:24:49","slug":"we-too-teleskoopiline-mahkmekonteiner-wide-oatmeal","status":"publish","type":"product","link":"https:\/\/beebipood.ee\/ru\/produkt\/we-too-teleskoopiline-mahkmekonteiner-wide-oatmeal\/","title":{"rendered":"We-Too teleskoopiline m\u00e4hkmekonteiner Wide, Oatmeal"},"content":{"rendered":"<p data-start=\"107\" data-end=\"314\"><strong data-start=\"107\" data-end=\"146\">Teleskoopiline m\u00e4hkmekonteiner Wide<\/strong> on eriti mahukas ja praktiline abiline igasse beebiperre. See on loodud vanematele, kes hindavad mugavust, puhtust ja nutikaid lahendusi igap\u00e4evases m\u00e4hkmevahetuses.<\/p>\n<p data-start=\"316\" data-end=\"546\">Konteinerit saab kasutada kahel erineval k\u00f5rgusel ning see mahutab kuni <strong data-start=\"388\" data-end=\"400\">45 m\u00e4het<\/strong> (olenevalt suurusest). T\u00e4iustatud haisulukus\u00fcsteem hoiab ebameeldivad l\u00f5hnad kindlalt konteineri sees, aidates hoida kodu v\u00e4rske ja meeldivana.<\/p>\n<p data-start=\"548\" data-end=\"761\">T\u00e4nu nutikale disainile saab m\u00e4hkmekonteinerit hiljem kasutada ka <strong data-start=\"614\" data-end=\"639\">tavalise pr\u00fcgikastina<\/strong>, lisades eraldi m\u00fc\u00fcdava kaane. See teeb tootest j\u00e4tkusuutliku ja pikaajalise lahenduse, mis kasvab koos pere vajadustega.<\/p>\n<h3 data-start=\"763\" data-end=\"775\">Omadused<\/h3>\n<ul data-start=\"776\" data-end=\"1046\">\n<li data-start=\"776\" data-end=\"814\">\n<p data-start=\"778\" data-end=\"814\">Kasutatav tavaliste pr\u00fcgikottidega<\/p>\n<\/li>\n<li data-start=\"815\" data-end=\"854\">\n<p data-start=\"817\" data-end=\"854\">T\u00f5hus haisulevikut takistav s\u00fcsteem<\/p>\n<\/li>\n<li data-start=\"855\" data-end=\"909\">\n<p data-start=\"857\" data-end=\"909\">Mahutab kuni 45 m\u00e4het (olenevalt m\u00e4hkme suurusest)<\/p>\n<\/li>\n<li data-start=\"910\" data-end=\"951\">\n<p data-start=\"912\" data-end=\"951\">Lihtne ja mugav kasutada ka \u00fche k\u00e4ega<\/p>\n<\/li>\n<li data-start=\"952\" data-end=\"1046\">\n<p data-start=\"954\" data-end=\"1046\">Auhinnatud disain: <strong data-start=\"973\" data-end=\"1012\">Kind + Jugend Innovation Award 2024<\/strong> ja <strong data-start=\"1016\" data-end=\"1046\">Baby Innovation Award 2024<\/strong><\/p>\n<\/li>\n<\/ul>\n<h3 data-start=\"1048\" data-end=\"1069\">Tehnilised andmed<\/h3>\n<ul data-start=\"1070\" data-end=\"1190\">\n<li data-start=\"1070\" data-end=\"1131\">\n<p data-start=\"1072\" data-end=\"1131\"><strong data-start=\"1072\" data-end=\"1083\">M\u00f5\u00f5dud:<\/strong> 25 \u00d7 25 \u00d7 43\u201363 cm (laius \u00d7 s\u00fcgavus \u00d7 k\u00f5rgus)<\/p>\n<\/li>\n<li data-start=\"1132\" data-end=\"1164\">\n<p data-start=\"1134\" data-end=\"1164\"><strong data-start=\"1134\" data-end=\"1148\">Mahutavus:<\/strong> kuni 45 m\u00e4het<\/p>\n<\/li>\n<li data-start=\"1165\" data-end=\"1190\">\n<p data-start=\"1167\" data-end=\"1190\"><strong data-start=\"1167\" data-end=\"1180\">Materjal:<\/strong> plastik<\/p>\n<\/li>\n<\/ul>\n","protected":false},"excerpt":{"rendered":"<p>Teleskoopiline m\u00e4hkmekonteiner Wide on eriti mahukas ja praktiline abiline igasse beebiperre. See on loodud vanematele, kes hindavad mugavust, puhtust ja nutikaid lahendusi igap\u00e4evases m\u00e4hkmevahetuses. Konteinerit saab kasutada kahel erineval k\u00f5rgusel ning see mahutab kuni 45 m\u00e4het (olenevalt suurusest). T\u00e4iustatud haisulukus\u00fcsteem hoiab ebameeldivad l\u00f5hnad kindlalt konteineri sees, aidates hoida kodu v\u00e4rske ja meeldivana. T\u00e4nu nutikale disainile [&hellip;]<\/p>\n","protected":false},"featured_media":510734,"template":"","meta":{"_acf_changed":false},"pwb-brand":[],"product_brand":[],"product_cat":[11715,11709],"product_tag":[],"class_list":{"0":"post-510726","1":"product","2":"type-product","3":"status-publish","4":"has-post-thumbnail","6":"product_cat-hugieenitarbed-ru","7":"product_cat-sootmistoolid-beebi-ja-lastetarbed-mahkimine-hugieen-ru","9":"first","10":"onbackorder","11":"taxable","12":"shipping-taxable","13":"purchasable","14":"product-type-simple"},"exclude_global_add_ons":[],"addons":[],"acf":[],"yoast_head":"<!-- This site is optimized with the Yoast SEO plugin v27.1.1 - https:\/\/yoast.com\/product\/yoast-seo-wordpress\/ -->\n<title>We-Too m\u00e4hkmekonteiner, Dark Green, \u041f\u0440\u0438\u043d\u0430\u0434\u043b\u0435\u0436\u043d\u043e\u0441\u0442\u0438 \u0434\u043b\u044f \u043c\u043b\u0430\u0434\u0435\u043d\u0446\u0435\u0432, \u0413\u0438\u0433\u0438\u0435\u043d\u0430, Beebipood<\/title>\n<meta name=\"description\" content=\"We-Too m\u00e4hkmekonteiner, Dark Green, Praktiline We-Too m\u00e4hkmekonteiner,millel on patenteeritud haisuluku s\u00fcsteem.&lt;b\" \/>\n<meta name=\"robots\" content=\"index, follow, max-snippet:-1, max-image-preview:large, max-video-preview:-1\" \/>\n<link rel=\"canonical\" href=\"https:\/\/beebipood.ee\/ru\/produkt\/we-too-teleskoopiline-mahkmekonteiner-wide-oatmeal\/\" \/>\n<meta property=\"og:locale\" content=\"ru_RU\" \/>\n<meta property=\"og:type\" content=\"article\" \/>\n<meta property=\"og:title\" content=\"We-Too m\u00e4hkmekonteiner, Dark Green, \u041f\u0440\u0438\u043d\u0430\u0434\u043b\u0435\u0436\u043d\u043e\u0441\u0442\u0438 \u0434\u043b\u044f \u043c\u043b\u0430\u0434\u0435\u043d\u0446\u0435\u0432, \u0413\u0438\u0433\u0438\u0435\u043d\u0430, Beebipood\" \/>\n<meta property=\"og:description\" content=\"We-Too m\u00e4hkmekonteiner, Dark Green, Praktiline We-Too m\u00e4hkmekonteiner,millel on patenteeritud haisuluku s\u00fcsteem.&lt;b\" \/>\n<meta property=\"og:url\" content=\"https:\/\/beebipood.ee\/ru\/produkt\/we-too-teleskoopiline-mahkmekonteiner-wide-oatmeal\/\" \/>\n<meta property=\"og:site_name\" content=\"Beebipood\" \/>\n<meta property=\"article:modified_time\" content=\"2026-02-05T10:24:49+00:00\" \/>\n<meta property=\"og:image\" content=\"https:\/\/beebipood.ee\/wp-content\/uploads\/2026\/02\/we-too-teleskoopiline-mahkmekonteiner-wide-oat.jpg\" \/>\n\t<meta property=\"og:image:width\" content=\"600\" \/>\n\t<meta property=\"og:image:height\" content=\"600\" \/>\n\t<meta property=\"og:image:type\" content=\"image\/jpeg\" \/>\n<meta name=\"twitter:card\" content=\"summary_large_image\" \/>\n<meta name=\"twitter:label1\" content=\"\u041f\u0440\u0438\u043c\u0435\u0440\u043d\u043e\u0435 \u0432\u0440\u0435\u043c\u044f \u0434\u043b\u044f \u0447\u0442\u0435\u043d\u0438\u044f\" \/>\n\t<meta name=\"twitter:data1\" content=\"1 \u043c\u0438\u043d\u0443\u0442\u0430\" \/>\n<script type=\"application\/ld+json\" class=\"yoast-schema-graph\">{\"@context\":\"https:\/\/schema.org\",\"@graph\":[{\"@type\":\"WebPage\",\"@id\":\"https:\/\/beebipood.ee\/ru\/produkt\/we-too-teleskoopiline-mahkmekonteiner-wide-oatmeal\/\",\"url\":\"https:\/\/beebipood.ee\/ru\/produkt\/we-too-teleskoopiline-mahkmekonteiner-wide-oatmeal\/\",\"name\":\"We-Too m\u00e4hkmekonteiner, Dark Green, \u041f\u0440\u0438\u043d\u0430\u0434\u043b\u0435\u0436\u043d\u043e\u0441\u0442\u0438 \u0434\u043b\u044f \u043c\u043b\u0430\u0434\u0435\u043d\u0446\u0435\u0432, \u0413\u0438\u0433\u0438\u0435\u043d\u0430, Beebipood\",\"isPartOf\":{\"@id\":\"https:\/\/beebipood.ee\/ru\/#website\"},\"primaryImageOfPage\":{\"@id\":\"https:\/\/beebipood.ee\/ru\/produkt\/we-too-teleskoopiline-mahkmekonteiner-wide-oatmeal\/#primaryimage\"},\"image\":{\"@id\":\"https:\/\/beebipood.ee\/ru\/produkt\/we-too-teleskoopiline-mahkmekonteiner-wide-oatmeal\/#primaryimage\"},\"thumbnailUrl\":\"https:\/\/beebipood.ee\/wp-content\/uploads\/2026\/02\/we-too-teleskoopiline-mahkmekonteiner-wide-oat.jpg\",\"datePublished\":\"2026-02-05T09:54:31+00:00\",\"dateModified\":\"2026-02-05T10:24:49+00:00\",\"description\":\"We-Too m\u00e4hkmekonteiner, Dark Green, Praktiline We-Too m\u00e4hkmekonteiner,millel on patenteeritud haisuluku s\u00fcsteem.&lt;b\",\"breadcrumb\":{\"@id\":\"https:\/\/beebipood.ee\/ru\/produkt\/we-too-teleskoopiline-mahkmekonteiner-wide-oatmeal\/#breadcrumb\"},\"inLanguage\":\"ru-RU\",\"potentialAction\":[{\"@type\":\"ReadAction\",\"target\":[\"https:\/\/beebipood.ee\/ru\/produkt\/we-too-teleskoopiline-mahkmekonteiner-wide-oatmeal\/\"]}]},{\"@type\":\"ImageObject\",\"inLanguage\":\"ru-RU\",\"@id\":\"https:\/\/beebipood.ee\/ru\/produkt\/we-too-teleskoopiline-mahkmekonteiner-wide-oatmeal\/#primaryimage\",\"url\":\"https:\/\/beebipood.ee\/wp-content\/uploads\/2026\/02\/we-too-teleskoopiline-mahkmekonteiner-wide-oat.jpg\",\"contentUrl\":\"https:\/\/beebipood.ee\/wp-content\/uploads\/2026\/02\/we-too-teleskoopiline-mahkmekonteiner-wide-oat.jpg\",\"width\":600,\"height\":600},{\"@type\":\"BreadcrumbList\",\"@id\":\"https:\/\/beebipood.ee\/ru\/produkt\/we-too-teleskoopiline-mahkmekonteiner-wide-oatmeal\/#breadcrumb\",\"itemListElement\":[{\"@type\":\"ListItem\",\"position\":1,\"name\":\"Home\",\"item\":\"https:\/\/beebipood.ee\/ru\/\"},{\"@type\":\"ListItem\",\"position\":2,\"name\":\"\u041a\u0430\u0442\u0430\u043b\u043e\u0433 \u0442\u043e\u0432\u0430\u0440\u043e\u0432\",\"item\":\"https:\/\/beebipood.ee\/tooted\/\"},{\"@type\":\"ListItem\",\"position\":3,\"name\":\"We-Too teleskoopiline m\u00e4hkmekonteiner Wide, Oatmeal\"}]},{\"@type\":\"WebSite\",\"@id\":\"https:\/\/beebipood.ee\/ru\/#website\",\"url\":\"https:\/\/beebipood.ee\/ru\/\",\"name\":\"Beebipood\",\"description\":\"Lastekaubad, beebikaubad, m\u00e4nguasjad\",\"publisher\":{\"@id\":\"https:\/\/beebipood.ee\/ru\/#organization\"},\"potentialAction\":[{\"@type\":\"SearchAction\",\"target\":{\"@type\":\"EntryPoint\",\"urlTemplate\":\"https:\/\/beebipood.ee\/ru\/?s={search_term_string}\"},\"query-input\":{\"@type\":\"PropertyValueSpecification\",\"valueRequired\":true,\"valueName\":\"search_term_string\"}}],\"inLanguage\":\"ru-RU\"},{\"@type\":\"Organization\",\"@id\":\"https:\/\/beebipood.ee\/ru\/#organization\",\"name\":\"Beebipood\",\"url\":\"https:\/\/beebipood.ee\/ru\/\",\"logo\":{\"@type\":\"ImageObject\",\"inLanguage\":\"ru-RU\",\"@id\":\"https:\/\/beebipood.ee\/ru\/#\/schema\/logo\/image\/\",\"url\":\"https:\/\/beebipood.ee\/wp-content\/uploads\/2025\/03\/beebipood.ee-logo-1.svg\",\"contentUrl\":\"https:\/\/beebipood.ee\/wp-content\/uploads\/2025\/03\/beebipood.ee-logo-1.svg\",\"caption\":\"Beebipood\"},\"image\":{\"@id\":\"https:\/\/beebipood.ee\/ru\/#\/schema\/logo\/image\/\"}}]}<\/script>\n<!-- \/ Yoast SEO plugin. -->","yoast_head_json":{"title":"We-Too m\u00e4hkmekonteiner, Dark Green, \u041f\u0440\u0438\u043d\u0430\u0434\u043b\u0435\u0436\u043d\u043e\u0441\u0442\u0438 \u0434\u043b\u044f \u043c\u043b\u0430\u0434\u0435\u043d\u0446\u0435\u0432, \u0413\u0438\u0433\u0438\u0435\u043d\u0430, Beebipood","description":"We-Too m\u00e4hkmekonteiner, Dark Green, Praktiline We-Too m\u00e4hkmekonteiner,millel on patenteeritud haisuluku s\u00fcsteem.&lt;b","robots":{"index":"index","follow":"follow","max-snippet":"max-snippet:-1","max-image-preview":"max-image-preview:large","max-video-preview":"max-video-preview:-1"},"canonical":"https:\/\/beebipood.ee\/ru\/produkt\/we-too-teleskoopiline-mahkmekonteiner-wide-oatmeal\/","og_locale":"ru_RU","og_type":"article","og_title":"We-Too m\u00e4hkmekonteiner, Dark Green, \u041f\u0440\u0438\u043d\u0430\u0434\u043b\u0435\u0436\u043d\u043e\u0441\u0442\u0438 \u0434\u043b\u044f \u043c\u043b\u0430\u0434\u0435\u043d\u0446\u0435\u0432, \u0413\u0438\u0433\u0438\u0435\u043d\u0430, Beebipood","og_description":"We-Too m\u00e4hkmekonteiner, Dark Green, Praktiline We-Too m\u00e4hkmekonteiner,millel on patenteeritud haisuluku s\u00fcsteem.&lt;b","og_url":"https:\/\/beebipood.ee\/ru\/produkt\/we-too-teleskoopiline-mahkmekonteiner-wide-oatmeal\/","og_site_name":"Beebipood","article_modified_time":"2026-02-05T10:24:49+00:00","og_image":[{"width":600,"height":600,"url":"https:\/\/beebipood.ee\/wp-content\/uploads\/2026\/02\/we-too-teleskoopiline-mahkmekonteiner-wide-oat.jpg","type":"image\/jpeg"}],"twitter_card":"summary_large_image","twitter_misc":{"\u041f\u0440\u0438\u043c\u0435\u0440\u043d\u043e\u0435 \u0432\u0440\u0435\u043c\u044f \u0434\u043b\u044f \u0447\u0442\u0435\u043d\u0438\u044f":"1 \u043c\u0438\u043d\u0443\u0442\u0430"},"schema":{"@context":"https:\/\/schema.org","@graph":[{"@type":"WebPage","@id":"https:\/\/beebipood.ee\/ru\/produkt\/we-too-teleskoopiline-mahkmekonteiner-wide-oatmeal\/","url":"https:\/\/beebipood.ee\/ru\/produkt\/we-too-teleskoopiline-mahkmekonteiner-wide-oatmeal\/","name":"We-Too m\u00e4hkmekonteiner, Dark Green, \u041f\u0440\u0438\u043d\u0430\u0434\u043b\u0435\u0436\u043d\u043e\u0441\u0442\u0438 \u0434\u043b\u044f \u043c\u043b\u0430\u0434\u0435\u043d\u0446\u0435\u0432, \u0413\u0438\u0433\u0438\u0435\u043d\u0430, Beebipood","isPartOf":{"@id":"https:\/\/beebipood.ee\/ru\/#website"},"primaryImageOfPage":{"@id":"https:\/\/beebipood.ee\/ru\/produkt\/we-too-teleskoopiline-mahkmekonteiner-wide-oatmeal\/#primaryimage"},"image":{"@id":"https:\/\/beebipood.ee\/ru\/produkt\/we-too-teleskoopiline-mahkmekonteiner-wide-oatmeal\/#primaryimage"},"thumbnailUrl":"https:\/\/beebipood.ee\/wp-content\/uploads\/2026\/02\/we-too-teleskoopiline-mahkmekonteiner-wide-oat.jpg","datePublished":"2026-02-05T09:54:31+00:00","dateModified":"2026-02-05T10:24:49+00:00","description":"We-Too m\u00e4hkmekonteiner, Dark Green, Praktiline We-Too m\u00e4hkmekonteiner,millel on patenteeritud haisuluku s\u00fcsteem.&lt;b","breadcrumb":{"@id":"https:\/\/beebipood.ee\/ru\/produkt\/we-too-teleskoopiline-mahkmekonteiner-wide-oatmeal\/#breadcrumb"},"inLanguage":"ru-RU","potentialAction":[{"@type":"ReadAction","target":["https:\/\/beebipood.ee\/ru\/produkt\/we-too-teleskoopiline-mahkmekonteiner-wide-oatmeal\/"]}]},{"@type":"ImageObject","inLanguage":"ru-RU","@id":"https:\/\/beebipood.ee\/ru\/produkt\/we-too-teleskoopiline-mahkmekonteiner-wide-oatmeal\/#primaryimage","url":"https:\/\/beebipood.ee\/wp-content\/uploads\/2026\/02\/we-too-teleskoopiline-mahkmekonteiner-wide-oat.jpg","contentUrl":"https:\/\/beebipood.ee\/wp-content\/uploads\/2026\/02\/we-too-teleskoopiline-mahkmekonteiner-wide-oat.jpg","width":600,"height":600},{"@type":"BreadcrumbList","@id":"https:\/\/beebipood.ee\/ru\/produkt\/we-too-teleskoopiline-mahkmekonteiner-wide-oatmeal\/#breadcrumb","itemListElement":[{"@type":"ListItem","position":1,"name":"Home","item":"https:\/\/beebipood.ee\/ru\/"},{"@type":"ListItem","position":2,"name":"\u041a\u0430\u0442\u0430\u043b\u043e\u0433 \u0442\u043e\u0432\u0430\u0440\u043e\u0432","item":"https:\/\/beebipood.ee\/tooted\/"},{"@type":"ListItem","position":3,"name":"We-Too teleskoopiline m\u00e4hkmekonteiner Wide, Oatmeal"}]},{"@type":"WebSite","@id":"https:\/\/beebipood.ee\/ru\/#website","url":"https:\/\/beebipood.ee\/ru\/","name":"Beebipood","description":"Lastekaubad, beebikaubad, m\u00e4nguasjad","publisher":{"@id":"https:\/\/beebipood.ee\/ru\/#organization"},"potentialAction":[{"@type":"SearchAction","target":{"@type":"EntryPoint","urlTemplate":"https:\/\/beebipood.ee\/ru\/?s={search_term_string}"},"query-input":{"@type":"PropertyValueSpecification","valueRequired":true,"valueName":"search_term_string"}}],"inLanguage":"ru-RU"},{"@type":"Organization","@id":"https:\/\/beebipood.ee\/ru\/#organization","name":"Beebipood","url":"https:\/\/beebipood.ee\/ru\/","logo":{"@type":"ImageObject","inLanguage":"ru-RU","@id":"https:\/\/beebipood.ee\/ru\/#\/schema\/logo\/image\/","url":"https:\/\/beebipood.ee\/wp-content\/uploads\/2025\/03\/beebipood.ee-logo-1.svg","contentUrl":"https:\/\/beebipood.ee\/wp-content\/uploads\/2025\/03\/beebipood.ee-logo-1.svg","caption":"Beebipood"},"image":{"@id":"https:\/\/beebipood.ee\/ru\/#\/schema\/logo\/image\/"}}]}},"brands":[],"_links":{"self":[{"href":"https:\/\/beebipood.ee\/ru\/wp-json\/wp\/v2\/product\/510726","targetHints":{"allow":["GET"]}}],"collection":[{"href":"https:\/\/beebipood.ee\/ru\/wp-json\/wp\/v2\/product"}],"about":[{"href":"https:\/\/beebipood.ee\/ru\/wp-json\/wp\/v2\/types\/product"}],"wp:featuredmedia":[{"embeddable":true,"href":"https:\/\/beebipood.ee\/ru\/wp-json\/wp\/v2\/media\/510734"}],"wp:attachment":[{"href":"https:\/\/beebipood.ee\/ru\/wp-json\/wp\/v2\/media?parent=510726"}],"wp:term":[{"taxonomy":"pwb-brand","embeddable":true,"href":"https:\/\/beebipood.ee\/ru\/wp-json\/wp\/v2\/pwb-brand?post=510726"},{"taxonomy":"product_brand","embeddable":true,"href":"https:\/\/beebipood.ee\/ru\/wp-json\/wp\/v2\/product_brand?post=510726"},{"taxonomy":"product_cat","embeddable":true,"href":"https:\/\/beebipood.ee\/ru\/wp-json\/wp\/v2\/product_cat?post=510726"},{"taxonomy":"product_tag","embeddable":true,"href":"https:\/\/beebipood.ee\/ru\/wp-json\/wp\/v2\/product_tag?post=510726"}],"curies":[{"name":"wp","href":"https:\/\/api.w.org\/{rel}","templated":true}]}}