{"id":510742,"date":"2026-02-05T12:16:30","date_gmt":"2026-02-05T10:16:30","guid":{"rendered":"https:\/\/beebipood.ee\/?post_type=product&#038;p=510742"},"modified":"2026-02-05T12:22:17","modified_gmt":"2026-02-05T10:22:17","slug":"we-too-teleskoopiline-mahkmekonteiner-slim-oatmeal","status":"publish","type":"product","link":"https:\/\/beebipood.ee\/ru\/produkt\/we-too-teleskoopiline-mahkmekonteiner-slim-oatmeal\/","title":{"rendered":"We-Too teleskoopiline m\u00e4hkmekonteiner Slim, Oatmeal"},"content":{"rendered":"<p data-start=\"132\" data-end=\"403\"><strong data-start=\"132\" data-end=\"171\">Teleskoopiline m\u00e4hkmekonteiner Slim<\/strong> on praktiline ja stiilne abiline igasse beebiperre. T\u00e4nu nutikale teleskoopilisele disainile saab konteinerit kasutada kahel erineval k\u00f5rgusel, et see sobituks mugavalt nii vanemate igap\u00e4evase rutiini kui ka beebitoa sisustusega.<\/p>\n<p data-start=\"405\" data-end=\"654\">Konteiner mahutab kuni <strong data-start=\"428\" data-end=\"440\">35 m\u00e4het<\/strong> ning selle t\u00f5hus haisulukus\u00fcsteem hoiab ebameeldivad l\u00f5hnad kindlalt konteineri sees \u2013 nii p\u00fcsib kodu v\u00e4rske ja puhas. Hea uudis lapsevanematele: eraldi sisusid ei ole vaja osta, kasutada saab tavalisi pr\u00fcgikotte.<\/p>\n<h3 data-start=\"656\" data-end=\"668\">Omadused<\/h3>\n<ul data-start=\"669\" data-end=\"935\">\n<li data-start=\"669\" data-end=\"716\">\n<p data-start=\"671\" data-end=\"716\">Sobib kasutamiseks tavaliste pr\u00fcgikottidega<\/p>\n<\/li>\n<li data-start=\"717\" data-end=\"756\">\n<p data-start=\"719\" data-end=\"756\">T\u00f5hus haisulevikut takistav s\u00fcsteem<\/p>\n<\/li>\n<li data-start=\"757\" data-end=\"811\">\n<p data-start=\"759\" data-end=\"811\">Mahutab kuni 35 m\u00e4het (olenevalt m\u00e4hkme suurusest)<\/p>\n<\/li>\n<li data-start=\"812\" data-end=\"840\">\n<p data-start=\"814\" data-end=\"840\">Mugav kasutada \u00fche k\u00e4ega<\/p>\n<\/li>\n<li data-start=\"841\" data-end=\"935\">\n<p data-start=\"843\" data-end=\"935\">Auhinnatud disain: <strong data-start=\"862\" data-end=\"901\">Kind + Jugend Innovation Award 2024<\/strong> ja <strong data-start=\"905\" data-end=\"935\">Baby Innovation Award 2024<\/strong><\/p>\n<\/li>\n<\/ul>\n<h3 data-start=\"937\" data-end=\"958\">Tehnilised andmed<\/h3>\n<ul data-start=\"959\" data-end=\"1067\">\n<li data-start=\"959\" data-end=\"1016\">\n<p data-start=\"961\" data-end=\"1016\">M\u00f5\u00f5dud: 25 \u00d7 25 \u00d7 43\u201363 cm (laius \u00d7 s\u00fcgavus \u00d7 k\u00f5rgus)<\/p>\n<\/li>\n<li data-start=\"1017\" data-end=\"1045\">\n<p data-start=\"1019\" data-end=\"1045\">Mahutavus: kuni 35 m\u00e4het<\/p>\n<\/li>\n<li data-start=\"1046\" data-end=\"1067\">\n<p data-start=\"1048\" data-end=\"1067\">Materjal: plastik<\/p>\n<\/li>\n<\/ul>\n","protected":false},"excerpt":{"rendered":"<p>Teleskoopiline m\u00e4hkmekonteiner Slim on praktiline ja stiilne abiline igasse beebiperre. T\u00e4nu nutikale teleskoopilisele disainile saab konteinerit kasutada kahel erineval k\u00f5rgusel, et see sobituks mugavalt nii vanemate igap\u00e4evase rutiini kui ka beebitoa sisustusega. Konteiner mahutab kuni 35 m\u00e4het ning selle t\u00f5hus haisulukus\u00fcsteem hoiab ebameeldivad l\u00f5hnad kindlalt konteineri sees \u2013 nii p\u00fcsib kodu v\u00e4rske ja puhas. Hea [&hellip;]<\/p>\n","protected":false},"featured_media":510732,"template":"","meta":{"_acf_changed":false},"pwb-brand":[],"product_brand":[],"product_cat":[11715,11709],"product_tag":[],"class_list":{"0":"post-510742","1":"product","2":"type-product","3":"status-publish","4":"has-post-thumbnail","6":"product_cat-hugieenitarbed-ru","7":"product_cat-sootmistoolid-beebi-ja-lastetarbed-mahkimine-hugieen-ru","9":"first","10":"onbackorder","11":"taxable","12":"shipping-taxable","13":"purchasable","14":"product-type-simple"},"exclude_global_add_ons":[],"addons":[],"acf":[],"yoast_head":"<!-- This site is optimized with the Yoast SEO plugin v27.1.1 - https:\/\/yoast.com\/product\/yoast-seo-wordpress\/ -->\n<title>We-Too m\u00e4hkmekonteiner, Dark Green, \u041f\u0440\u0438\u043d\u0430\u0434\u043b\u0435\u0436\u043d\u043e\u0441\u0442\u0438 \u0434\u043b\u044f \u043c\u043b\u0430\u0434\u0435\u043d\u0446\u0435\u0432, \u0413\u0438\u0433\u0438\u0435\u043d\u0430, Beebipood<\/title>\n<meta name=\"description\" content=\"We-Too m\u00e4hkmekonteiner, Dark Green, Praktiline We-Too m\u00e4hkmekonteiner,millel on patenteeritud haisuluku s\u00fcsteem.&lt;b\" \/>\n<meta name=\"robots\" content=\"index, follow, max-snippet:-1, max-image-preview:large, max-video-preview:-1\" \/>\n<link rel=\"canonical\" href=\"https:\/\/beebipood.ee\/ru\/produkt\/we-too-teleskoopiline-mahkmekonteiner-slim-oatmeal\/\" \/>\n<meta property=\"og:locale\" content=\"ru_RU\" \/>\n<meta property=\"og:type\" content=\"article\" \/>\n<meta property=\"og:title\" content=\"We-Too m\u00e4hkmekonteiner, Dark Green, \u041f\u0440\u0438\u043d\u0430\u0434\u043b\u0435\u0436\u043d\u043e\u0441\u0442\u0438 \u0434\u043b\u044f \u043c\u043b\u0430\u0434\u0435\u043d\u0446\u0435\u0432, \u0413\u0438\u0433\u0438\u0435\u043d\u0430, Beebipood\" \/>\n<meta property=\"og:description\" content=\"We-Too m\u00e4hkmekonteiner, Dark Green, Praktiline We-Too m\u00e4hkmekonteiner,millel on patenteeritud haisuluku s\u00fcsteem.&lt;b\" \/>\n<meta property=\"og:url\" content=\"https:\/\/beebipood.ee\/ru\/produkt\/we-too-teleskoopiline-mahkmekonteiner-slim-oatmeal\/\" \/>\n<meta property=\"og:site_name\" content=\"Beebipood\" \/>\n<meta property=\"article:modified_time\" content=\"2026-02-05T10:22:17+00:00\" \/>\n<meta property=\"og:image\" content=\"https:\/\/beebipood.ee\/wp-content\/uploads\/2026\/02\/we-too-teleskoopiline-mahkmekonteiner-slim-oat2.jpg\" \/>\n\t<meta property=\"og:image:width\" content=\"600\" \/>\n\t<meta property=\"og:image:height\" content=\"600\" \/>\n\t<meta property=\"og:image:type\" content=\"image\/jpeg\" \/>\n<meta name=\"twitter:card\" content=\"summary_large_image\" \/>\n<meta name=\"twitter:label1\" content=\"\u041f\u0440\u0438\u043c\u0435\u0440\u043d\u043e\u0435 \u0432\u0440\u0435\u043c\u044f \u0434\u043b\u044f \u0447\u0442\u0435\u043d\u0438\u044f\" \/>\n\t<meta name=\"twitter:data1\" content=\"1 \u043c\u0438\u043d\u0443\u0442\u0430\" \/>\n<script type=\"application\/ld+json\" class=\"yoast-schema-graph\">{\"@context\":\"https:\/\/schema.org\",\"@graph\":[{\"@type\":\"WebPage\",\"@id\":\"https:\/\/beebipood.ee\/ru\/produkt\/we-too-teleskoopiline-mahkmekonteiner-slim-oatmeal\/\",\"url\":\"https:\/\/beebipood.ee\/ru\/produkt\/we-too-teleskoopiline-mahkmekonteiner-slim-oatmeal\/\",\"name\":\"We-Too m\u00e4hkmekonteiner, Dark Green, \u041f\u0440\u0438\u043d\u0430\u0434\u043b\u0435\u0436\u043d\u043e\u0441\u0442\u0438 \u0434\u043b\u044f \u043c\u043b\u0430\u0434\u0435\u043d\u0446\u0435\u0432, \u0413\u0438\u0433\u0438\u0435\u043d\u0430, Beebipood\",\"isPartOf\":{\"@id\":\"https:\/\/beebipood.ee\/ru\/#website\"},\"primaryImageOfPage\":{\"@id\":\"https:\/\/beebipood.ee\/ru\/produkt\/we-too-teleskoopiline-mahkmekonteiner-slim-oatmeal\/#primaryimage\"},\"image\":{\"@id\":\"https:\/\/beebipood.ee\/ru\/produkt\/we-too-teleskoopiline-mahkmekonteiner-slim-oatmeal\/#primaryimage\"},\"thumbnailUrl\":\"https:\/\/beebipood.ee\/wp-content\/uploads\/2026\/02\/we-too-teleskoopiline-mahkmekonteiner-slim-oat2.jpg\",\"datePublished\":\"2026-02-05T10:16:30+00:00\",\"dateModified\":\"2026-02-05T10:22:17+00:00\",\"description\":\"We-Too m\u00e4hkmekonteiner, Dark Green, Praktiline We-Too m\u00e4hkmekonteiner,millel on patenteeritud haisuluku s\u00fcsteem.&lt;b\",\"breadcrumb\":{\"@id\":\"https:\/\/beebipood.ee\/ru\/produkt\/we-too-teleskoopiline-mahkmekonteiner-slim-oatmeal\/#breadcrumb\"},\"inLanguage\":\"ru-RU\",\"potentialAction\":[{\"@type\":\"ReadAction\",\"target\":[\"https:\/\/beebipood.ee\/ru\/produkt\/we-too-teleskoopiline-mahkmekonteiner-slim-oatmeal\/\"]}]},{\"@type\":\"ImageObject\",\"inLanguage\":\"ru-RU\",\"@id\":\"https:\/\/beebipood.ee\/ru\/produkt\/we-too-teleskoopiline-mahkmekonteiner-slim-oatmeal\/#primaryimage\",\"url\":\"https:\/\/beebipood.ee\/wp-content\/uploads\/2026\/02\/we-too-teleskoopiline-mahkmekonteiner-slim-oat2.jpg\",\"contentUrl\":\"https:\/\/beebipood.ee\/wp-content\/uploads\/2026\/02\/we-too-teleskoopiline-mahkmekonteiner-slim-oat2.jpg\",\"width\":600,\"height\":600},{\"@type\":\"BreadcrumbList\",\"@id\":\"https:\/\/beebipood.ee\/ru\/produkt\/we-too-teleskoopiline-mahkmekonteiner-slim-oatmeal\/#breadcrumb\",\"itemListElement\":[{\"@type\":\"ListItem\",\"position\":1,\"name\":\"Home\",\"item\":\"https:\/\/beebipood.ee\/ru\/\"},{\"@type\":\"ListItem\",\"position\":2,\"name\":\"\u041a\u0430\u0442\u0430\u043b\u043e\u0433 \u0442\u043e\u0432\u0430\u0440\u043e\u0432\",\"item\":\"https:\/\/beebipood.ee\/tooted\/\"},{\"@type\":\"ListItem\",\"position\":3,\"name\":\"We-Too teleskoopiline m\u00e4hkmekonteiner Slim, Oatmeal\"}]},{\"@type\":\"WebSite\",\"@id\":\"https:\/\/beebipood.ee\/ru\/#website\",\"url\":\"https:\/\/beebipood.ee\/ru\/\",\"name\":\"Beebipood\",\"description\":\"Lastekaubad, beebikaubad, m\u00e4nguasjad\",\"publisher\":{\"@id\":\"https:\/\/beebipood.ee\/ru\/#organization\"},\"potentialAction\":[{\"@type\":\"SearchAction\",\"target\":{\"@type\":\"EntryPoint\",\"urlTemplate\":\"https:\/\/beebipood.ee\/ru\/?s={search_term_string}\"},\"query-input\":{\"@type\":\"PropertyValueSpecification\",\"valueRequired\":true,\"valueName\":\"search_term_string\"}}],\"inLanguage\":\"ru-RU\"},{\"@type\":\"Organization\",\"@id\":\"https:\/\/beebipood.ee\/ru\/#organization\",\"name\":\"Beebipood\",\"url\":\"https:\/\/beebipood.ee\/ru\/\",\"logo\":{\"@type\":\"ImageObject\",\"inLanguage\":\"ru-RU\",\"@id\":\"https:\/\/beebipood.ee\/ru\/#\/schema\/logo\/image\/\",\"url\":\"https:\/\/beebipood.ee\/wp-content\/uploads\/2025\/03\/beebipood.ee-logo-1.svg\",\"contentUrl\":\"https:\/\/beebipood.ee\/wp-content\/uploads\/2025\/03\/beebipood.ee-logo-1.svg\",\"caption\":\"Beebipood\"},\"image\":{\"@id\":\"https:\/\/beebipood.ee\/ru\/#\/schema\/logo\/image\/\"}}]}<\/script>\n<!-- \/ Yoast SEO plugin. -->","yoast_head_json":{"title":"We-Too m\u00e4hkmekonteiner, Dark Green, \u041f\u0440\u0438\u043d\u0430\u0434\u043b\u0435\u0436\u043d\u043e\u0441\u0442\u0438 \u0434\u043b\u044f \u043c\u043b\u0430\u0434\u0435\u043d\u0446\u0435\u0432, \u0413\u0438\u0433\u0438\u0435\u043d\u0430, Beebipood","description":"We-Too m\u00e4hkmekonteiner, Dark Green, Praktiline We-Too m\u00e4hkmekonteiner,millel on patenteeritud haisuluku s\u00fcsteem.&lt;b","robots":{"index":"index","follow":"follow","max-snippet":"max-snippet:-1","max-image-preview":"max-image-preview:large","max-video-preview":"max-video-preview:-1"},"canonical":"https:\/\/beebipood.ee\/ru\/produkt\/we-too-teleskoopiline-mahkmekonteiner-slim-oatmeal\/","og_locale":"ru_RU","og_type":"article","og_title":"We-Too m\u00e4hkmekonteiner, Dark Green, \u041f\u0440\u0438\u043d\u0430\u0434\u043b\u0435\u0436\u043d\u043e\u0441\u0442\u0438 \u0434\u043b\u044f \u043c\u043b\u0430\u0434\u0435\u043d\u0446\u0435\u0432, \u0413\u0438\u0433\u0438\u0435\u043d\u0430, Beebipood","og_description":"We-Too m\u00e4hkmekonteiner, Dark Green, Praktiline We-Too m\u00e4hkmekonteiner,millel on patenteeritud haisuluku s\u00fcsteem.&lt;b","og_url":"https:\/\/beebipood.ee\/ru\/produkt\/we-too-teleskoopiline-mahkmekonteiner-slim-oatmeal\/","og_site_name":"Beebipood","article_modified_time":"2026-02-05T10:22:17+00:00","og_image":[{"width":600,"height":600,"url":"https:\/\/beebipood.ee\/wp-content\/uploads\/2026\/02\/we-too-teleskoopiline-mahkmekonteiner-slim-oat2.jpg","type":"image\/jpeg"}],"twitter_card":"summary_large_image","twitter_misc":{"\u041f\u0440\u0438\u043c\u0435\u0440\u043d\u043e\u0435 \u0432\u0440\u0435\u043c\u044f \u0434\u043b\u044f \u0447\u0442\u0435\u043d\u0438\u044f":"1 \u043c\u0438\u043d\u0443\u0442\u0430"},"schema":{"@context":"https:\/\/schema.org","@graph":[{"@type":"WebPage","@id":"https:\/\/beebipood.ee\/ru\/produkt\/we-too-teleskoopiline-mahkmekonteiner-slim-oatmeal\/","url":"https:\/\/beebipood.ee\/ru\/produkt\/we-too-teleskoopiline-mahkmekonteiner-slim-oatmeal\/","name":"We-Too m\u00e4hkmekonteiner, Dark Green, \u041f\u0440\u0438\u043d\u0430\u0434\u043b\u0435\u0436\u043d\u043e\u0441\u0442\u0438 \u0434\u043b\u044f \u043c\u043b\u0430\u0434\u0435\u043d\u0446\u0435\u0432, \u0413\u0438\u0433\u0438\u0435\u043d\u0430, Beebipood","isPartOf":{"@id":"https:\/\/beebipood.ee\/ru\/#website"},"primaryImageOfPage":{"@id":"https:\/\/beebipood.ee\/ru\/produkt\/we-too-teleskoopiline-mahkmekonteiner-slim-oatmeal\/#primaryimage"},"image":{"@id":"https:\/\/beebipood.ee\/ru\/produkt\/we-too-teleskoopiline-mahkmekonteiner-slim-oatmeal\/#primaryimage"},"thumbnailUrl":"https:\/\/beebipood.ee\/wp-content\/uploads\/2026\/02\/we-too-teleskoopiline-mahkmekonteiner-slim-oat2.jpg","datePublished":"2026-02-05T10:16:30+00:00","dateModified":"2026-02-05T10:22:17+00:00","description":"We-Too m\u00e4hkmekonteiner, Dark Green, Praktiline We-Too m\u00e4hkmekonteiner,millel on patenteeritud haisuluku s\u00fcsteem.&lt;b","breadcrumb":{"@id":"https:\/\/beebipood.ee\/ru\/produkt\/we-too-teleskoopiline-mahkmekonteiner-slim-oatmeal\/#breadcrumb"},"inLanguage":"ru-RU","potentialAction":[{"@type":"ReadAction","target":["https:\/\/beebipood.ee\/ru\/produkt\/we-too-teleskoopiline-mahkmekonteiner-slim-oatmeal\/"]}]},{"@type":"ImageObject","inLanguage":"ru-RU","@id":"https:\/\/beebipood.ee\/ru\/produkt\/we-too-teleskoopiline-mahkmekonteiner-slim-oatmeal\/#primaryimage","url":"https:\/\/beebipood.ee\/wp-content\/uploads\/2026\/02\/we-too-teleskoopiline-mahkmekonteiner-slim-oat2.jpg","contentUrl":"https:\/\/beebipood.ee\/wp-content\/uploads\/2026\/02\/we-too-teleskoopiline-mahkmekonteiner-slim-oat2.jpg","width":600,"height":600},{"@type":"BreadcrumbList","@id":"https:\/\/beebipood.ee\/ru\/produkt\/we-too-teleskoopiline-mahkmekonteiner-slim-oatmeal\/#breadcrumb","itemListElement":[{"@type":"ListItem","position":1,"name":"Home","item":"https:\/\/beebipood.ee\/ru\/"},{"@type":"ListItem","position":2,"name":"\u041a\u0430\u0442\u0430\u043b\u043e\u0433 \u0442\u043e\u0432\u0430\u0440\u043e\u0432","item":"https:\/\/beebipood.ee\/tooted\/"},{"@type":"ListItem","position":3,"name":"We-Too teleskoopiline m\u00e4hkmekonteiner Slim, Oatmeal"}]},{"@type":"WebSite","@id":"https:\/\/beebipood.ee\/ru\/#website","url":"https:\/\/beebipood.ee\/ru\/","name":"Beebipood","description":"Lastekaubad, beebikaubad, m\u00e4nguasjad","publisher":{"@id":"https:\/\/beebipood.ee\/ru\/#organization"},"potentialAction":[{"@type":"SearchAction","target":{"@type":"EntryPoint","urlTemplate":"https:\/\/beebipood.ee\/ru\/?s={search_term_string}"},"query-input":{"@type":"PropertyValueSpecification","valueRequired":true,"valueName":"search_term_string"}}],"inLanguage":"ru-RU"},{"@type":"Organization","@id":"https:\/\/beebipood.ee\/ru\/#organization","name":"Beebipood","url":"https:\/\/beebipood.ee\/ru\/","logo":{"@type":"ImageObject","inLanguage":"ru-RU","@id":"https:\/\/beebipood.ee\/ru\/#\/schema\/logo\/image\/","url":"https:\/\/beebipood.ee\/wp-content\/uploads\/2025\/03\/beebipood.ee-logo-1.svg","contentUrl":"https:\/\/beebipood.ee\/wp-content\/uploads\/2025\/03\/beebipood.ee-logo-1.svg","caption":"Beebipood"},"image":{"@id":"https:\/\/beebipood.ee\/ru\/#\/schema\/logo\/image\/"}}]}},"brands":[],"_links":{"self":[{"href":"https:\/\/beebipood.ee\/ru\/wp-json\/wp\/v2\/product\/510742","targetHints":{"allow":["GET"]}}],"collection":[{"href":"https:\/\/beebipood.ee\/ru\/wp-json\/wp\/v2\/product"}],"about":[{"href":"https:\/\/beebipood.ee\/ru\/wp-json\/wp\/v2\/types\/product"}],"wp:featuredmedia":[{"embeddable":true,"href":"https:\/\/beebipood.ee\/ru\/wp-json\/wp\/v2\/media\/510732"}],"wp:attachment":[{"href":"https:\/\/beebipood.ee\/ru\/wp-json\/wp\/v2\/media?parent=510742"}],"wp:term":[{"taxonomy":"pwb-brand","embeddable":true,"href":"https:\/\/beebipood.ee\/ru\/wp-json\/wp\/v2\/pwb-brand?post=510742"},{"taxonomy":"product_brand","embeddable":true,"href":"https:\/\/beebipood.ee\/ru\/wp-json\/wp\/v2\/product_brand?post=510742"},{"taxonomy":"product_cat","embeddable":true,"href":"https:\/\/beebipood.ee\/ru\/wp-json\/wp\/v2\/product_cat?post=510742"},{"taxonomy":"product_tag","embeddable":true,"href":"https:\/\/beebipood.ee\/ru\/wp-json\/wp\/v2\/product_tag?post=510742"}],"curies":[{"name":"wp","href":"https:\/\/api.w.org\/{rel}","templated":true}]}}