{"id":510745,"date":"2026-02-05T12:38:30","date_gmt":"2026-02-05T10:38:30","guid":{"rendered":"https:\/\/beebipood.ee\/?post_type=product&#038;p=510745"},"modified":"2026-02-05T12:44:52","modified_gmt":"2026-02-05T10:44:52","slug":"bebeconfort-fortis-i-size-turvatool-76-150-cm-mineral-black","status":"publish","type":"product","link":"https:\/\/beebipood.ee\/ru\/produkt\/bebeconfort-fortis-i-size-turvatool-76-150-cm-mineral-black\/","title":{"rendered":"Bebeconfort Fortis i-Size turvatool 76\u2013150 cm, Mineral Black"},"content":{"rendered":"<p data-start=\"138\" data-end=\"378\"><strong data-start=\"138\" data-end=\"165\">Kasvav i-Size turvatool<\/strong> on turvaline ja mugav valik lapsele alates umbes 15. elukuust kuni 12. eluaastani (pikkusele <strong data-start=\"259\" data-end=\"272\">76\u2013150 cm<\/strong>). T\u00e4nu nutikale disainile kasvab turvatool koos lapsega, pakkudes igas vanuses vajalikku tuge ja kaitset.<\/p>\n<p data-start=\"380\" data-end=\"624\">Turvatool vastab <strong data-start=\"397\" data-end=\"431\">i-Size (R129) turvastandardile<\/strong> ning on varustatud <strong data-start=\"451\" data-end=\"473\">ISOFIX-kinnitusega<\/strong>, mis tagab kindla ja korrektse paigalduse autos. K\u00f5rge seljatugi ja t\u00f5hus k\u00fclgkaitse aitavad kaitsta lapse pead ja kaela ka k\u00fclgkokkup\u00f5rgete korral.<\/p>\n<p data-start=\"626\" data-end=\"869\">Mugavust lisavad <strong data-start=\"643\" data-end=\"681\">14-asendiline reguleeritav peatugi<\/strong>, \u00fcks lamamisasend ning pehme mugavussisu v\u00e4iksematele lastele. Niiskust imavad kangad ja eemaldatavad, masinpestavad katted muudavad turvatooli igap\u00e4evase kasutamise lihtsaks ja muretuks.<\/p>\n<h3 data-start=\"871\" data-end=\"883\">Omadused<\/h3>\n<ul data-start=\"884\" data-end=\"1421\">\n<li data-start=\"884\" data-end=\"949\">\n<p data-start=\"886\" data-end=\"949\">Sobib lastele pikkusega <strong data-start=\"910\" data-end=\"923\">76\u2013150 cm<\/strong> (u 15 kuud \u2013 12 aastat)<\/p>\n<\/li>\n<li data-start=\"950\" data-end=\"995\">\n<p data-start=\"952\" data-end=\"995\">Vastab <strong data-start=\"959\" data-end=\"976\">i-Size (R129)<\/strong> turvastandardile<\/p>\n<\/li>\n<li data-start=\"996\" data-end=\"1056\">\n<p data-start=\"998\" data-end=\"1056\"><strong data-start=\"998\" data-end=\"1017\">ISOFIX-kinnitus<\/strong> kindlaks ja turvaliseks paigalduseks<\/p>\n<\/li>\n<li data-start=\"1057\" data-end=\"1116\">\n<p data-start=\"1059\" data-end=\"1116\">Kasvab koos lapsega \u2013 sobib v\u00e4ikelapsest kuni koolieani<\/p>\n<\/li>\n<li data-start=\"1117\" data-end=\"1179\">\n<p data-start=\"1119\" data-end=\"1179\"><strong data-start=\"1119\" data-end=\"1155\">14 reguleeritavat peatoe asendit<\/strong> t\u00e4pseks kohandamiseks<\/p>\n<\/li>\n<li data-start=\"1180\" data-end=\"1219\">\n<p data-start=\"1182\" data-end=\"1219\">\u00dcks lamamisasend mugavamaks s\u00f5iduks<\/p>\n<\/li>\n<li data-start=\"1220\" data-end=\"1272\">\n<p data-start=\"1222\" data-end=\"1272\">Pehme ja toetav mugavussisu v\u00e4iksematele lastele<\/p>\n<\/li>\n<li data-start=\"1273\" data-end=\"1343\">\n<p data-start=\"1275\" data-end=\"1343\">K\u00f5rge seljatugi parema pea- ja kaelatoe ning k\u00fclgkaitse tagamiseks<\/p>\n<\/li>\n<li data-start=\"1344\" data-end=\"1370\">\n<p data-start=\"1346\" data-end=\"1370\">Niiskust imavad kangad<\/p>\n<\/li>\n<li data-start=\"1371\" data-end=\"1421\">\n<p data-start=\"1373\" data-end=\"1421\">Eemaldatavad ja <strong data-start=\"1389\" data-end=\"1421\">masinpestavad katted (30 \u00b0C)<\/strong><\/p>\n<\/li>\n<\/ul>\n<h3 data-start=\"1423\" data-end=\"1444\">Tehnilised andmed<\/h3>\n<ul data-start=\"1445\" data-end=\"1673\">\n<li data-start=\"1445\" data-end=\"1471\">\n<p data-start=\"1447\" data-end=\"1471\"><strong data-start=\"1447\" data-end=\"1459\">Sobivus:<\/strong> 76\u2013150 cm<\/p>\n<\/li>\n<li data-start=\"1472\" data-end=\"1516\">\n<p data-start=\"1474\" data-end=\"1516\"><strong data-start=\"1474\" data-end=\"1492\">Vanusevahemik:<\/strong> u 15 kuud \u2013 12 aastat<\/p>\n<\/li>\n<li data-start=\"1517\" data-end=\"1545\">\n<p data-start=\"1519\" data-end=\"1545\"><strong data-start=\"1519\" data-end=\"1536\">Kinnitusviis:<\/strong> ISOFIX<\/p>\n<\/li>\n<li data-start=\"1546\" data-end=\"1582\">\n<p data-start=\"1548\" data-end=\"1582\"><strong data-start=\"1548\" data-end=\"1566\">Turvastandard:<\/strong> i-Size (R129)<\/p>\n<\/li>\n<li data-start=\"1583\" data-end=\"1609\">\n<p data-start=\"1585\" data-end=\"1609\"><strong data-start=\"1585\" data-end=\"1604\">Peatoe asendid:<\/strong> 14<\/p>\n<\/li>\n<li data-start=\"1610\" data-end=\"1635\">\n<p data-start=\"1612\" data-end=\"1635\"><strong data-start=\"1612\" data-end=\"1631\">Lamamisasendid:<\/strong> 1<\/p>\n<\/li>\n<li data-start=\"1636\" data-end=\"1673\">\n<p data-start=\"1638\" data-end=\"1673\"><strong data-start=\"1638\" data-end=\"1653\">S\u00f5idusuund:<\/strong> n\u00e4oga s\u00f5idusuunas<\/p>\n<\/li>\n<\/ul>\n<p data-start=\"1675\" data-end=\"1705\"><strong data-start=\"1675\" data-end=\"1703\">Kinnitamine lapse j\u00e4rgi:<\/strong><\/p>\n<ul data-start=\"1706\" data-end=\"1817\">\n<li data-start=\"1706\" data-end=\"1767\">\n<p data-start=\"1708\" data-end=\"1767\">76\u2013105 cm: 5-punkti turvav\u00f6\u00f6dega (u 15 kuud \u2013 3,5 aastat)<\/p>\n<\/li>\n<li data-start=\"1768\" data-end=\"1817\">\n<p data-start=\"1770\" data-end=\"1817\">100\u2013150 cm: auto turvav\u00f6\u00f6ga (u 3,5 \u2013 12 aastat)<\/p>\n<\/li>\n<\/ul>\n<h3 data-start=\"1819\" data-end=\"1833\">Komplektis<\/h3>\n<ul data-start=\"1834\" data-end=\"1926\">\n<li data-start=\"1834\" data-end=\"1873\">\n<p data-start=\"1836\" data-end=\"1873\">Bebeconfort Fortis i-Size turvatool<\/p>\n<\/li>\n<li data-start=\"1874\" data-end=\"1908\">\n<p data-start=\"1876\" data-end=\"1908\">Mugavussisu v\u00e4iksemale lapsele<\/p>\n<\/li>\n<li data-start=\"1909\" data-end=\"1926\">\n<p data-start=\"1911\" data-end=\"1926\">Kasutusjuhend<\/p>\n<\/li>\n<\/ul>\n","protected":false},"excerpt":{"rendered":"<p>Kasvav i-Size turvatool on turvaline ja mugav valik lapsele alates umbes 15. elukuust kuni 12. eluaastani (pikkusele 76\u2013150 cm). T\u00e4nu nutikale disainile kasvab turvatool koos lapsega, pakkudes igas vanuses vajalikku tuge ja kaitset. Turvatool vastab i-Size (R129) turvastandardile ning on varustatud ISOFIX-kinnitusega, mis tagab kindla ja korrektse paigalduse autos. K\u00f5rge seljatugi ja t\u00f5hus k\u00fclgkaitse aitavad [&hellip;]<\/p>\n","protected":false},"featured_media":510748,"template":"","meta":{"_acf_changed":false},"pwb-brand":[],"product_brand":[],"product_cat":[11575,11727,11737,11791],"product_tag":[],"class_list":{"0":"post-510745","1":"product","2":"type-product","3":"status-publish","4":"has-post-thumbnail","6":"product_cat-uued-tooted-ru","7":"product_cat-turvatoolid-hallid-ru","8":"product_cat-turvatoolid-9-36-kg-ru","9":"product_cat-turvavarustus-ru","10":"pa_manufacturer-maxi_cosi-ru","12":"first","13":"onbackorder","14":"taxable","15":"shipping-taxable","16":"purchasable","17":"product-type-simple"},"exclude_global_add_ons":[],"addons":[],"acf":[],"yoast_head":"<!-- This site is optimized with the Yoast SEO plugin v27.3 - https:\/\/yoast.com\/product\/yoast-seo-wordpress\/ -->\n<title>Maxi-Cosi Titan Pro i-Size turvatool 9-36kg, Authentic Terra, \u0421\u041a\u0418\u0414\u041a\u0418, \u041d\u041e\u0412\u042b\u0415 \u0422\u041e\u0412\u0410\u0420\u042b, \u0410\u0432\u0442\u043e\u043a\u0440\u0435\u0441\u043b\u0430, \u043b\u044e\u043b\u044c\u043a\u0438, \u0410\u0432\u0442\u043e\u043a\u0440\u0435\u0441\u043b\u0430 9-36 \u043a\u0433, \u0421\u043d\u0430\u0440\u044f\u0436\u0435\u043d\u0438\u044f \u0431\u0435\u0437\u043e\u043f\u0430\u0441\u043d\u043e\u0441\u0442\u0438, Beebipood<\/title>\n<meta name=\"description\" content=\"Maxi-Cosi Titan Pro i-Size turvatool 9-36kg, Authentic Terra, T\u00e4iuslik turvatool sinu lapsele alates 76cm-st kuni 150cm-ni (15. elukuud kuni 12. e\" \/>\n<meta name=\"robots\" content=\"index, follow, max-snippet:-1, max-image-preview:large, max-video-preview:-1\" \/>\n<link rel=\"canonical\" href=\"https:\/\/beebipood.ee\/ru\/produkt\/bebeconfort-fortis-i-size-turvatool-76-150-cm-mineral-black\/\" \/>\n<meta property=\"og:locale\" content=\"ru_RU\" \/>\n<meta property=\"og:type\" content=\"article\" \/>\n<meta property=\"og:title\" content=\"Maxi-Cosi Titan Pro i-Size turvatool 9-36kg, Authentic Terra, \u0421\u041a\u0418\u0414\u041a\u0418, \u041d\u041e\u0412\u042b\u0415 \u0422\u041e\u0412\u0410\u0420\u042b, \u0410\u0432\u0442\u043e\u043a\u0440\u0435\u0441\u043b\u0430, \u043b\u044e\u043b\u044c\u043a\u0438, \u0410\u0432\u0442\u043e\u043a\u0440\u0435\u0441\u043b\u0430 9-36 \u043a\u0433, \u0421\u043d\u0430\u0440\u044f\u0436\u0435\u043d\u0438\u044f \u0431\u0435\u0437\u043e\u043f\u0430\u0441\u043d\u043e\u0441\u0442\u0438, Beebipood\" \/>\n<meta property=\"og:description\" content=\"Maxi-Cosi Titan Pro i-Size turvatool 9-36kg, Authentic Terra, T\u00e4iuslik turvatool sinu lapsele alates 76cm-st kuni 150cm-ni (15. elukuud kuni 12. e\" \/>\n<meta property=\"og:url\" content=\"https:\/\/beebipood.ee\/ru\/produkt\/bebeconfort-fortis-i-size-turvatool-76-150-cm-mineral-black\/\" \/>\n<meta property=\"og:site_name\" content=\"Beebipood\" \/>\n<meta property=\"article:modified_time\" content=\"2026-02-05T10:44:52+00:00\" \/>\n<meta property=\"og:image\" content=\"https:\/\/beebipood.ee\/wp-content\/uploads\/2026\/02\/bebeconfort-fortis-i-size-turvatool.jpg\" \/>\n\t<meta property=\"og:image:width\" content=\"1062\" \/>\n\t<meta property=\"og:image:height\" content=\"1200\" \/>\n\t<meta property=\"og:image:type\" content=\"image\/jpeg\" \/>\n<meta name=\"twitter:card\" content=\"summary_large_image\" \/>\n<meta name=\"twitter:label1\" content=\"\u041f\u0440\u0438\u043c\u0435\u0440\u043d\u043e\u0435 \u0432\u0440\u0435\u043c\u044f \u0434\u043b\u044f \u0447\u0442\u0435\u043d\u0438\u044f\" \/>\n\t<meta name=\"twitter:data1\" content=\"2 \u043c\u0438\u043d\u0443\u0442\u044b\" \/>\n<script type=\"application\/ld+json\" class=\"yoast-schema-graph\">{\"@context\":\"https:\\\/\\\/schema.org\",\"@graph\":[{\"@type\":\"WebPage\",\"@id\":\"https:\\\/\\\/beebipood.ee\\\/ru\\\/produkt\\\/bebeconfort-fortis-i-size-turvatool-76-150-cm-mineral-black\\\/\",\"url\":\"https:\\\/\\\/beebipood.ee\\\/ru\\\/produkt\\\/bebeconfort-fortis-i-size-turvatool-76-150-cm-mineral-black\\\/\",\"name\":\"Maxi-Cosi Titan Pro i-Size turvatool 9-36kg, Authentic Terra, \u0421\u041a\u0418\u0414\u041a\u0418, \u041d\u041e\u0412\u042b\u0415 \u0422\u041e\u0412\u0410\u0420\u042b, \u0410\u0432\u0442\u043e\u043a\u0440\u0435\u0441\u043b\u0430, \u043b\u044e\u043b\u044c\u043a\u0438, \u0410\u0432\u0442\u043e\u043a\u0440\u0435\u0441\u043b\u0430 9-36 \u043a\u0433, \u0421\u043d\u0430\u0440\u044f\u0436\u0435\u043d\u0438\u044f \u0431\u0435\u0437\u043e\u043f\u0430\u0441\u043d\u043e\u0441\u0442\u0438, Beebipood\",\"isPartOf\":{\"@id\":\"https:\\\/\\\/beebipood.ee\\\/ru\\\/#website\"},\"primaryImageOfPage\":{\"@id\":\"https:\\\/\\\/beebipood.ee\\\/ru\\\/produkt\\\/bebeconfort-fortis-i-size-turvatool-76-150-cm-mineral-black\\\/#primaryimage\"},\"image\":{\"@id\":\"https:\\\/\\\/beebipood.ee\\\/ru\\\/produkt\\\/bebeconfort-fortis-i-size-turvatool-76-150-cm-mineral-black\\\/#primaryimage\"},\"thumbnailUrl\":\"https:\\\/\\\/beebipood.ee\\\/wp-content\\\/uploads\\\/2026\\\/02\\\/bebeconfort-fortis-i-size-turvatool.jpg\",\"datePublished\":\"2026-02-05T10:38:30+00:00\",\"dateModified\":\"2026-02-05T10:44:52+00:00\",\"description\":\"Maxi-Cosi Titan Pro i-Size turvatool 9-36kg, Authentic Terra, T\u00e4iuslik turvatool sinu lapsele alates 76cm-st kuni 150cm-ni (15. elukuud kuni 12. e\",\"breadcrumb\":{\"@id\":\"https:\\\/\\\/beebipood.ee\\\/ru\\\/produkt\\\/bebeconfort-fortis-i-size-turvatool-76-150-cm-mineral-black\\\/#breadcrumb\"},\"inLanguage\":\"ru-RU\",\"potentialAction\":[{\"@type\":\"ReadAction\",\"target\":[\"https:\\\/\\\/beebipood.ee\\\/ru\\\/produkt\\\/bebeconfort-fortis-i-size-turvatool-76-150-cm-mineral-black\\\/\"]}]},{\"@type\":\"ImageObject\",\"inLanguage\":\"ru-RU\",\"@id\":\"https:\\\/\\\/beebipood.ee\\\/ru\\\/produkt\\\/bebeconfort-fortis-i-size-turvatool-76-150-cm-mineral-black\\\/#primaryimage\",\"url\":\"https:\\\/\\\/beebipood.ee\\\/wp-content\\\/uploads\\\/2026\\\/02\\\/bebeconfort-fortis-i-size-turvatool.jpg\",\"contentUrl\":\"https:\\\/\\\/beebipood.ee\\\/wp-content\\\/uploads\\\/2026\\\/02\\\/bebeconfort-fortis-i-size-turvatool.jpg\",\"width\":1062,\"height\":1200},{\"@type\":\"BreadcrumbList\",\"@id\":\"https:\\\/\\\/beebipood.ee\\\/ru\\\/produkt\\\/bebeconfort-fortis-i-size-turvatool-76-150-cm-mineral-black\\\/#breadcrumb\",\"itemListElement\":[{\"@type\":\"ListItem\",\"position\":1,\"name\":\"Home\",\"item\":\"https:\\\/\\\/beebipood.ee\\\/ru\\\/\"},{\"@type\":\"ListItem\",\"position\":2,\"name\":\"\u041a\u0430\u0442\u0430\u043b\u043e\u0433 \u0442\u043e\u0432\u0430\u0440\u043e\u0432\",\"item\":\"https:\\\/\\\/beebipood.ee\\\/tooted\\\/\"},{\"@type\":\"ListItem\",\"position\":3,\"name\":\"Bebeconfort Fortis i-Size turvatool 76\u2013150 cm, Mineral Black\"}]},{\"@type\":\"WebSite\",\"@id\":\"https:\\\/\\\/beebipood.ee\\\/ru\\\/#website\",\"url\":\"https:\\\/\\\/beebipood.ee\\\/ru\\\/\",\"name\":\"Beebipood\",\"description\":\"Lastekaubad, beebikaubad, m\u00e4nguasjad\",\"publisher\":{\"@id\":\"https:\\\/\\\/beebipood.ee\\\/ru\\\/#organization\"},\"potentialAction\":[{\"@type\":\"SearchAction\",\"target\":{\"@type\":\"EntryPoint\",\"urlTemplate\":\"https:\\\/\\\/beebipood.ee\\\/ru\\\/?s={search_term_string}\"},\"query-input\":{\"@type\":\"PropertyValueSpecification\",\"valueRequired\":true,\"valueName\":\"search_term_string\"}}],\"inLanguage\":\"ru-RU\"},{\"@type\":\"Organization\",\"@id\":\"https:\\\/\\\/beebipood.ee\\\/ru\\\/#organization\",\"name\":\"Beebipood\",\"url\":\"https:\\\/\\\/beebipood.ee\\\/ru\\\/\",\"logo\":{\"@type\":\"ImageObject\",\"inLanguage\":\"ru-RU\",\"@id\":\"https:\\\/\\\/beebipood.ee\\\/ru\\\/#\\\/schema\\\/logo\\\/image\\\/\",\"url\":\"https:\\\/\\\/beebipood.ee\\\/wp-content\\\/uploads\\\/2025\\\/03\\\/beebipood.ee-logo-1.svg\",\"contentUrl\":\"https:\\\/\\\/beebipood.ee\\\/wp-content\\\/uploads\\\/2025\\\/03\\\/beebipood.ee-logo-1.svg\",\"caption\":\"Beebipood\"},\"image\":{\"@id\":\"https:\\\/\\\/beebipood.ee\\\/ru\\\/#\\\/schema\\\/logo\\\/image\\\/\"}}]}<\/script>\n<!-- \/ Yoast SEO plugin. -->","yoast_head_json":{"title":"Maxi-Cosi Titan Pro i-Size turvatool 9-36kg, Authentic Terra, \u0421\u041a\u0418\u0414\u041a\u0418, \u041d\u041e\u0412\u042b\u0415 \u0422\u041e\u0412\u0410\u0420\u042b, \u0410\u0432\u0442\u043e\u043a\u0440\u0435\u0441\u043b\u0430, \u043b\u044e\u043b\u044c\u043a\u0438, \u0410\u0432\u0442\u043e\u043a\u0440\u0435\u0441\u043b\u0430 9-36 \u043a\u0433, \u0421\u043d\u0430\u0440\u044f\u0436\u0435\u043d\u0438\u044f \u0431\u0435\u0437\u043e\u043f\u0430\u0441\u043d\u043e\u0441\u0442\u0438, Beebipood","description":"Maxi-Cosi Titan Pro i-Size turvatool 9-36kg, Authentic Terra, T\u00e4iuslik turvatool sinu lapsele alates 76cm-st kuni 150cm-ni (15. elukuud kuni 12. e","robots":{"index":"index","follow":"follow","max-snippet":"max-snippet:-1","max-image-preview":"max-image-preview:large","max-video-preview":"max-video-preview:-1"},"canonical":"https:\/\/beebipood.ee\/ru\/produkt\/bebeconfort-fortis-i-size-turvatool-76-150-cm-mineral-black\/","og_locale":"ru_RU","og_type":"article","og_title":"Maxi-Cosi Titan Pro i-Size turvatool 9-36kg, Authentic Terra, \u0421\u041a\u0418\u0414\u041a\u0418, \u041d\u041e\u0412\u042b\u0415 \u0422\u041e\u0412\u0410\u0420\u042b, \u0410\u0432\u0442\u043e\u043a\u0440\u0435\u0441\u043b\u0430, \u043b\u044e\u043b\u044c\u043a\u0438, \u0410\u0432\u0442\u043e\u043a\u0440\u0435\u0441\u043b\u0430 9-36 \u043a\u0433, \u0421\u043d\u0430\u0440\u044f\u0436\u0435\u043d\u0438\u044f \u0431\u0435\u0437\u043e\u043f\u0430\u0441\u043d\u043e\u0441\u0442\u0438, Beebipood","og_description":"Maxi-Cosi Titan Pro i-Size turvatool 9-36kg, Authentic Terra, T\u00e4iuslik turvatool sinu lapsele alates 76cm-st kuni 150cm-ni (15. elukuud kuni 12. e","og_url":"https:\/\/beebipood.ee\/ru\/produkt\/bebeconfort-fortis-i-size-turvatool-76-150-cm-mineral-black\/","og_site_name":"Beebipood","article_modified_time":"2026-02-05T10:44:52+00:00","og_image":[{"width":1062,"height":1200,"url":"https:\/\/beebipood.ee\/wp-content\/uploads\/2026\/02\/bebeconfort-fortis-i-size-turvatool.jpg","type":"image\/jpeg"}],"twitter_card":"summary_large_image","twitter_misc":{"\u041f\u0440\u0438\u043c\u0435\u0440\u043d\u043e\u0435 \u0432\u0440\u0435\u043c\u044f \u0434\u043b\u044f \u0447\u0442\u0435\u043d\u0438\u044f":"2 \u043c\u0438\u043d\u0443\u0442\u044b"},"schema":{"@context":"https:\/\/schema.org","@graph":[{"@type":"WebPage","@id":"https:\/\/beebipood.ee\/ru\/produkt\/bebeconfort-fortis-i-size-turvatool-76-150-cm-mineral-black\/","url":"https:\/\/beebipood.ee\/ru\/produkt\/bebeconfort-fortis-i-size-turvatool-76-150-cm-mineral-black\/","name":"Maxi-Cosi Titan Pro i-Size turvatool 9-36kg, Authentic Terra, \u0421\u041a\u0418\u0414\u041a\u0418, \u041d\u041e\u0412\u042b\u0415 \u0422\u041e\u0412\u0410\u0420\u042b, \u0410\u0432\u0442\u043e\u043a\u0440\u0435\u0441\u043b\u0430, \u043b\u044e\u043b\u044c\u043a\u0438, \u0410\u0432\u0442\u043e\u043a\u0440\u0435\u0441\u043b\u0430 9-36 \u043a\u0433, \u0421\u043d\u0430\u0440\u044f\u0436\u0435\u043d\u0438\u044f \u0431\u0435\u0437\u043e\u043f\u0430\u0441\u043d\u043e\u0441\u0442\u0438, Beebipood","isPartOf":{"@id":"https:\/\/beebipood.ee\/ru\/#website"},"primaryImageOfPage":{"@id":"https:\/\/beebipood.ee\/ru\/produkt\/bebeconfort-fortis-i-size-turvatool-76-150-cm-mineral-black\/#primaryimage"},"image":{"@id":"https:\/\/beebipood.ee\/ru\/produkt\/bebeconfort-fortis-i-size-turvatool-76-150-cm-mineral-black\/#primaryimage"},"thumbnailUrl":"https:\/\/beebipood.ee\/wp-content\/uploads\/2026\/02\/bebeconfort-fortis-i-size-turvatool.jpg","datePublished":"2026-02-05T10:38:30+00:00","dateModified":"2026-02-05T10:44:52+00:00","description":"Maxi-Cosi Titan Pro i-Size turvatool 9-36kg, Authentic Terra, T\u00e4iuslik turvatool sinu lapsele alates 76cm-st kuni 150cm-ni (15. elukuud kuni 12. e","breadcrumb":{"@id":"https:\/\/beebipood.ee\/ru\/produkt\/bebeconfort-fortis-i-size-turvatool-76-150-cm-mineral-black\/#breadcrumb"},"inLanguage":"ru-RU","potentialAction":[{"@type":"ReadAction","target":["https:\/\/beebipood.ee\/ru\/produkt\/bebeconfort-fortis-i-size-turvatool-76-150-cm-mineral-black\/"]}]},{"@type":"ImageObject","inLanguage":"ru-RU","@id":"https:\/\/beebipood.ee\/ru\/produkt\/bebeconfort-fortis-i-size-turvatool-76-150-cm-mineral-black\/#primaryimage","url":"https:\/\/beebipood.ee\/wp-content\/uploads\/2026\/02\/bebeconfort-fortis-i-size-turvatool.jpg","contentUrl":"https:\/\/beebipood.ee\/wp-content\/uploads\/2026\/02\/bebeconfort-fortis-i-size-turvatool.jpg","width":1062,"height":1200},{"@type":"BreadcrumbList","@id":"https:\/\/beebipood.ee\/ru\/produkt\/bebeconfort-fortis-i-size-turvatool-76-150-cm-mineral-black\/#breadcrumb","itemListElement":[{"@type":"ListItem","position":1,"name":"Home","item":"https:\/\/beebipood.ee\/ru\/"},{"@type":"ListItem","position":2,"name":"\u041a\u0430\u0442\u0430\u043b\u043e\u0433 \u0442\u043e\u0432\u0430\u0440\u043e\u0432","item":"https:\/\/beebipood.ee\/tooted\/"},{"@type":"ListItem","position":3,"name":"Bebeconfort Fortis i-Size turvatool 76\u2013150 cm, Mineral Black"}]},{"@type":"WebSite","@id":"https:\/\/beebipood.ee\/ru\/#website","url":"https:\/\/beebipood.ee\/ru\/","name":"Beebipood","description":"Lastekaubad, beebikaubad, m\u00e4nguasjad","publisher":{"@id":"https:\/\/beebipood.ee\/ru\/#organization"},"potentialAction":[{"@type":"SearchAction","target":{"@type":"EntryPoint","urlTemplate":"https:\/\/beebipood.ee\/ru\/?s={search_term_string}"},"query-input":{"@type":"PropertyValueSpecification","valueRequired":true,"valueName":"search_term_string"}}],"inLanguage":"ru-RU"},{"@type":"Organization","@id":"https:\/\/beebipood.ee\/ru\/#organization","name":"Beebipood","url":"https:\/\/beebipood.ee\/ru\/","logo":{"@type":"ImageObject","inLanguage":"ru-RU","@id":"https:\/\/beebipood.ee\/ru\/#\/schema\/logo\/image\/","url":"https:\/\/beebipood.ee\/wp-content\/uploads\/2025\/03\/beebipood.ee-logo-1.svg","contentUrl":"https:\/\/beebipood.ee\/wp-content\/uploads\/2025\/03\/beebipood.ee-logo-1.svg","caption":"Beebipood"},"image":{"@id":"https:\/\/beebipood.ee\/ru\/#\/schema\/logo\/image\/"}}]}},"brands":[],"_links":{"self":[{"href":"https:\/\/beebipood.ee\/ru\/wp-json\/wp\/v2\/product\/510745","targetHints":{"allow":["GET"]}}],"collection":[{"href":"https:\/\/beebipood.ee\/ru\/wp-json\/wp\/v2\/product"}],"about":[{"href":"https:\/\/beebipood.ee\/ru\/wp-json\/wp\/v2\/types\/product"}],"wp:featuredmedia":[{"embeddable":true,"href":"https:\/\/beebipood.ee\/ru\/wp-json\/wp\/v2\/media\/510748"}],"wp:attachment":[{"href":"https:\/\/beebipood.ee\/ru\/wp-json\/wp\/v2\/media?parent=510745"}],"wp:term":[{"taxonomy":"pwb-brand","embeddable":true,"href":"https:\/\/beebipood.ee\/ru\/wp-json\/wp\/v2\/pwb-brand?post=510745"},{"taxonomy":"product_brand","embeddable":true,"href":"https:\/\/beebipood.ee\/ru\/wp-json\/wp\/v2\/product_brand?post=510745"},{"taxonomy":"product_cat","embeddable":true,"href":"https:\/\/beebipood.ee\/ru\/wp-json\/wp\/v2\/product_cat?post=510745"},{"taxonomy":"product_tag","embeddable":true,"href":"https:\/\/beebipood.ee\/ru\/wp-json\/wp\/v2\/product_tag?post=510745"}],"curies":[{"name":"wp","href":"https:\/\/api.w.org\/{rel}","templated":true}]}}