{"id":510924,"date":"2026-02-05T16:07:04","date_gmt":"2026-02-05T14:07:04","guid":{"rendered":"https:\/\/beebipood.ee\/?post_type=product&#038;p=510924"},"modified":"2026-02-05T16:11:04","modified_gmt":"2026-02-05T14:11:04","slug":"thule-urban-glide-3-vankrikorv-dark-slate","status":"publish","type":"product","link":"https:\/\/beebipood.ee\/ru\/produkt\/thule-urban-glide-3-vankrikorv-dark-slate\/","title":{"rendered":"Thule Urban Glide 3 vankrikorv, Dark Slate"},"content":{"rendered":"<p data-start=\"1961\" data-end=\"2019\"><strong data-start=\"1961\" data-end=\"2017\">Thule vankrikorv \u2013 ideaalne lahendus vasts\u00fcndinutele<\/strong><\/p>\n<p data-start=\"2021\" data-end=\"2171\">Muuda Thule Urban Glide 3 hetkega mugavaks lapsevankriks! Sobib 0\u20136 kuu vanustele imikutele ning pakub kogu jalutusk\u00e4igu ajal maksimaalset mugavust.<\/p>\n<p data-start=\"2173\" data-end=\"2200\"><strong data-start=\"2173\" data-end=\"2198\">Mugavus ja turvalisus<\/strong><\/p>\n<ul data-start=\"2201\" data-end=\"2425\">\n<li data-start=\"2201\" data-end=\"2314\">\n<p data-start=\"2203\" data-end=\"2314\">Ventileeritav ja pehme sisemine madrats ning ergonomiline varikatus tagavad lapsele mugavuse igas ilmastikus.<\/p>\n<\/li>\n<li data-start=\"2315\" data-end=\"2375\">\n<p data-start=\"2317\" data-end=\"2375\">Varikatus kaitseb p\u00e4ikese ja UV-kiirguse eest (UPF 50+).<\/p>\n<\/li>\n<li data-start=\"2376\" data-end=\"2425\">\n<p data-start=\"2378\" data-end=\"2425\">Helkurdetailid suurendavad n\u00e4htavust h\u00e4maras.<\/p>\n<\/li>\n<\/ul>\n<p data-start=\"2427\" data-end=\"2454\"><strong data-start=\"2427\" data-end=\"2452\">Praktiline kasutamine<\/strong><\/p>\n<ul data-start=\"2455\" data-end=\"2659\">\n<li data-start=\"2455\" data-end=\"2512\">\n<p data-start=\"2457\" data-end=\"2512\">Lihtne paigaldada ja eemaldada kl\u00f5psatava s\u00fcsteemiga.<\/p>\n<\/li>\n<li data-start=\"2513\" data-end=\"2568\">\n<p data-start=\"2515\" data-end=\"2568\">H\u00f5lpsalt kaasaskantav ergonoomilise k\u00e4epideme abil.<\/p>\n<\/li>\n<li data-start=\"2569\" data-end=\"2659\">\n<p data-start=\"2571\" data-end=\"2659\">Sobib Thule Urban Glide 3 single, double ja Thule Urban Glide 4-Wheel jalutusk\u00e4rudele.<\/p>\n<\/li>\n<\/ul>\n<p data-start=\"2661\" data-end=\"2684\"><strong data-start=\"2661\" data-end=\"2682\">Tehnilised andmed<\/strong><\/p>\n<ul data-start=\"2685\" data-end=\"2784\">\n<li data-start=\"2685\" data-end=\"2731\">\n<p data-start=\"2687\" data-end=\"2731\">M\u00f5\u00f5dud: 83 x 31 cm, sisem\u00f5\u00f5dud: 75 x 30 cm<\/p>\n<\/li>\n<li data-start=\"2732\" data-end=\"2767\">\n<p data-start=\"2734\" data-end=\"2767\">Maksimaalne kasutaja kaal: 9 kg<\/p>\n<\/li>\n<li data-start=\"2768\" data-end=\"2784\">\n<p data-start=\"2770\" data-end=\"2784\">Kaal: 6,5 kg<\/p>\n<\/li>\n<\/ul>\n","protected":false},"excerpt":{"rendered":"<p>Thule vankrikorv \u2013 ideaalne lahendus vasts\u00fcndinutele Muuda Thule Urban Glide 3 hetkega mugavaks lapsevankriks! Sobib 0\u20136 kuu vanustele imikutele ning pakub kogu jalutusk\u00e4igu ajal maksimaalset mugavust. Mugavus ja turvalisus Ventileeritav ja pehme sisemine madrats ning ergonomiline varikatus tagavad lapsele mugavuse igas ilmastikus. Varikatus kaitseb p\u00e4ikese ja UV-kiirguse eest (UPF 50+). Helkurdetailid suurendavad n\u00e4htavust h\u00e4maras. Praktiline [&hellip;]<\/p>\n","protected":false},"featured_media":510896,"template":"","meta":{"_acf_changed":false},"pwb-brand":[11980],"product_brand":[],"product_cat":[11573,11847,11849,11851,11721,11717],"product_tag":[],"class_list":{"0":"post-510924","1":"product","2":"type-product","3":"status-publish","4":"has-post-thumbnail","6":"pwb-brand-thule-ru","7":"product_cat-sooduspakkumised-ru","8":"product_cat-thule-ru","9":"product_cat-thule-urban-glide-3-ru","10":"product_cat-thule-urban-glide-4-wheel-ru","11":"product_cat-jalutuskarud-ru","12":"product_cat-lastevankrid-ja-karud-ru","13":"pa_manufacturer-thule-ru","15":"first","16":"onbackorder","17":"sale","18":"taxable","19":"shipping-taxable","20":"purchasable","21":"product-type-simple"},"exclude_global_add_ons":[],"addons":[],"acf":[],"yoast_head":"<!-- This site is optimized with the Yoast SEO plugin v27.1.1 - https:\/\/yoast.com\/product\/yoast-seo-wordpress\/ -->\n<title>Thule Urban Glide 3 vankrikorv, Soft Beige, \u0421\u041a\u0418\u0414\u041a\u0418, \u041b\u043e\u0448\u0430\u0434\u043a\u0430-\u043a\u0430\u0447\u0430\u043b\u043a\u0430, \u041a\u043e\u043b\u044f\u0441\u043a\u0438, \u041f\u0440\u043e\u0433\u0443\u043b\u043e\u0447\u043d\u044b\u0435 \u043a\u043e\u043b\u044f\u0441\u043a\u0438, THULE, Thule Urban Glide 3, Thule Urban Glide 4-wheel, Beebipood<\/title>\n<meta name=\"description\" content=\"Thule Urban Glide 3 vankrikorv, Soft Beige, Thule vankrikorv\u00a0muudab teie k\u00e4ru hetkega mugavaks lapsevankriks.&lt;\/span\" \/>\n<meta name=\"robots\" content=\"index, follow, max-snippet:-1, max-image-preview:large, max-video-preview:-1\" \/>\n<link rel=\"canonical\" href=\"https:\/\/beebipood.ee\/ru\/produkt\/thule-urban-glide-3-vankrikorv-dark-slate\/\" \/>\n<meta property=\"og:locale\" content=\"ru_RU\" \/>\n<meta property=\"og:type\" content=\"article\" \/>\n<meta property=\"og:title\" content=\"Thule Urban Glide 3 vankrikorv, Soft Beige, \u0421\u041a\u0418\u0414\u041a\u0418, \u041b\u043e\u0448\u0430\u0434\u043a\u0430-\u043a\u0430\u0447\u0430\u043b\u043a\u0430, \u041a\u043e\u043b\u044f\u0441\u043a\u0438, \u041f\u0440\u043e\u0433\u0443\u043b\u043e\u0447\u043d\u044b\u0435 \u043a\u043e\u043b\u044f\u0441\u043a\u0438, THULE, Thule Urban Glide 3, Thule Urban Glide 4-wheel, Beebipood\" \/>\n<meta property=\"og:description\" content=\"Thule Urban Glide 3 vankrikorv, Soft Beige, Thule vankrikorv\u00a0muudab teie k\u00e4ru hetkega mugavaks lapsevankriks.&lt;\/span\" \/>\n<meta property=\"og:url\" content=\"https:\/\/beebipood.ee\/ru\/produkt\/thule-urban-glide-3-vankrikorv-dark-slate\/\" \/>\n<meta property=\"og:site_name\" content=\"Beebipood\" \/>\n<meta property=\"article:modified_time\" content=\"2026-02-05T14:11:04+00:00\" \/>\n<meta property=\"og:image\" content=\"https:\/\/beebipood.ee\/wp-content\/uploads\/2025\/01\/thule_urban_glide_3_dark_slate-vankrikorc_002.jpg\" \/>\n\t<meta property=\"og:image:width\" content=\"1200\" \/>\n\t<meta property=\"og:image:height\" content=\"1200\" \/>\n\t<meta property=\"og:image:type\" content=\"image\/jpeg\" \/>\n<meta name=\"twitter:card\" content=\"summary_large_image\" \/>\n<meta name=\"twitter:label1\" content=\"\u041f\u0440\u0438\u043c\u0435\u0440\u043d\u043e\u0435 \u0432\u0440\u0435\u043c\u044f \u0434\u043b\u044f \u0447\u0442\u0435\u043d\u0438\u044f\" \/>\n\t<meta name=\"twitter:data1\" content=\"1 \u043c\u0438\u043d\u0443\u0442\u0430\" \/>\n<script type=\"application\/ld+json\" class=\"yoast-schema-graph\">{\"@context\":\"https:\/\/schema.org\",\"@graph\":[{\"@type\":\"WebPage\",\"@id\":\"https:\/\/beebipood.ee\/ru\/produkt\/thule-urban-glide-3-vankrikorv-dark-slate\/\",\"url\":\"https:\/\/beebipood.ee\/ru\/produkt\/thule-urban-glide-3-vankrikorv-dark-slate\/\",\"name\":\"Thule Urban Glide 3 vankrikorv, Soft Beige, \u0421\u041a\u0418\u0414\u041a\u0418, \u041b\u043e\u0448\u0430\u0434\u043a\u0430-\u043a\u0430\u0447\u0430\u043b\u043a\u0430, \u041a\u043e\u043b\u044f\u0441\u043a\u0438, \u041f\u0440\u043e\u0433\u0443\u043b\u043e\u0447\u043d\u044b\u0435 \u043a\u043e\u043b\u044f\u0441\u043a\u0438, THULE, Thule Urban Glide 3, Thule Urban Glide 4-wheel, Beebipood\",\"isPartOf\":{\"@id\":\"https:\/\/beebipood.ee\/ru\/#website\"},\"primaryImageOfPage\":{\"@id\":\"https:\/\/beebipood.ee\/ru\/produkt\/thule-urban-glide-3-vankrikorv-dark-slate\/#primaryimage\"},\"image\":{\"@id\":\"https:\/\/beebipood.ee\/ru\/produkt\/thule-urban-glide-3-vankrikorv-dark-slate\/#primaryimage\"},\"thumbnailUrl\":\"https:\/\/beebipood.ee\/wp-content\/uploads\/2025\/01\/thule_urban_glide_3_dark_slate-vankrikorc_002.jpg\",\"datePublished\":\"2026-02-05T14:07:04+00:00\",\"dateModified\":\"2026-02-05T14:11:04+00:00\",\"description\":\"Thule Urban Glide 3 vankrikorv, Soft Beige, Thule vankrikorv\u00a0muudab teie k\u00e4ru hetkega mugavaks lapsevankriks.&lt;\/span\",\"breadcrumb\":{\"@id\":\"https:\/\/beebipood.ee\/ru\/produkt\/thule-urban-glide-3-vankrikorv-dark-slate\/#breadcrumb\"},\"inLanguage\":\"ru-RU\",\"potentialAction\":[{\"@type\":\"ReadAction\",\"target\":[\"https:\/\/beebipood.ee\/ru\/produkt\/thule-urban-glide-3-vankrikorv-dark-slate\/\"]}]},{\"@type\":\"ImageObject\",\"inLanguage\":\"ru-RU\",\"@id\":\"https:\/\/beebipood.ee\/ru\/produkt\/thule-urban-glide-3-vankrikorv-dark-slate\/#primaryimage\",\"url\":\"https:\/\/beebipood.ee\/wp-content\/uploads\/2025\/01\/thule_urban_glide_3_dark_slate-vankrikorc_002.jpg\",\"contentUrl\":\"https:\/\/beebipood.ee\/wp-content\/uploads\/2025\/01\/thule_urban_glide_3_dark_slate-vankrikorc_002.jpg\",\"width\":1200,\"height\":1200},{\"@type\":\"BreadcrumbList\",\"@id\":\"https:\/\/beebipood.ee\/ru\/produkt\/thule-urban-glide-3-vankrikorv-dark-slate\/#breadcrumb\",\"itemListElement\":[{\"@type\":\"ListItem\",\"position\":1,\"name\":\"Home\",\"item\":\"https:\/\/beebipood.ee\/ru\/\"},{\"@type\":\"ListItem\",\"position\":2,\"name\":\"\u041a\u0430\u0442\u0430\u043b\u043e\u0433 \u0442\u043e\u0432\u0430\u0440\u043e\u0432\",\"item\":\"https:\/\/beebipood.ee\/tooted\/\"},{\"@type\":\"ListItem\",\"position\":3,\"name\":\"Thule Urban Glide 3 vankrikorv, Dark Slate\"}]},{\"@type\":\"WebSite\",\"@id\":\"https:\/\/beebipood.ee\/ru\/#website\",\"url\":\"https:\/\/beebipood.ee\/ru\/\",\"name\":\"Beebipood\",\"description\":\"Lastekaubad, beebikaubad, m\u00e4nguasjad\",\"publisher\":{\"@id\":\"https:\/\/beebipood.ee\/ru\/#organization\"},\"potentialAction\":[{\"@type\":\"SearchAction\",\"target\":{\"@type\":\"EntryPoint\",\"urlTemplate\":\"https:\/\/beebipood.ee\/ru\/?s={search_term_string}\"},\"query-input\":{\"@type\":\"PropertyValueSpecification\",\"valueRequired\":true,\"valueName\":\"search_term_string\"}}],\"inLanguage\":\"ru-RU\"},{\"@type\":\"Organization\",\"@id\":\"https:\/\/beebipood.ee\/ru\/#organization\",\"name\":\"Beebipood\",\"url\":\"https:\/\/beebipood.ee\/ru\/\",\"logo\":{\"@type\":\"ImageObject\",\"inLanguage\":\"ru-RU\",\"@id\":\"https:\/\/beebipood.ee\/ru\/#\/schema\/logo\/image\/\",\"url\":\"https:\/\/beebipood.ee\/wp-content\/uploads\/2025\/03\/beebipood.ee-logo-1.svg\",\"contentUrl\":\"https:\/\/beebipood.ee\/wp-content\/uploads\/2025\/03\/beebipood.ee-logo-1.svg\",\"caption\":\"Beebipood\"},\"image\":{\"@id\":\"https:\/\/beebipood.ee\/ru\/#\/schema\/logo\/image\/\"}}]}<\/script>\n<!-- \/ Yoast SEO plugin. -->","yoast_head_json":{"title":"Thule Urban Glide 3 vankrikorv, Soft Beige, \u0421\u041a\u0418\u0414\u041a\u0418, \u041b\u043e\u0448\u0430\u0434\u043a\u0430-\u043a\u0430\u0447\u0430\u043b\u043a\u0430, \u041a\u043e\u043b\u044f\u0441\u043a\u0438, \u041f\u0440\u043e\u0433\u0443\u043b\u043e\u0447\u043d\u044b\u0435 \u043a\u043e\u043b\u044f\u0441\u043a\u0438, THULE, Thule Urban Glide 3, Thule Urban Glide 4-wheel, Beebipood","description":"Thule Urban Glide 3 vankrikorv, Soft Beige, Thule vankrikorv\u00a0muudab teie k\u00e4ru hetkega mugavaks lapsevankriks.&lt;\/span","robots":{"index":"index","follow":"follow","max-snippet":"max-snippet:-1","max-image-preview":"max-image-preview:large","max-video-preview":"max-video-preview:-1"},"canonical":"https:\/\/beebipood.ee\/ru\/produkt\/thule-urban-glide-3-vankrikorv-dark-slate\/","og_locale":"ru_RU","og_type":"article","og_title":"Thule Urban Glide 3 vankrikorv, Soft Beige, \u0421\u041a\u0418\u0414\u041a\u0418, \u041b\u043e\u0448\u0430\u0434\u043a\u0430-\u043a\u0430\u0447\u0430\u043b\u043a\u0430, \u041a\u043e\u043b\u044f\u0441\u043a\u0438, \u041f\u0440\u043e\u0433\u0443\u043b\u043e\u0447\u043d\u044b\u0435 \u043a\u043e\u043b\u044f\u0441\u043a\u0438, THULE, Thule Urban Glide 3, Thule Urban Glide 4-wheel, Beebipood","og_description":"Thule Urban Glide 3 vankrikorv, Soft Beige, Thule vankrikorv\u00a0muudab teie k\u00e4ru hetkega mugavaks lapsevankriks.&lt;\/span","og_url":"https:\/\/beebipood.ee\/ru\/produkt\/thule-urban-glide-3-vankrikorv-dark-slate\/","og_site_name":"Beebipood","article_modified_time":"2026-02-05T14:11:04+00:00","og_image":[{"width":1200,"height":1200,"url":"https:\/\/beebipood.ee\/wp-content\/uploads\/2025\/01\/thule_urban_glide_3_dark_slate-vankrikorc_002.jpg","type":"image\/jpeg"}],"twitter_card":"summary_large_image","twitter_misc":{"\u041f\u0440\u0438\u043c\u0435\u0440\u043d\u043e\u0435 \u0432\u0440\u0435\u043c\u044f \u0434\u043b\u044f \u0447\u0442\u0435\u043d\u0438\u044f":"1 \u043c\u0438\u043d\u0443\u0442\u0430"},"schema":{"@context":"https:\/\/schema.org","@graph":[{"@type":"WebPage","@id":"https:\/\/beebipood.ee\/ru\/produkt\/thule-urban-glide-3-vankrikorv-dark-slate\/","url":"https:\/\/beebipood.ee\/ru\/produkt\/thule-urban-glide-3-vankrikorv-dark-slate\/","name":"Thule Urban Glide 3 vankrikorv, Soft Beige, \u0421\u041a\u0418\u0414\u041a\u0418, \u041b\u043e\u0448\u0430\u0434\u043a\u0430-\u043a\u0430\u0447\u0430\u043b\u043a\u0430, \u041a\u043e\u043b\u044f\u0441\u043a\u0438, \u041f\u0440\u043e\u0433\u0443\u043b\u043e\u0447\u043d\u044b\u0435 \u043a\u043e\u043b\u044f\u0441\u043a\u0438, THULE, Thule Urban Glide 3, Thule Urban Glide 4-wheel, Beebipood","isPartOf":{"@id":"https:\/\/beebipood.ee\/ru\/#website"},"primaryImageOfPage":{"@id":"https:\/\/beebipood.ee\/ru\/produkt\/thule-urban-glide-3-vankrikorv-dark-slate\/#primaryimage"},"image":{"@id":"https:\/\/beebipood.ee\/ru\/produkt\/thule-urban-glide-3-vankrikorv-dark-slate\/#primaryimage"},"thumbnailUrl":"https:\/\/beebipood.ee\/wp-content\/uploads\/2025\/01\/thule_urban_glide_3_dark_slate-vankrikorc_002.jpg","datePublished":"2026-02-05T14:07:04+00:00","dateModified":"2026-02-05T14:11:04+00:00","description":"Thule Urban Glide 3 vankrikorv, Soft Beige, Thule vankrikorv\u00a0muudab teie k\u00e4ru hetkega mugavaks lapsevankriks.&lt;\/span","breadcrumb":{"@id":"https:\/\/beebipood.ee\/ru\/produkt\/thule-urban-glide-3-vankrikorv-dark-slate\/#breadcrumb"},"inLanguage":"ru-RU","potentialAction":[{"@type":"ReadAction","target":["https:\/\/beebipood.ee\/ru\/produkt\/thule-urban-glide-3-vankrikorv-dark-slate\/"]}]},{"@type":"ImageObject","inLanguage":"ru-RU","@id":"https:\/\/beebipood.ee\/ru\/produkt\/thule-urban-glide-3-vankrikorv-dark-slate\/#primaryimage","url":"https:\/\/beebipood.ee\/wp-content\/uploads\/2025\/01\/thule_urban_glide_3_dark_slate-vankrikorc_002.jpg","contentUrl":"https:\/\/beebipood.ee\/wp-content\/uploads\/2025\/01\/thule_urban_glide_3_dark_slate-vankrikorc_002.jpg","width":1200,"height":1200},{"@type":"BreadcrumbList","@id":"https:\/\/beebipood.ee\/ru\/produkt\/thule-urban-glide-3-vankrikorv-dark-slate\/#breadcrumb","itemListElement":[{"@type":"ListItem","position":1,"name":"Home","item":"https:\/\/beebipood.ee\/ru\/"},{"@type":"ListItem","position":2,"name":"\u041a\u0430\u0442\u0430\u043b\u043e\u0433 \u0442\u043e\u0432\u0430\u0440\u043e\u0432","item":"https:\/\/beebipood.ee\/tooted\/"},{"@type":"ListItem","position":3,"name":"Thule Urban Glide 3 vankrikorv, Dark Slate"}]},{"@type":"WebSite","@id":"https:\/\/beebipood.ee\/ru\/#website","url":"https:\/\/beebipood.ee\/ru\/","name":"Beebipood","description":"Lastekaubad, beebikaubad, m\u00e4nguasjad","publisher":{"@id":"https:\/\/beebipood.ee\/ru\/#organization"},"potentialAction":[{"@type":"SearchAction","target":{"@type":"EntryPoint","urlTemplate":"https:\/\/beebipood.ee\/ru\/?s={search_term_string}"},"query-input":{"@type":"PropertyValueSpecification","valueRequired":true,"valueName":"search_term_string"}}],"inLanguage":"ru-RU"},{"@type":"Organization","@id":"https:\/\/beebipood.ee\/ru\/#organization","name":"Beebipood","url":"https:\/\/beebipood.ee\/ru\/","logo":{"@type":"ImageObject","inLanguage":"ru-RU","@id":"https:\/\/beebipood.ee\/ru\/#\/schema\/logo\/image\/","url":"https:\/\/beebipood.ee\/wp-content\/uploads\/2025\/03\/beebipood.ee-logo-1.svg","contentUrl":"https:\/\/beebipood.ee\/wp-content\/uploads\/2025\/03\/beebipood.ee-logo-1.svg","caption":"Beebipood"},"image":{"@id":"https:\/\/beebipood.ee\/ru\/#\/schema\/logo\/image\/"}}]}},"brands":[{"id":11980,"name":"THULE","slug":"thule-ru"}],"_links":{"self":[{"href":"https:\/\/beebipood.ee\/ru\/wp-json\/wp\/v2\/product\/510924","targetHints":{"allow":["GET"]}}],"collection":[{"href":"https:\/\/beebipood.ee\/ru\/wp-json\/wp\/v2\/product"}],"about":[{"href":"https:\/\/beebipood.ee\/ru\/wp-json\/wp\/v2\/types\/product"}],"wp:featuredmedia":[{"embeddable":true,"href":"https:\/\/beebipood.ee\/ru\/wp-json\/wp\/v2\/media\/510896"}],"wp:attachment":[{"href":"https:\/\/beebipood.ee\/ru\/wp-json\/wp\/v2\/media?parent=510924"}],"wp:term":[{"taxonomy":"pwb-brand","embeddable":true,"href":"https:\/\/beebipood.ee\/ru\/wp-json\/wp\/v2\/pwb-brand?post=510924"},{"taxonomy":"product_brand","embeddable":true,"href":"https:\/\/beebipood.ee\/ru\/wp-json\/wp\/v2\/product_brand?post=510924"},{"taxonomy":"product_cat","embeddable":true,"href":"https:\/\/beebipood.ee\/ru\/wp-json\/wp\/v2\/product_cat?post=510924"},{"taxonomy":"product_tag","embeddable":true,"href":"https:\/\/beebipood.ee\/ru\/wp-json\/wp\/v2\/product_tag?post=510924"}],"curies":[{"name":"wp","href":"https:\/\/api.w.org\/{rel}","templated":true}]}}