{"id":510977,"date":"2026-02-08T14:52:45","date_gmt":"2026-02-08T12:52:45","guid":{"rendered":"https:\/\/beebipood.ee\/?post_type=product&#038;p=510977"},"modified":"2026-02-08T14:58:39","modified_gmt":"2026-02-08T12:58:39","slug":"axkid-one-3-turvatool-61-125cm-driftwood-beige","status":"publish","type":"product","link":"https:\/\/beebipood.ee\/ru\/produkt\/axkid-one-3-turvatool-61-125cm-driftwood-beige\/","title":{"rendered":"Axkid One 3 turvatool 61-125cm, Driftwood Beige"},"content":{"rendered":"<h2 data-start=\"156\" data-end=\"211\"><strong data-start=\"159\" data-end=\"211\">Axkid ONE 3 \u2013 \u00dcks turvatool l\u00e4bi kogu lapsep\u00f5lve<\/strong><\/h2>\n<p data-start=\"213\" data-end=\"554\">Axkid ONE 3 on innovaatiline ja erakordselt turvaline seljaga s\u00f5idusuunas turvatool, mis seab laste turvalisusele t\u00e4iesti uue standardi. Tegemist on <strong data-start=\"362\" data-end=\"427\">ainukese i-Size n\u00f5uetele vastava ISOFIX-turvatooliga maailmas<\/strong>, mida saab kasutada vahemikus <strong data-start=\"458\" data-end=\"484\">61\u2013125 cm \/ kuni 23 kg<\/strong>, v\u00f5imaldades lapsel s\u00f5ita seljaga s\u00f5idusuunas kuni <strong data-start=\"536\" data-end=\"553\">7. eluaastani<\/strong>.<\/p>\n<p data-start=\"556\" data-end=\"740\">Seljaga s\u00f5idusuunas s\u00f5itmine on kuni <strong data-start=\"593\" data-end=\"611\">5 korda ohutum<\/strong> ning Axkid ONE 3 annab lapsevanemale kindluse, et laps on kaitstud igal autos\u00f5idul \u2013 alates esimestest reisidest kuni koolieani.<\/p>\n<h3 data-start=\"742\" data-end=\"768\"><strong data-start=\"746\" data-end=\"768\">Tunnustatud ohutus<\/strong><\/h3>\n<ul data-start=\"769\" data-end=\"948\">\n<li data-start=\"769\" data-end=\"841\">\n<p data-start=\"771\" data-end=\"841\">L\u00e4binud <strong data-start=\"779\" data-end=\"801\">Swedish Plus Testi<\/strong> \u2013 \u00fche maailma karmima kokkup\u00f5rketesti<\/p>\n<\/li>\n<li data-start=\"842\" data-end=\"866\">\n<p data-start=\"844\" data-end=\"866\"><strong data-start=\"844\" data-end=\"864\">ADAC testiv\u00f5itja<\/strong><\/p>\n<\/li>\n<li data-start=\"867\" data-end=\"893\">\n<p data-start=\"869\" data-end=\"893\">i-Size standard (R129)<\/p>\n<\/li>\n<li data-start=\"894\" data-end=\"948\">\n<p data-start=\"896\" data-end=\"948\">ISOFIX-kinnitus maksimaalse stabiilsuse tagamiseks<\/p>\n<\/li>\n<\/ul>\n<h3 data-start=\"950\" data-end=\"986\"><strong data-start=\"954\" data-end=\"986\">Mugavus igas vanuses lapsele<\/strong><\/h3>\n<p data-start=\"987\" data-end=\"1207\">Axkid ONE 3 sobib kasutamiseks <strong data-start=\"1018\" data-end=\"1059\">alates 6. elukuust kuni 7. eluaastani<\/strong>.<br data-start=\"1060\" data-end=\"1063\" \/>Uuendatud ergonoomilised beebisisud (0\u201360 cm ja 60\u2013105 cm) pakuvad v\u00e4iksematele lastele ideaalset tuge ning kasvava lapse jaoks piisavalt ruumi.<\/p>\n<ul data-start=\"1209\" data-end=\"1431\">\n<li data-start=\"1209\" data-end=\"1309\">\n<p data-start=\"1211\" data-end=\"1309\"><strong data-start=\"1211\" data-end=\"1233\">Sleep Well s\u00fcsteem<\/strong> \u2013 reguleeritav lamamisasend kuni 42\u00b0, et lapse pea ei vajuks magades ette<\/p>\n<\/li>\n<li data-start=\"1310\" data-end=\"1376\">\n<p data-start=\"1312\" data-end=\"1376\"><strong data-start=\"1312\" data-end=\"1349\">12-astmeline reguleeritav peatugi<\/strong>, mis kasvab koos lapsega<\/p>\n<\/li>\n<li data-start=\"1377\" data-end=\"1431\">\n<p data-start=\"1379\" data-end=\"1431\">Sisseehitatud ventilatsioonis\u00fcsteem istme korpuses<\/p>\n<\/li>\n<\/ul>\n<h3 data-start=\"1824\" data-end=\"1872\"><strong data-start=\"1828\" data-end=\"1872\">Tugev, kerge ja vastupidav Rootsi disain<\/strong><\/h3>\n<ul data-start=\"1873\" data-end=\"2176\">\n<li data-start=\"1873\" data-end=\"1937\">\n<p data-start=\"1875\" data-end=\"1937\">Patenteeritud tehnoloogia kuni <strong data-start=\"1906\" data-end=\"1935\">15-aastaseks kasutusajaks<\/strong><\/p>\n<\/li>\n<li data-start=\"1938\" data-end=\"2012\">\n<p data-start=\"1940\" data-end=\"2012\"><strong data-start=\"1940\" data-end=\"1970\">ProTecFrame\u2122 terasest raam<\/strong>, mis talub kuni 1500 kg kokkup\u00f5rkej\u00f5ude<\/p>\n<\/li>\n<li data-start=\"2013\" data-end=\"2104\">\n<p data-start=\"2015\" data-end=\"2104\">Alumiiniumist ja karastatud terasest kaitseraam loob lapse \u00fcmber tugeva \u201ekaitsekookoni\u201c<\/p>\n<\/li>\n<li data-start=\"2105\" data-end=\"2176\">\n<p data-start=\"2107\" data-end=\"2176\">Kaal alla <strong data-start=\"2117\" data-end=\"2126\">10 kg<\/strong> \u2013 lihtne t\u00f5sta ja \u00fchest autost teise paigaldada<\/p>\n<\/li>\n<\/ul>\n<h3 data-start=\"2178\" data-end=\"2212\"><strong data-start=\"2182\" data-end=\"2212\">Parim jalaruum oma klassis<\/strong><\/h3>\n<p data-start=\"2213\" data-end=\"2365\">T\u00e4nu innovaatilisele <strong data-start=\"2234\" data-end=\"2268\">SpaceFlow\u2122 r\u00f6\u00f6baste s\u00fcsteemile<\/strong> saab turvatooli \u00fche k\u00e4ega liigutada kuni <strong data-start=\"2310\" data-end=\"2319\">30 cm<\/strong>, ilma seda autost eemaldamata.<br \/>\nSee v\u00f5imaldab:<\/p>\n<ul data-start=\"2366\" data-end=\"2441\">\n<li data-start=\"2366\" data-end=\"2394\">\n<p data-start=\"2368\" data-end=\"2394\">rohkem jalaruumi lapsele<\/p>\n<\/li>\n<li data-start=\"2395\" data-end=\"2441\">\n<p data-start=\"2397\" data-end=\"2441\">vajadusel rohkem ruumi esiistmel reisijale<\/p>\n<\/li>\n<\/ul>\n<h3 data-start=\"2443\" data-end=\"2476\"><strong data-start=\"2447\" data-end=\"2476\">Kiire ja lihtne paigaldus<\/strong><\/h3>\n<ul data-start=\"2477\" data-end=\"2650\">\n<li data-start=\"2477\" data-end=\"2496\">\n<p data-start=\"2479\" data-end=\"2496\">ISOFIX-kinnitus<\/p>\n<\/li>\n<li data-start=\"2497\" data-end=\"2563\">\n<p data-start=\"2499\" data-end=\"2563\">Interaktiivsed heli- ja visuaalsignaalid kinnituse kontrolliks<\/p>\n<\/li>\n<li data-start=\"2564\" data-end=\"2606\">\n<p data-start=\"2566\" data-end=\"2606\">Paigaldus v\u00f5imalik <strong data-start=\"2585\" data-end=\"2604\">alla 30 sekundi<\/strong><\/p>\n<\/li>\n<li data-start=\"2607\" data-end=\"2650\">\n<p data-start=\"2609\" data-end=\"2650\">V\u00e4hendab oluliselt valepaigalduse riski<\/p>\n<\/li>\n<\/ul>\n<h3 data-start=\"2652\" data-end=\"2693\"><strong data-start=\"2656\" data-end=\"2693\">Rootsi tippkvaliteediga turvav\u00f6\u00f6d<\/strong><\/h3>\n<ul data-start=\"2694\" data-end=\"2880\">\n<li data-start=\"2694\" data-end=\"2748\">\n<p data-start=\"2696\" data-end=\"2748\">Holmbergs\u00ae esmaklassiline 5-punkti turvav\u00f6\u00f6s\u00fcsteem<\/p>\n<\/li>\n<li data-start=\"2749\" data-end=\"2807\">\n<p data-start=\"2751\" data-end=\"2807\">Magnetiga rihmad, mis kinnituvad mugavalt peatoe k\u00fclge<\/p>\n<\/li>\n<li data-start=\"2808\" data-end=\"2880\">\n<p data-start=\"2810\" data-end=\"2880\">K\u00f5ik komponendid testitud rangematest standarditest k\u00f5rgemal tasemel<\/p>\n<\/li>\n<\/ul>\n<hr data-start=\"2882\" data-end=\"2885\" \/>\n<h3 data-start=\"2887\" data-end=\"2912\"><strong data-start=\"2891\" data-end=\"2912\">Tehnilised andmed<\/strong><\/h3>\n<ul data-start=\"2913\" data-end=\"3213\">\n<li data-start=\"2913\" data-end=\"2943\">\n<p data-start=\"2915\" data-end=\"2943\">Kasutus: 6 kuud \u2013 7 aastat<\/p>\n<\/li>\n<li data-start=\"2944\" data-end=\"2971\">\n<p data-start=\"2946\" data-end=\"2971\">Lapse pikkus: 61\u2013125 cm<\/p>\n<\/li>\n<li data-start=\"2972\" data-end=\"2999\">\n<p data-start=\"2974\" data-end=\"2999\">Maksimaalne kaal: 23 kg<\/p>\n<\/li>\n<li data-start=\"3000\" data-end=\"3015\">\n<p data-start=\"3002\" data-end=\"3015\">Kaal: 10 kg<\/p>\n<\/li>\n<li data-start=\"3016\" data-end=\"3040\">\n<p data-start=\"3018\" data-end=\"3040\">Lamamisasend: 20\u201342\u00b0<\/p>\n<\/li>\n<li data-start=\"3041\" data-end=\"3070\">\n<p data-start=\"3043\" data-end=\"3070\">Tugijala pikkus: 26\u201352 cm<\/p>\n<\/li>\n<li data-start=\"3071\" data-end=\"3095\">\n<p data-start=\"3073\" data-end=\"3095\">Istme s\u00fcgavus: 32 cm<\/p>\n<\/li>\n<li data-start=\"3096\" data-end=\"3123\">\n<p data-start=\"3098\" data-end=\"3123\">M\u00f5\u00f5dud: 44 \u00d7 76 \u00d7 54 cm<\/p>\n<\/li>\n<li data-start=\"3124\" data-end=\"3145\">\n<p data-start=\"3126\" data-end=\"3145\">Peatugi: 12 astet<\/p>\n<\/li>\n<li data-start=\"3146\" data-end=\"3175\">\n<p data-start=\"3148\" data-end=\"3175\">Kate: pestav 30 \u00b0C juures<\/p>\n<\/li>\n<li data-start=\"3176\" data-end=\"3213\">\n<p data-start=\"3178\" data-end=\"3213\">Lisad: ASIP k\u00fclgkokkup\u00f5rke kaitse<\/p>\n<\/li>\n<li data-start=\"3176\" data-end=\"3213\">VIDEO: <a href=\"https:\/\/youtu.be\/3WCqk6WBb7E?si=JVLSfBo0DFfBG9zC\">SIIN<\/a><\/li>\n<\/ul>\n","protected":false},"excerpt":{"rendered":"<p>Axkid ONE 3 \u2013 \u00dcks turvatool l\u00e4bi kogu lapsep\u00f5lve Axkid ONE 3 on innovaatiline ja erakordselt turvaline seljaga s\u00f5idusuunas turvatool, mis seab laste turvalisusele t\u00e4iesti uue standardi. Tegemist on ainukese i-Size n\u00f5uetele vastava ISOFIX-turvatooliga maailmas, mida saab kasutada vahemikus 61\u2013125 cm \/ kuni 23 kg, v\u00f5imaldades lapsel s\u00f5ita seljaga s\u00f5idusuunas kuni 7. eluaastani. Seljaga s\u00f5idusuunas [&hellip;]<\/p>\n","protected":false},"featured_media":510991,"template":"","meta":{"_acf_changed":false},"pwb-brand":[11955],"product_brand":[],"product_cat":[11573,11813,11575,11727,11733,11855,11887,11791],"product_tag":[],"class_list":{"0":"post-510977","1":"product","2":"type-product","3":"status-publish","4":"has-post-thumbnail","6":"pwb-brand-axkid-ru","7":"product_cat-sooduspakkumised-ru","8":"product_cat-axkid-ru","9":"product_cat-uued-tooted-ru","10":"product_cat-turvatoolid-hallid-ru","11":"product_cat-turvatoolid-0-25-kg-ru","12":"product_cat-sss-turvatoolid-ru","13":"product_cat-axkid-one-3-ru","14":"product_cat-turvavarustus-ru","15":"pa_manufacturer-axkid-ru","17":"first","18":"onbackorder","19":"sale","20":"taxable","21":"shipping-taxable","22":"purchasable","23":"product-type-simple"},"exclude_global_add_ons":[],"addons":[],"acf":[],"yoast_head":"<!-- This site is optimized with the Yoast SEO plugin v27.1.1 - https:\/\/yoast.com\/product\/yoast-seo-wordpress\/ -->\n<title>Axkid One 3 turvatool 61-125cm, coastal storm black, \u0421\u041a\u0418\u0414\u041a\u0418, \u041d\u041e\u0412\u042b\u0415 \u0422\u041e\u0412\u0410\u0420\u042b, \u0410\u0432\u0442\u043e\u043a\u0440\u0435\u0441\u043b\u0430, \u043b\u044e\u043b\u044c\u043a\u0438, \u0410\u0432\u0442\u043e\u043a\u0440\u0435\u0441\u043b\u0430 0-25 \u043a\u0433, \u0421\u043d\u0430\u0440\u044f\u0436\u0435\u043d\u0438\u044f \u0431\u0435\u0437\u043e\u043f\u0430\u0441\u043d\u043e\u0441\u0442\u0438, Axkid, A\u0432\u0442\u043e\u043a\u0440\u0435\u0441\u043b\u043e \u0441\u043f\u0438\u043d\u043e\u0439 \u043f\u043e \u0445\u043e\u0434\u0443, Axkid One 3 , Beebipood<\/title>\n<meta name=\"description\" content=\"Axkid One 3 turvatool 61-125cm, coastal storm black, Axkid ONE 3 - \u00dcks turvatool l\u00e4bi lapsep\u00f5lve!AXKID ONE 3 annab turvatoolide ohutus\" \/>\n<meta name=\"robots\" content=\"index, follow, max-snippet:-1, max-image-preview:large, max-video-preview:-1\" \/>\n<link rel=\"canonical\" href=\"https:\/\/beebipood.ee\/ru\/produkt\/axkid-one-3-turvatool-61-125cm-driftwood-beige\/\" \/>\n<meta property=\"og:locale\" content=\"ru_RU\" \/>\n<meta property=\"og:type\" content=\"article\" \/>\n<meta property=\"og:title\" content=\"Axkid One 3 turvatool 61-125cm, coastal storm black, \u0421\u041a\u0418\u0414\u041a\u0418, \u041d\u041e\u0412\u042b\u0415 \u0422\u041e\u0412\u0410\u0420\u042b, \u0410\u0432\u0442\u043e\u043a\u0440\u0435\u0441\u043b\u0430, \u043b\u044e\u043b\u044c\u043a\u0438, \u0410\u0432\u0442\u043e\u043a\u0440\u0435\u0441\u043b\u0430 0-25 \u043a\u0433, \u0421\u043d\u0430\u0440\u044f\u0436\u0435\u043d\u0438\u044f \u0431\u0435\u0437\u043e\u043f\u0430\u0441\u043d\u043e\u0441\u0442\u0438, Axkid, A\u0432\u0442\u043e\u043a\u0440\u0435\u0441\u043b\u043e \u0441\u043f\u0438\u043d\u043e\u0439 \u043f\u043e \u0445\u043e\u0434\u0443, Axkid One 3 , Beebipood\" \/>\n<meta property=\"og:description\" content=\"Axkid One 3 turvatool 61-125cm, coastal storm black, Axkid ONE 3 - \u00dcks turvatool l\u00e4bi lapsep\u00f5lve!AXKID ONE 3 annab turvatoolide ohutus\" \/>\n<meta property=\"og:url\" content=\"https:\/\/beebipood.ee\/ru\/produkt\/axkid-one-3-turvatool-61-125cm-driftwood-beige\/\" \/>\n<meta property=\"og:site_name\" content=\"Beebipood\" \/>\n<meta property=\"article:modified_time\" content=\"2026-02-08T12:58:39+00:00\" \/>\n<meta property=\"og:image\" content=\"https:\/\/beebipood.ee\/wp-content\/uploads\/2026\/02\/axkid-one-3-turvatool-61-125cm-driftwood-beige-5.jpg\" \/>\n\t<meta property=\"og:image:width\" content=\"2316\" \/>\n\t<meta property=\"og:image:height\" content=\"2142\" \/>\n\t<meta property=\"og:image:type\" content=\"image\/jpeg\" \/>\n<meta name=\"twitter:card\" content=\"summary_large_image\" \/>\n<meta name=\"twitter:label1\" content=\"\u041f\u0440\u0438\u043c\u0435\u0440\u043d\u043e\u0435 \u0432\u0440\u0435\u043c\u044f \u0434\u043b\u044f \u0447\u0442\u0435\u043d\u0438\u044f\" \/>\n\t<meta name=\"twitter:data1\" content=\"2 \u043c\u0438\u043d\u0443\u0442\u044b\" \/>\n<script type=\"application\/ld+json\" class=\"yoast-schema-graph\">{\"@context\":\"https:\/\/schema.org\",\"@graph\":[{\"@type\":\"WebPage\",\"@id\":\"https:\/\/beebipood.ee\/ru\/produkt\/axkid-one-3-turvatool-61-125cm-driftwood-beige\/\",\"url\":\"https:\/\/beebipood.ee\/ru\/produkt\/axkid-one-3-turvatool-61-125cm-driftwood-beige\/\",\"name\":\"Axkid One 3 turvatool 61-125cm, coastal storm black, \u0421\u041a\u0418\u0414\u041a\u0418, \u041d\u041e\u0412\u042b\u0415 \u0422\u041e\u0412\u0410\u0420\u042b, \u0410\u0432\u0442\u043e\u043a\u0440\u0435\u0441\u043b\u0430, \u043b\u044e\u043b\u044c\u043a\u0438, \u0410\u0432\u0442\u043e\u043a\u0440\u0435\u0441\u043b\u0430 0-25 \u043a\u0433, \u0421\u043d\u0430\u0440\u044f\u0436\u0435\u043d\u0438\u044f \u0431\u0435\u0437\u043e\u043f\u0430\u0441\u043d\u043e\u0441\u0442\u0438, Axkid, A\u0432\u0442\u043e\u043a\u0440\u0435\u0441\u043b\u043e \u0441\u043f\u0438\u043d\u043e\u0439 \u043f\u043e \u0445\u043e\u0434\u0443, Axkid One 3 , Beebipood\",\"isPartOf\":{\"@id\":\"https:\/\/beebipood.ee\/ru\/#website\"},\"primaryImageOfPage\":{\"@id\":\"https:\/\/beebipood.ee\/ru\/produkt\/axkid-one-3-turvatool-61-125cm-driftwood-beige\/#primaryimage\"},\"image\":{\"@id\":\"https:\/\/beebipood.ee\/ru\/produkt\/axkid-one-3-turvatool-61-125cm-driftwood-beige\/#primaryimage\"},\"thumbnailUrl\":\"https:\/\/beebipood.ee\/wp-content\/uploads\/2026\/02\/axkid-one-3-turvatool-61-125cm-driftwood-beige-5.jpg\",\"datePublished\":\"2026-02-08T12:52:45+00:00\",\"dateModified\":\"2026-02-08T12:58:39+00:00\",\"description\":\"Axkid One 3 turvatool 61-125cm, coastal storm black, Axkid ONE 3 - \u00dcks turvatool l\u00e4bi lapsep\u00f5lve!AXKID ONE 3 annab turvatoolide ohutus\",\"breadcrumb\":{\"@id\":\"https:\/\/beebipood.ee\/ru\/produkt\/axkid-one-3-turvatool-61-125cm-driftwood-beige\/#breadcrumb\"},\"inLanguage\":\"ru-RU\",\"potentialAction\":[{\"@type\":\"ReadAction\",\"target\":[\"https:\/\/beebipood.ee\/ru\/produkt\/axkid-one-3-turvatool-61-125cm-driftwood-beige\/\"]}]},{\"@type\":\"ImageObject\",\"inLanguage\":\"ru-RU\",\"@id\":\"https:\/\/beebipood.ee\/ru\/produkt\/axkid-one-3-turvatool-61-125cm-driftwood-beige\/#primaryimage\",\"url\":\"https:\/\/beebipood.ee\/wp-content\/uploads\/2026\/02\/axkid-one-3-turvatool-61-125cm-driftwood-beige-5.jpg\",\"contentUrl\":\"https:\/\/beebipood.ee\/wp-content\/uploads\/2026\/02\/axkid-one-3-turvatool-61-125cm-driftwood-beige-5.jpg\",\"width\":2316,\"height\":2142},{\"@type\":\"BreadcrumbList\",\"@id\":\"https:\/\/beebipood.ee\/ru\/produkt\/axkid-one-3-turvatool-61-125cm-driftwood-beige\/#breadcrumb\",\"itemListElement\":[{\"@type\":\"ListItem\",\"position\":1,\"name\":\"Home\",\"item\":\"https:\/\/beebipood.ee\/ru\/\"},{\"@type\":\"ListItem\",\"position\":2,\"name\":\"\u041a\u0430\u0442\u0430\u043b\u043e\u0433 \u0442\u043e\u0432\u0430\u0440\u043e\u0432\",\"item\":\"https:\/\/beebipood.ee\/tooted\/\"},{\"@type\":\"ListItem\",\"position\":3,\"name\":\"Axkid One 3 turvatool 61-125cm, Driftwood Beige\"}]},{\"@type\":\"WebSite\",\"@id\":\"https:\/\/beebipood.ee\/ru\/#website\",\"url\":\"https:\/\/beebipood.ee\/ru\/\",\"name\":\"Beebipood\",\"description\":\"Lastekaubad, beebikaubad, m\u00e4nguasjad\",\"publisher\":{\"@id\":\"https:\/\/beebipood.ee\/ru\/#organization\"},\"potentialAction\":[{\"@type\":\"SearchAction\",\"target\":{\"@type\":\"EntryPoint\",\"urlTemplate\":\"https:\/\/beebipood.ee\/ru\/?s={search_term_string}\"},\"query-input\":{\"@type\":\"PropertyValueSpecification\",\"valueRequired\":true,\"valueName\":\"search_term_string\"}}],\"inLanguage\":\"ru-RU\"},{\"@type\":\"Organization\",\"@id\":\"https:\/\/beebipood.ee\/ru\/#organization\",\"name\":\"Beebipood\",\"url\":\"https:\/\/beebipood.ee\/ru\/\",\"logo\":{\"@type\":\"ImageObject\",\"inLanguage\":\"ru-RU\",\"@id\":\"https:\/\/beebipood.ee\/ru\/#\/schema\/logo\/image\/\",\"url\":\"https:\/\/beebipood.ee\/wp-content\/uploads\/2025\/03\/beebipood.ee-logo-1.svg\",\"contentUrl\":\"https:\/\/beebipood.ee\/wp-content\/uploads\/2025\/03\/beebipood.ee-logo-1.svg\",\"caption\":\"Beebipood\"},\"image\":{\"@id\":\"https:\/\/beebipood.ee\/ru\/#\/schema\/logo\/image\/\"}}]}<\/script>\n<!-- \/ Yoast SEO plugin. -->","yoast_head_json":{"title":"Axkid One 3 turvatool 61-125cm, coastal storm black, \u0421\u041a\u0418\u0414\u041a\u0418, \u041d\u041e\u0412\u042b\u0415 \u0422\u041e\u0412\u0410\u0420\u042b, \u0410\u0432\u0442\u043e\u043a\u0440\u0435\u0441\u043b\u0430, \u043b\u044e\u043b\u044c\u043a\u0438, \u0410\u0432\u0442\u043e\u043a\u0440\u0435\u0441\u043b\u0430 0-25 \u043a\u0433, \u0421\u043d\u0430\u0440\u044f\u0436\u0435\u043d\u0438\u044f \u0431\u0435\u0437\u043e\u043f\u0430\u0441\u043d\u043e\u0441\u0442\u0438, Axkid, A\u0432\u0442\u043e\u043a\u0440\u0435\u0441\u043b\u043e \u0441\u043f\u0438\u043d\u043e\u0439 \u043f\u043e \u0445\u043e\u0434\u0443, Axkid One 3 , Beebipood","description":"Axkid One 3 turvatool 61-125cm, coastal storm black, Axkid ONE 3 - \u00dcks turvatool l\u00e4bi lapsep\u00f5lve!AXKID ONE 3 annab turvatoolide ohutus","robots":{"index":"index","follow":"follow","max-snippet":"max-snippet:-1","max-image-preview":"max-image-preview:large","max-video-preview":"max-video-preview:-1"},"canonical":"https:\/\/beebipood.ee\/ru\/produkt\/axkid-one-3-turvatool-61-125cm-driftwood-beige\/","og_locale":"ru_RU","og_type":"article","og_title":"Axkid One 3 turvatool 61-125cm, coastal storm black, \u0421\u041a\u0418\u0414\u041a\u0418, \u041d\u041e\u0412\u042b\u0415 \u0422\u041e\u0412\u0410\u0420\u042b, \u0410\u0432\u0442\u043e\u043a\u0440\u0435\u0441\u043b\u0430, \u043b\u044e\u043b\u044c\u043a\u0438, \u0410\u0432\u0442\u043e\u043a\u0440\u0435\u0441\u043b\u0430 0-25 \u043a\u0433, \u0421\u043d\u0430\u0440\u044f\u0436\u0435\u043d\u0438\u044f \u0431\u0435\u0437\u043e\u043f\u0430\u0441\u043d\u043e\u0441\u0442\u0438, Axkid, A\u0432\u0442\u043e\u043a\u0440\u0435\u0441\u043b\u043e \u0441\u043f\u0438\u043d\u043e\u0439 \u043f\u043e \u0445\u043e\u0434\u0443, Axkid One 3 , Beebipood","og_description":"Axkid One 3 turvatool 61-125cm, coastal storm black, Axkid ONE 3 - \u00dcks turvatool l\u00e4bi lapsep\u00f5lve!AXKID ONE 3 annab turvatoolide ohutus","og_url":"https:\/\/beebipood.ee\/ru\/produkt\/axkid-one-3-turvatool-61-125cm-driftwood-beige\/","og_site_name":"Beebipood","article_modified_time":"2026-02-08T12:58:39+00:00","og_image":[{"width":2316,"height":2142,"url":"https:\/\/beebipood.ee\/wp-content\/uploads\/2026\/02\/axkid-one-3-turvatool-61-125cm-driftwood-beige-5.jpg","type":"image\/jpeg"}],"twitter_card":"summary_large_image","twitter_misc":{"\u041f\u0440\u0438\u043c\u0435\u0440\u043d\u043e\u0435 \u0432\u0440\u0435\u043c\u044f \u0434\u043b\u044f \u0447\u0442\u0435\u043d\u0438\u044f":"2 \u043c\u0438\u043d\u0443\u0442\u044b"},"schema":{"@context":"https:\/\/schema.org","@graph":[{"@type":"WebPage","@id":"https:\/\/beebipood.ee\/ru\/produkt\/axkid-one-3-turvatool-61-125cm-driftwood-beige\/","url":"https:\/\/beebipood.ee\/ru\/produkt\/axkid-one-3-turvatool-61-125cm-driftwood-beige\/","name":"Axkid One 3 turvatool 61-125cm, coastal storm black, \u0421\u041a\u0418\u0414\u041a\u0418, \u041d\u041e\u0412\u042b\u0415 \u0422\u041e\u0412\u0410\u0420\u042b, \u0410\u0432\u0442\u043e\u043a\u0440\u0435\u0441\u043b\u0430, \u043b\u044e\u043b\u044c\u043a\u0438, \u0410\u0432\u0442\u043e\u043a\u0440\u0435\u0441\u043b\u0430 0-25 \u043a\u0433, \u0421\u043d\u0430\u0440\u044f\u0436\u0435\u043d\u0438\u044f \u0431\u0435\u0437\u043e\u043f\u0430\u0441\u043d\u043e\u0441\u0442\u0438, Axkid, A\u0432\u0442\u043e\u043a\u0440\u0435\u0441\u043b\u043e \u0441\u043f\u0438\u043d\u043e\u0439 \u043f\u043e \u0445\u043e\u0434\u0443, Axkid One 3 , Beebipood","isPartOf":{"@id":"https:\/\/beebipood.ee\/ru\/#website"},"primaryImageOfPage":{"@id":"https:\/\/beebipood.ee\/ru\/produkt\/axkid-one-3-turvatool-61-125cm-driftwood-beige\/#primaryimage"},"image":{"@id":"https:\/\/beebipood.ee\/ru\/produkt\/axkid-one-3-turvatool-61-125cm-driftwood-beige\/#primaryimage"},"thumbnailUrl":"https:\/\/beebipood.ee\/wp-content\/uploads\/2026\/02\/axkid-one-3-turvatool-61-125cm-driftwood-beige-5.jpg","datePublished":"2026-02-08T12:52:45+00:00","dateModified":"2026-02-08T12:58:39+00:00","description":"Axkid One 3 turvatool 61-125cm, coastal storm black, Axkid ONE 3 - \u00dcks turvatool l\u00e4bi lapsep\u00f5lve!AXKID ONE 3 annab turvatoolide ohutus","breadcrumb":{"@id":"https:\/\/beebipood.ee\/ru\/produkt\/axkid-one-3-turvatool-61-125cm-driftwood-beige\/#breadcrumb"},"inLanguage":"ru-RU","potentialAction":[{"@type":"ReadAction","target":["https:\/\/beebipood.ee\/ru\/produkt\/axkid-one-3-turvatool-61-125cm-driftwood-beige\/"]}]},{"@type":"ImageObject","inLanguage":"ru-RU","@id":"https:\/\/beebipood.ee\/ru\/produkt\/axkid-one-3-turvatool-61-125cm-driftwood-beige\/#primaryimage","url":"https:\/\/beebipood.ee\/wp-content\/uploads\/2026\/02\/axkid-one-3-turvatool-61-125cm-driftwood-beige-5.jpg","contentUrl":"https:\/\/beebipood.ee\/wp-content\/uploads\/2026\/02\/axkid-one-3-turvatool-61-125cm-driftwood-beige-5.jpg","width":2316,"height":2142},{"@type":"BreadcrumbList","@id":"https:\/\/beebipood.ee\/ru\/produkt\/axkid-one-3-turvatool-61-125cm-driftwood-beige\/#breadcrumb","itemListElement":[{"@type":"ListItem","position":1,"name":"Home","item":"https:\/\/beebipood.ee\/ru\/"},{"@type":"ListItem","position":2,"name":"\u041a\u0430\u0442\u0430\u043b\u043e\u0433 \u0442\u043e\u0432\u0430\u0440\u043e\u0432","item":"https:\/\/beebipood.ee\/tooted\/"},{"@type":"ListItem","position":3,"name":"Axkid One 3 turvatool 61-125cm, Driftwood Beige"}]},{"@type":"WebSite","@id":"https:\/\/beebipood.ee\/ru\/#website","url":"https:\/\/beebipood.ee\/ru\/","name":"Beebipood","description":"Lastekaubad, beebikaubad, m\u00e4nguasjad","publisher":{"@id":"https:\/\/beebipood.ee\/ru\/#organization"},"potentialAction":[{"@type":"SearchAction","target":{"@type":"EntryPoint","urlTemplate":"https:\/\/beebipood.ee\/ru\/?s={search_term_string}"},"query-input":{"@type":"PropertyValueSpecification","valueRequired":true,"valueName":"search_term_string"}}],"inLanguage":"ru-RU"},{"@type":"Organization","@id":"https:\/\/beebipood.ee\/ru\/#organization","name":"Beebipood","url":"https:\/\/beebipood.ee\/ru\/","logo":{"@type":"ImageObject","inLanguage":"ru-RU","@id":"https:\/\/beebipood.ee\/ru\/#\/schema\/logo\/image\/","url":"https:\/\/beebipood.ee\/wp-content\/uploads\/2025\/03\/beebipood.ee-logo-1.svg","contentUrl":"https:\/\/beebipood.ee\/wp-content\/uploads\/2025\/03\/beebipood.ee-logo-1.svg","caption":"Beebipood"},"image":{"@id":"https:\/\/beebipood.ee\/ru\/#\/schema\/logo\/image\/"}}]}},"brands":[{"id":11955,"name":"Axkid","slug":"axkid-ru"}],"_links":{"self":[{"href":"https:\/\/beebipood.ee\/ru\/wp-json\/wp\/v2\/product\/510977","targetHints":{"allow":["GET"]}}],"collection":[{"href":"https:\/\/beebipood.ee\/ru\/wp-json\/wp\/v2\/product"}],"about":[{"href":"https:\/\/beebipood.ee\/ru\/wp-json\/wp\/v2\/types\/product"}],"wp:featuredmedia":[{"embeddable":true,"href":"https:\/\/beebipood.ee\/ru\/wp-json\/wp\/v2\/media\/510991"}],"wp:attachment":[{"href":"https:\/\/beebipood.ee\/ru\/wp-json\/wp\/v2\/media?parent=510977"}],"wp:term":[{"taxonomy":"pwb-brand","embeddable":true,"href":"https:\/\/beebipood.ee\/ru\/wp-json\/wp\/v2\/pwb-brand?post=510977"},{"taxonomy":"product_brand","embeddable":true,"href":"https:\/\/beebipood.ee\/ru\/wp-json\/wp\/v2\/product_brand?post=510977"},{"taxonomy":"product_cat","embeddable":true,"href":"https:\/\/beebipood.ee\/ru\/wp-json\/wp\/v2\/product_cat?post=510977"},{"taxonomy":"product_tag","embeddable":true,"href":"https:\/\/beebipood.ee\/ru\/wp-json\/wp\/v2\/product_tag?post=510977"}],"curies":[{"name":"wp","href":"https:\/\/api.w.org\/{rel}","templated":true}]}}