{"id":510995,"date":"2026-02-08T15:00:51","date_gmt":"2026-02-08T13:00:51","guid":{"rendered":"https:\/\/beebipood.ee\/?post_type=product&#038;p=510995"},"modified":"2026-02-08T15:05:04","modified_gmt":"2026-02-08T13:05:04","slug":"axkid-one-3-turvatool-40-125cm-driftwood-beige","status":"publish","type":"product","link":"https:\/\/beebipood.ee\/ru\/produkt\/axkid-one-3-turvatool-40-125cm-driftwood-beige\/","title":{"rendered":"Axkid One+ 3 turvatool 40-125cm, Driftwood Beige"},"content":{"rendered":"<h2 data-start=\"140\" data-end=\"193\"><strong data-start=\"143\" data-end=\"193\">Axkid ONE+ 3 \u2013 \u00fcks turvatool kogu lapsep\u00f5lveks<\/strong><\/h2>\n<p data-start=\"195\" data-end=\"546\"><strong data-start=\"195\" data-end=\"211\">Axkid ONE+ 3<\/strong> seab uue standardi lapse turvalisusele ja mugavusele. Tegemist on <strong data-start=\"278\" data-end=\"336\">ainsa seljaga s\u00f5idusuunas ISOFIX-turvatooliga maailmas<\/strong>, mis vastab <strong data-start=\"349\" data-end=\"404\">i-Size standardile vahemikus 40\u2013125 cm \/ kuni 23 kg<\/strong>. See t\u00e4hendab, et laps saab s\u00f5ita seljaga s\u00f5idusuunas kuni <strong data-start=\"464\" data-end=\"481\">7. eluaastani<\/strong> \u2013 kuni 3 aastat kauem kui enamikes teistes ISOFIX-turvatoolides.<\/p>\n<p data-start=\"548\" data-end=\"734\">Seljaga s\u00f5idusuunas s\u00f5itmine on teaduslikult t\u00f5estatud kuni <strong data-start=\"608\" data-end=\"626\">5 korda ohutum<\/strong>, mist\u00f5ttu on Axkid ONE+ 3 ideaalne valik lapsevanematele, kes seavad ohutuse esikohale juba s\u00fcnnist alates.<\/p>\n<hr data-start=\"736\" data-end=\"739\" \/>\n<h2 data-start=\"741\" data-end=\"792\"><strong data-start=\"744\" data-end=\"792\">Tipptasemel ohutus \u2013 testitud ja tunnustatud<\/strong><\/h2>\n<ul data-start=\"794\" data-end=\"971\">\n<li data-start=\"794\" data-end=\"863\">\n<p data-start=\"796\" data-end=\"863\">L\u00e4binud maailma \u00fche karmima kokkup\u00f5rketesti \u2013 <strong data-start=\"842\" data-end=\"863\">Swedish Plus Test<\/strong><\/p>\n<\/li>\n<li data-start=\"864\" data-end=\"887\">\n<p data-start=\"866\" data-end=\"887\"><strong data-start=\"866\" data-end=\"887\">ADAC testi v\u00f5itja<\/strong><\/p>\n<\/li>\n<li data-start=\"888\" data-end=\"924\">\n<p data-start=\"890\" data-end=\"924\">ISOFIX-kinnitus ja i-Size vastavus<\/p>\n<\/li>\n<li data-start=\"925\" data-end=\"971\">\n<p data-start=\"927\" data-end=\"971\">ASIP k\u00fclgkokkup\u00f5rke kaitse lisaturvalisuseks<\/p>\n<\/li>\n<\/ul>\n<p data-start=\"973\" data-end=\"1084\">Rootsis loodud Axkid ONE+ 3 on m\u00f5eldud kestma \u2013 <strong data-start=\"1021\" data-end=\"1083\">patenteeritud tehnoloogia tagab kuni 15-aastase kasutusaja<\/strong>.<\/p>\n<hr data-start=\"1086\" data-end=\"1089\" \/>\n<h2 data-start=\"1091\" data-end=\"1133\"><strong data-start=\"1094\" data-end=\"1133\">Mugavus vasts\u00fcndinust koolieelikuni<\/strong><\/h2>\n<p data-start=\"1135\" data-end=\"1204\">Axkid ONE+ 3 kasvab koos lapsega ja pakub mugavust igas arenguetapis:<\/p>\n<ul data-start=\"1206\" data-end=\"1491\">\n<li data-start=\"1206\" data-end=\"1259\">\n<p data-start=\"1208\" data-end=\"1259\">Kaks ergonoomilist beebisisu (0\u201360 cm ja 60\u2013105 cm)<\/p>\n<\/li>\n<li data-start=\"1260\" data-end=\"1315\">\n<p data-start=\"1262\" data-end=\"1315\">T\u00e4iustatud peatoe s\u00fcsteem, reguleeritav <strong data-start=\"1302\" data-end=\"1315\">12 astmes<\/strong><\/p>\n<\/li>\n<li data-start=\"1316\" data-end=\"1432\">\n<p data-start=\"1318\" data-end=\"1432\"><strong data-start=\"1318\" data-end=\"1340\">Sleep Well s\u00fcsteem<\/strong> \u2013 istme kaldenurk reguleeritav vahemikus <strong data-start=\"1382\" data-end=\"1392\">20\u201342\u00b0<\/strong>, et lapse pea ei vajuks magades rinnale<\/p>\n<\/li>\n<li data-start=\"1433\" data-end=\"1491\">\n<p data-start=\"1435\" data-end=\"1491\">Sobib kasutamiseks <strong data-start=\"1454\" data-end=\"1491\">alates s\u00fcnnist kuni 7. eluaastani<\/strong><\/p>\n<\/li>\n<\/ul>\n<p data-start=\"1493\" data-end=\"1634\">Uus ja kvaliteetne tekstiilkangas pakub paremat istumismugavust, on pehme lapse naha vastas ning saadaval v\u00e4rskes ja kaasaegses v\u00e4rvivalikus.<\/p>\n<hr data-start=\"1636\" data-end=\"1639\" \/>\n<h2 data-start=\"1641\" data-end=\"1676\"><strong data-start=\"1644\" data-end=\"1676\">Tugev ja kerge Rootsi disain<\/strong><\/h2>\n<ul data-start=\"1678\" data-end=\"2063\">\n<li data-start=\"1678\" data-end=\"1754\">\n<p data-start=\"1680\" data-end=\"1754\">Uus <strong data-start=\"1684\" data-end=\"1710\">ProTecFrame\u2122 terasraam<\/strong>, mis talub kokkup\u00f5rkej\u00f5ude kuni <strong data-start=\"1743\" data-end=\"1754\">1500 kg<\/strong><\/p>\n<\/li>\n<li data-start=\"1755\" data-end=\"1833\">\n<p data-start=\"1757\" data-end=\"1833\">Alumiiniumist ja karastatud terasest kaitseraam toimib nagu turvaline kookon<\/p>\n<\/li>\n<li data-start=\"1834\" data-end=\"1899\">\n<p data-start=\"1836\" data-end=\"1899\">L\u00f6\u00f6ke neelavad materjalid v\u00e4hendavad \u00f5nnetuse korral l\u00f6\u00f6gij\u00f5ude<\/p>\n<\/li>\n<li data-start=\"1900\" data-end=\"1980\">\n<p data-start=\"1902\" data-end=\"1980\">Istme sisemine ventilatsioonis\u00fcsteem hoiab lapse mugavana ka soojadel p\u00e4evadel<\/p>\n<\/li>\n<li data-start=\"1981\" data-end=\"2063\">\n<p data-start=\"1983\" data-end=\"2063\">Turvatooli kaal alla <strong data-start=\"2004\" data-end=\"2013\">10 kg<\/strong> \u2013 lihtne t\u00f5sta ja vahetada erinevate autode vahel<\/p>\n<\/li>\n<\/ul>\n<hr data-start=\"2065\" data-end=\"2068\" \/>\n<h2 data-start=\"2070\" data-end=\"2114\"><strong data-start=\"2073\" data-end=\"2114\">Rohkem jalaruumi, rohkem paindlikkust<\/strong><\/h2>\n<ul data-start=\"2116\" data-end=\"2351\">\n<li data-start=\"2116\" data-end=\"2160\">\n<p data-start=\"2118\" data-end=\"2160\">Uuenduslik <strong data-start=\"2129\" data-end=\"2160\">SpaceFlow\u2122 r\u00f6\u00f6baste s\u00fcsteem<\/strong><\/p>\n<\/li>\n<li data-start=\"2161\" data-end=\"2212\">\n<p data-start=\"2163\" data-end=\"2212\">Turvatooli saab \u00fche k\u00e4ega nihutada kuni <strong data-start=\"2203\" data-end=\"2212\">30 cm<\/strong><\/p>\n<\/li>\n<li data-start=\"2213\" data-end=\"2301\">\n<p data-start=\"2215\" data-end=\"2301\">V\u00f5imaldab lihtsalt reguleerida lapse jalaruumi v\u00f5i anda lisaruumi esiistmel istujale<\/p>\n<\/li>\n<li data-start=\"2302\" data-end=\"2351\">\n<p data-start=\"2304\" data-end=\"2351\">K\u00f5ik see <strong data-start=\"2313\" data-end=\"2351\">ilma turvatooli autost eemaldamata<\/strong><\/p>\n<\/li>\n<\/ul>\n<p data-start=\"2353\" data-end=\"2406\">Selliste omadustega turvatooli teist maailmas ei ole.<\/p>\n<hr data-start=\"2408\" data-end=\"2411\" \/>\n<h2 data-start=\"2413\" data-end=\"2445\"><strong data-start=\"2416\" data-end=\"2445\">Kiire ja muretu paigaldus<\/strong><\/h2>\n<ul data-start=\"2447\" data-end=\"2609\">\n<li data-start=\"2447\" data-end=\"2464\">\n<p data-start=\"2449\" data-end=\"2464\">ISOFIX-kinnitus<\/p>\n<\/li>\n<li data-start=\"2465\" data-end=\"2525\">\n<p data-start=\"2467\" data-end=\"2525\">Heli- ja visuaalsignaalid juhendavad korrektset paigaldust<\/p>\n<\/li>\n<li data-start=\"2526\" data-end=\"2561\">\n<p data-start=\"2528\" data-end=\"2561\">Paigaldatav <strong data-start=\"2540\" data-end=\"2561\">alla 30 sekundiga<\/strong><\/p>\n<\/li>\n<li data-start=\"2562\" data-end=\"2609\">\n<p data-start=\"2564\" data-end=\"2609\">V\u00e4hendab oluliselt valesti paigaldamise riski<\/p>\n<\/li>\n<\/ul>\n<hr data-start=\"2611\" data-end=\"2614\" \/>\n<h2 data-start=\"2616\" data-end=\"2651\"><strong data-start=\"2619\" data-end=\"2651\">Rootsi tipptasemel turvav\u00f6\u00f6d<\/strong><\/h2>\n<ul data-start=\"2653\" data-end=\"2841\">\n<li data-start=\"2653\" data-end=\"2706\">\n<p data-start=\"2655\" data-end=\"2706\">Holmbergs\u00ae esmaklassiline 5-punkti turvav\u00f6\u00f6 s\u00fcsteem<\/p>\n<\/li>\n<li data-start=\"2707\" data-end=\"2761\">\n<p data-start=\"2709\" data-end=\"2761\">Magnetilised rihmad kinnituvad mugavalt peatoe k\u00fclge<\/p>\n<\/li>\n<li data-start=\"2762\" data-end=\"2841\">\n<p data-start=\"2764\" data-end=\"2841\">K\u00f5ik komponendid on testitud rangematest ohutusstandarditest k\u00f5rgemal tasemel<\/p>\n<\/li>\n<\/ul>\n<hr data-start=\"2843\" data-end=\"2846\" \/>\n<h2 data-start=\"2848\" data-end=\"2872\"><strong data-start=\"2851\" data-end=\"2872\">Tehnilised andmed<\/strong><\/h2>\n<ul data-start=\"2874\" data-end=\"3125\">\n<li data-start=\"2874\" data-end=\"2904\">\n<p data-start=\"2876\" data-end=\"2904\">Kasutus: 0 kuud \u2013 7 aastat<\/p>\n<\/li>\n<li data-start=\"2905\" data-end=\"2932\">\n<p data-start=\"2907\" data-end=\"2932\">Lapse pikkus: 40\u2013125 cm<\/p>\n<\/li>\n<li data-start=\"2933\" data-end=\"2960\">\n<p data-start=\"2935\" data-end=\"2960\">Maksimaalne kaal: 23 kg<\/p>\n<\/li>\n<li data-start=\"2961\" data-end=\"2976\">\n<p data-start=\"2963\" data-end=\"2976\">Kaal: 10 kg<\/p>\n<\/li>\n<li data-start=\"2977\" data-end=\"2998\">\n<p data-start=\"2979\" data-end=\"2998\">Kaldenurk: 20\u201342\u00b0<\/p>\n<\/li>\n<li data-start=\"2999\" data-end=\"3028\">\n<p data-start=\"3001\" data-end=\"3028\">Tugijala pikkus: 26\u201352 cm<\/p>\n<\/li>\n<li data-start=\"3029\" data-end=\"3053\">\n<p data-start=\"3031\" data-end=\"3053\">Istme s\u00fcgavus: 32 cm<\/p>\n<\/li>\n<li data-start=\"3054\" data-end=\"3081\">\n<p data-start=\"3056\" data-end=\"3081\">M\u00f5\u00f5dud: 44 \u00d7 76 \u00d7 54 cm<\/p>\n<\/li>\n<li data-start=\"3082\" data-end=\"3125\">\n<p data-start=\"3084\" data-end=\"3125\">Kate: eemaldatav ja pestav 30 \u00b0C juures<\/p>\n<\/li>\n<\/ul>\n","protected":false},"excerpt":{"rendered":"<p>Axkid ONE+ 3 \u2013 \u00fcks turvatool kogu lapsep\u00f5lveks Axkid ONE+ 3 seab uue standardi lapse turvalisusele ja mugavusele. Tegemist on ainsa seljaga s\u00f5idusuunas ISOFIX-turvatooliga maailmas, mis vastab i-Size standardile vahemikus 40\u2013125 cm \/ kuni 23 kg. See t\u00e4hendab, et laps saab s\u00f5ita seljaga s\u00f5idusuunas kuni 7. eluaastani \u2013 kuni 3 aastat kauem kui enamikes teistes [&hellip;]<\/p>\n","protected":false},"featured_media":510987,"template":"","meta":{"_acf_changed":false},"pwb-brand":[11955],"product_brand":[],"product_cat":[11573,11813,11575,11727,11733,11855,11887,11791],"product_tag":[],"class_list":{"0":"post-510995","1":"product","2":"type-product","3":"status-publish","4":"has-post-thumbnail","6":"pwb-brand-axkid-ru","7":"product_cat-sooduspakkumised-ru","8":"product_cat-axkid-ru","9":"product_cat-uued-tooted-ru","10":"product_cat-turvatoolid-hallid-ru","11":"product_cat-turvatoolid-0-25-kg-ru","12":"product_cat-sss-turvatoolid-ru","13":"product_cat-axkid-one-3-ru","14":"product_cat-turvavarustus-ru","15":"pa_manufacturer-axkid-ru","17":"first","18":"onbackorder","19":"sale","20":"taxable","21":"shipping-taxable","22":"purchasable","23":"product-type-simple"},"exclude_global_add_ons":[],"addons":[],"acf":[],"yoast_head":"<!-- This site is optimized with the Yoast SEO plugin v27.1.1 - https:\/\/yoast.com\/product\/yoast-seo-wordpress\/ -->\n<title>Axkid One 3 turvatool 61-125cm, coastal storm black, \u0421\u041a\u0418\u0414\u041a\u0418, \u041d\u041e\u0412\u042b\u0415 \u0422\u041e\u0412\u0410\u0420\u042b, \u0410\u0432\u0442\u043e\u043a\u0440\u0435\u0441\u043b\u0430, \u043b\u044e\u043b\u044c\u043a\u0438, \u0410\u0432\u0442\u043e\u043a\u0440\u0435\u0441\u043b\u0430 0-25 \u043a\u0433, \u0421\u043d\u0430\u0440\u044f\u0436\u0435\u043d\u0438\u044f \u0431\u0435\u0437\u043e\u043f\u0430\u0441\u043d\u043e\u0441\u0442\u0438, Axkid, A\u0432\u0442\u043e\u043a\u0440\u0435\u0441\u043b\u043e \u0441\u043f\u0438\u043d\u043e\u0439 \u043f\u043e \u0445\u043e\u0434\u0443, Axkid One 3 , Beebipood<\/title>\n<meta name=\"description\" content=\"Axkid One 3 turvatool 61-125cm, coastal storm black, Axkid ONE 3 - \u00dcks turvatool l\u00e4bi lapsep\u00f5lve!AXKID ONE 3 annab turvatoolide ohutus\" \/>\n<meta name=\"robots\" content=\"index, follow, max-snippet:-1, max-image-preview:large, max-video-preview:-1\" \/>\n<link rel=\"canonical\" href=\"https:\/\/beebipood.ee\/ru\/produkt\/axkid-one-3-turvatool-40-125cm-driftwood-beige\/\" \/>\n<meta property=\"og:locale\" content=\"ru_RU\" \/>\n<meta property=\"og:type\" content=\"article\" \/>\n<meta property=\"og:title\" content=\"Axkid One 3 turvatool 61-125cm, coastal storm black, \u0421\u041a\u0418\u0414\u041a\u0418, \u041d\u041e\u0412\u042b\u0415 \u0422\u041e\u0412\u0410\u0420\u042b, \u0410\u0432\u0442\u043e\u043a\u0440\u0435\u0441\u043b\u0430, \u043b\u044e\u043b\u044c\u043a\u0438, \u0410\u0432\u0442\u043e\u043a\u0440\u0435\u0441\u043b\u0430 0-25 \u043a\u0433, \u0421\u043d\u0430\u0440\u044f\u0436\u0435\u043d\u0438\u044f \u0431\u0435\u0437\u043e\u043f\u0430\u0441\u043d\u043e\u0441\u0442\u0438, Axkid, A\u0432\u0442\u043e\u043a\u0440\u0435\u0441\u043b\u043e \u0441\u043f\u0438\u043d\u043e\u0439 \u043f\u043e \u0445\u043e\u0434\u0443, Axkid One 3 , Beebipood\" \/>\n<meta property=\"og:description\" content=\"Axkid One 3 turvatool 61-125cm, coastal storm black, Axkid ONE 3 - \u00dcks turvatool l\u00e4bi lapsep\u00f5lve!AXKID ONE 3 annab turvatoolide ohutus\" \/>\n<meta property=\"og:url\" content=\"https:\/\/beebipood.ee\/ru\/produkt\/axkid-one-3-turvatool-40-125cm-driftwood-beige\/\" \/>\n<meta property=\"og:site_name\" content=\"Beebipood\" \/>\n<meta property=\"article:modified_time\" content=\"2026-02-08T13:05:04+00:00\" \/>\n<meta property=\"og:image\" content=\"https:\/\/beebipood.ee\/wp-content\/uploads\/2026\/02\/axkid-one-3-turvatool-61-125cm-driftwood-beige-6.jpg\" \/>\n\t<meta property=\"og:image:width\" content=\"2388\" \/>\n\t<meta property=\"og:image:height\" content=\"2376\" \/>\n\t<meta property=\"og:image:type\" content=\"image\/jpeg\" \/>\n<meta name=\"twitter:card\" content=\"summary_large_image\" \/>\n<meta name=\"twitter:label1\" content=\"\u041f\u0440\u0438\u043c\u0435\u0440\u043d\u043e\u0435 \u0432\u0440\u0435\u043c\u044f \u0434\u043b\u044f \u0447\u0442\u0435\u043d\u0438\u044f\" \/>\n\t<meta name=\"twitter:data1\" content=\"3 \u043c\u0438\u043d\u0443\u0442\u044b\" \/>\n<script type=\"application\/ld+json\" class=\"yoast-schema-graph\">{\"@context\":\"https:\/\/schema.org\",\"@graph\":[{\"@type\":\"WebPage\",\"@id\":\"https:\/\/beebipood.ee\/ru\/produkt\/axkid-one-3-turvatool-40-125cm-driftwood-beige\/\",\"url\":\"https:\/\/beebipood.ee\/ru\/produkt\/axkid-one-3-turvatool-40-125cm-driftwood-beige\/\",\"name\":\"Axkid One 3 turvatool 61-125cm, coastal storm black, \u0421\u041a\u0418\u0414\u041a\u0418, \u041d\u041e\u0412\u042b\u0415 \u0422\u041e\u0412\u0410\u0420\u042b, \u0410\u0432\u0442\u043e\u043a\u0440\u0435\u0441\u043b\u0430, \u043b\u044e\u043b\u044c\u043a\u0438, \u0410\u0432\u0442\u043e\u043a\u0440\u0435\u0441\u043b\u0430 0-25 \u043a\u0433, \u0421\u043d\u0430\u0440\u044f\u0436\u0435\u043d\u0438\u044f \u0431\u0435\u0437\u043e\u043f\u0430\u0441\u043d\u043e\u0441\u0442\u0438, Axkid, A\u0432\u0442\u043e\u043a\u0440\u0435\u0441\u043b\u043e \u0441\u043f\u0438\u043d\u043e\u0439 \u043f\u043e \u0445\u043e\u0434\u0443, Axkid One 3 , Beebipood\",\"isPartOf\":{\"@id\":\"https:\/\/beebipood.ee\/ru\/#website\"},\"primaryImageOfPage\":{\"@id\":\"https:\/\/beebipood.ee\/ru\/produkt\/axkid-one-3-turvatool-40-125cm-driftwood-beige\/#primaryimage\"},\"image\":{\"@id\":\"https:\/\/beebipood.ee\/ru\/produkt\/axkid-one-3-turvatool-40-125cm-driftwood-beige\/#primaryimage\"},\"thumbnailUrl\":\"https:\/\/beebipood.ee\/wp-content\/uploads\/2026\/02\/axkid-one-3-turvatool-61-125cm-driftwood-beige-6.jpg\",\"datePublished\":\"2026-02-08T13:00:51+00:00\",\"dateModified\":\"2026-02-08T13:05:04+00:00\",\"description\":\"Axkid One 3 turvatool 61-125cm, coastal storm black, Axkid ONE 3 - \u00dcks turvatool l\u00e4bi lapsep\u00f5lve!AXKID ONE 3 annab turvatoolide ohutus\",\"breadcrumb\":{\"@id\":\"https:\/\/beebipood.ee\/ru\/produkt\/axkid-one-3-turvatool-40-125cm-driftwood-beige\/#breadcrumb\"},\"inLanguage\":\"ru-RU\",\"potentialAction\":[{\"@type\":\"ReadAction\",\"target\":[\"https:\/\/beebipood.ee\/ru\/produkt\/axkid-one-3-turvatool-40-125cm-driftwood-beige\/\"]}]},{\"@type\":\"ImageObject\",\"inLanguage\":\"ru-RU\",\"@id\":\"https:\/\/beebipood.ee\/ru\/produkt\/axkid-one-3-turvatool-40-125cm-driftwood-beige\/#primaryimage\",\"url\":\"https:\/\/beebipood.ee\/wp-content\/uploads\/2026\/02\/axkid-one-3-turvatool-61-125cm-driftwood-beige-6.jpg\",\"contentUrl\":\"https:\/\/beebipood.ee\/wp-content\/uploads\/2026\/02\/axkid-one-3-turvatool-61-125cm-driftwood-beige-6.jpg\",\"width\":2388,\"height\":2376},{\"@type\":\"BreadcrumbList\",\"@id\":\"https:\/\/beebipood.ee\/ru\/produkt\/axkid-one-3-turvatool-40-125cm-driftwood-beige\/#breadcrumb\",\"itemListElement\":[{\"@type\":\"ListItem\",\"position\":1,\"name\":\"Home\",\"item\":\"https:\/\/beebipood.ee\/ru\/\"},{\"@type\":\"ListItem\",\"position\":2,\"name\":\"\u041a\u0430\u0442\u0430\u043b\u043e\u0433 \u0442\u043e\u0432\u0430\u0440\u043e\u0432\",\"item\":\"https:\/\/beebipood.ee\/tooted\/\"},{\"@type\":\"ListItem\",\"position\":3,\"name\":\"Axkid One+ 3 turvatool 40-125cm, Driftwood Beige\"}]},{\"@type\":\"WebSite\",\"@id\":\"https:\/\/beebipood.ee\/ru\/#website\",\"url\":\"https:\/\/beebipood.ee\/ru\/\",\"name\":\"Beebipood\",\"description\":\"Lastekaubad, beebikaubad, m\u00e4nguasjad\",\"publisher\":{\"@id\":\"https:\/\/beebipood.ee\/ru\/#organization\"},\"potentialAction\":[{\"@type\":\"SearchAction\",\"target\":{\"@type\":\"EntryPoint\",\"urlTemplate\":\"https:\/\/beebipood.ee\/ru\/?s={search_term_string}\"},\"query-input\":{\"@type\":\"PropertyValueSpecification\",\"valueRequired\":true,\"valueName\":\"search_term_string\"}}],\"inLanguage\":\"ru-RU\"},{\"@type\":\"Organization\",\"@id\":\"https:\/\/beebipood.ee\/ru\/#organization\",\"name\":\"Beebipood\",\"url\":\"https:\/\/beebipood.ee\/ru\/\",\"logo\":{\"@type\":\"ImageObject\",\"inLanguage\":\"ru-RU\",\"@id\":\"https:\/\/beebipood.ee\/ru\/#\/schema\/logo\/image\/\",\"url\":\"https:\/\/beebipood.ee\/wp-content\/uploads\/2025\/03\/beebipood.ee-logo-1.svg\",\"contentUrl\":\"https:\/\/beebipood.ee\/wp-content\/uploads\/2025\/03\/beebipood.ee-logo-1.svg\",\"caption\":\"Beebipood\"},\"image\":{\"@id\":\"https:\/\/beebipood.ee\/ru\/#\/schema\/logo\/image\/\"}}]}<\/script>\n<!-- \/ Yoast SEO plugin. -->","yoast_head_json":{"title":"Axkid One 3 turvatool 61-125cm, coastal storm black, \u0421\u041a\u0418\u0414\u041a\u0418, \u041d\u041e\u0412\u042b\u0415 \u0422\u041e\u0412\u0410\u0420\u042b, \u0410\u0432\u0442\u043e\u043a\u0440\u0435\u0441\u043b\u0430, \u043b\u044e\u043b\u044c\u043a\u0438, \u0410\u0432\u0442\u043e\u043a\u0440\u0435\u0441\u043b\u0430 0-25 \u043a\u0433, \u0421\u043d\u0430\u0440\u044f\u0436\u0435\u043d\u0438\u044f \u0431\u0435\u0437\u043e\u043f\u0430\u0441\u043d\u043e\u0441\u0442\u0438, Axkid, A\u0432\u0442\u043e\u043a\u0440\u0435\u0441\u043b\u043e \u0441\u043f\u0438\u043d\u043e\u0439 \u043f\u043e \u0445\u043e\u0434\u0443, Axkid One 3 , Beebipood","description":"Axkid One 3 turvatool 61-125cm, coastal storm black, Axkid ONE 3 - \u00dcks turvatool l\u00e4bi lapsep\u00f5lve!AXKID ONE 3 annab turvatoolide ohutus","robots":{"index":"index","follow":"follow","max-snippet":"max-snippet:-1","max-image-preview":"max-image-preview:large","max-video-preview":"max-video-preview:-1"},"canonical":"https:\/\/beebipood.ee\/ru\/produkt\/axkid-one-3-turvatool-40-125cm-driftwood-beige\/","og_locale":"ru_RU","og_type":"article","og_title":"Axkid One 3 turvatool 61-125cm, coastal storm black, \u0421\u041a\u0418\u0414\u041a\u0418, \u041d\u041e\u0412\u042b\u0415 \u0422\u041e\u0412\u0410\u0420\u042b, \u0410\u0432\u0442\u043e\u043a\u0440\u0435\u0441\u043b\u0430, \u043b\u044e\u043b\u044c\u043a\u0438, \u0410\u0432\u0442\u043e\u043a\u0440\u0435\u0441\u043b\u0430 0-25 \u043a\u0433, \u0421\u043d\u0430\u0440\u044f\u0436\u0435\u043d\u0438\u044f \u0431\u0435\u0437\u043e\u043f\u0430\u0441\u043d\u043e\u0441\u0442\u0438, Axkid, A\u0432\u0442\u043e\u043a\u0440\u0435\u0441\u043b\u043e \u0441\u043f\u0438\u043d\u043e\u0439 \u043f\u043e \u0445\u043e\u0434\u0443, Axkid One 3 , Beebipood","og_description":"Axkid One 3 turvatool 61-125cm, coastal storm black, Axkid ONE 3 - \u00dcks turvatool l\u00e4bi lapsep\u00f5lve!AXKID ONE 3 annab turvatoolide ohutus","og_url":"https:\/\/beebipood.ee\/ru\/produkt\/axkid-one-3-turvatool-40-125cm-driftwood-beige\/","og_site_name":"Beebipood","article_modified_time":"2026-02-08T13:05:04+00:00","og_image":[{"width":2388,"height":2376,"url":"https:\/\/beebipood.ee\/wp-content\/uploads\/2026\/02\/axkid-one-3-turvatool-61-125cm-driftwood-beige-6.jpg","type":"image\/jpeg"}],"twitter_card":"summary_large_image","twitter_misc":{"\u041f\u0440\u0438\u043c\u0435\u0440\u043d\u043e\u0435 \u0432\u0440\u0435\u043c\u044f \u0434\u043b\u044f \u0447\u0442\u0435\u043d\u0438\u044f":"3 \u043c\u0438\u043d\u0443\u0442\u044b"},"schema":{"@context":"https:\/\/schema.org","@graph":[{"@type":"WebPage","@id":"https:\/\/beebipood.ee\/ru\/produkt\/axkid-one-3-turvatool-40-125cm-driftwood-beige\/","url":"https:\/\/beebipood.ee\/ru\/produkt\/axkid-one-3-turvatool-40-125cm-driftwood-beige\/","name":"Axkid One 3 turvatool 61-125cm, coastal storm black, \u0421\u041a\u0418\u0414\u041a\u0418, \u041d\u041e\u0412\u042b\u0415 \u0422\u041e\u0412\u0410\u0420\u042b, \u0410\u0432\u0442\u043e\u043a\u0440\u0435\u0441\u043b\u0430, \u043b\u044e\u043b\u044c\u043a\u0438, \u0410\u0432\u0442\u043e\u043a\u0440\u0435\u0441\u043b\u0430 0-25 \u043a\u0433, \u0421\u043d\u0430\u0440\u044f\u0436\u0435\u043d\u0438\u044f \u0431\u0435\u0437\u043e\u043f\u0430\u0441\u043d\u043e\u0441\u0442\u0438, Axkid, A\u0432\u0442\u043e\u043a\u0440\u0435\u0441\u043b\u043e \u0441\u043f\u0438\u043d\u043e\u0439 \u043f\u043e \u0445\u043e\u0434\u0443, Axkid One 3 , Beebipood","isPartOf":{"@id":"https:\/\/beebipood.ee\/ru\/#website"},"primaryImageOfPage":{"@id":"https:\/\/beebipood.ee\/ru\/produkt\/axkid-one-3-turvatool-40-125cm-driftwood-beige\/#primaryimage"},"image":{"@id":"https:\/\/beebipood.ee\/ru\/produkt\/axkid-one-3-turvatool-40-125cm-driftwood-beige\/#primaryimage"},"thumbnailUrl":"https:\/\/beebipood.ee\/wp-content\/uploads\/2026\/02\/axkid-one-3-turvatool-61-125cm-driftwood-beige-6.jpg","datePublished":"2026-02-08T13:00:51+00:00","dateModified":"2026-02-08T13:05:04+00:00","description":"Axkid One 3 turvatool 61-125cm, coastal storm black, Axkid ONE 3 - \u00dcks turvatool l\u00e4bi lapsep\u00f5lve!AXKID ONE 3 annab turvatoolide ohutus","breadcrumb":{"@id":"https:\/\/beebipood.ee\/ru\/produkt\/axkid-one-3-turvatool-40-125cm-driftwood-beige\/#breadcrumb"},"inLanguage":"ru-RU","potentialAction":[{"@type":"ReadAction","target":["https:\/\/beebipood.ee\/ru\/produkt\/axkid-one-3-turvatool-40-125cm-driftwood-beige\/"]}]},{"@type":"ImageObject","inLanguage":"ru-RU","@id":"https:\/\/beebipood.ee\/ru\/produkt\/axkid-one-3-turvatool-40-125cm-driftwood-beige\/#primaryimage","url":"https:\/\/beebipood.ee\/wp-content\/uploads\/2026\/02\/axkid-one-3-turvatool-61-125cm-driftwood-beige-6.jpg","contentUrl":"https:\/\/beebipood.ee\/wp-content\/uploads\/2026\/02\/axkid-one-3-turvatool-61-125cm-driftwood-beige-6.jpg","width":2388,"height":2376},{"@type":"BreadcrumbList","@id":"https:\/\/beebipood.ee\/ru\/produkt\/axkid-one-3-turvatool-40-125cm-driftwood-beige\/#breadcrumb","itemListElement":[{"@type":"ListItem","position":1,"name":"Home","item":"https:\/\/beebipood.ee\/ru\/"},{"@type":"ListItem","position":2,"name":"\u041a\u0430\u0442\u0430\u043b\u043e\u0433 \u0442\u043e\u0432\u0430\u0440\u043e\u0432","item":"https:\/\/beebipood.ee\/tooted\/"},{"@type":"ListItem","position":3,"name":"Axkid One+ 3 turvatool 40-125cm, Driftwood Beige"}]},{"@type":"WebSite","@id":"https:\/\/beebipood.ee\/ru\/#website","url":"https:\/\/beebipood.ee\/ru\/","name":"Beebipood","description":"Lastekaubad, beebikaubad, m\u00e4nguasjad","publisher":{"@id":"https:\/\/beebipood.ee\/ru\/#organization"},"potentialAction":[{"@type":"SearchAction","target":{"@type":"EntryPoint","urlTemplate":"https:\/\/beebipood.ee\/ru\/?s={search_term_string}"},"query-input":{"@type":"PropertyValueSpecification","valueRequired":true,"valueName":"search_term_string"}}],"inLanguage":"ru-RU"},{"@type":"Organization","@id":"https:\/\/beebipood.ee\/ru\/#organization","name":"Beebipood","url":"https:\/\/beebipood.ee\/ru\/","logo":{"@type":"ImageObject","inLanguage":"ru-RU","@id":"https:\/\/beebipood.ee\/ru\/#\/schema\/logo\/image\/","url":"https:\/\/beebipood.ee\/wp-content\/uploads\/2025\/03\/beebipood.ee-logo-1.svg","contentUrl":"https:\/\/beebipood.ee\/wp-content\/uploads\/2025\/03\/beebipood.ee-logo-1.svg","caption":"Beebipood"},"image":{"@id":"https:\/\/beebipood.ee\/ru\/#\/schema\/logo\/image\/"}}]}},"brands":[{"id":11955,"name":"Axkid","slug":"axkid-ru"}],"_links":{"self":[{"href":"https:\/\/beebipood.ee\/ru\/wp-json\/wp\/v2\/product\/510995","targetHints":{"allow":["GET"]}}],"collection":[{"href":"https:\/\/beebipood.ee\/ru\/wp-json\/wp\/v2\/product"}],"about":[{"href":"https:\/\/beebipood.ee\/ru\/wp-json\/wp\/v2\/types\/product"}],"wp:featuredmedia":[{"embeddable":true,"href":"https:\/\/beebipood.ee\/ru\/wp-json\/wp\/v2\/media\/510987"}],"wp:attachment":[{"href":"https:\/\/beebipood.ee\/ru\/wp-json\/wp\/v2\/media?parent=510995"}],"wp:term":[{"taxonomy":"pwb-brand","embeddable":true,"href":"https:\/\/beebipood.ee\/ru\/wp-json\/wp\/v2\/pwb-brand?post=510995"},{"taxonomy":"product_brand","embeddable":true,"href":"https:\/\/beebipood.ee\/ru\/wp-json\/wp\/v2\/product_brand?post=510995"},{"taxonomy":"product_cat","embeddable":true,"href":"https:\/\/beebipood.ee\/ru\/wp-json\/wp\/v2\/product_cat?post=510995"},{"taxonomy":"product_tag","embeddable":true,"href":"https:\/\/beebipood.ee\/ru\/wp-json\/wp\/v2\/product_tag?post=510995"}],"curies":[{"name":"wp","href":"https:\/\/api.w.org\/{rel}","templated":true}]}}