{"id":511088,"date":"2026-02-12T15:17:33","date_gmt":"2026-02-12T13:17:33","guid":{"rendered":"https:\/\/beebipood.ee\/?post_type=product&#038;p=511088"},"modified":"2026-02-12T15:21:11","modified_gmt":"2026-02-12T13:21:11","slug":"maxi-cosi-coral-slide-pro-familyfix-slide-pro-isofix-alus-onyx-black","status":"publish","type":"product","link":"https:\/\/beebipood.ee\/ru\/produkt\/maxi-cosi-coral-slide-pro-familyfix-slide-pro-isofix-alus-onyx-black\/","title":{"rendered":"Maxi-Cosi Coral Slide Pro + FamilyFix Slide Pro ISOFIX alus, Onyx Black"},"content":{"rendered":"<h2 data-start=\"76\" data-end=\"178\"><strong data-start=\"79\" data-end=\"178\">Maxi-Cosi Coral Slide Pro + FamilyFix Slide Pro \u2013 nutikas ja seljas\u00f5bralik algus beebiaastatele<\/strong><\/h2>\n<p data-start=\"180\" data-end=\"394\">See praktiline komplekt sisaldab <strong data-start=\"213\" data-end=\"243\">Coral Slide Pro turvah\u00e4lli<\/strong> ja <strong data-start=\"247\" data-end=\"283\">FamilyFix Slide Pro ISOFIX alust<\/strong>, pakkudes maksimaalset turvalisust, mugavust ja kasutuslihtsust alates s\u00fcnnist kuni 87 cm pikkuseni (0\u201313 kg).<\/p>\n<hr data-start=\"396\" data-end=\"399\" \/>\n<h2 data-start=\"401\" data-end=\"475\"><strong data-start=\"404\" data-end=\"475\">Revolutsiooniline SlideTech\u00ae2 \u2013 v\u00e4hem kummardamist, rohkem mugavust<\/strong><\/h2>\n<p data-start=\"477\" data-end=\"512\">Unusta ebamugav autosse t\u00f5stmine!<\/p>\n<p data-start=\"514\" data-end=\"717\">T\u00e4nu <strong data-start=\"519\" data-end=\"545\">SLIDETECH\u00ae2 s\u00fcsteemile<\/strong> saab turvah\u00e4lli alusel <strong data-start=\"569\" data-end=\"610\">kuni 27 cm ukse poole v\u00e4lja libistada<\/strong>, tuues lapse sulle l\u00e4hemale. See v\u00e4hendab selja koormust ja muudab lapse autosse asetamise eriti mugavaks.<\/p>\n<ul data-start=\"719\" data-end=\"864\">\n<li data-start=\"719\" data-end=\"801\">\n<p data-start=\"721\" data-end=\"801\">Turvah\u00e4ll p\u00f6\u00f6rdub alusel <strong data-start=\"746\" data-end=\"753\">90\u00b0<\/strong>, et laps oleks autosse t\u00f5stmisel vanema poole<\/p>\n<\/li>\n<li data-start=\"802\" data-end=\"864\">\n<p data-start=\"804\" data-end=\"864\">Hiljem samale alusele paigaldatav turvatool p\u00f6\u00f6rleb <strong data-start=\"856\" data-end=\"864\">360\u00b0<\/strong><\/p>\n<\/li>\n<\/ul>\n<hr data-start=\"866\" data-end=\"869\" \/>\n<h2 data-start=\"871\" data-end=\"915\"><strong data-start=\"874\" data-end=\"915\">Eemaldatav kerge sisu \u2013 ainult 2,5 kg<\/strong><\/h2>\n<p data-start=\"917\" data-end=\"1015\">Coral Slide Pro eriliseks eeliseks on <strong data-start=\"955\" data-end=\"994\">eemaldatav 2,5 kg kaaluv pehme sisu<\/strong>, mida saad kasutada:<\/p>\n<ul data-start=\"1017\" data-end=\"1100\">\n<li data-start=\"1017\" data-end=\"1046\">\n<p data-start=\"1019\" data-end=\"1046\">autos t\u00e4islamavas asendis<\/p>\n<\/li>\n<li data-start=\"1047\" data-end=\"1066\">\n<p data-start=\"1049\" data-end=\"1066\">beebi kandmisel<\/p>\n<\/li>\n<li data-start=\"1067\" data-end=\"1100\">\n<p data-start=\"1069\" data-end=\"1100\">jalutusk\u00e4igul v\u00f5i k\u00fclas olles<\/p>\n<\/li>\n<\/ul>\n<p data-start=\"1102\" data-end=\"1204\">T\u00e4islamav asend toetab vasts\u00fcndinu loomulikku ja turvalist kehahoidu nii autos kui ka v\u00e4ljaspool seda.<\/p>\n<hr data-start=\"1206\" data-end=\"1209\" \/>\n<h2 data-start=\"1211\" data-end=\"1243\"><strong data-start=\"1214\" data-end=\"1243\">Turvalisus igas olukorras<\/strong><\/h2>\n<ul data-start=\"1245\" data-end=\"1541\">\n<li data-start=\"1245\" data-end=\"1299\">\n<p data-start=\"1247\" data-end=\"1299\">Vastab uusimale <strong data-start=\"1263\" data-end=\"1280\">i-Size (R129)<\/strong> turvastandardile<\/p>\n<\/li>\n<li data-start=\"1300\" data-end=\"1377\">\n<p data-start=\"1302\" data-end=\"1377\"><strong data-start=\"1302\" data-end=\"1333\">ISOFIX-kinnitus ja tugijalg<\/strong> tagavad korrektse ja stabiilse paigalduse<\/p>\n<\/li>\n<li data-start=\"1378\" data-end=\"1463\">\n<p data-start=\"1380\" data-end=\"1463\"><strong data-start=\"1380\" data-end=\"1412\">G-CELL k\u00fclgkokkup\u00f5rke kaitse<\/strong> aitab v\u00e4hendada l\u00f6\u00f6gij\u00f5udu k\u00fclgkokkup\u00f5rke korral<\/p>\n<\/li>\n<li data-start=\"1464\" data-end=\"1541\">\n<p data-start=\"1466\" data-end=\"1541\">Click &amp; Go s\u00fcsteem v\u00f5imaldab turvah\u00e4lli kiiret kinnitamist ja eemaldamist<\/p>\n<\/li>\n<\/ul>\n<p data-start=\"1543\" data-end=\"1578\">S\u00f5idusuund: <strong data-start=\"1555\" data-end=\"1578\">seljaga s\u00f5idusuunas<\/strong><\/p>\n<hr data-start=\"1580\" data-end=\"1583\" \/>\n<h2 data-start=\"1585\" data-end=\"1614\"><strong data-start=\"1588\" data-end=\"1614\">Mugavus igal aastaajal<\/strong><\/h2>\n<ul data-start=\"1616\" data-end=\"1797\">\n<li data-start=\"1616\" data-end=\"1679\">\n<p data-start=\"1618\" data-end=\"1679\"><strong data-start=\"1618\" data-end=\"1654\">ClimaFlow ventilatsioonipaneelid<\/strong> parandavad \u00f5huringlust<\/p>\n<\/li>\n<li data-start=\"1680\" data-end=\"1741\">\n<p data-start=\"1682\" data-end=\"1741\">Hingavad materjalid aitavad hoida lapse m\u00f5nusalt jahedana<\/p>\n<\/li>\n<li data-start=\"1742\" data-end=\"1797\">\n<p data-start=\"1744\" data-end=\"1797\">T\u00e4islamav asend pakub maksimaalset ergonoomilist tuge<\/p>\n<\/li>\n<\/ul>\n<hr data-start=\"1799\" data-end=\"1802\" \/>\n<h2 data-start=\"1804\" data-end=\"1837\"><strong data-start=\"1807\" data-end=\"1837\">Kasvav s\u00fcsteem kogu perele<\/strong><\/h2>\n<p data-start=\"1839\" data-end=\"1915\">FamilyFix Slide Pro alus on osa <strong data-start=\"1871\" data-end=\"1912\">Maxi-Cosi Slide Pro Family s\u00fcsteemist<\/strong>.<\/p>\n<p data-start=\"1917\" data-end=\"1962\">Kui laps kasvab, saad samale alusele soetada:<\/p>\n<ul data-start=\"1963\" data-end=\"2022\">\n<li data-start=\"1963\" data-end=\"1984\">\n<p data-start=\"1965\" data-end=\"1984\"><strong data-start=\"1965\" data-end=\"1984\">Pearl Slide Pro<\/strong><\/p>\n<\/li>\n<li data-start=\"1985\" data-end=\"2022\">\n<p data-start=\"1987\" data-end=\"2022\"><strong data-start=\"1987\" data-end=\"2009\">Pearl XL Slide Pro<\/strong> turvatooli<\/p>\n<\/li>\n<\/ul>\n<p data-start=\"2024\" data-end=\"2076\">Nii saad kasutada \u00fchte alust mitme turvatooli jaoks.<\/p>\n<hr data-start=\"2078\" data-end=\"2081\" \/>\n<h2 data-start=\"2083\" data-end=\"2107\"><strong data-start=\"2086\" data-end=\"2107\">Tehnilised andmed<\/strong><\/h2>\n<ul data-start=\"2109\" data-end=\"2384\">\n<li data-start=\"2109\" data-end=\"2140\">\n<p data-start=\"2111\" data-end=\"2140\">Kasutus: 40\u201387 cm \/ 0\u201313 kg<\/p>\n<\/li>\n<li data-start=\"2141\" data-end=\"2173\">\n<p data-start=\"2143\" data-end=\"2173\">Turvastandard: i-Size (R129)<\/p>\n<\/li>\n<li data-start=\"2174\" data-end=\"2206\">\n<p data-start=\"2176\" data-end=\"2206\">Paigaldus: ISOFIX + tugijalg<\/p>\n<\/li>\n<li data-start=\"2207\" data-end=\"2250\">\n<p data-start=\"2209\" data-end=\"2250\">SlideTech\u00ae2 libisemisulatus: kuni 27 cm<\/p>\n<\/li>\n<li data-start=\"2251\" data-end=\"2290\">\n<p data-start=\"2253\" data-end=\"2290\">Eemaldatava pehme sisu kaal: 2,5 kg<\/p>\n<\/li>\n<li data-start=\"2291\" data-end=\"2318\">\n<p data-start=\"2293\" data-end=\"2318\">Turvah\u00e4lli kaal: 7,1 kg<\/p>\n<\/li>\n<li data-start=\"2319\" data-end=\"2348\">\n<p data-start=\"2321\" data-end=\"2348\">ISOFIX aluse kaal: 8,1 kg<\/p>\n<\/li>\n<li data-start=\"2349\" data-end=\"2384\">\n<p data-start=\"2351\" data-end=\"2384\">S\u00f5idusuund: seljaga s\u00f5idusuunas<\/p>\n<\/li>\n<\/ul>\n<hr data-start=\"2386\" data-end=\"2389\" \/>\n<h2 data-start=\"2391\" data-end=\"2408\"><strong data-start=\"2394\" data-end=\"2408\">Komplektis<\/strong><\/h2>\n<p data-start=\"2410\" data-end=\"2475\">\u2714 Coral Slide Pro turvah\u00e4ll<br data-start=\"2437\" data-end=\"2440\" \/>\u2714 FamilyFix Slide Pro ISOFIX alus<\/p>\n","protected":false},"excerpt":{"rendered":"<p>Maxi-Cosi Coral Slide Pro + FamilyFix Slide Pro \u2013 nutikas ja seljas\u00f5bralik algus beebiaastatele See praktiline komplekt sisaldab Coral Slide Pro turvah\u00e4lli ja FamilyFix Slide Pro ISOFIX alust, pakkudes maksimaalset turvalisust, mugavust ja kasutuslihtsust alates s\u00fcnnist kuni 87 cm pikkuseni (0\u201313 kg). Revolutsiooniline SlideTech\u00ae2 \u2013 v\u00e4hem kummardamist, rohkem mugavust Unusta ebamugav autosse t\u00f5stmine! T\u00e4nu SLIDETECH\u00ae2 [&hellip;]<\/p>\n","protected":false},"featured_media":511090,"template":"","meta":{"_acf_changed":false},"pwb-brand":[11961],"product_brand":[],"product_cat":[11743,11575,11727,11791],"product_tag":[],"class_list":{"0":"post-511088","1":"product","2":"type-product","3":"status-publish","4":"has-post-thumbnail","6":"pwb-brand-maxi-cosi-ru","7":"product_cat-turvahallid-ru","8":"product_cat-uued-tooted-ru","9":"product_cat-turvatoolid-hallid-ru","10":"product_cat-turvavarustus-ru","11":"pa_manufacturer-maxi_cosi-ru","13":"first","14":"onbackorder","15":"taxable","16":"shipping-taxable","17":"purchasable","18":"product-type-simple"},"exclude_global_add_ons":[],"addons":[],"acf":[],"yoast_head":"<!-- This site is optimized with the Yoast SEO plugin v27.1.1 - https:\/\/yoast.com\/product\/yoast-seo-wordpress\/ -->\n<title>Maxi-Cosi Coral 360 turvah\u00e4ll, Essential Grey, \u0421\u041a\u0418\u0414\u041a\u0418, \u0410\u0432\u0442\u043e\u043a\u0440\u0435\u0441\u043b\u0430, \u043b\u044e\u043b\u044c\u043a\u0438, \u0410\u0432\u0442\u043e\u043b\u044e\u043b\u044c\u043a\u0430, \u0421\u043d\u0430\u0440\u044f\u0436\u0435\u043d\u0438\u044f \u0431\u0435\u0437\u043e\u043f\u0430\u0441\u043d\u043e\u0441\u0442\u0438, Beebipood<\/title>\n<meta name=\"description\" content=\"Maxi-Cosi Coral 360 turvah\u00e4ll, Essential Grey, Maxi-Cosi modulaarne turvah\u00e4ll, mida on n\u00fc\u00fcd v\u00f5imalik ka mugavalt p\u00f6\u00f6rata. &lt;b\" \/>\n<meta name=\"robots\" content=\"index, follow, max-snippet:-1, max-image-preview:large, max-video-preview:-1\" \/>\n<link rel=\"canonical\" href=\"https:\/\/beebipood.ee\/ru\/produkt\/maxi-cosi-coral-slide-pro-familyfix-slide-pro-isofix-alus-onyx-black\/\" \/>\n<meta property=\"og:locale\" content=\"ru_RU\" \/>\n<meta property=\"og:type\" content=\"article\" \/>\n<meta property=\"og:title\" content=\"Maxi-Cosi Coral 360 turvah\u00e4ll, Essential Grey, \u0421\u041a\u0418\u0414\u041a\u0418, \u0410\u0432\u0442\u043e\u043a\u0440\u0435\u0441\u043b\u0430, \u043b\u044e\u043b\u044c\u043a\u0438, \u0410\u0432\u0442\u043e\u043b\u044e\u043b\u044c\u043a\u0430, \u0421\u043d\u0430\u0440\u044f\u0436\u0435\u043d\u0438\u044f \u0431\u0435\u0437\u043e\u043f\u0430\u0441\u043d\u043e\u0441\u0442\u0438, Beebipood\" \/>\n<meta property=\"og:description\" content=\"Maxi-Cosi Coral 360 turvah\u00e4ll, Essential Grey, Maxi-Cosi modulaarne turvah\u00e4ll, mida on n\u00fc\u00fcd v\u00f5imalik ka mugavalt p\u00f6\u00f6rata. &lt;b\" \/>\n<meta property=\"og:url\" content=\"https:\/\/beebipood.ee\/ru\/produkt\/maxi-cosi-coral-slide-pro-familyfix-slide-pro-isofix-alus-onyx-black\/\" \/>\n<meta property=\"og:site_name\" content=\"Beebipood\" \/>\n<meta property=\"article:modified_time\" content=\"2026-02-12T13:21:11+00:00\" \/>\n<meta property=\"og:image\" content=\"https:\/\/beebipood.ee\/wp-content\/uploads\/2026\/02\/maxi-cosi-coral-slide-pro-familyfix-slide-pro-isofix-alus3.jpg\" \/>\n\t<meta property=\"og:image:width\" content=\"1500\" \/>\n\t<meta property=\"og:image:height\" content=\"1500\" \/>\n\t<meta property=\"og:image:type\" content=\"image\/jpeg\" \/>\n<meta name=\"twitter:card\" content=\"summary_large_image\" \/>\n<meta name=\"twitter:label1\" content=\"\u041f\u0440\u0438\u043c\u0435\u0440\u043d\u043e\u0435 \u0432\u0440\u0435\u043c\u044f \u0434\u043b\u044f \u0447\u0442\u0435\u043d\u0438\u044f\" \/>\n\t<meta name=\"twitter:data1\" content=\"2 \u043c\u0438\u043d\u0443\u0442\u044b\" \/>\n<script type=\"application\/ld+json\" class=\"yoast-schema-graph\">{\"@context\":\"https:\/\/schema.org\",\"@graph\":[{\"@type\":\"WebPage\",\"@id\":\"https:\/\/beebipood.ee\/ru\/produkt\/maxi-cosi-coral-slide-pro-familyfix-slide-pro-isofix-alus-onyx-black\/\",\"url\":\"https:\/\/beebipood.ee\/ru\/produkt\/maxi-cosi-coral-slide-pro-familyfix-slide-pro-isofix-alus-onyx-black\/\",\"name\":\"Maxi-Cosi Coral 360 turvah\u00e4ll, Essential Grey, \u0421\u041a\u0418\u0414\u041a\u0418, \u0410\u0432\u0442\u043e\u043a\u0440\u0435\u0441\u043b\u0430, \u043b\u044e\u043b\u044c\u043a\u0438, \u0410\u0432\u0442\u043e\u043b\u044e\u043b\u044c\u043a\u0430, \u0421\u043d\u0430\u0440\u044f\u0436\u0435\u043d\u0438\u044f \u0431\u0435\u0437\u043e\u043f\u0430\u0441\u043d\u043e\u0441\u0442\u0438, Beebipood\",\"isPartOf\":{\"@id\":\"https:\/\/beebipood.ee\/ru\/#website\"},\"primaryImageOfPage\":{\"@id\":\"https:\/\/beebipood.ee\/ru\/produkt\/maxi-cosi-coral-slide-pro-familyfix-slide-pro-isofix-alus-onyx-black\/#primaryimage\"},\"image\":{\"@id\":\"https:\/\/beebipood.ee\/ru\/produkt\/maxi-cosi-coral-slide-pro-familyfix-slide-pro-isofix-alus-onyx-black\/#primaryimage\"},\"thumbnailUrl\":\"https:\/\/beebipood.ee\/wp-content\/uploads\/2026\/02\/maxi-cosi-coral-slide-pro-familyfix-slide-pro-isofix-alus3.jpg\",\"datePublished\":\"2026-02-12T13:17:33+00:00\",\"dateModified\":\"2026-02-12T13:21:11+00:00\",\"description\":\"Maxi-Cosi Coral 360 turvah\u00e4ll, Essential Grey, Maxi-Cosi modulaarne turvah\u00e4ll, mida on n\u00fc\u00fcd v\u00f5imalik ka mugavalt p\u00f6\u00f6rata. &lt;b\",\"breadcrumb\":{\"@id\":\"https:\/\/beebipood.ee\/ru\/produkt\/maxi-cosi-coral-slide-pro-familyfix-slide-pro-isofix-alus-onyx-black\/#breadcrumb\"},\"inLanguage\":\"ru-RU\",\"potentialAction\":[{\"@type\":\"ReadAction\",\"target\":[\"https:\/\/beebipood.ee\/ru\/produkt\/maxi-cosi-coral-slide-pro-familyfix-slide-pro-isofix-alus-onyx-black\/\"]}]},{\"@type\":\"ImageObject\",\"inLanguage\":\"ru-RU\",\"@id\":\"https:\/\/beebipood.ee\/ru\/produkt\/maxi-cosi-coral-slide-pro-familyfix-slide-pro-isofix-alus-onyx-black\/#primaryimage\",\"url\":\"https:\/\/beebipood.ee\/wp-content\/uploads\/2026\/02\/maxi-cosi-coral-slide-pro-familyfix-slide-pro-isofix-alus3.jpg\",\"contentUrl\":\"https:\/\/beebipood.ee\/wp-content\/uploads\/2026\/02\/maxi-cosi-coral-slide-pro-familyfix-slide-pro-isofix-alus3.jpg\",\"width\":1500,\"height\":1500},{\"@type\":\"BreadcrumbList\",\"@id\":\"https:\/\/beebipood.ee\/ru\/produkt\/maxi-cosi-coral-slide-pro-familyfix-slide-pro-isofix-alus-onyx-black\/#breadcrumb\",\"itemListElement\":[{\"@type\":\"ListItem\",\"position\":1,\"name\":\"Home\",\"item\":\"https:\/\/beebipood.ee\/ru\/\"},{\"@type\":\"ListItem\",\"position\":2,\"name\":\"\u041a\u0430\u0442\u0430\u043b\u043e\u0433 \u0442\u043e\u0432\u0430\u0440\u043e\u0432\",\"item\":\"https:\/\/beebipood.ee\/tooted\/\"},{\"@type\":\"ListItem\",\"position\":3,\"name\":\"Maxi-Cosi Coral Slide Pro + FamilyFix Slide Pro ISOFIX alus, Onyx Black\"}]},{\"@type\":\"WebSite\",\"@id\":\"https:\/\/beebipood.ee\/ru\/#website\",\"url\":\"https:\/\/beebipood.ee\/ru\/\",\"name\":\"Beebipood\",\"description\":\"Lastekaubad, beebikaubad, m\u00e4nguasjad\",\"publisher\":{\"@id\":\"https:\/\/beebipood.ee\/ru\/#organization\"},\"potentialAction\":[{\"@type\":\"SearchAction\",\"target\":{\"@type\":\"EntryPoint\",\"urlTemplate\":\"https:\/\/beebipood.ee\/ru\/?s={search_term_string}\"},\"query-input\":{\"@type\":\"PropertyValueSpecification\",\"valueRequired\":true,\"valueName\":\"search_term_string\"}}],\"inLanguage\":\"ru-RU\"},{\"@type\":\"Organization\",\"@id\":\"https:\/\/beebipood.ee\/ru\/#organization\",\"name\":\"Beebipood\",\"url\":\"https:\/\/beebipood.ee\/ru\/\",\"logo\":{\"@type\":\"ImageObject\",\"inLanguage\":\"ru-RU\",\"@id\":\"https:\/\/beebipood.ee\/ru\/#\/schema\/logo\/image\/\",\"url\":\"https:\/\/beebipood.ee\/wp-content\/uploads\/2025\/03\/beebipood.ee-logo-1.svg\",\"contentUrl\":\"https:\/\/beebipood.ee\/wp-content\/uploads\/2025\/03\/beebipood.ee-logo-1.svg\",\"caption\":\"Beebipood\"},\"image\":{\"@id\":\"https:\/\/beebipood.ee\/ru\/#\/schema\/logo\/image\/\"}}]}<\/script>\n<!-- \/ Yoast SEO plugin. -->","yoast_head_json":{"title":"Maxi-Cosi Coral 360 turvah\u00e4ll, Essential Grey, \u0421\u041a\u0418\u0414\u041a\u0418, \u0410\u0432\u0442\u043e\u043a\u0440\u0435\u0441\u043b\u0430, \u043b\u044e\u043b\u044c\u043a\u0438, \u0410\u0432\u0442\u043e\u043b\u044e\u043b\u044c\u043a\u0430, \u0421\u043d\u0430\u0440\u044f\u0436\u0435\u043d\u0438\u044f \u0431\u0435\u0437\u043e\u043f\u0430\u0441\u043d\u043e\u0441\u0442\u0438, Beebipood","description":"Maxi-Cosi Coral 360 turvah\u00e4ll, Essential Grey, Maxi-Cosi modulaarne turvah\u00e4ll, mida on n\u00fc\u00fcd v\u00f5imalik ka mugavalt p\u00f6\u00f6rata. &lt;b","robots":{"index":"index","follow":"follow","max-snippet":"max-snippet:-1","max-image-preview":"max-image-preview:large","max-video-preview":"max-video-preview:-1"},"canonical":"https:\/\/beebipood.ee\/ru\/produkt\/maxi-cosi-coral-slide-pro-familyfix-slide-pro-isofix-alus-onyx-black\/","og_locale":"ru_RU","og_type":"article","og_title":"Maxi-Cosi Coral 360 turvah\u00e4ll, Essential Grey, \u0421\u041a\u0418\u0414\u041a\u0418, \u0410\u0432\u0442\u043e\u043a\u0440\u0435\u0441\u043b\u0430, \u043b\u044e\u043b\u044c\u043a\u0438, \u0410\u0432\u0442\u043e\u043b\u044e\u043b\u044c\u043a\u0430, \u0421\u043d\u0430\u0440\u044f\u0436\u0435\u043d\u0438\u044f \u0431\u0435\u0437\u043e\u043f\u0430\u0441\u043d\u043e\u0441\u0442\u0438, Beebipood","og_description":"Maxi-Cosi Coral 360 turvah\u00e4ll, Essential Grey, Maxi-Cosi modulaarne turvah\u00e4ll, mida on n\u00fc\u00fcd v\u00f5imalik ka mugavalt p\u00f6\u00f6rata. &lt;b","og_url":"https:\/\/beebipood.ee\/ru\/produkt\/maxi-cosi-coral-slide-pro-familyfix-slide-pro-isofix-alus-onyx-black\/","og_site_name":"Beebipood","article_modified_time":"2026-02-12T13:21:11+00:00","og_image":[{"width":1500,"height":1500,"url":"https:\/\/beebipood.ee\/wp-content\/uploads\/2026\/02\/maxi-cosi-coral-slide-pro-familyfix-slide-pro-isofix-alus3.jpg","type":"image\/jpeg"}],"twitter_card":"summary_large_image","twitter_misc":{"\u041f\u0440\u0438\u043c\u0435\u0440\u043d\u043e\u0435 \u0432\u0440\u0435\u043c\u044f \u0434\u043b\u044f \u0447\u0442\u0435\u043d\u0438\u044f":"2 \u043c\u0438\u043d\u0443\u0442\u044b"},"schema":{"@context":"https:\/\/schema.org","@graph":[{"@type":"WebPage","@id":"https:\/\/beebipood.ee\/ru\/produkt\/maxi-cosi-coral-slide-pro-familyfix-slide-pro-isofix-alus-onyx-black\/","url":"https:\/\/beebipood.ee\/ru\/produkt\/maxi-cosi-coral-slide-pro-familyfix-slide-pro-isofix-alus-onyx-black\/","name":"Maxi-Cosi Coral 360 turvah\u00e4ll, Essential Grey, \u0421\u041a\u0418\u0414\u041a\u0418, \u0410\u0432\u0442\u043e\u043a\u0440\u0435\u0441\u043b\u0430, \u043b\u044e\u043b\u044c\u043a\u0438, \u0410\u0432\u0442\u043e\u043b\u044e\u043b\u044c\u043a\u0430, \u0421\u043d\u0430\u0440\u044f\u0436\u0435\u043d\u0438\u044f \u0431\u0435\u0437\u043e\u043f\u0430\u0441\u043d\u043e\u0441\u0442\u0438, Beebipood","isPartOf":{"@id":"https:\/\/beebipood.ee\/ru\/#website"},"primaryImageOfPage":{"@id":"https:\/\/beebipood.ee\/ru\/produkt\/maxi-cosi-coral-slide-pro-familyfix-slide-pro-isofix-alus-onyx-black\/#primaryimage"},"image":{"@id":"https:\/\/beebipood.ee\/ru\/produkt\/maxi-cosi-coral-slide-pro-familyfix-slide-pro-isofix-alus-onyx-black\/#primaryimage"},"thumbnailUrl":"https:\/\/beebipood.ee\/wp-content\/uploads\/2026\/02\/maxi-cosi-coral-slide-pro-familyfix-slide-pro-isofix-alus3.jpg","datePublished":"2026-02-12T13:17:33+00:00","dateModified":"2026-02-12T13:21:11+00:00","description":"Maxi-Cosi Coral 360 turvah\u00e4ll, Essential Grey, Maxi-Cosi modulaarne turvah\u00e4ll, mida on n\u00fc\u00fcd v\u00f5imalik ka mugavalt p\u00f6\u00f6rata. &lt;b","breadcrumb":{"@id":"https:\/\/beebipood.ee\/ru\/produkt\/maxi-cosi-coral-slide-pro-familyfix-slide-pro-isofix-alus-onyx-black\/#breadcrumb"},"inLanguage":"ru-RU","potentialAction":[{"@type":"ReadAction","target":["https:\/\/beebipood.ee\/ru\/produkt\/maxi-cosi-coral-slide-pro-familyfix-slide-pro-isofix-alus-onyx-black\/"]}]},{"@type":"ImageObject","inLanguage":"ru-RU","@id":"https:\/\/beebipood.ee\/ru\/produkt\/maxi-cosi-coral-slide-pro-familyfix-slide-pro-isofix-alus-onyx-black\/#primaryimage","url":"https:\/\/beebipood.ee\/wp-content\/uploads\/2026\/02\/maxi-cosi-coral-slide-pro-familyfix-slide-pro-isofix-alus3.jpg","contentUrl":"https:\/\/beebipood.ee\/wp-content\/uploads\/2026\/02\/maxi-cosi-coral-slide-pro-familyfix-slide-pro-isofix-alus3.jpg","width":1500,"height":1500},{"@type":"BreadcrumbList","@id":"https:\/\/beebipood.ee\/ru\/produkt\/maxi-cosi-coral-slide-pro-familyfix-slide-pro-isofix-alus-onyx-black\/#breadcrumb","itemListElement":[{"@type":"ListItem","position":1,"name":"Home","item":"https:\/\/beebipood.ee\/ru\/"},{"@type":"ListItem","position":2,"name":"\u041a\u0430\u0442\u0430\u043b\u043e\u0433 \u0442\u043e\u0432\u0430\u0440\u043e\u0432","item":"https:\/\/beebipood.ee\/tooted\/"},{"@type":"ListItem","position":3,"name":"Maxi-Cosi Coral Slide Pro + FamilyFix Slide Pro ISOFIX alus, Onyx Black"}]},{"@type":"WebSite","@id":"https:\/\/beebipood.ee\/ru\/#website","url":"https:\/\/beebipood.ee\/ru\/","name":"Beebipood","description":"Lastekaubad, beebikaubad, m\u00e4nguasjad","publisher":{"@id":"https:\/\/beebipood.ee\/ru\/#organization"},"potentialAction":[{"@type":"SearchAction","target":{"@type":"EntryPoint","urlTemplate":"https:\/\/beebipood.ee\/ru\/?s={search_term_string}"},"query-input":{"@type":"PropertyValueSpecification","valueRequired":true,"valueName":"search_term_string"}}],"inLanguage":"ru-RU"},{"@type":"Organization","@id":"https:\/\/beebipood.ee\/ru\/#organization","name":"Beebipood","url":"https:\/\/beebipood.ee\/ru\/","logo":{"@type":"ImageObject","inLanguage":"ru-RU","@id":"https:\/\/beebipood.ee\/ru\/#\/schema\/logo\/image\/","url":"https:\/\/beebipood.ee\/wp-content\/uploads\/2025\/03\/beebipood.ee-logo-1.svg","contentUrl":"https:\/\/beebipood.ee\/wp-content\/uploads\/2025\/03\/beebipood.ee-logo-1.svg","caption":"Beebipood"},"image":{"@id":"https:\/\/beebipood.ee\/ru\/#\/schema\/logo\/image\/"}}]}},"brands":[{"id":11961,"name":"Maxi-Cosi","slug":"maxi-cosi-ru"}],"_links":{"self":[{"href":"https:\/\/beebipood.ee\/ru\/wp-json\/wp\/v2\/product\/511088","targetHints":{"allow":["GET"]}}],"collection":[{"href":"https:\/\/beebipood.ee\/ru\/wp-json\/wp\/v2\/product"}],"about":[{"href":"https:\/\/beebipood.ee\/ru\/wp-json\/wp\/v2\/types\/product"}],"wp:featuredmedia":[{"embeddable":true,"href":"https:\/\/beebipood.ee\/ru\/wp-json\/wp\/v2\/media\/511090"}],"wp:attachment":[{"href":"https:\/\/beebipood.ee\/ru\/wp-json\/wp\/v2\/media?parent=511088"}],"wp:term":[{"taxonomy":"pwb-brand","embeddable":true,"href":"https:\/\/beebipood.ee\/ru\/wp-json\/wp\/v2\/pwb-brand?post=511088"},{"taxonomy":"product_brand","embeddable":true,"href":"https:\/\/beebipood.ee\/ru\/wp-json\/wp\/v2\/product_brand?post=511088"},{"taxonomy":"product_cat","embeddable":true,"href":"https:\/\/beebipood.ee\/ru\/wp-json\/wp\/v2\/product_cat?post=511088"},{"taxonomy":"product_tag","embeddable":true,"href":"https:\/\/beebipood.ee\/ru\/wp-json\/wp\/v2\/product_tag?post=511088"}],"curies":[{"name":"wp","href":"https:\/\/api.w.org\/{rel}","templated":true}]}}