{"id":511112,"date":"2026-02-13T10:46:09","date_gmt":"2026-02-13T08:46:09","guid":{"rendered":"https:\/\/beebipood.ee\/?post_type=product&#038;p=511112"},"modified":"2026-02-13T10:49:04","modified_gmt":"2026-02-13T08:49:04","slug":"besafe-flex-fix-2-turvatool-sand-soft-breeze","status":"publish","type":"product","link":"https:\/\/beebipood.ee\/ru\/produkt\/besafe-flex-fix-2-turvatool-sand-soft-breeze\/","title":{"rendered":"BeSafe Flex FIX 2 turvatool, Sand Soft Breeze"},"content":{"rendered":"<p>BeSafe Flex FIX 2 turvatool, Sand Soft Breeze<\/p>\n<h2 data-start=\"76\" data-end=\"159\"><strong data-start=\"79\" data-end=\"159\">BeSafe Flex FIX 2 \u2013 turvaline ja nutikalt ruumis\u00e4\u00e4stlik valik 4\u201312-aastasele<\/strong><\/h2>\n<p data-start=\"161\" data-end=\"360\"><strong data-start=\"161\" data-end=\"182\">BeSafe Flex FIX 2<\/strong> on n\u00e4oga s\u00f5idusuunas (NSS) turvatool suuremale lapsele, mis \u00fchendab tipptasemel turvalisuse, mugavuse ja eriti kitsa disaini. Sobib lapsele pikkusega <strong data-start=\"333\" data-end=\"347\">100\u2013150 cm<\/strong> (u 4\u201312 a*).<\/p>\n<p data-start=\"362\" data-end=\"485\">Turvatool on saanud <strong data-start=\"382\" data-end=\"425\">ADAC turvalisuse hinnanguks 1,9 (\u201ehea\u201d)<\/strong> ning vastab uusimale <strong data-start=\"447\" data-end=\"484\">UN R129 (i-Size) turvastandardile<\/strong>.<\/p>\n<p data-start=\"487\" data-end=\"545\">*Vanus on informatiivne ja p\u00f5hineb keskmistel n\u00e4itajatel.<\/p>\n<hr data-start=\"547\" data-end=\"550\" \/>\n<h2 data-start=\"552\" data-end=\"592\"><strong data-start=\"555\" data-end=\"592\">Paindlik paigaldus igasse autosse<\/strong><\/h2>\n<ul data-start=\"594\" data-end=\"776\">\n<li data-start=\"594\" data-end=\"638\">\n<p data-start=\"596\" data-end=\"638\">Paigaldatav <strong data-start=\"608\" data-end=\"636\">ISOFIX + auto turvav\u00f6\u00f6ga<\/strong><\/p>\n<\/li>\n<li data-start=\"639\" data-end=\"742\">\n<p data-start=\"641\" data-end=\"742\">V\u00f5imalik kasutada ka <strong data-start=\"662\" data-end=\"688\">ainult auto turvav\u00f6\u00f6ga<\/strong> (sel juhul tuleb ka t\u00fchi tool turvav\u00f6\u00f6ga kinnitada)<\/p>\n<\/li>\n<li data-start=\"743\" data-end=\"776\">\n<p data-start=\"745\" data-end=\"776\">Lihtne ja arusaadav paigaldus<\/p>\n<\/li>\n<\/ul>\n<p data-start=\"778\" data-end=\"844\">T\u00e4nu nutikale konstruktsioonile sobib see enamikesse s\u00f5idukitesse.<\/p>\n<hr data-start=\"846\" data-end=\"849\" \/>\n<h2 data-start=\"851\" data-end=\"888\"><strong data-start=\"854\" data-end=\"888\">\u00dcks kitsamaid turvatoole turul<\/strong><\/h2>\n<p data-start=\"890\" data-end=\"1105\">Eemaldatavate k\u00fcljekaitsmete t\u00f5ttu on Flex FIX 2 oma klassis <strong data-start=\"951\" data-end=\"979\">\u00fcks kitsamaid turvatoole<\/strong>, mist\u00f5ttu on v\u00f5imalik paigaldada <strong data-start=\"1013\" data-end=\"1037\">kuni 3 istet k\u00f5rvuti<\/strong>. Ideaalne lahendus suuremale perele v\u00f5i kitsama tagaistmega autole.<\/p>\n<hr data-start=\"1107\" data-end=\"1110\" \/>\n<h2 data-start=\"1112\" data-end=\"1143\"><strong data-start=\"1115\" data-end=\"1143\">Turvalisus igast k\u00fcljest<\/strong><\/h2>\n<ul data-start=\"1145\" data-end=\"1376\">\n<li data-start=\"1145\" data-end=\"1205\">\n<p data-start=\"1147\" data-end=\"1205\"><strong data-start=\"1147\" data-end=\"1174\">PAD+ turvav\u00f6\u00f6 pehmendus<\/strong> kaitseb lapse rinda ja l\u00f5uga<\/p>\n<\/li>\n<li data-start=\"1206\" data-end=\"1279\">\n<p data-start=\"1208\" data-end=\"1279\">\u00d5la- ja puusav\u00f6\u00f6 suunajad tagavad turvav\u00f6\u00f6 korrektse ja ohutu asetuse<\/p>\n<\/li>\n<li data-start=\"1280\" data-end=\"1323\">\n<p data-start=\"1282\" data-end=\"1323\">T\u00e4iendav k\u00fclgkokkup\u00f5rke kaitse <strong data-start=\"1313\" data-end=\"1321\">SIP+<\/strong><\/p>\n<\/li>\n<li data-start=\"1324\" data-end=\"1376\">\n<p data-start=\"1326\" data-end=\"1376\">Laps kinnitatakse alati auto 3-punkti turvav\u00f6\u00f6ga<\/p>\n<\/li>\n<\/ul>\n<p data-start=\"1378\" data-end=\"1458\">K\u00f5ik lahendused t\u00f6\u00f6tavad koos, et tagada lapsele maksimaalne kaitse igal s\u00f5idul.<\/p>\n<hr data-start=\"1460\" data-end=\"1463\" \/>\n<h2 data-start=\"1465\" data-end=\"1499\"><strong data-start=\"1468\" data-end=\"1499\">Mugav ka pikematel s\u00f5itudel<\/strong><\/h2>\n<ul data-start=\"1501\" data-end=\"1742\">\n<li data-start=\"1501\" data-end=\"1552\">\n<p data-start=\"1503\" data-end=\"1552\">Peatoe k\u00f5rgus reguleeritav mugavalt k\u00fclje pealt<\/p>\n<\/li>\n<li data-start=\"1553\" data-end=\"1597\">\n<p data-start=\"1555\" data-end=\"1597\">Peatoe kuju toetab lapse pead ka magades<\/p>\n<\/li>\n<li data-start=\"1598\" data-end=\"1624\">\n<p data-start=\"1600\" data-end=\"1624\">Reguleeritav kaldenurk<\/p>\n<\/li>\n<li data-start=\"1625\" data-end=\"1688\">\n<p data-start=\"1627\" data-end=\"1688\">Kitsas disain, kuid piisavalt ruumikas ka suuremale lapsele<\/p>\n<\/li>\n<li data-start=\"1689\" data-end=\"1742\">\n<p data-start=\"1691\" data-end=\"1742\">Integreeritud kandesang mugavaks transportimiseks<\/p>\n<\/li>\n<\/ul>\n<p data-start=\"1744\" data-end=\"1844\">Turvatool kaalub vaid <strong data-start=\"1766\" data-end=\"1774\">7 kg<\/strong>, mist\u00f5ttu on seda lihtne t\u00f5sta ja vajadusel teise autosse paigaldada.<\/p>\n<hr data-start=\"1846\" data-end=\"1849\" \/>\n<h2 data-start=\"1851\" data-end=\"1875\"><strong data-start=\"1854\" data-end=\"1875\">Tehnilised andmed<\/strong><\/h2>\n<ul data-start=\"1877\" data-end=\"2124\">\n<li data-start=\"1877\" data-end=\"1916\">\n<p data-start=\"1879\" data-end=\"1916\">S\u00f5idusuund: n\u00e4oga s\u00f5idusuunas (NSS)<\/p>\n<\/li>\n<li data-start=\"1917\" data-end=\"1945\">\n<p data-start=\"1919\" data-end=\"1945\">Lapse pikkus: 100\u2013150 cm<\/p>\n<\/li>\n<li data-start=\"1946\" data-end=\"1983\">\n<p data-start=\"1948\" data-end=\"1983\">Soovituslik vanus: u 4\u201312 aastat*<\/p>\n<\/li>\n<li data-start=\"1984\" data-end=\"2010\">\n<p data-start=\"1986\" data-end=\"2010\">Turvaseadme kaal: 7 kg<\/p>\n<\/li>\n<li data-start=\"2011\" data-end=\"2067\">\n<p data-start=\"2013\" data-end=\"2067\">M\u00f5\u00f5dud: 42 \u00d7 52 \u00d7 64 cm (peatugi madalaimas asendis)<\/p>\n<\/li>\n<li data-start=\"2068\" data-end=\"2094\">\n<p data-start=\"2070\" data-end=\"2094\">Turvastandard: UN R129<\/p>\n<\/li>\n<li data-start=\"2095\" data-end=\"2124\">\n<p data-start=\"2097\" data-end=\"2124\">ADAC hinnang: 1,9 (\u201ehea\u201d)<\/p>\n<\/li>\n<\/ul>\n<hr data-start=\"2126\" data-end=\"2129\" \/>\n<p data-start=\"2131\" data-end=\"2306\"><strong data-start=\"2131\" data-end=\"2152\">BeSafe Flex FIX 2<\/strong> on edasiarendus auhinnatud iZi Flex FIX i-Size mudelist, mis v\u00f5itis prestii\u017ese <em data-start=\"2232\" data-end=\"2264\">Kind + Jugend Innovation Award<\/em> tunnustuse reisivate laste kategoorias.<\/p>\n","protected":false},"excerpt":{"rendered":"<p>BeSafe Flex FIX 2 turvatool, Sand Soft Breeze BeSafe Flex FIX 2 \u2013 turvaline ja nutikalt ruumis\u00e4\u00e4stlik valik 4\u201312-aastasele BeSafe Flex FIX 2 on n\u00e4oga s\u00f5idusuunas (NSS) turvatool suuremale lapsele, mis \u00fchendab tipptasemel turvalisuse, mugavuse ja eriti kitsa disaini. Sobib lapsele pikkusega 100\u2013150 cm (u 4\u201312 a*). Turvatool on saanud ADAC turvalisuse hinnanguks 1,9 (\u201ehea\u201d) [&hellip;]<\/p>\n","protected":false},"featured_media":511114,"template":"","meta":{"_acf_changed":false},"pwb-brand":[11956],"product_brand":[],"product_cat":[11727,11739,11791],"product_tag":[],"class_list":{"0":"post-511112","1":"product","2":"type-product","3":"status-publish","4":"has-post-thumbnail","6":"pwb-brand-besafe-ru","7":"product_cat-turvatoolid-hallid-ru","8":"product_cat-turvatoolid-15-36-kg-ru","9":"product_cat-turvavarustus-ru","10":"pa_manufacturer-besafe-ru","12":"first","13":"onbackorder","14":"taxable","15":"shipping-taxable","16":"purchasable","17":"product-type-simple"},"exclude_global_add_ons":[],"addons":[],"acf":[],"yoast_head":"<!-- This site is optimized with the Yoast SEO plugin v27.1.1 - https:\/\/yoast.com\/product\/yoast-seo-wordpress\/ -->\n<title>BeSafe Flex FIX 2 turvatool, Anthracite Mesh, \u0421\u041a\u0418\u0414\u041a\u0418, \u0410\u0432\u0442\u043e\u043a\u0440\u0435\u0441\u043b\u0430, \u043b\u044e\u043b\u044c\u043a\u0438, \u0410\u0432\u0442\u043e\u043a\u0440\u0435\u0441\u043b\u0430 15-36 \u043a\u0433, \u0421\u043d\u0430\u0440\u044f\u0436\u0435\u043d\u0438\u044f \u0431\u0435\u0437\u043e\u043f\u0430\u0441\u043d\u043e\u0441\u0442\u0438, Beebipood<\/title>\n<meta name=\"description\" content=\"BeSafe Flex FIX 2 turvatool, Anthracite Mesh, BeSafe Flex FIX 2 on n\u00e4oga s\u00f5idusuunas turvatool,kuhu laps kinnitatakse au\" \/>\n<meta name=\"robots\" content=\"index, follow, max-snippet:-1, max-image-preview:large, max-video-preview:-1\" \/>\n<link rel=\"canonical\" href=\"https:\/\/beebipood.ee\/ru\/produkt\/besafe-flex-fix-2-turvatool-sand-soft-breeze\/\" \/>\n<meta property=\"og:locale\" content=\"ru_RU\" \/>\n<meta property=\"og:type\" content=\"article\" \/>\n<meta property=\"og:title\" content=\"BeSafe Flex FIX 2 turvatool, Anthracite Mesh, \u0421\u041a\u0418\u0414\u041a\u0418, \u0410\u0432\u0442\u043e\u043a\u0440\u0435\u0441\u043b\u0430, \u043b\u044e\u043b\u044c\u043a\u0438, \u0410\u0432\u0442\u043e\u043a\u0440\u0435\u0441\u043b\u0430 15-36 \u043a\u0433, \u0421\u043d\u0430\u0440\u044f\u0436\u0435\u043d\u0438\u044f \u0431\u0435\u0437\u043e\u043f\u0430\u0441\u043d\u043e\u0441\u0442\u0438, Beebipood\" \/>\n<meta property=\"og:description\" content=\"BeSafe Flex FIX 2 turvatool, Anthracite Mesh, BeSafe Flex FIX 2 on n\u00e4oga s\u00f5idusuunas turvatool,kuhu laps kinnitatakse au\" \/>\n<meta property=\"og:url\" content=\"https:\/\/beebipood.ee\/ru\/produkt\/besafe-flex-fix-2-turvatool-sand-soft-breeze\/\" \/>\n<meta property=\"og:site_name\" content=\"Beebipood\" \/>\n<meta property=\"article:modified_time\" content=\"2026-02-13T08:49:04+00:00\" \/>\n<meta property=\"og:image\" content=\"https:\/\/beebipood.ee\/wp-content\/uploads\/2026\/02\/besafe-flex-fix-2-turvatool-sand-soft-breeze.jpg\" \/>\n\t<meta property=\"og:image:width\" content=\"1200\" \/>\n\t<meta property=\"og:image:height\" content=\"1200\" \/>\n\t<meta property=\"og:image:type\" content=\"image\/jpeg\" \/>\n<meta name=\"twitter:card\" content=\"summary_large_image\" \/>\n<meta name=\"twitter:label1\" content=\"\u041f\u0440\u0438\u043c\u0435\u0440\u043d\u043e\u0435 \u0432\u0440\u0435\u043c\u044f \u0434\u043b\u044f \u0447\u0442\u0435\u043d\u0438\u044f\" \/>\n\t<meta name=\"twitter:data1\" content=\"2 \u043c\u0438\u043d\u0443\u0442\u044b\" \/>\n<script type=\"application\/ld+json\" class=\"yoast-schema-graph\">{\"@context\":\"https:\/\/schema.org\",\"@graph\":[{\"@type\":\"WebPage\",\"@id\":\"https:\/\/beebipood.ee\/ru\/produkt\/besafe-flex-fix-2-turvatool-sand-soft-breeze\/\",\"url\":\"https:\/\/beebipood.ee\/ru\/produkt\/besafe-flex-fix-2-turvatool-sand-soft-breeze\/\",\"name\":\"BeSafe Flex FIX 2 turvatool, Anthracite Mesh, \u0421\u041a\u0418\u0414\u041a\u0418, \u0410\u0432\u0442\u043e\u043a\u0440\u0435\u0441\u043b\u0430, \u043b\u044e\u043b\u044c\u043a\u0438, \u0410\u0432\u0442\u043e\u043a\u0440\u0435\u0441\u043b\u0430 15-36 \u043a\u0433, \u0421\u043d\u0430\u0440\u044f\u0436\u0435\u043d\u0438\u044f \u0431\u0435\u0437\u043e\u043f\u0430\u0441\u043d\u043e\u0441\u0442\u0438, Beebipood\",\"isPartOf\":{\"@id\":\"https:\/\/beebipood.ee\/ru\/#website\"},\"primaryImageOfPage\":{\"@id\":\"https:\/\/beebipood.ee\/ru\/produkt\/besafe-flex-fix-2-turvatool-sand-soft-breeze\/#primaryimage\"},\"image\":{\"@id\":\"https:\/\/beebipood.ee\/ru\/produkt\/besafe-flex-fix-2-turvatool-sand-soft-breeze\/#primaryimage\"},\"thumbnailUrl\":\"https:\/\/beebipood.ee\/wp-content\/uploads\/2026\/02\/besafe-flex-fix-2-turvatool-sand-soft-breeze.jpg\",\"datePublished\":\"2026-02-13T08:46:09+00:00\",\"dateModified\":\"2026-02-13T08:49:04+00:00\",\"description\":\"BeSafe Flex FIX 2 turvatool, Anthracite Mesh, BeSafe Flex FIX 2 on n\u00e4oga s\u00f5idusuunas turvatool,kuhu laps kinnitatakse au\",\"breadcrumb\":{\"@id\":\"https:\/\/beebipood.ee\/ru\/produkt\/besafe-flex-fix-2-turvatool-sand-soft-breeze\/#breadcrumb\"},\"inLanguage\":\"ru-RU\",\"potentialAction\":[{\"@type\":\"ReadAction\",\"target\":[\"https:\/\/beebipood.ee\/ru\/produkt\/besafe-flex-fix-2-turvatool-sand-soft-breeze\/\"]}]},{\"@type\":\"ImageObject\",\"inLanguage\":\"ru-RU\",\"@id\":\"https:\/\/beebipood.ee\/ru\/produkt\/besafe-flex-fix-2-turvatool-sand-soft-breeze\/#primaryimage\",\"url\":\"https:\/\/beebipood.ee\/wp-content\/uploads\/2026\/02\/besafe-flex-fix-2-turvatool-sand-soft-breeze.jpg\",\"contentUrl\":\"https:\/\/beebipood.ee\/wp-content\/uploads\/2026\/02\/besafe-flex-fix-2-turvatool-sand-soft-breeze.jpg\",\"width\":1200,\"height\":1200},{\"@type\":\"BreadcrumbList\",\"@id\":\"https:\/\/beebipood.ee\/ru\/produkt\/besafe-flex-fix-2-turvatool-sand-soft-breeze\/#breadcrumb\",\"itemListElement\":[{\"@type\":\"ListItem\",\"position\":1,\"name\":\"Home\",\"item\":\"https:\/\/beebipood.ee\/ru\/\"},{\"@type\":\"ListItem\",\"position\":2,\"name\":\"\u041a\u0430\u0442\u0430\u043b\u043e\u0433 \u0442\u043e\u0432\u0430\u0440\u043e\u0432\",\"item\":\"https:\/\/beebipood.ee\/tooted\/\"},{\"@type\":\"ListItem\",\"position\":3,\"name\":\"BeSafe Flex FIX 2 turvatool, Sand Soft Breeze\"}]},{\"@type\":\"WebSite\",\"@id\":\"https:\/\/beebipood.ee\/ru\/#website\",\"url\":\"https:\/\/beebipood.ee\/ru\/\",\"name\":\"Beebipood\",\"description\":\"Lastekaubad, beebikaubad, m\u00e4nguasjad\",\"publisher\":{\"@id\":\"https:\/\/beebipood.ee\/ru\/#organization\"},\"potentialAction\":[{\"@type\":\"SearchAction\",\"target\":{\"@type\":\"EntryPoint\",\"urlTemplate\":\"https:\/\/beebipood.ee\/ru\/?s={search_term_string}\"},\"query-input\":{\"@type\":\"PropertyValueSpecification\",\"valueRequired\":true,\"valueName\":\"search_term_string\"}}],\"inLanguage\":\"ru-RU\"},{\"@type\":\"Organization\",\"@id\":\"https:\/\/beebipood.ee\/ru\/#organization\",\"name\":\"Beebipood\",\"url\":\"https:\/\/beebipood.ee\/ru\/\",\"logo\":{\"@type\":\"ImageObject\",\"inLanguage\":\"ru-RU\",\"@id\":\"https:\/\/beebipood.ee\/ru\/#\/schema\/logo\/image\/\",\"url\":\"https:\/\/beebipood.ee\/wp-content\/uploads\/2025\/03\/beebipood.ee-logo-1.svg\",\"contentUrl\":\"https:\/\/beebipood.ee\/wp-content\/uploads\/2025\/03\/beebipood.ee-logo-1.svg\",\"caption\":\"Beebipood\"},\"image\":{\"@id\":\"https:\/\/beebipood.ee\/ru\/#\/schema\/logo\/image\/\"}}]}<\/script>\n<!-- \/ Yoast SEO plugin. -->","yoast_head_json":{"title":"BeSafe Flex FIX 2 turvatool, Anthracite Mesh, \u0421\u041a\u0418\u0414\u041a\u0418, \u0410\u0432\u0442\u043e\u043a\u0440\u0435\u0441\u043b\u0430, \u043b\u044e\u043b\u044c\u043a\u0438, \u0410\u0432\u0442\u043e\u043a\u0440\u0435\u0441\u043b\u0430 15-36 \u043a\u0433, \u0421\u043d\u0430\u0440\u044f\u0436\u0435\u043d\u0438\u044f \u0431\u0435\u0437\u043e\u043f\u0430\u0441\u043d\u043e\u0441\u0442\u0438, Beebipood","description":"BeSafe Flex FIX 2 turvatool, Anthracite Mesh, BeSafe Flex FIX 2 on n\u00e4oga s\u00f5idusuunas turvatool,kuhu laps kinnitatakse au","robots":{"index":"index","follow":"follow","max-snippet":"max-snippet:-1","max-image-preview":"max-image-preview:large","max-video-preview":"max-video-preview:-1"},"canonical":"https:\/\/beebipood.ee\/ru\/produkt\/besafe-flex-fix-2-turvatool-sand-soft-breeze\/","og_locale":"ru_RU","og_type":"article","og_title":"BeSafe Flex FIX 2 turvatool, Anthracite Mesh, \u0421\u041a\u0418\u0414\u041a\u0418, \u0410\u0432\u0442\u043e\u043a\u0440\u0435\u0441\u043b\u0430, \u043b\u044e\u043b\u044c\u043a\u0438, \u0410\u0432\u0442\u043e\u043a\u0440\u0435\u0441\u043b\u0430 15-36 \u043a\u0433, \u0421\u043d\u0430\u0440\u044f\u0436\u0435\u043d\u0438\u044f \u0431\u0435\u0437\u043e\u043f\u0430\u0441\u043d\u043e\u0441\u0442\u0438, Beebipood","og_description":"BeSafe Flex FIX 2 turvatool, Anthracite Mesh, BeSafe Flex FIX 2 on n\u00e4oga s\u00f5idusuunas turvatool,kuhu laps kinnitatakse au","og_url":"https:\/\/beebipood.ee\/ru\/produkt\/besafe-flex-fix-2-turvatool-sand-soft-breeze\/","og_site_name":"Beebipood","article_modified_time":"2026-02-13T08:49:04+00:00","og_image":[{"width":1200,"height":1200,"url":"https:\/\/beebipood.ee\/wp-content\/uploads\/2026\/02\/besafe-flex-fix-2-turvatool-sand-soft-breeze.jpg","type":"image\/jpeg"}],"twitter_card":"summary_large_image","twitter_misc":{"\u041f\u0440\u0438\u043c\u0435\u0440\u043d\u043e\u0435 \u0432\u0440\u0435\u043c\u044f \u0434\u043b\u044f \u0447\u0442\u0435\u043d\u0438\u044f":"2 \u043c\u0438\u043d\u0443\u0442\u044b"},"schema":{"@context":"https:\/\/schema.org","@graph":[{"@type":"WebPage","@id":"https:\/\/beebipood.ee\/ru\/produkt\/besafe-flex-fix-2-turvatool-sand-soft-breeze\/","url":"https:\/\/beebipood.ee\/ru\/produkt\/besafe-flex-fix-2-turvatool-sand-soft-breeze\/","name":"BeSafe Flex FIX 2 turvatool, Anthracite Mesh, \u0421\u041a\u0418\u0414\u041a\u0418, \u0410\u0432\u0442\u043e\u043a\u0440\u0435\u0441\u043b\u0430, \u043b\u044e\u043b\u044c\u043a\u0438, \u0410\u0432\u0442\u043e\u043a\u0440\u0435\u0441\u043b\u0430 15-36 \u043a\u0433, \u0421\u043d\u0430\u0440\u044f\u0436\u0435\u043d\u0438\u044f \u0431\u0435\u0437\u043e\u043f\u0430\u0441\u043d\u043e\u0441\u0442\u0438, Beebipood","isPartOf":{"@id":"https:\/\/beebipood.ee\/ru\/#website"},"primaryImageOfPage":{"@id":"https:\/\/beebipood.ee\/ru\/produkt\/besafe-flex-fix-2-turvatool-sand-soft-breeze\/#primaryimage"},"image":{"@id":"https:\/\/beebipood.ee\/ru\/produkt\/besafe-flex-fix-2-turvatool-sand-soft-breeze\/#primaryimage"},"thumbnailUrl":"https:\/\/beebipood.ee\/wp-content\/uploads\/2026\/02\/besafe-flex-fix-2-turvatool-sand-soft-breeze.jpg","datePublished":"2026-02-13T08:46:09+00:00","dateModified":"2026-02-13T08:49:04+00:00","description":"BeSafe Flex FIX 2 turvatool, Anthracite Mesh, BeSafe Flex FIX 2 on n\u00e4oga s\u00f5idusuunas turvatool,kuhu laps kinnitatakse au","breadcrumb":{"@id":"https:\/\/beebipood.ee\/ru\/produkt\/besafe-flex-fix-2-turvatool-sand-soft-breeze\/#breadcrumb"},"inLanguage":"ru-RU","potentialAction":[{"@type":"ReadAction","target":["https:\/\/beebipood.ee\/ru\/produkt\/besafe-flex-fix-2-turvatool-sand-soft-breeze\/"]}]},{"@type":"ImageObject","inLanguage":"ru-RU","@id":"https:\/\/beebipood.ee\/ru\/produkt\/besafe-flex-fix-2-turvatool-sand-soft-breeze\/#primaryimage","url":"https:\/\/beebipood.ee\/wp-content\/uploads\/2026\/02\/besafe-flex-fix-2-turvatool-sand-soft-breeze.jpg","contentUrl":"https:\/\/beebipood.ee\/wp-content\/uploads\/2026\/02\/besafe-flex-fix-2-turvatool-sand-soft-breeze.jpg","width":1200,"height":1200},{"@type":"BreadcrumbList","@id":"https:\/\/beebipood.ee\/ru\/produkt\/besafe-flex-fix-2-turvatool-sand-soft-breeze\/#breadcrumb","itemListElement":[{"@type":"ListItem","position":1,"name":"Home","item":"https:\/\/beebipood.ee\/ru\/"},{"@type":"ListItem","position":2,"name":"\u041a\u0430\u0442\u0430\u043b\u043e\u0433 \u0442\u043e\u0432\u0430\u0440\u043e\u0432","item":"https:\/\/beebipood.ee\/tooted\/"},{"@type":"ListItem","position":3,"name":"BeSafe Flex FIX 2 turvatool, Sand Soft Breeze"}]},{"@type":"WebSite","@id":"https:\/\/beebipood.ee\/ru\/#website","url":"https:\/\/beebipood.ee\/ru\/","name":"Beebipood","description":"Lastekaubad, beebikaubad, m\u00e4nguasjad","publisher":{"@id":"https:\/\/beebipood.ee\/ru\/#organization"},"potentialAction":[{"@type":"SearchAction","target":{"@type":"EntryPoint","urlTemplate":"https:\/\/beebipood.ee\/ru\/?s={search_term_string}"},"query-input":{"@type":"PropertyValueSpecification","valueRequired":true,"valueName":"search_term_string"}}],"inLanguage":"ru-RU"},{"@type":"Organization","@id":"https:\/\/beebipood.ee\/ru\/#organization","name":"Beebipood","url":"https:\/\/beebipood.ee\/ru\/","logo":{"@type":"ImageObject","inLanguage":"ru-RU","@id":"https:\/\/beebipood.ee\/ru\/#\/schema\/logo\/image\/","url":"https:\/\/beebipood.ee\/wp-content\/uploads\/2025\/03\/beebipood.ee-logo-1.svg","contentUrl":"https:\/\/beebipood.ee\/wp-content\/uploads\/2025\/03\/beebipood.ee-logo-1.svg","caption":"Beebipood"},"image":{"@id":"https:\/\/beebipood.ee\/ru\/#\/schema\/logo\/image\/"}}]}},"brands":[{"id":11956,"name":"BeSafe","slug":"besafe-ru"}],"_links":{"self":[{"href":"https:\/\/beebipood.ee\/ru\/wp-json\/wp\/v2\/product\/511112","targetHints":{"allow":["GET"]}}],"collection":[{"href":"https:\/\/beebipood.ee\/ru\/wp-json\/wp\/v2\/product"}],"about":[{"href":"https:\/\/beebipood.ee\/ru\/wp-json\/wp\/v2\/types\/product"}],"wp:featuredmedia":[{"embeddable":true,"href":"https:\/\/beebipood.ee\/ru\/wp-json\/wp\/v2\/media\/511114"}],"wp:attachment":[{"href":"https:\/\/beebipood.ee\/ru\/wp-json\/wp\/v2\/media?parent=511112"}],"wp:term":[{"taxonomy":"pwb-brand","embeddable":true,"href":"https:\/\/beebipood.ee\/ru\/wp-json\/wp\/v2\/pwb-brand?post=511112"},{"taxonomy":"product_brand","embeddable":true,"href":"https:\/\/beebipood.ee\/ru\/wp-json\/wp\/v2\/product_brand?post=511112"},{"taxonomy":"product_cat","embeddable":true,"href":"https:\/\/beebipood.ee\/ru\/wp-json\/wp\/v2\/product_cat?post=511112"},{"taxonomy":"product_tag","embeddable":true,"href":"https:\/\/beebipood.ee\/ru\/wp-json\/wp\/v2\/product_tag?post=511112"}],"curies":[{"name":"wp","href":"https:\/\/api.w.org\/{rel}","templated":true}]}}