{"id":511132,"date":"2026-02-13T12:58:04","date_gmt":"2026-02-13T10:58:04","guid":{"rendered":"https:\/\/beebipood.ee\/?post_type=product&#038;p=511132"},"modified":"2026-02-13T13:02:40","modified_gmt":"2026-02-13T11:02:40","slug":"besafe-go-beyond%c2%b2-turvahall-dark-sand-soft-breeze","status":"publish","type":"product","link":"https:\/\/beebipood.ee\/ru\/produkt\/besafe-go-beyond%c2%b2-turvahall-dark-sand-soft-breeze\/","title":{"rendered":"BeSafe Go Beyond\u00b2 turvah\u00e4ll, Dark Sand Soft Breeze"},"content":{"rendered":"<h2 data-start=\"118\" data-end=\"196\"><strong data-start=\"121\" data-end=\"196\">BeSafe Go Beyond\u00b2 \u2013 turvaline ja mugav algus beebi esimesteks s\u00f5itudeks<\/strong><\/h2>\n<p data-start=\"198\" data-end=\"456\"><strong data-start=\"198\" data-end=\"219\">BeSafe Go Beyond\u00b2<\/strong> on turvah\u00e4ll, mis sobib kasutamiseks alates s\u00fcnnist kuni umbes <strong data-start=\"283\" data-end=\"299\">18. elukuuni<\/strong> (40\u201387 cm \/ kuni 13 kg). H\u00e4ll on loodud pakkuma maksimaalset turvalisust, ergonoomilist mugavust ja lihtsat igap\u00e4evast kasutust nii lapsele kui ka vanemale.<\/p>\n<hr data-start=\"458\" data-end=\"461\" \/>\n<h2 data-start=\"463\" data-end=\"509\"><strong data-start=\"466\" data-end=\"509\">Lamav asend \u2013 loomulik ja mugav beebile<\/strong><\/h2>\n<p data-start=\"511\" data-end=\"744\">T\u00e4nu uuenduslikule <strong data-start=\"530\" data-end=\"564\">Active Lay Flat\u2122 funktsioonile<\/strong> saab beebi s\u00f5idu ajal lamada peaaegu horisontaalses asendis. See toetab vasts\u00fcndinu loomulikku kehahoidu, aitab kaasa rahulikumale unele ning muudab pikemad autos\u00f5idud mugavamaks.<\/p>\n<p data-start=\"746\" data-end=\"849\">\u00d5nnetuse korral liigub turvah\u00e4ll automaatselt turvalisemasse asendisse, et pakkuda lapsele lisakaitset.<\/p>\n<hr data-start=\"851\" data-end=\"854\" \/>\n<h2 data-start=\"856\" data-end=\"893\"><strong data-start=\"859\" data-end=\"893\">Lihtne kasutamine igap\u00e4evaelus<\/strong><\/h2>\n<ul data-start=\"895\" data-end=\"1192\">\n<li data-start=\"895\" data-end=\"956\">\n<p data-start=\"897\" data-end=\"956\">Paigaldatav <strong data-start=\"909\" data-end=\"934\">Beyond ISOFIX alusele<\/strong> v\u00f5i auto turvav\u00f6\u00f6ga<\/p>\n<\/li>\n<li data-start=\"957\" data-end=\"1070\">\n<p data-start=\"959\" data-end=\"1070\">ISOFIX alusel saab turvah\u00e4lli p\u00f6\u00f6rata ukse poole, et lapse autosse asetamine oleks mugavam ja seljas\u00f5bralikum<\/p>\n<\/li>\n<li data-start=\"1071\" data-end=\"1138\">\n<p data-start=\"1073\" data-end=\"1138\">Magnetilised turvav\u00f6\u00f6 hoidjad aitavad lapse kiiremini kinnitada<\/p>\n<\/li>\n<li data-start=\"1139\" data-end=\"1192\">\n<p data-start=\"1141\" data-end=\"1192\">Sobib kasutamiseks enamiku jalutusk\u00e4rude raamidel<\/p>\n<\/li>\n<\/ul>\n<p data-start=\"1194\" data-end=\"1315\">Turvah\u00e4ll on ka <strong data-start=\"1210\" data-end=\"1266\">lennukis kasutamiseks heaks kiidetud (T\u00dcV Rheinland)<\/strong>, mist\u00f5ttu sobib ideaalselt reisivatele peredele.<\/p>\n<hr data-start=\"1317\" data-end=\"1320\" \/>\n<h2 data-start=\"1322\" data-end=\"1365\"><strong data-start=\"1325\" data-end=\"1365\">Turvalisus, millele saad kindel olla<\/strong><\/h2>\n<ul data-start=\"1367\" data-end=\"1646\">\n<li data-start=\"1367\" data-end=\"1415\">\n<p data-start=\"1369\" data-end=\"1415\">5-punktiline turvav\u00f6\u00f6 kindlaks kinnitamiseks<\/p>\n<\/li>\n<li data-start=\"1416\" data-end=\"1498\">\n<p data-start=\"1418\" data-end=\"1498\"><strong data-start=\"1418\" data-end=\"1445\">Dynamic Force Absorber\u2122<\/strong> tehnoloogia aitab kokkup\u00f5rkel l\u00f6\u00f6gij\u00f5udu v\u00e4hendada<\/p>\n<\/li>\n<li data-start=\"1499\" data-end=\"1575\">\n<p data-start=\"1501\" data-end=\"1575\"><strong data-start=\"1501\" data-end=\"1532\">Universal Level Technology\u2122<\/strong> tagab \u00f5ige kaldenurga erinevates autodes<\/p>\n<\/li>\n<li data-start=\"1576\" data-end=\"1646\">\n<p data-start=\"1578\" data-end=\"1646\">Reguleeritav peatugi ja eemaldatavad pehmendused kasvavale beebile<\/p>\n<\/li>\n<\/ul>\n<p data-start=\"1648\" data-end=\"1756\">H\u00e4sti l\u00e4bim\u00f5eldud konstruktsioon ja ventilatsioon tagavad lapsele mugava temperatuuri ka pikematel s\u00f5itudel.<\/p>\n<hr data-start=\"1758\" data-end=\"1761\" \/>\n<h2 data-start=\"1763\" data-end=\"1795\"><strong data-start=\"1766\" data-end=\"1795\">Kasvav ja kestlik s\u00fcsteem<\/strong><\/h2>\n<p data-start=\"1797\" data-end=\"1971\">BeSafe Beyond s\u00fcsteem on loodud pikaajaliseks kasutamiseks. Sama ISOFIX alust saab kasutada nii Go Beyond\u00b2 turvah\u00e4lliga kui ka hiljem Beyond sarja j\u00e4rgmiste turvatoolidega.<\/p>\n<p data-start=\"1973\" data-end=\"2067\">See v\u00e4hendab vajadust uute toodete j\u00e4rele ning v\u00f5imaldab s\u00fcsteemi kasutada kuni <strong data-start=\"2053\" data-end=\"2066\">15 aastat<\/strong>.<\/p>\n<hr data-start=\"2069\" data-end=\"2072\" \/>\n<h2 data-start=\"2074\" data-end=\"2098\"><strong data-start=\"2077\" data-end=\"2098\">Olulisemad andmed<\/strong><\/h2>\n<ul data-start=\"2100\" data-end=\"2327\">\n<li data-start=\"2100\" data-end=\"2135\">\n<p data-start=\"2102\" data-end=\"2135\">Kasutus: s\u00fcnnist kuni u 18 kuud<\/p>\n<\/li>\n<li data-start=\"2136\" data-end=\"2162\">\n<p data-start=\"2138\" data-end=\"2162\">Lapse pikkus: 40\u201387 cm<\/p>\n<\/li>\n<li data-start=\"2163\" data-end=\"2190\">\n<p data-start=\"2165\" data-end=\"2190\">Maksimaalne kaal: 13 kg<\/p>\n<\/li>\n<li data-start=\"2191\" data-end=\"2226\">\n<p data-start=\"2193\" data-end=\"2226\">S\u00f5idusuund: seljaga s\u00f5idusuunas<\/p>\n<\/li>\n<li data-start=\"2227\" data-end=\"2259\">\n<p data-start=\"2229\" data-end=\"2259\">Active Lay Flat\u2122 lamav asend<\/p>\n<\/li>\n<li data-start=\"2260\" data-end=\"2286\">\n<p data-start=\"2262\" data-end=\"2286\">P\u00f6\u00f6ratav ISOFIX alusel<\/p>\n<\/li>\n<li data-start=\"2287\" data-end=\"2327\">\n<p data-start=\"2289\" data-end=\"2327\">Lennukis kasutamiseks heaks kiidetud<\/p>\n<\/li>\n<\/ul>\n<hr data-start=\"2329\" data-end=\"2332\" \/>\n<p data-start=\"2334\" data-end=\"2369\"><strong data-start=\"2334\" data-end=\"2369\">NB! ISOFIX alus m\u00fc\u00fcakse eraldi.<\/strong><\/p>\n","protected":false},"excerpt":{"rendered":"<p>BeSafe Go Beyond\u00b2 \u2013 turvaline ja mugav algus beebi esimesteks s\u00f5itudeks BeSafe Go Beyond\u00b2 on turvah\u00e4ll, mis sobib kasutamiseks alates s\u00fcnnist kuni umbes 18. elukuuni (40\u201387 cm \/ kuni 13 kg). H\u00e4ll on loodud pakkuma maksimaalset turvalisust, ergonoomilist mugavust ja lihtsat igap\u00e4evast kasutust nii lapsele kui ka vanemale. Lamav asend \u2013 loomulik ja mugav beebile [&hellip;]<\/p>\n","protected":false},"featured_media":511134,"template":"","meta":{"_acf_changed":false},"pwb-brand":[11956],"product_brand":[],"product_cat":[11743,11575,11727,11791],"product_tag":[],"class_list":{"0":"post-511132","1":"product","2":"type-product","3":"status-publish","4":"has-post-thumbnail","6":"pwb-brand-besafe-ru","7":"product_cat-turvahallid-ru","8":"product_cat-uued-tooted-ru","9":"product_cat-turvatoolid-hallid-ru","10":"product_cat-turvavarustus-ru","11":"pa_manufacturer-besafe-ru","13":"first","14":"onbackorder","15":"taxable","16":"shipping-taxable","17":"purchasable","18":"product-type-simple"},"exclude_global_add_ons":[],"addons":[],"acf":[],"yoast_head":"<!-- This site is optimized with the Yoast SEO plugin v27.1.1 - https:\/\/yoast.com\/product\/yoast-seo-wordpress\/ -->\n<title>BeSafe iZi Go Modular X1 i-Size turvah\u00e4ll, Cloud Melange, \u0421\u041a\u0418\u0414\u041a\u0418, \u0410\u0432\u0442\u043e\u043a\u0440\u0435\u0441\u043b\u0430, \u043b\u044e\u043b\u044c\u043a\u0438, \u0410\u0432\u0442\u043e\u043b\u044e\u043b\u044c\u043a\u0430, \u0421\u043d\u0430\u0440\u044f\u0436\u0435\u043d\u0438\u044f \u0431\u0435\u0437\u043e\u043f\u0430\u0441\u043d\u043e\u0441\u0442\u0438, Beebipood<\/title>\n<meta name=\"description\" content=\"BeSafe iZi Go Modular X1 i-Size turvah\u00e4ll, Cloud Melange, BeSafe uusim turvah\u00e4ll. Populaarse Izi GO Modular uuendus.V\u00f5imalik kasutada koos\" \/>\n<meta name=\"robots\" content=\"index, follow, max-snippet:-1, max-image-preview:large, max-video-preview:-1\" \/>\n<link rel=\"canonical\" href=\"https:\/\/beebipood.ee\/ru\/produkt\/besafe-go-beyond%c2%b2-turvahall-dark-sand-soft-breeze\/\" \/>\n<meta property=\"og:locale\" content=\"ru_RU\" \/>\n<meta property=\"og:type\" content=\"article\" \/>\n<meta property=\"og:title\" content=\"BeSafe iZi Go Modular X1 i-Size turvah\u00e4ll, Cloud Melange, \u0421\u041a\u0418\u0414\u041a\u0418, \u0410\u0432\u0442\u043e\u043a\u0440\u0435\u0441\u043b\u0430, \u043b\u044e\u043b\u044c\u043a\u0438, \u0410\u0432\u0442\u043e\u043b\u044e\u043b\u044c\u043a\u0430, \u0421\u043d\u0430\u0440\u044f\u0436\u0435\u043d\u0438\u044f \u0431\u0435\u0437\u043e\u043f\u0430\u0441\u043d\u043e\u0441\u0442\u0438, Beebipood\" \/>\n<meta property=\"og:description\" content=\"BeSafe iZi Go Modular X1 i-Size turvah\u00e4ll, Cloud Melange, BeSafe uusim turvah\u00e4ll. Populaarse Izi GO Modular uuendus.V\u00f5imalik kasutada koos\" \/>\n<meta property=\"og:url\" content=\"https:\/\/beebipood.ee\/ru\/produkt\/besafe-go-beyond%c2%b2-turvahall-dark-sand-soft-breeze\/\" \/>\n<meta property=\"og:site_name\" content=\"Beebipood\" \/>\n<meta property=\"article:modified_time\" content=\"2026-02-13T11:02:40+00:00\" \/>\n<meta property=\"og:image\" content=\"https:\/\/beebipood.ee\/wp-content\/uploads\/2026\/02\/besafe-turvahall-go-beyond\u00b2-dark-sand-soft-breeze.jpg\" \/>\n\t<meta property=\"og:image:width\" content=\"800\" \/>\n\t<meta property=\"og:image:height\" content=\"800\" \/>\n\t<meta property=\"og:image:type\" content=\"image\/jpeg\" \/>\n<meta name=\"twitter:card\" content=\"summary_large_image\" \/>\n<meta name=\"twitter:label1\" content=\"\u041f\u0440\u0438\u043c\u0435\u0440\u043d\u043e\u0435 \u0432\u0440\u0435\u043c\u044f \u0434\u043b\u044f \u0447\u0442\u0435\u043d\u0438\u044f\" \/>\n\t<meta name=\"twitter:data1\" content=\"2 \u043c\u0438\u043d\u0443\u0442\u044b\" \/>\n<script type=\"application\/ld+json\" class=\"yoast-schema-graph\">{\"@context\":\"https:\/\/schema.org\",\"@graph\":[{\"@type\":\"WebPage\",\"@id\":\"https:\/\/beebipood.ee\/ru\/produkt\/besafe-go-beyond%c2%b2-turvahall-dark-sand-soft-breeze\/\",\"url\":\"https:\/\/beebipood.ee\/ru\/produkt\/besafe-go-beyond%c2%b2-turvahall-dark-sand-soft-breeze\/\",\"name\":\"BeSafe iZi Go Modular X1 i-Size turvah\u00e4ll, Cloud Melange, \u0421\u041a\u0418\u0414\u041a\u0418, \u0410\u0432\u0442\u043e\u043a\u0440\u0435\u0441\u043b\u0430, \u043b\u044e\u043b\u044c\u043a\u0438, \u0410\u0432\u0442\u043e\u043b\u044e\u043b\u044c\u043a\u0430, \u0421\u043d\u0430\u0440\u044f\u0436\u0435\u043d\u0438\u044f \u0431\u0435\u0437\u043e\u043f\u0430\u0441\u043d\u043e\u0441\u0442\u0438, Beebipood\",\"isPartOf\":{\"@id\":\"https:\/\/beebipood.ee\/ru\/#website\"},\"primaryImageOfPage\":{\"@id\":\"https:\/\/beebipood.ee\/ru\/produkt\/besafe-go-beyond%c2%b2-turvahall-dark-sand-soft-breeze\/#primaryimage\"},\"image\":{\"@id\":\"https:\/\/beebipood.ee\/ru\/produkt\/besafe-go-beyond%c2%b2-turvahall-dark-sand-soft-breeze\/#primaryimage\"},\"thumbnailUrl\":\"https:\/\/beebipood.ee\/wp-content\/uploads\/2026\/02\/besafe-turvahall-go-beyond\u00b2-dark-sand-soft-breeze.jpg\",\"datePublished\":\"2026-02-13T10:58:04+00:00\",\"dateModified\":\"2026-02-13T11:02:40+00:00\",\"description\":\"BeSafe iZi Go Modular X1 i-Size turvah\u00e4ll, Cloud Melange, BeSafe uusim turvah\u00e4ll. Populaarse Izi GO Modular uuendus.V\u00f5imalik kasutada koos\",\"breadcrumb\":{\"@id\":\"https:\/\/beebipood.ee\/ru\/produkt\/besafe-go-beyond%c2%b2-turvahall-dark-sand-soft-breeze\/#breadcrumb\"},\"inLanguage\":\"ru-RU\",\"potentialAction\":[{\"@type\":\"ReadAction\",\"target\":[\"https:\/\/beebipood.ee\/ru\/produkt\/besafe-go-beyond%c2%b2-turvahall-dark-sand-soft-breeze\/\"]}]},{\"@type\":\"ImageObject\",\"inLanguage\":\"ru-RU\",\"@id\":\"https:\/\/beebipood.ee\/ru\/produkt\/besafe-go-beyond%c2%b2-turvahall-dark-sand-soft-breeze\/#primaryimage\",\"url\":\"https:\/\/beebipood.ee\/wp-content\/uploads\/2026\/02\/besafe-turvahall-go-beyond\u00b2-dark-sand-soft-breeze.jpg\",\"contentUrl\":\"https:\/\/beebipood.ee\/wp-content\/uploads\/2026\/02\/besafe-turvahall-go-beyond\u00b2-dark-sand-soft-breeze.jpg\",\"width\":800,\"height\":800},{\"@type\":\"BreadcrumbList\",\"@id\":\"https:\/\/beebipood.ee\/ru\/produkt\/besafe-go-beyond%c2%b2-turvahall-dark-sand-soft-breeze\/#breadcrumb\",\"itemListElement\":[{\"@type\":\"ListItem\",\"position\":1,\"name\":\"Home\",\"item\":\"https:\/\/beebipood.ee\/ru\/\"},{\"@type\":\"ListItem\",\"position\":2,\"name\":\"\u041a\u0430\u0442\u0430\u043b\u043e\u0433 \u0442\u043e\u0432\u0430\u0440\u043e\u0432\",\"item\":\"https:\/\/beebipood.ee\/tooted\/\"},{\"@type\":\"ListItem\",\"position\":3,\"name\":\"BeSafe Go Beyond\u00b2 turvah\u00e4ll, Dark Sand Soft Breeze\"}]},{\"@type\":\"WebSite\",\"@id\":\"https:\/\/beebipood.ee\/ru\/#website\",\"url\":\"https:\/\/beebipood.ee\/ru\/\",\"name\":\"Beebipood\",\"description\":\"Lastekaubad, beebikaubad, m\u00e4nguasjad\",\"publisher\":{\"@id\":\"https:\/\/beebipood.ee\/ru\/#organization\"},\"potentialAction\":[{\"@type\":\"SearchAction\",\"target\":{\"@type\":\"EntryPoint\",\"urlTemplate\":\"https:\/\/beebipood.ee\/ru\/?s={search_term_string}\"},\"query-input\":{\"@type\":\"PropertyValueSpecification\",\"valueRequired\":true,\"valueName\":\"search_term_string\"}}],\"inLanguage\":\"ru-RU\"},{\"@type\":\"Organization\",\"@id\":\"https:\/\/beebipood.ee\/ru\/#organization\",\"name\":\"Beebipood\",\"url\":\"https:\/\/beebipood.ee\/ru\/\",\"logo\":{\"@type\":\"ImageObject\",\"inLanguage\":\"ru-RU\",\"@id\":\"https:\/\/beebipood.ee\/ru\/#\/schema\/logo\/image\/\",\"url\":\"https:\/\/beebipood.ee\/wp-content\/uploads\/2025\/03\/beebipood.ee-logo-1.svg\",\"contentUrl\":\"https:\/\/beebipood.ee\/wp-content\/uploads\/2025\/03\/beebipood.ee-logo-1.svg\",\"caption\":\"Beebipood\"},\"image\":{\"@id\":\"https:\/\/beebipood.ee\/ru\/#\/schema\/logo\/image\/\"}}]}<\/script>\n<!-- \/ Yoast SEO plugin. -->","yoast_head_json":{"title":"BeSafe iZi Go Modular X1 i-Size turvah\u00e4ll, Cloud Melange, \u0421\u041a\u0418\u0414\u041a\u0418, \u0410\u0432\u0442\u043e\u043a\u0440\u0435\u0441\u043b\u0430, \u043b\u044e\u043b\u044c\u043a\u0438, \u0410\u0432\u0442\u043e\u043b\u044e\u043b\u044c\u043a\u0430, \u0421\u043d\u0430\u0440\u044f\u0436\u0435\u043d\u0438\u044f \u0431\u0435\u0437\u043e\u043f\u0430\u0441\u043d\u043e\u0441\u0442\u0438, Beebipood","description":"BeSafe iZi Go Modular X1 i-Size turvah\u00e4ll, Cloud Melange, BeSafe uusim turvah\u00e4ll. Populaarse Izi GO Modular uuendus.V\u00f5imalik kasutada koos","robots":{"index":"index","follow":"follow","max-snippet":"max-snippet:-1","max-image-preview":"max-image-preview:large","max-video-preview":"max-video-preview:-1"},"canonical":"https:\/\/beebipood.ee\/ru\/produkt\/besafe-go-beyond%c2%b2-turvahall-dark-sand-soft-breeze\/","og_locale":"ru_RU","og_type":"article","og_title":"BeSafe iZi Go Modular X1 i-Size turvah\u00e4ll, Cloud Melange, \u0421\u041a\u0418\u0414\u041a\u0418, \u0410\u0432\u0442\u043e\u043a\u0440\u0435\u0441\u043b\u0430, \u043b\u044e\u043b\u044c\u043a\u0438, \u0410\u0432\u0442\u043e\u043b\u044e\u043b\u044c\u043a\u0430, \u0421\u043d\u0430\u0440\u044f\u0436\u0435\u043d\u0438\u044f \u0431\u0435\u0437\u043e\u043f\u0430\u0441\u043d\u043e\u0441\u0442\u0438, Beebipood","og_description":"BeSafe iZi Go Modular X1 i-Size turvah\u00e4ll, Cloud Melange, BeSafe uusim turvah\u00e4ll. Populaarse Izi GO Modular uuendus.V\u00f5imalik kasutada koos","og_url":"https:\/\/beebipood.ee\/ru\/produkt\/besafe-go-beyond%c2%b2-turvahall-dark-sand-soft-breeze\/","og_site_name":"Beebipood","article_modified_time":"2026-02-13T11:02:40+00:00","og_image":[{"width":800,"height":800,"url":"https:\/\/beebipood.ee\/wp-content\/uploads\/2026\/02\/besafe-turvahall-go-beyond\u00b2-dark-sand-soft-breeze.jpg","type":"image\/jpeg"}],"twitter_card":"summary_large_image","twitter_misc":{"\u041f\u0440\u0438\u043c\u0435\u0440\u043d\u043e\u0435 \u0432\u0440\u0435\u043c\u044f \u0434\u043b\u044f \u0447\u0442\u0435\u043d\u0438\u044f":"2 \u043c\u0438\u043d\u0443\u0442\u044b"},"schema":{"@context":"https:\/\/schema.org","@graph":[{"@type":"WebPage","@id":"https:\/\/beebipood.ee\/ru\/produkt\/besafe-go-beyond%c2%b2-turvahall-dark-sand-soft-breeze\/","url":"https:\/\/beebipood.ee\/ru\/produkt\/besafe-go-beyond%c2%b2-turvahall-dark-sand-soft-breeze\/","name":"BeSafe iZi Go Modular X1 i-Size turvah\u00e4ll, Cloud Melange, \u0421\u041a\u0418\u0414\u041a\u0418, \u0410\u0432\u0442\u043e\u043a\u0440\u0435\u0441\u043b\u0430, \u043b\u044e\u043b\u044c\u043a\u0438, \u0410\u0432\u0442\u043e\u043b\u044e\u043b\u044c\u043a\u0430, \u0421\u043d\u0430\u0440\u044f\u0436\u0435\u043d\u0438\u044f \u0431\u0435\u0437\u043e\u043f\u0430\u0441\u043d\u043e\u0441\u0442\u0438, Beebipood","isPartOf":{"@id":"https:\/\/beebipood.ee\/ru\/#website"},"primaryImageOfPage":{"@id":"https:\/\/beebipood.ee\/ru\/produkt\/besafe-go-beyond%c2%b2-turvahall-dark-sand-soft-breeze\/#primaryimage"},"image":{"@id":"https:\/\/beebipood.ee\/ru\/produkt\/besafe-go-beyond%c2%b2-turvahall-dark-sand-soft-breeze\/#primaryimage"},"thumbnailUrl":"https:\/\/beebipood.ee\/wp-content\/uploads\/2026\/02\/besafe-turvahall-go-beyond\u00b2-dark-sand-soft-breeze.jpg","datePublished":"2026-02-13T10:58:04+00:00","dateModified":"2026-02-13T11:02:40+00:00","description":"BeSafe iZi Go Modular X1 i-Size turvah\u00e4ll, Cloud Melange, BeSafe uusim turvah\u00e4ll. Populaarse Izi GO Modular uuendus.V\u00f5imalik kasutada koos","breadcrumb":{"@id":"https:\/\/beebipood.ee\/ru\/produkt\/besafe-go-beyond%c2%b2-turvahall-dark-sand-soft-breeze\/#breadcrumb"},"inLanguage":"ru-RU","potentialAction":[{"@type":"ReadAction","target":["https:\/\/beebipood.ee\/ru\/produkt\/besafe-go-beyond%c2%b2-turvahall-dark-sand-soft-breeze\/"]}]},{"@type":"ImageObject","inLanguage":"ru-RU","@id":"https:\/\/beebipood.ee\/ru\/produkt\/besafe-go-beyond%c2%b2-turvahall-dark-sand-soft-breeze\/#primaryimage","url":"https:\/\/beebipood.ee\/wp-content\/uploads\/2026\/02\/besafe-turvahall-go-beyond\u00b2-dark-sand-soft-breeze.jpg","contentUrl":"https:\/\/beebipood.ee\/wp-content\/uploads\/2026\/02\/besafe-turvahall-go-beyond\u00b2-dark-sand-soft-breeze.jpg","width":800,"height":800},{"@type":"BreadcrumbList","@id":"https:\/\/beebipood.ee\/ru\/produkt\/besafe-go-beyond%c2%b2-turvahall-dark-sand-soft-breeze\/#breadcrumb","itemListElement":[{"@type":"ListItem","position":1,"name":"Home","item":"https:\/\/beebipood.ee\/ru\/"},{"@type":"ListItem","position":2,"name":"\u041a\u0430\u0442\u0430\u043b\u043e\u0433 \u0442\u043e\u0432\u0430\u0440\u043e\u0432","item":"https:\/\/beebipood.ee\/tooted\/"},{"@type":"ListItem","position":3,"name":"BeSafe Go Beyond\u00b2 turvah\u00e4ll, Dark Sand Soft Breeze"}]},{"@type":"WebSite","@id":"https:\/\/beebipood.ee\/ru\/#website","url":"https:\/\/beebipood.ee\/ru\/","name":"Beebipood","description":"Lastekaubad, beebikaubad, m\u00e4nguasjad","publisher":{"@id":"https:\/\/beebipood.ee\/ru\/#organization"},"potentialAction":[{"@type":"SearchAction","target":{"@type":"EntryPoint","urlTemplate":"https:\/\/beebipood.ee\/ru\/?s={search_term_string}"},"query-input":{"@type":"PropertyValueSpecification","valueRequired":true,"valueName":"search_term_string"}}],"inLanguage":"ru-RU"},{"@type":"Organization","@id":"https:\/\/beebipood.ee\/ru\/#organization","name":"Beebipood","url":"https:\/\/beebipood.ee\/ru\/","logo":{"@type":"ImageObject","inLanguage":"ru-RU","@id":"https:\/\/beebipood.ee\/ru\/#\/schema\/logo\/image\/","url":"https:\/\/beebipood.ee\/wp-content\/uploads\/2025\/03\/beebipood.ee-logo-1.svg","contentUrl":"https:\/\/beebipood.ee\/wp-content\/uploads\/2025\/03\/beebipood.ee-logo-1.svg","caption":"Beebipood"},"image":{"@id":"https:\/\/beebipood.ee\/ru\/#\/schema\/logo\/image\/"}}]}},"brands":[{"id":11956,"name":"BeSafe","slug":"besafe-ru"}],"_links":{"self":[{"href":"https:\/\/beebipood.ee\/ru\/wp-json\/wp\/v2\/product\/511132","targetHints":{"allow":["GET"]}}],"collection":[{"href":"https:\/\/beebipood.ee\/ru\/wp-json\/wp\/v2\/product"}],"about":[{"href":"https:\/\/beebipood.ee\/ru\/wp-json\/wp\/v2\/types\/product"}],"wp:featuredmedia":[{"embeddable":true,"href":"https:\/\/beebipood.ee\/ru\/wp-json\/wp\/v2\/media\/511134"}],"wp:attachment":[{"href":"https:\/\/beebipood.ee\/ru\/wp-json\/wp\/v2\/media?parent=511132"}],"wp:term":[{"taxonomy":"pwb-brand","embeddable":true,"href":"https:\/\/beebipood.ee\/ru\/wp-json\/wp\/v2\/pwb-brand?post=511132"},{"taxonomy":"product_brand","embeddable":true,"href":"https:\/\/beebipood.ee\/ru\/wp-json\/wp\/v2\/product_brand?post=511132"},{"taxonomy":"product_cat","embeddable":true,"href":"https:\/\/beebipood.ee\/ru\/wp-json\/wp\/v2\/product_cat?post=511132"},{"taxonomy":"product_tag","embeddable":true,"href":"https:\/\/beebipood.ee\/ru\/wp-json\/wp\/v2\/product_tag?post=511132"}],"curies":[{"name":"wp","href":"https:\/\/api.w.org\/{rel}","templated":true}]}}