{"id":511188,"date":"2026-02-13T13:18:15","date_gmt":"2026-02-13T11:18:15","guid":{"rendered":"https:\/\/beebipood.ee\/?post_type=product&#038;p=511188"},"modified":"2026-02-13T13:26:14","modified_gmt":"2026-02-13T11:26:14","slug":"besafe-beyond-beyond%c2%b2-isofix-alus","status":"publish","type":"product","link":"https:\/\/beebipood.ee\/ru\/produkt\/besafe-beyond-beyond%c2%b2-isofix-alus\/","title":{"rendered":"BeSafe Beyond\/Beyond\u00b2 isofix alus"},"content":{"rendered":"<h2 data-start=\"162\" data-end=\"238\">BeSafe Beyond ISOFIX alus \u2013 turvaline ja mugav lahendus kasvavale lapsele<\/h2>\n<p data-start=\"240\" data-end=\"561\"><strong data-start=\"240\" data-end=\"269\">BeSafe Beyond ISOFIX alus<\/strong> on nutikas ja pika kasutuseaga lahendus, mis muudab lapse autosse paigaldamise lihtsaks, turvaliseks ja igap\u00e4evaselt mugavaks. Alus sobib nii <strong data-start=\"412\" data-end=\"445\">BeSafe Go Beyond ja<\/strong> <strong>Beyond\u00b2<\/strong> turvah\u00e4llile kui ka <strong data-start=\"453\" data-end=\"487\">BeSafe Beyond 360 ja Beyond\u00b2 360 turvatoolile<\/strong>, v\u00f5imaldades kasutada sama alust alates s\u00fcnnist kuni umbes 6. eluaastani.<\/p>\n<p data-start=\"563\" data-end=\"801\">T\u00e4nu Beyond mooduls\u00fcsteemile ei pea lapse kasvades kogu s\u00fcsteemi v\u00e4lja vahetama \u2014 kui turvah\u00e4ll j\u00e4\u00e4b v\u00e4ikseks, saab sama ISOFIX aluse peale paigaldada j\u00e4rgmise turvatooli. See teeb lahendusest nii praktilise kui ka kestliku valiku perele.<\/p>\n<hr data-start=\"803\" data-end=\"806\" \/>\n<h3 data-start=\"808\" data-end=\"833\">Mugav igap\u00e4evakasutus<\/h3>\n<p data-start=\"834\" data-end=\"1043\">360\u00b0 p\u00f6\u00f6rlemisfunktsioon v\u00f5imaldab istet p\u00f6\u00f6rata ukse poole, et lapse autosse t\u00f5stmine ja kinnitamine oleks lihtne ning s\u00e4\u00e4staks vanema selga. See on eriti mugav igap\u00e4evas\u00f5itudel ja v\u00e4ikese lapsega toimetades.<\/p>\n<p data-start=\"1045\" data-end=\"1151\">Reguleeritavad jalaruumi asendid annavad kasvavale lapsele rohkem ruumi ja mugavust ka pikematel s\u00f5itudel.<\/p>\n<hr data-start=\"1153\" data-end=\"1156\" \/>\n<h3 data-start=\"1158\" data-end=\"1181\">Turvaline paigaldus<\/h3>\n<p data-start=\"1182\" data-end=\"1412\">ISOFIX kinnituss\u00fcsteem tagab kiire ja kindla paigalduse autos. Alus vastab rangetele \u00dcRO R129 (i-Size) ohutusn\u00f5uetele ning v\u00f5imaldab kasutada turvatoole nii seljaga kui ka n\u00e4oga s\u00f5idusuunas vastavalt lapse vanusele ja vajadustele.<\/p>\n<hr data-start=\"1414\" data-end=\"1417\" \/>\n<h3 data-start=\"1419\" data-end=\"1442\">Olulisemad omadused<\/h3>\n<ul data-start=\"1443\" data-end=\"1878\">\n<li data-start=\"1443\" data-end=\"1522\">\n<p data-start=\"1445\" data-end=\"1522\">Sobib <strong data-start=\"1451\" data-end=\"1484\">BeSafe Go Beyond ja Beyond\u00b2 turvah\u00e4llile<\/strong> ja <strong data-start=\"1488\" data-end=\"1522\">BeSafe Beyond 360 ja Beyond\u00b2 360 turvatoolile<\/strong><\/p>\n<\/li>\n<li data-start=\"1523\" data-end=\"1574\">\n<p data-start=\"1525\" data-end=\"1574\">Kasutatav alates s\u00fcnnist kuni umbes 6. eluaastani<\/p>\n<\/li>\n<li data-start=\"1575\" data-end=\"1602\">\n<p data-start=\"1577\" data-end=\"1602\">Lapse pikkus: 40\u2013125 cm<\/p>\n<\/li>\n<li data-start=\"1603\" data-end=\"1634\">\n<p data-start=\"1605\" data-end=\"1634\">Maksimaalne lapse kaal: 22 kg<\/p>\n<\/li>\n<li data-start=\"1635\" data-end=\"1683\">\n<p data-start=\"1637\" data-end=\"1683\">360\u00b0 p\u00f6\u00f6rlev mehhanism lihtsamaks kasutamiseks<\/p>\n<\/li>\n<li data-start=\"1684\" data-end=\"1720\">\n<p data-start=\"1686\" data-end=\"1720\">3 reguleeritavat jalaruumi asendit<\/p>\n<\/li>\n<li data-start=\"1721\" data-end=\"1758\">\n<p data-start=\"1723\" data-end=\"1758\">Kiire ja turvaline ISOFIX paigaldus<\/p>\n<\/li>\n<li data-start=\"1759\" data-end=\"1815\">\n<p data-start=\"1761\" data-end=\"1815\">V\u00f5imaldab kasutada istet nii selg- kui n\u00e4gus\u00f5idusuunas<\/p>\n<\/li>\n<li data-start=\"1816\" data-end=\"1859\">\n<p data-start=\"1818\" data-end=\"1859\">Vastab ohutusstandardile UN R129 (i-Size)<\/p>\n<\/li>\n<li data-start=\"1860\" data-end=\"1878\">\n<p data-start=\"1862\" data-end=\"1878\">Toote kaal: 5 kg<\/p>\n<\/li>\n<\/ul>\n<hr data-start=\"1880\" data-end=\"1883\" \/>\n<h3 data-start=\"1885\" data-end=\"1909\">Kestlik valik perele<\/h3>\n<p data-start=\"1910\" data-end=\"2109\">Beyond s\u00fcsteem on loodud pikaajaliseks kasutamiseks. \u00dcks ja sama ISOFIX alus kasvab koos lapsega, v\u00e4hendades vajadust uute toodete ostmiseks ning aidates pikendada kogu turvatoolis\u00fcsteemi kasutusiga.<\/p>\n","protected":false},"excerpt":{"rendered":"<p>BeSafe Beyond ISOFIX alus \u2013 turvaline ja mugav lahendus kasvavale lapsele BeSafe Beyond ISOFIX alus on nutikas ja pika kasutuseaga lahendus, mis muudab lapse autosse paigaldamise lihtsaks, turvaliseks ja igap\u00e4evaselt mugavaks. Alus sobib nii BeSafe Go Beyond ja Beyond\u00b2 turvah\u00e4llile kui ka BeSafe Beyond 360 ja Beyond\u00b2 360 turvatoolile, v\u00f5imaldades kasutada sama alust alates s\u00fcnnist [&hellip;]<\/p>\n","protected":false},"featured_media":511193,"template":"","meta":{"_acf_changed":false},"pwb-brand":[11956],"product_brand":[],"product_cat":[11743,11575,11727,11797,11791],"product_tag":[],"class_list":{"0":"post-511188","1":"product","2":"type-product","3":"status-publish","4":"has-post-thumbnail","6":"pwb-brand-besafe-ru","7":"product_cat-turvahallid-ru","8":"product_cat-uued-tooted-ru","9":"product_cat-turvatoolid-hallid-ru","10":"product_cat-lisatarvikud-ru-1","11":"product_cat-turvavarustus-ru","12":"pa_manufacturer-besafe-ru","14":"first","15":"onbackorder","16":"taxable","17":"shipping-taxable","18":"purchasable","19":"product-type-simple"},"exclude_global_add_ons":[],"addons":[],"acf":[],"yoast_head":"<!-- This site is optimized with the Yoast SEO plugin v27.1.1 - https:\/\/yoast.com\/product\/yoast-seo-wordpress\/ -->\n<title>BeSafe iZi Go Modular X1 i-Size turvah\u00e4ll, Cloud Melange, \u0421\u041a\u0418\u0414\u041a\u0418, \u0410\u0432\u0442\u043e\u043a\u0440\u0435\u0441\u043b\u0430, \u043b\u044e\u043b\u044c\u043a\u0438, \u0410\u0432\u0442\u043e\u043b\u044e\u043b\u044c\u043a\u0430, \u0421\u043d\u0430\u0440\u044f\u0436\u0435\u043d\u0438\u044f \u0431\u0435\u0437\u043e\u043f\u0430\u0441\u043d\u043e\u0441\u0442\u0438, Beebipood<\/title>\n<meta name=\"description\" content=\"BeSafe iZi Go Modular X1 i-Size turvah\u00e4ll, Cloud Melange, BeSafe uusim turvah\u00e4ll. Populaarse Izi GO Modular uuendus.V\u00f5imalik kasutada koos\" \/>\n<meta name=\"robots\" content=\"index, follow, max-snippet:-1, max-image-preview:large, max-video-preview:-1\" \/>\n<link rel=\"canonical\" href=\"https:\/\/beebipood.ee\/ru\/produkt\/besafe-beyond-beyond%c2%b2-isofix-alus\/\" \/>\n<meta property=\"og:locale\" content=\"ru_RU\" \/>\n<meta property=\"og:type\" content=\"article\" \/>\n<meta property=\"og:title\" content=\"BeSafe iZi Go Modular X1 i-Size turvah\u00e4ll, Cloud Melange, \u0421\u041a\u0418\u0414\u041a\u0418, \u0410\u0432\u0442\u043e\u043a\u0440\u0435\u0441\u043b\u0430, \u043b\u044e\u043b\u044c\u043a\u0438, \u0410\u0432\u0442\u043e\u043b\u044e\u043b\u044c\u043a\u0430, \u0421\u043d\u0430\u0440\u044f\u0436\u0435\u043d\u0438\u044f \u0431\u0435\u0437\u043e\u043f\u0430\u0441\u043d\u043e\u0441\u0442\u0438, Beebipood\" \/>\n<meta property=\"og:description\" content=\"BeSafe iZi Go Modular X1 i-Size turvah\u00e4ll, Cloud Melange, BeSafe uusim turvah\u00e4ll. Populaarse Izi GO Modular uuendus.V\u00f5imalik kasutada koos\" \/>\n<meta property=\"og:url\" content=\"https:\/\/beebipood.ee\/ru\/produkt\/besafe-beyond-beyond%c2%b2-isofix-alus\/\" \/>\n<meta property=\"og:site_name\" content=\"Beebipood\" \/>\n<meta property=\"article:modified_time\" content=\"2026-02-13T11:26:14+00:00\" \/>\n<meta property=\"og:image\" content=\"https:\/\/beebipood.ee\/wp-content\/uploads\/2026\/02\/besafe-beyond-isofix1.webp\" \/>\n\t<meta property=\"og:image:width\" content=\"1024\" \/>\n\t<meta property=\"og:image:height\" content=\"1024\" \/>\n\t<meta property=\"og:image:type\" content=\"image\/webp\" \/>\n<meta name=\"twitter:card\" content=\"summary_large_image\" \/>\n<meta name=\"twitter:label1\" content=\"\u041f\u0440\u0438\u043c\u0435\u0440\u043d\u043e\u0435 \u0432\u0440\u0435\u043c\u044f \u0434\u043b\u044f \u0447\u0442\u0435\u043d\u0438\u044f\" \/>\n\t<meta name=\"twitter:data1\" content=\"2 \u043c\u0438\u043d\u0443\u0442\u044b\" \/>\n<script type=\"application\/ld+json\" class=\"yoast-schema-graph\">{\"@context\":\"https:\/\/schema.org\",\"@graph\":[{\"@type\":\"WebPage\",\"@id\":\"https:\/\/beebipood.ee\/ru\/produkt\/besafe-beyond-beyond%c2%b2-isofix-alus\/\",\"url\":\"https:\/\/beebipood.ee\/ru\/produkt\/besafe-beyond-beyond%c2%b2-isofix-alus\/\",\"name\":\"BeSafe iZi Go Modular X1 i-Size turvah\u00e4ll, Cloud Melange, \u0421\u041a\u0418\u0414\u041a\u0418, \u0410\u0432\u0442\u043e\u043a\u0440\u0435\u0441\u043b\u0430, \u043b\u044e\u043b\u044c\u043a\u0438, \u0410\u0432\u0442\u043e\u043b\u044e\u043b\u044c\u043a\u0430, \u0421\u043d\u0430\u0440\u044f\u0436\u0435\u043d\u0438\u044f \u0431\u0435\u0437\u043e\u043f\u0430\u0441\u043d\u043e\u0441\u0442\u0438, Beebipood\",\"isPartOf\":{\"@id\":\"https:\/\/beebipood.ee\/ru\/#website\"},\"primaryImageOfPage\":{\"@id\":\"https:\/\/beebipood.ee\/ru\/produkt\/besafe-beyond-beyond%c2%b2-isofix-alus\/#primaryimage\"},\"image\":{\"@id\":\"https:\/\/beebipood.ee\/ru\/produkt\/besafe-beyond-beyond%c2%b2-isofix-alus\/#primaryimage\"},\"thumbnailUrl\":\"https:\/\/beebipood.ee\/wp-content\/uploads\/2026\/02\/besafe-beyond-isofix1.webp\",\"datePublished\":\"2026-02-13T11:18:15+00:00\",\"dateModified\":\"2026-02-13T11:26:14+00:00\",\"description\":\"BeSafe iZi Go Modular X1 i-Size turvah\u00e4ll, Cloud Melange, BeSafe uusim turvah\u00e4ll. Populaarse Izi GO Modular uuendus.V\u00f5imalik kasutada koos\",\"breadcrumb\":{\"@id\":\"https:\/\/beebipood.ee\/ru\/produkt\/besafe-beyond-beyond%c2%b2-isofix-alus\/#breadcrumb\"},\"inLanguage\":\"ru-RU\",\"potentialAction\":[{\"@type\":\"ReadAction\",\"target\":[\"https:\/\/beebipood.ee\/ru\/produkt\/besafe-beyond-beyond%c2%b2-isofix-alus\/\"]}]},{\"@type\":\"ImageObject\",\"inLanguage\":\"ru-RU\",\"@id\":\"https:\/\/beebipood.ee\/ru\/produkt\/besafe-beyond-beyond%c2%b2-isofix-alus\/#primaryimage\",\"url\":\"https:\/\/beebipood.ee\/wp-content\/uploads\/2026\/02\/besafe-beyond-isofix1.webp\",\"contentUrl\":\"https:\/\/beebipood.ee\/wp-content\/uploads\/2026\/02\/besafe-beyond-isofix1.webp\",\"width\":1024,\"height\":1024},{\"@type\":\"BreadcrumbList\",\"@id\":\"https:\/\/beebipood.ee\/ru\/produkt\/besafe-beyond-beyond%c2%b2-isofix-alus\/#breadcrumb\",\"itemListElement\":[{\"@type\":\"ListItem\",\"position\":1,\"name\":\"Home\",\"item\":\"https:\/\/beebipood.ee\/ru\/\"},{\"@type\":\"ListItem\",\"position\":2,\"name\":\"\u041a\u0430\u0442\u0430\u043b\u043e\u0433 \u0442\u043e\u0432\u0430\u0440\u043e\u0432\",\"item\":\"https:\/\/beebipood.ee\/tooted\/\"},{\"@type\":\"ListItem\",\"position\":3,\"name\":\"BeSafe Beyond\/Beyond\u00b2 isofix alus\"}]},{\"@type\":\"WebSite\",\"@id\":\"https:\/\/beebipood.ee\/ru\/#website\",\"url\":\"https:\/\/beebipood.ee\/ru\/\",\"name\":\"Beebipood\",\"description\":\"Lastekaubad, beebikaubad, m\u00e4nguasjad\",\"publisher\":{\"@id\":\"https:\/\/beebipood.ee\/ru\/#organization\"},\"potentialAction\":[{\"@type\":\"SearchAction\",\"target\":{\"@type\":\"EntryPoint\",\"urlTemplate\":\"https:\/\/beebipood.ee\/ru\/?s={search_term_string}\"},\"query-input\":{\"@type\":\"PropertyValueSpecification\",\"valueRequired\":true,\"valueName\":\"search_term_string\"}}],\"inLanguage\":\"ru-RU\"},{\"@type\":\"Organization\",\"@id\":\"https:\/\/beebipood.ee\/ru\/#organization\",\"name\":\"Beebipood\",\"url\":\"https:\/\/beebipood.ee\/ru\/\",\"logo\":{\"@type\":\"ImageObject\",\"inLanguage\":\"ru-RU\",\"@id\":\"https:\/\/beebipood.ee\/ru\/#\/schema\/logo\/image\/\",\"url\":\"https:\/\/beebipood.ee\/wp-content\/uploads\/2025\/03\/beebipood.ee-logo-1.svg\",\"contentUrl\":\"https:\/\/beebipood.ee\/wp-content\/uploads\/2025\/03\/beebipood.ee-logo-1.svg\",\"caption\":\"Beebipood\"},\"image\":{\"@id\":\"https:\/\/beebipood.ee\/ru\/#\/schema\/logo\/image\/\"}}]}<\/script>\n<!-- \/ Yoast SEO plugin. -->","yoast_head_json":{"title":"BeSafe iZi Go Modular X1 i-Size turvah\u00e4ll, Cloud Melange, \u0421\u041a\u0418\u0414\u041a\u0418, \u0410\u0432\u0442\u043e\u043a\u0440\u0435\u0441\u043b\u0430, \u043b\u044e\u043b\u044c\u043a\u0438, \u0410\u0432\u0442\u043e\u043b\u044e\u043b\u044c\u043a\u0430, \u0421\u043d\u0430\u0440\u044f\u0436\u0435\u043d\u0438\u044f \u0431\u0435\u0437\u043e\u043f\u0430\u0441\u043d\u043e\u0441\u0442\u0438, Beebipood","description":"BeSafe iZi Go Modular X1 i-Size turvah\u00e4ll, Cloud Melange, BeSafe uusim turvah\u00e4ll. Populaarse Izi GO Modular uuendus.V\u00f5imalik kasutada koos","robots":{"index":"index","follow":"follow","max-snippet":"max-snippet:-1","max-image-preview":"max-image-preview:large","max-video-preview":"max-video-preview:-1"},"canonical":"https:\/\/beebipood.ee\/ru\/produkt\/besafe-beyond-beyond%c2%b2-isofix-alus\/","og_locale":"ru_RU","og_type":"article","og_title":"BeSafe iZi Go Modular X1 i-Size turvah\u00e4ll, Cloud Melange, \u0421\u041a\u0418\u0414\u041a\u0418, \u0410\u0432\u0442\u043e\u043a\u0440\u0435\u0441\u043b\u0430, \u043b\u044e\u043b\u044c\u043a\u0438, \u0410\u0432\u0442\u043e\u043b\u044e\u043b\u044c\u043a\u0430, \u0421\u043d\u0430\u0440\u044f\u0436\u0435\u043d\u0438\u044f \u0431\u0435\u0437\u043e\u043f\u0430\u0441\u043d\u043e\u0441\u0442\u0438, Beebipood","og_description":"BeSafe iZi Go Modular X1 i-Size turvah\u00e4ll, Cloud Melange, BeSafe uusim turvah\u00e4ll. Populaarse Izi GO Modular uuendus.V\u00f5imalik kasutada koos","og_url":"https:\/\/beebipood.ee\/ru\/produkt\/besafe-beyond-beyond%c2%b2-isofix-alus\/","og_site_name":"Beebipood","article_modified_time":"2026-02-13T11:26:14+00:00","og_image":[{"width":1024,"height":1024,"url":"https:\/\/beebipood.ee\/wp-content\/uploads\/2026\/02\/besafe-beyond-isofix1.webp","type":"image\/webp"}],"twitter_card":"summary_large_image","twitter_misc":{"\u041f\u0440\u0438\u043c\u0435\u0440\u043d\u043e\u0435 \u0432\u0440\u0435\u043c\u044f \u0434\u043b\u044f \u0447\u0442\u0435\u043d\u0438\u044f":"2 \u043c\u0438\u043d\u0443\u0442\u044b"},"schema":{"@context":"https:\/\/schema.org","@graph":[{"@type":"WebPage","@id":"https:\/\/beebipood.ee\/ru\/produkt\/besafe-beyond-beyond%c2%b2-isofix-alus\/","url":"https:\/\/beebipood.ee\/ru\/produkt\/besafe-beyond-beyond%c2%b2-isofix-alus\/","name":"BeSafe iZi Go Modular X1 i-Size turvah\u00e4ll, Cloud Melange, \u0421\u041a\u0418\u0414\u041a\u0418, \u0410\u0432\u0442\u043e\u043a\u0440\u0435\u0441\u043b\u0430, \u043b\u044e\u043b\u044c\u043a\u0438, \u0410\u0432\u0442\u043e\u043b\u044e\u043b\u044c\u043a\u0430, \u0421\u043d\u0430\u0440\u044f\u0436\u0435\u043d\u0438\u044f \u0431\u0435\u0437\u043e\u043f\u0430\u0441\u043d\u043e\u0441\u0442\u0438, Beebipood","isPartOf":{"@id":"https:\/\/beebipood.ee\/ru\/#website"},"primaryImageOfPage":{"@id":"https:\/\/beebipood.ee\/ru\/produkt\/besafe-beyond-beyond%c2%b2-isofix-alus\/#primaryimage"},"image":{"@id":"https:\/\/beebipood.ee\/ru\/produkt\/besafe-beyond-beyond%c2%b2-isofix-alus\/#primaryimage"},"thumbnailUrl":"https:\/\/beebipood.ee\/wp-content\/uploads\/2026\/02\/besafe-beyond-isofix1.webp","datePublished":"2026-02-13T11:18:15+00:00","dateModified":"2026-02-13T11:26:14+00:00","description":"BeSafe iZi Go Modular X1 i-Size turvah\u00e4ll, Cloud Melange, BeSafe uusim turvah\u00e4ll. Populaarse Izi GO Modular uuendus.V\u00f5imalik kasutada koos","breadcrumb":{"@id":"https:\/\/beebipood.ee\/ru\/produkt\/besafe-beyond-beyond%c2%b2-isofix-alus\/#breadcrumb"},"inLanguage":"ru-RU","potentialAction":[{"@type":"ReadAction","target":["https:\/\/beebipood.ee\/ru\/produkt\/besafe-beyond-beyond%c2%b2-isofix-alus\/"]}]},{"@type":"ImageObject","inLanguage":"ru-RU","@id":"https:\/\/beebipood.ee\/ru\/produkt\/besafe-beyond-beyond%c2%b2-isofix-alus\/#primaryimage","url":"https:\/\/beebipood.ee\/wp-content\/uploads\/2026\/02\/besafe-beyond-isofix1.webp","contentUrl":"https:\/\/beebipood.ee\/wp-content\/uploads\/2026\/02\/besafe-beyond-isofix1.webp","width":1024,"height":1024},{"@type":"BreadcrumbList","@id":"https:\/\/beebipood.ee\/ru\/produkt\/besafe-beyond-beyond%c2%b2-isofix-alus\/#breadcrumb","itemListElement":[{"@type":"ListItem","position":1,"name":"Home","item":"https:\/\/beebipood.ee\/ru\/"},{"@type":"ListItem","position":2,"name":"\u041a\u0430\u0442\u0430\u043b\u043e\u0433 \u0442\u043e\u0432\u0430\u0440\u043e\u0432","item":"https:\/\/beebipood.ee\/tooted\/"},{"@type":"ListItem","position":3,"name":"BeSafe Beyond\/Beyond\u00b2 isofix alus"}]},{"@type":"WebSite","@id":"https:\/\/beebipood.ee\/ru\/#website","url":"https:\/\/beebipood.ee\/ru\/","name":"Beebipood","description":"Lastekaubad, beebikaubad, m\u00e4nguasjad","publisher":{"@id":"https:\/\/beebipood.ee\/ru\/#organization"},"potentialAction":[{"@type":"SearchAction","target":{"@type":"EntryPoint","urlTemplate":"https:\/\/beebipood.ee\/ru\/?s={search_term_string}"},"query-input":{"@type":"PropertyValueSpecification","valueRequired":true,"valueName":"search_term_string"}}],"inLanguage":"ru-RU"},{"@type":"Organization","@id":"https:\/\/beebipood.ee\/ru\/#organization","name":"Beebipood","url":"https:\/\/beebipood.ee\/ru\/","logo":{"@type":"ImageObject","inLanguage":"ru-RU","@id":"https:\/\/beebipood.ee\/ru\/#\/schema\/logo\/image\/","url":"https:\/\/beebipood.ee\/wp-content\/uploads\/2025\/03\/beebipood.ee-logo-1.svg","contentUrl":"https:\/\/beebipood.ee\/wp-content\/uploads\/2025\/03\/beebipood.ee-logo-1.svg","caption":"Beebipood"},"image":{"@id":"https:\/\/beebipood.ee\/ru\/#\/schema\/logo\/image\/"}}]}},"brands":[{"id":11956,"name":"BeSafe","slug":"besafe-ru"}],"_links":{"self":[{"href":"https:\/\/beebipood.ee\/ru\/wp-json\/wp\/v2\/product\/511188","targetHints":{"allow":["GET"]}}],"collection":[{"href":"https:\/\/beebipood.ee\/ru\/wp-json\/wp\/v2\/product"}],"about":[{"href":"https:\/\/beebipood.ee\/ru\/wp-json\/wp\/v2\/types\/product"}],"wp:featuredmedia":[{"embeddable":true,"href":"https:\/\/beebipood.ee\/ru\/wp-json\/wp\/v2\/media\/511193"}],"wp:attachment":[{"href":"https:\/\/beebipood.ee\/ru\/wp-json\/wp\/v2\/media?parent=511188"}],"wp:term":[{"taxonomy":"pwb-brand","embeddable":true,"href":"https:\/\/beebipood.ee\/ru\/wp-json\/wp\/v2\/pwb-brand?post=511188"},{"taxonomy":"product_brand","embeddable":true,"href":"https:\/\/beebipood.ee\/ru\/wp-json\/wp\/v2\/product_brand?post=511188"},{"taxonomy":"product_cat","embeddable":true,"href":"https:\/\/beebipood.ee\/ru\/wp-json\/wp\/v2\/product_cat?post=511188"},{"taxonomy":"product_tag","embeddable":true,"href":"https:\/\/beebipood.ee\/ru\/wp-json\/wp\/v2\/product_tag?post=511188"}],"curies":[{"name":"wp","href":"https:\/\/api.w.org\/{rel}","templated":true}]}}