{"id":511405,"date":"2026-02-17T15:12:57","date_gmt":"2026-02-17T13:12:57","guid":{"rendered":"https:\/\/beebipood.ee\/?post_type=product&#038;p=511405"},"modified":"2026-02-17T15:24:27","modified_gmt":"2026-02-17T13:24:27","slug":"hauck-bike-n-walk-duo-jalgrattahaagis-3in1-light-grey","status":"publish","type":"product","link":"https:\/\/beebipood.ee\/ru\/produkt\/hauck-bike-n-walk-duo-jalgrattahaagis-3in1-light-grey\/","title":{"rendered":"Hauck Bike N Walk Duo jalgrattahaagis 3in1, Light Grey"},"content":{"rendered":"<h2 data-start=\"171\" data-end=\"241\">Bike N Walk Duo \u2013 3-\u00fches jalgrattahaagis, jalutusk\u00e4ru ja spordik\u00e4ru<\/h2>\n<p data-start=\"243\" data-end=\"540\"><strong data-start=\"243\" data-end=\"262\">Bike N Walk Duo<\/strong> on mitmek\u00fclgne 3-\u00fches lahendus aktiivsele perele. See toimib \u00fchtaegu jalgrattahaagise, linnajalutusk\u00e4ru ja sportimiseks sobiva k\u00e4runa, v\u00f5imaldades mugavalt liikuda nii linnas, looduses kui treeningul. K\u00f5ik vajalik on komplektis olemas \u2013 lihtsalt vali liikumisviis ja asu teele.<\/p>\n<hr data-start=\"542\" data-end=\"545\" \/>\n<h3 data-start=\"547\" data-end=\"576\">Kiirelt \u00fcmber seadistatav<\/h3>\n<p data-start=\"577\" data-end=\"742\">Haagise muutmine jalutusk\u00e4ruks v\u00f5i spordik\u00e4ruks k\u00e4ib vaid m\u00f5ne lihtsa liigutusega. Kui veotiislit parasjagu ei kasuta, saab selle mugavalt haagise k\u00fcljele kinnitada.<\/p>\n<p data-start=\"744\" data-end=\"763\">Komplekti kuuluvad:<\/p>\n<ul data-start=\"764\" data-end=\"849\">\n<li data-start=\"764\" data-end=\"775\">\n<p data-start=\"766\" data-end=\"775\">veotiisel<\/p>\n<\/li>\n<li data-start=\"776\" data-end=\"794\">\n<p data-start=\"778\" data-end=\"794\">2 rattakinnitust<\/p>\n<\/li>\n<li data-start=\"795\" data-end=\"806\">\n<p data-start=\"797\" data-end=\"806\">turvalipp<\/p>\n<\/li>\n<li data-start=\"807\" data-end=\"825\">\n<p data-start=\"809\" data-end=\"825\">jalutusk\u00e4ruratas<\/p>\n<\/li>\n<li data-start=\"826\" data-end=\"839\">\n<p data-start=\"828\" data-end=\"839\">spordiratas<\/p>\n<\/li>\n<li data-start=\"840\" data-end=\"849\">\n<p data-start=\"842\" data-end=\"849\">\u00f5hupump<\/p>\n<\/li>\n<\/ul>\n<hr data-start=\"851\" data-end=\"854\" \/>\n<h3 data-start=\"856\" data-end=\"897\">Mugav ja ergonoomiline kahele lapsele<\/h3>\n<p data-start=\"898\" data-end=\"1149\">Kahekohaline iste pakub rohkelt ruumi kuni kahele lapsele (kuni 22 kg v\u00f5i 120 cm lapse kohta).<br data-start=\"992\" data-end=\"995\" \/>Ergonoomilised, individuaalselt reguleeritavad istmed koos peatugede ja 5-punkti turvarihmadega tagavad turvalise ning mugava s\u00f5idu ka pikematel retkedel.<\/p>\n<hr data-start=\"1151\" data-end=\"1154\" \/>\n<h3 data-start=\"1156\" data-end=\"1199\">Reguleeritav vedrustus igale maastikule<\/h3>\n<p data-start=\"1200\" data-end=\"1398\">K\u00f5nnitee, metsarada, munakivid v\u00f5i linnat\u00e4nav \u2013 reguleeritav vedrustus aitab hoida s\u00f5idu sujuva ja pehmena igal pinnasel. Ideaalne nii igap\u00e4evaseks liikumiseks kui ka aktiivseks vaba aja veetmiseks.<\/p>\n<hr data-start=\"1400\" data-end=\"1403\" \/>\n<h3 data-start=\"1405\" data-end=\"1442\">Ruumi lastele ja kogu varustusele<\/h3>\n<ul data-start=\"1443\" data-end=\"1543\">\n<li data-start=\"1443\" data-end=\"1485\">\n<p data-start=\"1445\" data-end=\"1485\">v\u00e4ike tasku v\u00f5tmete v\u00f5i telefoni jaoks<\/p>\n<\/li>\n<li data-start=\"1486\" data-end=\"1543\">\n<p data-start=\"1488\" data-end=\"1543\">suur XL-pakikorv ostudele v\u00f5i varustusele (kuni 6 kg)<\/p>\n<\/li>\n<\/ul>\n<p data-start=\"1545\" data-end=\"1600\">LED-tuli ja helkurid parandavad n\u00e4htavust h\u00e4maral ajal.<\/p>\n<hr data-start=\"1602\" data-end=\"1605\" \/>\n<h3 data-start=\"1607\" data-end=\"1623\">Mugav l\u00fckata<\/h3>\n<p data-start=\"1624\" data-end=\"1791\">Rohke jalutusruum v\u00f5imaldab loomulikku liikumist ka pikema sammuga.<br data-start=\"1691\" data-end=\"1694\" \/>3-astmeliselt reguleeritav l\u00fckkesang (97 \/ 105 \/ 113 cm) kohandub erineva pikkusega kasutajatele.<\/p>\n<hr data-start=\"1793\" data-end=\"1796\" \/>\n<h3 data-start=\"1798\" data-end=\"1838\">Lihtne kokku voltida ja transportida<\/h3>\n<p data-start=\"1839\" data-end=\"1986\">Bike N Walk Duo k\u00e4ib kiiresti kokku ning sobib mugavalt autos transportimiseks \u2013 ideaalne reisidele, linnas\u00f5itudeks v\u00f5i vanavanemate k\u00fclastamiseks.<\/p>\n<hr data-start=\"1988\" data-end=\"1991\" \/>\n<h3 data-start=\"1993\" data-end=\"2016\">Kaitstud iga ilmaga<\/h3>\n<p data-start=\"2017\" data-end=\"2042\">3-\u00fches varikatus \u00fchendab:<\/p>\n<ul data-start=\"2043\" data-end=\"2101\">\n<li data-start=\"2043\" data-end=\"2057\">\n<p data-start=\"2045\" data-end=\"2057\">vihmakatte<\/p>\n<\/li>\n<li data-start=\"2058\" data-end=\"2085\">\n<p data-start=\"2060\" data-end=\"2085\">p\u00e4ikesekaitse (UPF 50+)<\/p>\n<\/li>\n<li data-start=\"2086\" data-end=\"2101\">\n<p data-start=\"2088\" data-end=\"2101\">putukav\u00f5rgu<\/p>\n<\/li>\n<\/ul>\n<p data-start=\"2103\" data-end=\"2207\">Eemaldatavad toonitud k\u00fcljeaknad tagavad hea ventilatsiooni ning kaitse tuule, p\u00e4ikese ja putukate eest.<\/p>\n<hr data-start=\"2209\" data-end=\"2212\" \/>\n<h3 data-start=\"2214\" data-end=\"2249\">T\u00e4ielik kontroll igas olukorras<\/h3>\n<p data-start=\"2250\" data-end=\"2309\">Spordi- ja jalutusk\u00e4rure\u017eiimis aitavad kiirust kontrollida:<\/p>\n<ul data-start=\"2310\" data-end=\"2352\">\n<li data-start=\"2310\" data-end=\"2323\">\n<p data-start=\"2312\" data-end=\"2323\">k\u00e4sipidur<\/p>\n<\/li>\n<li data-start=\"2324\" data-end=\"2337\">\n<p data-start=\"2326\" data-end=\"2337\">jalapidur<\/p>\n<\/li>\n<li data-start=\"2338\" data-end=\"2352\">\n<p data-start=\"2340\" data-end=\"2352\">randmerihm<\/p>\n<\/li>\n<\/ul>\n<p data-start=\"2354\" data-end=\"2408\">Nii on liikumine turvaline ka t\u00f5usudel ja laskumistel.<\/p>\n<hr data-start=\"2410\" data-end=\"2413\" \/>\n<h2 data-start=\"2415\" data-end=\"2435\">Tehnilised andmed<\/h2>\n<ul data-start=\"2437\" data-end=\"2736\">\n<li data-start=\"2437\" data-end=\"2463\">\n<p data-start=\"2439\" data-end=\"2463\">Sobiv vanus: 6\u201348 kuud<\/p>\n<\/li>\n<li data-start=\"2464\" data-end=\"2528\">\n<p data-start=\"2466\" data-end=\"2528\">Maksimaalne kandev\u00f5ime: 2 \u00d7 22 kg (lapsed) + 6 kg (pakikorv)<\/p>\n<\/li>\n<li data-start=\"2529\" data-end=\"2550\">\n<p data-start=\"2531\" data-end=\"2550\">Toote kaal: 25 kg<\/p>\n<\/li>\n<li data-start=\"2551\" data-end=\"2571\">\n<p data-start=\"2553\" data-end=\"2571\">Raam: alumiinium<\/p>\n<\/li>\n<li data-start=\"2572\" data-end=\"2599\">\n<p data-start=\"2574\" data-end=\"2599\">Vedrustus: reguleeritav<\/p>\n<\/li>\n<li data-start=\"2600\" data-end=\"2633\">\n<p data-start=\"2602\" data-end=\"2633\">Turvarihmad: 5-punkti s\u00fcsteem<\/p>\n<\/li>\n<li data-start=\"2634\" data-end=\"2660\">\n<p data-start=\"2636\" data-end=\"2660\">P\u00e4ikesekaitse: UPF 50+<\/p>\n<\/li>\n<li data-start=\"2661\" data-end=\"2713\">\n<p data-start=\"2663\" data-end=\"2713\">Pidurid: kombineeritud piduris\u00fcsteem + k\u00e4sipidur<\/p>\n<\/li>\n<li data-start=\"2714\" data-end=\"2736\">\n<p data-start=\"2716\" data-end=\"2736\">Lihtne kokku voltida<\/p>\n<\/li>\n<\/ul>\n<p data-start=\"2738\" data-end=\"2748\"><strong data-start=\"2738\" data-end=\"2748\">M\u00f5\u00f5dud<\/strong><\/p>\n<ul data-start=\"2749\" data-end=\"2842\">\n<li data-start=\"2749\" data-end=\"2779\">\n<p data-start=\"2751\" data-end=\"2779\">Avatuna: 134 \u00d7 81 \u00d7 107 cm<\/p>\n<\/li>\n<li data-start=\"2780\" data-end=\"2816\">\n<p data-start=\"2782\" data-end=\"2816\">Kokkupandult: 100 \u00d7 71,5 \u00d7 38 cm<\/p>\n<\/li>\n<li data-start=\"2817\" data-end=\"2842\">\n<p data-start=\"2819\" data-end=\"2842\">Seljatoe laius: 56 cm<\/p>\n<\/li>\n<\/ul>\n<p data-start=\"2844\" data-end=\"2854\"><strong data-start=\"2844\" data-end=\"2854\">Rattad<\/strong><\/p>\n<ul data-start=\"2855\" data-end=\"3008\">\n<li data-start=\"2855\" data-end=\"2887\">\n<p data-start=\"2857\" data-end=\"2887\">Jalutusk\u00e4ruratas: kummiratas<\/p>\n<\/li>\n<li data-start=\"2888\" data-end=\"2913\">\n<p data-start=\"2890\" data-end=\"2913\">Spordiratas: \u00f5hkratas<\/p>\n<\/li>\n<li data-start=\"2914\" data-end=\"2939\">\n<p data-start=\"2916\" data-end=\"2939\">Tagarattad: \u00f5hkrehvid<\/p>\n<\/li>\n<li data-start=\"2940\" data-end=\"2975\">\n<p data-start=\"2942\" data-end=\"2975\">Eemaldatavad esi- ja tagarattad<\/p>\n<\/li>\n<li data-start=\"2976\" data-end=\"3008\">\n<p data-start=\"2978\" data-end=\"3008\">P\u00f6\u00f6rlev ja lukustatav esiratas<\/p>\n<\/li>\n<\/ul>\n<p data-start=\"3010\" data-end=\"3023\"><strong data-start=\"3010\" data-end=\"3023\">L\u00fckkesang<\/strong><\/p>\n<ul data-start=\"3024\" data-end=\"3069\">\n<li data-start=\"3024\" data-end=\"3049\">\n<p data-start=\"3026\" data-end=\"3049\">Reguleeritav: 3 astet<\/p>\n<\/li>\n<li data-start=\"3050\" data-end=\"3069\">\n<p data-start=\"3052\" data-end=\"3069\">K\u00f5rgus: 97\u2013115 cm<\/p>\n<\/li>\n<\/ul>\n<hr data-start=\"3071\" data-end=\"3074\" \/>\n<p data-start=\"3076\" data-end=\"3253\"><strong data-start=\"3076\" data-end=\"3095\">Bike N Walk Duo<\/strong> on praktiline ja vastupidav valik perele, kes soovib \u00fchte lahendust k\u00f5igiks liikumisviisideks \u2014 rattas\u00f5iduks, jalutamiseks ja sportimiseks \ud83d\udeb4\u200d\u2640\ufe0f\ud83c\udf32\ud83d\udc68\u200d\ud83d\udc69\u200d\ud83d\udc67\u200d\ud83d\udc66<\/p>\n<p data-start=\"3076\" data-end=\"3253\">VIDEO: <a href=\"https:\/\/youtu.be\/WSGYQulcE4I?si=pz6iNGOXL23i5DMa\">SIIN<\/a><\/p>\n","protected":false},"excerpt":{"rendered":"<p>Bike N Walk Duo \u2013 3-\u00fches jalgrattahaagis, jalutusk\u00e4ru ja spordik\u00e4ru Bike N Walk Duo on mitmek\u00fclgne 3-\u00fches lahendus aktiivsele perele. See toimib \u00fchtaegu jalgrattahaagise, linnajalutusk\u00e4ru ja sportimiseks sobiva k\u00e4runa, v\u00f5imaldades mugavalt liikuda nii linnas, looduses kui treeningul. K\u00f5ik vajalik on komplektis olemas \u2013 lihtsalt vali liikumisviis ja asu teele. Kiirelt \u00fcmber seadistatav Haagise muutmine jalutusk\u00e4ruks [&hellip;]<\/p>\n","protected":false},"featured_media":511407,"template":"","meta":{"_acf_changed":false},"pwb-brand":[11952],"product_brand":[],"product_cat":[11841,11721,11723,11717],"product_tag":[],"class_list":{"0":"post-511405","1":"product","2":"type-product","3":"status-publish","4":"has-post-thumbnail","6":"pwb-brand-hauck-ru","7":"product_cat-jalgrattahaagised-ru","8":"product_cat-jalutuskarud-ru","9":"product_cat-kaksikutele-ru","10":"product_cat-lastevankrid-ja-karud-ru","11":"pa_manufacturer-hauck-ru","13":"first","14":"onbackorder","15":"taxable","16":"shipping-taxable","17":"purchasable","18":"product-type-simple"},"exclude_global_add_ons":[],"addons":[],"acf":[],"yoast_head":"<!-- This site is optimized with the Yoast SEO plugin v27.1.1 - https:\/\/yoast.com\/product\/yoast-seo-wordpress\/ -->\n<title>Hauck Dryk Duo jalgrattahaagis 2in1, Petrol, \u041a\u043e\u043b\u044f\u0441\u043a\u0438, \u041f\u0440\u043e\u0433\u0443\u043b\u043e\u0447\u043d\u044b\u0435 \u043a\u043e\u043b\u044f\u0441\u043a\u0438, \u0414\u043b\u044f \u0434\u0432\u043e\u0439\u043d\u044f\u0448\u0435\u043a, Beebipood<\/title>\n<meta name=\"description\" content=\"Hauck Dryk Duo jalgrattahaagis 2in1, Petrol, Hauck Dryk Duo on sportliku disainiga ning hea hinna ja kvaliteedi suhtega multifunktsionaalne jalgrattaha\" \/>\n<meta name=\"robots\" content=\"index, follow, max-snippet:-1, max-image-preview:large, max-video-preview:-1\" \/>\n<link rel=\"canonical\" href=\"https:\/\/beebipood.ee\/ru\/produkt\/hauck-bike-n-walk-duo-jalgrattahaagis-3in1-light-grey\/\" \/>\n<meta property=\"og:locale\" content=\"ru_RU\" \/>\n<meta property=\"og:type\" content=\"article\" \/>\n<meta property=\"og:title\" content=\"Hauck Dryk Duo jalgrattahaagis 2in1, Petrol, \u041a\u043e\u043b\u044f\u0441\u043a\u0438, \u041f\u0440\u043e\u0433\u0443\u043b\u043e\u0447\u043d\u044b\u0435 \u043a\u043e\u043b\u044f\u0441\u043a\u0438, \u0414\u043b\u044f \u0434\u0432\u043e\u0439\u043d\u044f\u0448\u0435\u043a, Beebipood\" \/>\n<meta property=\"og:description\" content=\"Hauck Dryk Duo jalgrattahaagis 2in1, Petrol, Hauck Dryk Duo on sportliku disainiga ning hea hinna ja kvaliteedi suhtega multifunktsionaalne jalgrattaha\" \/>\n<meta property=\"og:url\" content=\"https:\/\/beebipood.ee\/ru\/produkt\/hauck-bike-n-walk-duo-jalgrattahaagis-3in1-light-grey\/\" \/>\n<meta property=\"og:site_name\" content=\"Beebipood\" \/>\n<meta property=\"article:modified_time\" content=\"2026-02-17T13:24:27+00:00\" \/>\n<meta property=\"og:image\" content=\"https:\/\/beebipood.ee\/wp-content\/uploads\/2026\/02\/bike-n-walk-duo-grey.webp\" \/>\n\t<meta property=\"og:image:width\" content=\"823\" \/>\n\t<meta property=\"og:image:height\" content=\"823\" \/>\n\t<meta property=\"og:image:type\" content=\"image\/webp\" \/>\n<meta name=\"twitter:card\" content=\"summary_large_image\" \/>\n<meta name=\"twitter:label1\" content=\"\u041f\u0440\u0438\u043c\u0435\u0440\u043d\u043e\u0435 \u0432\u0440\u0435\u043c\u044f \u0434\u043b\u044f \u0447\u0442\u0435\u043d\u0438\u044f\" \/>\n\t<meta name=\"twitter:data1\" content=\"3 \u043c\u0438\u043d\u0443\u0442\u044b\" \/>\n<script type=\"application\/ld+json\" class=\"yoast-schema-graph\">{\"@context\":\"https:\/\/schema.org\",\"@graph\":[{\"@type\":\"WebPage\",\"@id\":\"https:\/\/beebipood.ee\/ru\/produkt\/hauck-bike-n-walk-duo-jalgrattahaagis-3in1-light-grey\/\",\"url\":\"https:\/\/beebipood.ee\/ru\/produkt\/hauck-bike-n-walk-duo-jalgrattahaagis-3in1-light-grey\/\",\"name\":\"Hauck Dryk Duo jalgrattahaagis 2in1, Petrol, \u041a\u043e\u043b\u044f\u0441\u043a\u0438, \u041f\u0440\u043e\u0433\u0443\u043b\u043e\u0447\u043d\u044b\u0435 \u043a\u043e\u043b\u044f\u0441\u043a\u0438, \u0414\u043b\u044f \u0434\u0432\u043e\u0439\u043d\u044f\u0448\u0435\u043a, Beebipood\",\"isPartOf\":{\"@id\":\"https:\/\/beebipood.ee\/ru\/#website\"},\"primaryImageOfPage\":{\"@id\":\"https:\/\/beebipood.ee\/ru\/produkt\/hauck-bike-n-walk-duo-jalgrattahaagis-3in1-light-grey\/#primaryimage\"},\"image\":{\"@id\":\"https:\/\/beebipood.ee\/ru\/produkt\/hauck-bike-n-walk-duo-jalgrattahaagis-3in1-light-grey\/#primaryimage\"},\"thumbnailUrl\":\"https:\/\/beebipood.ee\/wp-content\/uploads\/2026\/02\/bike-n-walk-duo-grey.webp\",\"datePublished\":\"2026-02-17T13:12:57+00:00\",\"dateModified\":\"2026-02-17T13:24:27+00:00\",\"description\":\"Hauck Dryk Duo jalgrattahaagis 2in1, Petrol, Hauck Dryk Duo on sportliku disainiga ning hea hinna ja kvaliteedi suhtega multifunktsionaalne jalgrattaha\",\"breadcrumb\":{\"@id\":\"https:\/\/beebipood.ee\/ru\/produkt\/hauck-bike-n-walk-duo-jalgrattahaagis-3in1-light-grey\/#breadcrumb\"},\"inLanguage\":\"ru-RU\",\"potentialAction\":[{\"@type\":\"ReadAction\",\"target\":[\"https:\/\/beebipood.ee\/ru\/produkt\/hauck-bike-n-walk-duo-jalgrattahaagis-3in1-light-grey\/\"]}]},{\"@type\":\"ImageObject\",\"inLanguage\":\"ru-RU\",\"@id\":\"https:\/\/beebipood.ee\/ru\/produkt\/hauck-bike-n-walk-duo-jalgrattahaagis-3in1-light-grey\/#primaryimage\",\"url\":\"https:\/\/beebipood.ee\/wp-content\/uploads\/2026\/02\/bike-n-walk-duo-grey.webp\",\"contentUrl\":\"https:\/\/beebipood.ee\/wp-content\/uploads\/2026\/02\/bike-n-walk-duo-grey.webp\",\"width\":823,\"height\":823},{\"@type\":\"BreadcrumbList\",\"@id\":\"https:\/\/beebipood.ee\/ru\/produkt\/hauck-bike-n-walk-duo-jalgrattahaagis-3in1-light-grey\/#breadcrumb\",\"itemListElement\":[{\"@type\":\"ListItem\",\"position\":1,\"name\":\"Home\",\"item\":\"https:\/\/beebipood.ee\/ru\/\"},{\"@type\":\"ListItem\",\"position\":2,\"name\":\"\u041a\u0430\u0442\u0430\u043b\u043e\u0433 \u0442\u043e\u0432\u0430\u0440\u043e\u0432\",\"item\":\"https:\/\/beebipood.ee\/tooted\/\"},{\"@type\":\"ListItem\",\"position\":3,\"name\":\"Hauck Bike N Walk Duo jalgrattahaagis 3in1, Light Grey\"}]},{\"@type\":\"WebSite\",\"@id\":\"https:\/\/beebipood.ee\/ru\/#website\",\"url\":\"https:\/\/beebipood.ee\/ru\/\",\"name\":\"Beebipood\",\"description\":\"Lastekaubad, beebikaubad, m\u00e4nguasjad\",\"publisher\":{\"@id\":\"https:\/\/beebipood.ee\/ru\/#organization\"},\"potentialAction\":[{\"@type\":\"SearchAction\",\"target\":{\"@type\":\"EntryPoint\",\"urlTemplate\":\"https:\/\/beebipood.ee\/ru\/?s={search_term_string}\"},\"query-input\":{\"@type\":\"PropertyValueSpecification\",\"valueRequired\":true,\"valueName\":\"search_term_string\"}}],\"inLanguage\":\"ru-RU\"},{\"@type\":\"Organization\",\"@id\":\"https:\/\/beebipood.ee\/ru\/#organization\",\"name\":\"Beebipood\",\"url\":\"https:\/\/beebipood.ee\/ru\/\",\"logo\":{\"@type\":\"ImageObject\",\"inLanguage\":\"ru-RU\",\"@id\":\"https:\/\/beebipood.ee\/ru\/#\/schema\/logo\/image\/\",\"url\":\"https:\/\/beebipood.ee\/wp-content\/uploads\/2025\/03\/beebipood.ee-logo-1.svg\",\"contentUrl\":\"https:\/\/beebipood.ee\/wp-content\/uploads\/2025\/03\/beebipood.ee-logo-1.svg\",\"caption\":\"Beebipood\"},\"image\":{\"@id\":\"https:\/\/beebipood.ee\/ru\/#\/schema\/logo\/image\/\"}}]}<\/script>\n<!-- \/ Yoast SEO plugin. -->","yoast_head_json":{"title":"Hauck Dryk Duo jalgrattahaagis 2in1, Petrol, \u041a\u043e\u043b\u044f\u0441\u043a\u0438, \u041f\u0440\u043e\u0433\u0443\u043b\u043e\u0447\u043d\u044b\u0435 \u043a\u043e\u043b\u044f\u0441\u043a\u0438, \u0414\u043b\u044f \u0434\u0432\u043e\u0439\u043d\u044f\u0448\u0435\u043a, Beebipood","description":"Hauck Dryk Duo jalgrattahaagis 2in1, Petrol, Hauck Dryk Duo on sportliku disainiga ning hea hinna ja kvaliteedi suhtega multifunktsionaalne jalgrattaha","robots":{"index":"index","follow":"follow","max-snippet":"max-snippet:-1","max-image-preview":"max-image-preview:large","max-video-preview":"max-video-preview:-1"},"canonical":"https:\/\/beebipood.ee\/ru\/produkt\/hauck-bike-n-walk-duo-jalgrattahaagis-3in1-light-grey\/","og_locale":"ru_RU","og_type":"article","og_title":"Hauck Dryk Duo jalgrattahaagis 2in1, Petrol, \u041a\u043e\u043b\u044f\u0441\u043a\u0438, \u041f\u0440\u043e\u0433\u0443\u043b\u043e\u0447\u043d\u044b\u0435 \u043a\u043e\u043b\u044f\u0441\u043a\u0438, \u0414\u043b\u044f \u0434\u0432\u043e\u0439\u043d\u044f\u0448\u0435\u043a, Beebipood","og_description":"Hauck Dryk Duo jalgrattahaagis 2in1, Petrol, Hauck Dryk Duo on sportliku disainiga ning hea hinna ja kvaliteedi suhtega multifunktsionaalne jalgrattaha","og_url":"https:\/\/beebipood.ee\/ru\/produkt\/hauck-bike-n-walk-duo-jalgrattahaagis-3in1-light-grey\/","og_site_name":"Beebipood","article_modified_time":"2026-02-17T13:24:27+00:00","og_image":[{"width":823,"height":823,"url":"https:\/\/beebipood.ee\/wp-content\/uploads\/2026\/02\/bike-n-walk-duo-grey.webp","type":"image\/webp"}],"twitter_card":"summary_large_image","twitter_misc":{"\u041f\u0440\u0438\u043c\u0435\u0440\u043d\u043e\u0435 \u0432\u0440\u0435\u043c\u044f \u0434\u043b\u044f \u0447\u0442\u0435\u043d\u0438\u044f":"3 \u043c\u0438\u043d\u0443\u0442\u044b"},"schema":{"@context":"https:\/\/schema.org","@graph":[{"@type":"WebPage","@id":"https:\/\/beebipood.ee\/ru\/produkt\/hauck-bike-n-walk-duo-jalgrattahaagis-3in1-light-grey\/","url":"https:\/\/beebipood.ee\/ru\/produkt\/hauck-bike-n-walk-duo-jalgrattahaagis-3in1-light-grey\/","name":"Hauck Dryk Duo jalgrattahaagis 2in1, Petrol, \u041a\u043e\u043b\u044f\u0441\u043a\u0438, \u041f\u0440\u043e\u0433\u0443\u043b\u043e\u0447\u043d\u044b\u0435 \u043a\u043e\u043b\u044f\u0441\u043a\u0438, \u0414\u043b\u044f \u0434\u0432\u043e\u0439\u043d\u044f\u0448\u0435\u043a, Beebipood","isPartOf":{"@id":"https:\/\/beebipood.ee\/ru\/#website"},"primaryImageOfPage":{"@id":"https:\/\/beebipood.ee\/ru\/produkt\/hauck-bike-n-walk-duo-jalgrattahaagis-3in1-light-grey\/#primaryimage"},"image":{"@id":"https:\/\/beebipood.ee\/ru\/produkt\/hauck-bike-n-walk-duo-jalgrattahaagis-3in1-light-grey\/#primaryimage"},"thumbnailUrl":"https:\/\/beebipood.ee\/wp-content\/uploads\/2026\/02\/bike-n-walk-duo-grey.webp","datePublished":"2026-02-17T13:12:57+00:00","dateModified":"2026-02-17T13:24:27+00:00","description":"Hauck Dryk Duo jalgrattahaagis 2in1, Petrol, Hauck Dryk Duo on sportliku disainiga ning hea hinna ja kvaliteedi suhtega multifunktsionaalne jalgrattaha","breadcrumb":{"@id":"https:\/\/beebipood.ee\/ru\/produkt\/hauck-bike-n-walk-duo-jalgrattahaagis-3in1-light-grey\/#breadcrumb"},"inLanguage":"ru-RU","potentialAction":[{"@type":"ReadAction","target":["https:\/\/beebipood.ee\/ru\/produkt\/hauck-bike-n-walk-duo-jalgrattahaagis-3in1-light-grey\/"]}]},{"@type":"ImageObject","inLanguage":"ru-RU","@id":"https:\/\/beebipood.ee\/ru\/produkt\/hauck-bike-n-walk-duo-jalgrattahaagis-3in1-light-grey\/#primaryimage","url":"https:\/\/beebipood.ee\/wp-content\/uploads\/2026\/02\/bike-n-walk-duo-grey.webp","contentUrl":"https:\/\/beebipood.ee\/wp-content\/uploads\/2026\/02\/bike-n-walk-duo-grey.webp","width":823,"height":823},{"@type":"BreadcrumbList","@id":"https:\/\/beebipood.ee\/ru\/produkt\/hauck-bike-n-walk-duo-jalgrattahaagis-3in1-light-grey\/#breadcrumb","itemListElement":[{"@type":"ListItem","position":1,"name":"Home","item":"https:\/\/beebipood.ee\/ru\/"},{"@type":"ListItem","position":2,"name":"\u041a\u0430\u0442\u0430\u043b\u043e\u0433 \u0442\u043e\u0432\u0430\u0440\u043e\u0432","item":"https:\/\/beebipood.ee\/tooted\/"},{"@type":"ListItem","position":3,"name":"Hauck Bike N Walk Duo jalgrattahaagis 3in1, Light Grey"}]},{"@type":"WebSite","@id":"https:\/\/beebipood.ee\/ru\/#website","url":"https:\/\/beebipood.ee\/ru\/","name":"Beebipood","description":"Lastekaubad, beebikaubad, m\u00e4nguasjad","publisher":{"@id":"https:\/\/beebipood.ee\/ru\/#organization"},"potentialAction":[{"@type":"SearchAction","target":{"@type":"EntryPoint","urlTemplate":"https:\/\/beebipood.ee\/ru\/?s={search_term_string}"},"query-input":{"@type":"PropertyValueSpecification","valueRequired":true,"valueName":"search_term_string"}}],"inLanguage":"ru-RU"},{"@type":"Organization","@id":"https:\/\/beebipood.ee\/ru\/#organization","name":"Beebipood","url":"https:\/\/beebipood.ee\/ru\/","logo":{"@type":"ImageObject","inLanguage":"ru-RU","@id":"https:\/\/beebipood.ee\/ru\/#\/schema\/logo\/image\/","url":"https:\/\/beebipood.ee\/wp-content\/uploads\/2025\/03\/beebipood.ee-logo-1.svg","contentUrl":"https:\/\/beebipood.ee\/wp-content\/uploads\/2025\/03\/beebipood.ee-logo-1.svg","caption":"Beebipood"},"image":{"@id":"https:\/\/beebipood.ee\/ru\/#\/schema\/logo\/image\/"}}]}},"brands":[{"id":11952,"name":"Hauck","slug":"hauck-ru"}],"_links":{"self":[{"href":"https:\/\/beebipood.ee\/ru\/wp-json\/wp\/v2\/product\/511405","targetHints":{"allow":["GET"]}}],"collection":[{"href":"https:\/\/beebipood.ee\/ru\/wp-json\/wp\/v2\/product"}],"about":[{"href":"https:\/\/beebipood.ee\/ru\/wp-json\/wp\/v2\/types\/product"}],"wp:featuredmedia":[{"embeddable":true,"href":"https:\/\/beebipood.ee\/ru\/wp-json\/wp\/v2\/media\/511407"}],"wp:attachment":[{"href":"https:\/\/beebipood.ee\/ru\/wp-json\/wp\/v2\/media?parent=511405"}],"wp:term":[{"taxonomy":"pwb-brand","embeddable":true,"href":"https:\/\/beebipood.ee\/ru\/wp-json\/wp\/v2\/pwb-brand?post=511405"},{"taxonomy":"product_brand","embeddable":true,"href":"https:\/\/beebipood.ee\/ru\/wp-json\/wp\/v2\/product_brand?post=511405"},{"taxonomy":"product_cat","embeddable":true,"href":"https:\/\/beebipood.ee\/ru\/wp-json\/wp\/v2\/product_cat?post=511405"},{"taxonomy":"product_tag","embeddable":true,"href":"https:\/\/beebipood.ee\/ru\/wp-json\/wp\/v2\/product_tag?post=511405"}],"curies":[{"name":"wp","href":"https:\/\/api.w.org\/{rel}","templated":true}]}}