{"id":511935,"date":"2026-03-01T07:09:44","date_gmt":"2026-03-01T05:09:44","guid":{"rendered":"https:\/\/beebipood.ee\/?post_type=product&#038;p=511935"},"modified":"2026-03-01T07:24:04","modified_gmt":"2026-03-01T05:24:04","slug":"maxi-cosi-pearl-xl-slide-pro-i-size-turvatool-61-150cm-authentic-black","status":"publish","type":"product","link":"https:\/\/beebipood.ee\/ru\/produkt\/maxi-cosi-pearl-xl-slide-pro-i-size-turvatool-61-150cm-authentic-black\/","title":{"rendered":"Maxi-Cosi Pearl XL Slide Pro i-Size turvatool 61\u2013150cm, Authentic Black"},"content":{"rendered":"<h2 data-start=\"137\" data-end=\"180\">Maxi-Cosi Pearl XL Slide Pro turvatool<\/h2>\n<p data-start=\"181\" data-end=\"273\"><strong data-start=\"181\" data-end=\"273\">Pika kasutusajaga mugav ja nutikas turvatool alates beebieast kuni koolieani (61\u2013150 cm)<\/strong><\/p>\n<p data-start=\"275\" data-end=\"601\">Maxi-Cosi Pearl XL Slide Pro on turvatool, mis kasvab koos lapsega ning pakub turvalist ja mugavat s\u00f5idukogemust alates umbes 3. elukuust kuni 12. eluaastani. T\u00e4nu nutikale SLIDETECH\u00ae Pro tehnoloogiale muutub lapse autosse t\u00f5stmine m\u00e4rksa lihtsamaks ja seljas\u00f5bralikumaks \u2013 ideaalne j\u00e4rgmine samm p\u00e4rast turvah\u00e4lli kasutamist.<\/p>\n<hr data-start=\"603\" data-end=\"606\" \/>\n<h3 data-start=\"608\" data-end=\"658\">\u2764\ufe0f Miks lapsevanemad selle turvatooli valivad?<\/h3>\n<ul data-start=\"659\" data-end=\"1089\">\n<li data-start=\"659\" data-end=\"734\">\n<p data-start=\"661\" data-end=\"734\"><strong data-start=\"661\" data-end=\"698\">\u00dcks turvatool pikkadeks aastateks<\/strong> \u2013 sobib v\u00e4ikelapsest koolilapseni<\/p>\n<\/li>\n<li data-start=\"735\" data-end=\"855\">\n<p data-start=\"737\" data-end=\"855\"><strong data-start=\"737\" data-end=\"763\">SLIDETECH\u00ae Pro s\u00fcsteem<\/strong> v\u00f5imaldab tooli alusel sujuvalt enda poole libistada, et last oleks mugav autosse asetada<\/p>\n<\/li>\n<li data-start=\"856\" data-end=\"941\">\n<p data-start=\"858\" data-end=\"941\">V\u00f5imaldab s\u00f5ita <strong data-start=\"874\" data-end=\"906\">pikemalt seljaga s\u00f5idusuunas<\/strong>, mis on lapsele k\u00f5ige turvalisem<\/p>\n<\/li>\n<li data-start=\"942\" data-end=\"1031\">\n<p data-start=\"944\" data-end=\"1031\">Hiljem kasutatav ka <strong data-start=\"964\" data-end=\"980\">ilma aluseta<\/strong>, pakkudes paindlikku lahendust kasvavale lapsele<\/p>\n<\/li>\n<li data-start=\"1032\" data-end=\"1089\">\n<p data-start=\"1034\" data-end=\"1089\">Mugav ja ergonoomiline iste ka pikemateks autos\u00f5itudeks<\/p>\n<\/li>\n<\/ul>\n<hr data-start=\"1091\" data-end=\"1094\" \/>\n<h3 data-start=\"1096\" data-end=\"1136\">\ud83d\ude97 Mugav kasutamine igas kasvufaasis<\/h3>\n<ul data-start=\"1137\" data-end=\"1634\">\n<li data-start=\"1137\" data-end=\"1211\">\n<p data-start=\"1139\" data-end=\"1211\">Kasutamine ISOFIX-kinnitusega ja tugijalaga (FamilyFix Slide Pro alusel)<\/p>\n<\/li>\n<li data-start=\"1212\" data-end=\"1284\">\n<p data-start=\"1214\" data-end=\"1284\"><strong data-start=\"1214\" data-end=\"1238\">Seljaga s\u00f5idusuunas:<\/strong> alates 3. elukuust kuni umbes 4. eluaastani<\/p>\n<\/li>\n<li data-start=\"1285\" data-end=\"1337\">\n<p data-start=\"1287\" data-end=\"1337\"><strong data-start=\"1287\" data-end=\"1309\">N\u00e4oga s\u00f5idusuunas:<\/strong> alates 15. elukuust \/ 76 cm<\/p>\n<\/li>\n<li data-start=\"1338\" data-end=\"1399\">\n<p data-start=\"1340\" data-end=\"1399\">V\u00e4iksematele lastele integreeritud <strong data-start=\"1375\" data-end=\"1399\">5-punkti turvarihmad<\/strong><\/p>\n<\/li>\n<li data-start=\"1400\" data-end=\"1458\">\n<p data-start=\"1402\" data-end=\"1458\">Suuremale lapsele (u 4\u201312 a) kinnitamine auto turvav\u00f6\u00f6ga<\/p>\n<\/li>\n<li data-start=\"1459\" data-end=\"1546\">\n<p data-start=\"1461\" data-end=\"1546\">Integreeritud ISOFIX-\u00fchendused lisastabiilsuse tagamiseks ka ilma aluseta kasutamisel<\/p>\n<\/li>\n<li data-start=\"1547\" data-end=\"1594\">\n<p data-start=\"1549\" data-end=\"1594\">Reguleeritav peatugi, mis kasvab koos lapsega<\/p>\n<\/li>\n<li data-start=\"1595\" data-end=\"1634\">\n<p data-start=\"1597\" data-end=\"1634\">5 kaldenurka mugavamaks puhkeasendiks<\/p>\n<\/li>\n<\/ul>\n<hr data-start=\"1636\" data-end=\"1639\" \/>\n<h3 data-start=\"1641\" data-end=\"1668\">\ud83d\udc76 Mugavus ja kasvuruum<\/h3>\n<ul data-start=\"1669\" data-end=\"1864\">\n<li data-start=\"1669\" data-end=\"1715\">\n<p data-start=\"1671\" data-end=\"1715\">Pehme ja toetav iste tagab hea s\u00f5idumugavuse<\/p>\n<\/li>\n<li data-start=\"1716\" data-end=\"1775\">\n<p data-start=\"1718\" data-end=\"1775\">Reguleeritavad asendid v\u00f5imaldavad lapsel ka autos magada<\/p>\n<\/li>\n<li data-start=\"1776\" data-end=\"1864\">\n<p data-start=\"1778\" data-end=\"1864\">V\u00f5imalik kasutada ka alates s\u00fcnnist (40 cm), kui lisada eraldi m\u00fc\u00fcdav vasts\u00fcndinu sisu<\/p>\n<\/li>\n<\/ul>\n<hr data-start=\"1866\" data-end=\"1869\" \/>\n<h3 data-start=\"1871\" data-end=\"1895\">\ud83d\udccb Tehnilised andmed<\/h3>\n<ul data-start=\"1896\" data-end=\"2296\">\n<li data-start=\"1896\" data-end=\"1920\">\n<p data-start=\"1898\" data-end=\"1920\">Sobivus: <strong data-start=\"1907\" data-end=\"1920\">61\u2013150 cm<\/strong><\/p>\n<\/li>\n<li data-start=\"1921\" data-end=\"1958\">\n<p data-start=\"1923\" data-end=\"1958\">Vanus: umbes <strong data-start=\"1936\" data-end=\"1958\">3 kuud \u2013 12 aastat<\/strong><\/p>\n<\/li>\n<li data-start=\"1959\" data-end=\"1993\">\n<p data-start=\"1961\" data-end=\"1993\">Turvastandard: <strong data-start=\"1976\" data-end=\"1993\">i-Size (R129)<\/strong><\/p>\n<\/li>\n<li data-start=\"1994\" data-end=\"2064\">\n<p data-start=\"1996\" data-end=\"2064\">Paigaldus v\u00e4ikelapsele: ISOFIX + tugijalg (FamilyFix Slide Pro alus)<\/p>\n<\/li>\n<li data-start=\"2065\" data-end=\"2132\">\n<p data-start=\"2067\" data-end=\"2132\">Paigaldus suuremale lapsele: auto turvav\u00f6\u00f6 + integreeritud ISOFIX<\/p>\n<\/li>\n<li data-start=\"2133\" data-end=\"2233\">\n<p data-start=\"2135\" data-end=\"2147\">S\u00f5idusuunad:<\/p>\n<ul data-start=\"2150\" data-end=\"2233\">\n<li data-start=\"2150\" data-end=\"2186\">\n<p data-start=\"2152\" data-end=\"2186\">seljaga s\u00f5idusuunas (3 kuud \u2013 4 a)<\/p>\n<\/li>\n<li data-start=\"2189\" data-end=\"2233\">\n<p data-start=\"2191\" data-end=\"2233\">n\u00e4oga s\u00f5idusuunas (alates 15 kuud \/ 76 cm)<\/p>\n<\/li>\n<\/ul>\n<\/li>\n<li data-start=\"2234\" data-end=\"2248\">\n<p data-start=\"2236\" data-end=\"2248\">Kaal: 8,2 kg<\/p>\n<\/li>\n<li data-start=\"2249\" data-end=\"2296\">\n<p data-start=\"2251\" data-end=\"2296\">M\u00f5\u00f5dud: 44 \u00d7 67\u201370,6 \u00d7 55,5\u201373 cm (L \u00d7 P \u00d7 K)<\/p>\n<\/li>\n<\/ul>\n<hr data-start=\"2298\" data-end=\"2301\" \/>\n<h3 data-start=\"2303\" data-end=\"2320\">\ud83d\udce6 Komplektis<\/h3>\n<ul data-start=\"2321\" data-end=\"2414\">\n<li data-start=\"2321\" data-end=\"2363\">\n<p data-start=\"2323\" data-end=\"2363\">Maxi-Cosi Pearl XL Slide Pro turvatool<\/p>\n<\/li>\n<li data-start=\"2364\" data-end=\"2398\">\n<p data-start=\"2366\" data-end=\"2398\">Integreeritud ISOFIX-\u00fchendused<\/p>\n<\/li>\n<li data-start=\"2399\" data-end=\"2414\">\n<p data-start=\"2401\" data-end=\"2414\">Kasutusjuhend<\/p>\n<\/li>\n<li data-start=\"2399\" data-end=\"2414\">VIDEO: <a href=\"https:\/\/youtu.be\/kBgahz0h_Ow?si=AKNN10_ueVjWWoh5\">SIIN<\/a><\/li>\n<\/ul>\n","protected":false},"excerpt":{"rendered":"<p>Maxi-Cosi Pearl XL Slide Pro turvatool Pika kasutusajaga mugav ja nutikas turvatool alates beebieast kuni koolieani (61\u2013150 cm) Maxi-Cosi Pearl XL Slide Pro on turvatool, mis kasvab koos lapsega ning pakub turvalist ja mugavat s\u00f5idukogemust alates umbes 3. elukuust kuni 12. eluaastani. T\u00e4nu nutikale SLIDETECH\u00ae Pro tehnoloogiale muutub lapse autosse t\u00f5stmine m\u00e4rksa lihtsamaks ja seljas\u00f5bralikumaks [&hellip;]<\/p>\n","protected":false},"featured_media":511937,"template":"","meta":{"_acf_changed":false},"pwb-brand":[11961],"product_brand":[],"product_cat":[11575,11727,11737,11791],"product_tag":[],"class_list":{"0":"post-511935","1":"product","2":"type-product","3":"status-publish","4":"has-post-thumbnail","6":"pwb-brand-maxi-cosi-ru","7":"product_cat-uued-tooted-ru","8":"product_cat-turvatoolid-hallid-ru","9":"product_cat-turvatoolid-9-36-kg-ru","10":"product_cat-turvavarustus-ru","11":"pa_manufacturer-maxi_cosi-ru","13":"first","14":"onbackorder","15":"taxable","16":"shipping-taxable","17":"purchasable","18":"product-type-simple"},"exclude_global_add_ons":[],"addons":[],"acf":[],"yoast_head":"<!-- This site is optimized with the Yoast SEO plugin v27.1.1 - https:\/\/yoast.com\/product\/yoast-seo-wordpress\/ -->\n<title>Maxi-Cosi Titan Pro i-Size turvatool 9-36kg, Authentic Terra, \u0421\u041a\u0418\u0414\u041a\u0418, \u041d\u041e\u0412\u042b\u0415 \u0422\u041e\u0412\u0410\u0420\u042b, \u0410\u0432\u0442\u043e\u043a\u0440\u0435\u0441\u043b\u0430, \u043b\u044e\u043b\u044c\u043a\u0438, \u0410\u0432\u0442\u043e\u043a\u0440\u0435\u0441\u043b\u0430 9-36 \u043a\u0433, \u0421\u043d\u0430\u0440\u044f\u0436\u0435\u043d\u0438\u044f \u0431\u0435\u0437\u043e\u043f\u0430\u0441\u043d\u043e\u0441\u0442\u0438, Beebipood<\/title>\n<meta name=\"description\" content=\"Maxi-Cosi Titan Pro i-Size turvatool 9-36kg, Authentic Terra, T\u00e4iuslik turvatool sinu lapsele alates 76cm-st kuni 150cm-ni (15. elukuud kuni 12. e\" \/>\n<meta name=\"robots\" content=\"index, follow, max-snippet:-1, max-image-preview:large, max-video-preview:-1\" \/>\n<link rel=\"canonical\" href=\"https:\/\/beebipood.ee\/ru\/produkt\/maxi-cosi-pearl-xl-slide-pro-i-size-turvatool-61-150cm-authentic-black\/\" \/>\n<meta property=\"og:locale\" content=\"ru_RU\" \/>\n<meta property=\"og:type\" content=\"article\" \/>\n<meta property=\"og:title\" content=\"Maxi-Cosi Titan Pro i-Size turvatool 9-36kg, Authentic Terra, \u0421\u041a\u0418\u0414\u041a\u0418, \u041d\u041e\u0412\u042b\u0415 \u0422\u041e\u0412\u0410\u0420\u042b, \u0410\u0432\u0442\u043e\u043a\u0440\u0435\u0441\u043b\u0430, \u043b\u044e\u043b\u044c\u043a\u0438, \u0410\u0432\u0442\u043e\u043a\u0440\u0435\u0441\u043b\u0430 9-36 \u043a\u0433, \u0421\u043d\u0430\u0440\u044f\u0436\u0435\u043d\u0438\u044f \u0431\u0435\u0437\u043e\u043f\u0430\u0441\u043d\u043e\u0441\u0442\u0438, Beebipood\" \/>\n<meta property=\"og:description\" content=\"Maxi-Cosi Titan Pro i-Size turvatool 9-36kg, Authentic Terra, T\u00e4iuslik turvatool sinu lapsele alates 76cm-st kuni 150cm-ni (15. elukuud kuni 12. e\" \/>\n<meta property=\"og:url\" content=\"https:\/\/beebipood.ee\/ru\/produkt\/maxi-cosi-pearl-xl-slide-pro-i-size-turvatool-61-150cm-authentic-black\/\" \/>\n<meta property=\"og:site_name\" content=\"Beebipood\" \/>\n<meta property=\"article:modified_time\" content=\"2026-03-01T05:24:04+00:00\" \/>\n<meta property=\"og:image\" content=\"https:\/\/beebipood.ee\/wp-content\/uploads\/2026\/03\/maxi-cosi-pearl-xl-slide-pro-turvatool-black.jpg\" \/>\n\t<meta property=\"og:image:width\" content=\"1200\" \/>\n\t<meta property=\"og:image:height\" content=\"1200\" \/>\n\t<meta property=\"og:image:type\" content=\"image\/jpeg\" \/>\n<meta name=\"twitter:card\" content=\"summary_large_image\" \/>\n<meta name=\"twitter:label1\" content=\"\u041f\u0440\u0438\u043c\u0435\u0440\u043d\u043e\u0435 \u0432\u0440\u0435\u043c\u044f \u0434\u043b\u044f \u0447\u0442\u0435\u043d\u0438\u044f\" \/>\n\t<meta name=\"twitter:data1\" content=\"2 \u043c\u0438\u043d\u0443\u0442\u044b\" \/>\n<script type=\"application\/ld+json\" class=\"yoast-schema-graph\">{\"@context\":\"https:\/\/schema.org\",\"@graph\":[{\"@type\":\"WebPage\",\"@id\":\"https:\/\/beebipood.ee\/ru\/produkt\/maxi-cosi-pearl-xl-slide-pro-i-size-turvatool-61-150cm-authentic-black\/\",\"url\":\"https:\/\/beebipood.ee\/ru\/produkt\/maxi-cosi-pearl-xl-slide-pro-i-size-turvatool-61-150cm-authentic-black\/\",\"name\":\"Maxi-Cosi Titan Pro i-Size turvatool 9-36kg, Authentic Terra, \u0421\u041a\u0418\u0414\u041a\u0418, \u041d\u041e\u0412\u042b\u0415 \u0422\u041e\u0412\u0410\u0420\u042b, \u0410\u0432\u0442\u043e\u043a\u0440\u0435\u0441\u043b\u0430, \u043b\u044e\u043b\u044c\u043a\u0438, \u0410\u0432\u0442\u043e\u043a\u0440\u0435\u0441\u043b\u0430 9-36 \u043a\u0433, \u0421\u043d\u0430\u0440\u044f\u0436\u0435\u043d\u0438\u044f \u0431\u0435\u0437\u043e\u043f\u0430\u0441\u043d\u043e\u0441\u0442\u0438, Beebipood\",\"isPartOf\":{\"@id\":\"https:\/\/beebipood.ee\/ru\/#website\"},\"primaryImageOfPage\":{\"@id\":\"https:\/\/beebipood.ee\/ru\/produkt\/maxi-cosi-pearl-xl-slide-pro-i-size-turvatool-61-150cm-authentic-black\/#primaryimage\"},\"image\":{\"@id\":\"https:\/\/beebipood.ee\/ru\/produkt\/maxi-cosi-pearl-xl-slide-pro-i-size-turvatool-61-150cm-authentic-black\/#primaryimage\"},\"thumbnailUrl\":\"https:\/\/beebipood.ee\/wp-content\/uploads\/2026\/03\/maxi-cosi-pearl-xl-slide-pro-turvatool-black.jpg\",\"datePublished\":\"2026-03-01T05:09:44+00:00\",\"dateModified\":\"2026-03-01T05:24:04+00:00\",\"description\":\"Maxi-Cosi Titan Pro i-Size turvatool 9-36kg, Authentic Terra, T\u00e4iuslik turvatool sinu lapsele alates 76cm-st kuni 150cm-ni (15. elukuud kuni 12. e\",\"breadcrumb\":{\"@id\":\"https:\/\/beebipood.ee\/ru\/produkt\/maxi-cosi-pearl-xl-slide-pro-i-size-turvatool-61-150cm-authentic-black\/#breadcrumb\"},\"inLanguage\":\"ru-RU\",\"potentialAction\":[{\"@type\":\"ReadAction\",\"target\":[\"https:\/\/beebipood.ee\/ru\/produkt\/maxi-cosi-pearl-xl-slide-pro-i-size-turvatool-61-150cm-authentic-black\/\"]}]},{\"@type\":\"ImageObject\",\"inLanguage\":\"ru-RU\",\"@id\":\"https:\/\/beebipood.ee\/ru\/produkt\/maxi-cosi-pearl-xl-slide-pro-i-size-turvatool-61-150cm-authentic-black\/#primaryimage\",\"url\":\"https:\/\/beebipood.ee\/wp-content\/uploads\/2026\/03\/maxi-cosi-pearl-xl-slide-pro-turvatool-black.jpg\",\"contentUrl\":\"https:\/\/beebipood.ee\/wp-content\/uploads\/2026\/03\/maxi-cosi-pearl-xl-slide-pro-turvatool-black.jpg\",\"width\":1200,\"height\":1200},{\"@type\":\"BreadcrumbList\",\"@id\":\"https:\/\/beebipood.ee\/ru\/produkt\/maxi-cosi-pearl-xl-slide-pro-i-size-turvatool-61-150cm-authentic-black\/#breadcrumb\",\"itemListElement\":[{\"@type\":\"ListItem\",\"position\":1,\"name\":\"Home\",\"item\":\"https:\/\/beebipood.ee\/ru\/\"},{\"@type\":\"ListItem\",\"position\":2,\"name\":\"\u041a\u0430\u0442\u0430\u043b\u043e\u0433 \u0442\u043e\u0432\u0430\u0440\u043e\u0432\",\"item\":\"https:\/\/beebipood.ee\/tooted\/\"},{\"@type\":\"ListItem\",\"position\":3,\"name\":\"Maxi-Cosi Pearl XL Slide Pro i-Size turvatool 61\u2013150cm, Authentic Black\"}]},{\"@type\":\"WebSite\",\"@id\":\"https:\/\/beebipood.ee\/ru\/#website\",\"url\":\"https:\/\/beebipood.ee\/ru\/\",\"name\":\"Beebipood\",\"description\":\"Lastekaubad, beebikaubad, m\u00e4nguasjad\",\"publisher\":{\"@id\":\"https:\/\/beebipood.ee\/ru\/#organization\"},\"potentialAction\":[{\"@type\":\"SearchAction\",\"target\":{\"@type\":\"EntryPoint\",\"urlTemplate\":\"https:\/\/beebipood.ee\/ru\/?s={search_term_string}\"},\"query-input\":{\"@type\":\"PropertyValueSpecification\",\"valueRequired\":true,\"valueName\":\"search_term_string\"}}],\"inLanguage\":\"ru-RU\"},{\"@type\":\"Organization\",\"@id\":\"https:\/\/beebipood.ee\/ru\/#organization\",\"name\":\"Beebipood\",\"url\":\"https:\/\/beebipood.ee\/ru\/\",\"logo\":{\"@type\":\"ImageObject\",\"inLanguage\":\"ru-RU\",\"@id\":\"https:\/\/beebipood.ee\/ru\/#\/schema\/logo\/image\/\",\"url\":\"https:\/\/beebipood.ee\/wp-content\/uploads\/2025\/03\/beebipood.ee-logo-1.svg\",\"contentUrl\":\"https:\/\/beebipood.ee\/wp-content\/uploads\/2025\/03\/beebipood.ee-logo-1.svg\",\"caption\":\"Beebipood\"},\"image\":{\"@id\":\"https:\/\/beebipood.ee\/ru\/#\/schema\/logo\/image\/\"}}]}<\/script>\n<!-- \/ Yoast SEO plugin. -->","yoast_head_json":{"title":"Maxi-Cosi Titan Pro i-Size turvatool 9-36kg, Authentic Terra, \u0421\u041a\u0418\u0414\u041a\u0418, \u041d\u041e\u0412\u042b\u0415 \u0422\u041e\u0412\u0410\u0420\u042b, \u0410\u0432\u0442\u043e\u043a\u0440\u0435\u0441\u043b\u0430, \u043b\u044e\u043b\u044c\u043a\u0438, \u0410\u0432\u0442\u043e\u043a\u0440\u0435\u0441\u043b\u0430 9-36 \u043a\u0433, \u0421\u043d\u0430\u0440\u044f\u0436\u0435\u043d\u0438\u044f \u0431\u0435\u0437\u043e\u043f\u0430\u0441\u043d\u043e\u0441\u0442\u0438, Beebipood","description":"Maxi-Cosi Titan Pro i-Size turvatool 9-36kg, Authentic Terra, T\u00e4iuslik turvatool sinu lapsele alates 76cm-st kuni 150cm-ni (15. elukuud kuni 12. e","robots":{"index":"index","follow":"follow","max-snippet":"max-snippet:-1","max-image-preview":"max-image-preview:large","max-video-preview":"max-video-preview:-1"},"canonical":"https:\/\/beebipood.ee\/ru\/produkt\/maxi-cosi-pearl-xl-slide-pro-i-size-turvatool-61-150cm-authentic-black\/","og_locale":"ru_RU","og_type":"article","og_title":"Maxi-Cosi Titan Pro i-Size turvatool 9-36kg, Authentic Terra, \u0421\u041a\u0418\u0414\u041a\u0418, \u041d\u041e\u0412\u042b\u0415 \u0422\u041e\u0412\u0410\u0420\u042b, \u0410\u0432\u0442\u043e\u043a\u0440\u0435\u0441\u043b\u0430, \u043b\u044e\u043b\u044c\u043a\u0438, \u0410\u0432\u0442\u043e\u043a\u0440\u0435\u0441\u043b\u0430 9-36 \u043a\u0433, \u0421\u043d\u0430\u0440\u044f\u0436\u0435\u043d\u0438\u044f \u0431\u0435\u0437\u043e\u043f\u0430\u0441\u043d\u043e\u0441\u0442\u0438, Beebipood","og_description":"Maxi-Cosi Titan Pro i-Size turvatool 9-36kg, Authentic Terra, T\u00e4iuslik turvatool sinu lapsele alates 76cm-st kuni 150cm-ni (15. elukuud kuni 12. e","og_url":"https:\/\/beebipood.ee\/ru\/produkt\/maxi-cosi-pearl-xl-slide-pro-i-size-turvatool-61-150cm-authentic-black\/","og_site_name":"Beebipood","article_modified_time":"2026-03-01T05:24:04+00:00","og_image":[{"width":1200,"height":1200,"url":"https:\/\/beebipood.ee\/wp-content\/uploads\/2026\/03\/maxi-cosi-pearl-xl-slide-pro-turvatool-black.jpg","type":"image\/jpeg"}],"twitter_card":"summary_large_image","twitter_misc":{"\u041f\u0440\u0438\u043c\u0435\u0440\u043d\u043e\u0435 \u0432\u0440\u0435\u043c\u044f \u0434\u043b\u044f \u0447\u0442\u0435\u043d\u0438\u044f":"2 \u043c\u0438\u043d\u0443\u0442\u044b"},"schema":{"@context":"https:\/\/schema.org","@graph":[{"@type":"WebPage","@id":"https:\/\/beebipood.ee\/ru\/produkt\/maxi-cosi-pearl-xl-slide-pro-i-size-turvatool-61-150cm-authentic-black\/","url":"https:\/\/beebipood.ee\/ru\/produkt\/maxi-cosi-pearl-xl-slide-pro-i-size-turvatool-61-150cm-authentic-black\/","name":"Maxi-Cosi Titan Pro i-Size turvatool 9-36kg, Authentic Terra, \u0421\u041a\u0418\u0414\u041a\u0418, \u041d\u041e\u0412\u042b\u0415 \u0422\u041e\u0412\u0410\u0420\u042b, \u0410\u0432\u0442\u043e\u043a\u0440\u0435\u0441\u043b\u0430, \u043b\u044e\u043b\u044c\u043a\u0438, \u0410\u0432\u0442\u043e\u043a\u0440\u0435\u0441\u043b\u0430 9-36 \u043a\u0433, \u0421\u043d\u0430\u0440\u044f\u0436\u0435\u043d\u0438\u044f \u0431\u0435\u0437\u043e\u043f\u0430\u0441\u043d\u043e\u0441\u0442\u0438, Beebipood","isPartOf":{"@id":"https:\/\/beebipood.ee\/ru\/#website"},"primaryImageOfPage":{"@id":"https:\/\/beebipood.ee\/ru\/produkt\/maxi-cosi-pearl-xl-slide-pro-i-size-turvatool-61-150cm-authentic-black\/#primaryimage"},"image":{"@id":"https:\/\/beebipood.ee\/ru\/produkt\/maxi-cosi-pearl-xl-slide-pro-i-size-turvatool-61-150cm-authentic-black\/#primaryimage"},"thumbnailUrl":"https:\/\/beebipood.ee\/wp-content\/uploads\/2026\/03\/maxi-cosi-pearl-xl-slide-pro-turvatool-black.jpg","datePublished":"2026-03-01T05:09:44+00:00","dateModified":"2026-03-01T05:24:04+00:00","description":"Maxi-Cosi Titan Pro i-Size turvatool 9-36kg, Authentic Terra, T\u00e4iuslik turvatool sinu lapsele alates 76cm-st kuni 150cm-ni (15. elukuud kuni 12. e","breadcrumb":{"@id":"https:\/\/beebipood.ee\/ru\/produkt\/maxi-cosi-pearl-xl-slide-pro-i-size-turvatool-61-150cm-authentic-black\/#breadcrumb"},"inLanguage":"ru-RU","potentialAction":[{"@type":"ReadAction","target":["https:\/\/beebipood.ee\/ru\/produkt\/maxi-cosi-pearl-xl-slide-pro-i-size-turvatool-61-150cm-authentic-black\/"]}]},{"@type":"ImageObject","inLanguage":"ru-RU","@id":"https:\/\/beebipood.ee\/ru\/produkt\/maxi-cosi-pearl-xl-slide-pro-i-size-turvatool-61-150cm-authentic-black\/#primaryimage","url":"https:\/\/beebipood.ee\/wp-content\/uploads\/2026\/03\/maxi-cosi-pearl-xl-slide-pro-turvatool-black.jpg","contentUrl":"https:\/\/beebipood.ee\/wp-content\/uploads\/2026\/03\/maxi-cosi-pearl-xl-slide-pro-turvatool-black.jpg","width":1200,"height":1200},{"@type":"BreadcrumbList","@id":"https:\/\/beebipood.ee\/ru\/produkt\/maxi-cosi-pearl-xl-slide-pro-i-size-turvatool-61-150cm-authentic-black\/#breadcrumb","itemListElement":[{"@type":"ListItem","position":1,"name":"Home","item":"https:\/\/beebipood.ee\/ru\/"},{"@type":"ListItem","position":2,"name":"\u041a\u0430\u0442\u0430\u043b\u043e\u0433 \u0442\u043e\u0432\u0430\u0440\u043e\u0432","item":"https:\/\/beebipood.ee\/tooted\/"},{"@type":"ListItem","position":3,"name":"Maxi-Cosi Pearl XL Slide Pro i-Size turvatool 61\u2013150cm, Authentic Black"}]},{"@type":"WebSite","@id":"https:\/\/beebipood.ee\/ru\/#website","url":"https:\/\/beebipood.ee\/ru\/","name":"Beebipood","description":"Lastekaubad, beebikaubad, m\u00e4nguasjad","publisher":{"@id":"https:\/\/beebipood.ee\/ru\/#organization"},"potentialAction":[{"@type":"SearchAction","target":{"@type":"EntryPoint","urlTemplate":"https:\/\/beebipood.ee\/ru\/?s={search_term_string}"},"query-input":{"@type":"PropertyValueSpecification","valueRequired":true,"valueName":"search_term_string"}}],"inLanguage":"ru-RU"},{"@type":"Organization","@id":"https:\/\/beebipood.ee\/ru\/#organization","name":"Beebipood","url":"https:\/\/beebipood.ee\/ru\/","logo":{"@type":"ImageObject","inLanguage":"ru-RU","@id":"https:\/\/beebipood.ee\/ru\/#\/schema\/logo\/image\/","url":"https:\/\/beebipood.ee\/wp-content\/uploads\/2025\/03\/beebipood.ee-logo-1.svg","contentUrl":"https:\/\/beebipood.ee\/wp-content\/uploads\/2025\/03\/beebipood.ee-logo-1.svg","caption":"Beebipood"},"image":{"@id":"https:\/\/beebipood.ee\/ru\/#\/schema\/logo\/image\/"}}]}},"brands":[{"id":11961,"name":"Maxi-Cosi","slug":"maxi-cosi-ru"}],"_links":{"self":[{"href":"https:\/\/beebipood.ee\/ru\/wp-json\/wp\/v2\/product\/511935","targetHints":{"allow":["GET"]}}],"collection":[{"href":"https:\/\/beebipood.ee\/ru\/wp-json\/wp\/v2\/product"}],"about":[{"href":"https:\/\/beebipood.ee\/ru\/wp-json\/wp\/v2\/types\/product"}],"wp:featuredmedia":[{"embeddable":true,"href":"https:\/\/beebipood.ee\/ru\/wp-json\/wp\/v2\/media\/511937"}],"wp:attachment":[{"href":"https:\/\/beebipood.ee\/ru\/wp-json\/wp\/v2\/media?parent=511935"}],"wp:term":[{"taxonomy":"pwb-brand","embeddable":true,"href":"https:\/\/beebipood.ee\/ru\/wp-json\/wp\/v2\/pwb-brand?post=511935"},{"taxonomy":"product_brand","embeddable":true,"href":"https:\/\/beebipood.ee\/ru\/wp-json\/wp\/v2\/product_brand?post=511935"},{"taxonomy":"product_cat","embeddable":true,"href":"https:\/\/beebipood.ee\/ru\/wp-json\/wp\/v2\/product_cat?post=511935"},{"taxonomy":"product_tag","embeddable":true,"href":"https:\/\/beebipood.ee\/ru\/wp-json\/wp\/v2\/product_tag?post=511935"}],"curies":[{"name":"wp","href":"https:\/\/api.w.org\/{rel}","templated":true}]}}