{"id":512275,"date":"2026-03-04T13:22:24","date_gmt":"2026-03-04T11:22:24","guid":{"rendered":"https:\/\/beebipood.ee\/?post_type=product&#038;p=512275"},"modified":"2026-03-04T13:27:34","modified_gmt":"2026-03-04T11:27:34","slug":"muuvo-universaalne-transpordikott-jalutuskarule","status":"publish","type":"product","link":"https:\/\/beebipood.ee\/ru\/produkt\/muuvo-universaalne-transpordikott-jalutuskarule\/","title":{"rendered":"Muuvo universaalne transpordikott jalutusk\u00e4rule"},"content":{"rendered":"<p data-start=\"84\" data-end=\"150\"><strong data-start=\"84\" data-end=\"150\">Kerge, vastupidav ja praktiline lahendus k\u00e4ru transportimiseks<\/strong><\/p>\n<p data-start=\"152\" data-end=\"368\">Reisile minnes v\u00f5i k\u00e4ru autosse pakkides on mugav, kui see on turvaliselt ja kompaktselt pakitud. Muuvo universaalne transpordikott aitab hoida jalutusk\u00e4ru puhtana ja kaitstuna ning muudab selle transportimise lihtsamaks.<\/p>\n<p data-start=\"370\" data-end=\"464\">Kott on kerge, mugav kanda ja loodud spetsiaalselt Muuvo jalutusk\u00e4rude jaoks (raam + isteosa).<\/p>\n<hr data-start=\"466\" data-end=\"469\" \/>\n<h3 data-start=\"471\" data-end=\"506\">\ud83d\udc9b Miks valida Muuvo kandekott?<\/h3>\n<p data-start=\"508\" data-end=\"733\">\u2714 <strong data-start=\"510\" data-end=\"542\">Kerge ja lihtne transportida<\/strong><br data-start=\"542\" data-end=\"545\" \/>\u2714 <strong data-start=\"547\" data-end=\"588\">Vastupidav ja mustust h\u00fclgav materjal<\/strong><br data-start=\"588\" data-end=\"591\" \/>\u2714 <strong data-start=\"593\" data-end=\"638\">Kaitseb k\u00e4ru kriimustuste ja mustuse eest<\/strong><br data-start=\"638\" data-end=\"641\" \/>\u2714 <strong data-start=\"643\" data-end=\"681\">Ideaalne reisile v\u00f5i hoiustamiseks<\/strong><br data-start=\"681\" data-end=\"684\" \/>\u2714 <strong data-start=\"686\" data-end=\"733\">Universaalne sobivus mitmele Muuvo mudelile<\/strong><\/p>\n<hr data-start=\"735\" data-end=\"738\" \/>\n<h3 data-start=\"740\" data-end=\"754\">\ud83e\uddf3 Sobivus<\/h3>\n<p data-start=\"756\" data-end=\"818\">Kott sobib j\u00e4rgmistele Muuvo jalutusk\u00e4rudele (raam + isteosa):<\/p>\n<ul data-start=\"820\" data-end=\"877\">\n<li data-start=\"820\" data-end=\"835\">\n<p data-start=\"822\" data-end=\"835\">Muuvo Quick<\/p>\n<\/li>\n<li data-start=\"836\" data-end=\"849\">\n<p data-start=\"838\" data-end=\"849\">Muuvo One<\/p>\n<\/li>\n<li data-start=\"850\" data-end=\"862\">\n<p data-start=\"852\" data-end=\"862\">Muuvo Go<\/p>\n<\/li>\n<li data-start=\"863\" data-end=\"877\">\n<p data-start=\"865\" data-end=\"877\">Muuvo Five<\/p>\n<\/li>\n<\/ul>\n<p data-start=\"879\" data-end=\"931\">Universaalne disain tagab mugava ja kindla sobivuse.<\/p>\n<hr data-start=\"933\" data-end=\"936\" \/>\n<h3 data-start=\"938\" data-end=\"962\">\ud83d\udccf Tehnilised andmed<\/h3>\n<ul data-start=\"963\" data-end=\"1121\">\n<li data-start=\"963\" data-end=\"1012\">\n<p data-start=\"965\" data-end=\"1012\">Materjal: vastupidav ja mustust h\u00fclgav kangas<\/p>\n<\/li>\n<li data-start=\"1013\" data-end=\"1040\">\n<p data-start=\"1015\" data-end=\"1040\">M\u00f5\u00f5dud: 55 \u00d7 25 \u00d7 85 cm<\/p>\n<\/li>\n<li data-start=\"1041\" data-end=\"1055\">\n<p data-start=\"1043\" data-end=\"1055\">V\u00e4rv: must<\/p>\n<\/li>\n<li data-start=\"1056\" data-end=\"1121\">\n<p data-start=\"1058\" data-end=\"1121\">Otstarve: Muuvo jalutusk\u00e4ru (raam + isteosa) transportimiseks<\/p>\n<\/li>\n<\/ul>\n<hr data-start=\"1123\" data-end=\"1126\" \/>\n<p data-start=\"1128\" data-end=\"1228\">Praktiline lisatarvik, mis aitab hoida sinu k\u00e4ru heas korras ja teeb igast reisist veidi lihtsama.<\/p>\n","protected":false},"excerpt":{"rendered":"<p>Kerge, vastupidav ja praktiline lahendus k\u00e4ru transportimiseks Reisile minnes v\u00f5i k\u00e4ru autosse pakkides on mugav, kui see on turvaliselt ja kompaktselt pakitud. Muuvo universaalne transpordikott aitab hoida jalutusk\u00e4ru puhtana ja kaitstuna ning muudab selle transportimise lihtsamaks. Kott on kerge, mugav kanda ja loodud spetsiaalselt Muuvo jalutusk\u00e4rude jaoks (raam + isteosa). \ud83d\udc9b Miks valida Muuvo kandekott? [&hellip;]<\/p>\n","protected":false},"featured_media":512277,"template":"","meta":{"_acf_changed":false},"pwb-brand":[11964],"product_brand":[],"product_cat":[12004,11923,11831,11925,11889,11891,11893,11725,11717],"product_tag":[],"class_list":{"0":"post-512275","1":"product","2":"type-product","3":"status-publish","4":"has-post-thumbnail","6":"pwb-brand-muuvo-ru","7":"product_cat-muuvo-go","8":"product_cat-muuvo-quick-se-ru","9":"product_cat-muuvo-one","10":"product_cat-muuvo-quick-boho-ru","11":"product_cat-muuvo-ru","12":"product_cat-muuvo-slick-2-0-ru","13":"product_cat-muuvo-trick-ru","14":"product_cat-lisatarvikud-ru","15":"product_cat-lastevankrid-ja-karud-ru","16":"pa_manufacturer-muuvo-ru","18":"first","19":"instock","20":"taxable","21":"shipping-taxable","22":"purchasable","23":"product-type-simple"},"exclude_global_add_ons":[],"addons":[],"acf":[],"yoast_head":"<!-- This site is optimized with the Yoast SEO plugin v27.3 - https:\/\/yoast.com\/product\/yoast-seo-wordpress\/ -->\n<title>Muuvo Slick transpordikott, \u041a\u043e\u043b\u044f\u0441\u043a\u0438, \u041f\u0440\u0438\u043d\u0430\u0434\u043b\u0435\u0436\u043d\u043e\u0441\u0442\u0438, Muuvo, Muuvo Slick 2.0, Muuvo Slick, Beebipood<\/title>\n<meta name=\"description\" content=\"Muuvo Slick transpordikott, Valmistatud vastupidavast nailonistKandesangad ja \u00f5larihmSobib:\u00a0Muuvo Slick jalutusk\u00e4rudeleM&amp;o\" \/>\n<meta name=\"robots\" content=\"index, follow, max-snippet:-1, max-image-preview:large, max-video-preview:-1\" \/>\n<link rel=\"canonical\" href=\"https:\/\/beebipood.ee\/ru\/produkt\/muuvo-universaalne-transpordikott-jalutuskarule\/\" \/>\n<meta property=\"og:locale\" content=\"ru_RU\" \/>\n<meta property=\"og:type\" content=\"article\" \/>\n<meta property=\"og:title\" content=\"Muuvo Slick transpordikott, \u041a\u043e\u043b\u044f\u0441\u043a\u0438, \u041f\u0440\u0438\u043d\u0430\u0434\u043b\u0435\u0436\u043d\u043e\u0441\u0442\u0438, Muuvo, Muuvo Slick 2.0, Muuvo Slick, Beebipood\" \/>\n<meta property=\"og:description\" content=\"Muuvo Slick transpordikott, Valmistatud vastupidavast nailonistKandesangad ja \u00f5larihmSobib:\u00a0Muuvo Slick jalutusk\u00e4rudeleM&amp;o\" \/>\n<meta property=\"og:url\" content=\"https:\/\/beebipood.ee\/ru\/produkt\/muuvo-universaalne-transpordikott-jalutuskarule\/\" \/>\n<meta property=\"og:site_name\" content=\"Beebipood\" \/>\n<meta property=\"article:modified_time\" content=\"2026-03-04T11:27:34+00:00\" \/>\n<meta property=\"og:image\" content=\"https:\/\/beebipood.ee\/wp-content\/uploads\/2026\/03\/muuvo-transpordikott-3.jpg\" \/>\n\t<meta property=\"og:image:width\" content=\"850\" \/>\n\t<meta property=\"og:image:height\" content=\"850\" \/>\n\t<meta property=\"og:image:type\" content=\"image\/jpeg\" \/>\n<meta name=\"twitter:card\" content=\"summary_large_image\" \/>\n<meta name=\"twitter:label1\" content=\"\u041f\u0440\u0438\u043c\u0435\u0440\u043d\u043e\u0435 \u0432\u0440\u0435\u043c\u044f \u0434\u043b\u044f \u0447\u0442\u0435\u043d\u0438\u044f\" \/>\n\t<meta name=\"twitter:data1\" content=\"1 \u043c\u0438\u043d\u0443\u0442\u0430\" \/>\n<script type=\"application\/ld+json\" class=\"yoast-schema-graph\">{\"@context\":\"https:\\\/\\\/schema.org\",\"@graph\":[{\"@type\":\"WebPage\",\"@id\":\"https:\\\/\\\/beebipood.ee\\\/ru\\\/produkt\\\/muuvo-universaalne-transpordikott-jalutuskarule\\\/\",\"url\":\"https:\\\/\\\/beebipood.ee\\\/ru\\\/produkt\\\/muuvo-universaalne-transpordikott-jalutuskarule\\\/\",\"name\":\"Muuvo Slick transpordikott, \u041a\u043e\u043b\u044f\u0441\u043a\u0438, \u041f\u0440\u0438\u043d\u0430\u0434\u043b\u0435\u0436\u043d\u043e\u0441\u0442\u0438, Muuvo, Muuvo Slick 2.0, Muuvo Slick, Beebipood\",\"isPartOf\":{\"@id\":\"https:\\\/\\\/beebipood.ee\\\/ru\\\/#website\"},\"primaryImageOfPage\":{\"@id\":\"https:\\\/\\\/beebipood.ee\\\/ru\\\/produkt\\\/muuvo-universaalne-transpordikott-jalutuskarule\\\/#primaryimage\"},\"image\":{\"@id\":\"https:\\\/\\\/beebipood.ee\\\/ru\\\/produkt\\\/muuvo-universaalne-transpordikott-jalutuskarule\\\/#primaryimage\"},\"thumbnailUrl\":\"https:\\\/\\\/beebipood.ee\\\/wp-content\\\/uploads\\\/2026\\\/03\\\/muuvo-transpordikott-3.jpg\",\"datePublished\":\"2026-03-04T11:22:24+00:00\",\"dateModified\":\"2026-03-04T11:27:34+00:00\",\"description\":\"Muuvo Slick transpordikott, Valmistatud vastupidavast nailonistKandesangad ja \u00f5larihmSobib:\u00a0Muuvo Slick jalutusk\u00e4rudeleM&o\",\"breadcrumb\":{\"@id\":\"https:\\\/\\\/beebipood.ee\\\/ru\\\/produkt\\\/muuvo-universaalne-transpordikott-jalutuskarule\\\/#breadcrumb\"},\"inLanguage\":\"ru-RU\",\"potentialAction\":[{\"@type\":\"ReadAction\",\"target\":[\"https:\\\/\\\/beebipood.ee\\\/ru\\\/produkt\\\/muuvo-universaalne-transpordikott-jalutuskarule\\\/\"]}]},{\"@type\":\"ImageObject\",\"inLanguage\":\"ru-RU\",\"@id\":\"https:\\\/\\\/beebipood.ee\\\/ru\\\/produkt\\\/muuvo-universaalne-transpordikott-jalutuskarule\\\/#primaryimage\",\"url\":\"https:\\\/\\\/beebipood.ee\\\/wp-content\\\/uploads\\\/2026\\\/03\\\/muuvo-transpordikott-3.jpg\",\"contentUrl\":\"https:\\\/\\\/beebipood.ee\\\/wp-content\\\/uploads\\\/2026\\\/03\\\/muuvo-transpordikott-3.jpg\",\"width\":850,\"height\":850},{\"@type\":\"BreadcrumbList\",\"@id\":\"https:\\\/\\\/beebipood.ee\\\/ru\\\/produkt\\\/muuvo-universaalne-transpordikott-jalutuskarule\\\/#breadcrumb\",\"itemListElement\":[{\"@type\":\"ListItem\",\"position\":1,\"name\":\"Home\",\"item\":\"https:\\\/\\\/beebipood.ee\\\/ru\\\/\"},{\"@type\":\"ListItem\",\"position\":2,\"name\":\"\u041a\u0430\u0442\u0430\u043b\u043e\u0433 \u0442\u043e\u0432\u0430\u0440\u043e\u0432\",\"item\":\"https:\\\/\\\/beebipood.ee\\\/tooted\\\/\"},{\"@type\":\"ListItem\",\"position\":3,\"name\":\"Muuvo universaalne transpordikott jalutusk\u00e4rule\"}]},{\"@type\":\"WebSite\",\"@id\":\"https:\\\/\\\/beebipood.ee\\\/ru\\\/#website\",\"url\":\"https:\\\/\\\/beebipood.ee\\\/ru\\\/\",\"name\":\"Beebipood\",\"description\":\"Lastekaubad, beebikaubad, m\u00e4nguasjad\",\"publisher\":{\"@id\":\"https:\\\/\\\/beebipood.ee\\\/ru\\\/#organization\"},\"potentialAction\":[{\"@type\":\"SearchAction\",\"target\":{\"@type\":\"EntryPoint\",\"urlTemplate\":\"https:\\\/\\\/beebipood.ee\\\/ru\\\/?s={search_term_string}\"},\"query-input\":{\"@type\":\"PropertyValueSpecification\",\"valueRequired\":true,\"valueName\":\"search_term_string\"}}],\"inLanguage\":\"ru-RU\"},{\"@type\":\"Organization\",\"@id\":\"https:\\\/\\\/beebipood.ee\\\/ru\\\/#organization\",\"name\":\"Beebipood\",\"url\":\"https:\\\/\\\/beebipood.ee\\\/ru\\\/\",\"logo\":{\"@type\":\"ImageObject\",\"inLanguage\":\"ru-RU\",\"@id\":\"https:\\\/\\\/beebipood.ee\\\/ru\\\/#\\\/schema\\\/logo\\\/image\\\/\",\"url\":\"https:\\\/\\\/beebipood.ee\\\/wp-content\\\/uploads\\\/2025\\\/03\\\/beebipood.ee-logo-1.svg\",\"contentUrl\":\"https:\\\/\\\/beebipood.ee\\\/wp-content\\\/uploads\\\/2025\\\/03\\\/beebipood.ee-logo-1.svg\",\"caption\":\"Beebipood\"},\"image\":{\"@id\":\"https:\\\/\\\/beebipood.ee\\\/ru\\\/#\\\/schema\\\/logo\\\/image\\\/\"}}]}<\/script>\n<!-- \/ Yoast SEO plugin. -->","yoast_head_json":{"title":"Muuvo Slick transpordikott, \u041a\u043e\u043b\u044f\u0441\u043a\u0438, \u041f\u0440\u0438\u043d\u0430\u0434\u043b\u0435\u0436\u043d\u043e\u0441\u0442\u0438, Muuvo, Muuvo Slick 2.0, Muuvo Slick, Beebipood","description":"Muuvo Slick transpordikott, Valmistatud vastupidavast nailonistKandesangad ja \u00f5larihmSobib:\u00a0Muuvo Slick jalutusk\u00e4rudeleM&o","robots":{"index":"index","follow":"follow","max-snippet":"max-snippet:-1","max-image-preview":"max-image-preview:large","max-video-preview":"max-video-preview:-1"},"canonical":"https:\/\/beebipood.ee\/ru\/produkt\/muuvo-universaalne-transpordikott-jalutuskarule\/","og_locale":"ru_RU","og_type":"article","og_title":"Muuvo Slick transpordikott, \u041a\u043e\u043b\u044f\u0441\u043a\u0438, \u041f\u0440\u0438\u043d\u0430\u0434\u043b\u0435\u0436\u043d\u043e\u0441\u0442\u0438, Muuvo, Muuvo Slick 2.0, Muuvo Slick, Beebipood","og_description":"Muuvo Slick transpordikott, Valmistatud vastupidavast nailonistKandesangad ja \u00f5larihmSobib:\u00a0Muuvo Slick jalutusk\u00e4rudeleM&o","og_url":"https:\/\/beebipood.ee\/ru\/produkt\/muuvo-universaalne-transpordikott-jalutuskarule\/","og_site_name":"Beebipood","article_modified_time":"2026-03-04T11:27:34+00:00","og_image":[{"width":850,"height":850,"url":"https:\/\/beebipood.ee\/wp-content\/uploads\/2026\/03\/muuvo-transpordikott-3.jpg","type":"image\/jpeg"}],"twitter_card":"summary_large_image","twitter_misc":{"\u041f\u0440\u0438\u043c\u0435\u0440\u043d\u043e\u0435 \u0432\u0440\u0435\u043c\u044f \u0434\u043b\u044f \u0447\u0442\u0435\u043d\u0438\u044f":"1 \u043c\u0438\u043d\u0443\u0442\u0430"},"schema":{"@context":"https:\/\/schema.org","@graph":[{"@type":"WebPage","@id":"https:\/\/beebipood.ee\/ru\/produkt\/muuvo-universaalne-transpordikott-jalutuskarule\/","url":"https:\/\/beebipood.ee\/ru\/produkt\/muuvo-universaalne-transpordikott-jalutuskarule\/","name":"Muuvo Slick transpordikott, \u041a\u043e\u043b\u044f\u0441\u043a\u0438, \u041f\u0440\u0438\u043d\u0430\u0434\u043b\u0435\u0436\u043d\u043e\u0441\u0442\u0438, Muuvo, Muuvo Slick 2.0, Muuvo Slick, Beebipood","isPartOf":{"@id":"https:\/\/beebipood.ee\/ru\/#website"},"primaryImageOfPage":{"@id":"https:\/\/beebipood.ee\/ru\/produkt\/muuvo-universaalne-transpordikott-jalutuskarule\/#primaryimage"},"image":{"@id":"https:\/\/beebipood.ee\/ru\/produkt\/muuvo-universaalne-transpordikott-jalutuskarule\/#primaryimage"},"thumbnailUrl":"https:\/\/beebipood.ee\/wp-content\/uploads\/2026\/03\/muuvo-transpordikott-3.jpg","datePublished":"2026-03-04T11:22:24+00:00","dateModified":"2026-03-04T11:27:34+00:00","description":"Muuvo Slick transpordikott, Valmistatud vastupidavast nailonistKandesangad ja \u00f5larihmSobib:\u00a0Muuvo Slick jalutusk\u00e4rudeleM&o","breadcrumb":{"@id":"https:\/\/beebipood.ee\/ru\/produkt\/muuvo-universaalne-transpordikott-jalutuskarule\/#breadcrumb"},"inLanguage":"ru-RU","potentialAction":[{"@type":"ReadAction","target":["https:\/\/beebipood.ee\/ru\/produkt\/muuvo-universaalne-transpordikott-jalutuskarule\/"]}]},{"@type":"ImageObject","inLanguage":"ru-RU","@id":"https:\/\/beebipood.ee\/ru\/produkt\/muuvo-universaalne-transpordikott-jalutuskarule\/#primaryimage","url":"https:\/\/beebipood.ee\/wp-content\/uploads\/2026\/03\/muuvo-transpordikott-3.jpg","contentUrl":"https:\/\/beebipood.ee\/wp-content\/uploads\/2026\/03\/muuvo-transpordikott-3.jpg","width":850,"height":850},{"@type":"BreadcrumbList","@id":"https:\/\/beebipood.ee\/ru\/produkt\/muuvo-universaalne-transpordikott-jalutuskarule\/#breadcrumb","itemListElement":[{"@type":"ListItem","position":1,"name":"Home","item":"https:\/\/beebipood.ee\/ru\/"},{"@type":"ListItem","position":2,"name":"\u041a\u0430\u0442\u0430\u043b\u043e\u0433 \u0442\u043e\u0432\u0430\u0440\u043e\u0432","item":"https:\/\/beebipood.ee\/tooted\/"},{"@type":"ListItem","position":3,"name":"Muuvo universaalne transpordikott jalutusk\u00e4rule"}]},{"@type":"WebSite","@id":"https:\/\/beebipood.ee\/ru\/#website","url":"https:\/\/beebipood.ee\/ru\/","name":"Beebipood","description":"Lastekaubad, beebikaubad, m\u00e4nguasjad","publisher":{"@id":"https:\/\/beebipood.ee\/ru\/#organization"},"potentialAction":[{"@type":"SearchAction","target":{"@type":"EntryPoint","urlTemplate":"https:\/\/beebipood.ee\/ru\/?s={search_term_string}"},"query-input":{"@type":"PropertyValueSpecification","valueRequired":true,"valueName":"search_term_string"}}],"inLanguage":"ru-RU"},{"@type":"Organization","@id":"https:\/\/beebipood.ee\/ru\/#organization","name":"Beebipood","url":"https:\/\/beebipood.ee\/ru\/","logo":{"@type":"ImageObject","inLanguage":"ru-RU","@id":"https:\/\/beebipood.ee\/ru\/#\/schema\/logo\/image\/","url":"https:\/\/beebipood.ee\/wp-content\/uploads\/2025\/03\/beebipood.ee-logo-1.svg","contentUrl":"https:\/\/beebipood.ee\/wp-content\/uploads\/2025\/03\/beebipood.ee-logo-1.svg","caption":"Beebipood"},"image":{"@id":"https:\/\/beebipood.ee\/ru\/#\/schema\/logo\/image\/"}}]}},"brands":[{"id":11964,"name":"Muuvo","slug":"muuvo-ru"}],"_links":{"self":[{"href":"https:\/\/beebipood.ee\/ru\/wp-json\/wp\/v2\/product\/512275","targetHints":{"allow":["GET"]}}],"collection":[{"href":"https:\/\/beebipood.ee\/ru\/wp-json\/wp\/v2\/product"}],"about":[{"href":"https:\/\/beebipood.ee\/ru\/wp-json\/wp\/v2\/types\/product"}],"wp:featuredmedia":[{"embeddable":true,"href":"https:\/\/beebipood.ee\/ru\/wp-json\/wp\/v2\/media\/512277"}],"wp:attachment":[{"href":"https:\/\/beebipood.ee\/ru\/wp-json\/wp\/v2\/media?parent=512275"}],"wp:term":[{"taxonomy":"pwb-brand","embeddable":true,"href":"https:\/\/beebipood.ee\/ru\/wp-json\/wp\/v2\/pwb-brand?post=512275"},{"taxonomy":"product_brand","embeddable":true,"href":"https:\/\/beebipood.ee\/ru\/wp-json\/wp\/v2\/product_brand?post=512275"},{"taxonomy":"product_cat","embeddable":true,"href":"https:\/\/beebipood.ee\/ru\/wp-json\/wp\/v2\/product_cat?post=512275"},{"taxonomy":"product_tag","embeddable":true,"href":"https:\/\/beebipood.ee\/ru\/wp-json\/wp\/v2\/product_tag?post=512275"}],"curies":[{"name":"wp","href":"https:\/\/api.w.org\/{rel}","templated":true}]}}