{"id":512306,"date":"2026-03-06T11:50:42","date_gmt":"2026-03-06T09:50:42","guid":{"rendered":"https:\/\/beebipood.ee\/?post_type=product&#038;p=512306"},"modified":"2026-03-06T11:58:28","modified_gmt":"2026-03-06T09:58:28","slug":"thule-chariot-cross-2-double-jalgrattakaru-faded-khaki","status":"publish","type":"product","link":"https:\/\/beebipood.ee\/ru\/produkt\/thule-chariot-cross-2-double-jalgrattakaru-faded-khaki\/","title":{"rendered":"Thule Chariot Cross 2 Double jalgrattak\u00e4ru, Faded Khaki"},"content":{"rendered":"<p data-start=\"68\" data-end=\"135\"><strong data-start=\"68\" data-end=\"135\">Lihtne kasutada, mugav lapsele ja loodud aktiivsetele peredele.<\/strong><\/p>\n<p data-start=\"137\" data-end=\"431\">Thule Chariot Cross 2 on mitmek\u00fclgne <strong data-start=\"174\" data-end=\"208\">jalgrattahaagis ja jalutusk\u00e4ru<\/strong>, mis sobib ideaalselt nii igap\u00e4evasteks liikumisteks linnas kui ka n\u00e4dalavahetuse seiklusteks looduses. T\u00e4nu nutikale disainile saab selle kiiresti muuta jalgrattahaagisest jalutusk\u00e4ruks \u2013 vaid m\u00f5ne sekundiga ja \u00fche k\u00e4ega.<\/p>\n<p data-start=\"433\" data-end=\"603\">See vastupidav ja turvaline haagis on loodud kasutamiseks <strong data-start=\"491\" data-end=\"515\">k\u00f5ikides tingimustes<\/strong>, pakkudes samal ajal lapsele maksimaalset mugavust ja vanemale lihtsat kasutuskogemust.<\/p>\n<hr data-start=\"605\" data-end=\"608\" \/>\n<h2 data-section-id=\"1rbcxkc\" data-start=\"610\" data-end=\"644\">\ud83d\udeb4\u200d\u2640\ufe0f \u00dcks k\u00e4ru \u2013 mitu v\u00f5imalust<\/h2>\n<p data-start=\"645\" data-end=\"716\">Thule Chariot Cross 2 on t\u00f5eline <strong data-start=\"678\" data-end=\"715\">4-in-1 lahendus aktiivsele perele<\/strong>.<\/p>\n<p data-start=\"718\" data-end=\"743\">V\u00f5imalikud kasutusviisid:<\/p>\n<ul data-start=\"744\" data-end=\"852\">\n<li data-section-id=\"1p69kxb\" data-start=\"744\" data-end=\"763\">\n<p data-start=\"746\" data-end=\"763\">jalgrattahaagis<\/p>\n<\/li>\n<li data-section-id=\"2oqsxs\" data-start=\"764\" data-end=\"779\">\n<p data-start=\"766\" data-end=\"779\">jalutusk\u00e4ru<\/p>\n<\/li>\n<li data-section-id=\"yl52vu\" data-start=\"780\" data-end=\"823\">\n<p data-start=\"782\" data-end=\"823\">jooksu- v\u00f5i maastikuk\u00e4ru (lisavarustus)<\/p>\n<\/li>\n<li data-section-id=\"6axj6j\" data-start=\"824\" data-end=\"852\">\n<p data-start=\"826\" data-end=\"852\">suusahaagis (lisavarustus)<\/p>\n<\/li>\n<\/ul>\n<p data-start=\"854\" data-end=\"1023\">\u00dcmberl\u00fclitamine jalutamise ja rattas\u00f5idu vahel on kiire t\u00e4nu <strong data-start=\"915\" data-end=\"938\">FlipWing s\u00fcsteemile<\/strong>, mis v\u00f5imaldab rattaid liigutada ka siis, kui haagis on juba ratta k\u00fclge kinnitatud.<\/p>\n<hr data-start=\"1025\" data-end=\"1028\" \/>\n<h2 data-section-id=\"1h71ead\" data-start=\"1030\" data-end=\"1063\">\ud83d\udc76 Maksimaalne mugavus lapsele<\/h2>\n<p data-start=\"1064\" data-end=\"1135\">K\u00e4ru on loodud nii, et laps tunneks end mugavalt ka pikematel s\u00f5itudel.<\/p>\n<ul data-start=\"1137\" data-end=\"1419\">\n<li data-section-id=\"vv4fu9\" data-start=\"1137\" data-end=\"1185\">\n<p data-start=\"1139\" data-end=\"1185\">Pehmed ja ergonoomilised polsterdatud istmed<\/p>\n<\/li>\n<li data-section-id=\"19fiyee\" data-start=\"1186\" data-end=\"1245\">\n<p data-start=\"1188\" data-end=\"1245\">\u00dche k\u00e4ega reguleeritav lamamisasend \u2013 ideaalne uinakuks<\/p>\n<\/li>\n<li data-section-id=\"18bjqto\" data-start=\"1246\" data-end=\"1327\">\n<p data-start=\"1248\" data-end=\"1266\">Modulaarne iste:<\/p>\n<ul data-start=\"1269\" data-end=\"1327\">\n<li data-section-id=\"1m4ceec\" data-start=\"1269\" data-end=\"1294\">\n<p data-start=\"1271\" data-end=\"1294\">\u00fcks laps istub keskel<\/p>\n<\/li>\n<li data-section-id=\"ftkt3r\" data-start=\"1297\" data-end=\"1327\">\n<p data-start=\"1299\" data-end=\"1327\">v\u00f5i kaks last m\u00f5lemal pool<\/p>\n<\/li>\n<\/ul>\n<\/li>\n<li data-section-id=\"5g8704\" data-start=\"1328\" data-end=\"1373\">\n<p data-start=\"1330\" data-end=\"1373\">Reguleeritav vedrustus sujuvamaks s\u00f5iduks<\/p>\n<\/li>\n<li data-section-id=\"1jflopa\" data-start=\"1374\" data-end=\"1419\">\n<p data-start=\"1376\" data-end=\"1419\">Suurep\u00e4rane ventilatsioon ja kliimakontroll<\/p>\n<\/li>\n<\/ul>\n<p data-start=\"1421\" data-end=\"1520\">Komplekti kuuluvad <strong data-start=\"1440\" data-end=\"1469\">p\u00e4ikesekatus ja vihmakate<\/strong>, mis kaitsevad last nii p\u00e4ikese kui ka vihma eest.<\/p>\n<hr data-start=\"1522\" data-end=\"1525\" \/>\n<h2 data-section-id=\"1ju449o\" data-start=\"1527\" data-end=\"1557\">\ud83d\udd12 Turvaline igas olukorras<\/h2>\n<p data-start=\"1558\" data-end=\"1610\">Turvalisus on Thule Chariot Cross 2 disaini keskmes.<\/p>\n<ul data-start=\"1612\" data-end=\"1821\">\n<li data-section-id=\"uc4j82\" data-start=\"1612\" data-end=\"1636\">\n<p data-start=\"1614\" data-end=\"1636\">5-punkti turvarihmad<\/p>\n<\/li>\n<li data-section-id=\"1oj6sb2\" data-start=\"1637\" data-end=\"1673\">\n<p data-start=\"1639\" data-end=\"1673\">helkurribad k\u00fclgedel ja ratastel<\/p>\n<\/li>\n<li data-section-id=\"1it9mdr\" data-start=\"1674\" data-end=\"1739\">\n<p data-start=\"1676\" data-end=\"1739\">eemaldatav **Thule Delight jalgrattatuli paremaks n\u00e4htavuseks<\/p>\n<\/li>\n<li data-section-id=\"tnk3te\" data-start=\"1740\" data-end=\"1779\">\n<p data-start=\"1742\" data-end=\"1779\">turvaline \u00fche kl\u00f5psuga haakes\u00fcsteem<\/p>\n<\/li>\n<li data-section-id=\"txim6z\" data-start=\"1780\" data-end=\"1821\">\n<p data-start=\"1782\" data-end=\"1821\">kokkup\u00f5rketestid tootja testirajatistes<\/p>\n<\/li>\n<\/ul>\n<hr data-start=\"1823\" data-end=\"1826\" \/>\n<h2 data-section-id=\"1el86ws\" data-start=\"1828\" data-end=\"1863\">\ud83e\uddf3 Nutikad lahendused igap\u00e4evaks<\/h2>\n<ul data-start=\"1864\" data-end=\"2111\">\n<li data-section-id=\"1iql4me\" data-start=\"1864\" data-end=\"1930\">\n<p data-start=\"1866\" data-end=\"1930\"><strong data-start=\"1866\" data-end=\"1891\">XL suuruses kaubakorv<\/strong> lukuga \u2013 piisavalt ruumi tarvikutele<\/p>\n<\/li>\n<li data-section-id=\"1i27cj7\" data-start=\"1931\" data-end=\"2019\">\n<p data-start=\"1933\" data-end=\"2019\"><strong data-start=\"1933\" data-end=\"1959\">Click n\u2019 Store s\u00fcsteem<\/strong> \u2013 jalutus-, rattas\u00f5idu- ja muude lisade mugav hoiustamine<\/p>\n<\/li>\n<li data-section-id=\"12p1wuv\" data-start=\"2020\" data-end=\"2070\">\n<p data-start=\"2022\" data-end=\"2070\">Kompaktne kokkupanek lihtsaks transportimiseks<\/p>\n<\/li>\n<li data-section-id=\"1piwkrx\" data-start=\"2071\" data-end=\"2111\">\n<p data-start=\"2073\" data-end=\"2111\">Eemaldatavad ja pestavad istmekatted<\/p>\n<\/li>\n<\/ul>\n<hr data-start=\"2113\" data-end=\"2116\" \/>\n<h2 data-section-id=\"kh5p9\" data-start=\"2118\" data-end=\"2161\">\ud83c\udf31 Vastupidav ja keskkonnateadlik disain<\/h2>\n<p data-start=\"2162\" data-end=\"2359\">K\u00e4ru valmistamisel on kasutatud <strong data-start=\"2194\" data-end=\"2217\">PFAS-vabu materjale<\/strong>, mis on vastupidavad nii kulumisele kui ka p\u00e4ikesekiirgusele. Paljud detailid on parandatavad v\u00f5i vahetatavad, et pikendada toote kasutusiga.<\/p>\n<hr data-start=\"2361\" data-end=\"2364\" \/>\n<h2 data-section-id=\"1koa8kc\" data-start=\"2366\" data-end=\"2389\">\ud83d\udcca Tehnilised andmed<\/h2>\n<ul data-start=\"2391\" data-end=\"2644\">\n<li data-section-id=\"u984gk\" data-start=\"2391\" data-end=\"2419\">\n<p data-start=\"2393\" data-end=\"2419\">Sobib kuni <strong data-start=\"2404\" data-end=\"2417\">2 lapsele<\/strong><\/p>\n<\/li>\n<li data-section-id=\"193k6gw\" data-start=\"2420\" data-end=\"2461\">\n<p data-start=\"2422\" data-end=\"2461\">Maksimaalne lapse kaal: <strong data-start=\"2446\" data-end=\"2459\">2 \u00d7 22 kg<\/strong><\/p>\n<\/li>\n<li data-section-id=\"4c8z3c\" data-start=\"2462\" data-end=\"2499\">\n<p data-start=\"2464\" data-end=\"2499\">Maksimaalne kandev\u00f5ime: <strong data-start=\"2488\" data-end=\"2497\">42 kg<\/strong><\/p>\n<\/li>\n<li data-section-id=\"167yrb7\" data-start=\"2500\" data-end=\"2521\">\n<p data-start=\"2502\" data-end=\"2521\">Kaal: <strong data-start=\"2508\" data-end=\"2519\">16,1 kg<\/strong><\/p>\n<\/li>\n<li data-section-id=\"1qui9f1\" data-start=\"2522\" data-end=\"2559\">\n<p data-start=\"2524\" data-end=\"2559\">Turvarihmad: <strong data-start=\"2537\" data-end=\"2557\">5-punkti s\u00fcsteem<\/strong><\/p>\n<\/li>\n<li data-section-id=\"1tldva1\" data-start=\"2560\" data-end=\"2591\">\n<p data-start=\"2562\" data-end=\"2591\">Istme \u00f5lalaius: <strong data-start=\"2578\" data-end=\"2589\">55,5 cm<\/strong><\/p>\n<\/li>\n<li data-section-id=\"16sbkzj\" data-start=\"2592\" data-end=\"2620\">\n<p data-start=\"2594\" data-end=\"2620\">Istumisk\u00f5rgus: <strong data-start=\"2609\" data-end=\"2618\">64 cm<\/strong><\/p>\n<\/li>\n<li data-section-id=\"sddmbi\" data-start=\"2621\" data-end=\"2644\">\n<p data-start=\"2623\" data-end=\"2644\">K\u00e4ru laius: <strong data-start=\"2635\" data-end=\"2644\">80 cm<\/strong><\/p>\n<\/li>\n<\/ul>\n<p data-start=\"2646\" data-end=\"2694\"><strong data-start=\"2646\" data-end=\"2670\">M\u00f5\u00f5dud kokkupandult:<\/strong><br data-start=\"2670\" data-end=\"2673\" \/>86,3 \u00d7 77,3 \u00d7 37,5 cm<\/p>\n<hr data-start=\"2696\" data-end=\"2699\" \/>\n<p data-start=\"2701\" data-end=\"2848\">\ud83d\udc9b <strong data-start=\"2704\" data-end=\"2729\">Thule Chariot Cross 2<\/strong> on ideaalne valik vanematele, kes armastavad liikuda \u2013 olgu selleks rattas\u00f5it, jalutamine v\u00f5i sportimine koos lastega.<\/p>\n","protected":false},"excerpt":{"rendered":"<p>Lihtne kasutada, mugav lapsele ja loodud aktiivsetele peredele. Thule Chariot Cross 2 on mitmek\u00fclgne jalgrattahaagis ja jalutusk\u00e4ru, mis sobib ideaalselt nii igap\u00e4evasteks liikumisteks linnas kui ka n\u00e4dalavahetuse seiklusteks looduses. T\u00e4nu nutikale disainile saab selle kiiresti muuta jalgrattahaagisest jalutusk\u00e4ruks \u2013 vaid m\u00f5ne sekundiga ja \u00fche k\u00e4ega. See vastupidav ja turvaline haagis on loodud kasutamiseks k\u00f5ikides tingimustes, [&hellip;]<\/p>\n","protected":false},"featured_media":512308,"template":"","meta":{"_acf_changed":false},"pwb-brand":[11980],"product_brand":[],"product_cat":[11573,11841,11723,11717],"product_tag":[],"class_list":{"0":"post-512306","1":"product","2":"type-product","3":"status-publish","4":"has-post-thumbnail","6":"pwb-brand-thule-ru","7":"product_cat-sooduspakkumised-ru","8":"product_cat-jalgrattahaagised-ru","9":"product_cat-kaksikutele-ru","10":"product_cat-lastevankrid-ja-karud-ru","11":"pa_manufacturer-thule-ru","13":"first","14":"onbackorder","15":"sale","16":"taxable","17":"shipping-taxable","18":"purchasable","19":"product-type-simple"},"exclude_global_add_ons":[],"addons":[],"acf":[],"yoast_head":"<!-- This site is optimized with the Yoast SEO plugin v27.1.1 - https:\/\/yoast.com\/product\/yoast-seo-wordpress\/ -->\n<title>Thule Chariot Cross Double jalgrattak\u00e4ru, Majolica Blue, \u0421\u041a\u0418\u0414\u041a\u0418, \u041d\u041e\u0412\u042b\u0415 \u0422\u041e\u0412\u0410\u0420\u042b, \u041a\u043e\u043b\u044f\u0441\u043a\u0438, \u0414\u043b\u044f \u0434\u0432\u043e\u0439\u043d\u044f\u0448\u0435\u043a, \u041f\u0440\u0438\u0446\u0435\u043f\u044b \u0434\u043b\u044f \u0432\u0435\u043b\u043e\u0441\u0438\u043f\u0435\u0434\u0430, Beebipood<\/title>\n<meta name=\"description\" content=\"Thule Chariot Cross Double jalgrattak\u00e4ru, Majolica Blue, Thule Chariot Cross DoubleK\u00e4ru, mida saab nii jooksmiseks kui ka jalutamiseks kasutada a\" \/>\n<meta name=\"robots\" content=\"index, follow, max-snippet:-1, max-image-preview:large, max-video-preview:-1\" \/>\n<link rel=\"canonical\" href=\"https:\/\/beebipood.ee\/ru\/produkt\/thule-chariot-cross-2-double-jalgrattakaru-faded-khaki\/\" \/>\n<meta property=\"og:locale\" content=\"ru_RU\" \/>\n<meta property=\"og:type\" content=\"article\" \/>\n<meta property=\"og:title\" content=\"Thule Chariot Cross Double jalgrattak\u00e4ru, Majolica Blue, \u0421\u041a\u0418\u0414\u041a\u0418, \u041d\u041e\u0412\u042b\u0415 \u0422\u041e\u0412\u0410\u0420\u042b, \u041a\u043e\u043b\u044f\u0441\u043a\u0438, \u0414\u043b\u044f \u0434\u0432\u043e\u0439\u043d\u044f\u0448\u0435\u043a, \u041f\u0440\u0438\u0446\u0435\u043f\u044b \u0434\u043b\u044f \u0432\u0435\u043b\u043e\u0441\u0438\u043f\u0435\u0434\u0430, Beebipood\" \/>\n<meta property=\"og:description\" content=\"Thule Chariot Cross Double jalgrattak\u00e4ru, Majolica Blue, Thule Chariot Cross DoubleK\u00e4ru, mida saab nii jooksmiseks kui ka jalutamiseks kasutada a\" \/>\n<meta property=\"og:url\" content=\"https:\/\/beebipood.ee\/ru\/produkt\/thule-chariot-cross-2-double-jalgrattakaru-faded-khaki\/\" \/>\n<meta property=\"og:site_name\" content=\"Beebipood\" \/>\n<meta property=\"article:modified_time\" content=\"2026-03-06T09:58:28+00:00\" \/>\n<meta property=\"og:image\" content=\"https:\/\/beebipood.ee\/wp-content\/uploads\/2026\/03\/thule-chariot-cross-2-double.jpg\" \/>\n\t<meta property=\"og:image:width\" content=\"1200\" \/>\n\t<meta property=\"og:image:height\" content=\"1200\" \/>\n\t<meta property=\"og:image:type\" content=\"image\/jpeg\" \/>\n<meta name=\"twitter:card\" content=\"summary_large_image\" \/>\n<meta name=\"twitter:label1\" content=\"\u041f\u0440\u0438\u043c\u0435\u0440\u043d\u043e\u0435 \u0432\u0440\u0435\u043c\u044f \u0434\u043b\u044f \u0447\u0442\u0435\u043d\u0438\u044f\" \/>\n\t<meta name=\"twitter:data1\" content=\"2 \u043c\u0438\u043d\u0443\u0442\u044b\" \/>\n<script type=\"application\/ld+json\" class=\"yoast-schema-graph\">{\"@context\":\"https:\/\/schema.org\",\"@graph\":[{\"@type\":\"WebPage\",\"@id\":\"https:\/\/beebipood.ee\/ru\/produkt\/thule-chariot-cross-2-double-jalgrattakaru-faded-khaki\/\",\"url\":\"https:\/\/beebipood.ee\/ru\/produkt\/thule-chariot-cross-2-double-jalgrattakaru-faded-khaki\/\",\"name\":\"Thule Chariot Cross Double jalgrattak\u00e4ru, Majolica Blue, \u0421\u041a\u0418\u0414\u041a\u0418, \u041d\u041e\u0412\u042b\u0415 \u0422\u041e\u0412\u0410\u0420\u042b, \u041a\u043e\u043b\u044f\u0441\u043a\u0438, \u0414\u043b\u044f \u0434\u0432\u043e\u0439\u043d\u044f\u0448\u0435\u043a, \u041f\u0440\u0438\u0446\u0435\u043f\u044b \u0434\u043b\u044f \u0432\u0435\u043b\u043e\u0441\u0438\u043f\u0435\u0434\u0430, Beebipood\",\"isPartOf\":{\"@id\":\"https:\/\/beebipood.ee\/ru\/#website\"},\"primaryImageOfPage\":{\"@id\":\"https:\/\/beebipood.ee\/ru\/produkt\/thule-chariot-cross-2-double-jalgrattakaru-faded-khaki\/#primaryimage\"},\"image\":{\"@id\":\"https:\/\/beebipood.ee\/ru\/produkt\/thule-chariot-cross-2-double-jalgrattakaru-faded-khaki\/#primaryimage\"},\"thumbnailUrl\":\"https:\/\/beebipood.ee\/wp-content\/uploads\/2026\/03\/thule-chariot-cross-2-double.jpg\",\"datePublished\":\"2026-03-06T09:50:42+00:00\",\"dateModified\":\"2026-03-06T09:58:28+00:00\",\"description\":\"Thule Chariot Cross Double jalgrattak\u00e4ru, Majolica Blue, Thule Chariot Cross DoubleK\u00e4ru, mida saab nii jooksmiseks kui ka jalutamiseks kasutada a\",\"breadcrumb\":{\"@id\":\"https:\/\/beebipood.ee\/ru\/produkt\/thule-chariot-cross-2-double-jalgrattakaru-faded-khaki\/#breadcrumb\"},\"inLanguage\":\"ru-RU\",\"potentialAction\":[{\"@type\":\"ReadAction\",\"target\":[\"https:\/\/beebipood.ee\/ru\/produkt\/thule-chariot-cross-2-double-jalgrattakaru-faded-khaki\/\"]}]},{\"@type\":\"ImageObject\",\"inLanguage\":\"ru-RU\",\"@id\":\"https:\/\/beebipood.ee\/ru\/produkt\/thule-chariot-cross-2-double-jalgrattakaru-faded-khaki\/#primaryimage\",\"url\":\"https:\/\/beebipood.ee\/wp-content\/uploads\/2026\/03\/thule-chariot-cross-2-double.jpg\",\"contentUrl\":\"https:\/\/beebipood.ee\/wp-content\/uploads\/2026\/03\/thule-chariot-cross-2-double.jpg\",\"width\":1200,\"height\":1200},{\"@type\":\"BreadcrumbList\",\"@id\":\"https:\/\/beebipood.ee\/ru\/produkt\/thule-chariot-cross-2-double-jalgrattakaru-faded-khaki\/#breadcrumb\",\"itemListElement\":[{\"@type\":\"ListItem\",\"position\":1,\"name\":\"Home\",\"item\":\"https:\/\/beebipood.ee\/ru\/\"},{\"@type\":\"ListItem\",\"position\":2,\"name\":\"\u041a\u0430\u0442\u0430\u043b\u043e\u0433 \u0442\u043e\u0432\u0430\u0440\u043e\u0432\",\"item\":\"https:\/\/beebipood.ee\/tooted\/\"},{\"@type\":\"ListItem\",\"position\":3,\"name\":\"Thule Chariot Cross 2 Double jalgrattak\u00e4ru, Faded Khaki\"}]},{\"@type\":\"WebSite\",\"@id\":\"https:\/\/beebipood.ee\/ru\/#website\",\"url\":\"https:\/\/beebipood.ee\/ru\/\",\"name\":\"Beebipood\",\"description\":\"Lastekaubad, beebikaubad, m\u00e4nguasjad\",\"publisher\":{\"@id\":\"https:\/\/beebipood.ee\/ru\/#organization\"},\"potentialAction\":[{\"@type\":\"SearchAction\",\"target\":{\"@type\":\"EntryPoint\",\"urlTemplate\":\"https:\/\/beebipood.ee\/ru\/?s={search_term_string}\"},\"query-input\":{\"@type\":\"PropertyValueSpecification\",\"valueRequired\":true,\"valueName\":\"search_term_string\"}}],\"inLanguage\":\"ru-RU\"},{\"@type\":\"Organization\",\"@id\":\"https:\/\/beebipood.ee\/ru\/#organization\",\"name\":\"Beebipood\",\"url\":\"https:\/\/beebipood.ee\/ru\/\",\"logo\":{\"@type\":\"ImageObject\",\"inLanguage\":\"ru-RU\",\"@id\":\"https:\/\/beebipood.ee\/ru\/#\/schema\/logo\/image\/\",\"url\":\"https:\/\/beebipood.ee\/wp-content\/uploads\/2025\/03\/beebipood.ee-logo-1.svg\",\"contentUrl\":\"https:\/\/beebipood.ee\/wp-content\/uploads\/2025\/03\/beebipood.ee-logo-1.svg\",\"caption\":\"Beebipood\"},\"image\":{\"@id\":\"https:\/\/beebipood.ee\/ru\/#\/schema\/logo\/image\/\"}}]}<\/script>\n<!-- \/ Yoast SEO plugin. -->","yoast_head_json":{"title":"Thule Chariot Cross Double jalgrattak\u00e4ru, Majolica Blue, \u0421\u041a\u0418\u0414\u041a\u0418, \u041d\u041e\u0412\u042b\u0415 \u0422\u041e\u0412\u0410\u0420\u042b, \u041a\u043e\u043b\u044f\u0441\u043a\u0438, \u0414\u043b\u044f \u0434\u0432\u043e\u0439\u043d\u044f\u0448\u0435\u043a, \u041f\u0440\u0438\u0446\u0435\u043f\u044b \u0434\u043b\u044f \u0432\u0435\u043b\u043e\u0441\u0438\u043f\u0435\u0434\u0430, Beebipood","description":"Thule Chariot Cross Double jalgrattak\u00e4ru, Majolica Blue, Thule Chariot Cross DoubleK\u00e4ru, mida saab nii jooksmiseks kui ka jalutamiseks kasutada a","robots":{"index":"index","follow":"follow","max-snippet":"max-snippet:-1","max-image-preview":"max-image-preview:large","max-video-preview":"max-video-preview:-1"},"canonical":"https:\/\/beebipood.ee\/ru\/produkt\/thule-chariot-cross-2-double-jalgrattakaru-faded-khaki\/","og_locale":"ru_RU","og_type":"article","og_title":"Thule Chariot Cross Double jalgrattak\u00e4ru, Majolica Blue, \u0421\u041a\u0418\u0414\u041a\u0418, \u041d\u041e\u0412\u042b\u0415 \u0422\u041e\u0412\u0410\u0420\u042b, \u041a\u043e\u043b\u044f\u0441\u043a\u0438, \u0414\u043b\u044f \u0434\u0432\u043e\u0439\u043d\u044f\u0448\u0435\u043a, \u041f\u0440\u0438\u0446\u0435\u043f\u044b \u0434\u043b\u044f \u0432\u0435\u043b\u043e\u0441\u0438\u043f\u0435\u0434\u0430, Beebipood","og_description":"Thule Chariot Cross Double jalgrattak\u00e4ru, Majolica Blue, Thule Chariot Cross DoubleK\u00e4ru, mida saab nii jooksmiseks kui ka jalutamiseks kasutada a","og_url":"https:\/\/beebipood.ee\/ru\/produkt\/thule-chariot-cross-2-double-jalgrattakaru-faded-khaki\/","og_site_name":"Beebipood","article_modified_time":"2026-03-06T09:58:28+00:00","og_image":[{"width":1200,"height":1200,"url":"https:\/\/beebipood.ee\/wp-content\/uploads\/2026\/03\/thule-chariot-cross-2-double.jpg","type":"image\/jpeg"}],"twitter_card":"summary_large_image","twitter_misc":{"\u041f\u0440\u0438\u043c\u0435\u0440\u043d\u043e\u0435 \u0432\u0440\u0435\u043c\u044f \u0434\u043b\u044f \u0447\u0442\u0435\u043d\u0438\u044f":"2 \u043c\u0438\u043d\u0443\u0442\u044b"},"schema":{"@context":"https:\/\/schema.org","@graph":[{"@type":"WebPage","@id":"https:\/\/beebipood.ee\/ru\/produkt\/thule-chariot-cross-2-double-jalgrattakaru-faded-khaki\/","url":"https:\/\/beebipood.ee\/ru\/produkt\/thule-chariot-cross-2-double-jalgrattakaru-faded-khaki\/","name":"Thule Chariot Cross Double jalgrattak\u00e4ru, Majolica Blue, \u0421\u041a\u0418\u0414\u041a\u0418, \u041d\u041e\u0412\u042b\u0415 \u0422\u041e\u0412\u0410\u0420\u042b, \u041a\u043e\u043b\u044f\u0441\u043a\u0438, \u0414\u043b\u044f \u0434\u0432\u043e\u0439\u043d\u044f\u0448\u0435\u043a, \u041f\u0440\u0438\u0446\u0435\u043f\u044b \u0434\u043b\u044f \u0432\u0435\u043b\u043e\u0441\u0438\u043f\u0435\u0434\u0430, Beebipood","isPartOf":{"@id":"https:\/\/beebipood.ee\/ru\/#website"},"primaryImageOfPage":{"@id":"https:\/\/beebipood.ee\/ru\/produkt\/thule-chariot-cross-2-double-jalgrattakaru-faded-khaki\/#primaryimage"},"image":{"@id":"https:\/\/beebipood.ee\/ru\/produkt\/thule-chariot-cross-2-double-jalgrattakaru-faded-khaki\/#primaryimage"},"thumbnailUrl":"https:\/\/beebipood.ee\/wp-content\/uploads\/2026\/03\/thule-chariot-cross-2-double.jpg","datePublished":"2026-03-06T09:50:42+00:00","dateModified":"2026-03-06T09:58:28+00:00","description":"Thule Chariot Cross Double jalgrattak\u00e4ru, Majolica Blue, Thule Chariot Cross DoubleK\u00e4ru, mida saab nii jooksmiseks kui ka jalutamiseks kasutada a","breadcrumb":{"@id":"https:\/\/beebipood.ee\/ru\/produkt\/thule-chariot-cross-2-double-jalgrattakaru-faded-khaki\/#breadcrumb"},"inLanguage":"ru-RU","potentialAction":[{"@type":"ReadAction","target":["https:\/\/beebipood.ee\/ru\/produkt\/thule-chariot-cross-2-double-jalgrattakaru-faded-khaki\/"]}]},{"@type":"ImageObject","inLanguage":"ru-RU","@id":"https:\/\/beebipood.ee\/ru\/produkt\/thule-chariot-cross-2-double-jalgrattakaru-faded-khaki\/#primaryimage","url":"https:\/\/beebipood.ee\/wp-content\/uploads\/2026\/03\/thule-chariot-cross-2-double.jpg","contentUrl":"https:\/\/beebipood.ee\/wp-content\/uploads\/2026\/03\/thule-chariot-cross-2-double.jpg","width":1200,"height":1200},{"@type":"BreadcrumbList","@id":"https:\/\/beebipood.ee\/ru\/produkt\/thule-chariot-cross-2-double-jalgrattakaru-faded-khaki\/#breadcrumb","itemListElement":[{"@type":"ListItem","position":1,"name":"Home","item":"https:\/\/beebipood.ee\/ru\/"},{"@type":"ListItem","position":2,"name":"\u041a\u0430\u0442\u0430\u043b\u043e\u0433 \u0442\u043e\u0432\u0430\u0440\u043e\u0432","item":"https:\/\/beebipood.ee\/tooted\/"},{"@type":"ListItem","position":3,"name":"Thule Chariot Cross 2 Double jalgrattak\u00e4ru, Faded Khaki"}]},{"@type":"WebSite","@id":"https:\/\/beebipood.ee\/ru\/#website","url":"https:\/\/beebipood.ee\/ru\/","name":"Beebipood","description":"Lastekaubad, beebikaubad, m\u00e4nguasjad","publisher":{"@id":"https:\/\/beebipood.ee\/ru\/#organization"},"potentialAction":[{"@type":"SearchAction","target":{"@type":"EntryPoint","urlTemplate":"https:\/\/beebipood.ee\/ru\/?s={search_term_string}"},"query-input":{"@type":"PropertyValueSpecification","valueRequired":true,"valueName":"search_term_string"}}],"inLanguage":"ru-RU"},{"@type":"Organization","@id":"https:\/\/beebipood.ee\/ru\/#organization","name":"Beebipood","url":"https:\/\/beebipood.ee\/ru\/","logo":{"@type":"ImageObject","inLanguage":"ru-RU","@id":"https:\/\/beebipood.ee\/ru\/#\/schema\/logo\/image\/","url":"https:\/\/beebipood.ee\/wp-content\/uploads\/2025\/03\/beebipood.ee-logo-1.svg","contentUrl":"https:\/\/beebipood.ee\/wp-content\/uploads\/2025\/03\/beebipood.ee-logo-1.svg","caption":"Beebipood"},"image":{"@id":"https:\/\/beebipood.ee\/ru\/#\/schema\/logo\/image\/"}}]}},"brands":[{"id":11980,"name":"THULE","slug":"thule-ru"}],"_links":{"self":[{"href":"https:\/\/beebipood.ee\/ru\/wp-json\/wp\/v2\/product\/512306","targetHints":{"allow":["GET"]}}],"collection":[{"href":"https:\/\/beebipood.ee\/ru\/wp-json\/wp\/v2\/product"}],"about":[{"href":"https:\/\/beebipood.ee\/ru\/wp-json\/wp\/v2\/types\/product"}],"wp:featuredmedia":[{"embeddable":true,"href":"https:\/\/beebipood.ee\/ru\/wp-json\/wp\/v2\/media\/512308"}],"wp:attachment":[{"href":"https:\/\/beebipood.ee\/ru\/wp-json\/wp\/v2\/media?parent=512306"}],"wp:term":[{"taxonomy":"pwb-brand","embeddable":true,"href":"https:\/\/beebipood.ee\/ru\/wp-json\/wp\/v2\/pwb-brand?post=512306"},{"taxonomy":"product_brand","embeddable":true,"href":"https:\/\/beebipood.ee\/ru\/wp-json\/wp\/v2\/product_brand?post=512306"},{"taxonomy":"product_cat","embeddable":true,"href":"https:\/\/beebipood.ee\/ru\/wp-json\/wp\/v2\/product_cat?post=512306"},{"taxonomy":"product_tag","embeddable":true,"href":"https:\/\/beebipood.ee\/ru\/wp-json\/wp\/v2\/product_tag?post=512306"}],"curies":[{"name":"wp","href":"https:\/\/api.w.org\/{rel}","templated":true}]}}