{"id":512326,"date":"2026-03-06T12:08:18","date_gmt":"2026-03-06T10:08:18","guid":{"rendered":"https:\/\/beebipood.ee\/?post_type=product&#038;p=512326"},"modified":"2026-03-06T12:15:54","modified_gmt":"2026-03-06T10:15:54","slug":"thule-urban-glide-4-wheel-jalutuskaru-komplekt-2-in-1-dark-slate-dark-slate-2026","status":"publish","type":"product","link":"https:\/\/beebipood.ee\/ru\/produkt\/thule-urban-glide-4-wheel-jalutuskaru-komplekt-2-in-1-dark-slate-dark-slate-2026\/","title":{"rendered":"Thule Urban Glide 4-wheel jalutusk\u00e4ru komplekt 2 in 1, Dark Slate\/Dark Slate (2026)"},"content":{"rendered":"<p data-start=\"73\" data-end=\"168\"><strong data-start=\"73\" data-end=\"168\">Mitmek\u00fclgne jalutusk\u00e4ru igap\u00e4evaseks kasutamiseks \u2013 alates vasts\u00fcndinust kuni v\u00e4ikelapseni.<\/strong><\/p>\n<p data-start=\"170\" data-end=\"389\">4-rattaline Thule Urban Glide \u00fchendab <strong data-start=\"208\" data-end=\"260\">linnak\u00e4ru mugavuse ja maastikuk\u00e4ru vastupidavuse<\/strong>. See on loodud aktiivsetele peredele, kes liiguvad palju \u2013 olgu selleks jalutusk\u00e4igud linnat\u00e4navatel, parkides v\u00f5i metsaradadel.<\/p>\n<p data-start=\"391\" data-end=\"588\">T\u00e4nu suurep\u00e4rasele vedrustusele ja \u00f5huga t\u00e4idetud rehvidele on s\u00f5it <strong data-start=\"459\" data-end=\"492\">sujuv ja mugav igal maastikul<\/strong>, samal ajal kui kerge ja h\u00e4sti juhitav raam teeb man\u00f6\u00f6verdamise lihtsaks ka kitsastes kohtades.<\/p>\n<hr data-start=\"590\" data-end=\"593\" \/>\n<h2 data-section-id=\"1vr9ryi\" data-start=\"595\" data-end=\"629\">\ud83d\udc76 Mugavus lapsele kogu p\u00e4evaks<\/h2>\n<p data-start=\"630\" data-end=\"712\">K\u00e4ru on loodud nii, et laps tunneks end h\u00e4sti nii \u00e4rkvel olles kui ka uinaku ajal.<\/p>\n<ul data-start=\"714\" data-end=\"934\">\n<li data-section-id=\"16ts8b6\" data-start=\"714\" data-end=\"753\">\n<p data-start=\"716\" data-end=\"753\">Reguleeritava seljatoega mugav iste<\/p>\n<\/li>\n<li data-section-id=\"10p8xfu\" data-start=\"754\" data-end=\"780\">\n<p data-start=\"756\" data-end=\"780\">Sisseehitatud jalatugi<\/p>\n<\/li>\n<li data-section-id=\"1t270iw\" data-start=\"781\" data-end=\"821\">\n<p data-start=\"783\" data-end=\"821\">Suur ventilatsiooniavadega varikatus<\/p>\n<\/li>\n<li data-section-id=\"s8z09e\" data-start=\"822\" data-end=\"870\">\n<p data-start=\"824\" data-end=\"870\">Vaateaken, et saaksite last mugavalt j\u00e4lgida<\/p>\n<\/li>\n<li data-section-id=\"1ie3ge8\" data-start=\"871\" data-end=\"934\">\n<ol start=\"2025\" data-start=\"873\" data-end=\"934\">\n<li data-section-id=\"1g3okp9\" data-start=\"873\" data-end=\"934\">\n<p data-start=\"879\" data-end=\"934\">aasta mudelil <strong data-start=\"893\" data-end=\"934\">5-punkti magnetpannaldega turvarihmad<\/strong><\/p>\n<\/li>\n<\/ol>\n<\/li>\n<\/ul>\n<p data-start=\"936\" data-end=\"1008\">Magnetkinnitusega rihmad muudavad lapse kinnitamise kiireks ja lihtsaks.<\/p>\n<hr data-start=\"1010\" data-end=\"1013\" \/>\n<h2 data-section-id=\"1ut8img\" data-start=\"1015\" data-end=\"1046\">\ud83d\udeb6 Sujuv s\u00f5it igal maastikul<\/h2>\n<p data-start=\"1047\" data-end=\"1129\">Thule Urban Glide 4-Wheel on loodud liikuma sama h\u00e4sti nii linnas kui ka looduses.<\/p>\n<ul data-start=\"1131\" data-end=\"1337\">\n<li data-section-id=\"1mdrmwv\" data-start=\"1131\" data-end=\"1156\">\n<p data-start=\"1133\" data-end=\"1156\">\u00d5huga t\u00e4idetud rehvid<\/p>\n<\/li>\n<li data-section-id=\"1eeffxn\" data-start=\"1157\" data-end=\"1182\">\n<p data-start=\"1159\" data-end=\"1182\">Kvaliteetne vedrustus<\/p>\n<\/li>\n<li data-section-id=\"lpz5cd\" data-start=\"1183\" data-end=\"1235\">\n<p data-start=\"1185\" data-end=\"1235\">P\u00f6\u00f6ratav esiratas, mida saab vajadusel lukustada<\/p>\n<\/li>\n<li data-section-id=\"fr6dzz\" data-start=\"1236\" data-end=\"1280\">\n<p data-start=\"1238\" data-end=\"1280\">Suured tagarattad paremaks stabiilsuseks<\/p>\n<\/li>\n<li data-section-id=\"ujn2ry\" data-start=\"1281\" data-end=\"1337\">\n<p data-start=\"1283\" data-end=\"1337\">P\u00f6\u00f6ratav k\u00e4sipidur kiiruse kontrollimiseks ka kallakul<\/p>\n<\/li>\n<\/ul>\n<hr data-start=\"1339\" data-end=\"1342\" \/>\n<h2 data-section-id=\"157h115\" data-start=\"1344\" data-end=\"1389\">\ud83e\uddf3 Suur hoiuruum igap\u00e4evaseks kasutamiseks<\/h2>\n<p data-start=\"1390\" data-end=\"1443\">K\u00e4rul on rohkelt ruumi k\u00f5ikidele vajalikele asjadele.<\/p>\n<ul data-start=\"1445\" data-end=\"1554\">\n<li data-section-id=\"1768ocw\" data-start=\"1445\" data-end=\"1488\">\n<p data-start=\"1447\" data-end=\"1488\">Suur lukuga pagasikorv (kuni <strong data-start=\"1476\" data-end=\"1485\">10 kg<\/strong>)<\/p>\n<\/li>\n<li data-section-id=\"l7pqo2\" data-start=\"1489\" data-end=\"1511\">\n<p data-start=\"1491\" data-end=\"1511\">Tagumine v\u00f5rktasku<\/p>\n<\/li>\n<li data-section-id=\"10sh4fk\" data-start=\"1512\" data-end=\"1554\">\n<p data-start=\"1514\" data-end=\"1554\">V\u00f5rk-tasku sn\u00e4kkidele ja m\u00e4nguasjadele<\/p>\n<\/li>\n<\/ul>\n<p data-start=\"1556\" data-end=\"1622\">Nii on k\u00f5ik vajalik \u2013 m\u00e4hkmed, joogid v\u00f5i ostud \u2013 alati k\u00e4ep\u00e4rast.<\/p>\n<hr data-start=\"1624\" data-end=\"1627\" \/>\n<h2 data-section-id=\"1mv62d8\" data-start=\"1629\" data-end=\"1665\">\ud83d\udc4d Mugav kasutada ka lapsevanemal<\/h2>\n<ul data-start=\"1666\" data-end=\"1858\">\n<li data-section-id=\"zvz7j0\" data-start=\"1666\" data-end=\"1712\">\n<p data-start=\"1668\" data-end=\"1712\"><strong data-start=\"1668\" data-end=\"1693\">\u00dche k\u00e4ega kokkupandav<\/strong> kompaktne disain<\/p>\n<\/li>\n<li data-section-id=\"cat4t0\" data-start=\"1713\" data-end=\"1754\">\n<p data-start=\"1715\" data-end=\"1754\">Kokku pandult seisab k\u00e4ru iseseisvalt<\/p>\n<\/li>\n<li data-section-id=\"ayza83\" data-start=\"1755\" data-end=\"1794\">\n<p data-start=\"1757\" data-end=\"1794\">Ergonoomiline reguleeritav juhtraud<\/p>\n<\/li>\n<li data-section-id=\"1un919v\" data-start=\"1795\" data-end=\"1858\">\n<p data-start=\"1797\" data-end=\"1858\">Helkurdetailid varikatusel ja ratastel parema n\u00e4htavuse jaoks<\/p>\n<\/li>\n<\/ul>\n<hr data-start=\"1860\" data-end=\"1863\" \/>\n<h2 data-section-id=\"1koa8kc\" data-start=\"1865\" data-end=\"1888\">\ud83d\udcca Tehnilised andmed<\/h2>\n<ul data-start=\"1890\" data-end=\"2038\">\n<li data-section-id=\"updb4x\" data-start=\"1890\" data-end=\"1939\">\n<p data-start=\"1892\" data-end=\"1939\">Jalutusk\u00e4ru maksimaalne kandev\u00f5ime: <strong data-start=\"1928\" data-end=\"1937\">34 kg<\/strong><\/p>\n<\/li>\n<li data-section-id=\"1lg2hwl\" data-start=\"1940\" data-end=\"1977\">\n<p data-start=\"1942\" data-end=\"1977\">Lapse maksimaalne kaal: <strong data-start=\"1966\" data-end=\"1975\">22 kg<\/strong><\/p>\n<\/li>\n<li data-section-id=\"1abjqd8\" data-start=\"1978\" data-end=\"2015\">\n<p data-start=\"1980\" data-end=\"2015\">Pagasikorvi kandev\u00f5ime: <strong data-start=\"2004\" data-end=\"2013\">10 kg<\/strong><\/p>\n<\/li>\n<li data-section-id=\"lf4olv\" data-start=\"2016\" data-end=\"2038\">\n<p data-start=\"2018\" data-end=\"2038\">K\u00e4ru kaal: <strong data-start=\"2029\" data-end=\"2038\">13 kg<\/strong><\/p>\n<\/li>\n<\/ul>\n<p data-start=\"2040\" data-end=\"2170\"><strong data-start=\"2040\" data-end=\"2059\">M\u00f5\u00f5dud avatult:<\/strong> 110 \u00d7 69 \u00d7 114 cm<br data-start=\"2077\" data-end=\"2080\" \/><strong data-start=\"2080\" data-end=\"2104\">M\u00f5\u00f5dud kokkupandult:<\/strong> 88 \u00d7 58 \u00d7 28 cm<br data-start=\"2120\" data-end=\"2123\" \/><strong data-start=\"2123\" data-end=\"2140\">Istme k\u00f5rgus:<\/strong> 51 cm<br data-start=\"2146\" data-end=\"2149\" \/><strong data-start=\"2149\" data-end=\"2164\">K\u00e4ru laius:<\/strong> 69 cm<\/p>\n<hr data-start=\"2172\" data-end=\"2175\" \/>\n<h1 data-section-id=\"1maf1sx\" data-start=\"2177\" data-end=\"2206\">\ud83c\udf7c Vankrikorv vasts\u00fcndinule<\/h1>\n<h2 data-section-id=\"sqr4ih\" data-start=\"2208\" data-end=\"2241\"><strong data-start=\"2211\" data-end=\"2241\">Thule Urban Glide Bassinet<\/strong><\/h2>\n<p data-start=\"2243\" data-end=\"2381\">Vankrikorv muudab jalutusk\u00e4ru hetkega <strong data-start=\"2281\" data-end=\"2316\">t\u00e4isv\u00e4\u00e4rtuslikuks lapsevankriks<\/strong>, mis sobib beebile alates s\u00fcnnist kuni umbes <strong data-start=\"2362\" data-end=\"2380\">6 kuu vanuseni<\/strong>.<\/p>\n<p data-start=\"2383\" data-end=\"2517\">Korv kinnitub jalutusk\u00e4ru raamile lihtsalt <strong data-start=\"2426\" data-end=\"2438\">kl\u00f5psuga<\/strong>, nii et saate selle vajadusel kiiresti eemaldada \u2013 isegi siis, kui laps magab.<\/p>\n<hr data-start=\"2519\" data-end=\"2522\" \/>\n<h3 data-section-id=\"1nd5ekk\" data-start=\"2524\" data-end=\"2557\">\ud83d\udc76 Mugav ja turvaline beebile<\/h3>\n<ul data-start=\"2558\" data-end=\"2726\">\n<li data-section-id=\"5mhq8f\" data-start=\"2558\" data-end=\"2591\">\n<p data-start=\"2560\" data-end=\"2591\">Ventileeritav p\u00f5hi ja madrats<\/p>\n<\/li>\n<li data-section-id=\"4x9992\" data-start=\"2592\" data-end=\"2638\">\n<p data-start=\"2594\" data-end=\"2638\">Pikendatav ventilatsiooniavadega varikatus<\/p>\n<\/li>\n<li data-section-id=\"wjdz7u\" data-start=\"2639\" data-end=\"2664\">\n<p data-start=\"2641\" data-end=\"2664\">UV-kaitse <strong data-start=\"2651\" data-end=\"2662\">UPF 50+<\/strong><\/p>\n<\/li>\n<li data-section-id=\"1r3vzo\" data-start=\"2665\" data-end=\"2695\">\n<p data-start=\"2667\" data-end=\"2695\">Pehme ja hingav sisekangas<\/p>\n<\/li>\n<li data-section-id=\"46yqrl\" data-start=\"2696\" data-end=\"2726\">\n<p data-start=\"2698\" data-end=\"2726\">Masinpestava kattega madrats<\/p>\n<\/li>\n<\/ul>\n<hr data-start=\"2728\" data-end=\"2731\" \/>\n<h3 data-section-id=\"1fja9r6\" data-start=\"2733\" data-end=\"2764\">\ud83c\udf27 Vastupidav ja praktiline<\/h3>\n<ul data-start=\"2765\" data-end=\"2902\">\n<li data-section-id=\"1q8lscc\" data-start=\"2765\" data-end=\"2794\">\n<p data-start=\"2767\" data-end=\"2794\">Vetth\u00fclgav ripstop-kangas<\/p>\n<\/li>\n<li data-section-id=\"2okxil\" data-start=\"2795\" data-end=\"2836\">\n<p data-start=\"2797\" data-end=\"2836\">Helkurdetailid parema n\u00e4htavuse jaoks<\/p>\n<\/li>\n<li data-section-id=\"1y3vsec\" data-start=\"2837\" data-end=\"2867\">\n<p data-start=\"2839\" data-end=\"2867\">Ergonoomiline kandek\u00e4epide<\/p>\n<\/li>\n<li data-section-id=\"1y5y5e6\" data-start=\"2868\" data-end=\"2902\">\n<p data-start=\"2870\" data-end=\"2902\">Vaikselt eemaldatav k\u00e4ru k\u00fcljest<\/p>\n<\/li>\n<\/ul>\n<hr data-start=\"2904\" data-end=\"2907\" \/>\n<h3 data-section-id=\"17b6atj\" data-start=\"2909\" data-end=\"2929\">\u2714 Sobib k\u00e4rudele<\/h3>\n<ul data-start=\"2930\" data-end=\"3021\">\n<li data-section-id=\"1al2xig\" data-start=\"2930\" data-end=\"2960\">\n<p data-start=\"2932\" data-end=\"2960\">Thule Urban Glide 3 Single<\/p>\n<\/li>\n<li data-section-id=\"11ejopz\" data-start=\"2961\" data-end=\"2991\">\n<p data-start=\"2963\" data-end=\"2991\">Thule Urban Glide 3 Double<\/p>\n<\/li>\n<li data-section-id=\"kzo4yz\" data-start=\"2992\" data-end=\"3021\">\n<p data-start=\"2994\" data-end=\"3021\">Thule Urban Glide 4-Wheel<\/p>\n<\/li>\n<\/ul>\n<hr data-start=\"3023\" data-end=\"3026\" \/>\n<h3 data-section-id=\"ugmlmi\" data-start=\"3028\" data-end=\"3064\">\ud83d\udccf Vankrikorvi tehnilised andmed<\/h3>\n<ul data-start=\"3066\" data-end=\"3177\">\n<li data-section-id=\"13ft02i\" data-start=\"3066\" data-end=\"3092\">\n<p data-start=\"3068\" data-end=\"3092\">M\u00f5\u00f5dud: <strong data-start=\"3076\" data-end=\"3090\">83 \u00d7 31 cm<\/strong><\/p>\n<\/li>\n<li data-section-id=\"1ccvxcm\" data-start=\"3093\" data-end=\"3121\">\n<p data-start=\"3095\" data-end=\"3121\">Sisemaht: <strong data-start=\"3105\" data-end=\"3119\">75 \u00d7 30 cm<\/strong><\/p>\n<\/li>\n<li data-section-id=\"38ylss\" data-start=\"3122\" data-end=\"3158\">\n<p data-start=\"3124\" data-end=\"3158\">Maksimaalne lapse kaal: <strong data-start=\"3148\" data-end=\"3156\">9 kg<\/strong><\/p>\n<\/li>\n<li data-section-id=\"3iqkt2\" data-start=\"3159\" data-end=\"3177\">\n<p data-start=\"3161\" data-end=\"3177\">Kaal: <strong data-start=\"3167\" data-end=\"3177\">6,5 kg<\/strong><\/p>\n<\/li>\n<\/ul>\n<hr data-start=\"3179\" data-end=\"3182\" \/>\n<p data-start=\"3184\" data-end=\"3346\">\ud83d\udc9b <strong data-start=\"3187\" data-end=\"3216\">Thule Urban Glide 4-Wheel<\/strong> on ideaalne jalutusk\u00e4ru peredele, kes soovivad <strong data-start=\"3264\" data-end=\"3316\">sujuvat s\u00f5itu, suurt mugavust ja palju hoiuruumi<\/strong> \u2013 nii linnas kui ka looduses.<\/p>\n","protected":false},"excerpt":{"rendered":"<p>Mitmek\u00fclgne jalutusk\u00e4ru igap\u00e4evaseks kasutamiseks \u2013 alates vasts\u00fcndinust kuni v\u00e4ikelapseni. 4-rattaline Thule Urban Glide \u00fchendab linnak\u00e4ru mugavuse ja maastikuk\u00e4ru vastupidavuse. See on loodud aktiivsetele peredele, kes liiguvad palju \u2013 olgu selleks jalutusk\u00e4igud linnat\u00e4navatel, parkides v\u00f5i metsaradadel. T\u00e4nu suurep\u00e4rasele vedrustusele ja \u00f5huga t\u00e4idetud rehvidele on s\u00f5it sujuv ja mugav igal maastikul, samal ajal kui kerge ja h\u00e4sti [&hellip;]<\/p>\n","protected":false},"featured_media":512328,"template":"","meta":{"_acf_changed":false},"pwb-brand":[11980],"product_brand":[],"product_cat":[11847,11573,11851,11721,11717],"product_tag":[],"class_list":{"0":"post-512326","1":"product","2":"type-product","3":"status-publish","4":"has-post-thumbnail","6":"pwb-brand-thule-ru","7":"product_cat-thule-ru","8":"product_cat-sooduspakkumised-ru","9":"product_cat-thule-urban-glide-4-wheel-ru","10":"product_cat-jalutuskarud-ru","11":"product_cat-lastevankrid-ja-karud-ru","12":"pa_manufacturer-thule-ru","14":"first","15":"onbackorder","16":"sale","17":"taxable","18":"shipping-taxable","19":"purchasable","20":"product-type-simple"},"exclude_global_add_ons":[],"addons":[],"acf":[],"yoast_head":"<!-- This site is optimized with the Yoast SEO plugin v27.1.1 - https:\/\/yoast.com\/product\/yoast-seo-wordpress\/ -->\n<title>Thule Urban Glide 4-wheel jalutusk\u00e4ru komplekt 2 in 1, Beige\/Beige, \u0421\u041a\u0418\u0414\u041a\u0418, \u041a\u043e\u043b\u044f\u0441\u043a\u0438, \u041f\u0440\u043e\u0433\u0443\u043b\u043e\u0447\u043d\u044b\u0435 \u043a\u043e\u043b\u044f\u0441\u043a\u0438, THULE, Thule Urban Glide 4-wheel, Beebipood<\/title>\n<meta name=\"description\" content=\"Thule Urban Glide 4-wheel jalutusk\u00e4ru komplekt 2 in 1, Beige\/Beige, 4-rattaline Thule Urban Glide on linnas\u00f5bralik igale maastikule sobilik jalutusk&amp;\" \/>\n<meta name=\"robots\" content=\"index, follow, max-snippet:-1, max-image-preview:large, max-video-preview:-1\" \/>\n<link rel=\"canonical\" href=\"https:\/\/beebipood.ee\/ru\/produkt\/thule-urban-glide-4-wheel-jalutuskaru-komplekt-2-in-1-dark-slate-dark-slate-2026\/\" \/>\n<meta property=\"og:locale\" content=\"ru_RU\" \/>\n<meta property=\"og:type\" content=\"article\" \/>\n<meta property=\"og:title\" content=\"Thule Urban Glide 4-wheel jalutusk\u00e4ru komplekt 2 in 1, Beige\/Beige, \u0421\u041a\u0418\u0414\u041a\u0418, \u041a\u043e\u043b\u044f\u0441\u043a\u0438, \u041f\u0440\u043e\u0433\u0443\u043b\u043e\u0447\u043d\u044b\u0435 \u043a\u043e\u043b\u044f\u0441\u043a\u0438, THULE, Thule Urban Glide 4-wheel, Beebipood\" \/>\n<meta property=\"og:description\" content=\"Thule Urban Glide 4-wheel jalutusk\u00e4ru komplekt 2 in 1, Beige\/Beige, 4-rattaline Thule Urban Glide on linnas\u00f5bralik igale maastikule sobilik jalutusk&amp;\" \/>\n<meta property=\"og:url\" content=\"https:\/\/beebipood.ee\/ru\/produkt\/thule-urban-glide-4-wheel-jalutuskaru-komplekt-2-in-1-dark-slate-dark-slate-2026\/\" \/>\n<meta property=\"og:site_name\" content=\"Beebipood\" \/>\n<meta property=\"article:modified_time\" content=\"2026-03-06T10:15:54+00:00\" \/>\n<meta property=\"og:image\" content=\"https:\/\/beebipood.ee\/wp-content\/uploads\/2026\/03\/thule-urban-glide-4-wheel-dark-slate-set.jpg\" \/>\n\t<meta property=\"og:image:width\" content=\"1701\" \/>\n\t<meta property=\"og:image:height\" content=\"1502\" \/>\n\t<meta property=\"og:image:type\" content=\"image\/jpeg\" \/>\n<meta name=\"twitter:card\" content=\"summary_large_image\" \/>\n<meta name=\"twitter:label1\" content=\"\u041f\u0440\u0438\u043c\u0435\u0440\u043d\u043e\u0435 \u0432\u0440\u0435\u043c\u044f \u0434\u043b\u044f \u0447\u0442\u0435\u043d\u0438\u044f\" \/>\n\t<meta name=\"twitter:data1\" content=\"3 \u043c\u0438\u043d\u0443\u0442\u044b\" \/>\n<script type=\"application\/ld+json\" class=\"yoast-schema-graph\">{\"@context\":\"https:\/\/schema.org\",\"@graph\":[{\"@type\":\"WebPage\",\"@id\":\"https:\/\/beebipood.ee\/ru\/produkt\/thule-urban-glide-4-wheel-jalutuskaru-komplekt-2-in-1-dark-slate-dark-slate-2026\/\",\"url\":\"https:\/\/beebipood.ee\/ru\/produkt\/thule-urban-glide-4-wheel-jalutuskaru-komplekt-2-in-1-dark-slate-dark-slate-2026\/\",\"name\":\"Thule Urban Glide 4-wheel jalutusk\u00e4ru komplekt 2 in 1, Beige\/Beige, \u0421\u041a\u0418\u0414\u041a\u0418, \u041a\u043e\u043b\u044f\u0441\u043a\u0438, \u041f\u0440\u043e\u0433\u0443\u043b\u043e\u0447\u043d\u044b\u0435 \u043a\u043e\u043b\u044f\u0441\u043a\u0438, THULE, Thule Urban Glide 4-wheel, Beebipood\",\"isPartOf\":{\"@id\":\"https:\/\/beebipood.ee\/ru\/#website\"},\"primaryImageOfPage\":{\"@id\":\"https:\/\/beebipood.ee\/ru\/produkt\/thule-urban-glide-4-wheel-jalutuskaru-komplekt-2-in-1-dark-slate-dark-slate-2026\/#primaryimage\"},\"image\":{\"@id\":\"https:\/\/beebipood.ee\/ru\/produkt\/thule-urban-glide-4-wheel-jalutuskaru-komplekt-2-in-1-dark-slate-dark-slate-2026\/#primaryimage\"},\"thumbnailUrl\":\"https:\/\/beebipood.ee\/wp-content\/uploads\/2026\/03\/thule-urban-glide-4-wheel-dark-slate-set.jpg\",\"datePublished\":\"2026-03-06T10:08:18+00:00\",\"dateModified\":\"2026-03-06T10:15:54+00:00\",\"description\":\"Thule Urban Glide 4-wheel jalutusk\u00e4ru komplekt 2 in 1, Beige\/Beige, 4-rattaline Thule Urban Glide on linnas\u00f5bralik igale maastikule sobilik jalutusk&\",\"breadcrumb\":{\"@id\":\"https:\/\/beebipood.ee\/ru\/produkt\/thule-urban-glide-4-wheel-jalutuskaru-komplekt-2-in-1-dark-slate-dark-slate-2026\/#breadcrumb\"},\"inLanguage\":\"ru-RU\",\"potentialAction\":[{\"@type\":\"ReadAction\",\"target\":[\"https:\/\/beebipood.ee\/ru\/produkt\/thule-urban-glide-4-wheel-jalutuskaru-komplekt-2-in-1-dark-slate-dark-slate-2026\/\"]}]},{\"@type\":\"ImageObject\",\"inLanguage\":\"ru-RU\",\"@id\":\"https:\/\/beebipood.ee\/ru\/produkt\/thule-urban-glide-4-wheel-jalutuskaru-komplekt-2-in-1-dark-slate-dark-slate-2026\/#primaryimage\",\"url\":\"https:\/\/beebipood.ee\/wp-content\/uploads\/2026\/03\/thule-urban-glide-4-wheel-dark-slate-set.jpg\",\"contentUrl\":\"https:\/\/beebipood.ee\/wp-content\/uploads\/2026\/03\/thule-urban-glide-4-wheel-dark-slate-set.jpg\",\"width\":1701,\"height\":1502},{\"@type\":\"BreadcrumbList\",\"@id\":\"https:\/\/beebipood.ee\/ru\/produkt\/thule-urban-glide-4-wheel-jalutuskaru-komplekt-2-in-1-dark-slate-dark-slate-2026\/#breadcrumb\",\"itemListElement\":[{\"@type\":\"ListItem\",\"position\":1,\"name\":\"Home\",\"item\":\"https:\/\/beebipood.ee\/ru\/\"},{\"@type\":\"ListItem\",\"position\":2,\"name\":\"\u041a\u0430\u0442\u0430\u043b\u043e\u0433 \u0442\u043e\u0432\u0430\u0440\u043e\u0432\",\"item\":\"https:\/\/beebipood.ee\/tooted\/\"},{\"@type\":\"ListItem\",\"position\":3,\"name\":\"Thule Urban Glide 4-wheel jalutusk\u00e4ru komplekt 2 in 1, Dark Slate\/Dark Slate (2026)\"}]},{\"@type\":\"WebSite\",\"@id\":\"https:\/\/beebipood.ee\/ru\/#website\",\"url\":\"https:\/\/beebipood.ee\/ru\/\",\"name\":\"Beebipood\",\"description\":\"Lastekaubad, beebikaubad, m\u00e4nguasjad\",\"publisher\":{\"@id\":\"https:\/\/beebipood.ee\/ru\/#organization\"},\"potentialAction\":[{\"@type\":\"SearchAction\",\"target\":{\"@type\":\"EntryPoint\",\"urlTemplate\":\"https:\/\/beebipood.ee\/ru\/?s={search_term_string}\"},\"query-input\":{\"@type\":\"PropertyValueSpecification\",\"valueRequired\":true,\"valueName\":\"search_term_string\"}}],\"inLanguage\":\"ru-RU\"},{\"@type\":\"Organization\",\"@id\":\"https:\/\/beebipood.ee\/ru\/#organization\",\"name\":\"Beebipood\",\"url\":\"https:\/\/beebipood.ee\/ru\/\",\"logo\":{\"@type\":\"ImageObject\",\"inLanguage\":\"ru-RU\",\"@id\":\"https:\/\/beebipood.ee\/ru\/#\/schema\/logo\/image\/\",\"url\":\"https:\/\/beebipood.ee\/wp-content\/uploads\/2025\/03\/beebipood.ee-logo-1.svg\",\"contentUrl\":\"https:\/\/beebipood.ee\/wp-content\/uploads\/2025\/03\/beebipood.ee-logo-1.svg\",\"caption\":\"Beebipood\"},\"image\":{\"@id\":\"https:\/\/beebipood.ee\/ru\/#\/schema\/logo\/image\/\"}}]}<\/script>\n<!-- \/ Yoast SEO plugin. -->","yoast_head_json":{"title":"Thule Urban Glide 4-wheel jalutusk\u00e4ru komplekt 2 in 1, Beige\/Beige, \u0421\u041a\u0418\u0414\u041a\u0418, \u041a\u043e\u043b\u044f\u0441\u043a\u0438, \u041f\u0440\u043e\u0433\u0443\u043b\u043e\u0447\u043d\u044b\u0435 \u043a\u043e\u043b\u044f\u0441\u043a\u0438, THULE, Thule Urban Glide 4-wheel, Beebipood","description":"Thule Urban Glide 4-wheel jalutusk\u00e4ru komplekt 2 in 1, Beige\/Beige, 4-rattaline Thule Urban Glide on linnas\u00f5bralik igale maastikule sobilik jalutusk&","robots":{"index":"index","follow":"follow","max-snippet":"max-snippet:-1","max-image-preview":"max-image-preview:large","max-video-preview":"max-video-preview:-1"},"canonical":"https:\/\/beebipood.ee\/ru\/produkt\/thule-urban-glide-4-wheel-jalutuskaru-komplekt-2-in-1-dark-slate-dark-slate-2026\/","og_locale":"ru_RU","og_type":"article","og_title":"Thule Urban Glide 4-wheel jalutusk\u00e4ru komplekt 2 in 1, Beige\/Beige, \u0421\u041a\u0418\u0414\u041a\u0418, \u041a\u043e\u043b\u044f\u0441\u043a\u0438, \u041f\u0440\u043e\u0433\u0443\u043b\u043e\u0447\u043d\u044b\u0435 \u043a\u043e\u043b\u044f\u0441\u043a\u0438, THULE, Thule Urban Glide 4-wheel, Beebipood","og_description":"Thule Urban Glide 4-wheel jalutusk\u00e4ru komplekt 2 in 1, Beige\/Beige, 4-rattaline Thule Urban Glide on linnas\u00f5bralik igale maastikule sobilik jalutusk&","og_url":"https:\/\/beebipood.ee\/ru\/produkt\/thule-urban-glide-4-wheel-jalutuskaru-komplekt-2-in-1-dark-slate-dark-slate-2026\/","og_site_name":"Beebipood","article_modified_time":"2026-03-06T10:15:54+00:00","og_image":[{"width":1701,"height":1502,"url":"https:\/\/beebipood.ee\/wp-content\/uploads\/2026\/03\/thule-urban-glide-4-wheel-dark-slate-set.jpg","type":"image\/jpeg"}],"twitter_card":"summary_large_image","twitter_misc":{"\u041f\u0440\u0438\u043c\u0435\u0440\u043d\u043e\u0435 \u0432\u0440\u0435\u043c\u044f \u0434\u043b\u044f \u0447\u0442\u0435\u043d\u0438\u044f":"3 \u043c\u0438\u043d\u0443\u0442\u044b"},"schema":{"@context":"https:\/\/schema.org","@graph":[{"@type":"WebPage","@id":"https:\/\/beebipood.ee\/ru\/produkt\/thule-urban-glide-4-wheel-jalutuskaru-komplekt-2-in-1-dark-slate-dark-slate-2026\/","url":"https:\/\/beebipood.ee\/ru\/produkt\/thule-urban-glide-4-wheel-jalutuskaru-komplekt-2-in-1-dark-slate-dark-slate-2026\/","name":"Thule Urban Glide 4-wheel jalutusk\u00e4ru komplekt 2 in 1, Beige\/Beige, \u0421\u041a\u0418\u0414\u041a\u0418, \u041a\u043e\u043b\u044f\u0441\u043a\u0438, \u041f\u0440\u043e\u0433\u0443\u043b\u043e\u0447\u043d\u044b\u0435 \u043a\u043e\u043b\u044f\u0441\u043a\u0438, THULE, Thule Urban Glide 4-wheel, Beebipood","isPartOf":{"@id":"https:\/\/beebipood.ee\/ru\/#website"},"primaryImageOfPage":{"@id":"https:\/\/beebipood.ee\/ru\/produkt\/thule-urban-glide-4-wheel-jalutuskaru-komplekt-2-in-1-dark-slate-dark-slate-2026\/#primaryimage"},"image":{"@id":"https:\/\/beebipood.ee\/ru\/produkt\/thule-urban-glide-4-wheel-jalutuskaru-komplekt-2-in-1-dark-slate-dark-slate-2026\/#primaryimage"},"thumbnailUrl":"https:\/\/beebipood.ee\/wp-content\/uploads\/2026\/03\/thule-urban-glide-4-wheel-dark-slate-set.jpg","datePublished":"2026-03-06T10:08:18+00:00","dateModified":"2026-03-06T10:15:54+00:00","description":"Thule Urban Glide 4-wheel jalutusk\u00e4ru komplekt 2 in 1, Beige\/Beige, 4-rattaline Thule Urban Glide on linnas\u00f5bralik igale maastikule sobilik jalutusk&","breadcrumb":{"@id":"https:\/\/beebipood.ee\/ru\/produkt\/thule-urban-glide-4-wheel-jalutuskaru-komplekt-2-in-1-dark-slate-dark-slate-2026\/#breadcrumb"},"inLanguage":"ru-RU","potentialAction":[{"@type":"ReadAction","target":["https:\/\/beebipood.ee\/ru\/produkt\/thule-urban-glide-4-wheel-jalutuskaru-komplekt-2-in-1-dark-slate-dark-slate-2026\/"]}]},{"@type":"ImageObject","inLanguage":"ru-RU","@id":"https:\/\/beebipood.ee\/ru\/produkt\/thule-urban-glide-4-wheel-jalutuskaru-komplekt-2-in-1-dark-slate-dark-slate-2026\/#primaryimage","url":"https:\/\/beebipood.ee\/wp-content\/uploads\/2026\/03\/thule-urban-glide-4-wheel-dark-slate-set.jpg","contentUrl":"https:\/\/beebipood.ee\/wp-content\/uploads\/2026\/03\/thule-urban-glide-4-wheel-dark-slate-set.jpg","width":1701,"height":1502},{"@type":"BreadcrumbList","@id":"https:\/\/beebipood.ee\/ru\/produkt\/thule-urban-glide-4-wheel-jalutuskaru-komplekt-2-in-1-dark-slate-dark-slate-2026\/#breadcrumb","itemListElement":[{"@type":"ListItem","position":1,"name":"Home","item":"https:\/\/beebipood.ee\/ru\/"},{"@type":"ListItem","position":2,"name":"\u041a\u0430\u0442\u0430\u043b\u043e\u0433 \u0442\u043e\u0432\u0430\u0440\u043e\u0432","item":"https:\/\/beebipood.ee\/tooted\/"},{"@type":"ListItem","position":3,"name":"Thule Urban Glide 4-wheel jalutusk\u00e4ru komplekt 2 in 1, Dark Slate\/Dark Slate (2026)"}]},{"@type":"WebSite","@id":"https:\/\/beebipood.ee\/ru\/#website","url":"https:\/\/beebipood.ee\/ru\/","name":"Beebipood","description":"Lastekaubad, beebikaubad, m\u00e4nguasjad","publisher":{"@id":"https:\/\/beebipood.ee\/ru\/#organization"},"potentialAction":[{"@type":"SearchAction","target":{"@type":"EntryPoint","urlTemplate":"https:\/\/beebipood.ee\/ru\/?s={search_term_string}"},"query-input":{"@type":"PropertyValueSpecification","valueRequired":true,"valueName":"search_term_string"}}],"inLanguage":"ru-RU"},{"@type":"Organization","@id":"https:\/\/beebipood.ee\/ru\/#organization","name":"Beebipood","url":"https:\/\/beebipood.ee\/ru\/","logo":{"@type":"ImageObject","inLanguage":"ru-RU","@id":"https:\/\/beebipood.ee\/ru\/#\/schema\/logo\/image\/","url":"https:\/\/beebipood.ee\/wp-content\/uploads\/2025\/03\/beebipood.ee-logo-1.svg","contentUrl":"https:\/\/beebipood.ee\/wp-content\/uploads\/2025\/03\/beebipood.ee-logo-1.svg","caption":"Beebipood"},"image":{"@id":"https:\/\/beebipood.ee\/ru\/#\/schema\/logo\/image\/"}}]}},"brands":[{"id":11980,"name":"THULE","slug":"thule-ru"}],"_links":{"self":[{"href":"https:\/\/beebipood.ee\/ru\/wp-json\/wp\/v2\/product\/512326","targetHints":{"allow":["GET"]}}],"collection":[{"href":"https:\/\/beebipood.ee\/ru\/wp-json\/wp\/v2\/product"}],"about":[{"href":"https:\/\/beebipood.ee\/ru\/wp-json\/wp\/v2\/types\/product"}],"wp:featuredmedia":[{"embeddable":true,"href":"https:\/\/beebipood.ee\/ru\/wp-json\/wp\/v2\/media\/512328"}],"wp:attachment":[{"href":"https:\/\/beebipood.ee\/ru\/wp-json\/wp\/v2\/media?parent=512326"}],"wp:term":[{"taxonomy":"pwb-brand","embeddable":true,"href":"https:\/\/beebipood.ee\/ru\/wp-json\/wp\/v2\/pwb-brand?post=512326"},{"taxonomy":"product_brand","embeddable":true,"href":"https:\/\/beebipood.ee\/ru\/wp-json\/wp\/v2\/product_brand?post=512326"},{"taxonomy":"product_cat","embeddable":true,"href":"https:\/\/beebipood.ee\/ru\/wp-json\/wp\/v2\/product_cat?post=512326"},{"taxonomy":"product_tag","embeddable":true,"href":"https:\/\/beebipood.ee\/ru\/wp-json\/wp\/v2\/product_tag?post=512326"}],"curies":[{"name":"wp","href":"https:\/\/api.w.org\/{rel}","templated":true}]}}