{"id":512400,"date":"2026-03-11T14:28:19","date_gmt":"2026-03-11T12:28:19","guid":{"rendered":"https:\/\/beebipood.ee\/?post_type=product&#038;p=512400"},"modified":"2026-03-11T14:37:02","modified_gmt":"2026-03-11T12:37:02","slug":"thule-palm-turvatooli-kaitsev-istmekate-helehall","status":"publish","type":"product","link":"https:\/\/beebipood.ee\/ru\/produkt\/thule-palm-turvatooli-kaitsev-istmekate-helehall\/","title":{"rendered":"Thule Palm turvatooli kaitsev istmekate, helehall"},"content":{"rendered":"<p data-start=\"78\" data-end=\"121\"><strong data-start=\"78\" data-end=\"121\">Hoiab turvatooli puhta ja lapse mugavana<\/strong><\/p>\n<p data-start=\"123\" data-end=\"336\">Praktiline kaitsev istmekate aitab hoida turvatooli puhtana, kaitstes seda mustuse, tolmu ja kulumise eest. Samal ajal aitab kate kuumadel suvep\u00e4evadel v\u00e4hendada istme kuumenemist, et lapsel oleks autos\u00f5it mugavam.<\/p>\n<p data-start=\"338\" data-end=\"423\">Kerge ja l\u00e4bim\u00f5eldud disain muudab katte paigaldamise kiireks ning sobivuse kindlaks.<\/p>\n<hr data-start=\"425\" data-end=\"428\" \/>\n<h3 data-section-id=\"v44as5\" data-start=\"430\" data-end=\"453\">\ud83d\udc9b Peamised eelised<\/h3>\n<p data-start=\"455\" data-end=\"678\">\u2714 <strong data-start=\"457\" data-end=\"500\">Kaitseb turvatooli mustuse ja tolmu eest<\/strong><br data-start=\"500\" data-end=\"503\" \/>\u2714 <strong data-start=\"505\" data-end=\"549\">Hoiab istme kuumadel p\u00e4evadel jahedamana<\/strong><br data-start=\"549\" data-end=\"552\" \/>\u2714 <strong data-start=\"554\" data-end=\"588\">Lihtne paigaldada ja eemaldada<\/strong><br data-start=\"588\" data-end=\"591\" \/>\u2714 <strong data-start=\"593\" data-end=\"621\">Masinpestav 30 \u00b0C juures<\/strong> \u2013 lihtne hooldada<br data-start=\"639\" data-end=\"642\" \/>\u2714 <strong data-start=\"644\" data-end=\"678\">Turvaline ja testitud lahendus<\/strong><\/p>\n<hr data-start=\"680\" data-end=\"683\" \/>\n<h3 data-section-id=\"wu9qu6\" data-start=\"685\" data-end=\"708\">\ud83d\udd27 Lihtne paigaldus<\/h3>\n<p data-start=\"710\" data-end=\"765\">Istekate koosneb <strong data-start=\"727\" data-end=\"751\">kolmest eraldi osast<\/strong>, mis tagavad:<\/p>\n<ul data-start=\"766\" data-end=\"851\">\n<li data-section-id=\"rq88cx\" data-start=\"766\" data-end=\"788\">\n<p data-start=\"768\" data-end=\"788\">kiire paigaldamise<\/p>\n<\/li>\n<li data-section-id=\"jjj88f\" data-start=\"789\" data-end=\"816\">\n<p data-start=\"791\" data-end=\"816\">parema sobivuse istmele<\/p>\n<\/li>\n<li data-section-id=\"1g9bd5i\" data-start=\"817\" data-end=\"851\">\n<p data-start=\"819\" data-end=\"851\">mugava eemaldamise puhastamiseks<\/p>\n<\/li>\n<\/ul>\n<p data-start=\"853\" data-end=\"908\">See muudab katte kasutamise igap\u00e4evaselt v\u00e4ga lihtsaks.<\/p>\n<hr data-start=\"910\" data-end=\"913\" \/>\n<h3 data-section-id=\"10declx\" data-start=\"915\" data-end=\"928\">\u2714 Sobivus<\/h3>\n<p data-start=\"930\" data-end=\"1002\">Kate on loodud spetsiaalselt kasutamiseks turvatooliga<br data-start=\"984\" data-end=\"987\" \/><strong data-start=\"987\" data-end=\"1001\">Thule Palm<\/strong>.<\/p>\n<p data-start=\"1004\" data-end=\"1086\">Toode on <strong data-start=\"1013\" data-end=\"1049\">kokkup\u00f5rketestidega kontrollitud<\/strong>, et tagada ohutus ka autos\u00f5idu ajal.<\/p>\n<hr data-start=\"1088\" data-end=\"1091\" \/>\n<h3 data-section-id=\"nsfsfz\" data-start=\"1093\" data-end=\"1117\">\ud83d\udcca Tehnilised andmed<\/h3>\n<ul data-start=\"1119\" data-end=\"1248\">\n<li data-section-id=\"869l02\" data-start=\"1119\" data-end=\"1149\">\n<p data-start=\"1121\" data-end=\"1149\">M\u00f5\u00f5dud: 15 \u00d7 6,9 \u00d7 27,8 cm<\/p>\n<\/li>\n<li data-section-id=\"wym9nl\" data-start=\"1150\" data-end=\"1167\">\n<p data-start=\"1152\" data-end=\"1167\">Kaal: 0,26 kg<\/p>\n<\/li>\n<li data-section-id=\"72dn0p\" data-start=\"1168\" data-end=\"1186\">\n<p data-start=\"1170\" data-end=\"1186\">V\u00e4rv: helehall<\/p>\n<\/li>\n<li data-section-id=\"1ytt0dz\" data-start=\"1187\" data-end=\"1224\">\n<p data-start=\"1189\" data-end=\"1224\">Hooldus: masinpestav 30 \u00b0C juures<\/p>\n<\/li>\n<\/ul>\n<hr data-start=\"1250\" data-end=\"1253\" \/>\n<p data-start=\"1255\" data-end=\"1351\" data-is-last-node=\"\" data-is-only-node=\"\">Praktiline lisatarvik, mis aitab hoida autoistme puhtana ja lapse s\u00f5idu mugavana igal aastaajal.<\/p>\n","protected":false},"excerpt":{"rendered":"<p>Hoiab turvatooli puhta ja lapse mugavana Praktiline kaitsev istmekate aitab hoida turvatooli puhtana, kaitstes seda mustuse, tolmu ja kulumise eest. Samal ajal aitab kate kuumadel suvep\u00e4evadel v\u00e4hendada istme kuumenemist, et lapsel oleks autos\u00f5it mugavam. Kerge ja l\u00e4bim\u00f5eldud disain muudab katte paigaldamise kiireks ning sobivuse kindlaks. \ud83d\udc9b Peamised eelised \u2714 Kaitseb turvatooli mustuse ja tolmu eest\u2714 [&hellip;]<\/p>\n","protected":false},"featured_media":512402,"template":"","meta":{"_acf_changed":false},"pwb-brand":[11980],"product_brand":[],"product_cat":[11727,11739,11797,11791],"product_tag":[],"class_list":{"0":"post-512400","1":"product","2":"type-product","3":"status-publish","4":"has-post-thumbnail","6":"pwb-brand-thule-ru","7":"product_cat-turvatoolid-hallid-ru","8":"product_cat-turvatoolid-15-36-kg-ru","9":"product_cat-lisatarvikud-ru-1","10":"product_cat-turvavarustus-ru","11":"pa_manufacturer-thule-ru","13":"first","14":"onbackorder","15":"taxable","16":"shipping-taxable","17":"purchasable","18":"product-type-simple"},"exclude_global_add_ons":[],"addons":[],"acf":[],"yoast_head":"<!-- This site is optimized with the Yoast SEO plugin v27.1.1 - https:\/\/yoast.com\/product\/yoast-seo-wordpress\/ -->\n<title>Thule Elm 360\u00b0 i-Size turvatool + Thule Alfi Isofix alus, Black, \u0421\u041a\u0418\u0414\u041a\u0418, \u041d\u041e\u0412\u042b\u0415 \u0422\u041e\u0412\u0410\u0420\u042b, \u0410\u0432\u0442\u043e\u043a\u0440\u0435\u0441\u043b\u0430, \u043b\u044e\u043b\u044c\u043a\u0438, \u0410\u0432\u0442\u043e\u043a\u0440\u0435\u0441\u043b\u0430 9-18 \u043a\u0433, \u0421\u043d\u0430\u0440\u044f\u0436\u0435\u043d\u0438\u044f \u0431\u0435\u0437\u043e\u043f\u0430\u0441\u043d\u043e\u0441\u0442\u0438, Beebipood<\/title>\n<meta name=\"description\" content=\"Thule Elm 360\u00b0 i-Size turvatool + Thule Alfi Isofix alus, Black, Thule Elm turvatool on loodud uudishimulikke v\u00e4ikseid inimesi silmas pidades.Koh\" \/>\n<meta name=\"robots\" content=\"index, follow, max-snippet:-1, max-image-preview:large, max-video-preview:-1\" \/>\n<link rel=\"canonical\" href=\"https:\/\/beebipood.ee\/ru\/produkt\/thule-palm-turvatooli-kaitsev-istmekate-helehall\/\" \/>\n<meta property=\"og:locale\" content=\"ru_RU\" \/>\n<meta property=\"og:type\" content=\"article\" \/>\n<meta property=\"og:title\" content=\"Thule Elm 360\u00b0 i-Size turvatool + Thule Alfi Isofix alus, Black, \u0421\u041a\u0418\u0414\u041a\u0418, \u041d\u041e\u0412\u042b\u0415 \u0422\u041e\u0412\u0410\u0420\u042b, \u0410\u0432\u0442\u043e\u043a\u0440\u0435\u0441\u043b\u0430, \u043b\u044e\u043b\u044c\u043a\u0438, \u0410\u0432\u0442\u043e\u043a\u0440\u0435\u0441\u043b\u0430 9-18 \u043a\u0433, \u0421\u043d\u0430\u0440\u044f\u0436\u0435\u043d\u0438\u044f \u0431\u0435\u0437\u043e\u043f\u0430\u0441\u043d\u043e\u0441\u0442\u0438, Beebipood\" \/>\n<meta property=\"og:description\" content=\"Thule Elm 360\u00b0 i-Size turvatool + Thule Alfi Isofix alus, Black, Thule Elm turvatool on loodud uudishimulikke v\u00e4ikseid inimesi silmas pidades.Koh\" \/>\n<meta property=\"og:url\" content=\"https:\/\/beebipood.ee\/ru\/produkt\/thule-palm-turvatooli-kaitsev-istmekate-helehall\/\" \/>\n<meta property=\"og:site_name\" content=\"Beebipood\" \/>\n<meta property=\"article:modified_time\" content=\"2026-03-11T12:37:02+00:00\" \/>\n<meta property=\"og:image\" content=\"https:\/\/beebipood.ee\/wp-content\/uploads\/2026\/03\/thule-palm-car-seat-cover.jpg\" \/>\n\t<meta property=\"og:image:width\" content=\"1200\" \/>\n\t<meta property=\"og:image:height\" content=\"1200\" \/>\n\t<meta property=\"og:image:type\" content=\"image\/jpeg\" \/>\n<meta name=\"twitter:card\" content=\"summary_large_image\" \/>\n<meta name=\"twitter:label1\" content=\"\u041f\u0440\u0438\u043c\u0435\u0440\u043d\u043e\u0435 \u0432\u0440\u0435\u043c\u044f \u0434\u043b\u044f \u0447\u0442\u0435\u043d\u0438\u044f\" \/>\n\t<meta name=\"twitter:data1\" content=\"2 \u043c\u0438\u043d\u0443\u0442\u044b\" \/>\n<script type=\"application\/ld+json\" class=\"yoast-schema-graph\">{\"@context\":\"https:\/\/schema.org\",\"@graph\":[{\"@type\":\"WebPage\",\"@id\":\"https:\/\/beebipood.ee\/ru\/produkt\/thule-palm-turvatooli-kaitsev-istmekate-helehall\/\",\"url\":\"https:\/\/beebipood.ee\/ru\/produkt\/thule-palm-turvatooli-kaitsev-istmekate-helehall\/\",\"name\":\"Thule Elm 360\u00b0 i-Size turvatool + Thule Alfi Isofix alus, Black, \u0421\u041a\u0418\u0414\u041a\u0418, \u041d\u041e\u0412\u042b\u0415 \u0422\u041e\u0412\u0410\u0420\u042b, \u0410\u0432\u0442\u043e\u043a\u0440\u0435\u0441\u043b\u0430, \u043b\u044e\u043b\u044c\u043a\u0438, \u0410\u0432\u0442\u043e\u043a\u0440\u0435\u0441\u043b\u0430 9-18 \u043a\u0433, \u0421\u043d\u0430\u0440\u044f\u0436\u0435\u043d\u0438\u044f \u0431\u0435\u0437\u043e\u043f\u0430\u0441\u043d\u043e\u0441\u0442\u0438, Beebipood\",\"isPartOf\":{\"@id\":\"https:\/\/beebipood.ee\/ru\/#website\"},\"primaryImageOfPage\":{\"@id\":\"https:\/\/beebipood.ee\/ru\/produkt\/thule-palm-turvatooli-kaitsev-istmekate-helehall\/#primaryimage\"},\"image\":{\"@id\":\"https:\/\/beebipood.ee\/ru\/produkt\/thule-palm-turvatooli-kaitsev-istmekate-helehall\/#primaryimage\"},\"thumbnailUrl\":\"https:\/\/beebipood.ee\/wp-content\/uploads\/2026\/03\/thule-palm-car-seat-cover.jpg\",\"datePublished\":\"2026-03-11T12:28:19+00:00\",\"dateModified\":\"2026-03-11T12:37:02+00:00\",\"description\":\"Thule Elm 360\u00b0 i-Size turvatool + Thule Alfi Isofix alus, Black, Thule Elm turvatool on loodud uudishimulikke v\u00e4ikseid inimesi silmas pidades.Koh\",\"breadcrumb\":{\"@id\":\"https:\/\/beebipood.ee\/ru\/produkt\/thule-palm-turvatooli-kaitsev-istmekate-helehall\/#breadcrumb\"},\"inLanguage\":\"ru-RU\",\"potentialAction\":[{\"@type\":\"ReadAction\",\"target\":[\"https:\/\/beebipood.ee\/ru\/produkt\/thule-palm-turvatooli-kaitsev-istmekate-helehall\/\"]}]},{\"@type\":\"ImageObject\",\"inLanguage\":\"ru-RU\",\"@id\":\"https:\/\/beebipood.ee\/ru\/produkt\/thule-palm-turvatooli-kaitsev-istmekate-helehall\/#primaryimage\",\"url\":\"https:\/\/beebipood.ee\/wp-content\/uploads\/2026\/03\/thule-palm-car-seat-cover.jpg\",\"contentUrl\":\"https:\/\/beebipood.ee\/wp-content\/uploads\/2026\/03\/thule-palm-car-seat-cover.jpg\",\"width\":1200,\"height\":1200},{\"@type\":\"BreadcrumbList\",\"@id\":\"https:\/\/beebipood.ee\/ru\/produkt\/thule-palm-turvatooli-kaitsev-istmekate-helehall\/#breadcrumb\",\"itemListElement\":[{\"@type\":\"ListItem\",\"position\":1,\"name\":\"Home\",\"item\":\"https:\/\/beebipood.ee\/ru\/\"},{\"@type\":\"ListItem\",\"position\":2,\"name\":\"\u041a\u0430\u0442\u0430\u043b\u043e\u0433 \u0442\u043e\u0432\u0430\u0440\u043e\u0432\",\"item\":\"https:\/\/beebipood.ee\/tooted\/\"},{\"@type\":\"ListItem\",\"position\":3,\"name\":\"Thule Palm turvatooli kaitsev istmekate, helehall\"}]},{\"@type\":\"WebSite\",\"@id\":\"https:\/\/beebipood.ee\/ru\/#website\",\"url\":\"https:\/\/beebipood.ee\/ru\/\",\"name\":\"Beebipood\",\"description\":\"Lastekaubad, beebikaubad, m\u00e4nguasjad\",\"publisher\":{\"@id\":\"https:\/\/beebipood.ee\/ru\/#organization\"},\"potentialAction\":[{\"@type\":\"SearchAction\",\"target\":{\"@type\":\"EntryPoint\",\"urlTemplate\":\"https:\/\/beebipood.ee\/ru\/?s={search_term_string}\"},\"query-input\":{\"@type\":\"PropertyValueSpecification\",\"valueRequired\":true,\"valueName\":\"search_term_string\"}}],\"inLanguage\":\"ru-RU\"},{\"@type\":\"Organization\",\"@id\":\"https:\/\/beebipood.ee\/ru\/#organization\",\"name\":\"Beebipood\",\"url\":\"https:\/\/beebipood.ee\/ru\/\",\"logo\":{\"@type\":\"ImageObject\",\"inLanguage\":\"ru-RU\",\"@id\":\"https:\/\/beebipood.ee\/ru\/#\/schema\/logo\/image\/\",\"url\":\"https:\/\/beebipood.ee\/wp-content\/uploads\/2025\/03\/beebipood.ee-logo-1.svg\",\"contentUrl\":\"https:\/\/beebipood.ee\/wp-content\/uploads\/2025\/03\/beebipood.ee-logo-1.svg\",\"caption\":\"Beebipood\"},\"image\":{\"@id\":\"https:\/\/beebipood.ee\/ru\/#\/schema\/logo\/image\/\"}}]}<\/script>\n<!-- \/ Yoast SEO plugin. -->","yoast_head_json":{"title":"Thule Elm 360\u00b0 i-Size turvatool + Thule Alfi Isofix alus, Black, \u0421\u041a\u0418\u0414\u041a\u0418, \u041d\u041e\u0412\u042b\u0415 \u0422\u041e\u0412\u0410\u0420\u042b, \u0410\u0432\u0442\u043e\u043a\u0440\u0435\u0441\u043b\u0430, \u043b\u044e\u043b\u044c\u043a\u0438, \u0410\u0432\u0442\u043e\u043a\u0440\u0435\u0441\u043b\u0430 9-18 \u043a\u0433, \u0421\u043d\u0430\u0440\u044f\u0436\u0435\u043d\u0438\u044f \u0431\u0435\u0437\u043e\u043f\u0430\u0441\u043d\u043e\u0441\u0442\u0438, Beebipood","description":"Thule Elm 360\u00b0 i-Size turvatool + Thule Alfi Isofix alus, Black, Thule Elm turvatool on loodud uudishimulikke v\u00e4ikseid inimesi silmas pidades.Koh","robots":{"index":"index","follow":"follow","max-snippet":"max-snippet:-1","max-image-preview":"max-image-preview:large","max-video-preview":"max-video-preview:-1"},"canonical":"https:\/\/beebipood.ee\/ru\/produkt\/thule-palm-turvatooli-kaitsev-istmekate-helehall\/","og_locale":"ru_RU","og_type":"article","og_title":"Thule Elm 360\u00b0 i-Size turvatool + Thule Alfi Isofix alus, Black, \u0421\u041a\u0418\u0414\u041a\u0418, \u041d\u041e\u0412\u042b\u0415 \u0422\u041e\u0412\u0410\u0420\u042b, \u0410\u0432\u0442\u043e\u043a\u0440\u0435\u0441\u043b\u0430, \u043b\u044e\u043b\u044c\u043a\u0438, \u0410\u0432\u0442\u043e\u043a\u0440\u0435\u0441\u043b\u0430 9-18 \u043a\u0433, \u0421\u043d\u0430\u0440\u044f\u0436\u0435\u043d\u0438\u044f \u0431\u0435\u0437\u043e\u043f\u0430\u0441\u043d\u043e\u0441\u0442\u0438, Beebipood","og_description":"Thule Elm 360\u00b0 i-Size turvatool + Thule Alfi Isofix alus, Black, Thule Elm turvatool on loodud uudishimulikke v\u00e4ikseid inimesi silmas pidades.Koh","og_url":"https:\/\/beebipood.ee\/ru\/produkt\/thule-palm-turvatooli-kaitsev-istmekate-helehall\/","og_site_name":"Beebipood","article_modified_time":"2026-03-11T12:37:02+00:00","og_image":[{"width":1200,"height":1200,"url":"https:\/\/beebipood.ee\/wp-content\/uploads\/2026\/03\/thule-palm-car-seat-cover.jpg","type":"image\/jpeg"}],"twitter_card":"summary_large_image","twitter_misc":{"\u041f\u0440\u0438\u043c\u0435\u0440\u043d\u043e\u0435 \u0432\u0440\u0435\u043c\u044f \u0434\u043b\u044f \u0447\u0442\u0435\u043d\u0438\u044f":"2 \u043c\u0438\u043d\u0443\u0442\u044b"},"schema":{"@context":"https:\/\/schema.org","@graph":[{"@type":"WebPage","@id":"https:\/\/beebipood.ee\/ru\/produkt\/thule-palm-turvatooli-kaitsev-istmekate-helehall\/","url":"https:\/\/beebipood.ee\/ru\/produkt\/thule-palm-turvatooli-kaitsev-istmekate-helehall\/","name":"Thule Elm 360\u00b0 i-Size turvatool + Thule Alfi Isofix alus, Black, \u0421\u041a\u0418\u0414\u041a\u0418, \u041d\u041e\u0412\u042b\u0415 \u0422\u041e\u0412\u0410\u0420\u042b, \u0410\u0432\u0442\u043e\u043a\u0440\u0435\u0441\u043b\u0430, \u043b\u044e\u043b\u044c\u043a\u0438, \u0410\u0432\u0442\u043e\u043a\u0440\u0435\u0441\u043b\u0430 9-18 \u043a\u0433, \u0421\u043d\u0430\u0440\u044f\u0436\u0435\u043d\u0438\u044f \u0431\u0435\u0437\u043e\u043f\u0430\u0441\u043d\u043e\u0441\u0442\u0438, Beebipood","isPartOf":{"@id":"https:\/\/beebipood.ee\/ru\/#website"},"primaryImageOfPage":{"@id":"https:\/\/beebipood.ee\/ru\/produkt\/thule-palm-turvatooli-kaitsev-istmekate-helehall\/#primaryimage"},"image":{"@id":"https:\/\/beebipood.ee\/ru\/produkt\/thule-palm-turvatooli-kaitsev-istmekate-helehall\/#primaryimage"},"thumbnailUrl":"https:\/\/beebipood.ee\/wp-content\/uploads\/2026\/03\/thule-palm-car-seat-cover.jpg","datePublished":"2026-03-11T12:28:19+00:00","dateModified":"2026-03-11T12:37:02+00:00","description":"Thule Elm 360\u00b0 i-Size turvatool + Thule Alfi Isofix alus, Black, Thule Elm turvatool on loodud uudishimulikke v\u00e4ikseid inimesi silmas pidades.Koh","breadcrumb":{"@id":"https:\/\/beebipood.ee\/ru\/produkt\/thule-palm-turvatooli-kaitsev-istmekate-helehall\/#breadcrumb"},"inLanguage":"ru-RU","potentialAction":[{"@type":"ReadAction","target":["https:\/\/beebipood.ee\/ru\/produkt\/thule-palm-turvatooli-kaitsev-istmekate-helehall\/"]}]},{"@type":"ImageObject","inLanguage":"ru-RU","@id":"https:\/\/beebipood.ee\/ru\/produkt\/thule-palm-turvatooli-kaitsev-istmekate-helehall\/#primaryimage","url":"https:\/\/beebipood.ee\/wp-content\/uploads\/2026\/03\/thule-palm-car-seat-cover.jpg","contentUrl":"https:\/\/beebipood.ee\/wp-content\/uploads\/2026\/03\/thule-palm-car-seat-cover.jpg","width":1200,"height":1200},{"@type":"BreadcrumbList","@id":"https:\/\/beebipood.ee\/ru\/produkt\/thule-palm-turvatooli-kaitsev-istmekate-helehall\/#breadcrumb","itemListElement":[{"@type":"ListItem","position":1,"name":"Home","item":"https:\/\/beebipood.ee\/ru\/"},{"@type":"ListItem","position":2,"name":"\u041a\u0430\u0442\u0430\u043b\u043e\u0433 \u0442\u043e\u0432\u0430\u0440\u043e\u0432","item":"https:\/\/beebipood.ee\/tooted\/"},{"@type":"ListItem","position":3,"name":"Thule Palm turvatooli kaitsev istmekate, helehall"}]},{"@type":"WebSite","@id":"https:\/\/beebipood.ee\/ru\/#website","url":"https:\/\/beebipood.ee\/ru\/","name":"Beebipood","description":"Lastekaubad, beebikaubad, m\u00e4nguasjad","publisher":{"@id":"https:\/\/beebipood.ee\/ru\/#organization"},"potentialAction":[{"@type":"SearchAction","target":{"@type":"EntryPoint","urlTemplate":"https:\/\/beebipood.ee\/ru\/?s={search_term_string}"},"query-input":{"@type":"PropertyValueSpecification","valueRequired":true,"valueName":"search_term_string"}}],"inLanguage":"ru-RU"},{"@type":"Organization","@id":"https:\/\/beebipood.ee\/ru\/#organization","name":"Beebipood","url":"https:\/\/beebipood.ee\/ru\/","logo":{"@type":"ImageObject","inLanguage":"ru-RU","@id":"https:\/\/beebipood.ee\/ru\/#\/schema\/logo\/image\/","url":"https:\/\/beebipood.ee\/wp-content\/uploads\/2025\/03\/beebipood.ee-logo-1.svg","contentUrl":"https:\/\/beebipood.ee\/wp-content\/uploads\/2025\/03\/beebipood.ee-logo-1.svg","caption":"Beebipood"},"image":{"@id":"https:\/\/beebipood.ee\/ru\/#\/schema\/logo\/image\/"}}]}},"brands":[{"id":11980,"name":"THULE","slug":"thule-ru"}],"_links":{"self":[{"href":"https:\/\/beebipood.ee\/ru\/wp-json\/wp\/v2\/product\/512400","targetHints":{"allow":["GET"]}}],"collection":[{"href":"https:\/\/beebipood.ee\/ru\/wp-json\/wp\/v2\/product"}],"about":[{"href":"https:\/\/beebipood.ee\/ru\/wp-json\/wp\/v2\/types\/product"}],"wp:featuredmedia":[{"embeddable":true,"href":"https:\/\/beebipood.ee\/ru\/wp-json\/wp\/v2\/media\/512402"}],"wp:attachment":[{"href":"https:\/\/beebipood.ee\/ru\/wp-json\/wp\/v2\/media?parent=512400"}],"wp:term":[{"taxonomy":"pwb-brand","embeddable":true,"href":"https:\/\/beebipood.ee\/ru\/wp-json\/wp\/v2\/pwb-brand?post=512400"},{"taxonomy":"product_brand","embeddable":true,"href":"https:\/\/beebipood.ee\/ru\/wp-json\/wp\/v2\/product_brand?post=512400"},{"taxonomy":"product_cat","embeddable":true,"href":"https:\/\/beebipood.ee\/ru\/wp-json\/wp\/v2\/product_cat?post=512400"},{"taxonomy":"product_tag","embeddable":true,"href":"https:\/\/beebipood.ee\/ru\/wp-json\/wp\/v2\/product_tag?post=512400"}],"curies":[{"name":"wp","href":"https:\/\/api.w.org\/{rel}","templated":true}]}}