{"id":512472,"date":"2026-03-18T15:12:12","date_gmt":"2026-03-18T13:12:12","guid":{"rendered":"https:\/\/beebipood.ee\/?post_type=product&#038;p=512472"},"modified":"2026-03-18T15:20:35","modified_gmt":"2026-03-18T13:20:35","slug":"baby-brezza-instant-warmer-kiirsoojendaja-black","status":"publish","type":"product","link":"https:\/\/beebipood.ee\/ru\/produkt\/baby-brezza-instant-warmer-kiirsoojendaja-black\/","title":{"rendered":"Baby Brezza Instant Warmer kiirsoojendaja, Black"},"content":{"rendered":"<h2 data-section-id=\"10xbnff\" data-start=\"0\" data-end=\"60\">\ud83c\udf7c <strong data-start=\"6\" data-end=\"60\">Baby Brezza Instant Warmer \u2013 soe lutipudel hetkega<\/strong><\/h2>\n<p data-start=\"62\" data-end=\"145\"><strong data-start=\"62\" data-end=\"145\">N\u00e4ljasele beebile piimasegu valmistamine pole kunagi olnud nii kiire ja lihtne.<\/strong><\/p>\n<p data-start=\"147\" data-end=\"381\">Baby Brezza Instant Warmer doseerib <strong data-start=\"183\" data-end=\"225\">\u00f5ige temperatuuriga sooja vee koheselt<\/strong>, nii et saad lutipudeli valmis teha ilma ootamiseta. Enam ei pea vett eraldi keetma ja jahutama \u2013 k\u00f5ik on alati valmis just siis, kui sinu laps seda vajab.<\/p>\n<p data-start=\"383\" data-end=\"443\">Lihtsalt vajuta hooba ja vesi on kohe sobiva temperatuuriga.<\/p>\n<hr data-start=\"445\" data-end=\"448\" \/>\n<h3 data-section-id=\"1w9jg26\" data-start=\"450\" data-end=\"486\">\ud83d\udc9b Miks vanemad seda armastavad?<\/h3>\n<p data-start=\"488\" data-end=\"665\">\u2714 <strong data-start=\"490\" data-end=\"509\">Kohene lahendus<\/strong> \u2013 ei mingit ootamist<br data-start=\"530\" data-end=\"533\" \/>\u2714 <strong data-start=\"535\" data-end=\"567\">Soe vesi alati valmis (24\/7)<\/strong><br data-start=\"567\" data-end=\"570\" \/>\u2714 <strong data-start=\"572\" data-end=\"604\">\u00dchtlane ja ohutu temperatuur<\/strong> \u2013 mitte kunagi liiga kuum<br data-start=\"630\" data-end=\"633\" \/>\u2714 <strong data-start=\"635\" data-end=\"663\">Lihtne kasutada ka \u00f6\u00f6sel<\/strong><\/p>\n<p data-start=\"667\" data-end=\"727\">See on eriti mugav \u00f6isteks toitmisteks, kui iga sekund loeb.<\/p>\n<hr data-start=\"729\" data-end=\"732\" \/>\n<h3 data-section-id=\"kndfca\" data-start=\"734\" data-end=\"763\">\ud83c\udf21\ufe0f 3 temperatuurivalikut<\/h3>\n<p data-start=\"765\" data-end=\"803\">Vali just see, mis sobib sinu beebile:<\/p>\n<ul data-start=\"805\" data-end=\"893\">\n<li data-section-id=\"1lvqem\" data-start=\"805\" data-end=\"834\">\n<p data-start=\"807\" data-end=\"834\"><strong data-start=\"807\" data-end=\"815\">22\u00b0C<\/strong> \u2013 toatemperatuur<\/p>\n<\/li>\n<li data-section-id=\"fk48ev\" data-start=\"835\" data-end=\"865\">\n<p data-start=\"837\" data-end=\"865\"><strong data-start=\"837\" data-end=\"845\">37\u00b0C<\/strong> \u2013 kehatemperatuur<\/p>\n<\/li>\n<li data-section-id=\"1xk31m\" data-start=\"866\" data-end=\"893\">\n<p data-start=\"868\" data-end=\"893\"><strong data-start=\"868\" data-end=\"876\">40\u00b0C<\/strong> \u2013 veidi soojem<\/p>\n<\/li>\n<\/ul>\n<p data-start=\"895\" data-end=\"973\">Seade <strong data-start=\"901\" data-end=\"929\">j\u00e4tab sinu valiku meelde<\/strong>, et j\u00e4rgmine kord oleks k\u00f5ik veelgi kiirem.<\/p>\n<hr data-start=\"975\" data-end=\"978\" \/>\n<h3 data-section-id=\"1cecdku\" data-start=\"980\" data-end=\"1016\">\ud83d\udc76 Igap\u00e4evane mugavus ja h\u00fcgieen<\/h3>\n<ul data-start=\"1018\" data-end=\"1201\">\n<li data-section-id=\"c8sk99\" data-start=\"1018\" data-end=\"1071\">\n<p data-start=\"1020\" data-end=\"1071\"><strong data-start=\"1020\" data-end=\"1044\">1,5-liitrine veepaak<\/strong> \u2013 piisab terveks p\u00e4evaks<\/p>\n<\/li>\n<li data-section-id=\"yq2xz2\" data-start=\"1072\" data-end=\"1119\">\n<p data-start=\"1074\" data-end=\"1119\">Hermeetiliselt suletud paak hoiab vee puhta<\/p>\n<\/li>\n<li data-section-id=\"t90snv\" data-start=\"1120\" data-end=\"1156\">\n<p data-start=\"1122\" data-end=\"1156\">Sobib <strong data-start=\"1128\" data-end=\"1154\">k\u00f5ikide lutipudelitega<\/strong><\/p>\n<\/li>\n<li data-section-id=\"19eyn2b\" data-start=\"1157\" data-end=\"1201\">\n<p data-start=\"1159\" data-end=\"1201\"><strong data-start=\"1159\" data-end=\"1183\">BPA-vabad materjalid<\/strong> \u2013 ohutu beebile<\/p>\n<\/li>\n<\/ul>\n<p data-start=\"1203\" data-end=\"1265\">Lihtsalt lisa piimasegu ja sega \u2013 pudel on valmis sekunditega.<\/p>\n<hr data-start=\"1267\" data-end=\"1270\" \/>\n<h3 data-section-id=\"100232v\" data-start=\"1272\" data-end=\"1305\">\u23f1 Rohkem aega oma lapse jaoks<\/h3>\n<p data-start=\"1307\" data-end=\"1472\">See nutikas seade aitab sul s\u00e4\u00e4sta v\u00e4\u00e4rtuslikku aega ja muuta igap\u00e4evased toimetused sujuvamaks. V\u00e4hem stressi, v\u00e4hem ootamist \u2013 rohkem rahulikke hetki koos beebiga.<\/p>\n<hr data-start=\"1474\" data-end=\"1477\" \/>\n<h3 data-section-id=\"z0tpdz\" data-start=\"1479\" data-end=\"1501\">\u2714 Peamised eelised<\/h3>\n<ul data-start=\"1503\" data-end=\"1721\">\n<li data-section-id=\"11oz929\" data-start=\"1503\" data-end=\"1542\">\n<p data-start=\"1505\" data-end=\"1542\">Piimasegu valmistamine <strong data-start=\"1528\" data-end=\"1540\">koheselt<\/strong><\/p>\n<\/li>\n<li data-section-id=\"1gaodf3\" data-start=\"1543\" data-end=\"1578\">\n<p data-start=\"1545\" data-end=\"1578\">Sooja vee doseerimine igal ajal<\/p>\n<\/li>\n<li data-section-id=\"afpw7i\" data-start=\"1579\" data-end=\"1610\">\n<p data-start=\"1581\" data-end=\"1610\">3 t\u00e4pset temperatuuriseadet<\/p>\n<\/li>\n<li data-section-id=\"13usevl\" data-start=\"1611\" data-end=\"1635\">\n<p data-start=\"1613\" data-end=\"1635\">Universaalne kasutus<\/p>\n<\/li>\n<li data-section-id=\"1588qoj\" data-start=\"1636\" data-end=\"1673\">\n<p data-start=\"1638\" data-end=\"1673\">H\u00fcgieeniline ja praktiline disain<\/p>\n<\/li>\n<li data-section-id=\"1wvsyk5\" data-start=\"1674\" data-end=\"1700\">\n<p data-start=\"1676\" data-end=\"1700\"><strong data-start=\"1676\" data-end=\"1698\">2-aastane garantii<\/strong><\/p>\n<\/li>\n<li data-section-id=\"7f2dho\" data-start=\"1701\" data-end=\"1721\">\n<p data-start=\"1703\" data-end=\"1721\">Auhinnatud toode<\/p>\n<\/li>\n<\/ul>\n<hr data-start=\"1723\" data-end=\"1726\" \/>\n<p data-start=\"1728\" data-end=\"1868\" data-is-last-node=\"\" data-is-only-node=\"\">\ud83d\udc9b <strong data-start=\"1731\" data-end=\"1761\">Baby Brezza Instant Warmer<\/strong> on ideaalne abiline kiire elutempoga peredele, kes hindavad <strong data-start=\"1822\" data-end=\"1858\">mugavust, kiirust ja turvalisust<\/strong> iga p\u00e4ev.<\/p>\n","protected":false},"excerpt":{"rendered":"<p>\ud83c\udf7c Baby Brezza Instant Warmer \u2013 soe lutipudel hetkega N\u00e4ljasele beebile piimasegu valmistamine pole kunagi olnud nii kiire ja lihtne. Baby Brezza Instant Warmer doseerib \u00f5ige temperatuuriga sooja vee koheselt, nii et saad lutipudeli valmis teha ilma ootamiseta. Enam ei pea vett eraldi keetma ja jahutama \u2013 k\u00f5ik on alati valmis just siis, kui sinu [&hellip;]<\/p>\n","protected":false},"featured_media":512476,"template":"","meta":{"_acf_changed":false},"pwb-brand":[],"product_brand":[],"product_cat":[11709,11883],"product_tag":[],"class_list":{"0":"post-512472","1":"product","2":"type-product","3":"status-publish","4":"has-post-thumbnail","6":"product_cat-sootmistoolid-beebi-ja-lastetarbed-mahkimine-hugieen-ru","7":"product_cat-toidu-valmistamine-ru","9":"first","10":"instock","11":"taxable","12":"shipping-taxable","13":"purchasable","14":"product-type-simple"},"exclude_global_add_ons":[],"addons":[],"acf":[],"yoast_head":"<!-- This site is optimized with the Yoast SEO plugin v27.1.1 - https:\/\/yoast.com\/product\/yoast-seo-wordpress\/ -->\n<title>Baby Brezza Instant Warmer kiirsoojendaja , \u0421\u041a\u0418\u0414\u041a\u0418, \u041f\u0440\u0438\u043d\u0430\u0434\u043b\u0435\u0436\u043d\u043e\u0441\u0442\u0438 \u0434\u043b\u044f \u043c\u043b\u0430\u0434\u0435\u043d\u0446\u0435\u0432, \u041f\u0440\u0438\u0433\u043e\u0442\u043e\u0432\u043b\u0435\u043d\u0438\u0435 , Beebipood<\/title>\n<meta name=\"description\" content=\"Baby Brezza Instant Warmer kiirsoojendaja , N\u00e4ljasele lapsele piimasegu valmistamine on muutunud n\u00fc\u00fcdsest kiiremaks ja lihtsamaks. &lt;br \/\" \/>\n<meta name=\"robots\" content=\"index, follow, max-snippet:-1, max-image-preview:large, max-video-preview:-1\" \/>\n<link rel=\"canonical\" href=\"https:\/\/beebipood.ee\/ru\/produkt\/baby-brezza-instant-warmer-kiirsoojendaja-black\/\" \/>\n<meta property=\"og:locale\" content=\"ru_RU\" \/>\n<meta property=\"og:type\" content=\"article\" \/>\n<meta property=\"og:title\" content=\"Baby Brezza Instant Warmer kiirsoojendaja , \u0421\u041a\u0418\u0414\u041a\u0418, \u041f\u0440\u0438\u043d\u0430\u0434\u043b\u0435\u0436\u043d\u043e\u0441\u0442\u0438 \u0434\u043b\u044f \u043c\u043b\u0430\u0434\u0435\u043d\u0446\u0435\u0432, \u041f\u0440\u0438\u0433\u043e\u0442\u043e\u0432\u043b\u0435\u043d\u0438\u0435 , Beebipood\" \/>\n<meta property=\"og:description\" content=\"Baby Brezza Instant Warmer kiirsoojendaja , N\u00e4ljasele lapsele piimasegu valmistamine on muutunud n\u00fc\u00fcdsest kiiremaks ja lihtsamaks. &lt;br \/\" \/>\n<meta property=\"og:url\" content=\"https:\/\/beebipood.ee\/ru\/produkt\/baby-brezza-instant-warmer-kiirsoojendaja-black\/\" \/>\n<meta property=\"og:site_name\" content=\"Beebipood\" \/>\n<meta property=\"article:modified_time\" content=\"2026-03-18T13:20:35+00:00\" \/>\n<meta property=\"og:image\" content=\"https:\/\/beebipood.ee\/wp-content\/uploads\/2026\/03\/220-iw-black.jpg\" \/>\n\t<meta property=\"og:image:width\" content=\"2400\" \/>\n\t<meta property=\"og:image:height\" content=\"2400\" \/>\n\t<meta property=\"og:image:type\" content=\"image\/jpeg\" \/>\n<meta name=\"twitter:card\" content=\"summary_large_image\" \/>\n<meta name=\"twitter:label1\" content=\"\u041f\u0440\u0438\u043c\u0435\u0440\u043d\u043e\u0435 \u0432\u0440\u0435\u043c\u044f \u0434\u043b\u044f \u0447\u0442\u0435\u043d\u0438\u044f\" \/>\n\t<meta name=\"twitter:data1\" content=\"2 \u043c\u0438\u043d\u0443\u0442\u044b\" \/>\n<script type=\"application\/ld+json\" class=\"yoast-schema-graph\">{\"@context\":\"https:\/\/schema.org\",\"@graph\":[{\"@type\":\"WebPage\",\"@id\":\"https:\/\/beebipood.ee\/ru\/produkt\/baby-brezza-instant-warmer-kiirsoojendaja-black\/\",\"url\":\"https:\/\/beebipood.ee\/ru\/produkt\/baby-brezza-instant-warmer-kiirsoojendaja-black\/\",\"name\":\"Baby Brezza Instant Warmer kiirsoojendaja , \u0421\u041a\u0418\u0414\u041a\u0418, \u041f\u0440\u0438\u043d\u0430\u0434\u043b\u0435\u0436\u043d\u043e\u0441\u0442\u0438 \u0434\u043b\u044f \u043c\u043b\u0430\u0434\u0435\u043d\u0446\u0435\u0432, \u041f\u0440\u0438\u0433\u043e\u0442\u043e\u0432\u043b\u0435\u043d\u0438\u0435 , Beebipood\",\"isPartOf\":{\"@id\":\"https:\/\/beebipood.ee\/ru\/#website\"},\"primaryImageOfPage\":{\"@id\":\"https:\/\/beebipood.ee\/ru\/produkt\/baby-brezza-instant-warmer-kiirsoojendaja-black\/#primaryimage\"},\"image\":{\"@id\":\"https:\/\/beebipood.ee\/ru\/produkt\/baby-brezza-instant-warmer-kiirsoojendaja-black\/#primaryimage\"},\"thumbnailUrl\":\"https:\/\/beebipood.ee\/wp-content\/uploads\/2026\/03\/220-iw-black.jpg\",\"datePublished\":\"2026-03-18T13:12:12+00:00\",\"dateModified\":\"2026-03-18T13:20:35+00:00\",\"description\":\"Baby Brezza Instant Warmer kiirsoojendaja , N\u00e4ljasele lapsele piimasegu valmistamine on muutunud n\u00fc\u00fcdsest kiiremaks ja lihtsamaks. &lt;br \/\",\"breadcrumb\":{\"@id\":\"https:\/\/beebipood.ee\/ru\/produkt\/baby-brezza-instant-warmer-kiirsoojendaja-black\/#breadcrumb\"},\"inLanguage\":\"ru-RU\",\"potentialAction\":[{\"@type\":\"ReadAction\",\"target\":[\"https:\/\/beebipood.ee\/ru\/produkt\/baby-brezza-instant-warmer-kiirsoojendaja-black\/\"]}]},{\"@type\":\"ImageObject\",\"inLanguage\":\"ru-RU\",\"@id\":\"https:\/\/beebipood.ee\/ru\/produkt\/baby-brezza-instant-warmer-kiirsoojendaja-black\/#primaryimage\",\"url\":\"https:\/\/beebipood.ee\/wp-content\/uploads\/2026\/03\/220-iw-black.jpg\",\"contentUrl\":\"https:\/\/beebipood.ee\/wp-content\/uploads\/2026\/03\/220-iw-black.jpg\",\"width\":2400,\"height\":2400},{\"@type\":\"BreadcrumbList\",\"@id\":\"https:\/\/beebipood.ee\/ru\/produkt\/baby-brezza-instant-warmer-kiirsoojendaja-black\/#breadcrumb\",\"itemListElement\":[{\"@type\":\"ListItem\",\"position\":1,\"name\":\"Home\",\"item\":\"https:\/\/beebipood.ee\/ru\/\"},{\"@type\":\"ListItem\",\"position\":2,\"name\":\"\u041a\u0430\u0442\u0430\u043b\u043e\u0433 \u0442\u043e\u0432\u0430\u0440\u043e\u0432\",\"item\":\"https:\/\/beebipood.ee\/tooted\/\"},{\"@type\":\"ListItem\",\"position\":3,\"name\":\"Baby Brezza Instant Warmer kiirsoojendaja, Black\"}]},{\"@type\":\"WebSite\",\"@id\":\"https:\/\/beebipood.ee\/ru\/#website\",\"url\":\"https:\/\/beebipood.ee\/ru\/\",\"name\":\"Beebipood\",\"description\":\"Lastekaubad, beebikaubad, m\u00e4nguasjad\",\"publisher\":{\"@id\":\"https:\/\/beebipood.ee\/ru\/#organization\"},\"potentialAction\":[{\"@type\":\"SearchAction\",\"target\":{\"@type\":\"EntryPoint\",\"urlTemplate\":\"https:\/\/beebipood.ee\/ru\/?s={search_term_string}\"},\"query-input\":{\"@type\":\"PropertyValueSpecification\",\"valueRequired\":true,\"valueName\":\"search_term_string\"}}],\"inLanguage\":\"ru-RU\"},{\"@type\":\"Organization\",\"@id\":\"https:\/\/beebipood.ee\/ru\/#organization\",\"name\":\"Beebipood\",\"url\":\"https:\/\/beebipood.ee\/ru\/\",\"logo\":{\"@type\":\"ImageObject\",\"inLanguage\":\"ru-RU\",\"@id\":\"https:\/\/beebipood.ee\/ru\/#\/schema\/logo\/image\/\",\"url\":\"https:\/\/beebipood.ee\/wp-content\/uploads\/2025\/03\/beebipood.ee-logo-1.svg\",\"contentUrl\":\"https:\/\/beebipood.ee\/wp-content\/uploads\/2025\/03\/beebipood.ee-logo-1.svg\",\"caption\":\"Beebipood\"},\"image\":{\"@id\":\"https:\/\/beebipood.ee\/ru\/#\/schema\/logo\/image\/\"}}]}<\/script>\n<!-- \/ Yoast SEO plugin. -->","yoast_head_json":{"title":"Baby Brezza Instant Warmer kiirsoojendaja , \u0421\u041a\u0418\u0414\u041a\u0418, \u041f\u0440\u0438\u043d\u0430\u0434\u043b\u0435\u0436\u043d\u043e\u0441\u0442\u0438 \u0434\u043b\u044f \u043c\u043b\u0430\u0434\u0435\u043d\u0446\u0435\u0432, \u041f\u0440\u0438\u0433\u043e\u0442\u043e\u0432\u043b\u0435\u043d\u0438\u0435 , Beebipood","description":"Baby Brezza Instant Warmer kiirsoojendaja , N\u00e4ljasele lapsele piimasegu valmistamine on muutunud n\u00fc\u00fcdsest kiiremaks ja lihtsamaks. &lt;br \/","robots":{"index":"index","follow":"follow","max-snippet":"max-snippet:-1","max-image-preview":"max-image-preview:large","max-video-preview":"max-video-preview:-1"},"canonical":"https:\/\/beebipood.ee\/ru\/produkt\/baby-brezza-instant-warmer-kiirsoojendaja-black\/","og_locale":"ru_RU","og_type":"article","og_title":"Baby Brezza Instant Warmer kiirsoojendaja , \u0421\u041a\u0418\u0414\u041a\u0418, \u041f\u0440\u0438\u043d\u0430\u0434\u043b\u0435\u0436\u043d\u043e\u0441\u0442\u0438 \u0434\u043b\u044f \u043c\u043b\u0430\u0434\u0435\u043d\u0446\u0435\u0432, \u041f\u0440\u0438\u0433\u043e\u0442\u043e\u0432\u043b\u0435\u043d\u0438\u0435 , Beebipood","og_description":"Baby Brezza Instant Warmer kiirsoojendaja , N\u00e4ljasele lapsele piimasegu valmistamine on muutunud n\u00fc\u00fcdsest kiiremaks ja lihtsamaks. &lt;br \/","og_url":"https:\/\/beebipood.ee\/ru\/produkt\/baby-brezza-instant-warmer-kiirsoojendaja-black\/","og_site_name":"Beebipood","article_modified_time":"2026-03-18T13:20:35+00:00","og_image":[{"width":2400,"height":2400,"url":"https:\/\/beebipood.ee\/wp-content\/uploads\/2026\/03\/220-iw-black.jpg","type":"image\/jpeg"}],"twitter_card":"summary_large_image","twitter_misc":{"\u041f\u0440\u0438\u043c\u0435\u0440\u043d\u043e\u0435 \u0432\u0440\u0435\u043c\u044f \u0434\u043b\u044f \u0447\u0442\u0435\u043d\u0438\u044f":"2 \u043c\u0438\u043d\u0443\u0442\u044b"},"schema":{"@context":"https:\/\/schema.org","@graph":[{"@type":"WebPage","@id":"https:\/\/beebipood.ee\/ru\/produkt\/baby-brezza-instant-warmer-kiirsoojendaja-black\/","url":"https:\/\/beebipood.ee\/ru\/produkt\/baby-brezza-instant-warmer-kiirsoojendaja-black\/","name":"Baby Brezza Instant Warmer kiirsoojendaja , \u0421\u041a\u0418\u0414\u041a\u0418, \u041f\u0440\u0438\u043d\u0430\u0434\u043b\u0435\u0436\u043d\u043e\u0441\u0442\u0438 \u0434\u043b\u044f \u043c\u043b\u0430\u0434\u0435\u043d\u0446\u0435\u0432, \u041f\u0440\u0438\u0433\u043e\u0442\u043e\u0432\u043b\u0435\u043d\u0438\u0435 , Beebipood","isPartOf":{"@id":"https:\/\/beebipood.ee\/ru\/#website"},"primaryImageOfPage":{"@id":"https:\/\/beebipood.ee\/ru\/produkt\/baby-brezza-instant-warmer-kiirsoojendaja-black\/#primaryimage"},"image":{"@id":"https:\/\/beebipood.ee\/ru\/produkt\/baby-brezza-instant-warmer-kiirsoojendaja-black\/#primaryimage"},"thumbnailUrl":"https:\/\/beebipood.ee\/wp-content\/uploads\/2026\/03\/220-iw-black.jpg","datePublished":"2026-03-18T13:12:12+00:00","dateModified":"2026-03-18T13:20:35+00:00","description":"Baby Brezza Instant Warmer kiirsoojendaja , N\u00e4ljasele lapsele piimasegu valmistamine on muutunud n\u00fc\u00fcdsest kiiremaks ja lihtsamaks. &lt;br \/","breadcrumb":{"@id":"https:\/\/beebipood.ee\/ru\/produkt\/baby-brezza-instant-warmer-kiirsoojendaja-black\/#breadcrumb"},"inLanguage":"ru-RU","potentialAction":[{"@type":"ReadAction","target":["https:\/\/beebipood.ee\/ru\/produkt\/baby-brezza-instant-warmer-kiirsoojendaja-black\/"]}]},{"@type":"ImageObject","inLanguage":"ru-RU","@id":"https:\/\/beebipood.ee\/ru\/produkt\/baby-brezza-instant-warmer-kiirsoojendaja-black\/#primaryimage","url":"https:\/\/beebipood.ee\/wp-content\/uploads\/2026\/03\/220-iw-black.jpg","contentUrl":"https:\/\/beebipood.ee\/wp-content\/uploads\/2026\/03\/220-iw-black.jpg","width":2400,"height":2400},{"@type":"BreadcrumbList","@id":"https:\/\/beebipood.ee\/ru\/produkt\/baby-brezza-instant-warmer-kiirsoojendaja-black\/#breadcrumb","itemListElement":[{"@type":"ListItem","position":1,"name":"Home","item":"https:\/\/beebipood.ee\/ru\/"},{"@type":"ListItem","position":2,"name":"\u041a\u0430\u0442\u0430\u043b\u043e\u0433 \u0442\u043e\u0432\u0430\u0440\u043e\u0432","item":"https:\/\/beebipood.ee\/tooted\/"},{"@type":"ListItem","position":3,"name":"Baby Brezza Instant Warmer kiirsoojendaja, Black"}]},{"@type":"WebSite","@id":"https:\/\/beebipood.ee\/ru\/#website","url":"https:\/\/beebipood.ee\/ru\/","name":"Beebipood","description":"Lastekaubad, beebikaubad, m\u00e4nguasjad","publisher":{"@id":"https:\/\/beebipood.ee\/ru\/#organization"},"potentialAction":[{"@type":"SearchAction","target":{"@type":"EntryPoint","urlTemplate":"https:\/\/beebipood.ee\/ru\/?s={search_term_string}"},"query-input":{"@type":"PropertyValueSpecification","valueRequired":true,"valueName":"search_term_string"}}],"inLanguage":"ru-RU"},{"@type":"Organization","@id":"https:\/\/beebipood.ee\/ru\/#organization","name":"Beebipood","url":"https:\/\/beebipood.ee\/ru\/","logo":{"@type":"ImageObject","inLanguage":"ru-RU","@id":"https:\/\/beebipood.ee\/ru\/#\/schema\/logo\/image\/","url":"https:\/\/beebipood.ee\/wp-content\/uploads\/2025\/03\/beebipood.ee-logo-1.svg","contentUrl":"https:\/\/beebipood.ee\/wp-content\/uploads\/2025\/03\/beebipood.ee-logo-1.svg","caption":"Beebipood"},"image":{"@id":"https:\/\/beebipood.ee\/ru\/#\/schema\/logo\/image\/"}}]}},"brands":[],"_links":{"self":[{"href":"https:\/\/beebipood.ee\/ru\/wp-json\/wp\/v2\/product\/512472","targetHints":{"allow":["GET"]}}],"collection":[{"href":"https:\/\/beebipood.ee\/ru\/wp-json\/wp\/v2\/product"}],"about":[{"href":"https:\/\/beebipood.ee\/ru\/wp-json\/wp\/v2\/types\/product"}],"wp:featuredmedia":[{"embeddable":true,"href":"https:\/\/beebipood.ee\/ru\/wp-json\/wp\/v2\/media\/512476"}],"wp:attachment":[{"href":"https:\/\/beebipood.ee\/ru\/wp-json\/wp\/v2\/media?parent=512472"}],"wp:term":[{"taxonomy":"pwb-brand","embeddable":true,"href":"https:\/\/beebipood.ee\/ru\/wp-json\/wp\/v2\/pwb-brand?post=512472"},{"taxonomy":"product_brand","embeddable":true,"href":"https:\/\/beebipood.ee\/ru\/wp-json\/wp\/v2\/product_brand?post=512472"},{"taxonomy":"product_cat","embeddable":true,"href":"https:\/\/beebipood.ee\/ru\/wp-json\/wp\/v2\/product_cat?post=512472"},{"taxonomy":"product_tag","embeddable":true,"href":"https:\/\/beebipood.ee\/ru\/wp-json\/wp\/v2\/product_tag?post=512472"}],"curies":[{"name":"wp","href":"https:\/\/api.w.org\/{rel}","templated":true}]}}