{"id":512557,"date":"2026-03-24T07:24:17","date_gmt":"2026-03-24T05:24:17","guid":{"rendered":"https:\/\/beebipood.ee\/?post_type=product&#038;p=512557"},"modified":"2026-03-24T07:31:54","modified_gmt":"2026-03-24T05:31:54","slug":"axkid-up-topsihoidja","status":"publish","type":"product","link":"https:\/\/beebipood.ee\/ru\/produkt\/axkid-up-topsihoidja\/","title":{"rendered":"Axkid Up\u2122 topsihoidja"},"content":{"rendered":"<p data-start=\"0\" data-end=\"49\"><strong data-start=\"0\" data-end=\"49\">Axkid Up\u2122 topsihoidja \u2013 mugavus igaks s\u00f5iduks<\/strong><\/p>\n<p data-start=\"51\" data-end=\"250\">Axkid Up\u2122 topsihoidja on praktiline lisatarvik, mis hoiab lapse joogi v\u00f5i v\u00e4ikese sn\u00e4ki alati k\u00e4eulatuses. Ideaalne lahendus igap\u00e4evasteks autos\u00f5itudeks, et laps tunneks end mugavalt ja rahulolevalt.<\/p>\n<p data-start=\"252\" data-end=\"459\"><strong data-start=\"252\" data-end=\"282\">Lihtne ja kindel paigaldus<\/strong><br data-start=\"282\" data-end=\"285\" \/>Topsihoidja kinnitub istme k\u00fclge kiirelt ja turvaliselt ning seda saab paigaldada m\u00f5lemale poole. Stabiilne disain aitab v\u00e4ltida \u00fcmberminekuid ja hoiab joogi kindlalt paigal.<\/p>\n<p data-start=\"461\" data-end=\"621\"><strong data-start=\"461\" data-end=\"486\">Stiilne ja praktiline<\/strong><br data-start=\"486\" data-end=\"489\" \/>L\u00e4bim\u00f5eldud disain v\u00f5imaldab lapsel iseseisvalt oma joogile ligi p\u00e4\u00e4seda. See teeb autos\u00f5idu sujuvamaks nii lapsele kui ka vanemale.<\/p>\n<p data-start=\"623\" data-end=\"642\"><strong data-start=\"623\" data-end=\"640\">Toote andmed:<\/strong><\/p>\n<ul data-start=\"643\" data-end=\"739\">\n<li data-section-id=\"1nkhb8n\" data-start=\"643\" data-end=\"658\">Laius: 9 cm<\/li>\n<li data-section-id=\"1e1jy47\" data-start=\"659\" data-end=\"677\">K\u00f5rgus: 8,2 cm<\/li>\n<li data-section-id=\"6drdvg\" data-start=\"678\" data-end=\"695\">S\u00fcgavus: 9 cm<\/li>\n<li data-section-id=\"1k0f7l1\" data-start=\"696\" data-end=\"739\">Sobib kasutamiseks Axkid Up\u2122 turvatooliga<\/li>\n<\/ul>\n<p data-start=\"741\" data-end=\"783\" data-is-last-node=\"\" data-is-only-node=\"\">Mugav ja usaldusv\u00e4\u00e4rne valik igale perele!<\/p>\n","protected":false},"excerpt":{"rendered":"<p>Axkid Up\u2122 topsihoidja \u2013 mugavus igaks s\u00f5iduks Axkid Up\u2122 topsihoidja on praktiline lisatarvik, mis hoiab lapse joogi v\u00f5i v\u00e4ikese sn\u00e4ki alati k\u00e4eulatuses. Ideaalne lahendus igap\u00e4evasteks autos\u00f5itudeks, et laps tunneks end mugavalt ja rahulolevalt. Lihtne ja kindel paigaldusTopsihoidja kinnitub istme k\u00fclge kiirelt ja turvaliselt ning seda saab paigaldada m\u00f5lemale poole. Stabiilne disain aitab v\u00e4ltida \u00fcmberminekuid ja [&hellip;]<\/p>\n","protected":false},"featured_media":512563,"template":"","meta":{"_acf_changed":false},"pwb-brand":[11955],"product_brand":[],"product_cat":[11863,11813,11575,11727,11871,11797,11791],"product_tag":[],"class_list":{"0":"post-512557","1":"product","2":"type-product","3":"status-publish","4":"has-post-thumbnail","6":"pwb-brand-axkid-ru","7":"product_cat-axkid-up","8":"product_cat-axkid-ru","9":"product_cat-uued-tooted-ru","10":"product_cat-turvatoolid-hallid-ru","11":"product_cat-axkid-lisavarustus-ru","12":"product_cat-lisatarvikud-ru-1","13":"product_cat-turvavarustus-ru","14":"pa_manufacturer-axkid-ru","16":"first","17":"instock","18":"taxable","19":"shipping-taxable","20":"purchasable","21":"product-type-simple"},"exclude_global_add_ons":[],"addons":[],"acf":[],"yoast_head":"<!-- This site is optimized with the Yoast SEO plugin v27.1.1 - https:\/\/yoast.com\/product\/yoast-seo-wordpress\/ -->\n<title>Axkid ONE 2 turvatool 61-125cm, Tile-melange, \u0421\u041a\u0418\u0414\u041a\u0418, \u0410\u0432\u0442\u043e\u043a\u0440\u0435\u0441\u043b\u0430, \u043b\u044e\u043b\u044c\u043a\u0438, \u0410\u0432\u0442\u043e\u043a\u0440\u0435\u0441\u043b\u0430 9-25 \u043a\u0433, \u0421\u043d\u0430\u0440\u044f\u0436\u0435\u043d\u0438\u044f \u0431\u0435\u0437\u043e\u043f\u0430\u0441\u043d\u043e\u0441\u0442\u0438, Axkid, Axkid One 2 , A\u0432\u0442\u043e\u043a\u0440\u0435\u0441\u043b\u043e \u0441\u043f\u0438\u043d\u043e\u0439 \u043f\u043e \u0445\u043e\u0434\u0443, Beebipood<\/title>\n<meta name=\"description\" content=\"Axkid ONE 2 turvatool 61-125cm, Tile-melange, Axkid ONE 2 - \u00dcks turvatool l\u00e4bi lapsep\u00f5lve!AXKID ONE 2 annab turvatoolide ohutusele uue\" \/>\n<meta name=\"robots\" content=\"index, follow, max-snippet:-1, max-image-preview:large, max-video-preview:-1\" \/>\n<link rel=\"canonical\" href=\"https:\/\/beebipood.ee\/ru\/produkt\/axkid-up-topsihoidja\/\" \/>\n<meta property=\"og:locale\" content=\"ru_RU\" \/>\n<meta property=\"og:type\" content=\"article\" \/>\n<meta property=\"og:title\" content=\"Axkid ONE 2 turvatool 61-125cm, Tile-melange, \u0421\u041a\u0418\u0414\u041a\u0418, \u0410\u0432\u0442\u043e\u043a\u0440\u0435\u0441\u043b\u0430, \u043b\u044e\u043b\u044c\u043a\u0438, \u0410\u0432\u0442\u043e\u043a\u0440\u0435\u0441\u043b\u0430 9-25 \u043a\u0433, \u0421\u043d\u0430\u0440\u044f\u0436\u0435\u043d\u0438\u044f \u0431\u0435\u0437\u043e\u043f\u0430\u0441\u043d\u043e\u0441\u0442\u0438, Axkid, Axkid One 2 , A\u0432\u0442\u043e\u043a\u0440\u0435\u0441\u043b\u043e \u0441\u043f\u0438\u043d\u043e\u0439 \u043f\u043e \u0445\u043e\u0434\u0443, Beebipood\" \/>\n<meta property=\"og:description\" content=\"Axkid ONE 2 turvatool 61-125cm, Tile-melange, Axkid ONE 2 - \u00dcks turvatool l\u00e4bi lapsep\u00f5lve!AXKID ONE 2 annab turvatoolide ohutusele uue\" \/>\n<meta property=\"og:url\" content=\"https:\/\/beebipood.ee\/ru\/produkt\/axkid-up-topsihoidja\/\" \/>\n<meta property=\"og:site_name\" content=\"Beebipood\" \/>\n<meta property=\"article:modified_time\" content=\"2026-03-24T05:31:54+00:00\" \/>\n<meta property=\"og:image\" content=\"https:\/\/beebipood.ee\/wp-content\/uploads\/2026\/03\/axkid-up-cup-holder-1.jpg\" \/>\n\t<meta property=\"og:image:width\" content=\"1000\" \/>\n\t<meta property=\"og:image:height\" content=\"1000\" \/>\n\t<meta property=\"og:image:type\" content=\"image\/jpeg\" \/>\n<meta name=\"twitter:card\" content=\"summary_large_image\" \/>\n<meta name=\"twitter:label1\" content=\"\u041f\u0440\u0438\u043c\u0435\u0440\u043d\u043e\u0435 \u0432\u0440\u0435\u043c\u044f \u0434\u043b\u044f \u0447\u0442\u0435\u043d\u0438\u044f\" \/>\n\t<meta name=\"twitter:data1\" content=\"1 \u043c\u0438\u043d\u0443\u0442\u0430\" \/>\n<script type=\"application\/ld+json\" class=\"yoast-schema-graph\">{\"@context\":\"https:\/\/schema.org\",\"@graph\":[{\"@type\":\"WebPage\",\"@id\":\"https:\/\/beebipood.ee\/ru\/produkt\/axkid-up-topsihoidja\/\",\"url\":\"https:\/\/beebipood.ee\/ru\/produkt\/axkid-up-topsihoidja\/\",\"name\":\"Axkid ONE 2 turvatool 61-125cm, Tile-melange, \u0421\u041a\u0418\u0414\u041a\u0418, \u0410\u0432\u0442\u043e\u043a\u0440\u0435\u0441\u043b\u0430, \u043b\u044e\u043b\u044c\u043a\u0438, \u0410\u0432\u0442\u043e\u043a\u0440\u0435\u0441\u043b\u0430 9-25 \u043a\u0433, \u0421\u043d\u0430\u0440\u044f\u0436\u0435\u043d\u0438\u044f \u0431\u0435\u0437\u043e\u043f\u0430\u0441\u043d\u043e\u0441\u0442\u0438, Axkid, Axkid One 2 , A\u0432\u0442\u043e\u043a\u0440\u0435\u0441\u043b\u043e \u0441\u043f\u0438\u043d\u043e\u0439 \u043f\u043e \u0445\u043e\u0434\u0443, Beebipood\",\"isPartOf\":{\"@id\":\"https:\/\/beebipood.ee\/ru\/#website\"},\"primaryImageOfPage\":{\"@id\":\"https:\/\/beebipood.ee\/ru\/produkt\/axkid-up-topsihoidja\/#primaryimage\"},\"image\":{\"@id\":\"https:\/\/beebipood.ee\/ru\/produkt\/axkid-up-topsihoidja\/#primaryimage\"},\"thumbnailUrl\":\"https:\/\/beebipood.ee\/wp-content\/uploads\/2026\/03\/axkid-up-cup-holder-1.jpg\",\"datePublished\":\"2026-03-24T05:24:17+00:00\",\"dateModified\":\"2026-03-24T05:31:54+00:00\",\"description\":\"Axkid ONE 2 turvatool 61-125cm, Tile-melange, Axkid ONE 2 - \u00dcks turvatool l\u00e4bi lapsep\u00f5lve!AXKID ONE 2 annab turvatoolide ohutusele uue\",\"breadcrumb\":{\"@id\":\"https:\/\/beebipood.ee\/ru\/produkt\/axkid-up-topsihoidja\/#breadcrumb\"},\"inLanguage\":\"ru-RU\",\"potentialAction\":[{\"@type\":\"ReadAction\",\"target\":[\"https:\/\/beebipood.ee\/ru\/produkt\/axkid-up-topsihoidja\/\"]}]},{\"@type\":\"ImageObject\",\"inLanguage\":\"ru-RU\",\"@id\":\"https:\/\/beebipood.ee\/ru\/produkt\/axkid-up-topsihoidja\/#primaryimage\",\"url\":\"https:\/\/beebipood.ee\/wp-content\/uploads\/2026\/03\/axkid-up-cup-holder-1.jpg\",\"contentUrl\":\"https:\/\/beebipood.ee\/wp-content\/uploads\/2026\/03\/axkid-up-cup-holder-1.jpg\",\"width\":1000,\"height\":1000},{\"@type\":\"BreadcrumbList\",\"@id\":\"https:\/\/beebipood.ee\/ru\/produkt\/axkid-up-topsihoidja\/#breadcrumb\",\"itemListElement\":[{\"@type\":\"ListItem\",\"position\":1,\"name\":\"Home\",\"item\":\"https:\/\/beebipood.ee\/ru\/\"},{\"@type\":\"ListItem\",\"position\":2,\"name\":\"\u041a\u0430\u0442\u0430\u043b\u043e\u0433 \u0442\u043e\u0432\u0430\u0440\u043e\u0432\",\"item\":\"https:\/\/beebipood.ee\/tooted\/\"},{\"@type\":\"ListItem\",\"position\":3,\"name\":\"Axkid Up\u2122 topsihoidja\"}]},{\"@type\":\"WebSite\",\"@id\":\"https:\/\/beebipood.ee\/ru\/#website\",\"url\":\"https:\/\/beebipood.ee\/ru\/\",\"name\":\"Beebipood\",\"description\":\"Lastekaubad, beebikaubad, m\u00e4nguasjad\",\"publisher\":{\"@id\":\"https:\/\/beebipood.ee\/ru\/#organization\"},\"potentialAction\":[{\"@type\":\"SearchAction\",\"target\":{\"@type\":\"EntryPoint\",\"urlTemplate\":\"https:\/\/beebipood.ee\/ru\/?s={search_term_string}\"},\"query-input\":{\"@type\":\"PropertyValueSpecification\",\"valueRequired\":true,\"valueName\":\"search_term_string\"}}],\"inLanguage\":\"ru-RU\"},{\"@type\":\"Organization\",\"@id\":\"https:\/\/beebipood.ee\/ru\/#organization\",\"name\":\"Beebipood\",\"url\":\"https:\/\/beebipood.ee\/ru\/\",\"logo\":{\"@type\":\"ImageObject\",\"inLanguage\":\"ru-RU\",\"@id\":\"https:\/\/beebipood.ee\/ru\/#\/schema\/logo\/image\/\",\"url\":\"https:\/\/beebipood.ee\/wp-content\/uploads\/2025\/03\/beebipood.ee-logo-1.svg\",\"contentUrl\":\"https:\/\/beebipood.ee\/wp-content\/uploads\/2025\/03\/beebipood.ee-logo-1.svg\",\"caption\":\"Beebipood\"},\"image\":{\"@id\":\"https:\/\/beebipood.ee\/ru\/#\/schema\/logo\/image\/\"}}]}<\/script>\n<!-- \/ Yoast SEO plugin. -->","yoast_head_json":{"title":"Axkid ONE 2 turvatool 61-125cm, Tile-melange, \u0421\u041a\u0418\u0414\u041a\u0418, \u0410\u0432\u0442\u043e\u043a\u0440\u0435\u0441\u043b\u0430, \u043b\u044e\u043b\u044c\u043a\u0438, \u0410\u0432\u0442\u043e\u043a\u0440\u0435\u0441\u043b\u0430 9-25 \u043a\u0433, \u0421\u043d\u0430\u0440\u044f\u0436\u0435\u043d\u0438\u044f \u0431\u0435\u0437\u043e\u043f\u0430\u0441\u043d\u043e\u0441\u0442\u0438, Axkid, Axkid One 2 , A\u0432\u0442\u043e\u043a\u0440\u0435\u0441\u043b\u043e \u0441\u043f\u0438\u043d\u043e\u0439 \u043f\u043e \u0445\u043e\u0434\u0443, Beebipood","description":"Axkid ONE 2 turvatool 61-125cm, Tile-melange, Axkid ONE 2 - \u00dcks turvatool l\u00e4bi lapsep\u00f5lve!AXKID ONE 2 annab turvatoolide ohutusele uue","robots":{"index":"index","follow":"follow","max-snippet":"max-snippet:-1","max-image-preview":"max-image-preview:large","max-video-preview":"max-video-preview:-1"},"canonical":"https:\/\/beebipood.ee\/ru\/produkt\/axkid-up-topsihoidja\/","og_locale":"ru_RU","og_type":"article","og_title":"Axkid ONE 2 turvatool 61-125cm, Tile-melange, \u0421\u041a\u0418\u0414\u041a\u0418, \u0410\u0432\u0442\u043e\u043a\u0440\u0435\u0441\u043b\u0430, \u043b\u044e\u043b\u044c\u043a\u0438, \u0410\u0432\u0442\u043e\u043a\u0440\u0435\u0441\u043b\u0430 9-25 \u043a\u0433, \u0421\u043d\u0430\u0440\u044f\u0436\u0435\u043d\u0438\u044f \u0431\u0435\u0437\u043e\u043f\u0430\u0441\u043d\u043e\u0441\u0442\u0438, Axkid, Axkid One 2 , A\u0432\u0442\u043e\u043a\u0440\u0435\u0441\u043b\u043e \u0441\u043f\u0438\u043d\u043e\u0439 \u043f\u043e \u0445\u043e\u0434\u0443, Beebipood","og_description":"Axkid ONE 2 turvatool 61-125cm, Tile-melange, Axkid ONE 2 - \u00dcks turvatool l\u00e4bi lapsep\u00f5lve!AXKID ONE 2 annab turvatoolide ohutusele uue","og_url":"https:\/\/beebipood.ee\/ru\/produkt\/axkid-up-topsihoidja\/","og_site_name":"Beebipood","article_modified_time":"2026-03-24T05:31:54+00:00","og_image":[{"width":1000,"height":1000,"url":"https:\/\/beebipood.ee\/wp-content\/uploads\/2026\/03\/axkid-up-cup-holder-1.jpg","type":"image\/jpeg"}],"twitter_card":"summary_large_image","twitter_misc":{"\u041f\u0440\u0438\u043c\u0435\u0440\u043d\u043e\u0435 \u0432\u0440\u0435\u043c\u044f \u0434\u043b\u044f \u0447\u0442\u0435\u043d\u0438\u044f":"1 \u043c\u0438\u043d\u0443\u0442\u0430"},"schema":{"@context":"https:\/\/schema.org","@graph":[{"@type":"WebPage","@id":"https:\/\/beebipood.ee\/ru\/produkt\/axkid-up-topsihoidja\/","url":"https:\/\/beebipood.ee\/ru\/produkt\/axkid-up-topsihoidja\/","name":"Axkid ONE 2 turvatool 61-125cm, Tile-melange, \u0421\u041a\u0418\u0414\u041a\u0418, \u0410\u0432\u0442\u043e\u043a\u0440\u0435\u0441\u043b\u0430, \u043b\u044e\u043b\u044c\u043a\u0438, \u0410\u0432\u0442\u043e\u043a\u0440\u0435\u0441\u043b\u0430 9-25 \u043a\u0433, \u0421\u043d\u0430\u0440\u044f\u0436\u0435\u043d\u0438\u044f \u0431\u0435\u0437\u043e\u043f\u0430\u0441\u043d\u043e\u0441\u0442\u0438, Axkid, Axkid One 2 , A\u0432\u0442\u043e\u043a\u0440\u0435\u0441\u043b\u043e \u0441\u043f\u0438\u043d\u043e\u0439 \u043f\u043e \u0445\u043e\u0434\u0443, Beebipood","isPartOf":{"@id":"https:\/\/beebipood.ee\/ru\/#website"},"primaryImageOfPage":{"@id":"https:\/\/beebipood.ee\/ru\/produkt\/axkid-up-topsihoidja\/#primaryimage"},"image":{"@id":"https:\/\/beebipood.ee\/ru\/produkt\/axkid-up-topsihoidja\/#primaryimage"},"thumbnailUrl":"https:\/\/beebipood.ee\/wp-content\/uploads\/2026\/03\/axkid-up-cup-holder-1.jpg","datePublished":"2026-03-24T05:24:17+00:00","dateModified":"2026-03-24T05:31:54+00:00","description":"Axkid ONE 2 turvatool 61-125cm, Tile-melange, Axkid ONE 2 - \u00dcks turvatool l\u00e4bi lapsep\u00f5lve!AXKID ONE 2 annab turvatoolide ohutusele uue","breadcrumb":{"@id":"https:\/\/beebipood.ee\/ru\/produkt\/axkid-up-topsihoidja\/#breadcrumb"},"inLanguage":"ru-RU","potentialAction":[{"@type":"ReadAction","target":["https:\/\/beebipood.ee\/ru\/produkt\/axkid-up-topsihoidja\/"]}]},{"@type":"ImageObject","inLanguage":"ru-RU","@id":"https:\/\/beebipood.ee\/ru\/produkt\/axkid-up-topsihoidja\/#primaryimage","url":"https:\/\/beebipood.ee\/wp-content\/uploads\/2026\/03\/axkid-up-cup-holder-1.jpg","contentUrl":"https:\/\/beebipood.ee\/wp-content\/uploads\/2026\/03\/axkid-up-cup-holder-1.jpg","width":1000,"height":1000},{"@type":"BreadcrumbList","@id":"https:\/\/beebipood.ee\/ru\/produkt\/axkid-up-topsihoidja\/#breadcrumb","itemListElement":[{"@type":"ListItem","position":1,"name":"Home","item":"https:\/\/beebipood.ee\/ru\/"},{"@type":"ListItem","position":2,"name":"\u041a\u0430\u0442\u0430\u043b\u043e\u0433 \u0442\u043e\u0432\u0430\u0440\u043e\u0432","item":"https:\/\/beebipood.ee\/tooted\/"},{"@type":"ListItem","position":3,"name":"Axkid Up\u2122 topsihoidja"}]},{"@type":"WebSite","@id":"https:\/\/beebipood.ee\/ru\/#website","url":"https:\/\/beebipood.ee\/ru\/","name":"Beebipood","description":"Lastekaubad, beebikaubad, m\u00e4nguasjad","publisher":{"@id":"https:\/\/beebipood.ee\/ru\/#organization"},"potentialAction":[{"@type":"SearchAction","target":{"@type":"EntryPoint","urlTemplate":"https:\/\/beebipood.ee\/ru\/?s={search_term_string}"},"query-input":{"@type":"PropertyValueSpecification","valueRequired":true,"valueName":"search_term_string"}}],"inLanguage":"ru-RU"},{"@type":"Organization","@id":"https:\/\/beebipood.ee\/ru\/#organization","name":"Beebipood","url":"https:\/\/beebipood.ee\/ru\/","logo":{"@type":"ImageObject","inLanguage":"ru-RU","@id":"https:\/\/beebipood.ee\/ru\/#\/schema\/logo\/image\/","url":"https:\/\/beebipood.ee\/wp-content\/uploads\/2025\/03\/beebipood.ee-logo-1.svg","contentUrl":"https:\/\/beebipood.ee\/wp-content\/uploads\/2025\/03\/beebipood.ee-logo-1.svg","caption":"Beebipood"},"image":{"@id":"https:\/\/beebipood.ee\/ru\/#\/schema\/logo\/image\/"}}]}},"brands":[{"id":11955,"name":"Axkid","slug":"axkid-ru"}],"_links":{"self":[{"href":"https:\/\/beebipood.ee\/ru\/wp-json\/wp\/v2\/product\/512557","targetHints":{"allow":["GET"]}}],"collection":[{"href":"https:\/\/beebipood.ee\/ru\/wp-json\/wp\/v2\/product"}],"about":[{"href":"https:\/\/beebipood.ee\/ru\/wp-json\/wp\/v2\/types\/product"}],"wp:featuredmedia":[{"embeddable":true,"href":"https:\/\/beebipood.ee\/ru\/wp-json\/wp\/v2\/media\/512563"}],"wp:attachment":[{"href":"https:\/\/beebipood.ee\/ru\/wp-json\/wp\/v2\/media?parent=512557"}],"wp:term":[{"taxonomy":"pwb-brand","embeddable":true,"href":"https:\/\/beebipood.ee\/ru\/wp-json\/wp\/v2\/pwb-brand?post=512557"},{"taxonomy":"product_brand","embeddable":true,"href":"https:\/\/beebipood.ee\/ru\/wp-json\/wp\/v2\/product_brand?post=512557"},{"taxonomy":"product_cat","embeddable":true,"href":"https:\/\/beebipood.ee\/ru\/wp-json\/wp\/v2\/product_cat?post=512557"},{"taxonomy":"product_tag","embeddable":true,"href":"https:\/\/beebipood.ee\/ru\/wp-json\/wp\/v2\/product_tag?post=512557"}],"curies":[{"name":"wp","href":"https:\/\/api.w.org\/{rel}","templated":true}]}}