{"id":512629,"date":"2026-03-24T14:36:51","date_gmt":"2026-03-24T12:36:51","guid":{"rendered":"https:\/\/beebipood.ee\/?post_type=product&#038;p=512629"},"modified":"2026-03-24T14:41:16","modified_gmt":"2026-03-24T12:41:16","slug":"maxi-cosi-indigo-vannijalad","status":"publish","type":"product","link":"https:\/\/beebipood.ee\/ru\/produkt\/maxi-cosi-indigo-vannijalad\/","title":{"rendered":"Maxi-Cosi Indigo vannijalad"},"content":{"rendered":"<h2 data-section-id=\"16p0cyx\" data-start=\"0\" data-end=\"74\">Maxi-Cosi Indigo vannijalad \u2013 mugavus ja turvalisus igaks vannisk\u00e4iguks<\/h2>\n<div class=\"no-scrollbar flex min-h-36 flex-nowrap gap-0.5 overflow-auto sm:gap-1 sm:overflow-hidden xl:min-h-44 mt-1 mb-5 [&amp;:not(:first-child)]:mt-4\">\n<div class=\"border-token-border-default relative w-32 shrink-0 overflow-hidden rounded-xl border-[0.5px] md:shrink max-h-64 sm:w-[calc((100%-0.5rem)\/3)] rounded-s-xl\">\n<div class=\"group\/search-image @container\/search-image relative rounded-[inherit] h-full w-full\">Maxi-Cosi Indigo vannijalad on praktiline ja turvaline alus Maxi-Cosi Indigo ja Indigo Plus beebivannidele. Need t\u00f5stavad vanni mugavale k\u00f5rgusele, et muuta lapse vannitamine lihtsamaks, turvalisemaks ja seljas\u00f5bralikumaks.<\/div>\n<\/div>\n<\/div>\n<hr data-start=\"342\" data-end=\"345\" \/>\n<h3 data-section-id=\"1iz34ey\" data-start=\"347\" data-end=\"376\"><span role=\"text\"><strong data-start=\"351\" data-end=\"376\">Mugavus lapsevanemale<\/strong><\/span><\/h3>\n<p data-start=\"377\" data-end=\"562\">Ergonoomiline k\u00f5rgus aitab v\u00e4ltida liigset kummardamist, muutes igap\u00e4evase vannitamise palju mugavamaks. Ideaalne lahendus just esimesteks elukuudeks, kui vannitamist tuleb ette sageli.<\/p>\n<hr data-start=\"564\" data-end=\"567\" \/>\n<h3 data-section-id=\"ukxd54\" data-start=\"569\" data-end=\"608\"><span role=\"text\"><strong data-start=\"573\" data-end=\"608\">Stabiilne ja turvaline lahendus<\/strong><\/span><\/h3>\n<p data-start=\"609\" data-end=\"767\">Tugev metallraam ja l\u00e4bim\u00f5eldud konstruktsioon tagavad, et vann p\u00fcsib kindlalt paigal. V\u00f5id keskenduda lapsele, teades, et alus on turvaline ja usaldusv\u00e4\u00e4rne.<\/p>\n<hr data-start=\"769\" data-end=\"772\" \/>\n<h3 data-section-id=\"dtwyuz\" data-start=\"774\" data-end=\"810\"><span role=\"text\"><strong data-start=\"778\" data-end=\"810\">Lihtne kasutada ja hoiustada<\/strong><\/span><\/h3>\n<ul data-start=\"811\" data-end=\"924\">\n<li data-section-id=\"x1lsog\" data-start=\"811\" data-end=\"867\">Kokkupandav disain \u2013 sobib ka v\u00e4iksemasse vannituppa<\/li>\n<li data-section-id=\"8wqhgd\" data-start=\"868\" data-end=\"897\">Kiire ja lihtne paigaldus<\/li>\n<li data-section-id=\"1aj2sw3\" data-start=\"898\" data-end=\"924\">Kompaktne kokkupandult<\/li>\n<\/ul>\n<hr data-start=\"926\" data-end=\"929\" \/>\n<h3 data-section-id=\"dxwdr7\" data-start=\"931\" data-end=\"953\"><span role=\"text\"><strong data-start=\"935\" data-end=\"953\">Toote omadused<\/strong><\/span><\/h3>\n<ul data-start=\"954\" data-end=\"1151\">\n<li data-section-id=\"17zujjo\" data-start=\"954\" data-end=\"1008\">Sobib Maxi-Cosi Indigo ja Indigo Plus beebivannile<\/li>\n<li data-section-id=\"lb2qjh\" data-start=\"1009\" data-end=\"1051\">T\u00f5stab vanni ergonoomilisele k\u00f5rgusele<\/li>\n<li data-section-id=\"1eyqopg\" data-start=\"1052\" data-end=\"1089\">Tugev ja stabiilne konstruktsioon<\/li>\n<li data-section-id=\"1787avr\" data-start=\"1090\" data-end=\"1116\">Kokkupandav metallraam<\/li>\n<li data-section-id=\"1flgm7y\" data-start=\"1117\" data-end=\"1151\">Turvaline ja kindel kasutamine<\/li>\n<\/ul>\n<hr data-start=\"1153\" data-end=\"1156\" \/>\n<h3 data-section-id=\"1s2u894\" data-start=\"1158\" data-end=\"1183\"><span role=\"text\"><strong data-start=\"1162\" data-end=\"1183\">Tehnilised andmed<\/strong><\/span><\/h3>\n<ul data-start=\"1184\" data-end=\"1367\">\n<li data-section-id=\"ad57dc\" data-start=\"1184\" data-end=\"1200\">Kaal: 4,1 kg<\/li>\n<li data-section-id=\"1mx5hzy\" data-start=\"1201\" data-end=\"1242\">M\u00f5\u00f5dud: 70 \u00d7 93,5 cm (laius \u00d7 k\u00f5rgus)<\/li>\n<li data-section-id=\"19fmbz5\" data-start=\"1243\" data-end=\"1280\">M\u00f5\u00f5dud kokkupandult: 17 \u00d7 93,5 cm<\/li>\n<li data-section-id=\"138ukjw\" data-start=\"1281\" data-end=\"1323\">Konstruktsioon: kokkupandav metallraam<\/li>\n<li data-section-id=\"9eimc0\" data-start=\"1324\" data-end=\"1367\">Kasutus: s\u00fcnnist kuni umbes 6. elukuuni<\/li>\n<\/ul>\n<hr data-start=\"1369\" data-end=\"1372\" \/>\n<h3 data-section-id=\"enq3yc\" data-start=\"1374\" data-end=\"1401\"><span role=\"text\"><strong data-start=\"1378\" data-end=\"1401\">Komplektis sisaldub<\/strong><\/span><\/h3>\n<ul data-start=\"1402\" data-end=\"1452\">\n<li data-section-id=\"13ncjbk\" data-start=\"1402\" data-end=\"1433\">Maxi-Cosi Indigo vannijalad<\/li>\n<li data-section-id=\"ycej7s\" data-start=\"1434\" data-end=\"1452\">\u00c4ravooluvoolik<\/li>\n<\/ul>\n<hr data-start=\"1454\" data-end=\"1457\" \/>\n<p data-start=\"1459\" data-end=\"1580\" data-is-last-node=\"\" data-is-only-node=\"\"><strong data-start=\"1459\" data-end=\"1490\">Maxi-Cosi Indigo vannijalad<\/strong> on ideaalne t\u00e4iendus beebivannile \u2013 mugav, ruumis\u00e4\u00e4stlik ja turvaline valik igale perele.<\/p>\n","protected":false},"excerpt":{"rendered":"<p>Maxi-Cosi Indigo vannijalad \u2013 mugavus ja turvalisus igaks vannisk\u00e4iguks Maxi-Cosi Indigo vannijalad on praktiline ja turvaline alus Maxi-Cosi Indigo ja Indigo Plus beebivannidele. Need t\u00f5stavad vanni mugavale k\u00f5rgusele, et muuta lapse vannitamine lihtsamaks, turvalisemaks ja seljas\u00f5bralikumaks. Mugavus lapsevanemale Ergonoomiline k\u00f5rgus aitab v\u00e4ltida liigset kummardamist, muutes igap\u00e4evase vannitamise palju mugavamaks. Ideaalne lahendus just esimesteks elukuudeks, kui [&hellip;]<\/p>\n","protected":false},"featured_media":512631,"template":"","meta":{"_acf_changed":false},"pwb-brand":[11961],"product_brand":[],"product_cat":[11575,11811,11709],"product_tag":[],"class_list":{"0":"post-512629","1":"product","2":"type-product","3":"status-publish","4":"has-post-thumbnail","6":"pwb-brand-maxi-cosi-ru","7":"product_cat-uued-tooted-ru","8":"product_cat-vannid-ja-vannitarbed-ru","9":"product_cat-sootmistoolid-beebi-ja-lastetarbed-mahkimine-hugieen-ru","10":"pa_manufacturer-babydan-ru","12":"first","13":"onbackorder","14":"taxable","15":"shipping-taxable","16":"purchasable","17":"product-type-simple"},"exclude_global_add_ons":[],"addons":[],"acf":[],"yoast_head":"<!-- This site is optimized with the Yoast SEO plugin v27.1.1 - https:\/\/yoast.com\/product\/yoast-seo-wordpress\/ -->\n<title>BabyDan kokkupandav beebivann, \u041d\u041e\u0412\u042b\u0415 \u0422\u041e\u0412\u0410\u0420\u042b, \u041f\u0440\u0438\u043d\u0430\u0434\u043b\u0435\u0436\u043d\u043e\u0441\u0442\u0438 \u0434\u043b\u044f \u043c\u043b\u0430\u0434\u0435\u043d\u0446\u0435\u0432, \u0412\u0430\u043d\u043d\u044b \u0438 \u0430\u043a\u0441\u0435\u0441\u0441\u0443\u0430\u0440\u044b, Beebipood<\/title>\n<meta name=\"description\" content=\"BabyDan kokkupandav beebivann, Kokkupandav BabyDan beebivann on \u00fclimalt mugav ja praktiline lahendus v\u00e4iksemate vannitubade jaoks. Jalg\" \/>\n<meta name=\"robots\" content=\"index, follow, max-snippet:-1, max-image-preview:large, max-video-preview:-1\" \/>\n<link rel=\"canonical\" href=\"https:\/\/beebipood.ee\/ru\/produkt\/maxi-cosi-indigo-vannijalad\/\" \/>\n<meta property=\"og:locale\" content=\"ru_RU\" \/>\n<meta property=\"og:type\" content=\"article\" \/>\n<meta property=\"og:title\" content=\"BabyDan kokkupandav beebivann, \u041d\u041e\u0412\u042b\u0415 \u0422\u041e\u0412\u0410\u0420\u042b, \u041f\u0440\u0438\u043d\u0430\u0434\u043b\u0435\u0436\u043d\u043e\u0441\u0442\u0438 \u0434\u043b\u044f \u043c\u043b\u0430\u0434\u0435\u043d\u0446\u0435\u0432, \u0412\u0430\u043d\u043d\u044b \u0438 \u0430\u043a\u0441\u0435\u0441\u0441\u0443\u0430\u0440\u044b, Beebipood\" \/>\n<meta property=\"og:description\" content=\"BabyDan kokkupandav beebivann, Kokkupandav BabyDan beebivann on \u00fclimalt mugav ja praktiline lahendus v\u00e4iksemate vannitubade jaoks. Jalg\" \/>\n<meta property=\"og:url\" content=\"https:\/\/beebipood.ee\/ru\/produkt\/maxi-cosi-indigo-vannijalad\/\" \/>\n<meta property=\"og:site_name\" content=\"Beebipood\" \/>\n<meta property=\"article:modified_time\" content=\"2026-03-24T12:41:16+00:00\" \/>\n<meta property=\"og:image\" content=\"https:\/\/beebipood.ee\/wp-content\/uploads\/2026\/03\/maxi-cosi-indigo-vannijalad.jpg\" \/>\n\t<meta property=\"og:image:width\" content=\"930\" \/>\n\t<meta property=\"og:image:height\" content=\"930\" \/>\n\t<meta property=\"og:image:type\" content=\"image\/jpeg\" \/>\n<meta name=\"twitter:card\" content=\"summary_large_image\" \/>\n<meta name=\"twitter:label1\" content=\"\u041f\u0440\u0438\u043c\u0435\u0440\u043d\u043e\u0435 \u0432\u0440\u0435\u043c\u044f \u0434\u043b\u044f \u0447\u0442\u0435\u043d\u0438\u044f\" \/>\n\t<meta name=\"twitter:data1\" content=\"2 \u043c\u0438\u043d\u0443\u0442\u044b\" \/>\n<script type=\"application\/ld+json\" class=\"yoast-schema-graph\">{\"@context\":\"https:\/\/schema.org\",\"@graph\":[{\"@type\":\"WebPage\",\"@id\":\"https:\/\/beebipood.ee\/ru\/produkt\/maxi-cosi-indigo-vannijalad\/\",\"url\":\"https:\/\/beebipood.ee\/ru\/produkt\/maxi-cosi-indigo-vannijalad\/\",\"name\":\"BabyDan kokkupandav beebivann, \u041d\u041e\u0412\u042b\u0415 \u0422\u041e\u0412\u0410\u0420\u042b, \u041f\u0440\u0438\u043d\u0430\u0434\u043b\u0435\u0436\u043d\u043e\u0441\u0442\u0438 \u0434\u043b\u044f \u043c\u043b\u0430\u0434\u0435\u043d\u0446\u0435\u0432, \u0412\u0430\u043d\u043d\u044b \u0438 \u0430\u043a\u0441\u0435\u0441\u0441\u0443\u0430\u0440\u044b, Beebipood\",\"isPartOf\":{\"@id\":\"https:\/\/beebipood.ee\/ru\/#website\"},\"primaryImageOfPage\":{\"@id\":\"https:\/\/beebipood.ee\/ru\/produkt\/maxi-cosi-indigo-vannijalad\/#primaryimage\"},\"image\":{\"@id\":\"https:\/\/beebipood.ee\/ru\/produkt\/maxi-cosi-indigo-vannijalad\/#primaryimage\"},\"thumbnailUrl\":\"https:\/\/beebipood.ee\/wp-content\/uploads\/2026\/03\/maxi-cosi-indigo-vannijalad.jpg\",\"datePublished\":\"2026-03-24T12:36:51+00:00\",\"dateModified\":\"2026-03-24T12:41:16+00:00\",\"description\":\"BabyDan kokkupandav beebivann, Kokkupandav BabyDan beebivann on \u00fclimalt mugav ja praktiline lahendus v\u00e4iksemate vannitubade jaoks. Jalg\",\"breadcrumb\":{\"@id\":\"https:\/\/beebipood.ee\/ru\/produkt\/maxi-cosi-indigo-vannijalad\/#breadcrumb\"},\"inLanguage\":\"ru-RU\",\"potentialAction\":[{\"@type\":\"ReadAction\",\"target\":[\"https:\/\/beebipood.ee\/ru\/produkt\/maxi-cosi-indigo-vannijalad\/\"]}]},{\"@type\":\"ImageObject\",\"inLanguage\":\"ru-RU\",\"@id\":\"https:\/\/beebipood.ee\/ru\/produkt\/maxi-cosi-indigo-vannijalad\/#primaryimage\",\"url\":\"https:\/\/beebipood.ee\/wp-content\/uploads\/2026\/03\/maxi-cosi-indigo-vannijalad.jpg\",\"contentUrl\":\"https:\/\/beebipood.ee\/wp-content\/uploads\/2026\/03\/maxi-cosi-indigo-vannijalad.jpg\",\"width\":930,\"height\":930},{\"@type\":\"BreadcrumbList\",\"@id\":\"https:\/\/beebipood.ee\/ru\/produkt\/maxi-cosi-indigo-vannijalad\/#breadcrumb\",\"itemListElement\":[{\"@type\":\"ListItem\",\"position\":1,\"name\":\"Home\",\"item\":\"https:\/\/beebipood.ee\/ru\/\"},{\"@type\":\"ListItem\",\"position\":2,\"name\":\"\u041a\u0430\u0442\u0430\u043b\u043e\u0433 \u0442\u043e\u0432\u0430\u0440\u043e\u0432\",\"item\":\"https:\/\/beebipood.ee\/tooted\/\"},{\"@type\":\"ListItem\",\"position\":3,\"name\":\"Maxi-Cosi Indigo vannijalad\"}]},{\"@type\":\"WebSite\",\"@id\":\"https:\/\/beebipood.ee\/ru\/#website\",\"url\":\"https:\/\/beebipood.ee\/ru\/\",\"name\":\"Beebipood\",\"description\":\"Lastekaubad, beebikaubad, m\u00e4nguasjad\",\"publisher\":{\"@id\":\"https:\/\/beebipood.ee\/ru\/#organization\"},\"potentialAction\":[{\"@type\":\"SearchAction\",\"target\":{\"@type\":\"EntryPoint\",\"urlTemplate\":\"https:\/\/beebipood.ee\/ru\/?s={search_term_string}\"},\"query-input\":{\"@type\":\"PropertyValueSpecification\",\"valueRequired\":true,\"valueName\":\"search_term_string\"}}],\"inLanguage\":\"ru-RU\"},{\"@type\":\"Organization\",\"@id\":\"https:\/\/beebipood.ee\/ru\/#organization\",\"name\":\"Beebipood\",\"url\":\"https:\/\/beebipood.ee\/ru\/\",\"logo\":{\"@type\":\"ImageObject\",\"inLanguage\":\"ru-RU\",\"@id\":\"https:\/\/beebipood.ee\/ru\/#\/schema\/logo\/image\/\",\"url\":\"https:\/\/beebipood.ee\/wp-content\/uploads\/2025\/03\/beebipood.ee-logo-1.svg\",\"contentUrl\":\"https:\/\/beebipood.ee\/wp-content\/uploads\/2025\/03\/beebipood.ee-logo-1.svg\",\"caption\":\"Beebipood\"},\"image\":{\"@id\":\"https:\/\/beebipood.ee\/ru\/#\/schema\/logo\/image\/\"}}]}<\/script>\n<!-- \/ Yoast SEO plugin. -->","yoast_head_json":{"title":"BabyDan kokkupandav beebivann, \u041d\u041e\u0412\u042b\u0415 \u0422\u041e\u0412\u0410\u0420\u042b, \u041f\u0440\u0438\u043d\u0430\u0434\u043b\u0435\u0436\u043d\u043e\u0441\u0442\u0438 \u0434\u043b\u044f \u043c\u043b\u0430\u0434\u0435\u043d\u0446\u0435\u0432, \u0412\u0430\u043d\u043d\u044b \u0438 \u0430\u043a\u0441\u0435\u0441\u0441\u0443\u0430\u0440\u044b, Beebipood","description":"BabyDan kokkupandav beebivann, Kokkupandav BabyDan beebivann on \u00fclimalt mugav ja praktiline lahendus v\u00e4iksemate vannitubade jaoks. Jalg","robots":{"index":"index","follow":"follow","max-snippet":"max-snippet:-1","max-image-preview":"max-image-preview:large","max-video-preview":"max-video-preview:-1"},"canonical":"https:\/\/beebipood.ee\/ru\/produkt\/maxi-cosi-indigo-vannijalad\/","og_locale":"ru_RU","og_type":"article","og_title":"BabyDan kokkupandav beebivann, \u041d\u041e\u0412\u042b\u0415 \u0422\u041e\u0412\u0410\u0420\u042b, \u041f\u0440\u0438\u043d\u0430\u0434\u043b\u0435\u0436\u043d\u043e\u0441\u0442\u0438 \u0434\u043b\u044f \u043c\u043b\u0430\u0434\u0435\u043d\u0446\u0435\u0432, \u0412\u0430\u043d\u043d\u044b \u0438 \u0430\u043a\u0441\u0435\u0441\u0441\u0443\u0430\u0440\u044b, Beebipood","og_description":"BabyDan kokkupandav beebivann, Kokkupandav BabyDan beebivann on \u00fclimalt mugav ja praktiline lahendus v\u00e4iksemate vannitubade jaoks. Jalg","og_url":"https:\/\/beebipood.ee\/ru\/produkt\/maxi-cosi-indigo-vannijalad\/","og_site_name":"Beebipood","article_modified_time":"2026-03-24T12:41:16+00:00","og_image":[{"width":930,"height":930,"url":"https:\/\/beebipood.ee\/wp-content\/uploads\/2026\/03\/maxi-cosi-indigo-vannijalad.jpg","type":"image\/jpeg"}],"twitter_card":"summary_large_image","twitter_misc":{"\u041f\u0440\u0438\u043c\u0435\u0440\u043d\u043e\u0435 \u0432\u0440\u0435\u043c\u044f \u0434\u043b\u044f \u0447\u0442\u0435\u043d\u0438\u044f":"2 \u043c\u0438\u043d\u0443\u0442\u044b"},"schema":{"@context":"https:\/\/schema.org","@graph":[{"@type":"WebPage","@id":"https:\/\/beebipood.ee\/ru\/produkt\/maxi-cosi-indigo-vannijalad\/","url":"https:\/\/beebipood.ee\/ru\/produkt\/maxi-cosi-indigo-vannijalad\/","name":"BabyDan kokkupandav beebivann, \u041d\u041e\u0412\u042b\u0415 \u0422\u041e\u0412\u0410\u0420\u042b, \u041f\u0440\u0438\u043d\u0430\u0434\u043b\u0435\u0436\u043d\u043e\u0441\u0442\u0438 \u0434\u043b\u044f \u043c\u043b\u0430\u0434\u0435\u043d\u0446\u0435\u0432, \u0412\u0430\u043d\u043d\u044b \u0438 \u0430\u043a\u0441\u0435\u0441\u0441\u0443\u0430\u0440\u044b, Beebipood","isPartOf":{"@id":"https:\/\/beebipood.ee\/ru\/#website"},"primaryImageOfPage":{"@id":"https:\/\/beebipood.ee\/ru\/produkt\/maxi-cosi-indigo-vannijalad\/#primaryimage"},"image":{"@id":"https:\/\/beebipood.ee\/ru\/produkt\/maxi-cosi-indigo-vannijalad\/#primaryimage"},"thumbnailUrl":"https:\/\/beebipood.ee\/wp-content\/uploads\/2026\/03\/maxi-cosi-indigo-vannijalad.jpg","datePublished":"2026-03-24T12:36:51+00:00","dateModified":"2026-03-24T12:41:16+00:00","description":"BabyDan kokkupandav beebivann, Kokkupandav BabyDan beebivann on \u00fclimalt mugav ja praktiline lahendus v\u00e4iksemate vannitubade jaoks. Jalg","breadcrumb":{"@id":"https:\/\/beebipood.ee\/ru\/produkt\/maxi-cosi-indigo-vannijalad\/#breadcrumb"},"inLanguage":"ru-RU","potentialAction":[{"@type":"ReadAction","target":["https:\/\/beebipood.ee\/ru\/produkt\/maxi-cosi-indigo-vannijalad\/"]}]},{"@type":"ImageObject","inLanguage":"ru-RU","@id":"https:\/\/beebipood.ee\/ru\/produkt\/maxi-cosi-indigo-vannijalad\/#primaryimage","url":"https:\/\/beebipood.ee\/wp-content\/uploads\/2026\/03\/maxi-cosi-indigo-vannijalad.jpg","contentUrl":"https:\/\/beebipood.ee\/wp-content\/uploads\/2026\/03\/maxi-cosi-indigo-vannijalad.jpg","width":930,"height":930},{"@type":"BreadcrumbList","@id":"https:\/\/beebipood.ee\/ru\/produkt\/maxi-cosi-indigo-vannijalad\/#breadcrumb","itemListElement":[{"@type":"ListItem","position":1,"name":"Home","item":"https:\/\/beebipood.ee\/ru\/"},{"@type":"ListItem","position":2,"name":"\u041a\u0430\u0442\u0430\u043b\u043e\u0433 \u0442\u043e\u0432\u0430\u0440\u043e\u0432","item":"https:\/\/beebipood.ee\/tooted\/"},{"@type":"ListItem","position":3,"name":"Maxi-Cosi Indigo vannijalad"}]},{"@type":"WebSite","@id":"https:\/\/beebipood.ee\/ru\/#website","url":"https:\/\/beebipood.ee\/ru\/","name":"Beebipood","description":"Lastekaubad, beebikaubad, m\u00e4nguasjad","publisher":{"@id":"https:\/\/beebipood.ee\/ru\/#organization"},"potentialAction":[{"@type":"SearchAction","target":{"@type":"EntryPoint","urlTemplate":"https:\/\/beebipood.ee\/ru\/?s={search_term_string}"},"query-input":{"@type":"PropertyValueSpecification","valueRequired":true,"valueName":"search_term_string"}}],"inLanguage":"ru-RU"},{"@type":"Organization","@id":"https:\/\/beebipood.ee\/ru\/#organization","name":"Beebipood","url":"https:\/\/beebipood.ee\/ru\/","logo":{"@type":"ImageObject","inLanguage":"ru-RU","@id":"https:\/\/beebipood.ee\/ru\/#\/schema\/logo\/image\/","url":"https:\/\/beebipood.ee\/wp-content\/uploads\/2025\/03\/beebipood.ee-logo-1.svg","contentUrl":"https:\/\/beebipood.ee\/wp-content\/uploads\/2025\/03\/beebipood.ee-logo-1.svg","caption":"Beebipood"},"image":{"@id":"https:\/\/beebipood.ee\/ru\/#\/schema\/logo\/image\/"}}]}},"brands":[{"id":11961,"name":"Maxi-Cosi","slug":"maxi-cosi-ru"}],"_links":{"self":[{"href":"https:\/\/beebipood.ee\/ru\/wp-json\/wp\/v2\/product\/512629","targetHints":{"allow":["GET"]}}],"collection":[{"href":"https:\/\/beebipood.ee\/ru\/wp-json\/wp\/v2\/product"}],"about":[{"href":"https:\/\/beebipood.ee\/ru\/wp-json\/wp\/v2\/types\/product"}],"wp:featuredmedia":[{"embeddable":true,"href":"https:\/\/beebipood.ee\/ru\/wp-json\/wp\/v2\/media\/512631"}],"wp:attachment":[{"href":"https:\/\/beebipood.ee\/ru\/wp-json\/wp\/v2\/media?parent=512629"}],"wp:term":[{"taxonomy":"pwb-brand","embeddable":true,"href":"https:\/\/beebipood.ee\/ru\/wp-json\/wp\/v2\/pwb-brand?post=512629"},{"taxonomy":"product_brand","embeddable":true,"href":"https:\/\/beebipood.ee\/ru\/wp-json\/wp\/v2\/product_brand?post=512629"},{"taxonomy":"product_cat","embeddable":true,"href":"https:\/\/beebipood.ee\/ru\/wp-json\/wp\/v2\/product_cat?post=512629"},{"taxonomy":"product_tag","embeddable":true,"href":"https:\/\/beebipood.ee\/ru\/wp-json\/wp\/v2\/product_tag?post=512629"}],"curies":[{"name":"wp","href":"https:\/\/api.w.org\/{rel}","templated":true}]}}