{"id":512672,"date":"2026-03-25T11:56:09","date_gmt":"2026-03-25T09:56:09","guid":{"rendered":"https:\/\/beebipood.ee\/?post_type=product&#038;p=512672"},"modified":"2026-03-25T12:06:22","modified_gmt":"2026-03-25T10:06:22","slug":"axkid-turvatooli-kaitsev-istmekate","status":"publish","type":"product","link":"https:\/\/beebipood.ee\/ru\/produkt\/axkid-turvatooli-kaitsev-istmekate\/","title":{"rendered":"Axkid turvatooli kaitsev istmekate"},"content":{"rendered":"<h2 data-section-id=\"1hcfm50\" data-start=\"0\" data-end=\"60\">Axkid turvatooli kaitsematt \u2013 kindel kaitse igaks s\u00f5iduks<\/h2>\n<p data-start=\"62\" data-end=\"302\">Axkid turvatooli kaitsematt on praktiline ja vastupidav lahendus, mis aitab hoida sinu turvatooli puhta ja heas korras ka k\u00f5ige seikluslikumatel s\u00f5itudel. Veekindel materjal kaitseb istet lekete ja mustuse eest, pikendades selle kasutusiga.<\/p>\n<hr data-start=\"304\" data-end=\"307\" \/>\n<h3 data-section-id=\"fdenj2\" data-start=\"309\" data-end=\"351\"><span role=\"text\"><strong data-start=\"313\" data-end=\"351\">Usaldusv\u00e4\u00e4rne kaitse ja turvalisus<\/strong><\/span><\/h3>\n<p data-start=\"352\" data-end=\"579\">See ei ole lihtsalt kaitsematt \u2013 toode on <strong data-start=\"394\" data-end=\"412\">testitud<\/strong>, et toetada turvatooli stabiilsust ka kokkup\u00f5rke korral. See t\u00e4hendab, et kaitsematt ei m\u00f5juta turvatooli ohutust ning sinu laps p\u00fcsib kindlalt ja turvaliselt paigal.<\/p>\n<hr data-start=\"581\" data-end=\"584\" \/>\n<h3 data-section-id=\"1vuxbmr\" data-start=\"586\" data-end=\"633\"><span role=\"text\"><strong data-start=\"590\" data-end=\"633\">Lihtne kasutada ja universaalne sobivus<\/strong><\/span><\/h3>\n<ul data-start=\"634\" data-end=\"816\">\n<li data-section-id=\"refz50\" data-start=\"634\" data-end=\"694\">Sobib k\u00f5ikidele Axkid seljaga s\u00f5idusuunas turvatoolidele<\/li>\n<li data-section-id=\"refz50\" data-start=\"634\" data-end=\"694\">Sobib k\u00f5ikidele 5 punkti rihmaga turvatoolidele<\/li>\n<li data-section-id=\"16nqbds\" data-start=\"695\" data-end=\"768\">Kiire ja lihtne paigaldus \u2013 aseta matt istmele ja t\u00f5mba rihm l\u00e4bi ava<\/li>\n<li data-section-id=\"nixcsc\" data-start=\"769\" data-end=\"816\">P\u00fcsib kindlalt paigal ka pikematel s\u00f5itudel<\/li>\n<\/ul>\n<hr data-start=\"818\" data-end=\"821\" \/>\n<h3 data-section-id=\"616g64\" data-start=\"823\" data-end=\"869\"><span role=\"text\"><strong data-start=\"827\" data-end=\"869\">Mugavus lapsele ja kaitse turvatoolile<\/strong><\/span><\/h3>\n<ul data-start=\"870\" data-end=\"1037\">\n<li data-section-id=\"u3rj3x\" data-start=\"870\" data-end=\"938\">Nutikas materjal kaitseb turvatooli kulumise ja kahjustuste eest<\/li>\n<li data-section-id=\"178u1uq\" data-start=\"939\" data-end=\"985\">Veekindel pind hoiab \u00e4ra niiskuse imbumise<\/li>\n<li data-section-id=\"z8rfqo\" data-start=\"986\" data-end=\"1037\">Tagab lapsele mugava istumise kogu s\u00f5idu v\u00e4ltel<\/li>\n<\/ul>\n<hr data-start=\"1039\" data-end=\"1042\" \/>\n<h3 data-section-id=\"1s2u894\" data-start=\"1044\" data-end=\"1069\"><span role=\"text\"><strong data-start=\"1048\" data-end=\"1069\">Tehnilised andmed<\/strong><\/span><\/h3>\n<ul data-start=\"1070\" data-end=\"1215\">\n<li data-section-id=\"1i6w0ow\" data-start=\"1070\" data-end=\"1088\">Laius: 34,5 cm<\/li>\n<li data-section-id=\"1aehniz\" data-start=\"1089\" data-end=\"1106\">K\u00f5rgus: 39 cm<\/li>\n<li data-section-id=\"bk5gxg\" data-start=\"1107\" data-end=\"1124\">S\u00fcgavus: 1 cm<\/li>\n<li data-section-id=\"139uvti\" data-start=\"1125\" data-end=\"1182\">\u00dchilduvus: sobib k\u00f5ikidele 5 punkti rihmaga turvatoolidele<\/li>\n<li data-section-id=\"3sk8o2\" data-start=\"1183\" data-end=\"1215\">Hooldus: k\u00e4sipesu alla 30 \u00b0C<\/li>\n<\/ul>\n<hr data-start=\"1217\" data-end=\"1220\" \/>\n<p data-start=\"1222\" data-end=\"1358\" data-is-last-node=\"\" data-is-only-node=\"\"><strong data-start=\"1222\" data-end=\"1253\">Axkid turvah\u00e4lli kaitsematt<\/strong> on lihtne, kuid oluline lisatarvik, mis aitab hoida turvatooli puhta, mugava ja turvalisena igal s\u00f5idul.<\/p>\n","protected":false},"excerpt":{"rendered":"<p>Axkid turvatooli kaitsematt \u2013 kindel kaitse igaks s\u00f5iduks Axkid turvatooli kaitsematt on praktiline ja vastupidav lahendus, mis aitab hoida sinu turvatooli puhta ja heas korras ka k\u00f5ige seikluslikumatel s\u00f5itudel. Veekindel materjal kaitseb istet lekete ja mustuse eest, pikendades selle kasutusiga. Usaldusv\u00e4\u00e4rne kaitse ja turvalisus See ei ole lihtsalt kaitsematt \u2013 toode on testitud, et toetada [&hellip;]<\/p>\n","protected":false},"featured_media":512674,"template":"","meta":{"_acf_changed":false},"pwb-brand":[11955],"product_brand":[],"product_cat":[11813,11727,11871,11797,11791],"product_tag":[],"class_list":{"0":"post-512672","1":"product","2":"type-product","3":"status-publish","4":"has-post-thumbnail","6":"pwb-brand-axkid-ru","7":"product_cat-axkid-ru","8":"product_cat-turvatoolid-hallid-ru","9":"product_cat-axkid-lisavarustus-ru","10":"product_cat-lisatarvikud-ru-1","11":"product_cat-turvavarustus-ru","13":"first","14":"instock","15":"taxable","16":"shipping-taxable","17":"purchasable","18":"product-type-simple"},"exclude_global_add_ons":[],"addons":[],"acf":[],"yoast_head":"<!-- This site is optimized with the Yoast SEO plugin v27.1.1 - https:\/\/yoast.com\/product\/yoast-seo-wordpress\/ -->\n<title>Axkid Premium istmekaitse autosse, \u0410\u0432\u0442\u043e\u043a\u0440\u0435\u0441\u043b\u0430, \u043b\u044e\u043b\u044c\u043a\u0438, \u0421\u043d\u0430\u0440\u044f\u0436\u0435\u043d\u0438\u044f \u0431\u0435\u0437\u043e\u043f\u0430\u0441\u043d\u043e\u0441\u0442\u0438, Ha c\u043a\u043b\u0430\u0434\u0435, \u0410\u043a\u0441\u0435\u0441\u0441\u0443\u0430\u0440\u044b, Axkid, Axkid laos, Axkid a\u043a\u0441\u0435\u0441\u0441\u0443\u0430\u0440\u044b, Beebipood<\/title>\n<meta name=\"description\" content=\"Axkid Premium istmekaitse autosse, Axkid istmekaitse eesm\u00e4rk on kaitsta istmepolstrit mustade kingade ja kriimustuste eestT\u00e4nu unikaalsele di\" \/>\n<meta name=\"robots\" content=\"index, follow, max-snippet:-1, max-image-preview:large, max-video-preview:-1\" \/>\n<link rel=\"canonical\" href=\"https:\/\/beebipood.ee\/ru\/produkt\/axkid-turvatooli-kaitsev-istmekate\/\" \/>\n<meta property=\"og:locale\" content=\"ru_RU\" \/>\n<meta property=\"og:type\" content=\"article\" \/>\n<meta property=\"og:title\" content=\"Axkid Premium istmekaitse autosse, \u0410\u0432\u0442\u043e\u043a\u0440\u0435\u0441\u043b\u0430, \u043b\u044e\u043b\u044c\u043a\u0438, \u0421\u043d\u0430\u0440\u044f\u0436\u0435\u043d\u0438\u044f \u0431\u0435\u0437\u043e\u043f\u0430\u0441\u043d\u043e\u0441\u0442\u0438, Ha c\u043a\u043b\u0430\u0434\u0435, \u0410\u043a\u0441\u0435\u0441\u0441\u0443\u0430\u0440\u044b, Axkid, Axkid laos, Axkid a\u043a\u0441\u0435\u0441\u0441\u0443\u0430\u0440\u044b, Beebipood\" \/>\n<meta property=\"og:description\" content=\"Axkid Premium istmekaitse autosse, Axkid istmekaitse eesm\u00e4rk on kaitsta istmepolstrit mustade kingade ja kriimustuste eestT\u00e4nu unikaalsele di\" \/>\n<meta property=\"og:url\" content=\"https:\/\/beebipood.ee\/ru\/produkt\/axkid-turvatooli-kaitsev-istmekate\/\" \/>\n<meta property=\"og:site_name\" content=\"Beebipood\" \/>\n<meta property=\"article:modified_time\" content=\"2026-03-25T10:06:22+00:00\" \/>\n<meta property=\"og:image\" content=\"https:\/\/beebipood.ee\/wp-content\/uploads\/2026\/03\/car-seat-protector-pad.jpg\" \/>\n\t<meta property=\"og:image:width\" content=\"700\" \/>\n\t<meta property=\"og:image:height\" content=\"700\" \/>\n\t<meta property=\"og:image:type\" content=\"image\/jpeg\" \/>\n<meta name=\"twitter:card\" content=\"summary_large_image\" \/>\n<meta name=\"twitter:label1\" content=\"\u041f\u0440\u0438\u043c\u0435\u0440\u043d\u043e\u0435 \u0432\u0440\u0435\u043c\u044f \u0434\u043b\u044f \u0447\u0442\u0435\u043d\u0438\u044f\" \/>\n\t<meta name=\"twitter:data1\" content=\"2 \u043c\u0438\u043d\u0443\u0442\u044b\" \/>\n<script type=\"application\/ld+json\" class=\"yoast-schema-graph\">{\"@context\":\"https:\/\/schema.org\",\"@graph\":[{\"@type\":\"WebPage\",\"@id\":\"https:\/\/beebipood.ee\/ru\/produkt\/axkid-turvatooli-kaitsev-istmekate\/\",\"url\":\"https:\/\/beebipood.ee\/ru\/produkt\/axkid-turvatooli-kaitsev-istmekate\/\",\"name\":\"Axkid Premium istmekaitse autosse, \u0410\u0432\u0442\u043e\u043a\u0440\u0435\u0441\u043b\u0430, \u043b\u044e\u043b\u044c\u043a\u0438, \u0421\u043d\u0430\u0440\u044f\u0436\u0435\u043d\u0438\u044f \u0431\u0435\u0437\u043e\u043f\u0430\u0441\u043d\u043e\u0441\u0442\u0438, Ha c\u043a\u043b\u0430\u0434\u0435, \u0410\u043a\u0441\u0435\u0441\u0441\u0443\u0430\u0440\u044b, Axkid, Axkid laos, Axkid a\u043a\u0441\u0435\u0441\u0441\u0443\u0430\u0440\u044b, Beebipood\",\"isPartOf\":{\"@id\":\"https:\/\/beebipood.ee\/ru\/#website\"},\"primaryImageOfPage\":{\"@id\":\"https:\/\/beebipood.ee\/ru\/produkt\/axkid-turvatooli-kaitsev-istmekate\/#primaryimage\"},\"image\":{\"@id\":\"https:\/\/beebipood.ee\/ru\/produkt\/axkid-turvatooli-kaitsev-istmekate\/#primaryimage\"},\"thumbnailUrl\":\"https:\/\/beebipood.ee\/wp-content\/uploads\/2026\/03\/car-seat-protector-pad.jpg\",\"datePublished\":\"2026-03-25T09:56:09+00:00\",\"dateModified\":\"2026-03-25T10:06:22+00:00\",\"description\":\"Axkid Premium istmekaitse autosse, Axkid istmekaitse eesm\u00e4rk on kaitsta istmepolstrit mustade kingade ja kriimustuste eestT\u00e4nu unikaalsele di\",\"breadcrumb\":{\"@id\":\"https:\/\/beebipood.ee\/ru\/produkt\/axkid-turvatooli-kaitsev-istmekate\/#breadcrumb\"},\"inLanguage\":\"ru-RU\",\"potentialAction\":[{\"@type\":\"ReadAction\",\"target\":[\"https:\/\/beebipood.ee\/ru\/produkt\/axkid-turvatooli-kaitsev-istmekate\/\"]}]},{\"@type\":\"ImageObject\",\"inLanguage\":\"ru-RU\",\"@id\":\"https:\/\/beebipood.ee\/ru\/produkt\/axkid-turvatooli-kaitsev-istmekate\/#primaryimage\",\"url\":\"https:\/\/beebipood.ee\/wp-content\/uploads\/2026\/03\/car-seat-protector-pad.jpg\",\"contentUrl\":\"https:\/\/beebipood.ee\/wp-content\/uploads\/2026\/03\/car-seat-protector-pad.jpg\",\"width\":700,\"height\":700},{\"@type\":\"BreadcrumbList\",\"@id\":\"https:\/\/beebipood.ee\/ru\/produkt\/axkid-turvatooli-kaitsev-istmekate\/#breadcrumb\",\"itemListElement\":[{\"@type\":\"ListItem\",\"position\":1,\"name\":\"Home\",\"item\":\"https:\/\/beebipood.ee\/ru\/\"},{\"@type\":\"ListItem\",\"position\":2,\"name\":\"\u041a\u0430\u0442\u0430\u043b\u043e\u0433 \u0442\u043e\u0432\u0430\u0440\u043e\u0432\",\"item\":\"https:\/\/beebipood.ee\/tooted\/\"},{\"@type\":\"ListItem\",\"position\":3,\"name\":\"Axkid turvatooli kaitsev istmekate\"}]},{\"@type\":\"WebSite\",\"@id\":\"https:\/\/beebipood.ee\/ru\/#website\",\"url\":\"https:\/\/beebipood.ee\/ru\/\",\"name\":\"Beebipood\",\"description\":\"Lastekaubad, beebikaubad, m\u00e4nguasjad\",\"publisher\":{\"@id\":\"https:\/\/beebipood.ee\/ru\/#organization\"},\"potentialAction\":[{\"@type\":\"SearchAction\",\"target\":{\"@type\":\"EntryPoint\",\"urlTemplate\":\"https:\/\/beebipood.ee\/ru\/?s={search_term_string}\"},\"query-input\":{\"@type\":\"PropertyValueSpecification\",\"valueRequired\":true,\"valueName\":\"search_term_string\"}}],\"inLanguage\":\"ru-RU\"},{\"@type\":\"Organization\",\"@id\":\"https:\/\/beebipood.ee\/ru\/#organization\",\"name\":\"Beebipood\",\"url\":\"https:\/\/beebipood.ee\/ru\/\",\"logo\":{\"@type\":\"ImageObject\",\"inLanguage\":\"ru-RU\",\"@id\":\"https:\/\/beebipood.ee\/ru\/#\/schema\/logo\/image\/\",\"url\":\"https:\/\/beebipood.ee\/wp-content\/uploads\/2025\/03\/beebipood.ee-logo-1.svg\",\"contentUrl\":\"https:\/\/beebipood.ee\/wp-content\/uploads\/2025\/03\/beebipood.ee-logo-1.svg\",\"caption\":\"Beebipood\"},\"image\":{\"@id\":\"https:\/\/beebipood.ee\/ru\/#\/schema\/logo\/image\/\"}}]}<\/script>\n<!-- \/ Yoast SEO plugin. -->","yoast_head_json":{"title":"Axkid Premium istmekaitse autosse, \u0410\u0432\u0442\u043e\u043a\u0440\u0435\u0441\u043b\u0430, \u043b\u044e\u043b\u044c\u043a\u0438, \u0421\u043d\u0430\u0440\u044f\u0436\u0435\u043d\u0438\u044f \u0431\u0435\u0437\u043e\u043f\u0430\u0441\u043d\u043e\u0441\u0442\u0438, Ha c\u043a\u043b\u0430\u0434\u0435, \u0410\u043a\u0441\u0435\u0441\u0441\u0443\u0430\u0440\u044b, Axkid, Axkid laos, Axkid a\u043a\u0441\u0435\u0441\u0441\u0443\u0430\u0440\u044b, Beebipood","description":"Axkid Premium istmekaitse autosse, Axkid istmekaitse eesm\u00e4rk on kaitsta istmepolstrit mustade kingade ja kriimustuste eestT\u00e4nu unikaalsele di","robots":{"index":"index","follow":"follow","max-snippet":"max-snippet:-1","max-image-preview":"max-image-preview:large","max-video-preview":"max-video-preview:-1"},"canonical":"https:\/\/beebipood.ee\/ru\/produkt\/axkid-turvatooli-kaitsev-istmekate\/","og_locale":"ru_RU","og_type":"article","og_title":"Axkid Premium istmekaitse autosse, \u0410\u0432\u0442\u043e\u043a\u0440\u0435\u0441\u043b\u0430, \u043b\u044e\u043b\u044c\u043a\u0438, \u0421\u043d\u0430\u0440\u044f\u0436\u0435\u043d\u0438\u044f \u0431\u0435\u0437\u043e\u043f\u0430\u0441\u043d\u043e\u0441\u0442\u0438, Ha c\u043a\u043b\u0430\u0434\u0435, \u0410\u043a\u0441\u0435\u0441\u0441\u0443\u0430\u0440\u044b, Axkid, Axkid laos, Axkid a\u043a\u0441\u0435\u0441\u0441\u0443\u0430\u0440\u044b, Beebipood","og_description":"Axkid Premium istmekaitse autosse, Axkid istmekaitse eesm\u00e4rk on kaitsta istmepolstrit mustade kingade ja kriimustuste eestT\u00e4nu unikaalsele di","og_url":"https:\/\/beebipood.ee\/ru\/produkt\/axkid-turvatooli-kaitsev-istmekate\/","og_site_name":"Beebipood","article_modified_time":"2026-03-25T10:06:22+00:00","og_image":[{"width":700,"height":700,"url":"https:\/\/beebipood.ee\/wp-content\/uploads\/2026\/03\/car-seat-protector-pad.jpg","type":"image\/jpeg"}],"twitter_card":"summary_large_image","twitter_misc":{"\u041f\u0440\u0438\u043c\u0435\u0440\u043d\u043e\u0435 \u0432\u0440\u0435\u043c\u044f \u0434\u043b\u044f \u0447\u0442\u0435\u043d\u0438\u044f":"2 \u043c\u0438\u043d\u0443\u0442\u044b"},"schema":{"@context":"https:\/\/schema.org","@graph":[{"@type":"WebPage","@id":"https:\/\/beebipood.ee\/ru\/produkt\/axkid-turvatooli-kaitsev-istmekate\/","url":"https:\/\/beebipood.ee\/ru\/produkt\/axkid-turvatooli-kaitsev-istmekate\/","name":"Axkid Premium istmekaitse autosse, \u0410\u0432\u0442\u043e\u043a\u0440\u0435\u0441\u043b\u0430, \u043b\u044e\u043b\u044c\u043a\u0438, \u0421\u043d\u0430\u0440\u044f\u0436\u0435\u043d\u0438\u044f \u0431\u0435\u0437\u043e\u043f\u0430\u0441\u043d\u043e\u0441\u0442\u0438, Ha c\u043a\u043b\u0430\u0434\u0435, \u0410\u043a\u0441\u0435\u0441\u0441\u0443\u0430\u0440\u044b, Axkid, Axkid laos, Axkid a\u043a\u0441\u0435\u0441\u0441\u0443\u0430\u0440\u044b, Beebipood","isPartOf":{"@id":"https:\/\/beebipood.ee\/ru\/#website"},"primaryImageOfPage":{"@id":"https:\/\/beebipood.ee\/ru\/produkt\/axkid-turvatooli-kaitsev-istmekate\/#primaryimage"},"image":{"@id":"https:\/\/beebipood.ee\/ru\/produkt\/axkid-turvatooli-kaitsev-istmekate\/#primaryimage"},"thumbnailUrl":"https:\/\/beebipood.ee\/wp-content\/uploads\/2026\/03\/car-seat-protector-pad.jpg","datePublished":"2026-03-25T09:56:09+00:00","dateModified":"2026-03-25T10:06:22+00:00","description":"Axkid Premium istmekaitse autosse, Axkid istmekaitse eesm\u00e4rk on kaitsta istmepolstrit mustade kingade ja kriimustuste eestT\u00e4nu unikaalsele di","breadcrumb":{"@id":"https:\/\/beebipood.ee\/ru\/produkt\/axkid-turvatooli-kaitsev-istmekate\/#breadcrumb"},"inLanguage":"ru-RU","potentialAction":[{"@type":"ReadAction","target":["https:\/\/beebipood.ee\/ru\/produkt\/axkid-turvatooli-kaitsev-istmekate\/"]}]},{"@type":"ImageObject","inLanguage":"ru-RU","@id":"https:\/\/beebipood.ee\/ru\/produkt\/axkid-turvatooli-kaitsev-istmekate\/#primaryimage","url":"https:\/\/beebipood.ee\/wp-content\/uploads\/2026\/03\/car-seat-protector-pad.jpg","contentUrl":"https:\/\/beebipood.ee\/wp-content\/uploads\/2026\/03\/car-seat-protector-pad.jpg","width":700,"height":700},{"@type":"BreadcrumbList","@id":"https:\/\/beebipood.ee\/ru\/produkt\/axkid-turvatooli-kaitsev-istmekate\/#breadcrumb","itemListElement":[{"@type":"ListItem","position":1,"name":"Home","item":"https:\/\/beebipood.ee\/ru\/"},{"@type":"ListItem","position":2,"name":"\u041a\u0430\u0442\u0430\u043b\u043e\u0433 \u0442\u043e\u0432\u0430\u0440\u043e\u0432","item":"https:\/\/beebipood.ee\/tooted\/"},{"@type":"ListItem","position":3,"name":"Axkid turvatooli kaitsev istmekate"}]},{"@type":"WebSite","@id":"https:\/\/beebipood.ee\/ru\/#website","url":"https:\/\/beebipood.ee\/ru\/","name":"Beebipood","description":"Lastekaubad, beebikaubad, m\u00e4nguasjad","publisher":{"@id":"https:\/\/beebipood.ee\/ru\/#organization"},"potentialAction":[{"@type":"SearchAction","target":{"@type":"EntryPoint","urlTemplate":"https:\/\/beebipood.ee\/ru\/?s={search_term_string}"},"query-input":{"@type":"PropertyValueSpecification","valueRequired":true,"valueName":"search_term_string"}}],"inLanguage":"ru-RU"},{"@type":"Organization","@id":"https:\/\/beebipood.ee\/ru\/#organization","name":"Beebipood","url":"https:\/\/beebipood.ee\/ru\/","logo":{"@type":"ImageObject","inLanguage":"ru-RU","@id":"https:\/\/beebipood.ee\/ru\/#\/schema\/logo\/image\/","url":"https:\/\/beebipood.ee\/wp-content\/uploads\/2025\/03\/beebipood.ee-logo-1.svg","contentUrl":"https:\/\/beebipood.ee\/wp-content\/uploads\/2025\/03\/beebipood.ee-logo-1.svg","caption":"Beebipood"},"image":{"@id":"https:\/\/beebipood.ee\/ru\/#\/schema\/logo\/image\/"}}]}},"brands":[{"id":11955,"name":"Axkid","slug":"axkid-ru"}],"_links":{"self":[{"href":"https:\/\/beebipood.ee\/ru\/wp-json\/wp\/v2\/product\/512672","targetHints":{"allow":["GET"]}}],"collection":[{"href":"https:\/\/beebipood.ee\/ru\/wp-json\/wp\/v2\/product"}],"about":[{"href":"https:\/\/beebipood.ee\/ru\/wp-json\/wp\/v2\/types\/product"}],"wp:featuredmedia":[{"embeddable":true,"href":"https:\/\/beebipood.ee\/ru\/wp-json\/wp\/v2\/media\/512674"}],"wp:attachment":[{"href":"https:\/\/beebipood.ee\/ru\/wp-json\/wp\/v2\/media?parent=512672"}],"wp:term":[{"taxonomy":"pwb-brand","embeddable":true,"href":"https:\/\/beebipood.ee\/ru\/wp-json\/wp\/v2\/pwb-brand?post=512672"},{"taxonomy":"product_brand","embeddable":true,"href":"https:\/\/beebipood.ee\/ru\/wp-json\/wp\/v2\/product_brand?post=512672"},{"taxonomy":"product_cat","embeddable":true,"href":"https:\/\/beebipood.ee\/ru\/wp-json\/wp\/v2\/product_cat?post=512672"},{"taxonomy":"product_tag","embeddable":true,"href":"https:\/\/beebipood.ee\/ru\/wp-json\/wp\/v2\/product_tag?post=512672"}],"curies":[{"name":"wp","href":"https:\/\/api.w.org\/{rel}","templated":true}]}}