{"id":512818,"date":"2026-03-29T20:07:58","date_gmt":"2026-03-29T17:07:58","guid":{"rendered":"https:\/\/beebipood.ee\/?post_type=product&#038;p=512818"},"modified":"2026-03-29T20:11:49","modified_gmt":"2026-03-29T17:11:49","slug":"maxi-cosi-fame-cabin-kergkaru-sapphire-sand","status":"publish","type":"product","link":"https:\/\/beebipood.ee\/ru\/produkt\/maxi-cosi-fame-cabin-kergkaru-sapphire-sand\/","title":{"rendered":"Maxi-Cosi Fame Cabin kergk\u00e4ru, Sapphire Sand"},"content":{"rendered":"<h2 data-section-id=\"jvxcsb\" data-start=\"75\" data-end=\"104\">Ultrakompaktne reisik\u00e4ru<\/h2>\n<p data-start=\"105\" data-end=\"156\"><strong data-start=\"105\" data-end=\"156\">Mugav liikumine perele \u2013 igal ajal ja igal pool<\/strong><\/p>\n<p data-start=\"158\" data-end=\"437\">See nutikas ja kerge jalutusk\u00e4ru on loodud aktiivsetele peredele, kes hindavad <strong data-start=\"237\" data-end=\"275\">lihtsust, mugavust ja paindlikkust<\/strong> nii igap\u00e4evaelus kui reisidel. T\u00e4nu \u00fclikompaktsele disainile mahub see k\u00e4sipagasisse ning on kiiresti \u00fche k\u00e4ega kokkupandav \u2013 ideaalne kaaslane igale seiklusele.<\/p>\n<hr data-start=\"439\" data-end=\"442\" \/>\n<h3 data-section-id=\"19g6d56\" data-start=\"444\" data-end=\"473\">\u2708\ufe0f T\u00e4iuslik reisikaaslane<\/h3>\n<p data-start=\"474\" data-end=\"661\">K\u00e4ru vastab k\u00e4sipagasi m\u00f5\u00f5tudele ning seda on lihtne lennukisse kaasa v\u00f5tta. Kompaktne ja iseseisvalt p\u00fcsti seisev konstruktsioon teeb liikumise eriti mugavaks ka lennujaamades ja linnas.<\/p>\n<h3 data-section-id=\"1pbwf2i\" data-start=\"663\" data-end=\"690\">\ud83d\udc76 Mugav alates s\u00fcnnist<\/h3>\n<p data-start=\"691\" data-end=\"828\">T\u00e4ielikult lamav iste ja reguleeritav jalatugi loovad lapsele ergonoomilise ja turvalise puhkeasendi juba esimestest elup\u00e4evadest alates.<\/p>\n<h3 data-section-id=\"1qqv9ps\" data-start=\"830\" data-end=\"860\">\ud83c\udf3f Sujuv ja turvaline s\u00f5it<\/h3>\n<p data-start=\"861\" data-end=\"971\">Vedrustus k\u00f5igil ratastel ning vastupidavad rehvid tagavad pehme ja stabiilse liikumise ka eba\u00fchtlasel pinnal.<\/p>\n<hr data-start=\"973\" data-end=\"976\" \/>\n<h2 data-section-id=\"11db9a1\" data-start=\"978\" data-end=\"1012\">Miks see k\u00e4ru peredele meeldib?<\/h2>\n<ul data-start=\"1013\" data-end=\"1251\">\n<li data-section-id=\"raeuzt\" data-start=\"1013\" data-end=\"1062\">\u2714\ufe0f Sobib k\u00e4sipagasisse \u2013 ideaalne reisimiseks<\/li>\n<li data-section-id=\"1262bcj\" data-start=\"1063\" data-end=\"1109\">\u2714\ufe0f Kasutatav <strong data-start=\"1078\" data-end=\"1107\">alates s\u00fcnnist kuni 22 kg<\/strong><\/li>\n<li data-section-id=\"e2mvdg\" data-start=\"1110\" data-end=\"1151\">\u2714\ufe0f \u00dche k\u00e4ega kokkupandav ja kompaktne<\/li>\n<li data-section-id=\"14922po\" data-start=\"1152\" data-end=\"1196\">\u2714\ufe0f Kerge, kuid vastupidav konstruktsioon<\/li>\n<li data-section-id=\"arfv72\" data-start=\"1197\" data-end=\"1251\">\u2714\ufe0f \u00dchilduv Maxi-Cosi turvah\u00e4llide ja vankrikorviga<\/li>\n<\/ul>\n<hr data-start=\"1253\" data-end=\"1256\" \/>\n<h2 data-section-id=\"1ajer9w\" data-start=\"1258\" data-end=\"1303\">Nutikad lahendused igap\u00e4evaseks mugavuseks<\/h2>\n<ul data-start=\"1304\" data-end=\"1682\">\n<li data-section-id=\"4hlmco\" data-start=\"1304\" data-end=\"1383\"><strong data-start=\"1306\" data-end=\"1333\">ClimaFlow ventilatsioon<\/strong> \u2013 parem \u00f5huringlus ja lapsele mugav temperatuur<\/li>\n<li data-section-id=\"12dwcw2\" data-start=\"1384\" data-end=\"1456\"><strong data-start=\"1386\" data-end=\"1412\">LumiRide LED-valgustus<\/strong> \u2013 turvalisemad jalutusk\u00e4igud h\u00e4maral ajal<\/li>\n<li data-section-id=\"1ilzqjx\" data-start=\"1457\" data-end=\"1530\"><strong data-start=\"1459\" data-end=\"1481\">USB-C laadimisport<\/strong> \u2013 mugav telefoni v\u00f5i beebimonitori laadimiseks<\/li>\n<li data-section-id=\"1bdohf4\" data-start=\"1531\" data-end=\"1582\">XXL <strong data-start=\"1537\" data-end=\"1559\">UPF50+ p\u00e4ikesekate<\/strong> ventilatsiooniaknaga<\/li>\n<li data-section-id=\"klgr3a\" data-start=\"1583\" data-end=\"1648\">Mahukas pakikorv (kuni 8 kg) + lisatasku v\u00e4ikestele esemetele<\/li>\n<li data-section-id=\"ch8zsw\" data-start=\"1649\" data-end=\"1682\">Pehmed ja mugavad turvarihmad<\/li>\n<\/ul>\n<hr data-start=\"1684\" data-end=\"1687\" \/>\n<h2 data-section-id=\"y1ivy0\" data-start=\"1689\" data-end=\"1713\">Paindlik reisis\u00fcsteem<\/h2>\n<p data-start=\"1714\" data-end=\"1773\">K\u00e4ru v\u00f5imaldab luua praktilise <strong data-start=\"1745\" data-end=\"1770\">ZERO-G Travel Systemi<\/strong>:<\/p>\n<ul data-start=\"1774\" data-end=\"1953\">\n<li data-section-id=\"mhjsxi\" data-start=\"1774\" data-end=\"1824\">\u00dchilduv Maxi-Cosi Coral Slide Pro turvah\u00e4lliga<\/li>\n<li data-section-id=\"pubcxp\" data-start=\"1825\" data-end=\"1875\">V\u00f5imalik kasutada koos Cabin Cot vankrikorviga<\/li>\n<li data-section-id=\"o6bkdm\" data-start=\"1876\" data-end=\"1953\">Istme saab eemaldada ja kinnitada lisatarvikud adapteritega (m\u00fc\u00fcgil eraldi)<\/li>\n<\/ul>\n<hr data-start=\"1955\" data-end=\"1958\" \/>\n<h2 data-section-id=\"1e8gqrv\" data-start=\"1960\" data-end=\"1980\">Tehnilised andmed<\/h2>\n<ul data-start=\"1981\" data-end=\"2263\">\n<li data-section-id=\"1qo3a24\" data-start=\"1981\" data-end=\"2033\">Kasutus: alates s\u00fcnnist kuni 22 kg (~0\u20134 aastat)<\/li>\n<li data-section-id=\"1sd92eh\" data-start=\"2034\" data-end=\"2056\">K\u00e4ru kaal: ~8,2 kg<\/li>\n<li data-section-id=\"qsfd19\" data-start=\"2057\" data-end=\"2095\">M\u00f5\u00f5dud avatuna: 84 \u00d7 105 \u00d7 44,5 cm<\/li>\n<li data-section-id=\"1u0z9fg\" data-start=\"2096\" data-end=\"2138\">M\u00f5\u00f5dud kokkupandult: 54 \u00d7 44,5 \u00d7 25 cm<\/li>\n<li data-section-id=\"6a7ufl\" data-start=\"2139\" data-end=\"2163\">Raami laius: 44,5 cm<\/li>\n<li data-section-id=\"1di5on5\" data-start=\"2164\" data-end=\"2187\">P\u00e4ikesekate: UPF50+<\/li>\n<li data-section-id=\"qvojp3\" data-start=\"2188\" data-end=\"2208\">Esirattad: 13 cm<\/li>\n<li data-section-id=\"2akq78\" data-start=\"2209\" data-end=\"2232\">Tagarattad: 15,5 cm<\/li>\n<li data-section-id=\"am3laz\" data-start=\"2233\" data-end=\"2263\">Pakikorvi kandev\u00f5ime: 8 kg<\/li>\n<li data-section-id=\"am3laz\" data-start=\"2233\" data-end=\"2263\">VIDEO: <a href=\"https:\/\/youtu.be\/Yv4i_ZGpLWs?si=aXNgndrdoY5YIoZy\">SIIN<\/a><\/li>\n<\/ul>\n<hr data-start=\"2265\" data-end=\"2268\" \/>\n<p data-start=\"2270\" data-end=\"2416\"><strong data-start=\"2270\" data-end=\"2416\">See ultrakompaktne jalutusk\u00e4ru on ideaalne valik perele, kes soovib \u00fchendada mugavuse, turvalisuse ja liikumisvabaduse \u2013 nii kodus kui reisil.<\/strong><\/p>\n","protected":false},"excerpt":{"rendered":"<p>Ultrakompaktne reisik\u00e4ru Mugav liikumine perele \u2013 igal ajal ja igal pool See nutikas ja kerge jalutusk\u00e4ru on loodud aktiivsetele peredele, kes hindavad lihtsust, mugavust ja paindlikkust nii igap\u00e4evaelus kui reisidel. T\u00e4nu \u00fclikompaktsele disainile mahub see k\u00e4sipagasisse ning on kiiresti \u00fche k\u00e4ega kokkupandav \u2013 ideaalne kaaslane igale seiklusele. \u2708\ufe0f T\u00e4iuslik reisikaaslane K\u00e4ru vastab k\u00e4sipagasi m\u00f5\u00f5tudele ning [&hellip;]<\/p>\n","protected":false},"featured_media":512820,"template":"","meta":{"_acf_changed":false},"pwb-brand":[11961],"product_brand":[],"product_cat":[11721,11717],"product_tag":[],"class_list":{"0":"post-512818","1":"product","2":"type-product","3":"status-publish","4":"has-post-thumbnail","6":"pwb-brand-maxi-cosi-ru","7":"product_cat-jalutuskarud-ru","8":"product_cat-lastevankrid-ja-karud-ru","9":"pa_manufacturer-maxi_cosi-ru","11":"first","12":"onbackorder","13":"taxable","14":"shipping-taxable","15":"purchasable","16":"product-type-simple"},"exclude_global_add_ons":[],"addons":[],"acf":[],"yoast_head":"<!-- This site is optimized with the Yoast SEO plugin v27.1.1 - https:\/\/yoast.com\/product\/yoast-seo-wordpress\/ -->\n<title>Maxi-Cosi Oxford jalutusk\u00e4ru, Twillic Truffle, \u0421\u041a\u0418\u0414\u041a\u0418, \u041a\u043e\u043b\u044f\u0441\u043a\u0438, \u041f\u0440\u043e\u0433\u0443\u043b\u043e\u0447\u043d\u044b\u0435 \u043a\u043e\u043b\u044f\u0441\u043a\u0438, Beebipood<\/title>\n<meta name=\"description\" content=\"Maxi-Cosi Oxford jalutusk\u00e4ru, Twillic Truffle, Maxi-Cosi Oxford \u00fchendab endas stiili ja funktsionaalsuse, et saaksite vastu v\u00f5tta nii linn\" \/>\n<meta name=\"robots\" content=\"index, follow, max-snippet:-1, max-image-preview:large, max-video-preview:-1\" \/>\n<link rel=\"canonical\" href=\"https:\/\/beebipood.ee\/ru\/produkt\/maxi-cosi-fame-cabin-kergkaru-sapphire-sand\/\" \/>\n<meta property=\"og:locale\" content=\"ru_RU\" \/>\n<meta property=\"og:type\" content=\"article\" \/>\n<meta property=\"og:title\" content=\"Maxi-Cosi Oxford jalutusk\u00e4ru, Twillic Truffle, \u0421\u041a\u0418\u0414\u041a\u0418, \u041a\u043e\u043b\u044f\u0441\u043a\u0438, \u041f\u0440\u043e\u0433\u0443\u043b\u043e\u0447\u043d\u044b\u0435 \u043a\u043e\u043b\u044f\u0441\u043a\u0438, Beebipood\" \/>\n<meta property=\"og:description\" content=\"Maxi-Cosi Oxford jalutusk\u00e4ru, Twillic Truffle, Maxi-Cosi Oxford \u00fchendab endas stiili ja funktsionaalsuse, et saaksite vastu v\u00f5tta nii linn\" \/>\n<meta property=\"og:url\" content=\"https:\/\/beebipood.ee\/ru\/produkt\/maxi-cosi-fame-cabin-kergkaru-sapphire-sand\/\" \/>\n<meta property=\"og:site_name\" content=\"Beebipood\" \/>\n<meta property=\"article:modified_time\" content=\"2026-03-29T17:11:49+00:00\" \/>\n<meta property=\"og:image\" content=\"https:\/\/beebipood.ee\/wp-content\/uploads\/2026\/03\/maxi-cosi-fame-cabin-kergkaru-beige.jpg\" \/>\n\t<meta property=\"og:image:width\" content=\"1200\" \/>\n\t<meta property=\"og:image:height\" content=\"1200\" \/>\n\t<meta property=\"og:image:type\" content=\"image\/jpeg\" \/>\n<meta name=\"twitter:card\" content=\"summary_large_image\" \/>\n<meta name=\"twitter:label1\" content=\"\u041f\u0440\u0438\u043c\u0435\u0440\u043d\u043e\u0435 \u0432\u0440\u0435\u043c\u044f \u0434\u043b\u044f \u0447\u0442\u0435\u043d\u0438\u044f\" \/>\n\t<meta name=\"twitter:data1\" content=\"2 \u043c\u0438\u043d\u0443\u0442\u044b\" \/>\n<script type=\"application\/ld+json\" class=\"yoast-schema-graph\">{\"@context\":\"https:\/\/schema.org\",\"@graph\":[{\"@type\":\"WebPage\",\"@id\":\"https:\/\/beebipood.ee\/ru\/produkt\/maxi-cosi-fame-cabin-kergkaru-sapphire-sand\/\",\"url\":\"https:\/\/beebipood.ee\/ru\/produkt\/maxi-cosi-fame-cabin-kergkaru-sapphire-sand\/\",\"name\":\"Maxi-Cosi Oxford jalutusk\u00e4ru, Twillic Truffle, \u0421\u041a\u0418\u0414\u041a\u0418, \u041a\u043e\u043b\u044f\u0441\u043a\u0438, \u041f\u0440\u043e\u0433\u0443\u043b\u043e\u0447\u043d\u044b\u0435 \u043a\u043e\u043b\u044f\u0441\u043a\u0438, Beebipood\",\"isPartOf\":{\"@id\":\"https:\/\/beebipood.ee\/ru\/#website\"},\"primaryImageOfPage\":{\"@id\":\"https:\/\/beebipood.ee\/ru\/produkt\/maxi-cosi-fame-cabin-kergkaru-sapphire-sand\/#primaryimage\"},\"image\":{\"@id\":\"https:\/\/beebipood.ee\/ru\/produkt\/maxi-cosi-fame-cabin-kergkaru-sapphire-sand\/#primaryimage\"},\"thumbnailUrl\":\"https:\/\/beebipood.ee\/wp-content\/uploads\/2026\/03\/maxi-cosi-fame-cabin-kergkaru-beige.jpg\",\"datePublished\":\"2026-03-29T17:07:58+00:00\",\"dateModified\":\"2026-03-29T17:11:49+00:00\",\"description\":\"Maxi-Cosi Oxford jalutusk\u00e4ru, Twillic Truffle, Maxi-Cosi Oxford \u00fchendab endas stiili ja funktsionaalsuse, et saaksite vastu v\u00f5tta nii linn\",\"breadcrumb\":{\"@id\":\"https:\/\/beebipood.ee\/ru\/produkt\/maxi-cosi-fame-cabin-kergkaru-sapphire-sand\/#breadcrumb\"},\"inLanguage\":\"ru-RU\",\"potentialAction\":[{\"@type\":\"ReadAction\",\"target\":[\"https:\/\/beebipood.ee\/ru\/produkt\/maxi-cosi-fame-cabin-kergkaru-sapphire-sand\/\"]}]},{\"@type\":\"ImageObject\",\"inLanguage\":\"ru-RU\",\"@id\":\"https:\/\/beebipood.ee\/ru\/produkt\/maxi-cosi-fame-cabin-kergkaru-sapphire-sand\/#primaryimage\",\"url\":\"https:\/\/beebipood.ee\/wp-content\/uploads\/2026\/03\/maxi-cosi-fame-cabin-kergkaru-beige.jpg\",\"contentUrl\":\"https:\/\/beebipood.ee\/wp-content\/uploads\/2026\/03\/maxi-cosi-fame-cabin-kergkaru-beige.jpg\",\"width\":1200,\"height\":1200},{\"@type\":\"BreadcrumbList\",\"@id\":\"https:\/\/beebipood.ee\/ru\/produkt\/maxi-cosi-fame-cabin-kergkaru-sapphire-sand\/#breadcrumb\",\"itemListElement\":[{\"@type\":\"ListItem\",\"position\":1,\"name\":\"Home\",\"item\":\"https:\/\/beebipood.ee\/ru\/\"},{\"@type\":\"ListItem\",\"position\":2,\"name\":\"\u041a\u0430\u0442\u0430\u043b\u043e\u0433 \u0442\u043e\u0432\u0430\u0440\u043e\u0432\",\"item\":\"https:\/\/beebipood.ee\/tooted\/\"},{\"@type\":\"ListItem\",\"position\":3,\"name\":\"Maxi-Cosi Fame Cabin kergk\u00e4ru, Sapphire Sand\"}]},{\"@type\":\"WebSite\",\"@id\":\"https:\/\/beebipood.ee\/ru\/#website\",\"url\":\"https:\/\/beebipood.ee\/ru\/\",\"name\":\"Beebipood\",\"description\":\"Lastekaubad, beebikaubad, m\u00e4nguasjad\",\"publisher\":{\"@id\":\"https:\/\/beebipood.ee\/ru\/#organization\"},\"potentialAction\":[{\"@type\":\"SearchAction\",\"target\":{\"@type\":\"EntryPoint\",\"urlTemplate\":\"https:\/\/beebipood.ee\/ru\/?s={search_term_string}\"},\"query-input\":{\"@type\":\"PropertyValueSpecification\",\"valueRequired\":true,\"valueName\":\"search_term_string\"}}],\"inLanguage\":\"ru-RU\"},{\"@type\":\"Organization\",\"@id\":\"https:\/\/beebipood.ee\/ru\/#organization\",\"name\":\"Beebipood\",\"url\":\"https:\/\/beebipood.ee\/ru\/\",\"logo\":{\"@type\":\"ImageObject\",\"inLanguage\":\"ru-RU\",\"@id\":\"https:\/\/beebipood.ee\/ru\/#\/schema\/logo\/image\/\",\"url\":\"https:\/\/beebipood.ee\/wp-content\/uploads\/2025\/03\/beebipood.ee-logo-1.svg\",\"contentUrl\":\"https:\/\/beebipood.ee\/wp-content\/uploads\/2025\/03\/beebipood.ee-logo-1.svg\",\"caption\":\"Beebipood\"},\"image\":{\"@id\":\"https:\/\/beebipood.ee\/ru\/#\/schema\/logo\/image\/\"}}]}<\/script>\n<!-- \/ Yoast SEO plugin. -->","yoast_head_json":{"title":"Maxi-Cosi Oxford jalutusk\u00e4ru, Twillic Truffle, \u0421\u041a\u0418\u0414\u041a\u0418, \u041a\u043e\u043b\u044f\u0441\u043a\u0438, \u041f\u0440\u043e\u0433\u0443\u043b\u043e\u0447\u043d\u044b\u0435 \u043a\u043e\u043b\u044f\u0441\u043a\u0438, Beebipood","description":"Maxi-Cosi Oxford jalutusk\u00e4ru, Twillic Truffle, Maxi-Cosi Oxford \u00fchendab endas stiili ja funktsionaalsuse, et saaksite vastu v\u00f5tta nii linn","robots":{"index":"index","follow":"follow","max-snippet":"max-snippet:-1","max-image-preview":"max-image-preview:large","max-video-preview":"max-video-preview:-1"},"canonical":"https:\/\/beebipood.ee\/ru\/produkt\/maxi-cosi-fame-cabin-kergkaru-sapphire-sand\/","og_locale":"ru_RU","og_type":"article","og_title":"Maxi-Cosi Oxford jalutusk\u00e4ru, Twillic Truffle, \u0421\u041a\u0418\u0414\u041a\u0418, \u041a\u043e\u043b\u044f\u0441\u043a\u0438, \u041f\u0440\u043e\u0433\u0443\u043b\u043e\u0447\u043d\u044b\u0435 \u043a\u043e\u043b\u044f\u0441\u043a\u0438, Beebipood","og_description":"Maxi-Cosi Oxford jalutusk\u00e4ru, Twillic Truffle, Maxi-Cosi Oxford \u00fchendab endas stiili ja funktsionaalsuse, et saaksite vastu v\u00f5tta nii linn","og_url":"https:\/\/beebipood.ee\/ru\/produkt\/maxi-cosi-fame-cabin-kergkaru-sapphire-sand\/","og_site_name":"Beebipood","article_modified_time":"2026-03-29T17:11:49+00:00","og_image":[{"width":1200,"height":1200,"url":"https:\/\/beebipood.ee\/wp-content\/uploads\/2026\/03\/maxi-cosi-fame-cabin-kergkaru-beige.jpg","type":"image\/jpeg"}],"twitter_card":"summary_large_image","twitter_misc":{"\u041f\u0440\u0438\u043c\u0435\u0440\u043d\u043e\u0435 \u0432\u0440\u0435\u043c\u044f \u0434\u043b\u044f \u0447\u0442\u0435\u043d\u0438\u044f":"2 \u043c\u0438\u043d\u0443\u0442\u044b"},"schema":{"@context":"https:\/\/schema.org","@graph":[{"@type":"WebPage","@id":"https:\/\/beebipood.ee\/ru\/produkt\/maxi-cosi-fame-cabin-kergkaru-sapphire-sand\/","url":"https:\/\/beebipood.ee\/ru\/produkt\/maxi-cosi-fame-cabin-kergkaru-sapphire-sand\/","name":"Maxi-Cosi Oxford jalutusk\u00e4ru, Twillic Truffle, \u0421\u041a\u0418\u0414\u041a\u0418, \u041a\u043e\u043b\u044f\u0441\u043a\u0438, \u041f\u0440\u043e\u0433\u0443\u043b\u043e\u0447\u043d\u044b\u0435 \u043a\u043e\u043b\u044f\u0441\u043a\u0438, Beebipood","isPartOf":{"@id":"https:\/\/beebipood.ee\/ru\/#website"},"primaryImageOfPage":{"@id":"https:\/\/beebipood.ee\/ru\/produkt\/maxi-cosi-fame-cabin-kergkaru-sapphire-sand\/#primaryimage"},"image":{"@id":"https:\/\/beebipood.ee\/ru\/produkt\/maxi-cosi-fame-cabin-kergkaru-sapphire-sand\/#primaryimage"},"thumbnailUrl":"https:\/\/beebipood.ee\/wp-content\/uploads\/2026\/03\/maxi-cosi-fame-cabin-kergkaru-beige.jpg","datePublished":"2026-03-29T17:07:58+00:00","dateModified":"2026-03-29T17:11:49+00:00","description":"Maxi-Cosi Oxford jalutusk\u00e4ru, Twillic Truffle, Maxi-Cosi Oxford \u00fchendab endas stiili ja funktsionaalsuse, et saaksite vastu v\u00f5tta nii linn","breadcrumb":{"@id":"https:\/\/beebipood.ee\/ru\/produkt\/maxi-cosi-fame-cabin-kergkaru-sapphire-sand\/#breadcrumb"},"inLanguage":"ru-RU","potentialAction":[{"@type":"ReadAction","target":["https:\/\/beebipood.ee\/ru\/produkt\/maxi-cosi-fame-cabin-kergkaru-sapphire-sand\/"]}]},{"@type":"ImageObject","inLanguage":"ru-RU","@id":"https:\/\/beebipood.ee\/ru\/produkt\/maxi-cosi-fame-cabin-kergkaru-sapphire-sand\/#primaryimage","url":"https:\/\/beebipood.ee\/wp-content\/uploads\/2026\/03\/maxi-cosi-fame-cabin-kergkaru-beige.jpg","contentUrl":"https:\/\/beebipood.ee\/wp-content\/uploads\/2026\/03\/maxi-cosi-fame-cabin-kergkaru-beige.jpg","width":1200,"height":1200},{"@type":"BreadcrumbList","@id":"https:\/\/beebipood.ee\/ru\/produkt\/maxi-cosi-fame-cabin-kergkaru-sapphire-sand\/#breadcrumb","itemListElement":[{"@type":"ListItem","position":1,"name":"Home","item":"https:\/\/beebipood.ee\/ru\/"},{"@type":"ListItem","position":2,"name":"\u041a\u0430\u0442\u0430\u043b\u043e\u0433 \u0442\u043e\u0432\u0430\u0440\u043e\u0432","item":"https:\/\/beebipood.ee\/tooted\/"},{"@type":"ListItem","position":3,"name":"Maxi-Cosi Fame Cabin kergk\u00e4ru, Sapphire Sand"}]},{"@type":"WebSite","@id":"https:\/\/beebipood.ee\/ru\/#website","url":"https:\/\/beebipood.ee\/ru\/","name":"Beebipood","description":"Lastekaubad, beebikaubad, m\u00e4nguasjad","publisher":{"@id":"https:\/\/beebipood.ee\/ru\/#organization"},"potentialAction":[{"@type":"SearchAction","target":{"@type":"EntryPoint","urlTemplate":"https:\/\/beebipood.ee\/ru\/?s={search_term_string}"},"query-input":{"@type":"PropertyValueSpecification","valueRequired":true,"valueName":"search_term_string"}}],"inLanguage":"ru-RU"},{"@type":"Organization","@id":"https:\/\/beebipood.ee\/ru\/#organization","name":"Beebipood","url":"https:\/\/beebipood.ee\/ru\/","logo":{"@type":"ImageObject","inLanguage":"ru-RU","@id":"https:\/\/beebipood.ee\/ru\/#\/schema\/logo\/image\/","url":"https:\/\/beebipood.ee\/wp-content\/uploads\/2025\/03\/beebipood.ee-logo-1.svg","contentUrl":"https:\/\/beebipood.ee\/wp-content\/uploads\/2025\/03\/beebipood.ee-logo-1.svg","caption":"Beebipood"},"image":{"@id":"https:\/\/beebipood.ee\/ru\/#\/schema\/logo\/image\/"}}]}},"brands":[{"id":11961,"name":"Maxi-Cosi","slug":"maxi-cosi-ru"}],"_links":{"self":[{"href":"https:\/\/beebipood.ee\/ru\/wp-json\/wp\/v2\/product\/512818","targetHints":{"allow":["GET"]}}],"collection":[{"href":"https:\/\/beebipood.ee\/ru\/wp-json\/wp\/v2\/product"}],"about":[{"href":"https:\/\/beebipood.ee\/ru\/wp-json\/wp\/v2\/types\/product"}],"wp:featuredmedia":[{"embeddable":true,"href":"https:\/\/beebipood.ee\/ru\/wp-json\/wp\/v2\/media\/512820"}],"wp:attachment":[{"href":"https:\/\/beebipood.ee\/ru\/wp-json\/wp\/v2\/media?parent=512818"}],"wp:term":[{"taxonomy":"pwb-brand","embeddable":true,"href":"https:\/\/beebipood.ee\/ru\/wp-json\/wp\/v2\/pwb-brand?post=512818"},{"taxonomy":"product_brand","embeddable":true,"href":"https:\/\/beebipood.ee\/ru\/wp-json\/wp\/v2\/product_brand?post=512818"},{"taxonomy":"product_cat","embeddable":true,"href":"https:\/\/beebipood.ee\/ru\/wp-json\/wp\/v2\/product_cat?post=512818"},{"taxonomy":"product_tag","embeddable":true,"href":"https:\/\/beebipood.ee\/ru\/wp-json\/wp\/v2\/product_tag?post=512818"}],"curies":[{"name":"wp","href":"https:\/\/api.w.org\/{rel}","templated":true}]}}