{"id":512943,"date":"2026-04-02T13:40:11","date_gmt":"2026-04-02T10:40:11","guid":{"rendered":"https:\/\/beebipood.ee\/?post_type=product&#038;p=512943"},"modified":"2026-04-02T13:42:53","modified_gmt":"2026-04-02T10:42:53","slug":"babybjorn-harmony-kandekott-blue-melange","status":"publish","type":"product","link":"https:\/\/beebipood.ee\/ru\/produkt\/babybjorn-harmony-kandekott-blue-melange\/","title":{"rendered":"BabyBj\u00f6rn Harmony kandekott, Blue Melange"},"content":{"rendered":"<h2 data-section-id=\"1gkv55c\" data-start=\"73\" data-end=\"105\">BabyBj\u00f6rn Harmony kandekott<\/h2>\n<p data-start=\"106\" data-end=\"159\"><strong data-start=\"106\" data-end=\"159\">L\u00e4hedus, mugavus ja liikumisvabadus igaks p\u00e4evaks<\/strong><\/p>\n<p data-start=\"161\" data-end=\"399\">BabyBj\u00f6rn Harmony kandekott on loodud selleks, et pakkuda <strong data-start=\"219\" data-end=\"274\">maksimaalset mugavust nii beebile kui lapsevanemale<\/strong>. Pehme ja hingav v\u00f5rkkangas hoiab lapse m\u00f5nusalt jahedas ning ergonoomiline disain toetab keha \u00f5igesti ka pikemal kandmisel.<\/p>\n<hr data-start=\"401\" data-end=\"404\" \/>\n<h3 data-section-id=\"12nun9n\" data-start=\"406\" data-end=\"446\">\ud83d\udc76 Turvaline ja mugav alates s\u00fcnnist<\/h3>\n<p data-start=\"447\" data-end=\"622\">Kandekott sobib kasutamiseks juba esimestest elup\u00e4evadest alates, pakkudes beebile loomulikku ja toetatud asendit. Reguleeritav disain kasvab koos lapsega kuni v\u00e4ikelapseeani.<\/p>\n<h3 data-section-id=\"1tscf6q\" data-start=\"624\" data-end=\"648\">\ud83d\udc99 Mugav ka kandjale<\/h3>\n<p data-start=\"649\" data-end=\"779\">Uuendatud v\u00f6\u00f6rihm, polsterdatud \u00f5larihmad ja seljatugi aitavad jaotada raskust \u00fchtlaselt, v\u00e4hendades koormust seljale ja \u00f5lgadele.<\/p>\n<h3 data-section-id=\"1j56rps\" data-start=\"781\" data-end=\"810\">\ud83c\udf3f Hingav ja \u00f5rn materjal<\/h3>\n<p data-start=\"811\" data-end=\"950\">Unikaalne 3D v\u00f5rkkangas on pehme lapse naha vastu ning tagab suurep\u00e4rase \u00f5huringluse \u2013 ideaalne nii soojemal ajal kui aktiivsel liikumisel.<\/p>\n<hr data-start=\"952\" data-end=\"955\" \/>\n<h2 data-section-id=\"kf2m40\" data-start=\"957\" data-end=\"996\">Miks see kandekott peredele meeldib?<\/h2>\n<ul data-start=\"997\" data-end=\"1257\">\n<li data-section-id=\"vh0eoe\" data-start=\"997\" data-end=\"1048\">\u2714\ufe0f Sobib <strong data-start=\"1008\" data-end=\"1046\">alates s\u00fcnnist kuni ~3. eluaastani<\/strong><\/li>\n<li data-section-id=\"1c7mmyx\" data-start=\"1049\" data-end=\"1103\">\u2714\ufe0f Ergonoomiline ja mugav nii lapsele kui vanemale<\/li>\n<li data-section-id=\"197cmgv\" data-start=\"1104\" data-end=\"1148\">\u2714\ufe0f V\u00e4ga hea hingavus t\u00e4nu 3D v\u00f5rkkangale<\/li>\n<li data-section-id=\"148duzl\" data-start=\"1149\" data-end=\"1202\">\u2714\ufe0f Lihtsasti reguleeritav vastavalt lapse kasvule<\/li>\n<li data-section-id=\"xrt86b\" data-start=\"1203\" data-end=\"1257\">\u2714\ufe0f Mitmek\u00fclgne kasutus erinevates kandmisasendites<\/li>\n<\/ul>\n<hr data-start=\"1259\" data-end=\"1262\" \/>\n<h2 data-section-id=\"1tgfd0b\" data-start=\"1264\" data-end=\"1300\">L\u00e4bim\u00f5eldud mugavus igas detailis<\/h2>\n<ul data-start=\"1301\" data-end=\"1498\">\n<li data-section-id=\"bxlphw\" data-start=\"1301\" data-end=\"1339\">Survet v\u00e4hendav ja toestav v\u00f6\u00f6rihm<\/li>\n<li data-section-id=\"1761w3h\" data-start=\"1340\" data-end=\"1379\">Polsterdatud seljatugi ja \u00f5larihmad<\/li>\n<li data-section-id=\"jsvu3j\" data-start=\"1380\" data-end=\"1422\">Reguleeritav vastavalt lapse pikkusele<\/li>\n<li data-section-id=\"brahm7\" data-start=\"1423\" data-end=\"1454\">Toestav peatugi (3 asendit)<\/li>\n<li data-section-id=\"v97zlp\" data-start=\"1455\" data-end=\"1498\">Pehme ja luksusliku v\u00e4limusega materjal<\/li>\n<\/ul>\n<hr data-start=\"1500\" data-end=\"1503\" \/>\n<h2 data-section-id=\"1xzs8ne\" data-start=\"1505\" data-end=\"1522\">4 kandmisviisi<\/h2>\n<ul data-start=\"1523\" data-end=\"1609\">\n<li data-section-id=\"1t7hgrv\" data-start=\"1523\" data-end=\"1547\">Vasts\u00fcndinu k\u00f5rgusel<\/li>\n<li data-section-id=\"1768etp\" data-start=\"1548\" data-end=\"1568\">N\u00e4oga sissepoole<\/li>\n<li data-section-id=\"1i04q2v\" data-start=\"1569\" data-end=\"1589\">N\u00e4oga v\u00e4ljapoole<\/li>\n<li data-section-id=\"owegii\" data-start=\"1590\" data-end=\"1609\">Seljal kandmine<\/li>\n<\/ul>\n<hr data-start=\"1611\" data-end=\"1614\" \/>\n<h2 data-section-id=\"1e8gqrv\" data-start=\"1616\" data-end=\"1636\">Tehnilised andmed<\/h2>\n<ul data-start=\"1637\" data-end=\"1718\">\n<li data-section-id=\"1mzbqtr\" data-start=\"1637\" data-end=\"1658\">Vanus: 0\u20133 aastat<\/li>\n<li data-section-id=\"16udhu0\" data-start=\"1659\" data-end=\"1684\">Lapse kaal: 3,2\u201315 kg<\/li>\n<li data-section-id=\"12z5zl4\" data-start=\"1685\" data-end=\"1718\">Sobiv alates pikkusest: 53 cm<\/li>\n<\/ul>\n<hr data-start=\"1720\" data-end=\"1723\" \/>\n<p data-start=\"1725\" data-end=\"1886\" data-is-last-node=\"\" data-is-only-node=\"\"><strong data-start=\"1725\" data-end=\"1756\">BabyBj\u00f6rn Harmony kandekott<\/strong> on ideaalne valik perele, kes soovib hoida oma beebit l\u00e4hedal, pakkudes samal ajal <strong data-start=\"1840\" data-end=\"1885\">mugavust, turvalisust ja vabadust liikuda<\/strong>.<\/p>\n","protected":false},"excerpt":{"rendered":"<p>BabyBj\u00f6rn Harmony kandekott L\u00e4hedus, mugavus ja liikumisvabadus igaks p\u00e4evaks BabyBj\u00f6rn Harmony kandekott on loodud selleks, et pakkuda maksimaalset mugavust nii beebile kui lapsevanemale. Pehme ja hingav v\u00f5rkkangas hoiab lapse m\u00f5nusalt jahedas ning ergonoomiline disain toetab keha \u00f5igesti ka pikemal kandmisel. \ud83d\udc76 Turvaline ja mugav alates s\u00fcnnist Kandekott sobib kasutamiseks juba esimestest elup\u00e4evadest alates, pakkudes beebile [&hellip;]<\/p>\n","protected":false},"featured_media":512953,"template":"","meta":{"_acf_changed":false},"pwb-brand":[11966],"product_brand":[],"product_cat":[11573,11575,11709,11881],"product_tag":[],"class_list":{"0":"post-512943","1":"product","2":"type-product","3":"status-publish","4":"has-post-thumbnail","6":"pwb-brand-babybjorn-ru","7":"product_cat-sooduspakkumised-ru","8":"product_cat-uued-tooted-ru","9":"product_cat-sootmistoolid-beebi-ja-lastetarbed-mahkimine-hugieen-ru","10":"product_cat-kandekotid-ja-linad-ru","11":"pa_manufacturer-babybjorn-ru","13":"first","14":"onbackorder","15":"sale","16":"taxable","17":"shipping-taxable","18":"purchasable","19":"product-type-simple"},"exclude_global_add_ons":[],"addons":[],"acf":[],"yoast_head":"<!-- This site is optimized with the Yoast SEO plugin v27.1.1 - https:\/\/yoast.com\/product\/yoast-seo-wordpress\/ -->\n<title>BabyBj\u00f6rn Harmony kandekott, Dusty pink Mesh, \u0421\u041a\u0418\u0414\u041a\u0418, \u041f\u0440\u0438\u043d\u0430\u0434\u043b\u0435\u0436\u043d\u043e\u0441\u0442\u0438 \u0434\u043b\u044f \u043c\u043b\u0430\u0434\u0435\u043d\u0446\u0435\u0432, \u0420\u044e\u043a\u0437\u0430\u043a-\u043f\u0435\u0440\u0435\u043d\u043e\u0441\u043a\u0430, Beebipood<\/title>\n<meta name=\"description\" content=\"BabyBj\u00f6rn Harmony kandekott, Dusty pink Mesh, \u00dclimalt mugav ning pehmest v\u00f5rkkangast kandekott Harmonyon ergonoomiline nii sinule kui ka s\" \/>\n<meta name=\"robots\" content=\"index, follow, max-snippet:-1, max-image-preview:large, max-video-preview:-1\" \/>\n<link rel=\"canonical\" href=\"https:\/\/beebipood.ee\/ru\/produkt\/babybjorn-harmony-kandekott-blue-melange\/\" \/>\n<meta property=\"og:locale\" content=\"ru_RU\" \/>\n<meta property=\"og:type\" content=\"article\" \/>\n<meta property=\"og:title\" content=\"BabyBj\u00f6rn Harmony kandekott, Dusty pink Mesh, \u0421\u041a\u0418\u0414\u041a\u0418, \u041f\u0440\u0438\u043d\u0430\u0434\u043b\u0435\u0436\u043d\u043e\u0441\u0442\u0438 \u0434\u043b\u044f \u043c\u043b\u0430\u0434\u0435\u043d\u0446\u0435\u0432, \u0420\u044e\u043a\u0437\u0430\u043a-\u043f\u0435\u0440\u0435\u043d\u043e\u0441\u043a\u0430, Beebipood\" \/>\n<meta property=\"og:description\" content=\"BabyBj\u00f6rn Harmony kandekott, Dusty pink Mesh, \u00dclimalt mugav ning pehmest v\u00f5rkkangast kandekott Harmonyon ergonoomiline nii sinule kui ka s\" \/>\n<meta property=\"og:url\" content=\"https:\/\/beebipood.ee\/ru\/produkt\/babybjorn-harmony-kandekott-blue-melange\/\" \/>\n<meta property=\"og:site_name\" content=\"Beebipood\" \/>\n<meta property=\"article:modified_time\" content=\"2026-04-02T10:42:53+00:00\" \/>\n<meta property=\"og:image\" content=\"https:\/\/beebipood.ee\/wp-content\/uploads\/2026\/04\/baby-carrier-harmony-blue5.jpg\" \/>\n\t<meta property=\"og:image:width\" content=\"1060\" \/>\n\t<meta property=\"og:image:height\" content=\"1200\" \/>\n\t<meta property=\"og:image:type\" content=\"image\/jpeg\" \/>\n<meta name=\"twitter:card\" content=\"summary_large_image\" \/>\n<meta name=\"twitter:label1\" content=\"\u041f\u0440\u0438\u043c\u0435\u0440\u043d\u043e\u0435 \u0432\u0440\u0435\u043c\u044f \u0434\u043b\u044f \u0447\u0442\u0435\u043d\u0438\u044f\" \/>\n\t<meta name=\"twitter:data1\" content=\"2 \u043c\u0438\u043d\u0443\u0442\u044b\" \/>\n<script type=\"application\/ld+json\" class=\"yoast-schema-graph\">{\"@context\":\"https:\/\/schema.org\",\"@graph\":[{\"@type\":\"WebPage\",\"@id\":\"https:\/\/beebipood.ee\/ru\/produkt\/babybjorn-harmony-kandekott-blue-melange\/\",\"url\":\"https:\/\/beebipood.ee\/ru\/produkt\/babybjorn-harmony-kandekott-blue-melange\/\",\"name\":\"BabyBj\u00f6rn Harmony kandekott, Dusty pink Mesh, \u0421\u041a\u0418\u0414\u041a\u0418, \u041f\u0440\u0438\u043d\u0430\u0434\u043b\u0435\u0436\u043d\u043e\u0441\u0442\u0438 \u0434\u043b\u044f \u043c\u043b\u0430\u0434\u0435\u043d\u0446\u0435\u0432, \u0420\u044e\u043a\u0437\u0430\u043a-\u043f\u0435\u0440\u0435\u043d\u043e\u0441\u043a\u0430, Beebipood\",\"isPartOf\":{\"@id\":\"https:\/\/beebipood.ee\/ru\/#website\"},\"primaryImageOfPage\":{\"@id\":\"https:\/\/beebipood.ee\/ru\/produkt\/babybjorn-harmony-kandekott-blue-melange\/#primaryimage\"},\"image\":{\"@id\":\"https:\/\/beebipood.ee\/ru\/produkt\/babybjorn-harmony-kandekott-blue-melange\/#primaryimage\"},\"thumbnailUrl\":\"https:\/\/beebipood.ee\/wp-content\/uploads\/2026\/04\/baby-carrier-harmony-blue5.jpg\",\"datePublished\":\"2026-04-02T10:40:11+00:00\",\"dateModified\":\"2026-04-02T10:42:53+00:00\",\"description\":\"BabyBj\u00f6rn Harmony kandekott, Dusty pink Mesh, \u00dclimalt mugav ning pehmest v\u00f5rkkangast kandekott Harmonyon ergonoomiline nii sinule kui ka s\",\"breadcrumb\":{\"@id\":\"https:\/\/beebipood.ee\/ru\/produkt\/babybjorn-harmony-kandekott-blue-melange\/#breadcrumb\"},\"inLanguage\":\"ru-RU\",\"potentialAction\":[{\"@type\":\"ReadAction\",\"target\":[\"https:\/\/beebipood.ee\/ru\/produkt\/babybjorn-harmony-kandekott-blue-melange\/\"]}]},{\"@type\":\"ImageObject\",\"inLanguage\":\"ru-RU\",\"@id\":\"https:\/\/beebipood.ee\/ru\/produkt\/babybjorn-harmony-kandekott-blue-melange\/#primaryimage\",\"url\":\"https:\/\/beebipood.ee\/wp-content\/uploads\/2026\/04\/baby-carrier-harmony-blue5.jpg\",\"contentUrl\":\"https:\/\/beebipood.ee\/wp-content\/uploads\/2026\/04\/baby-carrier-harmony-blue5.jpg\",\"width\":1060,\"height\":1200},{\"@type\":\"BreadcrumbList\",\"@id\":\"https:\/\/beebipood.ee\/ru\/produkt\/babybjorn-harmony-kandekott-blue-melange\/#breadcrumb\",\"itemListElement\":[{\"@type\":\"ListItem\",\"position\":1,\"name\":\"Home\",\"item\":\"https:\/\/beebipood.ee\/ru\/\"},{\"@type\":\"ListItem\",\"position\":2,\"name\":\"\u041a\u0430\u0442\u0430\u043b\u043e\u0433 \u0442\u043e\u0432\u0430\u0440\u043e\u0432\",\"item\":\"https:\/\/beebipood.ee\/tooted\/\"},{\"@type\":\"ListItem\",\"position\":3,\"name\":\"BabyBj\u00f6rn Harmony kandekott, Blue Melange\"}]},{\"@type\":\"WebSite\",\"@id\":\"https:\/\/beebipood.ee\/ru\/#website\",\"url\":\"https:\/\/beebipood.ee\/ru\/\",\"name\":\"Beebipood\",\"description\":\"Lastekaubad, beebikaubad, m\u00e4nguasjad\",\"publisher\":{\"@id\":\"https:\/\/beebipood.ee\/ru\/#organization\"},\"potentialAction\":[{\"@type\":\"SearchAction\",\"target\":{\"@type\":\"EntryPoint\",\"urlTemplate\":\"https:\/\/beebipood.ee\/ru\/?s={search_term_string}\"},\"query-input\":{\"@type\":\"PropertyValueSpecification\",\"valueRequired\":true,\"valueName\":\"search_term_string\"}}],\"inLanguage\":\"ru-RU\"},{\"@type\":\"Organization\",\"@id\":\"https:\/\/beebipood.ee\/ru\/#organization\",\"name\":\"Beebipood\",\"url\":\"https:\/\/beebipood.ee\/ru\/\",\"logo\":{\"@type\":\"ImageObject\",\"inLanguage\":\"ru-RU\",\"@id\":\"https:\/\/beebipood.ee\/ru\/#\/schema\/logo\/image\/\",\"url\":\"https:\/\/beebipood.ee\/wp-content\/uploads\/2025\/03\/beebipood.ee-logo-1.svg\",\"contentUrl\":\"https:\/\/beebipood.ee\/wp-content\/uploads\/2025\/03\/beebipood.ee-logo-1.svg\",\"caption\":\"Beebipood\"},\"image\":{\"@id\":\"https:\/\/beebipood.ee\/ru\/#\/schema\/logo\/image\/\"}}]}<\/script>\n<!-- \/ Yoast SEO plugin. -->","yoast_head_json":{"title":"BabyBj\u00f6rn Harmony kandekott, Dusty pink Mesh, \u0421\u041a\u0418\u0414\u041a\u0418, \u041f\u0440\u0438\u043d\u0430\u0434\u043b\u0435\u0436\u043d\u043e\u0441\u0442\u0438 \u0434\u043b\u044f \u043c\u043b\u0430\u0434\u0435\u043d\u0446\u0435\u0432, \u0420\u044e\u043a\u0437\u0430\u043a-\u043f\u0435\u0440\u0435\u043d\u043e\u0441\u043a\u0430, Beebipood","description":"BabyBj\u00f6rn Harmony kandekott, Dusty pink Mesh, \u00dclimalt mugav ning pehmest v\u00f5rkkangast kandekott Harmonyon ergonoomiline nii sinule kui ka s","robots":{"index":"index","follow":"follow","max-snippet":"max-snippet:-1","max-image-preview":"max-image-preview:large","max-video-preview":"max-video-preview:-1"},"canonical":"https:\/\/beebipood.ee\/ru\/produkt\/babybjorn-harmony-kandekott-blue-melange\/","og_locale":"ru_RU","og_type":"article","og_title":"BabyBj\u00f6rn Harmony kandekott, Dusty pink Mesh, \u0421\u041a\u0418\u0414\u041a\u0418, \u041f\u0440\u0438\u043d\u0430\u0434\u043b\u0435\u0436\u043d\u043e\u0441\u0442\u0438 \u0434\u043b\u044f \u043c\u043b\u0430\u0434\u0435\u043d\u0446\u0435\u0432, \u0420\u044e\u043a\u0437\u0430\u043a-\u043f\u0435\u0440\u0435\u043d\u043e\u0441\u043a\u0430, Beebipood","og_description":"BabyBj\u00f6rn Harmony kandekott, Dusty pink Mesh, \u00dclimalt mugav ning pehmest v\u00f5rkkangast kandekott Harmonyon ergonoomiline nii sinule kui ka s","og_url":"https:\/\/beebipood.ee\/ru\/produkt\/babybjorn-harmony-kandekott-blue-melange\/","og_site_name":"Beebipood","article_modified_time":"2026-04-02T10:42:53+00:00","og_image":[{"width":1060,"height":1200,"url":"https:\/\/beebipood.ee\/wp-content\/uploads\/2026\/04\/baby-carrier-harmony-blue5.jpg","type":"image\/jpeg"}],"twitter_card":"summary_large_image","twitter_misc":{"\u041f\u0440\u0438\u043c\u0435\u0440\u043d\u043e\u0435 \u0432\u0440\u0435\u043c\u044f \u0434\u043b\u044f \u0447\u0442\u0435\u043d\u0438\u044f":"2 \u043c\u0438\u043d\u0443\u0442\u044b"},"schema":{"@context":"https:\/\/schema.org","@graph":[{"@type":"WebPage","@id":"https:\/\/beebipood.ee\/ru\/produkt\/babybjorn-harmony-kandekott-blue-melange\/","url":"https:\/\/beebipood.ee\/ru\/produkt\/babybjorn-harmony-kandekott-blue-melange\/","name":"BabyBj\u00f6rn Harmony kandekott, Dusty pink Mesh, \u0421\u041a\u0418\u0414\u041a\u0418, \u041f\u0440\u0438\u043d\u0430\u0434\u043b\u0435\u0436\u043d\u043e\u0441\u0442\u0438 \u0434\u043b\u044f \u043c\u043b\u0430\u0434\u0435\u043d\u0446\u0435\u0432, \u0420\u044e\u043a\u0437\u0430\u043a-\u043f\u0435\u0440\u0435\u043d\u043e\u0441\u043a\u0430, Beebipood","isPartOf":{"@id":"https:\/\/beebipood.ee\/ru\/#website"},"primaryImageOfPage":{"@id":"https:\/\/beebipood.ee\/ru\/produkt\/babybjorn-harmony-kandekott-blue-melange\/#primaryimage"},"image":{"@id":"https:\/\/beebipood.ee\/ru\/produkt\/babybjorn-harmony-kandekott-blue-melange\/#primaryimage"},"thumbnailUrl":"https:\/\/beebipood.ee\/wp-content\/uploads\/2026\/04\/baby-carrier-harmony-blue5.jpg","datePublished":"2026-04-02T10:40:11+00:00","dateModified":"2026-04-02T10:42:53+00:00","description":"BabyBj\u00f6rn Harmony kandekott, Dusty pink Mesh, \u00dclimalt mugav ning pehmest v\u00f5rkkangast kandekott Harmonyon ergonoomiline nii sinule kui ka s","breadcrumb":{"@id":"https:\/\/beebipood.ee\/ru\/produkt\/babybjorn-harmony-kandekott-blue-melange\/#breadcrumb"},"inLanguage":"ru-RU","potentialAction":[{"@type":"ReadAction","target":["https:\/\/beebipood.ee\/ru\/produkt\/babybjorn-harmony-kandekott-blue-melange\/"]}]},{"@type":"ImageObject","inLanguage":"ru-RU","@id":"https:\/\/beebipood.ee\/ru\/produkt\/babybjorn-harmony-kandekott-blue-melange\/#primaryimage","url":"https:\/\/beebipood.ee\/wp-content\/uploads\/2026\/04\/baby-carrier-harmony-blue5.jpg","contentUrl":"https:\/\/beebipood.ee\/wp-content\/uploads\/2026\/04\/baby-carrier-harmony-blue5.jpg","width":1060,"height":1200},{"@type":"BreadcrumbList","@id":"https:\/\/beebipood.ee\/ru\/produkt\/babybjorn-harmony-kandekott-blue-melange\/#breadcrumb","itemListElement":[{"@type":"ListItem","position":1,"name":"Home","item":"https:\/\/beebipood.ee\/ru\/"},{"@type":"ListItem","position":2,"name":"\u041a\u0430\u0442\u0430\u043b\u043e\u0433 \u0442\u043e\u0432\u0430\u0440\u043e\u0432","item":"https:\/\/beebipood.ee\/tooted\/"},{"@type":"ListItem","position":3,"name":"BabyBj\u00f6rn Harmony kandekott, Blue Melange"}]},{"@type":"WebSite","@id":"https:\/\/beebipood.ee\/ru\/#website","url":"https:\/\/beebipood.ee\/ru\/","name":"Beebipood","description":"Lastekaubad, beebikaubad, m\u00e4nguasjad","publisher":{"@id":"https:\/\/beebipood.ee\/ru\/#organization"},"potentialAction":[{"@type":"SearchAction","target":{"@type":"EntryPoint","urlTemplate":"https:\/\/beebipood.ee\/ru\/?s={search_term_string}"},"query-input":{"@type":"PropertyValueSpecification","valueRequired":true,"valueName":"search_term_string"}}],"inLanguage":"ru-RU"},{"@type":"Organization","@id":"https:\/\/beebipood.ee\/ru\/#organization","name":"Beebipood","url":"https:\/\/beebipood.ee\/ru\/","logo":{"@type":"ImageObject","inLanguage":"ru-RU","@id":"https:\/\/beebipood.ee\/ru\/#\/schema\/logo\/image\/","url":"https:\/\/beebipood.ee\/wp-content\/uploads\/2025\/03\/beebipood.ee-logo-1.svg","contentUrl":"https:\/\/beebipood.ee\/wp-content\/uploads\/2025\/03\/beebipood.ee-logo-1.svg","caption":"Beebipood"},"image":{"@id":"https:\/\/beebipood.ee\/ru\/#\/schema\/logo\/image\/"}}]}},"brands":[{"id":11966,"name":"BabyBj\u00f6rn","slug":"babybjorn-ru"}],"_links":{"self":[{"href":"https:\/\/beebipood.ee\/ru\/wp-json\/wp\/v2\/product\/512943","targetHints":{"allow":["GET"]}}],"collection":[{"href":"https:\/\/beebipood.ee\/ru\/wp-json\/wp\/v2\/product"}],"about":[{"href":"https:\/\/beebipood.ee\/ru\/wp-json\/wp\/v2\/types\/product"}],"wp:featuredmedia":[{"embeddable":true,"href":"https:\/\/beebipood.ee\/ru\/wp-json\/wp\/v2\/media\/512953"}],"wp:attachment":[{"href":"https:\/\/beebipood.ee\/ru\/wp-json\/wp\/v2\/media?parent=512943"}],"wp:term":[{"taxonomy":"pwb-brand","embeddable":true,"href":"https:\/\/beebipood.ee\/ru\/wp-json\/wp\/v2\/pwb-brand?post=512943"},{"taxonomy":"product_brand","embeddable":true,"href":"https:\/\/beebipood.ee\/ru\/wp-json\/wp\/v2\/product_brand?post=512943"},{"taxonomy":"product_cat","embeddable":true,"href":"https:\/\/beebipood.ee\/ru\/wp-json\/wp\/v2\/product_cat?post=512943"},{"taxonomy":"product_tag","embeddable":true,"href":"https:\/\/beebipood.ee\/ru\/wp-json\/wp\/v2\/product_tag?post=512943"}],"curies":[{"name":"wp","href":"https:\/\/api.w.org\/{rel}","templated":true}]}}