{"id":513017,"date":"2026-04-05T11:15:43","date_gmt":"2026-04-05T08:15:43","guid":{"rendered":"https:\/\/beebipood.ee\/?post_type=product&#038;p=513017"},"modified":"2026-04-05T11:23:22","modified_gmt":"2026-04-05T08:23:22","slug":"maxi-cosi-toucan-torntool-3in1","status":"publish","type":"product","link":"https:\/\/beebipood.ee\/ru\/produkt\/maxi-cosi-toucan-torntool-3in1\/","title":{"rendered":"Maxi-Cosi Toucan torntool 3in1"},"content":{"rendered":"<h2 data-section-id=\"1pqva7v\" data-start=\"81\" data-end=\"116\">Maxi-Cosi Toucan torntool 3in1<\/h2>\n<p data-start=\"117\" data-end=\"180\"><strong data-start=\"117\" data-end=\"180\">Avastamisr\u00f5\u00f5m, iseseisvus ja loovus \u00fches nutikas lahenduses<\/strong><\/p>\n<p data-start=\"182\" data-end=\"469\">Maxi-Cosi Toucan on Montessori p\u00f5him\u00f5tetest inspireeritud <strong data-start=\"240\" data-end=\"259\">3-\u00fches torntool<\/strong>, mis aitab lapsel turvaliselt maailma avastada ja igap\u00e4evastes tegevustes kaasa l\u00fc\u00fca. Olgu see kokkamine k\u00f6\u00f6gis, joonistamine v\u00f5i uute oskuste \u00f5ppimine \u2013 Toucan kasvab koos lapsega ja pakub l\u00f5putult v\u00f5imalusi.<\/p>\n<hr data-start=\"471\" data-end=\"474\" \/>\n<h3 data-section-id=\"7fkk0o\" data-start=\"476\" data-end=\"507\">\ud83d\udc76 Toetab lapse iseseisvust<\/h3>\n<p data-start=\"508\" data-end=\"686\">Toucan v\u00f5imaldab lapsel olla vanematega samal k\u00f5rgusel, et turvaliselt osaleda k\u00f6\u00f6gitoimetustes ja muudes igap\u00e4evastes tegevustes \u2013 just nii, nagu Montessori l\u00e4henemine soovitab.<\/p>\n<h3 data-section-id=\"9moaq6\" data-start=\"688\" data-end=\"721\">\ud83c\udfa8 Loovus saab vabalt lennata<\/h3>\n<p data-start=\"722\" data-end=\"842\">Muuda torntool hetkega lauaks ja tooliks ning kasuta integreeritud tahvlit joonistamiseks, kirjutamiseks ja m\u00e4ngimiseks.<\/p>\n<h3 data-section-id=\"1w6hhbk\" data-start=\"844\" data-end=\"874\">\ud83d\udd04 3-\u00fches nutikas lahendus<\/h3>\n<ul data-start=\"875\" data-end=\"1043\">\n<li data-section-id=\"1pa5cws\" data-start=\"875\" data-end=\"918\"><strong data-start=\"877\" data-end=\"889\">Torntool<\/strong> \u2013 turvaline abiline k\u00f6\u00f6gis<\/li>\n<li data-section-id=\"gzvydu\" data-start=\"919\" data-end=\"980\"><strong data-start=\"921\" data-end=\"937\">Laud ja tool<\/strong> \u2013 ideaalne joonistamiseks ja m\u00e4ngimiseks<\/li>\n<li data-section-id=\"1kgp3ui\" data-start=\"981\" data-end=\"1043\"><strong data-start=\"983\" data-end=\"996\">Astmelaud<\/strong> \u2013 aitab lapsel iseseisvalt k\u00f5rgemale ulatuda<\/li>\n<\/ul>\n<hr data-start=\"1045\" data-end=\"1048\" \/>\n<h2 data-section-id=\"1tkl00w\" data-start=\"1050\" data-end=\"1082\">Miks peredele Toucan meeldib?<\/h2>\n<ul data-start=\"1083\" data-end=\"1310\">\n<li data-section-id=\"1j9lp8j\" data-start=\"1083\" data-end=\"1135\">\u2714\ufe0f Toetab lapse <strong data-start=\"1101\" data-end=\"1133\">iseseisvust ja enesekindlust<\/strong><\/li>\n<li data-section-id=\"1jd2got\" data-start=\"1136\" data-end=\"1186\">\u2714\ufe0f Mitmek\u00fclgne 3in1 lahendus pikaks kasutuseks<\/li>\n<li data-section-id=\"1r1vo7\" data-start=\"1187\" data-end=\"1224\">\u2714\ufe0f Lihtne kokku panna ja kasutada<\/li>\n<li data-section-id=\"1jghjwu\" data-start=\"1225\" data-end=\"1265\">\u2714\ufe0f Vastupidav ja kergesti puhastatav<\/li>\n<li data-section-id=\"c1sl1w\" data-start=\"1266\" data-end=\"1310\">\u2714\ufe0f Stiilne disain, mis sobib igasse koju<\/li>\n<\/ul>\n<hr data-start=\"1312\" data-end=\"1315\" \/>\n<h2 data-section-id=\"1w2y2ya\" data-start=\"1317\" data-end=\"1356\">Mugavus ja praktilisus igas detailis<\/h2>\n<ul data-start=\"1357\" data-end=\"1562\">\n<li data-section-id=\"i1pdz\" data-start=\"1357\" data-end=\"1400\">Lihtne kokkupanek (kaasas kuuskantv\u00f5ti)<\/li>\n<li data-section-id=\"13ovv23\" data-start=\"1401\" data-end=\"1440\">Kiire ja mugav re\u017eiimide vahetamine<\/li>\n<li data-section-id=\"nkp18x\" data-start=\"1441\" data-end=\"1474\">Reguleeritav k\u00f5rgus (3 taset)<\/li>\n<li data-section-id=\"nmpj14\" data-start=\"1475\" data-end=\"1520\">Integreeritud must tahvel loovtegevusteks<\/li>\n<li data-section-id=\"16c3pdq\" data-start=\"1521\" data-end=\"1562\">Veekindel ja kergesti puhastatav pind<\/li>\n<\/ul>\n<hr data-start=\"1564\" data-end=\"1567\" \/>\n<h2 data-section-id=\"1qiw2oi\" data-start=\"1569\" data-end=\"1601\">Turvaline ja vastupidav valik<\/h2>\n<p data-start=\"1602\" data-end=\"1817\">Toucan on valmistatud <strong data-start=\"1624\" data-end=\"1662\">FSC\u00ae 100% sertifitseeritud puidust<\/strong> ning viimistletud keemiavaba lakiga. Tugev konstruktsioon vastab k\u00f5rgetele Euroopa ohutusstandarditele, tagades lapsele turvalise kasutuse igas olukorras.<\/p>\n<hr data-start=\"1819\" data-end=\"1822\" \/>\n<h2 data-section-id=\"1e8gqrv\" data-start=\"1824\" data-end=\"1844\">Tehnilised andmed<\/h2>\n<ul data-start=\"1845\" data-end=\"1980\">\n<li data-section-id=\"2e53tp\" data-start=\"1845\" data-end=\"1880\">Sobiv vanus: 18 kuud \u2013 6 aastat<\/li>\n<li data-section-id=\"12quw77\" data-start=\"1881\" data-end=\"1909\">Kaal torntoolina: 8,7 kg<\/li>\n<li data-section-id=\"10zi78o\" data-start=\"1910\" data-end=\"1951\">M\u00f5\u00f5dud torntoolina: 46 \u00d7 91 \u00d7 43,4 cm<\/li>\n<li data-section-id=\"16bfy1b\" data-start=\"1952\" data-end=\"1980\">Kaal astmelauana: 5,7 kg<\/li>\n<li data-section-id=\"16bfy1b\" data-start=\"1952\" data-end=\"1980\">VIDEO: <a href=\"https:\/\/youtu.be\/HJomwgLHJTc?si=86lYeLPhQrvFKOLW\">SIIN<\/a><\/li>\n<\/ul>\n<hr data-start=\"1982\" data-end=\"1985\" \/>\n<p data-start=\"1987\" data-end=\"2134\" data-is-last-node=\"\" data-is-only-node=\"\"><strong data-start=\"1987\" data-end=\"2021\">Maxi-Cosi Toucan 3in1 torntool<\/strong> on ideaalne valik perele, kes soovib toetada lapse arengut l\u00e4bi m\u00e4ngu, avastamise ja igap\u00e4evaste \u00fchiste hetkede.<\/p>\n","protected":false},"excerpt":{"rendered":"<p>Maxi-Cosi Toucan torntool 3in1 Avastamisr\u00f5\u00f5m, iseseisvus ja loovus \u00fches nutikas lahenduses Maxi-Cosi Toucan on Montessori p\u00f5him\u00f5tetest inspireeritud 3-\u00fches torntool, mis aitab lapsel turvaliselt maailma avastada ja igap\u00e4evastes tegevustes kaasa l\u00fc\u00fca. Olgu see kokkamine k\u00f6\u00f6gis, joonistamine v\u00f5i uute oskuste \u00f5ppimine \u2013 Toucan kasvab koos lapsega ja pakub l\u00f5putult v\u00f5imalusi. \ud83d\udc76 Toetab lapse iseseisvust Toucan v\u00f5imaldab lapsel [&hellip;]<\/p>\n","protected":false},"featured_media":513019,"template":"","meta":{"_acf_changed":false},"pwb-brand":[11961],"product_brand":[],"product_cat":[11651,11575,11647,11645,11709,11789],"product_tag":[],"class_list":{"0":"post-513017","1":"product","2":"type-product","3":"status-publish","4":"has-post-thumbnail","6":"pwb-brand-maxi-cosi-ru","7":"product_cat-lastetoolid-ru","8":"product_cat-uued-tooted-ru","9":"product_cat-lastelauad-toolid-arvuti-ja-kirjutuslauad-ru","10":"product_cat-sootmistoolid-ru","11":"product_cat-sootmistoolid-beebi-ja-lastetarbed-mahkimine-hugieen-ru","12":"product_cat-lastemoobel-ja-sisustus-ru","14":"first","15":"onbackorder","16":"sale","17":"taxable","18":"shipping-taxable","19":"purchasable","20":"product-type-simple"},"exclude_global_add_ons":false,"addons":[{"name":"Vali v\u00e4rv","type":"multiple_choice","position":0,"required":true,"title_format":"heading","default":"","description_enable":false,"description":"","placeholder_enable":false,"placeholder":"","display":"select","restrictions_type":"any_text","adjust_price":false,"price":"","price_type":"flat_fee","restrictions":false,"min":"0","max":"0","options":[{"label":"Puuvalmis","price":"","price_type":"quantity_based","image":0,"visibility":true},{"label":"Mesilasvaha","price":"10.0000","price_type":"quantity_based","image":0,"visibility":true},{"label":"Valge","price":"10.0000","price_type":"quantity_based","image":0,"visibility":true},{"label":"Roosa","price":"10.0000","price_type":"quantity_based","image":0,"visibility":true},{"label":"Sinine","price":"10.0000","price_type":"quantity_based","image":0,"visibility":true},{"label":"Roheline","price":"10.0000","price_type":"quantity_based","image":0,"visibility":true},{"label":"Hall","price":"10.0000","price_type":"quantity_based","image":0,"visibility":true},{"label":"Must","price":"10.0000","price_type":"quantity_based","image":0,"visibility":true}],"id":1775388203}],"acf":[],"yoast_head":"<!-- This site is optimized with the Yoast SEO plugin v27.1.1 - https:\/\/yoast.com\/product\/yoast-seo-wordpress\/ -->\n<title>V\u00e4ikese Printsessi k\u00f6\u00f6gitorn\/laud ja tool k\u00f5ik \u00fches, \u00fchev\u00e4rviline, \u0421\u0442\u0443\u043b\u044c\u0447\u0438\u043a\u0438 \u0434\u043b\u044f \u043a\u043e\u0440\u043c\u043b\u0435\u043d\u0438\u044f, \u0414\u0435\u0442\u0441\u043a\u0438\u0435 \u0441\u0442\u043e\u043b\u044b, \u0441\u0442\u0443\u043b\u044c\u044f, \u043f\u0438\u0441\u044c\u043c\u0435\u043d\u043d\u044b\u0435 \u0441\u0442\u043e\u043b\u044b, \u0414\u0435\u0442\u0441\u043a\u0438\u0435 \u0441\u0442\u0443\u043b\u044c\u044f, \u041f\u0440\u0438\u043d\u0430\u0434\u043b\u0435\u0436\u043d\u043e\u0441\u0442\u0438 \u0434\u043b\u044f \u043c\u043b\u0430\u0434\u0435\u043d\u0446\u0435\u0432, M\u0435\u0431\u0435\u043b\u044c, Beebipood<\/title>\n<meta name=\"description\" content=\"V\u00e4ikese Printsessi k\u00f6\u00f6gitorn\/laud ja tool k\u00f5ik \u00fches, \u00fchev\u00e4rviline, V\u00e4ikelapse k\u00f6\u00f6gitorn, torntool v\u00f5i abitool on t\u00e4iuslik a\" \/>\n<meta name=\"robots\" content=\"index, follow, max-snippet:-1, max-image-preview:large, max-video-preview:-1\" \/>\n<link rel=\"canonical\" href=\"https:\/\/beebipood.ee\/ru\/produkt\/maxi-cosi-toucan-torntool-3in1\/\" \/>\n<meta property=\"og:locale\" content=\"ru_RU\" \/>\n<meta property=\"og:type\" content=\"article\" \/>\n<meta property=\"og:title\" content=\"V\u00e4ikese Printsessi k\u00f6\u00f6gitorn\/laud ja tool k\u00f5ik \u00fches, \u00fchev\u00e4rviline, \u0421\u0442\u0443\u043b\u044c\u0447\u0438\u043a\u0438 \u0434\u043b\u044f \u043a\u043e\u0440\u043c\u043b\u0435\u043d\u0438\u044f, \u0414\u0435\u0442\u0441\u043a\u0438\u0435 \u0441\u0442\u043e\u043b\u044b, \u0441\u0442\u0443\u043b\u044c\u044f, \u043f\u0438\u0441\u044c\u043c\u0435\u043d\u043d\u044b\u0435 \u0441\u0442\u043e\u043b\u044b, \u0414\u0435\u0442\u0441\u043a\u0438\u0435 \u0441\u0442\u0443\u043b\u044c\u044f, \u041f\u0440\u0438\u043d\u0430\u0434\u043b\u0435\u0436\u043d\u043e\u0441\u0442\u0438 \u0434\u043b\u044f \u043c\u043b\u0430\u0434\u0435\u043d\u0446\u0435\u0432, M\u0435\u0431\u0435\u043b\u044c, Beebipood\" \/>\n<meta property=\"og:description\" content=\"V\u00e4ikese Printsessi k\u00f6\u00f6gitorn\/laud ja tool k\u00f5ik \u00fches, \u00fchev\u00e4rviline, V\u00e4ikelapse k\u00f6\u00f6gitorn, torntool v\u00f5i abitool on t\u00e4iuslik a\" \/>\n<meta property=\"og:url\" content=\"https:\/\/beebipood.ee\/ru\/produkt\/maxi-cosi-toucan-torntool-3in1\/\" \/>\n<meta property=\"og:site_name\" content=\"Beebipood\" \/>\n<meta property=\"article:modified_time\" content=\"2026-04-05T08:23:22+00:00\" \/>\n<meta property=\"og:image\" content=\"https:\/\/beebipood.ee\/wp-content\/uploads\/2026\/04\/maxi-cosi-toucan-torntool-3in1.jpg\" \/>\n\t<meta property=\"og:image:width\" content=\"930\" \/>\n\t<meta property=\"og:image:height\" content=\"1050\" \/>\n\t<meta property=\"og:image:type\" content=\"image\/jpeg\" \/>\n<meta name=\"twitter:card\" content=\"summary_large_image\" \/>\n<meta name=\"twitter:label1\" content=\"\u041f\u0440\u0438\u043c\u0435\u0440\u043d\u043e\u0435 \u0432\u0440\u0435\u043c\u044f \u0434\u043b\u044f \u0447\u0442\u0435\u043d\u0438\u044f\" \/>\n\t<meta name=\"twitter:data1\" content=\"2 \u043c\u0438\u043d\u0443\u0442\u044b\" \/>\n<script type=\"application\/ld+json\" class=\"yoast-schema-graph\">{\"@context\":\"https:\/\/schema.org\",\"@graph\":[{\"@type\":\"WebPage\",\"@id\":\"https:\/\/beebipood.ee\/ru\/produkt\/maxi-cosi-toucan-torntool-3in1\/\",\"url\":\"https:\/\/beebipood.ee\/ru\/produkt\/maxi-cosi-toucan-torntool-3in1\/\",\"name\":\"V\u00e4ikese Printsessi k\u00f6\u00f6gitorn\/laud ja tool k\u00f5ik \u00fches, \u00fchev\u00e4rviline, \u0421\u0442\u0443\u043b\u044c\u0447\u0438\u043a\u0438 \u0434\u043b\u044f \u043a\u043e\u0440\u043c\u043b\u0435\u043d\u0438\u044f, \u0414\u0435\u0442\u0441\u043a\u0438\u0435 \u0441\u0442\u043e\u043b\u044b, \u0441\u0442\u0443\u043b\u044c\u044f, \u043f\u0438\u0441\u044c\u043c\u0435\u043d\u043d\u044b\u0435 \u0441\u0442\u043e\u043b\u044b, \u0414\u0435\u0442\u0441\u043a\u0438\u0435 \u0441\u0442\u0443\u043b\u044c\u044f, \u041f\u0440\u0438\u043d\u0430\u0434\u043b\u0435\u0436\u043d\u043e\u0441\u0442\u0438 \u0434\u043b\u044f \u043c\u043b\u0430\u0434\u0435\u043d\u0446\u0435\u0432, M\u0435\u0431\u0435\u043b\u044c, Beebipood\",\"isPartOf\":{\"@id\":\"https:\/\/beebipood.ee\/ru\/#website\"},\"primaryImageOfPage\":{\"@id\":\"https:\/\/beebipood.ee\/ru\/produkt\/maxi-cosi-toucan-torntool-3in1\/#primaryimage\"},\"image\":{\"@id\":\"https:\/\/beebipood.ee\/ru\/produkt\/maxi-cosi-toucan-torntool-3in1\/#primaryimage\"},\"thumbnailUrl\":\"https:\/\/beebipood.ee\/wp-content\/uploads\/2026\/04\/maxi-cosi-toucan-torntool-3in1.jpg\",\"datePublished\":\"2026-04-05T08:15:43+00:00\",\"dateModified\":\"2026-04-05T08:23:22+00:00\",\"description\":\"V\u00e4ikese Printsessi k\u00f6\u00f6gitorn\/laud ja tool k\u00f5ik \u00fches, \u00fchev\u00e4rviline, V\u00e4ikelapse k\u00f6\u00f6gitorn, torntool v\u00f5i abitool on t\u00e4iuslik a\",\"breadcrumb\":{\"@id\":\"https:\/\/beebipood.ee\/ru\/produkt\/maxi-cosi-toucan-torntool-3in1\/#breadcrumb\"},\"inLanguage\":\"ru-RU\",\"potentialAction\":[{\"@type\":\"ReadAction\",\"target\":[\"https:\/\/beebipood.ee\/ru\/produkt\/maxi-cosi-toucan-torntool-3in1\/\"]}]},{\"@type\":\"ImageObject\",\"inLanguage\":\"ru-RU\",\"@id\":\"https:\/\/beebipood.ee\/ru\/produkt\/maxi-cosi-toucan-torntool-3in1\/#primaryimage\",\"url\":\"https:\/\/beebipood.ee\/wp-content\/uploads\/2026\/04\/maxi-cosi-toucan-torntool-3in1.jpg\",\"contentUrl\":\"https:\/\/beebipood.ee\/wp-content\/uploads\/2026\/04\/maxi-cosi-toucan-torntool-3in1.jpg\",\"width\":930,\"height\":1050},{\"@type\":\"BreadcrumbList\",\"@id\":\"https:\/\/beebipood.ee\/ru\/produkt\/maxi-cosi-toucan-torntool-3in1\/#breadcrumb\",\"itemListElement\":[{\"@type\":\"ListItem\",\"position\":1,\"name\":\"Home\",\"item\":\"https:\/\/beebipood.ee\/ru\/\"},{\"@type\":\"ListItem\",\"position\":2,\"name\":\"\u041a\u0430\u0442\u0430\u043b\u043e\u0433 \u0442\u043e\u0432\u0430\u0440\u043e\u0432\",\"item\":\"https:\/\/beebipood.ee\/tooted\/\"},{\"@type\":\"ListItem\",\"position\":3,\"name\":\"Maxi-Cosi Toucan torntool 3in1\"}]},{\"@type\":\"WebSite\",\"@id\":\"https:\/\/beebipood.ee\/ru\/#website\",\"url\":\"https:\/\/beebipood.ee\/ru\/\",\"name\":\"Beebipood\",\"description\":\"Lastekaubad, beebikaubad, m\u00e4nguasjad\",\"publisher\":{\"@id\":\"https:\/\/beebipood.ee\/ru\/#organization\"},\"potentialAction\":[{\"@type\":\"SearchAction\",\"target\":{\"@type\":\"EntryPoint\",\"urlTemplate\":\"https:\/\/beebipood.ee\/ru\/?s={search_term_string}\"},\"query-input\":{\"@type\":\"PropertyValueSpecification\",\"valueRequired\":true,\"valueName\":\"search_term_string\"}}],\"inLanguage\":\"ru-RU\"},{\"@type\":\"Organization\",\"@id\":\"https:\/\/beebipood.ee\/ru\/#organization\",\"name\":\"Beebipood\",\"url\":\"https:\/\/beebipood.ee\/ru\/\",\"logo\":{\"@type\":\"ImageObject\",\"inLanguage\":\"ru-RU\",\"@id\":\"https:\/\/beebipood.ee\/ru\/#\/schema\/logo\/image\/\",\"url\":\"https:\/\/beebipood.ee\/wp-content\/uploads\/2025\/03\/beebipood.ee-logo-1.svg\",\"contentUrl\":\"https:\/\/beebipood.ee\/wp-content\/uploads\/2025\/03\/beebipood.ee-logo-1.svg\",\"caption\":\"Beebipood\"},\"image\":{\"@id\":\"https:\/\/beebipood.ee\/ru\/#\/schema\/logo\/image\/\"}}]}<\/script>\n<!-- \/ Yoast SEO plugin. -->","yoast_head_json":{"title":"V\u00e4ikese Printsessi k\u00f6\u00f6gitorn\/laud ja tool k\u00f5ik \u00fches, \u00fchev\u00e4rviline, \u0421\u0442\u0443\u043b\u044c\u0447\u0438\u043a\u0438 \u0434\u043b\u044f \u043a\u043e\u0440\u043c\u043b\u0435\u043d\u0438\u044f, \u0414\u0435\u0442\u0441\u043a\u0438\u0435 \u0441\u0442\u043e\u043b\u044b, \u0441\u0442\u0443\u043b\u044c\u044f, \u043f\u0438\u0441\u044c\u043c\u0435\u043d\u043d\u044b\u0435 \u0441\u0442\u043e\u043b\u044b, \u0414\u0435\u0442\u0441\u043a\u0438\u0435 \u0441\u0442\u0443\u043b\u044c\u044f, \u041f\u0440\u0438\u043d\u0430\u0434\u043b\u0435\u0436\u043d\u043e\u0441\u0442\u0438 \u0434\u043b\u044f \u043c\u043b\u0430\u0434\u0435\u043d\u0446\u0435\u0432, M\u0435\u0431\u0435\u043b\u044c, Beebipood","description":"V\u00e4ikese Printsessi k\u00f6\u00f6gitorn\/laud ja tool k\u00f5ik \u00fches, \u00fchev\u00e4rviline, V\u00e4ikelapse k\u00f6\u00f6gitorn, torntool v\u00f5i abitool on t\u00e4iuslik a","robots":{"index":"index","follow":"follow","max-snippet":"max-snippet:-1","max-image-preview":"max-image-preview:large","max-video-preview":"max-video-preview:-1"},"canonical":"https:\/\/beebipood.ee\/ru\/produkt\/maxi-cosi-toucan-torntool-3in1\/","og_locale":"ru_RU","og_type":"article","og_title":"V\u00e4ikese Printsessi k\u00f6\u00f6gitorn\/laud ja tool k\u00f5ik \u00fches, \u00fchev\u00e4rviline, \u0421\u0442\u0443\u043b\u044c\u0447\u0438\u043a\u0438 \u0434\u043b\u044f \u043a\u043e\u0440\u043c\u043b\u0435\u043d\u0438\u044f, \u0414\u0435\u0442\u0441\u043a\u0438\u0435 \u0441\u0442\u043e\u043b\u044b, \u0441\u0442\u0443\u043b\u044c\u044f, \u043f\u0438\u0441\u044c\u043c\u0435\u043d\u043d\u044b\u0435 \u0441\u0442\u043e\u043b\u044b, \u0414\u0435\u0442\u0441\u043a\u0438\u0435 \u0441\u0442\u0443\u043b\u044c\u044f, \u041f\u0440\u0438\u043d\u0430\u0434\u043b\u0435\u0436\u043d\u043e\u0441\u0442\u0438 \u0434\u043b\u044f \u043c\u043b\u0430\u0434\u0435\u043d\u0446\u0435\u0432, M\u0435\u0431\u0435\u043b\u044c, Beebipood","og_description":"V\u00e4ikese Printsessi k\u00f6\u00f6gitorn\/laud ja tool k\u00f5ik \u00fches, \u00fchev\u00e4rviline, V\u00e4ikelapse k\u00f6\u00f6gitorn, torntool v\u00f5i abitool on t\u00e4iuslik a","og_url":"https:\/\/beebipood.ee\/ru\/produkt\/maxi-cosi-toucan-torntool-3in1\/","og_site_name":"Beebipood","article_modified_time":"2026-04-05T08:23:22+00:00","og_image":[{"width":930,"height":1050,"url":"https:\/\/beebipood.ee\/wp-content\/uploads\/2026\/04\/maxi-cosi-toucan-torntool-3in1.jpg","type":"image\/jpeg"}],"twitter_card":"summary_large_image","twitter_misc":{"\u041f\u0440\u0438\u043c\u0435\u0440\u043d\u043e\u0435 \u0432\u0440\u0435\u043c\u044f \u0434\u043b\u044f \u0447\u0442\u0435\u043d\u0438\u044f":"2 \u043c\u0438\u043d\u0443\u0442\u044b"},"schema":{"@context":"https:\/\/schema.org","@graph":[{"@type":"WebPage","@id":"https:\/\/beebipood.ee\/ru\/produkt\/maxi-cosi-toucan-torntool-3in1\/","url":"https:\/\/beebipood.ee\/ru\/produkt\/maxi-cosi-toucan-torntool-3in1\/","name":"V\u00e4ikese Printsessi k\u00f6\u00f6gitorn\/laud ja tool k\u00f5ik \u00fches, \u00fchev\u00e4rviline, \u0421\u0442\u0443\u043b\u044c\u0447\u0438\u043a\u0438 \u0434\u043b\u044f \u043a\u043e\u0440\u043c\u043b\u0435\u043d\u0438\u044f, \u0414\u0435\u0442\u0441\u043a\u0438\u0435 \u0441\u0442\u043e\u043b\u044b, \u0441\u0442\u0443\u043b\u044c\u044f, \u043f\u0438\u0441\u044c\u043c\u0435\u043d\u043d\u044b\u0435 \u0441\u0442\u043e\u043b\u044b, \u0414\u0435\u0442\u0441\u043a\u0438\u0435 \u0441\u0442\u0443\u043b\u044c\u044f, \u041f\u0440\u0438\u043d\u0430\u0434\u043b\u0435\u0436\u043d\u043e\u0441\u0442\u0438 \u0434\u043b\u044f \u043c\u043b\u0430\u0434\u0435\u043d\u0446\u0435\u0432, M\u0435\u0431\u0435\u043b\u044c, Beebipood","isPartOf":{"@id":"https:\/\/beebipood.ee\/ru\/#website"},"primaryImageOfPage":{"@id":"https:\/\/beebipood.ee\/ru\/produkt\/maxi-cosi-toucan-torntool-3in1\/#primaryimage"},"image":{"@id":"https:\/\/beebipood.ee\/ru\/produkt\/maxi-cosi-toucan-torntool-3in1\/#primaryimage"},"thumbnailUrl":"https:\/\/beebipood.ee\/wp-content\/uploads\/2026\/04\/maxi-cosi-toucan-torntool-3in1.jpg","datePublished":"2026-04-05T08:15:43+00:00","dateModified":"2026-04-05T08:23:22+00:00","description":"V\u00e4ikese Printsessi k\u00f6\u00f6gitorn\/laud ja tool k\u00f5ik \u00fches, \u00fchev\u00e4rviline, V\u00e4ikelapse k\u00f6\u00f6gitorn, torntool v\u00f5i abitool on t\u00e4iuslik a","breadcrumb":{"@id":"https:\/\/beebipood.ee\/ru\/produkt\/maxi-cosi-toucan-torntool-3in1\/#breadcrumb"},"inLanguage":"ru-RU","potentialAction":[{"@type":"ReadAction","target":["https:\/\/beebipood.ee\/ru\/produkt\/maxi-cosi-toucan-torntool-3in1\/"]}]},{"@type":"ImageObject","inLanguage":"ru-RU","@id":"https:\/\/beebipood.ee\/ru\/produkt\/maxi-cosi-toucan-torntool-3in1\/#primaryimage","url":"https:\/\/beebipood.ee\/wp-content\/uploads\/2026\/04\/maxi-cosi-toucan-torntool-3in1.jpg","contentUrl":"https:\/\/beebipood.ee\/wp-content\/uploads\/2026\/04\/maxi-cosi-toucan-torntool-3in1.jpg","width":930,"height":1050},{"@type":"BreadcrumbList","@id":"https:\/\/beebipood.ee\/ru\/produkt\/maxi-cosi-toucan-torntool-3in1\/#breadcrumb","itemListElement":[{"@type":"ListItem","position":1,"name":"Home","item":"https:\/\/beebipood.ee\/ru\/"},{"@type":"ListItem","position":2,"name":"\u041a\u0430\u0442\u0430\u043b\u043e\u0433 \u0442\u043e\u0432\u0430\u0440\u043e\u0432","item":"https:\/\/beebipood.ee\/tooted\/"},{"@type":"ListItem","position":3,"name":"Maxi-Cosi Toucan torntool 3in1"}]},{"@type":"WebSite","@id":"https:\/\/beebipood.ee\/ru\/#website","url":"https:\/\/beebipood.ee\/ru\/","name":"Beebipood","description":"Lastekaubad, beebikaubad, m\u00e4nguasjad","publisher":{"@id":"https:\/\/beebipood.ee\/ru\/#organization"},"potentialAction":[{"@type":"SearchAction","target":{"@type":"EntryPoint","urlTemplate":"https:\/\/beebipood.ee\/ru\/?s={search_term_string}"},"query-input":{"@type":"PropertyValueSpecification","valueRequired":true,"valueName":"search_term_string"}}],"inLanguage":"ru-RU"},{"@type":"Organization","@id":"https:\/\/beebipood.ee\/ru\/#organization","name":"Beebipood","url":"https:\/\/beebipood.ee\/ru\/","logo":{"@type":"ImageObject","inLanguage":"ru-RU","@id":"https:\/\/beebipood.ee\/ru\/#\/schema\/logo\/image\/","url":"https:\/\/beebipood.ee\/wp-content\/uploads\/2025\/03\/beebipood.ee-logo-1.svg","contentUrl":"https:\/\/beebipood.ee\/wp-content\/uploads\/2025\/03\/beebipood.ee-logo-1.svg","caption":"Beebipood"},"image":{"@id":"https:\/\/beebipood.ee\/ru\/#\/schema\/logo\/image\/"}}]}},"brands":[{"id":11961,"name":"Maxi-Cosi","slug":"maxi-cosi-ru"}],"_links":{"self":[{"href":"https:\/\/beebipood.ee\/ru\/wp-json\/wp\/v2\/product\/513017","targetHints":{"allow":["GET"]}}],"collection":[{"href":"https:\/\/beebipood.ee\/ru\/wp-json\/wp\/v2\/product"}],"about":[{"href":"https:\/\/beebipood.ee\/ru\/wp-json\/wp\/v2\/types\/product"}],"wp:featuredmedia":[{"embeddable":true,"href":"https:\/\/beebipood.ee\/ru\/wp-json\/wp\/v2\/media\/513019"}],"wp:attachment":[{"href":"https:\/\/beebipood.ee\/ru\/wp-json\/wp\/v2\/media?parent=513017"}],"wp:term":[{"taxonomy":"pwb-brand","embeddable":true,"href":"https:\/\/beebipood.ee\/ru\/wp-json\/wp\/v2\/pwb-brand?post=513017"},{"taxonomy":"product_brand","embeddable":true,"href":"https:\/\/beebipood.ee\/ru\/wp-json\/wp\/v2\/product_brand?post=513017"},{"taxonomy":"product_cat","embeddable":true,"href":"https:\/\/beebipood.ee\/ru\/wp-json\/wp\/v2\/product_cat?post=513017"},{"taxonomy":"product_tag","embeddable":true,"href":"https:\/\/beebipood.ee\/ru\/wp-json\/wp\/v2\/product_tag?post=513017"}],"curies":[{"name":"wp","href":"https:\/\/api.w.org\/{rel}","templated":true}]}}