{"id":513074,"date":"2026-04-06T15:11:41","date_gmt":"2026-04-06T12:11:41","guid":{"rendered":"https:\/\/beebipood.ee\/?post_type=product&#038;p=513074"},"modified":"2026-04-06T15:15:55","modified_gmt":"2026-04-06T12:15:55","slug":"moon-resea-fold-2in1-jalutuskaru-tonka","status":"publish","type":"product","link":"https:\/\/beebipood.ee\/ru\/produkt\/moon-resea-fold-2in1-jalutuskaru-tonka\/","title":{"rendered":"Moon RESEA Fold 2in1 jalutusk\u00e4ru, Tonka"},"content":{"rendered":"<h2 data-section-id=\"12p03jf\" data-start=\"75\" data-end=\"112\">Moon RESEA Fold 2in1 jalutusk\u00e4ru<\/h2>\n<p data-start=\"113\" data-end=\"150\"><strong data-start=\"113\" data-end=\"150\">Kergus ja paindlikkus igas p\u00e4evas<\/strong><\/p>\n<p data-start=\"152\" data-end=\"447\">Moon RESEA Fold on loodud peredele, kes hindavad <strong data-start=\"201\" data-end=\"253\">lihtsust, nutikaid lahendusi ja liikumisvabadust<\/strong>. Selle 2-\u00fches kombinatsiooniga jalutusk\u00e4ru suurim erip\u00e4ra on ainulaadne kokkupandavus \u2013 k\u00e4ru saab kokku panna <strong data-start=\"364\" data-end=\"386\">koos vankrikorviga<\/strong>, mis teeb igap\u00e4evase kasutamise ja reisimise eriti mugavaks.<\/p>\n<hr data-start=\"449\" data-end=\"452\" \/>\n<h3 data-section-id=\"10iu3s1\" data-start=\"454\" data-end=\"493\">\u2728 Nutikas lahendus igaks olukorraks<\/h3>\n<p data-start=\"494\" data-end=\"675\">\u00dche lihtsa liigutusega kokkupandav RESEA Fold s\u00e4\u00e4stab ruumi ja aega \u2013 ideaalne nii kodus, linnas kui reisil. Kompaktne disain tagab suurep\u00e4rase man\u00f6\u00f6verdusv\u00f5ime ka kitsastes oludes.<\/p>\n<h3 data-section-id=\"letord\" data-start=\"677\" data-end=\"717\">\ud83d\udc76 Mugav alates esimestest p\u00e4evadest<\/h3>\n<p data-start=\"718\" data-end=\"867\">Avar ja pehme vankrikorv pakub beebile turvalist ja mugavat pesakest. Hiljem saab k\u00e4ru kasutada istumisosaga, mis kohandub kasvava lapse vajadustega.<\/p>\n<h3 data-section-id=\"sct7fb\" data-start=\"869\" data-end=\"905\">\ud83c\udf3f \u00d5huline ja l\u00e4bim\u00f5eldud disain<\/h3>\n<p data-start=\"906\" data-end=\"1037\">Kolm suurt ventilatsiooni- ja panoraamakent tagavad hea \u00f5huringluse ning aitavad hoida lapsele m\u00f5nusat temperatuuri igal aastaajal.<\/p>\n<hr data-start=\"1039\" data-end=\"1042\" \/>\n<h2 data-section-id=\"11db9a1\" data-start=\"1044\" data-end=\"1078\">Miks see k\u00e4ru peredele meeldib?<\/h2>\n<ul data-start=\"1079\" data-end=\"1329\">\n<li data-section-id=\"kl9vqn\" data-start=\"1079\" data-end=\"1147\">\u2714\ufe0f Kokkupandav koos vankrikorviga \u2013 eriti mugav ja ruumis\u00e4\u00e4stlik<\/li>\n<li data-section-id=\"1g2c724\" data-start=\"1148\" data-end=\"1186\">\u2714\ufe0f Sobib alates s\u00fcnnist kuni 22 kg<\/li>\n<li data-section-id=\"1ju5uua\" data-start=\"1187\" data-end=\"1236\">\u2714\ufe0f Kerge ja lihtsasti juhitav igas keskkonnas<\/li>\n<li data-section-id=\"30gzo5\" data-start=\"1237\" data-end=\"1277\">\u2714\ufe0f Stiilne ja kvaliteetne viimistlus<\/li>\n<li data-section-id=\"177kv0x\" data-start=\"1278\" data-end=\"1329\">\u2714\ufe0f Suurep\u00e4rane ventilatsioon ja mugavus lapsele<\/li>\n<\/ul>\n<hr data-start=\"1331\" data-end=\"1334\" \/>\n<h2 data-section-id=\"1tgfd0b\" data-start=\"1336\" data-end=\"1372\">L\u00e4bim\u00f5eldud mugavus igas detailis<\/h2>\n<ul data-start=\"1373\" data-end=\"1752\">\n<li data-section-id=\"khllbf\" data-start=\"1373\" data-end=\"1437\">Reguleeritav vankrikorvi ja istme k\u00f5rgus (ilma adapteriteta)<\/li>\n<li data-section-id=\"1stkv7g\" data-start=\"1438\" data-end=\"1472\">Ekstra lai ja mugav vankrikorv<\/li>\n<li data-section-id=\"1a2q257\" data-start=\"1473\" data-end=\"1520\">Astmeteta jalatugi suurema lapse mugavuseks<\/li>\n<li data-section-id=\"a3ixzy\" data-start=\"1521\" data-end=\"1584\">Pidevalt reguleeritav seljatugi (sobib ka pikemale lapsele)<\/li>\n<li data-section-id=\"mdvejt\" data-start=\"1585\" data-end=\"1648\">M\u00e4lu-funktsioon vankrikorvi ja istme lihtsaks kinnitamiseks<\/li>\n<li data-section-id=\"kd14n\" data-start=\"1649\" data-end=\"1691\">Teleskoopk\u00e4epide (reguleeritav k\u00f5rgus)<\/li>\n<li data-section-id=\"1g3tkke\" data-start=\"1692\" data-end=\"1752\">Vastupidavad ja torkekindlad <strong data-start=\"1723\" data-end=\"1750\">E-TPU kergrehvid (BASF)<\/strong><\/li>\n<\/ul>\n<hr data-start=\"1754\" data-end=\"1757\" \/>\n<h2 data-section-id=\"1hzznuo\" data-start=\"1759\" data-end=\"1787\">Disain, mis paistab silma<\/h2>\n<ul data-start=\"1788\" data-end=\"1926\">\n<li data-section-id=\"zuhs3b\" data-start=\"1788\" data-end=\"1820\">Elegantne tepitud vankrikorv<\/li>\n<li data-section-id=\"voj6wk\" data-start=\"1821\" data-end=\"1856\">Kaasaegne helehall sisekujundus<\/li>\n<li data-section-id=\"1h8xzki\" data-start=\"1857\" data-end=\"1892\">Kvaliteetsed kangad ja detailid<\/li>\n<li data-section-id=\"p5jo5q\" data-start=\"1893\" data-end=\"1926\">Stiilsed v\u00e4rvikombinatsioonid<\/li>\n<\/ul>\n<hr data-start=\"1928\" data-end=\"1931\" \/>\n<h2 data-section-id=\"1e8gqrv\" data-start=\"1933\" data-end=\"1953\">Tehnilised andmed<\/h2>\n<ul data-start=\"1954\" data-end=\"2264\">\n<li data-section-id=\"1ige3k5\" data-start=\"1954\" data-end=\"1990\">M\u00f5\u00f5dud avatuna: 96 \u00d7 57 \u00d7 114 cm<\/li>\n<li data-section-id=\"3t4ne5\" data-start=\"1991\" data-end=\"2031\">M\u00f5\u00f5dud kokkupandult: 65 \u00d7 49 \u00d7 22 cm<\/li>\n<li data-section-id=\"eerqeh\" data-start=\"2032\" data-end=\"2071\">Vankrikorvi m\u00f5\u00f5dud: 93 \u00d7 42 \u00d7 32 cm<\/li>\n<li data-section-id=\"a0j5gu\" data-start=\"2072\" data-end=\"2104\">Istme lamamisosa: 92 \u00d7 30 cm<\/li>\n<li data-section-id=\"4av4qf\" data-start=\"2105\" data-end=\"2136\">Seljatoe k\u00f5rgus: 50 \/ 56 cm<\/li>\n<li data-section-id=\"1z0kxnt\" data-start=\"2137\" data-end=\"2168\">Kaal vankrikorviga: 12,9 kg<\/li>\n<li data-section-id=\"1ewc0lo\" data-start=\"2169\" data-end=\"2194\">Kaal istmega: 11,9 kg<\/li>\n<li data-section-id=\"1da48x1\" data-start=\"2195\" data-end=\"2228\">Maksimaalne lapse kaal: 22 kg<\/li>\n<li data-section-id=\"ajakhq\" data-start=\"2229\" data-end=\"2264\">K\u00e4epideme k\u00f5rgus: 93 \u2013 104,5 cm<\/li>\n<li data-section-id=\"ajakhq\" data-start=\"2229\" data-end=\"2264\">VIDEO: <a href=\"https:\/\/youtube.com\/shorts\/fC92cBVBPmI?si=9EtTMinWckFf_6_w\">SIIN\u00a0<\/a><\/li>\n<\/ul>\n<hr data-start=\"2266\" data-end=\"2269\" \/>\n<p data-start=\"2271\" data-end=\"2430\"><strong data-start=\"2271\" data-end=\"2290\">Moon RESEA Fold<\/strong> on ideaalne valik perele, kes soovib \u00fchendada <strong data-start=\"2337\" data-end=\"2383\">kompaktsuse, mugavuse ja elegantse disaini<\/strong> \u2013 ilma kompromissideta igap\u00e4evases liikumises.<\/p>\n","protected":false},"excerpt":{"rendered":"<p>Moon RESEA Fold 2in1 jalutusk\u00e4ru Kergus ja paindlikkus igas p\u00e4evas Moon RESEA Fold on loodud peredele, kes hindavad lihtsust, nutikaid lahendusi ja liikumisvabadust. Selle 2-\u00fches kombinatsiooniga jalutusk\u00e4ru suurim erip\u00e4ra on ainulaadne kokkupandavus \u2013 k\u00e4ru saab kokku panna koos vankrikorviga, mis teeb igap\u00e4evase kasutamise ja reisimise eriti mugavaks. \u2728 Nutikas lahendus igaks olukorraks \u00dche lihtsa liigutusega [&hellip;]<\/p>\n","protected":false},"featured_media":513078,"template":"","meta":{"_acf_changed":false},"pwb-brand":[12014],"product_brand":[],"product_cat":[11573,11719,11721,11717],"product_tag":[],"class_list":{"0":"post-513074","1":"product","2":"type-product","3":"status-publish","4":"has-post-thumbnail","6":"pwb-brand-moon","7":"product_cat-sooduspakkumised-ru","8":"product_cat-vankrid-ru","9":"product_cat-jalutuskarud-ru","10":"product_cat-lastevankrid-ja-karud-ru","11":"pa_manufacturer-muuvo-ru","13":"first","14":"onbackorder","15":"sale","16":"taxable","17":"shipping-taxable","18":"purchasable","19":"product-type-simple"},"exclude_global_add_ons":[],"addons":[],"acf":[],"yoast_head":"<!-- This site is optimized with the Yoast SEO plugin v27.1.1 - https:\/\/yoast.com\/product\/yoast-seo-wordpress\/ -->\n<title>Muuvo Quick 4.0 jalutusk\u00e4ru 2in1, Iron Graphite, \u0421\u041a\u0418\u0414\u041a\u0418, \u041a\u043e\u043b\u044f\u0441\u043a\u0438, \u041f\u0440\u043e\u0433\u0443\u043b\u043e\u0447\u043d\u044b\u0435 \u043a\u043e\u043b\u044f\u0441\u043a\u0438, Muuvo Quick 4.0, Muuvo, Beebipood<\/title>\n<meta name=\"description\" content=\"Muuvo Quick 4.0 jalutusk\u00e4ru 2in1, Iron Graphite, Muuvo QUICK 4.0 on MUUVO perekonna enimm\u00fc\u00fcdud k\u00e4ru uus mudel.Quick\" \/>\n<meta name=\"robots\" content=\"index, follow, max-snippet:-1, max-image-preview:large, max-video-preview:-1\" \/>\n<link rel=\"canonical\" href=\"https:\/\/beebipood.ee\/ru\/produkt\/moon-resea-fold-2in1-jalutuskaru-tonka\/\" \/>\n<meta property=\"og:locale\" content=\"ru_RU\" \/>\n<meta property=\"og:type\" content=\"article\" \/>\n<meta property=\"og:title\" content=\"Muuvo Quick 4.0 jalutusk\u00e4ru 2in1, Iron Graphite, \u0421\u041a\u0418\u0414\u041a\u0418, \u041a\u043e\u043b\u044f\u0441\u043a\u0438, \u041f\u0440\u043e\u0433\u0443\u043b\u043e\u0447\u043d\u044b\u0435 \u043a\u043e\u043b\u044f\u0441\u043a\u0438, Muuvo Quick 4.0, Muuvo, Beebipood\" \/>\n<meta property=\"og:description\" content=\"Muuvo Quick 4.0 jalutusk\u00e4ru 2in1, Iron Graphite, Muuvo QUICK 4.0 on MUUVO perekonna enimm\u00fc\u00fcdud k\u00e4ru uus mudel.Quick\" \/>\n<meta property=\"og:url\" content=\"https:\/\/beebipood.ee\/ru\/produkt\/moon-resea-fold-2in1-jalutuskaru-tonka\/\" \/>\n<meta property=\"og:site_name\" content=\"Beebipood\" \/>\n<meta property=\"article:modified_time\" content=\"2026-04-06T12:15:55+00:00\" \/>\n<meta property=\"og:image\" content=\"https:\/\/beebipood.ee\/wp-content\/uploads\/2026\/04\/moon-resea-fold-2in1-jalutuskaru-tonka-scaled.jpg\" \/>\n\t<meta property=\"og:image:width\" content=\"2560\" \/>\n\t<meta property=\"og:image:height\" content=\"2560\" \/>\n\t<meta property=\"og:image:type\" content=\"image\/jpeg\" \/>\n<meta name=\"twitter:card\" content=\"summary_large_image\" \/>\n<meta name=\"twitter:label1\" content=\"\u041f\u0440\u0438\u043c\u0435\u0440\u043d\u043e\u0435 \u0432\u0440\u0435\u043c\u044f \u0434\u043b\u044f \u0447\u0442\u0435\u043d\u0438\u044f\" \/>\n\t<meta name=\"twitter:data1\" content=\"2 \u043c\u0438\u043d\u0443\u0442\u044b\" \/>\n<script type=\"application\/ld+json\" class=\"yoast-schema-graph\">{\"@context\":\"https:\/\/schema.org\",\"@graph\":[{\"@type\":\"WebPage\",\"@id\":\"https:\/\/beebipood.ee\/ru\/produkt\/moon-resea-fold-2in1-jalutuskaru-tonka\/\",\"url\":\"https:\/\/beebipood.ee\/ru\/produkt\/moon-resea-fold-2in1-jalutuskaru-tonka\/\",\"name\":\"Muuvo Quick 4.0 jalutusk\u00e4ru 2in1, Iron Graphite, \u0421\u041a\u0418\u0414\u041a\u0418, \u041a\u043e\u043b\u044f\u0441\u043a\u0438, \u041f\u0440\u043e\u0433\u0443\u043b\u043e\u0447\u043d\u044b\u0435 \u043a\u043e\u043b\u044f\u0441\u043a\u0438, Muuvo Quick 4.0, Muuvo, Beebipood\",\"isPartOf\":{\"@id\":\"https:\/\/beebipood.ee\/ru\/#website\"},\"primaryImageOfPage\":{\"@id\":\"https:\/\/beebipood.ee\/ru\/produkt\/moon-resea-fold-2in1-jalutuskaru-tonka\/#primaryimage\"},\"image\":{\"@id\":\"https:\/\/beebipood.ee\/ru\/produkt\/moon-resea-fold-2in1-jalutuskaru-tonka\/#primaryimage\"},\"thumbnailUrl\":\"https:\/\/beebipood.ee\/wp-content\/uploads\/2026\/04\/moon-resea-fold-2in1-jalutuskaru-tonka-scaled.jpg\",\"datePublished\":\"2026-04-06T12:11:41+00:00\",\"dateModified\":\"2026-04-06T12:15:55+00:00\",\"description\":\"Muuvo Quick 4.0 jalutusk\u00e4ru 2in1, Iron Graphite, Muuvo QUICK 4.0 on MUUVO perekonna enimm\u00fc\u00fcdud k\u00e4ru uus mudel.Quick\",\"breadcrumb\":{\"@id\":\"https:\/\/beebipood.ee\/ru\/produkt\/moon-resea-fold-2in1-jalutuskaru-tonka\/#breadcrumb\"},\"inLanguage\":\"ru-RU\",\"potentialAction\":[{\"@type\":\"ReadAction\",\"target\":[\"https:\/\/beebipood.ee\/ru\/produkt\/moon-resea-fold-2in1-jalutuskaru-tonka\/\"]}]},{\"@type\":\"ImageObject\",\"inLanguage\":\"ru-RU\",\"@id\":\"https:\/\/beebipood.ee\/ru\/produkt\/moon-resea-fold-2in1-jalutuskaru-tonka\/#primaryimage\",\"url\":\"https:\/\/beebipood.ee\/wp-content\/uploads\/2026\/04\/moon-resea-fold-2in1-jalutuskaru-tonka-scaled.jpg\",\"contentUrl\":\"https:\/\/beebipood.ee\/wp-content\/uploads\/2026\/04\/moon-resea-fold-2in1-jalutuskaru-tonka-scaled.jpg\",\"width\":2560,\"height\":2560},{\"@type\":\"BreadcrumbList\",\"@id\":\"https:\/\/beebipood.ee\/ru\/produkt\/moon-resea-fold-2in1-jalutuskaru-tonka\/#breadcrumb\",\"itemListElement\":[{\"@type\":\"ListItem\",\"position\":1,\"name\":\"Home\",\"item\":\"https:\/\/beebipood.ee\/ru\/\"},{\"@type\":\"ListItem\",\"position\":2,\"name\":\"\u041a\u0430\u0442\u0430\u043b\u043e\u0433 \u0442\u043e\u0432\u0430\u0440\u043e\u0432\",\"item\":\"https:\/\/beebipood.ee\/tooted\/\"},{\"@type\":\"ListItem\",\"position\":3,\"name\":\"Moon RESEA Fold 2in1 jalutusk\u00e4ru, Tonka\"}]},{\"@type\":\"WebSite\",\"@id\":\"https:\/\/beebipood.ee\/ru\/#website\",\"url\":\"https:\/\/beebipood.ee\/ru\/\",\"name\":\"Beebipood\",\"description\":\"Lastekaubad, beebikaubad, m\u00e4nguasjad\",\"publisher\":{\"@id\":\"https:\/\/beebipood.ee\/ru\/#organization\"},\"potentialAction\":[{\"@type\":\"SearchAction\",\"target\":{\"@type\":\"EntryPoint\",\"urlTemplate\":\"https:\/\/beebipood.ee\/ru\/?s={search_term_string}\"},\"query-input\":{\"@type\":\"PropertyValueSpecification\",\"valueRequired\":true,\"valueName\":\"search_term_string\"}}],\"inLanguage\":\"ru-RU\"},{\"@type\":\"Organization\",\"@id\":\"https:\/\/beebipood.ee\/ru\/#organization\",\"name\":\"Beebipood\",\"url\":\"https:\/\/beebipood.ee\/ru\/\",\"logo\":{\"@type\":\"ImageObject\",\"inLanguage\":\"ru-RU\",\"@id\":\"https:\/\/beebipood.ee\/ru\/#\/schema\/logo\/image\/\",\"url\":\"https:\/\/beebipood.ee\/wp-content\/uploads\/2025\/03\/beebipood.ee-logo-1.svg\",\"contentUrl\":\"https:\/\/beebipood.ee\/wp-content\/uploads\/2025\/03\/beebipood.ee-logo-1.svg\",\"caption\":\"Beebipood\"},\"image\":{\"@id\":\"https:\/\/beebipood.ee\/ru\/#\/schema\/logo\/image\/\"}}]}<\/script>\n<!-- \/ Yoast SEO plugin. -->","yoast_head_json":{"title":"Muuvo Quick 4.0 jalutusk\u00e4ru 2in1, Iron Graphite, \u0421\u041a\u0418\u0414\u041a\u0418, \u041a\u043e\u043b\u044f\u0441\u043a\u0438, \u041f\u0440\u043e\u0433\u0443\u043b\u043e\u0447\u043d\u044b\u0435 \u043a\u043e\u043b\u044f\u0441\u043a\u0438, Muuvo Quick 4.0, Muuvo, Beebipood","description":"Muuvo Quick 4.0 jalutusk\u00e4ru 2in1, Iron Graphite, Muuvo QUICK 4.0 on MUUVO perekonna enimm\u00fc\u00fcdud k\u00e4ru uus mudel.Quick","robots":{"index":"index","follow":"follow","max-snippet":"max-snippet:-1","max-image-preview":"max-image-preview:large","max-video-preview":"max-video-preview:-1"},"canonical":"https:\/\/beebipood.ee\/ru\/produkt\/moon-resea-fold-2in1-jalutuskaru-tonka\/","og_locale":"ru_RU","og_type":"article","og_title":"Muuvo Quick 4.0 jalutusk\u00e4ru 2in1, Iron Graphite, \u0421\u041a\u0418\u0414\u041a\u0418, \u041a\u043e\u043b\u044f\u0441\u043a\u0438, \u041f\u0440\u043e\u0433\u0443\u043b\u043e\u0447\u043d\u044b\u0435 \u043a\u043e\u043b\u044f\u0441\u043a\u0438, Muuvo Quick 4.0, Muuvo, Beebipood","og_description":"Muuvo Quick 4.0 jalutusk\u00e4ru 2in1, Iron Graphite, Muuvo QUICK 4.0 on MUUVO perekonna enimm\u00fc\u00fcdud k\u00e4ru uus mudel.Quick","og_url":"https:\/\/beebipood.ee\/ru\/produkt\/moon-resea-fold-2in1-jalutuskaru-tonka\/","og_site_name":"Beebipood","article_modified_time":"2026-04-06T12:15:55+00:00","og_image":[{"width":2560,"height":2560,"url":"https:\/\/beebipood.ee\/wp-content\/uploads\/2026\/04\/moon-resea-fold-2in1-jalutuskaru-tonka-scaled.jpg","type":"image\/jpeg"}],"twitter_card":"summary_large_image","twitter_misc":{"\u041f\u0440\u0438\u043c\u0435\u0440\u043d\u043e\u0435 \u0432\u0440\u0435\u043c\u044f \u0434\u043b\u044f \u0447\u0442\u0435\u043d\u0438\u044f":"2 \u043c\u0438\u043d\u0443\u0442\u044b"},"schema":{"@context":"https:\/\/schema.org","@graph":[{"@type":"WebPage","@id":"https:\/\/beebipood.ee\/ru\/produkt\/moon-resea-fold-2in1-jalutuskaru-tonka\/","url":"https:\/\/beebipood.ee\/ru\/produkt\/moon-resea-fold-2in1-jalutuskaru-tonka\/","name":"Muuvo Quick 4.0 jalutusk\u00e4ru 2in1, Iron Graphite, \u0421\u041a\u0418\u0414\u041a\u0418, \u041a\u043e\u043b\u044f\u0441\u043a\u0438, \u041f\u0440\u043e\u0433\u0443\u043b\u043e\u0447\u043d\u044b\u0435 \u043a\u043e\u043b\u044f\u0441\u043a\u0438, Muuvo Quick 4.0, Muuvo, Beebipood","isPartOf":{"@id":"https:\/\/beebipood.ee\/ru\/#website"},"primaryImageOfPage":{"@id":"https:\/\/beebipood.ee\/ru\/produkt\/moon-resea-fold-2in1-jalutuskaru-tonka\/#primaryimage"},"image":{"@id":"https:\/\/beebipood.ee\/ru\/produkt\/moon-resea-fold-2in1-jalutuskaru-tonka\/#primaryimage"},"thumbnailUrl":"https:\/\/beebipood.ee\/wp-content\/uploads\/2026\/04\/moon-resea-fold-2in1-jalutuskaru-tonka-scaled.jpg","datePublished":"2026-04-06T12:11:41+00:00","dateModified":"2026-04-06T12:15:55+00:00","description":"Muuvo Quick 4.0 jalutusk\u00e4ru 2in1, Iron Graphite, Muuvo QUICK 4.0 on MUUVO perekonna enimm\u00fc\u00fcdud k\u00e4ru uus mudel.Quick","breadcrumb":{"@id":"https:\/\/beebipood.ee\/ru\/produkt\/moon-resea-fold-2in1-jalutuskaru-tonka\/#breadcrumb"},"inLanguage":"ru-RU","potentialAction":[{"@type":"ReadAction","target":["https:\/\/beebipood.ee\/ru\/produkt\/moon-resea-fold-2in1-jalutuskaru-tonka\/"]}]},{"@type":"ImageObject","inLanguage":"ru-RU","@id":"https:\/\/beebipood.ee\/ru\/produkt\/moon-resea-fold-2in1-jalutuskaru-tonka\/#primaryimage","url":"https:\/\/beebipood.ee\/wp-content\/uploads\/2026\/04\/moon-resea-fold-2in1-jalutuskaru-tonka-scaled.jpg","contentUrl":"https:\/\/beebipood.ee\/wp-content\/uploads\/2026\/04\/moon-resea-fold-2in1-jalutuskaru-tonka-scaled.jpg","width":2560,"height":2560},{"@type":"BreadcrumbList","@id":"https:\/\/beebipood.ee\/ru\/produkt\/moon-resea-fold-2in1-jalutuskaru-tonka\/#breadcrumb","itemListElement":[{"@type":"ListItem","position":1,"name":"Home","item":"https:\/\/beebipood.ee\/ru\/"},{"@type":"ListItem","position":2,"name":"\u041a\u0430\u0442\u0430\u043b\u043e\u0433 \u0442\u043e\u0432\u0430\u0440\u043e\u0432","item":"https:\/\/beebipood.ee\/tooted\/"},{"@type":"ListItem","position":3,"name":"Moon RESEA Fold 2in1 jalutusk\u00e4ru, Tonka"}]},{"@type":"WebSite","@id":"https:\/\/beebipood.ee\/ru\/#website","url":"https:\/\/beebipood.ee\/ru\/","name":"Beebipood","description":"Lastekaubad, beebikaubad, m\u00e4nguasjad","publisher":{"@id":"https:\/\/beebipood.ee\/ru\/#organization"},"potentialAction":[{"@type":"SearchAction","target":{"@type":"EntryPoint","urlTemplate":"https:\/\/beebipood.ee\/ru\/?s={search_term_string}"},"query-input":{"@type":"PropertyValueSpecification","valueRequired":true,"valueName":"search_term_string"}}],"inLanguage":"ru-RU"},{"@type":"Organization","@id":"https:\/\/beebipood.ee\/ru\/#organization","name":"Beebipood","url":"https:\/\/beebipood.ee\/ru\/","logo":{"@type":"ImageObject","inLanguage":"ru-RU","@id":"https:\/\/beebipood.ee\/ru\/#\/schema\/logo\/image\/","url":"https:\/\/beebipood.ee\/wp-content\/uploads\/2025\/03\/beebipood.ee-logo-1.svg","contentUrl":"https:\/\/beebipood.ee\/wp-content\/uploads\/2025\/03\/beebipood.ee-logo-1.svg","caption":"Beebipood"},"image":{"@id":"https:\/\/beebipood.ee\/ru\/#\/schema\/logo\/image\/"}}]}},"brands":[{"id":12014,"name":"Moon","slug":"moon"}],"_links":{"self":[{"href":"https:\/\/beebipood.ee\/ru\/wp-json\/wp\/v2\/product\/513074","targetHints":{"allow":["GET"]}}],"collection":[{"href":"https:\/\/beebipood.ee\/ru\/wp-json\/wp\/v2\/product"}],"about":[{"href":"https:\/\/beebipood.ee\/ru\/wp-json\/wp\/v2\/types\/product"}],"wp:featuredmedia":[{"embeddable":true,"href":"https:\/\/beebipood.ee\/ru\/wp-json\/wp\/v2\/media\/513078"}],"wp:attachment":[{"href":"https:\/\/beebipood.ee\/ru\/wp-json\/wp\/v2\/media?parent=513074"}],"wp:term":[{"taxonomy":"pwb-brand","embeddable":true,"href":"https:\/\/beebipood.ee\/ru\/wp-json\/wp\/v2\/pwb-brand?post=513074"},{"taxonomy":"product_brand","embeddable":true,"href":"https:\/\/beebipood.ee\/ru\/wp-json\/wp\/v2\/product_brand?post=513074"},{"taxonomy":"product_cat","embeddable":true,"href":"https:\/\/beebipood.ee\/ru\/wp-json\/wp\/v2\/product_cat?post=513074"},{"taxonomy":"product_tag","embeddable":true,"href":"https:\/\/beebipood.ee\/ru\/wp-json\/wp\/v2\/product_tag?post=513074"}],"curies":[{"name":"wp","href":"https:\/\/api.w.org\/{rel}","templated":true}]}}