{"id":513119,"date":"2026-04-07T14:27:53","date_gmt":"2026-04-07T11:27:53","guid":{"rendered":"https:\/\/beebipood.ee\/?post_type=product&#038;p=513119"},"modified":"2026-04-07T14:47:47","modified_gmt":"2026-04-07T11:47:47","slug":"hauck-lite-n-care-kergkaru-choco","status":"publish","type":"product","link":"https:\/\/beebipood.ee\/ru\/produkt\/hauck-lite-n-care-kergkaru-choco\/","title":{"rendered":"Hauck Lite N Care kergk\u00e4ru, Choco"},"content":{"rendered":"<h2 data-section-id=\"bfggc7\" data-start=\"75\" data-end=\"108\">Ultrakerge carbon reisik\u00e4ru<\/h2>\n<p data-start=\"109\" data-end=\"144\"><strong data-start=\"109\" data-end=\"144\">Kergus, mida tunned igal sammul<\/strong><\/p>\n<p data-start=\"146\" data-end=\"379\">See \u00fclikerge carbonraamiga jalutusk\u00e4ru on loodud peredele, kes liiguvad palju ja hindavad <strong data-start=\"237\" data-end=\"271\">mugavust, lihtsust ning stiili<\/strong>. Vaid <strong>5,5 kg<\/strong> kaaluv k\u00e4ru teeb igap\u00e4evase liikumise, reisimise ja linnas toimetamise m\u00e4rgatavalt lihtsamaks.<\/p>\n<hr data-start=\"381\" data-end=\"384\" \/>\n<h3 data-section-id=\"itqrff\" data-start=\"386\" data-end=\"429\">\u2708\ufe0f Ideaalne reisile ja linnaseiklusteks<\/h3>\n<p data-start=\"430\" data-end=\"667\">Olgu ees lennujaam, kitsad t\u00e4navad v\u00f5i trepid \u2013 see k\u00e4ru on alati mugav kaaslane. T\u00e4nu \u00fche k\u00e4ega kokkupandavale s\u00fcsteemile mahub see paljude lennufirmade k\u00e4sipagasi m\u00f5\u00f5tu (IATA standard) ning \u00f5larihm v\u00f5imaldab seda h\u00f5lpsalt kaasas kanda.<\/p>\n<h3 data-section-id=\"1fgnuk7\" data-start=\"669\" data-end=\"699\">\ud83d\udc76 Mugav kasvavale lapsele<\/h3>\n<p data-start=\"700\" data-end=\"860\">Reguleeritav seljatugi ja jalatugi tagavad lapsele mugava asendi nii puhkamiseks kui \u00fcmbruse avastamiseks. K\u00e4ru sobib kasutamiseks kuni 22 kg (u 4. eluaastani).<\/p>\n<h3 data-section-id=\"1p078vy\" data-start=\"862\" data-end=\"893\">\ud83c\udf3f Jahe ja m\u00f5nus iga ilmaga<\/h3>\n<p data-start=\"894\" data-end=\"1049\">Suur <strong data-start=\"899\" data-end=\"922\">UPF50+ kaarvari<\/strong> ja XL ventilatsioonipaneelid pakuvad varju ning tagavad hea \u00f5huringluse ka soojadel p\u00e4evadel \u2013 nii on lapsel alati m\u00f5nus olla.<\/p>\n<hr data-start=\"1051\" data-end=\"1054\" \/>\n<h2 data-section-id=\"11db9a1\" data-start=\"1056\" data-end=\"1090\">Miks see k\u00e4ru peredele meeldib?<\/h2>\n<ul data-start=\"1091\" data-end=\"1293\">\n<li data-section-id=\"j3a77n\" data-start=\"1091\" data-end=\"1121\">\u2714\ufe0f \u00dclikerge \u2013 vaid ~5,5 kg<\/li>\n<li data-section-id=\"1f3kmt8\" data-start=\"1122\" data-end=\"1164\">\u2714\ufe0f Sobib k\u00e4sipagasisse (IATA standard)<\/li>\n<li data-section-id=\"13wqrf7\" data-start=\"1165\" data-end=\"1193\">\u2714\ufe0f \u00dche k\u00e4ega kokkupandav<\/li>\n<li data-section-id=\"vv5zj3\" data-start=\"1194\" data-end=\"1228\">\u2714\ufe0f Mugav kanda t\u00e4nu \u00f5larihmale<\/li>\n<li data-section-id=\"1dsnbsq\" data-start=\"1229\" data-end=\"1293\">\u2714\ufe0f Sobib kasutamiseks <strong data-start=\"1253\" data-end=\"1291\">alates s\u00fcnnist kuni ~4. eluaastani<\/strong><\/li>\n<\/ul>\n<hr data-start=\"1295\" data-end=\"1298\" \/>\n<h2 data-section-id=\"1tgfd0b\" data-start=\"1300\" data-end=\"1336\">L\u00e4bim\u00f5eldud mugavus igas detailis<\/h2>\n<ul data-start=\"1337\" data-end=\"1654\">\n<li data-section-id=\"1r47as4\" data-start=\"1337\" data-end=\"1377\">Carbonraam \u2013 kerge ja vastupidav<\/li>\n<li data-section-id=\"1szfcqx\" data-start=\"1378\" data-end=\"1433\">Reguleeritav seljatugi (3 asendit, sh lamamisasend)<\/li>\n<li data-section-id=\"1fqtoq8\" data-start=\"1434\" data-end=\"1459\">Reguleeritav jalatugi<\/li>\n<li data-section-id=\"1lhhrts\" data-start=\"1460\" data-end=\"1528\">Eemaldatav ja p\u00f6\u00f6ratav turvakaar lihtsaks sisse-v\u00e4lja t\u00f5stmiseks<\/li>\n<li data-section-id=\"uc4j82\" data-start=\"1529\" data-end=\"1553\">5-punkti turvarihmad<\/li>\n<li data-section-id=\"12bseq1\" data-start=\"1554\" data-end=\"1584\">Vedrustus sujuvaks s\u00f5iduks<\/li>\n<li data-section-id=\"k9gcs4\" data-start=\"1585\" data-end=\"1617\">Mahukas pakikorv (kuni 3 kg)<\/li>\n<li data-section-id=\"1l8b4dt\" data-start=\"1618\" data-end=\"1654\">Kergesti puhastatavad materjalid<\/li>\n<\/ul>\n<hr data-start=\"1656\" data-end=\"1659\" \/>\n<h2 data-section-id=\"y86l9g\" data-start=\"1661\" data-end=\"1693\">Stiilne ja kvaliteetne disain<\/h2>\n<p data-start=\"1694\" data-end=\"1842\">Kaasaegne carbonraam koos elegantsete nahaimitatsioonist detailidega annab k\u00e4rule <strong data-start=\"1777\" data-end=\"1813\">sportliku ja luksusliku v\u00e4limuse<\/strong>, mis sobib igasse keskkonda.<\/p>\n<hr data-start=\"1844\" data-end=\"1847\" \/>\n<h2 data-section-id=\"1e8gqrv\" data-start=\"1849\" data-end=\"1869\">Tehnilised andmed<\/h2>\n<ul data-start=\"1870\" data-end=\"2231\">\n<li data-section-id=\"b38vt4\" data-start=\"1870\" data-end=\"1887\">Kaal: ~5,6 kg<\/li>\n<li data-section-id=\"zmws8t\" data-start=\"1888\" data-end=\"1924\">Kasutus: 0\u20134 aastat (kuni 22 kg)<\/li>\n<li data-section-id=\"doca7y\" data-start=\"1925\" data-end=\"1976\">Maksimaalne kandev\u00f5ime: 25 kg (laps + pakikorv)<\/li>\n<li data-section-id=\"1mclm2a\" data-start=\"1977\" data-end=\"2015\">M\u00f5\u00f5dud avatuna: 100 \u00d7 43,5 \u00d7 89 cm<\/li>\n<li data-section-id=\"1x7yolc\" data-start=\"2016\" data-end=\"2060\">M\u00f5\u00f5dud kokkupandult: 52 \u00d7 43,5 \u00d7 21,5 cm<\/li>\n<li data-section-id=\"lkt83a\" data-start=\"2061\" data-end=\"2087\">Lamamisala: 88 \u00d7 34 cm<\/li>\n<li data-section-id=\"6hwk2e\" data-start=\"2088\" data-end=\"2113\">Seljatugi: 51 \u00d7 34 cm<\/li>\n<li data-section-id=\"yywnq3\" data-start=\"2114\" data-end=\"2140\">Istumisosa: 24 \u00d7 34 cm<\/li>\n<li data-section-id=\"17c394t\" data-start=\"2141\" data-end=\"2186\">Rataste diameeter: ees 13 cm \/ taga 15 cm<\/li>\n<li data-section-id=\"17w3qpi\" data-start=\"2187\" data-end=\"2202\">Rattad: EVA<\/li>\n<li data-section-id=\"qo6c6y\" data-start=\"2203\" data-end=\"2231\">K\u00e4epideme k\u00f5rgus: 100 cm<\/li>\n<li data-section-id=\"qo6c6y\" data-start=\"2203\" data-end=\"2231\">VIDEO: <a href=\"https:\/\/youtu.be\/jfeUcJaI6fQ?si=ttfw9qKbtQQrGYZW\">SIIN\u00a0<\/a><\/li>\n<\/ul>\n<hr data-start=\"2233\" data-end=\"2236\" \/>\n<p data-start=\"2238\" data-end=\"2392\"><strong data-start=\"2238\" data-end=\"2390\">See ultrakerge carbon reisik\u00e4ru on ideaalne valik perele, kes soovib nautida liikumisvabadust ilma kompromissideta \u2013 nii igap\u00e4evaselt kui reisidel.<\/strong><\/p>\n","protected":false},"excerpt":{"rendered":"<p>Ultrakerge carbon reisik\u00e4ru Kergus, mida tunned igal sammul See \u00fclikerge carbonraamiga jalutusk\u00e4ru on loodud peredele, kes liiguvad palju ja hindavad mugavust, lihtsust ning stiili. Vaid 5,5 kg kaaluv k\u00e4ru teeb igap\u00e4evase liikumise, reisimise ja linnas toimetamise m\u00e4rgatavalt lihtsamaks. \u2708\ufe0f Ideaalne reisile ja linnaseiklusteks Olgu ees lennujaam, kitsad t\u00e4navad v\u00f5i trepid \u2013 see k\u00e4ru on alati [&hellip;]<\/p>\n","protected":false},"featured_media":513121,"template":"","meta":{"_acf_changed":false},"pwb-brand":[11952],"product_brand":[],"product_cat":[11575,11721,11717],"product_tag":[],"class_list":{"0":"post-513119","1":"product","2":"type-product","3":"status-publish","4":"has-post-thumbnail","6":"pwb-brand-hauck-ru","7":"product_cat-uued-tooted-ru","8":"product_cat-jalutuskarud-ru","9":"product_cat-lastevankrid-ja-karud-ru","10":"pa_manufacturer-hauck-ru","12":"first","13":"onbackorder","14":"taxable","15":"shipping-taxable","16":"purchasable","17":"product-type-simple"},"exclude_global_add_ons":[],"addons":[],"acf":[],"yoast_head":"<!-- This site is optimized with the Yoast SEO plugin v27.1.1 - https:\/\/yoast.com\/product\/yoast-seo-wordpress\/ -->\n<title>Hauck Travel N Care Plus kergk\u00e4ru, Velvet Olive, \u041a\u043e\u043b\u044f\u0441\u043a\u0438, \u041f\u0440\u043e\u0433\u0443\u043b\u043e\u0447\u043d\u044b\u0435 \u043a\u043e\u043b\u044f\u0441\u043a\u0438, Beebipood<\/title>\n<meta name=\"description\" content=\"Hauck Travel N Care Plus kergk\u00e4ru, Velvet Olive, Travel N Care Plus on kvaliteetne k\u00e4ep\u00e4rane ja kompaktne reisik\u00e4ruTravel N Care Plus o\" \/>\n<meta name=\"robots\" content=\"index, follow, max-snippet:-1, max-image-preview:large, max-video-preview:-1\" \/>\n<link rel=\"canonical\" href=\"https:\/\/beebipood.ee\/ru\/produkt\/hauck-lite-n-care-kergkaru-choco\/\" \/>\n<meta property=\"og:locale\" content=\"ru_RU\" \/>\n<meta property=\"og:type\" content=\"article\" \/>\n<meta property=\"og:title\" content=\"Hauck Travel N Care Plus kergk\u00e4ru, Velvet Olive, \u041a\u043e\u043b\u044f\u0441\u043a\u0438, \u041f\u0440\u043e\u0433\u0443\u043b\u043e\u0447\u043d\u044b\u0435 \u043a\u043e\u043b\u044f\u0441\u043a\u0438, Beebipood\" \/>\n<meta property=\"og:description\" content=\"Hauck Travel N Care Plus kergk\u00e4ru, Velvet Olive, Travel N Care Plus on kvaliteetne k\u00e4ep\u00e4rane ja kompaktne reisik\u00e4ruTravel N Care Plus o\" \/>\n<meta property=\"og:url\" content=\"https:\/\/beebipood.ee\/ru\/produkt\/hauck-lite-n-care-kergkaru-choco\/\" \/>\n<meta property=\"og:site_name\" content=\"Beebipood\" \/>\n<meta property=\"article:modified_time\" content=\"2026-04-07T11:47:47+00:00\" \/>\n<meta property=\"og:image\" content=\"https:\/\/beebipood.ee\/wp-content\/uploads\/2026\/04\/hauck-lite-n-care-choco.webp\" \/>\n\t<meta property=\"og:image:width\" content=\"823\" \/>\n\t<meta property=\"og:image:height\" content=\"823\" \/>\n\t<meta property=\"og:image:type\" content=\"image\/webp\" \/>\n<meta name=\"twitter:card\" content=\"summary_large_image\" \/>\n<meta name=\"twitter:label1\" content=\"\u041f\u0440\u0438\u043c\u0435\u0440\u043d\u043e\u0435 \u0432\u0440\u0435\u043c\u044f \u0434\u043b\u044f \u0447\u0442\u0435\u043d\u0438\u044f\" \/>\n\t<meta name=\"twitter:data1\" content=\"2 \u043c\u0438\u043d\u0443\u0442\u044b\" \/>\n<script type=\"application\/ld+json\" class=\"yoast-schema-graph\">{\"@context\":\"https:\/\/schema.org\",\"@graph\":[{\"@type\":\"WebPage\",\"@id\":\"https:\/\/beebipood.ee\/ru\/produkt\/hauck-lite-n-care-kergkaru-choco\/\",\"url\":\"https:\/\/beebipood.ee\/ru\/produkt\/hauck-lite-n-care-kergkaru-choco\/\",\"name\":\"Hauck Travel N Care Plus kergk\u00e4ru, Velvet Olive, \u041a\u043e\u043b\u044f\u0441\u043a\u0438, \u041f\u0440\u043e\u0433\u0443\u043b\u043e\u0447\u043d\u044b\u0435 \u043a\u043e\u043b\u044f\u0441\u043a\u0438, Beebipood\",\"isPartOf\":{\"@id\":\"https:\/\/beebipood.ee\/ru\/#website\"},\"primaryImageOfPage\":{\"@id\":\"https:\/\/beebipood.ee\/ru\/produkt\/hauck-lite-n-care-kergkaru-choco\/#primaryimage\"},\"image\":{\"@id\":\"https:\/\/beebipood.ee\/ru\/produkt\/hauck-lite-n-care-kergkaru-choco\/#primaryimage\"},\"thumbnailUrl\":\"https:\/\/beebipood.ee\/wp-content\/uploads\/2026\/04\/hauck-lite-n-care-choco.webp\",\"datePublished\":\"2026-04-07T11:27:53+00:00\",\"dateModified\":\"2026-04-07T11:47:47+00:00\",\"description\":\"Hauck Travel N Care Plus kergk\u00e4ru, Velvet Olive, Travel N Care Plus on kvaliteetne k\u00e4ep\u00e4rane ja kompaktne reisik\u00e4ruTravel N Care Plus o\",\"breadcrumb\":{\"@id\":\"https:\/\/beebipood.ee\/ru\/produkt\/hauck-lite-n-care-kergkaru-choco\/#breadcrumb\"},\"inLanguage\":\"ru-RU\",\"potentialAction\":[{\"@type\":\"ReadAction\",\"target\":[\"https:\/\/beebipood.ee\/ru\/produkt\/hauck-lite-n-care-kergkaru-choco\/\"]}]},{\"@type\":\"ImageObject\",\"inLanguage\":\"ru-RU\",\"@id\":\"https:\/\/beebipood.ee\/ru\/produkt\/hauck-lite-n-care-kergkaru-choco\/#primaryimage\",\"url\":\"https:\/\/beebipood.ee\/wp-content\/uploads\/2026\/04\/hauck-lite-n-care-choco.webp\",\"contentUrl\":\"https:\/\/beebipood.ee\/wp-content\/uploads\/2026\/04\/hauck-lite-n-care-choco.webp\",\"width\":823,\"height\":823},{\"@type\":\"BreadcrumbList\",\"@id\":\"https:\/\/beebipood.ee\/ru\/produkt\/hauck-lite-n-care-kergkaru-choco\/#breadcrumb\",\"itemListElement\":[{\"@type\":\"ListItem\",\"position\":1,\"name\":\"Home\",\"item\":\"https:\/\/beebipood.ee\/ru\/\"},{\"@type\":\"ListItem\",\"position\":2,\"name\":\"\u041a\u0430\u0442\u0430\u043b\u043e\u0433 \u0442\u043e\u0432\u0430\u0440\u043e\u0432\",\"item\":\"https:\/\/beebipood.ee\/tooted\/\"},{\"@type\":\"ListItem\",\"position\":3,\"name\":\"Hauck Lite N Care kergk\u00e4ru, Choco\"}]},{\"@type\":\"WebSite\",\"@id\":\"https:\/\/beebipood.ee\/ru\/#website\",\"url\":\"https:\/\/beebipood.ee\/ru\/\",\"name\":\"Beebipood\",\"description\":\"Lastekaubad, beebikaubad, m\u00e4nguasjad\",\"publisher\":{\"@id\":\"https:\/\/beebipood.ee\/ru\/#organization\"},\"potentialAction\":[{\"@type\":\"SearchAction\",\"target\":{\"@type\":\"EntryPoint\",\"urlTemplate\":\"https:\/\/beebipood.ee\/ru\/?s={search_term_string}\"},\"query-input\":{\"@type\":\"PropertyValueSpecification\",\"valueRequired\":true,\"valueName\":\"search_term_string\"}}],\"inLanguage\":\"ru-RU\"},{\"@type\":\"Organization\",\"@id\":\"https:\/\/beebipood.ee\/ru\/#organization\",\"name\":\"Beebipood\",\"url\":\"https:\/\/beebipood.ee\/ru\/\",\"logo\":{\"@type\":\"ImageObject\",\"inLanguage\":\"ru-RU\",\"@id\":\"https:\/\/beebipood.ee\/ru\/#\/schema\/logo\/image\/\",\"url\":\"https:\/\/beebipood.ee\/wp-content\/uploads\/2025\/03\/beebipood.ee-logo-1.svg\",\"contentUrl\":\"https:\/\/beebipood.ee\/wp-content\/uploads\/2025\/03\/beebipood.ee-logo-1.svg\",\"caption\":\"Beebipood\"},\"image\":{\"@id\":\"https:\/\/beebipood.ee\/ru\/#\/schema\/logo\/image\/\"}}]}<\/script>\n<!-- \/ Yoast SEO plugin. -->","yoast_head_json":{"title":"Hauck Travel N Care Plus kergk\u00e4ru, Velvet Olive, \u041a\u043e\u043b\u044f\u0441\u043a\u0438, \u041f\u0440\u043e\u0433\u0443\u043b\u043e\u0447\u043d\u044b\u0435 \u043a\u043e\u043b\u044f\u0441\u043a\u0438, Beebipood","description":"Hauck Travel N Care Plus kergk\u00e4ru, Velvet Olive, Travel N Care Plus on kvaliteetne k\u00e4ep\u00e4rane ja kompaktne reisik\u00e4ruTravel N Care Plus o","robots":{"index":"index","follow":"follow","max-snippet":"max-snippet:-1","max-image-preview":"max-image-preview:large","max-video-preview":"max-video-preview:-1"},"canonical":"https:\/\/beebipood.ee\/ru\/produkt\/hauck-lite-n-care-kergkaru-choco\/","og_locale":"ru_RU","og_type":"article","og_title":"Hauck Travel N Care Plus kergk\u00e4ru, Velvet Olive, \u041a\u043e\u043b\u044f\u0441\u043a\u0438, \u041f\u0440\u043e\u0433\u0443\u043b\u043e\u0447\u043d\u044b\u0435 \u043a\u043e\u043b\u044f\u0441\u043a\u0438, Beebipood","og_description":"Hauck Travel N Care Plus kergk\u00e4ru, Velvet Olive, Travel N Care Plus on kvaliteetne k\u00e4ep\u00e4rane ja kompaktne reisik\u00e4ruTravel N Care Plus o","og_url":"https:\/\/beebipood.ee\/ru\/produkt\/hauck-lite-n-care-kergkaru-choco\/","og_site_name":"Beebipood","article_modified_time":"2026-04-07T11:47:47+00:00","og_image":[{"width":823,"height":823,"url":"https:\/\/beebipood.ee\/wp-content\/uploads\/2026\/04\/hauck-lite-n-care-choco.webp","type":"image\/webp"}],"twitter_card":"summary_large_image","twitter_misc":{"\u041f\u0440\u0438\u043c\u0435\u0440\u043d\u043e\u0435 \u0432\u0440\u0435\u043c\u044f \u0434\u043b\u044f \u0447\u0442\u0435\u043d\u0438\u044f":"2 \u043c\u0438\u043d\u0443\u0442\u044b"},"schema":{"@context":"https:\/\/schema.org","@graph":[{"@type":"WebPage","@id":"https:\/\/beebipood.ee\/ru\/produkt\/hauck-lite-n-care-kergkaru-choco\/","url":"https:\/\/beebipood.ee\/ru\/produkt\/hauck-lite-n-care-kergkaru-choco\/","name":"Hauck Travel N Care Plus kergk\u00e4ru, Velvet Olive, \u041a\u043e\u043b\u044f\u0441\u043a\u0438, \u041f\u0440\u043e\u0433\u0443\u043b\u043e\u0447\u043d\u044b\u0435 \u043a\u043e\u043b\u044f\u0441\u043a\u0438, Beebipood","isPartOf":{"@id":"https:\/\/beebipood.ee\/ru\/#website"},"primaryImageOfPage":{"@id":"https:\/\/beebipood.ee\/ru\/produkt\/hauck-lite-n-care-kergkaru-choco\/#primaryimage"},"image":{"@id":"https:\/\/beebipood.ee\/ru\/produkt\/hauck-lite-n-care-kergkaru-choco\/#primaryimage"},"thumbnailUrl":"https:\/\/beebipood.ee\/wp-content\/uploads\/2026\/04\/hauck-lite-n-care-choco.webp","datePublished":"2026-04-07T11:27:53+00:00","dateModified":"2026-04-07T11:47:47+00:00","description":"Hauck Travel N Care Plus kergk\u00e4ru, Velvet Olive, Travel N Care Plus on kvaliteetne k\u00e4ep\u00e4rane ja kompaktne reisik\u00e4ruTravel N Care Plus o","breadcrumb":{"@id":"https:\/\/beebipood.ee\/ru\/produkt\/hauck-lite-n-care-kergkaru-choco\/#breadcrumb"},"inLanguage":"ru-RU","potentialAction":[{"@type":"ReadAction","target":["https:\/\/beebipood.ee\/ru\/produkt\/hauck-lite-n-care-kergkaru-choco\/"]}]},{"@type":"ImageObject","inLanguage":"ru-RU","@id":"https:\/\/beebipood.ee\/ru\/produkt\/hauck-lite-n-care-kergkaru-choco\/#primaryimage","url":"https:\/\/beebipood.ee\/wp-content\/uploads\/2026\/04\/hauck-lite-n-care-choco.webp","contentUrl":"https:\/\/beebipood.ee\/wp-content\/uploads\/2026\/04\/hauck-lite-n-care-choco.webp","width":823,"height":823},{"@type":"BreadcrumbList","@id":"https:\/\/beebipood.ee\/ru\/produkt\/hauck-lite-n-care-kergkaru-choco\/#breadcrumb","itemListElement":[{"@type":"ListItem","position":1,"name":"Home","item":"https:\/\/beebipood.ee\/ru\/"},{"@type":"ListItem","position":2,"name":"\u041a\u0430\u0442\u0430\u043b\u043e\u0433 \u0442\u043e\u0432\u0430\u0440\u043e\u0432","item":"https:\/\/beebipood.ee\/tooted\/"},{"@type":"ListItem","position":3,"name":"Hauck Lite N Care kergk\u00e4ru, Choco"}]},{"@type":"WebSite","@id":"https:\/\/beebipood.ee\/ru\/#website","url":"https:\/\/beebipood.ee\/ru\/","name":"Beebipood","description":"Lastekaubad, beebikaubad, m\u00e4nguasjad","publisher":{"@id":"https:\/\/beebipood.ee\/ru\/#organization"},"potentialAction":[{"@type":"SearchAction","target":{"@type":"EntryPoint","urlTemplate":"https:\/\/beebipood.ee\/ru\/?s={search_term_string}"},"query-input":{"@type":"PropertyValueSpecification","valueRequired":true,"valueName":"search_term_string"}}],"inLanguage":"ru-RU"},{"@type":"Organization","@id":"https:\/\/beebipood.ee\/ru\/#organization","name":"Beebipood","url":"https:\/\/beebipood.ee\/ru\/","logo":{"@type":"ImageObject","inLanguage":"ru-RU","@id":"https:\/\/beebipood.ee\/ru\/#\/schema\/logo\/image\/","url":"https:\/\/beebipood.ee\/wp-content\/uploads\/2025\/03\/beebipood.ee-logo-1.svg","contentUrl":"https:\/\/beebipood.ee\/wp-content\/uploads\/2025\/03\/beebipood.ee-logo-1.svg","caption":"Beebipood"},"image":{"@id":"https:\/\/beebipood.ee\/ru\/#\/schema\/logo\/image\/"}}]}},"brands":[{"id":11952,"name":"Hauck","slug":"hauck-ru"}],"_links":{"self":[{"href":"https:\/\/beebipood.ee\/ru\/wp-json\/wp\/v2\/product\/513119","targetHints":{"allow":["GET"]}}],"collection":[{"href":"https:\/\/beebipood.ee\/ru\/wp-json\/wp\/v2\/product"}],"about":[{"href":"https:\/\/beebipood.ee\/ru\/wp-json\/wp\/v2\/types\/product"}],"wp:featuredmedia":[{"embeddable":true,"href":"https:\/\/beebipood.ee\/ru\/wp-json\/wp\/v2\/media\/513121"}],"wp:attachment":[{"href":"https:\/\/beebipood.ee\/ru\/wp-json\/wp\/v2\/media?parent=513119"}],"wp:term":[{"taxonomy":"pwb-brand","embeddable":true,"href":"https:\/\/beebipood.ee\/ru\/wp-json\/wp\/v2\/pwb-brand?post=513119"},{"taxonomy":"product_brand","embeddable":true,"href":"https:\/\/beebipood.ee\/ru\/wp-json\/wp\/v2\/product_brand?post=513119"},{"taxonomy":"product_cat","embeddable":true,"href":"https:\/\/beebipood.ee\/ru\/wp-json\/wp\/v2\/product_cat?post=513119"},{"taxonomy":"product_tag","embeddable":true,"href":"https:\/\/beebipood.ee\/ru\/wp-json\/wp\/v2\/product_tag?post=513119"}],"curies":[{"name":"wp","href":"https:\/\/api.w.org\/{rel}","templated":true}]}}