{"id":513409,"date":"2026-04-14T14:20:05","date_gmt":"2026-04-14T11:20:05","guid":{"rendered":"https:\/\/beebipood.ee\/?post_type=product&#038;p=513409"},"modified":"2026-04-14T14:27:23","modified_gmt":"2026-04-14T11:27:23","slug":"maxi-cosi-pebble-slide-pro-turvahall-sapphire-sand","status":"publish","type":"product","link":"https:\/\/beebipood.ee\/ru\/produkt\/maxi-cosi-pebble-slide-pro-turvahall-sapphire-sand\/","title":{"rendered":"Maxi-Cosi Pebble Slide Pro turvah\u00e4ll, Sapphire Sand"},"content":{"rendered":"<h2 data-section-id=\"3ls8d\" data-start=\"83\" data-end=\"124\">Maxi-Cosi Pebble Slide Pro turvah\u00e4ll<\/h2>\n<p data-start=\"125\" data-end=\"189\"><strong data-start=\"125\" data-end=\"189\">Innovatsioon, mugavus ja turvalisus alates esimesest p\u00e4evast<\/strong><\/p>\n<p data-start=\"191\" data-end=\"426\">Maxi-Cosi Pebble Slide Pro on uue p\u00f5lvkonna i-Size turvah\u00e4ll, mis on loodud pakkuma <strong data-start=\"275\" data-end=\"333\">maksimaalset mugavust nii beebile kui ka lapsevanemale<\/strong>. Nutikas SlideTech\u00ae2 s\u00fcsteem muudab igap\u00e4evase autosse t\u00f5stmise lihtsamaks kui kunagi varem.<\/p>\n<hr data-start=\"428\" data-end=\"431\" \/>\n<h3 data-section-id=\"18rfuvf\" data-start=\"433\" data-end=\"473\">\ud83d\udc76 Mugav ja turvaline alates s\u00fcnnist<\/h3>\n<p data-start=\"474\" data-end=\"629\">Turvah\u00e4ll sobib kasutamiseks juba alates 40 cm pikkusest beebist ning pakub t\u00e4nu vasts\u00fcndinu sisule turvalist ja ergonoomilist asendit ka k\u00f5ige pisematele.<\/p>\n<h3 data-section-id=\"27bet7\" data-start=\"631\" data-end=\"674\">\ud83d\udd04 Lihtsam igap\u00e4evaelu SlideTech\u00ae2 abil<\/h3>\n<p data-start=\"675\" data-end=\"865\">Koos FamilyFix Slide Pro alusega v\u00f5imaldab SlideTech\u00ae2 s\u00fcsteem turvah\u00e4lli <strong data-start=\"749\" data-end=\"788\">kuni 27 cm ulatuses v\u00e4lja libistada<\/strong>, et lapse autosse panek ja sealt v\u00e4lja v\u00f5tmine oleks mugav ja seljas\u00f5bralik.<\/p>\n<h3 data-section-id=\"m9jxau\" data-start=\"867\" data-end=\"899\">\ud83d\ude34 Mugav reis igas olukorras<\/h3>\n<p data-start=\"900\" data-end=\"993\">Kolm lamamisasendit v\u00f5imaldavad valida lapsele sobivaima asendi \u2013 olgu ta \u00e4rkvel v\u00f5i magamas.<\/p>\n<hr data-start=\"995\" data-end=\"998\" \/>\n<h2 data-section-id=\"65sopl\" data-start=\"1000\" data-end=\"1039\">Miks see turvah\u00e4ll peredele meeldib?<\/h2>\n<ul data-start=\"1040\" data-end=\"1282\">\n<li data-section-id=\"104zvgz\" data-start=\"1040\" data-end=\"1097\">\u2714\ufe0f Sobib <strong data-start=\"1051\" data-end=\"1095\">alates s\u00fcnnist kuni ~24 kuuni (40\u201387 cm)<\/strong><\/li>\n<li data-section-id=\"beq5c0\" data-start=\"1098\" data-end=\"1157\">\u2714\ufe0f Uuenduslik SlideTech\u00ae2 s\u00fcsteem lihtsaks kasutamiseks<\/li>\n<li data-section-id=\"y9eraj\" data-start=\"1158\" data-end=\"1189\">\u2714\ufe0f 3 mugavat lamamisasendit<\/li>\n<li data-section-id=\"yd6y4b\" data-start=\"1190\" data-end=\"1247\">\u2714\ufe0f Vastab k\u00f5rgeimale i-Size R129\/04 ohutusstandardile<\/li>\n<li data-section-id=\"171uc4l\" data-start=\"1248\" data-end=\"1282\">\u2714\ufe0f Kerge ja mugav kaasas kanda<\/li>\n<\/ul>\n<hr data-start=\"1284\" data-end=\"1287\" \/>\n<h2 data-section-id=\"1tgfd0b\" data-start=\"1289\" data-end=\"1325\">L\u00e4bim\u00f5eldud mugavus igas detailis<\/h2>\n<ul data-start=\"1326\" data-end=\"1579\">\n<li data-section-id=\"1d6i8j2\" data-start=\"1326\" data-end=\"1360\">Integreeritud vasts\u00fcndinu sisu<\/li>\n<li data-section-id=\"1q28elu\" data-start=\"1361\" data-end=\"1406\">3-punkti turvav\u00f6\u00f6 turvaliseks kinnituseks<\/li>\n<li data-section-id=\"zdxp2y\" data-start=\"1407\" data-end=\"1453\">Reguleeritav peatugi (kasvab koos lapsega)<\/li>\n<li data-section-id=\"1pthafl\" data-start=\"1454\" data-end=\"1502\">Suur kaarvari kaitseks p\u00e4ikese ja tuule eest<\/li>\n<li data-section-id=\"p4kf0t\" data-start=\"1503\" data-end=\"1530\">Ergonoomiline kandesang<\/li>\n<li data-section-id=\"12gxf4e\" data-start=\"1531\" data-end=\"1579\">Paigaldus ISOFIX-alusega v\u00f5i auto turvav\u00f6\u00f6ga<\/li>\n<\/ul>\n<hr data-start=\"1581\" data-end=\"1584\" \/>\n<h2 data-section-id=\"1e8gqrv\" data-start=\"1586\" data-end=\"1606\">Tehnilised andmed<\/h2>\n<ul data-start=\"1607\" data-end=\"1846\">\n<li data-section-id=\"amndtv\" data-start=\"1607\" data-end=\"1628\">Sobivus: 40\u201387 cm<\/li>\n<li data-section-id=\"zpie3r\" data-start=\"1629\" data-end=\"1649\">Vanus: 0\u201324 kuud<\/li>\n<li data-section-id=\"obgl91\" data-start=\"1650\" data-end=\"1682\">Maksimaalne kaal: kuni 13 kg<\/li>\n<li data-section-id=\"11fg1vj\" data-start=\"1683\" data-end=\"1699\">Kaal: 3,9 kg<\/li>\n<li data-section-id=\"rjq8fi\" data-start=\"1700\" data-end=\"1727\">M\u00f5\u00f5dud: 44 \u00d7 58 \u00d7 70 cm<\/li>\n<li data-section-id=\"1o7iwte\" data-start=\"1728\" data-end=\"1750\">Lamamisasendeid: 3<\/li>\n<li data-section-id=\"1cv2ij0\" data-start=\"1751\" data-end=\"1812\">Lamamisnurk: kuni 168\u00b0 (vasts\u00fcndinu sisuga) \/ 142\u00b0 (ilma)<\/li>\n<li data-section-id=\"1ojnytr\" data-start=\"1813\" data-end=\"1846\">Turvastandard: i-Size R129\/04<\/li>\n<\/ul>\n<hr data-start=\"1848\" data-end=\"1851\" \/>\n<p data-start=\"1853\" data-end=\"2046\" data-is-last-node=\"\" data-is-only-node=\"\"><strong data-start=\"1853\" data-end=\"1883\">Maxi-Cosi Pebble Slide Pro<\/strong> on ideaalne valik perele, kes soovib \u00fchendada <strong data-start=\"1930\" data-end=\"2000\">tipptasemel turvalisuse, nutika tehnoloogia ja igap\u00e4evase mugavuse<\/strong> \u2013 et iga autos\u00f5it oleks rahulik ja turvaline.<\/p>\n","protected":false},"excerpt":{"rendered":"<p>Maxi-Cosi Pebble Slide Pro turvah\u00e4ll Innovatsioon, mugavus ja turvalisus alates esimesest p\u00e4evast Maxi-Cosi Pebble Slide Pro on uue p\u00f5lvkonna i-Size turvah\u00e4ll, mis on loodud pakkuma maksimaalset mugavust nii beebile kui ka lapsevanemale. Nutikas SlideTech\u00ae2 s\u00fcsteem muudab igap\u00e4evase autosse t\u00f5stmise lihtsamaks kui kunagi varem. \ud83d\udc76 Mugav ja turvaline alates s\u00fcnnist Turvah\u00e4ll sobib kasutamiseks juba alates 40 [&hellip;]<\/p>\n","protected":false},"featured_media":513411,"template":"","meta":{"_acf_changed":false},"pwb-brand":[11961],"product_brand":[],"product_cat":[11743,11575,11727,11791],"product_tag":[],"class_list":{"0":"post-513409","1":"product","2":"type-product","3":"status-publish","4":"has-post-thumbnail","6":"pwb-brand-maxi-cosi-ru","7":"product_cat-turvahallid-ru","8":"product_cat-uued-tooted-ru","9":"product_cat-turvatoolid-hallid-ru","10":"product_cat-turvavarustus-ru","11":"pa_manufacturer-maxi_cosi-ru","13":"first","14":"onbackorder","15":"taxable","16":"shipping-taxable","17":"purchasable","18":"product-type-simple"},"exclude_global_add_ons":[],"addons":[],"acf":[],"yoast_head":"<!-- This site is optimized with the Yoast SEO plugin v27.3 - https:\/\/yoast.com\/product\/yoast-seo-wordpress\/ -->\n<title>Maxi-Cosi Coral 360 turvah\u00e4ll, Essential Grey, \u0421\u041a\u0418\u0414\u041a\u0418, \u0410\u0432\u0442\u043e\u043a\u0440\u0435\u0441\u043b\u0430, \u043b\u044e\u043b\u044c\u043a\u0438, \u0410\u0432\u0442\u043e\u043b\u044e\u043b\u044c\u043a\u0430, \u0421\u043d\u0430\u0440\u044f\u0436\u0435\u043d\u0438\u044f \u0431\u0435\u0437\u043e\u043f\u0430\u0441\u043d\u043e\u0441\u0442\u0438, Beebipood<\/title>\n<meta name=\"description\" content=\"Maxi-Cosi Coral 360 turvah\u00e4ll, Essential Grey, Maxi-Cosi modulaarne turvah\u00e4ll, mida on n\u00fc\u00fcd v\u00f5imalik ka mugavalt p\u00f6\u00f6rata. &lt;b\" \/>\n<meta name=\"robots\" content=\"index, follow, max-snippet:-1, max-image-preview:large, max-video-preview:-1\" \/>\n<link rel=\"canonical\" href=\"https:\/\/beebipood.ee\/ru\/produkt\/maxi-cosi-pebble-slide-pro-turvahall-sapphire-sand\/\" \/>\n<meta property=\"og:locale\" content=\"ru_RU\" \/>\n<meta property=\"og:type\" content=\"article\" \/>\n<meta property=\"og:title\" content=\"Maxi-Cosi Coral 360 turvah\u00e4ll, Essential Grey, \u0421\u041a\u0418\u0414\u041a\u0418, \u0410\u0432\u0442\u043e\u043a\u0440\u0435\u0441\u043b\u0430, \u043b\u044e\u043b\u044c\u043a\u0438, \u0410\u0432\u0442\u043e\u043b\u044e\u043b\u044c\u043a\u0430, \u0421\u043d\u0430\u0440\u044f\u0436\u0435\u043d\u0438\u044f \u0431\u0435\u0437\u043e\u043f\u0430\u0441\u043d\u043e\u0441\u0442\u0438, Beebipood\" \/>\n<meta property=\"og:description\" content=\"Maxi-Cosi Coral 360 turvah\u00e4ll, Essential Grey, Maxi-Cosi modulaarne turvah\u00e4ll, mida on n\u00fc\u00fcd v\u00f5imalik ka mugavalt p\u00f6\u00f6rata. &lt;b\" \/>\n<meta property=\"og:url\" content=\"https:\/\/beebipood.ee\/ru\/produkt\/maxi-cosi-pebble-slide-pro-turvahall-sapphire-sand\/\" \/>\n<meta property=\"og:site_name\" content=\"Beebipood\" \/>\n<meta property=\"article:modified_time\" content=\"2026-04-14T11:27:23+00:00\" \/>\n<meta property=\"og:image\" content=\"https:\/\/beebipood.ee\/wp-content\/uploads\/2026\/04\/maxi-cosi-pebble-slide-pro-turvahall-sand.jpg\" \/>\n\t<meta property=\"og:image:width\" content=\"1200\" \/>\n\t<meta property=\"og:image:height\" content=\"1200\" \/>\n\t<meta property=\"og:image:type\" content=\"image\/jpeg\" \/>\n<meta name=\"twitter:card\" content=\"summary_large_image\" \/>\n<meta name=\"twitter:label1\" content=\"\u041f\u0440\u0438\u043c\u0435\u0440\u043d\u043e\u0435 \u0432\u0440\u0435\u043c\u044f \u0434\u043b\u044f \u0447\u0442\u0435\u043d\u0438\u044f\" \/>\n\t<meta name=\"twitter:data1\" content=\"2 \u043c\u0438\u043d\u0443\u0442\u044b\" \/>\n<script type=\"application\/ld+json\" class=\"yoast-schema-graph\">{\"@context\":\"https:\\\/\\\/schema.org\",\"@graph\":[{\"@type\":\"WebPage\",\"@id\":\"https:\\\/\\\/beebipood.ee\\\/ru\\\/produkt\\\/maxi-cosi-pebble-slide-pro-turvahall-sapphire-sand\\\/\",\"url\":\"https:\\\/\\\/beebipood.ee\\\/ru\\\/produkt\\\/maxi-cosi-pebble-slide-pro-turvahall-sapphire-sand\\\/\",\"name\":\"Maxi-Cosi Coral 360 turvah\u00e4ll, Essential Grey, \u0421\u041a\u0418\u0414\u041a\u0418, \u0410\u0432\u0442\u043e\u043a\u0440\u0435\u0441\u043b\u0430, \u043b\u044e\u043b\u044c\u043a\u0438, \u0410\u0432\u0442\u043e\u043b\u044e\u043b\u044c\u043a\u0430, \u0421\u043d\u0430\u0440\u044f\u0436\u0435\u043d\u0438\u044f \u0431\u0435\u0437\u043e\u043f\u0430\u0441\u043d\u043e\u0441\u0442\u0438, Beebipood\",\"isPartOf\":{\"@id\":\"https:\\\/\\\/beebipood.ee\\\/ru\\\/#website\"},\"primaryImageOfPage\":{\"@id\":\"https:\\\/\\\/beebipood.ee\\\/ru\\\/produkt\\\/maxi-cosi-pebble-slide-pro-turvahall-sapphire-sand\\\/#primaryimage\"},\"image\":{\"@id\":\"https:\\\/\\\/beebipood.ee\\\/ru\\\/produkt\\\/maxi-cosi-pebble-slide-pro-turvahall-sapphire-sand\\\/#primaryimage\"},\"thumbnailUrl\":\"https:\\\/\\\/beebipood.ee\\\/wp-content\\\/uploads\\\/2026\\\/04\\\/maxi-cosi-pebble-slide-pro-turvahall-sand.jpg\",\"datePublished\":\"2026-04-14T11:20:05+00:00\",\"dateModified\":\"2026-04-14T11:27:23+00:00\",\"description\":\"Maxi-Cosi Coral 360 turvah\u00e4ll, Essential Grey, Maxi-Cosi modulaarne turvah\u00e4ll, mida on n\u00fc\u00fcd v\u00f5imalik ka mugavalt p\u00f6\u00f6rata. &lt;b\",\"breadcrumb\":{\"@id\":\"https:\\\/\\\/beebipood.ee\\\/ru\\\/produkt\\\/maxi-cosi-pebble-slide-pro-turvahall-sapphire-sand\\\/#breadcrumb\"},\"inLanguage\":\"ru-RU\",\"potentialAction\":[{\"@type\":\"ReadAction\",\"target\":[\"https:\\\/\\\/beebipood.ee\\\/ru\\\/produkt\\\/maxi-cosi-pebble-slide-pro-turvahall-sapphire-sand\\\/\"]}]},{\"@type\":\"ImageObject\",\"inLanguage\":\"ru-RU\",\"@id\":\"https:\\\/\\\/beebipood.ee\\\/ru\\\/produkt\\\/maxi-cosi-pebble-slide-pro-turvahall-sapphire-sand\\\/#primaryimage\",\"url\":\"https:\\\/\\\/beebipood.ee\\\/wp-content\\\/uploads\\\/2026\\\/04\\\/maxi-cosi-pebble-slide-pro-turvahall-sand.jpg\",\"contentUrl\":\"https:\\\/\\\/beebipood.ee\\\/wp-content\\\/uploads\\\/2026\\\/04\\\/maxi-cosi-pebble-slide-pro-turvahall-sand.jpg\",\"width\":1200,\"height\":1200},{\"@type\":\"BreadcrumbList\",\"@id\":\"https:\\\/\\\/beebipood.ee\\\/ru\\\/produkt\\\/maxi-cosi-pebble-slide-pro-turvahall-sapphire-sand\\\/#breadcrumb\",\"itemListElement\":[{\"@type\":\"ListItem\",\"position\":1,\"name\":\"Home\",\"item\":\"https:\\\/\\\/beebipood.ee\\\/ru\\\/\"},{\"@type\":\"ListItem\",\"position\":2,\"name\":\"\u041a\u0430\u0442\u0430\u043b\u043e\u0433 \u0442\u043e\u0432\u0430\u0440\u043e\u0432\",\"item\":\"https:\\\/\\\/beebipood.ee\\\/tooted\\\/\"},{\"@type\":\"ListItem\",\"position\":3,\"name\":\"Maxi-Cosi Pebble Slide Pro turvah\u00e4ll, Sapphire Sand\"}]},{\"@type\":\"WebSite\",\"@id\":\"https:\\\/\\\/beebipood.ee\\\/ru\\\/#website\",\"url\":\"https:\\\/\\\/beebipood.ee\\\/ru\\\/\",\"name\":\"Beebipood\",\"description\":\"Lastekaubad, beebikaubad, m\u00e4nguasjad\",\"publisher\":{\"@id\":\"https:\\\/\\\/beebipood.ee\\\/ru\\\/#organization\"},\"potentialAction\":[{\"@type\":\"SearchAction\",\"target\":{\"@type\":\"EntryPoint\",\"urlTemplate\":\"https:\\\/\\\/beebipood.ee\\\/ru\\\/?s={search_term_string}\"},\"query-input\":{\"@type\":\"PropertyValueSpecification\",\"valueRequired\":true,\"valueName\":\"search_term_string\"}}],\"inLanguage\":\"ru-RU\"},{\"@type\":\"Organization\",\"@id\":\"https:\\\/\\\/beebipood.ee\\\/ru\\\/#organization\",\"name\":\"Beebipood\",\"url\":\"https:\\\/\\\/beebipood.ee\\\/ru\\\/\",\"logo\":{\"@type\":\"ImageObject\",\"inLanguage\":\"ru-RU\",\"@id\":\"https:\\\/\\\/beebipood.ee\\\/ru\\\/#\\\/schema\\\/logo\\\/image\\\/\",\"url\":\"https:\\\/\\\/beebipood.ee\\\/wp-content\\\/uploads\\\/2025\\\/03\\\/beebipood.ee-logo-1.svg\",\"contentUrl\":\"https:\\\/\\\/beebipood.ee\\\/wp-content\\\/uploads\\\/2025\\\/03\\\/beebipood.ee-logo-1.svg\",\"caption\":\"Beebipood\"},\"image\":{\"@id\":\"https:\\\/\\\/beebipood.ee\\\/ru\\\/#\\\/schema\\\/logo\\\/image\\\/\"}}]}<\/script>\n<!-- \/ Yoast SEO plugin. -->","yoast_head_json":{"title":"Maxi-Cosi Coral 360 turvah\u00e4ll, Essential Grey, \u0421\u041a\u0418\u0414\u041a\u0418, \u0410\u0432\u0442\u043e\u043a\u0440\u0435\u0441\u043b\u0430, \u043b\u044e\u043b\u044c\u043a\u0438, \u0410\u0432\u0442\u043e\u043b\u044e\u043b\u044c\u043a\u0430, \u0421\u043d\u0430\u0440\u044f\u0436\u0435\u043d\u0438\u044f \u0431\u0435\u0437\u043e\u043f\u0430\u0441\u043d\u043e\u0441\u0442\u0438, Beebipood","description":"Maxi-Cosi Coral 360 turvah\u00e4ll, Essential Grey, Maxi-Cosi modulaarne turvah\u00e4ll, mida on n\u00fc\u00fcd v\u00f5imalik ka mugavalt p\u00f6\u00f6rata. &lt;b","robots":{"index":"index","follow":"follow","max-snippet":"max-snippet:-1","max-image-preview":"max-image-preview:large","max-video-preview":"max-video-preview:-1"},"canonical":"https:\/\/beebipood.ee\/ru\/produkt\/maxi-cosi-pebble-slide-pro-turvahall-sapphire-sand\/","og_locale":"ru_RU","og_type":"article","og_title":"Maxi-Cosi Coral 360 turvah\u00e4ll, Essential Grey, \u0421\u041a\u0418\u0414\u041a\u0418, \u0410\u0432\u0442\u043e\u043a\u0440\u0435\u0441\u043b\u0430, \u043b\u044e\u043b\u044c\u043a\u0438, \u0410\u0432\u0442\u043e\u043b\u044e\u043b\u044c\u043a\u0430, \u0421\u043d\u0430\u0440\u044f\u0436\u0435\u043d\u0438\u044f \u0431\u0435\u0437\u043e\u043f\u0430\u0441\u043d\u043e\u0441\u0442\u0438, Beebipood","og_description":"Maxi-Cosi Coral 360 turvah\u00e4ll, Essential Grey, Maxi-Cosi modulaarne turvah\u00e4ll, mida on n\u00fc\u00fcd v\u00f5imalik ka mugavalt p\u00f6\u00f6rata. &lt;b","og_url":"https:\/\/beebipood.ee\/ru\/produkt\/maxi-cosi-pebble-slide-pro-turvahall-sapphire-sand\/","og_site_name":"Beebipood","article_modified_time":"2026-04-14T11:27:23+00:00","og_image":[{"width":1200,"height":1200,"url":"https:\/\/beebipood.ee\/wp-content\/uploads\/2026\/04\/maxi-cosi-pebble-slide-pro-turvahall-sand.jpg","type":"image\/jpeg"}],"twitter_card":"summary_large_image","twitter_misc":{"\u041f\u0440\u0438\u043c\u0435\u0440\u043d\u043e\u0435 \u0432\u0440\u0435\u043c\u044f \u0434\u043b\u044f \u0447\u0442\u0435\u043d\u0438\u044f":"2 \u043c\u0438\u043d\u0443\u0442\u044b"},"schema":{"@context":"https:\/\/schema.org","@graph":[{"@type":"WebPage","@id":"https:\/\/beebipood.ee\/ru\/produkt\/maxi-cosi-pebble-slide-pro-turvahall-sapphire-sand\/","url":"https:\/\/beebipood.ee\/ru\/produkt\/maxi-cosi-pebble-slide-pro-turvahall-sapphire-sand\/","name":"Maxi-Cosi Coral 360 turvah\u00e4ll, Essential Grey, \u0421\u041a\u0418\u0414\u041a\u0418, \u0410\u0432\u0442\u043e\u043a\u0440\u0435\u0441\u043b\u0430, \u043b\u044e\u043b\u044c\u043a\u0438, \u0410\u0432\u0442\u043e\u043b\u044e\u043b\u044c\u043a\u0430, \u0421\u043d\u0430\u0440\u044f\u0436\u0435\u043d\u0438\u044f \u0431\u0435\u0437\u043e\u043f\u0430\u0441\u043d\u043e\u0441\u0442\u0438, Beebipood","isPartOf":{"@id":"https:\/\/beebipood.ee\/ru\/#website"},"primaryImageOfPage":{"@id":"https:\/\/beebipood.ee\/ru\/produkt\/maxi-cosi-pebble-slide-pro-turvahall-sapphire-sand\/#primaryimage"},"image":{"@id":"https:\/\/beebipood.ee\/ru\/produkt\/maxi-cosi-pebble-slide-pro-turvahall-sapphire-sand\/#primaryimage"},"thumbnailUrl":"https:\/\/beebipood.ee\/wp-content\/uploads\/2026\/04\/maxi-cosi-pebble-slide-pro-turvahall-sand.jpg","datePublished":"2026-04-14T11:20:05+00:00","dateModified":"2026-04-14T11:27:23+00:00","description":"Maxi-Cosi Coral 360 turvah\u00e4ll, Essential Grey, Maxi-Cosi modulaarne turvah\u00e4ll, mida on n\u00fc\u00fcd v\u00f5imalik ka mugavalt p\u00f6\u00f6rata. &lt;b","breadcrumb":{"@id":"https:\/\/beebipood.ee\/ru\/produkt\/maxi-cosi-pebble-slide-pro-turvahall-sapphire-sand\/#breadcrumb"},"inLanguage":"ru-RU","potentialAction":[{"@type":"ReadAction","target":["https:\/\/beebipood.ee\/ru\/produkt\/maxi-cosi-pebble-slide-pro-turvahall-sapphire-sand\/"]}]},{"@type":"ImageObject","inLanguage":"ru-RU","@id":"https:\/\/beebipood.ee\/ru\/produkt\/maxi-cosi-pebble-slide-pro-turvahall-sapphire-sand\/#primaryimage","url":"https:\/\/beebipood.ee\/wp-content\/uploads\/2026\/04\/maxi-cosi-pebble-slide-pro-turvahall-sand.jpg","contentUrl":"https:\/\/beebipood.ee\/wp-content\/uploads\/2026\/04\/maxi-cosi-pebble-slide-pro-turvahall-sand.jpg","width":1200,"height":1200},{"@type":"BreadcrumbList","@id":"https:\/\/beebipood.ee\/ru\/produkt\/maxi-cosi-pebble-slide-pro-turvahall-sapphire-sand\/#breadcrumb","itemListElement":[{"@type":"ListItem","position":1,"name":"Home","item":"https:\/\/beebipood.ee\/ru\/"},{"@type":"ListItem","position":2,"name":"\u041a\u0430\u0442\u0430\u043b\u043e\u0433 \u0442\u043e\u0432\u0430\u0440\u043e\u0432","item":"https:\/\/beebipood.ee\/tooted\/"},{"@type":"ListItem","position":3,"name":"Maxi-Cosi Pebble Slide Pro turvah\u00e4ll, Sapphire Sand"}]},{"@type":"WebSite","@id":"https:\/\/beebipood.ee\/ru\/#website","url":"https:\/\/beebipood.ee\/ru\/","name":"Beebipood","description":"Lastekaubad, beebikaubad, m\u00e4nguasjad","publisher":{"@id":"https:\/\/beebipood.ee\/ru\/#organization"},"potentialAction":[{"@type":"SearchAction","target":{"@type":"EntryPoint","urlTemplate":"https:\/\/beebipood.ee\/ru\/?s={search_term_string}"},"query-input":{"@type":"PropertyValueSpecification","valueRequired":true,"valueName":"search_term_string"}}],"inLanguage":"ru-RU"},{"@type":"Organization","@id":"https:\/\/beebipood.ee\/ru\/#organization","name":"Beebipood","url":"https:\/\/beebipood.ee\/ru\/","logo":{"@type":"ImageObject","inLanguage":"ru-RU","@id":"https:\/\/beebipood.ee\/ru\/#\/schema\/logo\/image\/","url":"https:\/\/beebipood.ee\/wp-content\/uploads\/2025\/03\/beebipood.ee-logo-1.svg","contentUrl":"https:\/\/beebipood.ee\/wp-content\/uploads\/2025\/03\/beebipood.ee-logo-1.svg","caption":"Beebipood"},"image":{"@id":"https:\/\/beebipood.ee\/ru\/#\/schema\/logo\/image\/"}}]}},"brands":[{"id":11961,"name":"Maxi-Cosi","slug":"maxi-cosi-ru"}],"_links":{"self":[{"href":"https:\/\/beebipood.ee\/ru\/wp-json\/wp\/v2\/product\/513409","targetHints":{"allow":["GET"]}}],"collection":[{"href":"https:\/\/beebipood.ee\/ru\/wp-json\/wp\/v2\/product"}],"about":[{"href":"https:\/\/beebipood.ee\/ru\/wp-json\/wp\/v2\/types\/product"}],"wp:featuredmedia":[{"embeddable":true,"href":"https:\/\/beebipood.ee\/ru\/wp-json\/wp\/v2\/media\/513411"}],"wp:attachment":[{"href":"https:\/\/beebipood.ee\/ru\/wp-json\/wp\/v2\/media?parent=513409"}],"wp:term":[{"taxonomy":"pwb-brand","embeddable":true,"href":"https:\/\/beebipood.ee\/ru\/wp-json\/wp\/v2\/pwb-brand?post=513409"},{"taxonomy":"product_brand","embeddable":true,"href":"https:\/\/beebipood.ee\/ru\/wp-json\/wp\/v2\/product_brand?post=513409"},{"taxonomy":"product_cat","embeddable":true,"href":"https:\/\/beebipood.ee\/ru\/wp-json\/wp\/v2\/product_cat?post=513409"},{"taxonomy":"product_tag","embeddable":true,"href":"https:\/\/beebipood.ee\/ru\/wp-json\/wp\/v2\/product_tag?post=513409"}],"curies":[{"name":"wp","href":"https:\/\/api.w.org\/{rel}","templated":true}]}}