{"id":513549,"date":"2026-04-21T13:15:30","date_gmt":"2026-04-21T10:15:30","guid":{"rendered":"https:\/\/beebipood.ee\/?post_type=product&#038;p=513549"},"modified":"2026-04-21T13:18:24","modified_gmt":"2026-04-21T10:18:24","slug":"maxi-cosi-pebble-slide-pro-familyfix-slide-pro-isofix-alus-moon-graphite","status":"publish","type":"product","link":"https:\/\/beebipood.ee\/ru\/produkt\/maxi-cosi-pebble-slide-pro-familyfix-slide-pro-isofix-alus-moon-graphite\/","title":{"rendered":"Maxi-Cosi Pebble Slide Pro + FamilyFix Slide Pro ISOFIX alus, Moon Graphite"},"content":{"rendered":"<h2 data-section-id=\"1e9ibek\" data-start=\"75\" data-end=\"140\">Maxi-Cosi Pebble Slide Pro + FamilyFix Slide Pro ISOFIX alus<\/h2>\n<p data-start=\"141\" data-end=\"194\"><strong data-start=\"141\" data-end=\"194\">Maksimaalne mugavus ja turvalisus igal autos\u00f5idul<\/strong><\/p>\n<p data-start=\"196\" data-end=\"475\">See nutikas turvah\u00e4lli komplekt on loodud selleks, et muuta igap\u00e4evane liikumine lapsega <strong data-start=\"285\" data-end=\"328\">lihtsamaks, mugavamaks ja turvalisemaks<\/strong>. Maxi-Cosi Pebble Slide Pro koos FamilyFix Slide Pro alusega pakub uuenduslikke lahendusi, mis toetavad nii lapse heaolu kui ka lapsevanema selga.<\/p>\n<hr data-start=\"477\" data-end=\"480\" \/>\n<h3 data-section-id=\"18rfuvf\" data-start=\"482\" data-end=\"522\">\ud83d\udc76 Mugav ja turvaline alates s\u00fcnnist<\/h3>\n<p data-start=\"523\" data-end=\"716\">Turvah\u00e4ll sobib kasutamiseks alates esimestest elup\u00e4evadest (40 cm) kuni umbes 2. eluaastani. Pehme vasts\u00fcndinu sisu ja reguleeritav peatugi tagavad lapsele \u00f5ige ja toetatud asendi igal s\u00f5idul.<\/p>\n<hr data-start=\"718\" data-end=\"721\" \/>\n<h3 data-section-id=\"27bet7\" data-start=\"723\" data-end=\"766\">\ud83d\udd04 Lihtsam igap\u00e4evaelu SlideTech\u00ae2 abil<\/h3>\n<p data-start=\"767\" data-end=\"891\">Uuenduslik <strong data-start=\"778\" data-end=\"801\">SlideTech\u00ae2 s\u00fcsteem<\/strong> v\u00f5imaldab turvah\u00e4lli libistada kuni <strong data-start=\"838\" data-end=\"862\">27 cm ulatuses v\u00e4lja<\/strong>, tuues lapse sulle l\u00e4hemale:<\/p>\n<ul data-start=\"892\" data-end=\"977\">\n<li data-section-id=\"1xm6h4h\" data-start=\"892\" data-end=\"914\">v\u00e4hem kummardamist<\/li>\n<li data-section-id=\"r5hz2c\" data-start=\"915\" data-end=\"949\">mugavam lapse autosse t\u00f5stmine<\/li>\n<li data-section-id=\"jmmr8p\" data-start=\"950\" data-end=\"977\">v\u00e4iksem koormus seljale<\/li>\n<\/ul>\n<hr data-start=\"979\" data-end=\"982\" \/>\n<h3 data-section-id=\"b3hbq8\" data-start=\"984\" data-end=\"1016\">\ud83d\ude34 Mugav s\u00f5it igas olukorras<\/h3>\n<p data-start=\"1017\" data-end=\"1142\">Kolm erinevat lamamisasendit aitavad leida lapsele parima asendi nii magamiseks kui \u00e4rkvel olemiseks \u2013 ka pikematel s\u00f5itudel.<\/p>\n<hr data-start=\"1144\" data-end=\"1147\" \/>\n<h3 data-section-id=\"11ivm2s\" data-start=\"1149\" data-end=\"1184\">\ud83d\udd12 Kiire ja turvaline paigaldus<\/h3>\n<p data-start=\"1185\" data-end=\"1244\">Komplekti kuuluv <strong data-start=\"1202\" data-end=\"1237\">FamilyFix Slide Pro ISOFIX alus<\/strong> tagab:<\/p>\n<ul data-start=\"1245\" data-end=\"1378\">\n<li data-section-id=\"5nguj0\" data-start=\"1245\" data-end=\"1282\">kiire ja kindla kinnituse autosse<\/li>\n<li data-section-id=\"127k5nr\" data-start=\"1283\" data-end=\"1337\">visuaalsed indikaatorid korrektseks paigaldamiseks<\/li>\n<li data-section-id=\"15ubmcc\" data-start=\"1338\" data-end=\"1378\">stabiilse ja turvalise s\u00f5idukogemuse<\/li>\n<\/ul>\n<p data-start=\"1380\" data-end=\"1505\">Turvah\u00e4lli saab alusel p\u00f6\u00f6rata, et lapse sisse- ja v\u00e4ljat\u00f5stmine oleks veelgi mugavam (kasutamine alati seljaga s\u00f5idusuunas).<\/p>\n<hr data-start=\"1507\" data-end=\"1510\" \/>\n<h2 data-section-id=\"1wktzpa\" data-start=\"1512\" data-end=\"1550\">Miks see komplekt peredele meeldib?<\/h2>\n<ul data-start=\"1551\" data-end=\"1788\">\n<li data-section-id=\"bcz672\" data-start=\"1551\" data-end=\"1598\">\u2714\ufe0f Komplektis nii turvah\u00e4ll kui ISOFIX alus<\/li>\n<li data-section-id=\"hymebv\" data-start=\"1599\" data-end=\"1646\">\u2714\ufe0f SlideTech\u00ae2 \u2013 lihtsam igap\u00e4evane kasutus<\/li>\n<li data-section-id=\"jxxwx0\" data-start=\"1647\" data-end=\"1693\">\u2714\ufe0f Sobib <strong data-start=\"1658\" data-end=\"1691\">alates s\u00fcnnist kuni ~24 kuuni<\/strong><\/li>\n<li data-section-id=\"1ej4907\" data-start=\"1694\" data-end=\"1742\">\u2714\ufe0f 3 lamamisasendit maksimaalseks mugavuseks<\/li>\n<li data-section-id=\"18qokgt\" data-start=\"1743\" data-end=\"1788\">\u2714\ufe0f Vastab i-Size R129\/04 turvastandardile<\/li>\n<\/ul>\n<hr data-start=\"1790\" data-end=\"1793\" \/>\n<h2 data-section-id=\"1tgfd0b\" data-start=\"1795\" data-end=\"1831\">L\u00e4bim\u00f5eldud mugavus igas detailis<\/h2>\n<ul data-start=\"1832\" data-end=\"2034\">\n<li data-section-id=\"6p1ard\" data-start=\"1832\" data-end=\"1853\">3-punkti turvav\u00f6\u00f6<\/li>\n<li data-section-id=\"1pthafl\" data-start=\"1854\" data-end=\"1902\">Suur kaarvari kaitseks p\u00e4ikese ja tuule eest<\/li>\n<li data-section-id=\"p4kf0t\" data-start=\"1903\" data-end=\"1930\">Ergonoomiline kandesang<\/li>\n<li data-section-id=\"1dgx043\" data-start=\"1931\" data-end=\"1976\">Piiramatu k\u00f5rguse reguleerimisega peatugi<\/li>\n<li data-section-id=\"1jt6ne1\" data-start=\"1977\" data-end=\"2034\">V\u00f5imalus kasutada sama alust ka j\u00e4rgmise turvatooliga<\/li>\n<\/ul>\n<hr data-start=\"2036\" data-end=\"2039\" \/>\n<h2 data-section-id=\"1e8gqrv\" data-start=\"2041\" data-end=\"2061\">Tehnilised andmed<\/h2>\n<ul data-start=\"2062\" data-end=\"2333\">\n<li data-section-id=\"amndtv\" data-start=\"2062\" data-end=\"2083\">Sobivus: 40\u201387 cm<\/li>\n<li data-section-id=\"zpie3r\" data-start=\"2084\" data-end=\"2104\">Vanus: 0\u201324 kuud<\/li>\n<li data-section-id=\"obgl91\" data-start=\"2105\" data-end=\"2137\">Maksimaalne kaal: kuni 13 kg<\/li>\n<li data-section-id=\"1x00p5q\" data-start=\"2138\" data-end=\"2165\">Turvah\u00e4lli kaal: 3,9 kg<\/li>\n<li data-section-id=\"1o7iwte\" data-start=\"2166\" data-end=\"2188\">Lamamisasendeid: 3<\/li>\n<li data-section-id=\"1cv2ij0\" data-start=\"2189\" data-end=\"2250\">Lamamisnurk: kuni 168\u00b0 (vasts\u00fcndinu sisuga) \/ 142\u00b0 (ilma)<\/li>\n<li data-section-id=\"4irmr5\" data-start=\"2251\" data-end=\"2299\">Paigaldus: ISOFIX alus (FamilyFix Slide Pro)<\/li>\n<li data-section-id=\"1ojnytr\" data-start=\"2300\" data-end=\"2333\">Turvastandard: i-Size R129\/04<\/li>\n<\/ul>\n<hr data-start=\"2335\" data-end=\"2338\" \/>\n<h2 data-section-id=\"1fsugi8\" data-start=\"2340\" data-end=\"2353\">Komplektis<\/h2>\n<ul data-start=\"2354\" data-end=\"2430\">\n<li data-section-id=\"w5aicg\" data-start=\"2354\" data-end=\"2394\">Maxi-Cosi Pebble Slide Pro turvah\u00e4ll<\/li>\n<li data-section-id=\"1bwmda2\" data-start=\"2395\" data-end=\"2430\">FamilyFix Slide Pro ISOFIX alus<\/li>\n<\/ul>\n<hr data-start=\"2432\" data-end=\"2435\" \/>\n<p data-start=\"2437\" data-end=\"2629\" data-is-last-node=\"\" data-is-only-node=\"\"><strong data-start=\"2437\" data-end=\"2629\" data-is-last-node=\"\">See Maxi-Cosi komplekt on ideaalne valik perele, kes soovib \u00fchendada tipptasemel turvalisuse, nutika tehnoloogia ja igap\u00e4evase kasutusmugavuse \u2013 et iga autos\u00f5it oleks rahulik ja turvaline.<\/strong><\/p>\n","protected":false},"excerpt":{"rendered":"<p>Maxi-Cosi Pebble Slide Pro + FamilyFix Slide Pro ISOFIX alus Maksimaalne mugavus ja turvalisus igal autos\u00f5idul See nutikas turvah\u00e4lli komplekt on loodud selleks, et muuta igap\u00e4evane liikumine lapsega lihtsamaks, mugavamaks ja turvalisemaks. Maxi-Cosi Pebble Slide Pro koos FamilyFix Slide Pro alusega pakub uuenduslikke lahendusi, mis toetavad nii lapse heaolu kui ka lapsevanema selga. \ud83d\udc76 Mugav [&hellip;]<\/p>\n","protected":false},"featured_media":513551,"template":"","meta":{"_acf_changed":false},"pwb-brand":[11961],"product_brand":[],"product_cat":[11743,11575,11727,11791],"product_tag":[],"class_list":{"0":"post-513549","1":"product","2":"type-product","3":"status-publish","4":"has-post-thumbnail","6":"pwb-brand-maxi-cosi-ru","7":"product_cat-turvahallid-ru","8":"product_cat-uued-tooted-ru","9":"product_cat-turvatoolid-hallid-ru","10":"product_cat-turvavarustus-ru","11":"pa_manufacturer-maxi_cosi-ru","13":"first","14":"outofstock","15":"taxable","16":"shipping-taxable","17":"purchasable","18":"product-type-simple"},"exclude_global_add_ons":[],"addons":[],"acf":[],"yoast_head":"<!-- This site is optimized with the Yoast SEO plugin v27.3 - https:\/\/yoast.com\/product\/yoast-seo-wordpress\/ -->\n<title>Maxi-Cosi Coral 360 turvah\u00e4ll, Essential Grey, \u0421\u041a\u0418\u0414\u041a\u0418, \u0410\u0432\u0442\u043e\u043a\u0440\u0435\u0441\u043b\u0430, \u043b\u044e\u043b\u044c\u043a\u0438, \u0410\u0432\u0442\u043e\u043b\u044e\u043b\u044c\u043a\u0430, \u0421\u043d\u0430\u0440\u044f\u0436\u0435\u043d\u0438\u044f \u0431\u0435\u0437\u043e\u043f\u0430\u0441\u043d\u043e\u0441\u0442\u0438, Beebipood<\/title>\n<meta name=\"description\" content=\"Maxi-Cosi Coral 360 turvah\u00e4ll, Essential Grey, Maxi-Cosi modulaarne turvah\u00e4ll, mida on n\u00fc\u00fcd v\u00f5imalik ka mugavalt p\u00f6\u00f6rata. &lt;b\" \/>\n<meta name=\"robots\" content=\"index, follow, max-snippet:-1, max-image-preview:large, max-video-preview:-1\" \/>\n<link rel=\"canonical\" href=\"https:\/\/beebipood.ee\/ru\/produkt\/maxi-cosi-pebble-slide-pro-familyfix-slide-pro-isofix-alus-moon-graphite\/\" \/>\n<meta property=\"og:locale\" content=\"ru_RU\" \/>\n<meta property=\"og:type\" content=\"article\" \/>\n<meta property=\"og:title\" content=\"Maxi-Cosi Coral 360 turvah\u00e4ll, Essential Grey, \u0421\u041a\u0418\u0414\u041a\u0418, \u0410\u0432\u0442\u043e\u043a\u0440\u0435\u0441\u043b\u0430, \u043b\u044e\u043b\u044c\u043a\u0438, \u0410\u0432\u0442\u043e\u043b\u044e\u043b\u044c\u043a\u0430, \u0421\u043d\u0430\u0440\u044f\u0436\u0435\u043d\u0438\u044f \u0431\u0435\u0437\u043e\u043f\u0430\u0441\u043d\u043e\u0441\u0442\u0438, Beebipood\" \/>\n<meta property=\"og:description\" content=\"Maxi-Cosi Coral 360 turvah\u00e4ll, Essential Grey, Maxi-Cosi modulaarne turvah\u00e4ll, mida on n\u00fc\u00fcd v\u00f5imalik ka mugavalt p\u00f6\u00f6rata. &lt;b\" \/>\n<meta property=\"og:url\" content=\"https:\/\/beebipood.ee\/ru\/produkt\/maxi-cosi-pebble-slide-pro-familyfix-slide-pro-isofix-alus-moon-graphite\/\" \/>\n<meta property=\"og:site_name\" content=\"Beebipood\" \/>\n<meta property=\"article:modified_time\" content=\"2026-04-21T10:18:24+00:00\" \/>\n<meta property=\"og:image\" content=\"https:\/\/beebipood.ee\/wp-content\/uploads\/2026\/04\/maxi-cosi-pebble-slide-pro-familyfix-slide-pro-isofix-alus-graphite.jpg\" \/>\n\t<meta property=\"og:image:width\" content=\"1500\" \/>\n\t<meta property=\"og:image:height\" content=\"1500\" \/>\n\t<meta property=\"og:image:type\" content=\"image\/jpeg\" \/>\n<meta name=\"twitter:card\" content=\"summary_large_image\" \/>\n<meta name=\"twitter:label1\" content=\"\u041f\u0440\u0438\u043c\u0435\u0440\u043d\u043e\u0435 \u0432\u0440\u0435\u043c\u044f \u0434\u043b\u044f \u0447\u0442\u0435\u043d\u0438\u044f\" \/>\n\t<meta name=\"twitter:data1\" content=\"2 \u043c\u0438\u043d\u0443\u0442\u044b\" \/>\n<script type=\"application\/ld+json\" class=\"yoast-schema-graph\">{\"@context\":\"https:\\\/\\\/schema.org\",\"@graph\":[{\"@type\":\"WebPage\",\"@id\":\"https:\\\/\\\/beebipood.ee\\\/ru\\\/produkt\\\/maxi-cosi-pebble-slide-pro-familyfix-slide-pro-isofix-alus-moon-graphite\\\/\",\"url\":\"https:\\\/\\\/beebipood.ee\\\/ru\\\/produkt\\\/maxi-cosi-pebble-slide-pro-familyfix-slide-pro-isofix-alus-moon-graphite\\\/\",\"name\":\"Maxi-Cosi Coral 360 turvah\u00e4ll, Essential Grey, \u0421\u041a\u0418\u0414\u041a\u0418, \u0410\u0432\u0442\u043e\u043a\u0440\u0435\u0441\u043b\u0430, \u043b\u044e\u043b\u044c\u043a\u0438, \u0410\u0432\u0442\u043e\u043b\u044e\u043b\u044c\u043a\u0430, \u0421\u043d\u0430\u0440\u044f\u0436\u0435\u043d\u0438\u044f \u0431\u0435\u0437\u043e\u043f\u0430\u0441\u043d\u043e\u0441\u0442\u0438, Beebipood\",\"isPartOf\":{\"@id\":\"https:\\\/\\\/beebipood.ee\\\/ru\\\/#website\"},\"primaryImageOfPage\":{\"@id\":\"https:\\\/\\\/beebipood.ee\\\/ru\\\/produkt\\\/maxi-cosi-pebble-slide-pro-familyfix-slide-pro-isofix-alus-moon-graphite\\\/#primaryimage\"},\"image\":{\"@id\":\"https:\\\/\\\/beebipood.ee\\\/ru\\\/produkt\\\/maxi-cosi-pebble-slide-pro-familyfix-slide-pro-isofix-alus-moon-graphite\\\/#primaryimage\"},\"thumbnailUrl\":\"https:\\\/\\\/beebipood.ee\\\/wp-content\\\/uploads\\\/2026\\\/04\\\/maxi-cosi-pebble-slide-pro-familyfix-slide-pro-isofix-alus-graphite.jpg\",\"datePublished\":\"2026-04-21T10:15:30+00:00\",\"dateModified\":\"2026-04-21T10:18:24+00:00\",\"description\":\"Maxi-Cosi Coral 360 turvah\u00e4ll, Essential Grey, Maxi-Cosi modulaarne turvah\u00e4ll, mida on n\u00fc\u00fcd v\u00f5imalik ka mugavalt p\u00f6\u00f6rata. &lt;b\",\"breadcrumb\":{\"@id\":\"https:\\\/\\\/beebipood.ee\\\/ru\\\/produkt\\\/maxi-cosi-pebble-slide-pro-familyfix-slide-pro-isofix-alus-moon-graphite\\\/#breadcrumb\"},\"inLanguage\":\"ru-RU\",\"potentialAction\":[{\"@type\":\"ReadAction\",\"target\":[\"https:\\\/\\\/beebipood.ee\\\/ru\\\/produkt\\\/maxi-cosi-pebble-slide-pro-familyfix-slide-pro-isofix-alus-moon-graphite\\\/\"]}]},{\"@type\":\"ImageObject\",\"inLanguage\":\"ru-RU\",\"@id\":\"https:\\\/\\\/beebipood.ee\\\/ru\\\/produkt\\\/maxi-cosi-pebble-slide-pro-familyfix-slide-pro-isofix-alus-moon-graphite\\\/#primaryimage\",\"url\":\"https:\\\/\\\/beebipood.ee\\\/wp-content\\\/uploads\\\/2026\\\/04\\\/maxi-cosi-pebble-slide-pro-familyfix-slide-pro-isofix-alus-graphite.jpg\",\"contentUrl\":\"https:\\\/\\\/beebipood.ee\\\/wp-content\\\/uploads\\\/2026\\\/04\\\/maxi-cosi-pebble-slide-pro-familyfix-slide-pro-isofix-alus-graphite.jpg\",\"width\":1500,\"height\":1500},{\"@type\":\"BreadcrumbList\",\"@id\":\"https:\\\/\\\/beebipood.ee\\\/ru\\\/produkt\\\/maxi-cosi-pebble-slide-pro-familyfix-slide-pro-isofix-alus-moon-graphite\\\/#breadcrumb\",\"itemListElement\":[{\"@type\":\"ListItem\",\"position\":1,\"name\":\"Home\",\"item\":\"https:\\\/\\\/beebipood.ee\\\/ru\\\/\"},{\"@type\":\"ListItem\",\"position\":2,\"name\":\"\u041a\u0430\u0442\u0430\u043b\u043e\u0433 \u0442\u043e\u0432\u0430\u0440\u043e\u0432\",\"item\":\"https:\\\/\\\/beebipood.ee\\\/tooted\\\/\"},{\"@type\":\"ListItem\",\"position\":3,\"name\":\"Maxi-Cosi Pebble Slide Pro + FamilyFix Slide Pro ISOFIX alus, Moon Graphite\"}]},{\"@type\":\"WebSite\",\"@id\":\"https:\\\/\\\/beebipood.ee\\\/ru\\\/#website\",\"url\":\"https:\\\/\\\/beebipood.ee\\\/ru\\\/\",\"name\":\"Beebipood\",\"description\":\"Lastekaubad, beebikaubad, m\u00e4nguasjad\",\"publisher\":{\"@id\":\"https:\\\/\\\/beebipood.ee\\\/ru\\\/#organization\"},\"potentialAction\":[{\"@type\":\"SearchAction\",\"target\":{\"@type\":\"EntryPoint\",\"urlTemplate\":\"https:\\\/\\\/beebipood.ee\\\/ru\\\/?s={search_term_string}\"},\"query-input\":{\"@type\":\"PropertyValueSpecification\",\"valueRequired\":true,\"valueName\":\"search_term_string\"}}],\"inLanguage\":\"ru-RU\"},{\"@type\":\"Organization\",\"@id\":\"https:\\\/\\\/beebipood.ee\\\/ru\\\/#organization\",\"name\":\"Beebipood\",\"url\":\"https:\\\/\\\/beebipood.ee\\\/ru\\\/\",\"logo\":{\"@type\":\"ImageObject\",\"inLanguage\":\"ru-RU\",\"@id\":\"https:\\\/\\\/beebipood.ee\\\/ru\\\/#\\\/schema\\\/logo\\\/image\\\/\",\"url\":\"https:\\\/\\\/beebipood.ee\\\/wp-content\\\/uploads\\\/2025\\\/03\\\/beebipood.ee-logo-1.svg\",\"contentUrl\":\"https:\\\/\\\/beebipood.ee\\\/wp-content\\\/uploads\\\/2025\\\/03\\\/beebipood.ee-logo-1.svg\",\"caption\":\"Beebipood\"},\"image\":{\"@id\":\"https:\\\/\\\/beebipood.ee\\\/ru\\\/#\\\/schema\\\/logo\\\/image\\\/\"}}]}<\/script>\n<!-- \/ Yoast SEO plugin. -->","yoast_head_json":{"title":"Maxi-Cosi Coral 360 turvah\u00e4ll, Essential Grey, \u0421\u041a\u0418\u0414\u041a\u0418, \u0410\u0432\u0442\u043e\u043a\u0440\u0435\u0441\u043b\u0430, \u043b\u044e\u043b\u044c\u043a\u0438, \u0410\u0432\u0442\u043e\u043b\u044e\u043b\u044c\u043a\u0430, \u0421\u043d\u0430\u0440\u044f\u0436\u0435\u043d\u0438\u044f \u0431\u0435\u0437\u043e\u043f\u0430\u0441\u043d\u043e\u0441\u0442\u0438, Beebipood","description":"Maxi-Cosi Coral 360 turvah\u00e4ll, Essential Grey, Maxi-Cosi modulaarne turvah\u00e4ll, mida on n\u00fc\u00fcd v\u00f5imalik ka mugavalt p\u00f6\u00f6rata. &lt;b","robots":{"index":"index","follow":"follow","max-snippet":"max-snippet:-1","max-image-preview":"max-image-preview:large","max-video-preview":"max-video-preview:-1"},"canonical":"https:\/\/beebipood.ee\/ru\/produkt\/maxi-cosi-pebble-slide-pro-familyfix-slide-pro-isofix-alus-moon-graphite\/","og_locale":"ru_RU","og_type":"article","og_title":"Maxi-Cosi Coral 360 turvah\u00e4ll, Essential Grey, \u0421\u041a\u0418\u0414\u041a\u0418, \u0410\u0432\u0442\u043e\u043a\u0440\u0435\u0441\u043b\u0430, \u043b\u044e\u043b\u044c\u043a\u0438, \u0410\u0432\u0442\u043e\u043b\u044e\u043b\u044c\u043a\u0430, \u0421\u043d\u0430\u0440\u044f\u0436\u0435\u043d\u0438\u044f \u0431\u0435\u0437\u043e\u043f\u0430\u0441\u043d\u043e\u0441\u0442\u0438, Beebipood","og_description":"Maxi-Cosi Coral 360 turvah\u00e4ll, Essential Grey, Maxi-Cosi modulaarne turvah\u00e4ll, mida on n\u00fc\u00fcd v\u00f5imalik ka mugavalt p\u00f6\u00f6rata. &lt;b","og_url":"https:\/\/beebipood.ee\/ru\/produkt\/maxi-cosi-pebble-slide-pro-familyfix-slide-pro-isofix-alus-moon-graphite\/","og_site_name":"Beebipood","article_modified_time":"2026-04-21T10:18:24+00:00","og_image":[{"width":1500,"height":1500,"url":"https:\/\/beebipood.ee\/wp-content\/uploads\/2026\/04\/maxi-cosi-pebble-slide-pro-familyfix-slide-pro-isofix-alus-graphite.jpg","type":"image\/jpeg"}],"twitter_card":"summary_large_image","twitter_misc":{"\u041f\u0440\u0438\u043c\u0435\u0440\u043d\u043e\u0435 \u0432\u0440\u0435\u043c\u044f \u0434\u043b\u044f \u0447\u0442\u0435\u043d\u0438\u044f":"2 \u043c\u0438\u043d\u0443\u0442\u044b"},"schema":{"@context":"https:\/\/schema.org","@graph":[{"@type":"WebPage","@id":"https:\/\/beebipood.ee\/ru\/produkt\/maxi-cosi-pebble-slide-pro-familyfix-slide-pro-isofix-alus-moon-graphite\/","url":"https:\/\/beebipood.ee\/ru\/produkt\/maxi-cosi-pebble-slide-pro-familyfix-slide-pro-isofix-alus-moon-graphite\/","name":"Maxi-Cosi Coral 360 turvah\u00e4ll, Essential Grey, \u0421\u041a\u0418\u0414\u041a\u0418, \u0410\u0432\u0442\u043e\u043a\u0440\u0435\u0441\u043b\u0430, \u043b\u044e\u043b\u044c\u043a\u0438, \u0410\u0432\u0442\u043e\u043b\u044e\u043b\u044c\u043a\u0430, \u0421\u043d\u0430\u0440\u044f\u0436\u0435\u043d\u0438\u044f \u0431\u0435\u0437\u043e\u043f\u0430\u0441\u043d\u043e\u0441\u0442\u0438, Beebipood","isPartOf":{"@id":"https:\/\/beebipood.ee\/ru\/#website"},"primaryImageOfPage":{"@id":"https:\/\/beebipood.ee\/ru\/produkt\/maxi-cosi-pebble-slide-pro-familyfix-slide-pro-isofix-alus-moon-graphite\/#primaryimage"},"image":{"@id":"https:\/\/beebipood.ee\/ru\/produkt\/maxi-cosi-pebble-slide-pro-familyfix-slide-pro-isofix-alus-moon-graphite\/#primaryimage"},"thumbnailUrl":"https:\/\/beebipood.ee\/wp-content\/uploads\/2026\/04\/maxi-cosi-pebble-slide-pro-familyfix-slide-pro-isofix-alus-graphite.jpg","datePublished":"2026-04-21T10:15:30+00:00","dateModified":"2026-04-21T10:18:24+00:00","description":"Maxi-Cosi Coral 360 turvah\u00e4ll, Essential Grey, Maxi-Cosi modulaarne turvah\u00e4ll, mida on n\u00fc\u00fcd v\u00f5imalik ka mugavalt p\u00f6\u00f6rata. &lt;b","breadcrumb":{"@id":"https:\/\/beebipood.ee\/ru\/produkt\/maxi-cosi-pebble-slide-pro-familyfix-slide-pro-isofix-alus-moon-graphite\/#breadcrumb"},"inLanguage":"ru-RU","potentialAction":[{"@type":"ReadAction","target":["https:\/\/beebipood.ee\/ru\/produkt\/maxi-cosi-pebble-slide-pro-familyfix-slide-pro-isofix-alus-moon-graphite\/"]}]},{"@type":"ImageObject","inLanguage":"ru-RU","@id":"https:\/\/beebipood.ee\/ru\/produkt\/maxi-cosi-pebble-slide-pro-familyfix-slide-pro-isofix-alus-moon-graphite\/#primaryimage","url":"https:\/\/beebipood.ee\/wp-content\/uploads\/2026\/04\/maxi-cosi-pebble-slide-pro-familyfix-slide-pro-isofix-alus-graphite.jpg","contentUrl":"https:\/\/beebipood.ee\/wp-content\/uploads\/2026\/04\/maxi-cosi-pebble-slide-pro-familyfix-slide-pro-isofix-alus-graphite.jpg","width":1500,"height":1500},{"@type":"BreadcrumbList","@id":"https:\/\/beebipood.ee\/ru\/produkt\/maxi-cosi-pebble-slide-pro-familyfix-slide-pro-isofix-alus-moon-graphite\/#breadcrumb","itemListElement":[{"@type":"ListItem","position":1,"name":"Home","item":"https:\/\/beebipood.ee\/ru\/"},{"@type":"ListItem","position":2,"name":"\u041a\u0430\u0442\u0430\u043b\u043e\u0433 \u0442\u043e\u0432\u0430\u0440\u043e\u0432","item":"https:\/\/beebipood.ee\/tooted\/"},{"@type":"ListItem","position":3,"name":"Maxi-Cosi Pebble Slide Pro + FamilyFix Slide Pro ISOFIX alus, Moon Graphite"}]},{"@type":"WebSite","@id":"https:\/\/beebipood.ee\/ru\/#website","url":"https:\/\/beebipood.ee\/ru\/","name":"Beebipood","description":"Lastekaubad, beebikaubad, m\u00e4nguasjad","publisher":{"@id":"https:\/\/beebipood.ee\/ru\/#organization"},"potentialAction":[{"@type":"SearchAction","target":{"@type":"EntryPoint","urlTemplate":"https:\/\/beebipood.ee\/ru\/?s={search_term_string}"},"query-input":{"@type":"PropertyValueSpecification","valueRequired":true,"valueName":"search_term_string"}}],"inLanguage":"ru-RU"},{"@type":"Organization","@id":"https:\/\/beebipood.ee\/ru\/#organization","name":"Beebipood","url":"https:\/\/beebipood.ee\/ru\/","logo":{"@type":"ImageObject","inLanguage":"ru-RU","@id":"https:\/\/beebipood.ee\/ru\/#\/schema\/logo\/image\/","url":"https:\/\/beebipood.ee\/wp-content\/uploads\/2025\/03\/beebipood.ee-logo-1.svg","contentUrl":"https:\/\/beebipood.ee\/wp-content\/uploads\/2025\/03\/beebipood.ee-logo-1.svg","caption":"Beebipood"},"image":{"@id":"https:\/\/beebipood.ee\/ru\/#\/schema\/logo\/image\/"}}]}},"brands":[{"id":11961,"name":"Maxi-Cosi","slug":"maxi-cosi-ru"}],"_links":{"self":[{"href":"https:\/\/beebipood.ee\/ru\/wp-json\/wp\/v2\/product\/513549","targetHints":{"allow":["GET"]}}],"collection":[{"href":"https:\/\/beebipood.ee\/ru\/wp-json\/wp\/v2\/product"}],"about":[{"href":"https:\/\/beebipood.ee\/ru\/wp-json\/wp\/v2\/types\/product"}],"wp:featuredmedia":[{"embeddable":true,"href":"https:\/\/beebipood.ee\/ru\/wp-json\/wp\/v2\/media\/513551"}],"wp:attachment":[{"href":"https:\/\/beebipood.ee\/ru\/wp-json\/wp\/v2\/media?parent=513549"}],"wp:term":[{"taxonomy":"pwb-brand","embeddable":true,"href":"https:\/\/beebipood.ee\/ru\/wp-json\/wp\/v2\/pwb-brand?post=513549"},{"taxonomy":"product_brand","embeddable":true,"href":"https:\/\/beebipood.ee\/ru\/wp-json\/wp\/v2\/product_brand?post=513549"},{"taxonomy":"product_cat","embeddable":true,"href":"https:\/\/beebipood.ee\/ru\/wp-json\/wp\/v2\/product_cat?post=513549"},{"taxonomy":"product_tag","embeddable":true,"href":"https:\/\/beebipood.ee\/ru\/wp-json\/wp\/v2\/product_tag?post=513549"}],"curies":[{"name":"wp","href":"https:\/\/api.w.org\/{rel}","templated":true}]}}