{"id":513571,"date":"2026-04-21T13:50:47","date_gmt":"2026-04-21T10:50:47","guid":{"rendered":"https:\/\/beebipood.ee\/?post_type=product&#038;p=513571"},"modified":"2026-04-21T13:57:49","modified_gmt":"2026-04-21T10:57:49","slug":"maxi-cosi-see-kaameraga-beebimonitor","status":"publish","type":"product","link":"https:\/\/beebipood.ee\/ru\/produkt\/maxi-cosi-see-kaameraga-beebimonitor\/","title":{"rendered":"Maxi-Cosi See kaameraga beebimonitor"},"content":{"rendered":"<h2 data-section-id=\"tyzxk4\" data-start=\"91\" data-end=\"122\">Maxi-Cosi See beebimonitor<\/h2>\n<p data-start=\"123\" data-end=\"168\"><strong data-start=\"123\" data-end=\"168\">Selge pilt ja meelerahu \u2013 \u00f6\u00f6p\u00e4evaringselt<\/strong><\/p>\n<p data-start=\"170\" data-end=\"411\">Maxi-Cosi See Baby Monitor aitab sul oma beebit hoida turvaliselt silma all igal ajal \u2013 olgu p\u00e4ev v\u00f5i \u00f6\u00f6. T\u00e4nu nutikale tehnoloogiale ja kvaliteetsele videopildile saad olla lapsega \u00fchenduses ka siis, kui viibid teises toas v\u00f5i kodust eemal.<\/p>\n<hr data-start=\"413\" data-end=\"416\" \/>\n<h3 data-section-id=\"1w7wxui\" data-start=\"418\" data-end=\"465\">\ud83d\udc76 Rahu ja kindlustunne igale lapsevanemale<\/h3>\n<p data-start=\"466\" data-end=\"618\">Full HD videopilt ja \u00f6\u00f6n\u00e4gemine tagavad selge ja detailse \u00fclevaate beebist ka pimedas. Nii saad alati veenduda, et laps magab rahulikult ja turvaliselt.<\/p>\n<hr data-start=\"620\" data-end=\"623\" \/>\n<h3 data-section-id=\"14sryfo\" data-start=\"625\" data-end=\"654\">\ud83d\udcf1 J\u00e4lgi oma last k\u00f5ikjal<\/h3>\n<p data-start=\"655\" data-end=\"705\">Kaamerat saad mugavalt juhtida nutitelefoni \u00e4pist:<\/p>\n<ul data-start=\"706\" data-end=\"822\">\n<li data-section-id=\"11vvo0b\" data-start=\"706\" data-end=\"735\">vaata otsepilti igal ajal<\/li>\n<li data-section-id=\"17x8atg\" data-start=\"736\" data-end=\"779\">saa teavitusi liikumise v\u00f5i heli korral<\/li>\n<li data-section-id=\"1qa76j9\" data-start=\"780\" data-end=\"822\">r\u00e4\u00e4gi beebiga kahesuunalise heli kaudu<\/li>\n<\/ul>\n<hr data-start=\"824\" data-end=\"827\" \/>\n<h3 data-section-id=\"8m2271\" data-start=\"829\" data-end=\"868\">\ud83d\ude34 Rahustav keskkond paremaks uneks<\/h3>\n<p data-start=\"869\" data-end=\"973\">Sisseehitatud <strong data-start=\"883\" data-end=\"918\">rahustavad helid ja white noise<\/strong> aitavad luua beebile m\u00f5nusa ja turvalise unekeskkonna.<\/p>\n<hr data-start=\"975\" data-end=\"978\" \/>\n<h2 data-section-id=\"2ef1mc\" data-start=\"980\" data-end=\"1022\">Miks see beebimonitor peredele meeldib?<\/h2>\n<ul data-start=\"1023\" data-end=\"1235\">\n<li data-section-id=\"1lihxlo\" data-start=\"1023\" data-end=\"1069\">\u2714\ufe0f Selge Full HD pilt nii p\u00e4eval kui \u00f6\u00f6sel<\/li>\n<li data-section-id=\"1pfdnpi\" data-start=\"1070\" data-end=\"1111\">\u2714\ufe0f Mugav j\u00e4lgimine nutitelefoni kaudu<\/li>\n<li data-section-id=\"1hj4uj7\" data-start=\"1112\" data-end=\"1153\">\u2714\ufe0f Rahustavad helid aitavad uinumisel<\/li>\n<li data-section-id=\"2usu1h\" data-start=\"1154\" data-end=\"1195\">\u2714\ufe0f Teavitused liikumise ja heli kohta<\/li>\n<li data-section-id=\"a5r6uv\" data-start=\"1196\" data-end=\"1235\">\u2714\ufe0f \u00dchilduv nutika kodu s\u00fcsteemidega<\/li>\n<\/ul>\n<hr data-start=\"1237\" data-end=\"1240\" \/>\n<h2 data-section-id=\"1tgfd0b\" data-start=\"1242\" data-end=\"1278\">L\u00e4bim\u00f5eldud mugavus igas detailis<\/h2>\n<ul data-start=\"1279\" data-end=\"1527\">\n<li data-section-id=\"1d1tyot\" data-start=\"1279\" data-end=\"1318\">Lai vaatenurk ja sujuv videoedastus<\/li>\n<li data-section-id=\"12teei0\" data-start=\"1319\" data-end=\"1362\">Kahesuunaline heli (r\u00e4\u00e4gi lapsega otse)<\/li>\n<li data-section-id=\"oua6eg\" data-start=\"1363\" data-end=\"1397\">V\u00e4ga vaikne t\u00f6\u00f6 \u2013 ei h\u00e4iri und<\/li>\n<li data-section-id=\"xqhtpq\" data-start=\"1398\" data-end=\"1436\">Temperatuuri ja \u00f5huniiskuse n\u00e4idik<\/li>\n<li data-section-id=\"u4avre\" data-start=\"1437\" data-end=\"1489\">Toetab h\u00e4\u00e4ljuhtimist (Alexa ja Google Assistant)<\/li>\n<li data-section-id=\"1vzdd1l\" data-start=\"1490\" data-end=\"1527\">Turvaline, kr\u00fcpteeritud andmeside<\/li>\n<\/ul>\n<hr data-start=\"1529\" data-end=\"1532\" \/>\n<h2 data-section-id=\"3ylpn5\" data-start=\"1534\" data-end=\"1554\">Nutikas beebituba<\/h2>\n<p data-start=\"1555\" data-end=\"1695\">Seade t\u00f6\u00f6tab osana <strong data-start=\"1574\" data-end=\"1613\">Maxi-Cosi Connected Home s\u00fcsteemist<\/strong>, v\u00f5imaldades luua \u00fchtse ja nutika keskkonna, mis toetab sinu lapse und ja heaolu.<\/p>\n<hr data-start=\"1697\" data-end=\"1700\" \/>\n<h2 data-section-id=\"1e8gqrv\" data-start=\"1702\" data-end=\"1722\">Tehnilised andmed<\/h2>\n<ul data-start=\"1723\" data-end=\"1937\">\n<li data-section-id=\"etb39\" data-start=\"1723\" data-end=\"1747\">Video: Full HD 1080p<\/li>\n<li data-section-id=\"rs93li\" data-start=\"1748\" data-end=\"1767\">\u00d6\u00f6n\u00e4gemine: jah<\/li>\n<li data-section-id=\"1prms8x\" data-start=\"1768\" data-end=\"1824\">Heli: kahesuunaline + white noise + rahustavad helid<\/li>\n<li data-section-id=\"4li05r\" data-start=\"1825\" data-end=\"1853\">\u00dchendus: Wi-Fi (2.4 GHz)<\/li>\n<li data-section-id=\"1nk0883\" data-start=\"1854\" data-end=\"1885\">Juhtimine: nutitelefoni \u00e4pp<\/li>\n<li data-section-id=\"s1g3qi\" data-start=\"1886\" data-end=\"1909\">Toide: vooluv\u00f5rgust<\/li>\n<li data-section-id=\"agybqt\" data-start=\"1910\" data-end=\"1937\">Andmeside: kr\u00fcpteeritud<\/li>\n<\/ul>\n<hr data-start=\"1939\" data-end=\"1942\" \/>\n<h2 data-section-id=\"1fsugi8\" data-start=\"1944\" data-end=\"1957\">Komplektis<\/h2>\n<ul data-start=\"1958\" data-end=\"2030\">\n<li data-section-id=\"1fnai9l\" data-start=\"1958\" data-end=\"1996\">Maxi-Cosi See Baby Monitor kaamera<\/li>\n<li data-section-id=\"18j1duz\" data-start=\"1997\" data-end=\"2012\">Toitekaabel<\/li>\n<li data-section-id=\"1ljy1vy\" data-start=\"2013\" data-end=\"2030\">Kasutusjuhend<\/li>\n<\/ul>\n<hr data-start=\"2032\" data-end=\"2035\" \/>\n<p data-start=\"2037\" data-end=\"2193\" data-is-last-node=\"\" data-is-only-node=\"\"><strong data-start=\"2037\" data-end=\"2067\">Maxi-Cosi See beebimonitor<\/strong>\u00a0on ideaalne valik perele, kes soovib rohkem kindlustunnet ja rahu \u2013 et iga uni oleks turvaline ja iga hetk lapsega \u00fchenduses.<\/p>\n","protected":false},"excerpt":{"rendered":"<p>Maxi-Cosi See beebimonitor Selge pilt ja meelerahu \u2013 \u00f6\u00f6p\u00e4evaringselt Maxi-Cosi See Baby Monitor aitab sul oma beebit hoida turvaliselt silma all igal ajal \u2013 olgu p\u00e4ev v\u00f5i \u00f6\u00f6. T\u00e4nu nutikale tehnoloogiale ja kvaliteetsele videopildile saad olla lapsega \u00fchenduses ka siis, kui viibid teises toas v\u00f5i kodust eemal. \ud83d\udc76 Rahu ja kindlustunne igale lapsevanemale Full HD [&hellip;]<\/p>\n","protected":false},"featured_media":513573,"template":"","meta":{"_acf_changed":false},"pwb-brand":[11961],"product_brand":[],"product_cat":[11707,11791],"product_tag":[],"class_list":{"0":"post-513571","1":"product","2":"type-product","3":"status-publish","4":"has-post-thumbnail","6":"pwb-brand-maxi-cosi-ru","7":"product_cat-beebimonitorid-ru","8":"product_cat-turvavarustus-ru","9":"pa_manufacturer-babymoov","11":"first","12":"onbackorder","13":"taxable","14":"shipping-taxable","15":"purchasable","16":"product-type-simple"},"exclude_global_add_ons":[],"addons":[],"acf":[],"yoast_head":"<!-- This site is optimized with the Yoast SEO plugin v27.3 - https:\/\/yoast.com\/product\/yoast-seo-wordpress\/ -->\n<title>Babymoov YOO Go+ HD kaameraga juhtmevaba beebimonitor , \u041d\u041e\u0412\u042b\u0415 \u0422\u041e\u0412\u0410\u0420\u042b, \u0420\u0430\u0434\u0438\u043e\u043d\u044f\u043d\u0438, \u0421\u043d\u0430\u0440\u044f\u0436\u0435\u043d\u0438\u044f \u0431\u0435\u0437\u043e\u043f\u0430\u0441\u043d\u043e\u0441\u0442\u0438, Beebipood<\/title>\n<meta name=\"description\" content=\"Babymoov YOO Go+ HD kaameraga juhtmevaba beebimonitor , Juhtmevaba, v\u00e4ikese kiirgustasemega videomonitor koos 4 erineva kinnitustarvikuga. Ideaaln\" \/>\n<meta name=\"robots\" content=\"index, follow, max-snippet:-1, max-image-preview:large, max-video-preview:-1\" \/>\n<link rel=\"canonical\" href=\"https:\/\/beebipood.ee\/ru\/produkt\/maxi-cosi-see-kaameraga-beebimonitor\/\" \/>\n<meta property=\"og:locale\" content=\"ru_RU\" \/>\n<meta property=\"og:type\" content=\"article\" \/>\n<meta property=\"og:title\" content=\"Babymoov YOO Go+ HD kaameraga juhtmevaba beebimonitor , \u041d\u041e\u0412\u042b\u0415 \u0422\u041e\u0412\u0410\u0420\u042b, \u0420\u0430\u0434\u0438\u043e\u043d\u044f\u043d\u0438, \u0421\u043d\u0430\u0440\u044f\u0436\u0435\u043d\u0438\u044f \u0431\u0435\u0437\u043e\u043f\u0430\u0441\u043d\u043e\u0441\u0442\u0438, Beebipood\" \/>\n<meta property=\"og:description\" content=\"Babymoov YOO Go+ HD kaameraga juhtmevaba beebimonitor , Juhtmevaba, v\u00e4ikese kiirgustasemega videomonitor koos 4 erineva kinnitustarvikuga. Ideaaln\" \/>\n<meta property=\"og:url\" content=\"https:\/\/beebipood.ee\/ru\/produkt\/maxi-cosi-see-kaameraga-beebimonitor\/\" \/>\n<meta property=\"og:site_name\" content=\"Beebipood\" \/>\n<meta property=\"article:modified_time\" content=\"2026-04-21T10:57:49+00:00\" \/>\n<meta property=\"og:image\" content=\"https:\/\/beebipood.ee\/wp-content\/uploads\/2026\/04\/maxi-cosi-beebimonitor-kaameraga-see.jpg\" \/>\n\t<meta property=\"og:image:width\" content=\"1200\" \/>\n\t<meta property=\"og:image:height\" content=\"1200\" \/>\n\t<meta property=\"og:image:type\" content=\"image\/jpeg\" \/>\n<meta name=\"twitter:card\" content=\"summary_large_image\" \/>\n<meta name=\"twitter:label1\" content=\"\u041f\u0440\u0438\u043c\u0435\u0440\u043d\u043e\u0435 \u0432\u0440\u0435\u043c\u044f \u0434\u043b\u044f \u0447\u0442\u0435\u043d\u0438\u044f\" \/>\n\t<meta name=\"twitter:data1\" content=\"2 \u043c\u0438\u043d\u0443\u0442\u044b\" \/>\n<script type=\"application\/ld+json\" class=\"yoast-schema-graph\">{\"@context\":\"https:\\\/\\\/schema.org\",\"@graph\":[{\"@type\":\"WebPage\",\"@id\":\"https:\\\/\\\/beebipood.ee\\\/ru\\\/produkt\\\/maxi-cosi-see-kaameraga-beebimonitor\\\/\",\"url\":\"https:\\\/\\\/beebipood.ee\\\/ru\\\/produkt\\\/maxi-cosi-see-kaameraga-beebimonitor\\\/\",\"name\":\"Babymoov YOO Go+ HD kaameraga juhtmevaba beebimonitor , \u041d\u041e\u0412\u042b\u0415 \u0422\u041e\u0412\u0410\u0420\u042b, \u0420\u0430\u0434\u0438\u043e\u043d\u044f\u043d\u0438, \u0421\u043d\u0430\u0440\u044f\u0436\u0435\u043d\u0438\u044f \u0431\u0435\u0437\u043e\u043f\u0430\u0441\u043d\u043e\u0441\u0442\u0438, Beebipood\",\"isPartOf\":{\"@id\":\"https:\\\/\\\/beebipood.ee\\\/ru\\\/#website\"},\"primaryImageOfPage\":{\"@id\":\"https:\\\/\\\/beebipood.ee\\\/ru\\\/produkt\\\/maxi-cosi-see-kaameraga-beebimonitor\\\/#primaryimage\"},\"image\":{\"@id\":\"https:\\\/\\\/beebipood.ee\\\/ru\\\/produkt\\\/maxi-cosi-see-kaameraga-beebimonitor\\\/#primaryimage\"},\"thumbnailUrl\":\"https:\\\/\\\/beebipood.ee\\\/wp-content\\\/uploads\\\/2026\\\/04\\\/maxi-cosi-beebimonitor-kaameraga-see.jpg\",\"datePublished\":\"2026-04-21T10:50:47+00:00\",\"dateModified\":\"2026-04-21T10:57:49+00:00\",\"description\":\"Babymoov YOO Go+ HD kaameraga juhtmevaba beebimonitor , Juhtmevaba, v\u00e4ikese kiirgustasemega videomonitor koos 4 erineva kinnitustarvikuga. Ideaaln\",\"breadcrumb\":{\"@id\":\"https:\\\/\\\/beebipood.ee\\\/ru\\\/produkt\\\/maxi-cosi-see-kaameraga-beebimonitor\\\/#breadcrumb\"},\"inLanguage\":\"ru-RU\",\"potentialAction\":[{\"@type\":\"ReadAction\",\"target\":[\"https:\\\/\\\/beebipood.ee\\\/ru\\\/produkt\\\/maxi-cosi-see-kaameraga-beebimonitor\\\/\"]}]},{\"@type\":\"ImageObject\",\"inLanguage\":\"ru-RU\",\"@id\":\"https:\\\/\\\/beebipood.ee\\\/ru\\\/produkt\\\/maxi-cosi-see-kaameraga-beebimonitor\\\/#primaryimage\",\"url\":\"https:\\\/\\\/beebipood.ee\\\/wp-content\\\/uploads\\\/2026\\\/04\\\/maxi-cosi-beebimonitor-kaameraga-see.jpg\",\"contentUrl\":\"https:\\\/\\\/beebipood.ee\\\/wp-content\\\/uploads\\\/2026\\\/04\\\/maxi-cosi-beebimonitor-kaameraga-see.jpg\",\"width\":1200,\"height\":1200},{\"@type\":\"BreadcrumbList\",\"@id\":\"https:\\\/\\\/beebipood.ee\\\/ru\\\/produkt\\\/maxi-cosi-see-kaameraga-beebimonitor\\\/#breadcrumb\",\"itemListElement\":[{\"@type\":\"ListItem\",\"position\":1,\"name\":\"Home\",\"item\":\"https:\\\/\\\/beebipood.ee\\\/ru\\\/\"},{\"@type\":\"ListItem\",\"position\":2,\"name\":\"\u041a\u0430\u0442\u0430\u043b\u043e\u0433 \u0442\u043e\u0432\u0430\u0440\u043e\u0432\",\"item\":\"https:\\\/\\\/beebipood.ee\\\/tooted\\\/\"},{\"@type\":\"ListItem\",\"position\":3,\"name\":\"Maxi-Cosi See kaameraga beebimonitor\"}]},{\"@type\":\"WebSite\",\"@id\":\"https:\\\/\\\/beebipood.ee\\\/ru\\\/#website\",\"url\":\"https:\\\/\\\/beebipood.ee\\\/ru\\\/\",\"name\":\"Beebipood\",\"description\":\"Lastekaubad, beebikaubad, m\u00e4nguasjad\",\"publisher\":{\"@id\":\"https:\\\/\\\/beebipood.ee\\\/ru\\\/#organization\"},\"potentialAction\":[{\"@type\":\"SearchAction\",\"target\":{\"@type\":\"EntryPoint\",\"urlTemplate\":\"https:\\\/\\\/beebipood.ee\\\/ru\\\/?s={search_term_string}\"},\"query-input\":{\"@type\":\"PropertyValueSpecification\",\"valueRequired\":true,\"valueName\":\"search_term_string\"}}],\"inLanguage\":\"ru-RU\"},{\"@type\":\"Organization\",\"@id\":\"https:\\\/\\\/beebipood.ee\\\/ru\\\/#organization\",\"name\":\"Beebipood\",\"url\":\"https:\\\/\\\/beebipood.ee\\\/ru\\\/\",\"logo\":{\"@type\":\"ImageObject\",\"inLanguage\":\"ru-RU\",\"@id\":\"https:\\\/\\\/beebipood.ee\\\/ru\\\/#\\\/schema\\\/logo\\\/image\\\/\",\"url\":\"https:\\\/\\\/beebipood.ee\\\/wp-content\\\/uploads\\\/2025\\\/03\\\/beebipood.ee-logo-1.svg\",\"contentUrl\":\"https:\\\/\\\/beebipood.ee\\\/wp-content\\\/uploads\\\/2025\\\/03\\\/beebipood.ee-logo-1.svg\",\"caption\":\"Beebipood\"},\"image\":{\"@id\":\"https:\\\/\\\/beebipood.ee\\\/ru\\\/#\\\/schema\\\/logo\\\/image\\\/\"}}]}<\/script>\n<!-- \/ Yoast SEO plugin. -->","yoast_head_json":{"title":"Babymoov YOO Go+ HD kaameraga juhtmevaba beebimonitor , \u041d\u041e\u0412\u042b\u0415 \u0422\u041e\u0412\u0410\u0420\u042b, \u0420\u0430\u0434\u0438\u043e\u043d\u044f\u043d\u0438, \u0421\u043d\u0430\u0440\u044f\u0436\u0435\u043d\u0438\u044f \u0431\u0435\u0437\u043e\u043f\u0430\u0441\u043d\u043e\u0441\u0442\u0438, Beebipood","description":"Babymoov YOO Go+ HD kaameraga juhtmevaba beebimonitor , Juhtmevaba, v\u00e4ikese kiirgustasemega videomonitor koos 4 erineva kinnitustarvikuga. Ideaaln","robots":{"index":"index","follow":"follow","max-snippet":"max-snippet:-1","max-image-preview":"max-image-preview:large","max-video-preview":"max-video-preview:-1"},"canonical":"https:\/\/beebipood.ee\/ru\/produkt\/maxi-cosi-see-kaameraga-beebimonitor\/","og_locale":"ru_RU","og_type":"article","og_title":"Babymoov YOO Go+ HD kaameraga juhtmevaba beebimonitor , \u041d\u041e\u0412\u042b\u0415 \u0422\u041e\u0412\u0410\u0420\u042b, \u0420\u0430\u0434\u0438\u043e\u043d\u044f\u043d\u0438, \u0421\u043d\u0430\u0440\u044f\u0436\u0435\u043d\u0438\u044f \u0431\u0435\u0437\u043e\u043f\u0430\u0441\u043d\u043e\u0441\u0442\u0438, Beebipood","og_description":"Babymoov YOO Go+ HD kaameraga juhtmevaba beebimonitor , Juhtmevaba, v\u00e4ikese kiirgustasemega videomonitor koos 4 erineva kinnitustarvikuga. Ideaaln","og_url":"https:\/\/beebipood.ee\/ru\/produkt\/maxi-cosi-see-kaameraga-beebimonitor\/","og_site_name":"Beebipood","article_modified_time":"2026-04-21T10:57:49+00:00","og_image":[{"width":1200,"height":1200,"url":"https:\/\/beebipood.ee\/wp-content\/uploads\/2026\/04\/maxi-cosi-beebimonitor-kaameraga-see.jpg","type":"image\/jpeg"}],"twitter_card":"summary_large_image","twitter_misc":{"\u041f\u0440\u0438\u043c\u0435\u0440\u043d\u043e\u0435 \u0432\u0440\u0435\u043c\u044f \u0434\u043b\u044f \u0447\u0442\u0435\u043d\u0438\u044f":"2 \u043c\u0438\u043d\u0443\u0442\u044b"},"schema":{"@context":"https:\/\/schema.org","@graph":[{"@type":"WebPage","@id":"https:\/\/beebipood.ee\/ru\/produkt\/maxi-cosi-see-kaameraga-beebimonitor\/","url":"https:\/\/beebipood.ee\/ru\/produkt\/maxi-cosi-see-kaameraga-beebimonitor\/","name":"Babymoov YOO Go+ HD kaameraga juhtmevaba beebimonitor , \u041d\u041e\u0412\u042b\u0415 \u0422\u041e\u0412\u0410\u0420\u042b, \u0420\u0430\u0434\u0438\u043e\u043d\u044f\u043d\u0438, \u0421\u043d\u0430\u0440\u044f\u0436\u0435\u043d\u0438\u044f \u0431\u0435\u0437\u043e\u043f\u0430\u0441\u043d\u043e\u0441\u0442\u0438, Beebipood","isPartOf":{"@id":"https:\/\/beebipood.ee\/ru\/#website"},"primaryImageOfPage":{"@id":"https:\/\/beebipood.ee\/ru\/produkt\/maxi-cosi-see-kaameraga-beebimonitor\/#primaryimage"},"image":{"@id":"https:\/\/beebipood.ee\/ru\/produkt\/maxi-cosi-see-kaameraga-beebimonitor\/#primaryimage"},"thumbnailUrl":"https:\/\/beebipood.ee\/wp-content\/uploads\/2026\/04\/maxi-cosi-beebimonitor-kaameraga-see.jpg","datePublished":"2026-04-21T10:50:47+00:00","dateModified":"2026-04-21T10:57:49+00:00","description":"Babymoov YOO Go+ HD kaameraga juhtmevaba beebimonitor , Juhtmevaba, v\u00e4ikese kiirgustasemega videomonitor koos 4 erineva kinnitustarvikuga. Ideaaln","breadcrumb":{"@id":"https:\/\/beebipood.ee\/ru\/produkt\/maxi-cosi-see-kaameraga-beebimonitor\/#breadcrumb"},"inLanguage":"ru-RU","potentialAction":[{"@type":"ReadAction","target":["https:\/\/beebipood.ee\/ru\/produkt\/maxi-cosi-see-kaameraga-beebimonitor\/"]}]},{"@type":"ImageObject","inLanguage":"ru-RU","@id":"https:\/\/beebipood.ee\/ru\/produkt\/maxi-cosi-see-kaameraga-beebimonitor\/#primaryimage","url":"https:\/\/beebipood.ee\/wp-content\/uploads\/2026\/04\/maxi-cosi-beebimonitor-kaameraga-see.jpg","contentUrl":"https:\/\/beebipood.ee\/wp-content\/uploads\/2026\/04\/maxi-cosi-beebimonitor-kaameraga-see.jpg","width":1200,"height":1200},{"@type":"BreadcrumbList","@id":"https:\/\/beebipood.ee\/ru\/produkt\/maxi-cosi-see-kaameraga-beebimonitor\/#breadcrumb","itemListElement":[{"@type":"ListItem","position":1,"name":"Home","item":"https:\/\/beebipood.ee\/ru\/"},{"@type":"ListItem","position":2,"name":"\u041a\u0430\u0442\u0430\u043b\u043e\u0433 \u0442\u043e\u0432\u0430\u0440\u043e\u0432","item":"https:\/\/beebipood.ee\/tooted\/"},{"@type":"ListItem","position":3,"name":"Maxi-Cosi See kaameraga beebimonitor"}]},{"@type":"WebSite","@id":"https:\/\/beebipood.ee\/ru\/#website","url":"https:\/\/beebipood.ee\/ru\/","name":"Beebipood","description":"Lastekaubad, beebikaubad, m\u00e4nguasjad","publisher":{"@id":"https:\/\/beebipood.ee\/ru\/#organization"},"potentialAction":[{"@type":"SearchAction","target":{"@type":"EntryPoint","urlTemplate":"https:\/\/beebipood.ee\/ru\/?s={search_term_string}"},"query-input":{"@type":"PropertyValueSpecification","valueRequired":true,"valueName":"search_term_string"}}],"inLanguage":"ru-RU"},{"@type":"Organization","@id":"https:\/\/beebipood.ee\/ru\/#organization","name":"Beebipood","url":"https:\/\/beebipood.ee\/ru\/","logo":{"@type":"ImageObject","inLanguage":"ru-RU","@id":"https:\/\/beebipood.ee\/ru\/#\/schema\/logo\/image\/","url":"https:\/\/beebipood.ee\/wp-content\/uploads\/2025\/03\/beebipood.ee-logo-1.svg","contentUrl":"https:\/\/beebipood.ee\/wp-content\/uploads\/2025\/03\/beebipood.ee-logo-1.svg","caption":"Beebipood"},"image":{"@id":"https:\/\/beebipood.ee\/ru\/#\/schema\/logo\/image\/"}}]}},"brands":[{"id":11961,"name":"Maxi-Cosi","slug":"maxi-cosi-ru"}],"_links":{"self":[{"href":"https:\/\/beebipood.ee\/ru\/wp-json\/wp\/v2\/product\/513571","targetHints":{"allow":["GET"]}}],"collection":[{"href":"https:\/\/beebipood.ee\/ru\/wp-json\/wp\/v2\/product"}],"about":[{"href":"https:\/\/beebipood.ee\/ru\/wp-json\/wp\/v2\/types\/product"}],"wp:featuredmedia":[{"embeddable":true,"href":"https:\/\/beebipood.ee\/ru\/wp-json\/wp\/v2\/media\/513573"}],"wp:attachment":[{"href":"https:\/\/beebipood.ee\/ru\/wp-json\/wp\/v2\/media?parent=513571"}],"wp:term":[{"taxonomy":"pwb-brand","embeddable":true,"href":"https:\/\/beebipood.ee\/ru\/wp-json\/wp\/v2\/pwb-brand?post=513571"},{"taxonomy":"product_brand","embeddable":true,"href":"https:\/\/beebipood.ee\/ru\/wp-json\/wp\/v2\/product_brand?post=513571"},{"taxonomy":"product_cat","embeddable":true,"href":"https:\/\/beebipood.ee\/ru\/wp-json\/wp\/v2\/product_cat?post=513571"},{"taxonomy":"product_tag","embeddable":true,"href":"https:\/\/beebipood.ee\/ru\/wp-json\/wp\/v2\/product_tag?post=513571"}],"curies":[{"name":"wp","href":"https:\/\/api.w.org\/{rel}","templated":true}]}}