{"id":513591,"date":"2026-04-21T14:05:48","date_gmt":"2026-04-21T11:05:48","guid":{"rendered":"https:\/\/beebipood.ee\/?post_type=product&#038;p=513591"},"modified":"2026-04-21T14:10:38","modified_gmt":"2026-04-21T11:10:38","slug":"maxi-cosi-ohuniisuti","status":"publish","type":"product","link":"https:\/\/beebipood.ee\/ru\/produkt\/maxi-cosi-ohuniisuti\/","title":{"rendered":"Maxi-Cosi \u00f5huniisuti"},"content":{"rendered":"<h2 data-section-id=\"14p4zum\" data-start=\"83\" data-end=\"108\">Maxi-Cosi \u00f5huniisuti<\/h2>\n<p data-start=\"109\" data-end=\"159\"><strong data-start=\"109\" data-end=\"159\">Mugavam hingamine ja rahulikum uni kogu perele<\/strong><\/p>\n<p data-start=\"161\" data-end=\"390\">Maxi-Cosi \u00f5huniisuti aitab luua lapsele tervisliku ja m\u00f5nusa sisekliima, toetades paremat und ja hingamismugavust nii p\u00e4eval kui \u00f6\u00f6sel. See on ideaalne abiline beebi- ja lastetoas, eriti k\u00fctteperioodil v\u00f5i kuiva \u00f5huga keskkonnas.<\/p>\n<hr data-start=\"392\" data-end=\"395\" \/>\n<h3 data-section-id=\"4oelz7\" data-start=\"397\" data-end=\"433\">\ud83c\udf3f Tervislikum \u00f5hk igaks p\u00e4evaks<\/h3>\n<p data-start=\"434\" data-end=\"493\">\u00d5huniisuti hoiab ruumi niiskustaseme tasakaalus, mis aitab:<\/p>\n<ul data-start=\"494\" data-end=\"582\">\n<li data-section-id=\"ip07cm\" data-start=\"494\" data-end=\"523\">leevendada kuiva \u00f5hu m\u00f5ju<\/li>\n<li data-section-id=\"1fnw79w\" data-start=\"524\" data-end=\"551\">toetada rahulikumat und<\/li>\n<li data-section-id=\"7921hc\" data-start=\"552\" data-end=\"582\">parandada hingamismugavust<\/li>\n<\/ul>\n<hr data-start=\"584\" data-end=\"587\" \/>\n<h3 data-section-id=\"nqs3q5\" data-start=\"589\" data-end=\"619\">\ud83d\ude34 Loodud rahulikuks uneks<\/h3>\n<p data-start=\"620\" data-end=\"771\">Seade t\u00f6\u00f6tab v\u00e4ga vaikselt ning sobib suurep\u00e4raselt kasutamiseks ka \u00f6\u00f6sel.<br data-start=\"694\" data-end=\"697\" \/>Lisaks loob <strong data-start=\"709\" data-end=\"740\">pehme reguleeritav \u00f6\u00f6valgus<\/strong> hubase ja turvalise keskkonna.<\/p>\n<hr data-start=\"773\" data-end=\"776\" \/>\n<h3 data-section-id=\"p33i6o\" data-start=\"778\" data-end=\"808\">\ud83c\udf38 Rahustav aroomiteraapia<\/h3>\n<p data-start=\"809\" data-end=\"919\">Sisseehitatud eeterlike \u00f5lide difuuser v\u00f5imaldab lisada meeldiva l\u00f5hna, mis aitab lapsel l\u00f5\u00f5gastuda ja uinuda.<\/p>\n<hr data-start=\"921\" data-end=\"924\" \/>\n<h2 data-section-id=\"w3xe4s\" data-start=\"926\" data-end=\"966\">Miks see \u00f5huniisuti peredele meeldib?<\/h2>\n<ul data-start=\"967\" data-end=\"1201\">\n<li data-section-id=\"18576kz\" data-start=\"967\" data-end=\"1020\">\u2714\ufe0f Kuni 24 tundi pidevat niisutust \u00fche t\u00e4itmisega<\/li>\n<li data-section-id=\"1wl2wnh\" data-start=\"1021\" data-end=\"1073\">\u2714\ufe0f V\u00e4ga vaikne \u2013 ideaalne ka \u00f6iseks kasutamiseks<\/li>\n<li data-section-id=\"1a3n7q0\" data-start=\"1074\" data-end=\"1128\">\u2714\ufe0f Reguleeritav niiskuse tase vastavalt vajadusele<\/li>\n<li data-section-id=\"i3vupl\" data-start=\"1129\" data-end=\"1166\">\u2714\ufe0f Difuuser eeterlike \u00f5lide jaoks<\/li>\n<li data-section-id=\"ug7a56\" data-start=\"1167\" data-end=\"1201\">\u2714\ufe0f Nutikas juhtimine \u00e4pi kaudu<\/li>\n<\/ul>\n<hr data-start=\"1203\" data-end=\"1206\" \/>\n<h2 data-section-id=\"1s3mbgl\" data-start=\"1208\" data-end=\"1236\">Nutikas ja mugav kasutada<\/h2>\n<ul data-start=\"1237\" data-end=\"1439\">\n<li data-section-id=\"awntkq\" data-start=\"1237\" data-end=\"1286\">Juhtimine nutitelefoni \u00e4pist v\u00f5i seadme pealt<\/li>\n<li data-section-id=\"uujo37\" data-start=\"1287\" data-end=\"1334\">Kuvab temperatuuri ja \u00f5huniiskust reaalajas<\/li>\n<li data-section-id=\"j9wbuq\" data-start=\"1335\" data-end=\"1386\">\u00dchilduv <strong data-start=\"1345\" data-end=\"1384\">Maxi-Cosi Connected Home s\u00fcsteemiga<\/strong><\/li>\n<li data-section-id=\"u4avre\" data-start=\"1387\" data-end=\"1439\">Toetab h\u00e4\u00e4ljuhtimist (Alexa ja Google Assistant)<\/li>\n<\/ul>\n<hr data-start=\"1441\" data-end=\"1444\" \/>\n<h2 data-section-id=\"18w20y2\" data-start=\"1446\" data-end=\"1495\">L\u00e4bim\u00f5eldud detailid igap\u00e4evaseks kasutamiseks<\/h2>\n<ul data-start=\"1496\" data-end=\"1643\">\n<li data-section-id=\"ddz8mt\" data-start=\"1496\" data-end=\"1529\">Reguleeritav udu intensiivsus<\/li>\n<li data-section-id=\"19wapqq\" data-start=\"1530\" data-end=\"1580\">Jahe veeaur \u2013 turvaline kasutamiseks lastetoas<\/li>\n<li data-section-id=\"iejmvt\" data-start=\"1581\" data-end=\"1609\">Lihtne t\u00e4ita ja hooldada<\/li>\n<li data-section-id=\"3vdfzb\" data-start=\"1610\" data-end=\"1643\">Kompaktne ja kaasaegne disain<\/li>\n<\/ul>\n<hr data-start=\"1645\" data-end=\"1648\" \/>\n<h2 data-section-id=\"1e8gqrv\" data-start=\"1650\" data-end=\"1670\">Tehnilised andmed<\/h2>\n<ul data-start=\"1671\" data-end=\"1874\">\n<li data-section-id=\"zzbza0\" data-start=\"1671\" data-end=\"1696\">T\u00f6\u00f6aeg: kuni 24 tundi<\/li>\n<li data-section-id=\"ehl7pc\" data-start=\"1697\" data-end=\"1717\">Veeaur: jahe udu<\/li>\n<li data-section-id=\"t5oybn\" data-start=\"1718\" data-end=\"1751\">Valgus: reguleeritav \u00f6\u00f6valgus<\/li>\n<li data-section-id=\"1gywpby\" data-start=\"1752\" data-end=\"1769\">Difuuser: jah<\/li>\n<li data-section-id=\"4li05r\" data-start=\"1770\" data-end=\"1798\">\u00dchendus: Wi-Fi (2.4 GHz)<\/li>\n<li data-section-id=\"s1g3qi\" data-start=\"1799\" data-end=\"1822\">Toide: vooluv\u00f5rgust<\/li>\n<li data-section-id=\"rut09v\" data-start=\"1823\" data-end=\"1840\">Kaal: 1,34 kg<\/li>\n<li data-section-id=\"15y65w8\" data-start=\"1841\" data-end=\"1874\">M\u00f5\u00f5dud: 27,5 \u00d7 19,6 \u00d7 19,6 cm<\/li>\n<\/ul>\n<hr data-start=\"1876\" data-end=\"1879\" \/>\n<h2 data-section-id=\"1fsugi8\" data-start=\"1881\" data-end=\"1894\">Komplektis<\/h2>\n<ul data-start=\"1895\" data-end=\"1953\">\n<li data-section-id=\"5xpv7\" data-start=\"1895\" data-end=\"1919\">Maxi-Cosi \u00f5huniisuti<\/li>\n<li data-section-id=\"18j1duz\" data-start=\"1920\" data-end=\"1935\">Toitekaabel<\/li>\n<li data-section-id=\"1ljy1vy\" data-start=\"1936\" data-end=\"1953\">Kasutusjuhend<\/li>\n<\/ul>\n<hr data-start=\"1955\" data-end=\"1958\" \/>\n<p data-start=\"1960\" data-end=\"2101\" data-is-last-node=\"\" data-is-only-node=\"\"><strong data-start=\"1960\" data-end=\"1984\">Maxi-Cosi \u00f5huniisuti<\/strong> on ideaalne valik perele, kes soovib luua oma lapsele tervisliku, rahuliku ja m\u00f5nusa keskkonna \u2013 iga p\u00e4ev ja iga \u00f6\u00f6.<\/p>\n","protected":false},"excerpt":{"rendered":"<p>Maxi-Cosi \u00f5huniisuti Mugavam hingamine ja rahulikum uni kogu perele Maxi-Cosi \u00f5huniisuti aitab luua lapsele tervisliku ja m\u00f5nusa sisekliima, toetades paremat und ja hingamismugavust nii p\u00e4eval kui \u00f6\u00f6sel. See on ideaalne abiline beebi- ja lastetoas, eriti k\u00fctteperioodil v\u00f5i kuiva \u00f5huga keskkonnas. \ud83c\udf3f Tervislikum \u00f5hk igaks p\u00e4evaks \u00d5huniisuti hoiab ruumi niiskustaseme tasakaalus, mis aitab: leevendada kuiva \u00f5hu [&hellip;]<\/p>\n","protected":false},"featured_media":513593,"template":"","meta":{"_acf_changed":false},"pwb-brand":[11961],"product_brand":[],"product_cat":[11715,11709],"product_tag":[],"class_list":{"0":"post-513591","1":"product","2":"type-product","3":"status-publish","4":"has-post-thumbnail","6":"pwb-brand-maxi-cosi-ru","7":"product_cat-hugieenitarbed-ru","8":"product_cat-sootmistoolid-beebi-ja-lastetarbed-mahkimine-hugieen-ru","9":"pa_manufacturer-alecto-ru","11":"first","12":"onbackorder","13":"taxable","14":"shipping-taxable","15":"purchasable","16":"product-type-simple"},"exclude_global_add_ons":[],"addons":[],"acf":[],"yoast_head":"<!-- This site is optimized with the Yoast SEO plugin v27.3 - https:\/\/yoast.com\/product\/yoast-seo-wordpress\/ -->\n<title>Alecto \u00f5huniisuti, \u041d\u041e\u0412\u042b\u0415 \u0422\u041e\u0412\u0410\u0420\u042b, \u041f\u0440\u0438\u043d\u0430\u0434\u043b\u0435\u0436\u043d\u043e\u0441\u0442\u0438 \u0434\u043b\u044f \u043c\u043b\u0430\u0434\u0435\u043d\u0446\u0435\u0432, \u0413\u0438\u0433\u0438\u0435\u043d\u0430, Beebipood<\/title>\n<meta name=\"description\" content=\"Alecto \u00f5huniisuti, Alecto BC-23 on kolme \u00fches toode, mis sisaldab endas \u00f5huniisutit, \u00f6\u00f6valgust ning aroomihajutajat. Toimib ultr\" \/>\n<meta name=\"robots\" content=\"index, follow, max-snippet:-1, max-image-preview:large, max-video-preview:-1\" \/>\n<link rel=\"canonical\" href=\"https:\/\/beebipood.ee\/ru\/produkt\/maxi-cosi-ohuniisuti\/\" \/>\n<meta property=\"og:locale\" content=\"ru_RU\" \/>\n<meta property=\"og:type\" content=\"article\" \/>\n<meta property=\"og:title\" content=\"Alecto \u00f5huniisuti, \u041d\u041e\u0412\u042b\u0415 \u0422\u041e\u0412\u0410\u0420\u042b, \u041f\u0440\u0438\u043d\u0430\u0434\u043b\u0435\u0436\u043d\u043e\u0441\u0442\u0438 \u0434\u043b\u044f \u043c\u043b\u0430\u0434\u0435\u043d\u0446\u0435\u0432, \u0413\u0438\u0433\u0438\u0435\u043d\u0430, Beebipood\" \/>\n<meta property=\"og:description\" content=\"Alecto \u00f5huniisuti, Alecto BC-23 on kolme \u00fches toode, mis sisaldab endas \u00f5huniisutit, \u00f6\u00f6valgust ning aroomihajutajat. Toimib ultr\" \/>\n<meta property=\"og:url\" content=\"https:\/\/beebipood.ee\/ru\/produkt\/maxi-cosi-ohuniisuti\/\" \/>\n<meta property=\"og:site_name\" content=\"Beebipood\" \/>\n<meta property=\"article:modified_time\" content=\"2026-04-21T11:10:38+00:00\" \/>\n<meta property=\"og:image\" content=\"https:\/\/beebipood.ee\/wp-content\/uploads\/2026\/04\/maxi-cosi-ohuniisuti.jpg\" \/>\n\t<meta property=\"og:image:width\" content=\"1200\" \/>\n\t<meta property=\"og:image:height\" content=\"1200\" \/>\n\t<meta property=\"og:image:type\" content=\"image\/jpeg\" \/>\n<meta name=\"twitter:card\" content=\"summary_large_image\" \/>\n<meta name=\"twitter:label1\" content=\"\u041f\u0440\u0438\u043c\u0435\u0440\u043d\u043e\u0435 \u0432\u0440\u0435\u043c\u044f \u0434\u043b\u044f \u0447\u0442\u0435\u043d\u0438\u044f\" \/>\n\t<meta name=\"twitter:data1\" content=\"2 \u043c\u0438\u043d\u0443\u0442\u044b\" \/>\n<script type=\"application\/ld+json\" class=\"yoast-schema-graph\">{\"@context\":\"https:\\\/\\\/schema.org\",\"@graph\":[{\"@type\":\"WebPage\",\"@id\":\"https:\\\/\\\/beebipood.ee\\\/ru\\\/produkt\\\/maxi-cosi-ohuniisuti\\\/\",\"url\":\"https:\\\/\\\/beebipood.ee\\\/ru\\\/produkt\\\/maxi-cosi-ohuniisuti\\\/\",\"name\":\"Alecto \u00f5huniisuti, \u041d\u041e\u0412\u042b\u0415 \u0422\u041e\u0412\u0410\u0420\u042b, \u041f\u0440\u0438\u043d\u0430\u0434\u043b\u0435\u0436\u043d\u043e\u0441\u0442\u0438 \u0434\u043b\u044f \u043c\u043b\u0430\u0434\u0435\u043d\u0446\u0435\u0432, \u0413\u0438\u0433\u0438\u0435\u043d\u0430, Beebipood\",\"isPartOf\":{\"@id\":\"https:\\\/\\\/beebipood.ee\\\/ru\\\/#website\"},\"primaryImageOfPage\":{\"@id\":\"https:\\\/\\\/beebipood.ee\\\/ru\\\/produkt\\\/maxi-cosi-ohuniisuti\\\/#primaryimage\"},\"image\":{\"@id\":\"https:\\\/\\\/beebipood.ee\\\/ru\\\/produkt\\\/maxi-cosi-ohuniisuti\\\/#primaryimage\"},\"thumbnailUrl\":\"https:\\\/\\\/beebipood.ee\\\/wp-content\\\/uploads\\\/2026\\\/04\\\/maxi-cosi-ohuniisuti.jpg\",\"datePublished\":\"2026-04-21T11:05:48+00:00\",\"dateModified\":\"2026-04-21T11:10:38+00:00\",\"description\":\"Alecto \u00f5huniisuti, Alecto BC-23 on kolme \u00fches toode, mis sisaldab endas \u00f5huniisutit, \u00f6\u00f6valgust ning aroomihajutajat. Toimib ultr\",\"breadcrumb\":{\"@id\":\"https:\\\/\\\/beebipood.ee\\\/ru\\\/produkt\\\/maxi-cosi-ohuniisuti\\\/#breadcrumb\"},\"inLanguage\":\"ru-RU\",\"potentialAction\":[{\"@type\":\"ReadAction\",\"target\":[\"https:\\\/\\\/beebipood.ee\\\/ru\\\/produkt\\\/maxi-cosi-ohuniisuti\\\/\"]}]},{\"@type\":\"ImageObject\",\"inLanguage\":\"ru-RU\",\"@id\":\"https:\\\/\\\/beebipood.ee\\\/ru\\\/produkt\\\/maxi-cosi-ohuniisuti\\\/#primaryimage\",\"url\":\"https:\\\/\\\/beebipood.ee\\\/wp-content\\\/uploads\\\/2026\\\/04\\\/maxi-cosi-ohuniisuti.jpg\",\"contentUrl\":\"https:\\\/\\\/beebipood.ee\\\/wp-content\\\/uploads\\\/2026\\\/04\\\/maxi-cosi-ohuniisuti.jpg\",\"width\":1200,\"height\":1200},{\"@type\":\"BreadcrumbList\",\"@id\":\"https:\\\/\\\/beebipood.ee\\\/ru\\\/produkt\\\/maxi-cosi-ohuniisuti\\\/#breadcrumb\",\"itemListElement\":[{\"@type\":\"ListItem\",\"position\":1,\"name\":\"Home\",\"item\":\"https:\\\/\\\/beebipood.ee\\\/ru\\\/\"},{\"@type\":\"ListItem\",\"position\":2,\"name\":\"\u041a\u0430\u0442\u0430\u043b\u043e\u0433 \u0442\u043e\u0432\u0430\u0440\u043e\u0432\",\"item\":\"https:\\\/\\\/beebipood.ee\\\/tooted\\\/\"},{\"@type\":\"ListItem\",\"position\":3,\"name\":\"Maxi-Cosi \u00f5huniisuti\"}]},{\"@type\":\"WebSite\",\"@id\":\"https:\\\/\\\/beebipood.ee\\\/ru\\\/#website\",\"url\":\"https:\\\/\\\/beebipood.ee\\\/ru\\\/\",\"name\":\"Beebipood\",\"description\":\"Lastekaubad, beebikaubad, m\u00e4nguasjad\",\"publisher\":{\"@id\":\"https:\\\/\\\/beebipood.ee\\\/ru\\\/#organization\"},\"potentialAction\":[{\"@type\":\"SearchAction\",\"target\":{\"@type\":\"EntryPoint\",\"urlTemplate\":\"https:\\\/\\\/beebipood.ee\\\/ru\\\/?s={search_term_string}\"},\"query-input\":{\"@type\":\"PropertyValueSpecification\",\"valueRequired\":true,\"valueName\":\"search_term_string\"}}],\"inLanguage\":\"ru-RU\"},{\"@type\":\"Organization\",\"@id\":\"https:\\\/\\\/beebipood.ee\\\/ru\\\/#organization\",\"name\":\"Beebipood\",\"url\":\"https:\\\/\\\/beebipood.ee\\\/ru\\\/\",\"logo\":{\"@type\":\"ImageObject\",\"inLanguage\":\"ru-RU\",\"@id\":\"https:\\\/\\\/beebipood.ee\\\/ru\\\/#\\\/schema\\\/logo\\\/image\\\/\",\"url\":\"https:\\\/\\\/beebipood.ee\\\/wp-content\\\/uploads\\\/2025\\\/03\\\/beebipood.ee-logo-1.svg\",\"contentUrl\":\"https:\\\/\\\/beebipood.ee\\\/wp-content\\\/uploads\\\/2025\\\/03\\\/beebipood.ee-logo-1.svg\",\"caption\":\"Beebipood\"},\"image\":{\"@id\":\"https:\\\/\\\/beebipood.ee\\\/ru\\\/#\\\/schema\\\/logo\\\/image\\\/\"}}]}<\/script>\n<!-- \/ Yoast SEO plugin. -->","yoast_head_json":{"title":"Alecto \u00f5huniisuti, \u041d\u041e\u0412\u042b\u0415 \u0422\u041e\u0412\u0410\u0420\u042b, \u041f\u0440\u0438\u043d\u0430\u0434\u043b\u0435\u0436\u043d\u043e\u0441\u0442\u0438 \u0434\u043b\u044f \u043c\u043b\u0430\u0434\u0435\u043d\u0446\u0435\u0432, \u0413\u0438\u0433\u0438\u0435\u043d\u0430, Beebipood","description":"Alecto \u00f5huniisuti, Alecto BC-23 on kolme \u00fches toode, mis sisaldab endas \u00f5huniisutit, \u00f6\u00f6valgust ning aroomihajutajat. Toimib ultr","robots":{"index":"index","follow":"follow","max-snippet":"max-snippet:-1","max-image-preview":"max-image-preview:large","max-video-preview":"max-video-preview:-1"},"canonical":"https:\/\/beebipood.ee\/ru\/produkt\/maxi-cosi-ohuniisuti\/","og_locale":"ru_RU","og_type":"article","og_title":"Alecto \u00f5huniisuti, \u041d\u041e\u0412\u042b\u0415 \u0422\u041e\u0412\u0410\u0420\u042b, \u041f\u0440\u0438\u043d\u0430\u0434\u043b\u0435\u0436\u043d\u043e\u0441\u0442\u0438 \u0434\u043b\u044f \u043c\u043b\u0430\u0434\u0435\u043d\u0446\u0435\u0432, \u0413\u0438\u0433\u0438\u0435\u043d\u0430, Beebipood","og_description":"Alecto \u00f5huniisuti, Alecto BC-23 on kolme \u00fches toode, mis sisaldab endas \u00f5huniisutit, \u00f6\u00f6valgust ning aroomihajutajat. Toimib ultr","og_url":"https:\/\/beebipood.ee\/ru\/produkt\/maxi-cosi-ohuniisuti\/","og_site_name":"Beebipood","article_modified_time":"2026-04-21T11:10:38+00:00","og_image":[{"width":1200,"height":1200,"url":"https:\/\/beebipood.ee\/wp-content\/uploads\/2026\/04\/maxi-cosi-ohuniisuti.jpg","type":"image\/jpeg"}],"twitter_card":"summary_large_image","twitter_misc":{"\u041f\u0440\u0438\u043c\u0435\u0440\u043d\u043e\u0435 \u0432\u0440\u0435\u043c\u044f \u0434\u043b\u044f \u0447\u0442\u0435\u043d\u0438\u044f":"2 \u043c\u0438\u043d\u0443\u0442\u044b"},"schema":{"@context":"https:\/\/schema.org","@graph":[{"@type":"WebPage","@id":"https:\/\/beebipood.ee\/ru\/produkt\/maxi-cosi-ohuniisuti\/","url":"https:\/\/beebipood.ee\/ru\/produkt\/maxi-cosi-ohuniisuti\/","name":"Alecto \u00f5huniisuti, \u041d\u041e\u0412\u042b\u0415 \u0422\u041e\u0412\u0410\u0420\u042b, \u041f\u0440\u0438\u043d\u0430\u0434\u043b\u0435\u0436\u043d\u043e\u0441\u0442\u0438 \u0434\u043b\u044f \u043c\u043b\u0430\u0434\u0435\u043d\u0446\u0435\u0432, \u0413\u0438\u0433\u0438\u0435\u043d\u0430, Beebipood","isPartOf":{"@id":"https:\/\/beebipood.ee\/ru\/#website"},"primaryImageOfPage":{"@id":"https:\/\/beebipood.ee\/ru\/produkt\/maxi-cosi-ohuniisuti\/#primaryimage"},"image":{"@id":"https:\/\/beebipood.ee\/ru\/produkt\/maxi-cosi-ohuniisuti\/#primaryimage"},"thumbnailUrl":"https:\/\/beebipood.ee\/wp-content\/uploads\/2026\/04\/maxi-cosi-ohuniisuti.jpg","datePublished":"2026-04-21T11:05:48+00:00","dateModified":"2026-04-21T11:10:38+00:00","description":"Alecto \u00f5huniisuti, Alecto BC-23 on kolme \u00fches toode, mis sisaldab endas \u00f5huniisutit, \u00f6\u00f6valgust ning aroomihajutajat. Toimib ultr","breadcrumb":{"@id":"https:\/\/beebipood.ee\/ru\/produkt\/maxi-cosi-ohuniisuti\/#breadcrumb"},"inLanguage":"ru-RU","potentialAction":[{"@type":"ReadAction","target":["https:\/\/beebipood.ee\/ru\/produkt\/maxi-cosi-ohuniisuti\/"]}]},{"@type":"ImageObject","inLanguage":"ru-RU","@id":"https:\/\/beebipood.ee\/ru\/produkt\/maxi-cosi-ohuniisuti\/#primaryimage","url":"https:\/\/beebipood.ee\/wp-content\/uploads\/2026\/04\/maxi-cosi-ohuniisuti.jpg","contentUrl":"https:\/\/beebipood.ee\/wp-content\/uploads\/2026\/04\/maxi-cosi-ohuniisuti.jpg","width":1200,"height":1200},{"@type":"BreadcrumbList","@id":"https:\/\/beebipood.ee\/ru\/produkt\/maxi-cosi-ohuniisuti\/#breadcrumb","itemListElement":[{"@type":"ListItem","position":1,"name":"Home","item":"https:\/\/beebipood.ee\/ru\/"},{"@type":"ListItem","position":2,"name":"\u041a\u0430\u0442\u0430\u043b\u043e\u0433 \u0442\u043e\u0432\u0430\u0440\u043e\u0432","item":"https:\/\/beebipood.ee\/tooted\/"},{"@type":"ListItem","position":3,"name":"Maxi-Cosi \u00f5huniisuti"}]},{"@type":"WebSite","@id":"https:\/\/beebipood.ee\/ru\/#website","url":"https:\/\/beebipood.ee\/ru\/","name":"Beebipood","description":"Lastekaubad, beebikaubad, m\u00e4nguasjad","publisher":{"@id":"https:\/\/beebipood.ee\/ru\/#organization"},"potentialAction":[{"@type":"SearchAction","target":{"@type":"EntryPoint","urlTemplate":"https:\/\/beebipood.ee\/ru\/?s={search_term_string}"},"query-input":{"@type":"PropertyValueSpecification","valueRequired":true,"valueName":"search_term_string"}}],"inLanguage":"ru-RU"},{"@type":"Organization","@id":"https:\/\/beebipood.ee\/ru\/#organization","name":"Beebipood","url":"https:\/\/beebipood.ee\/ru\/","logo":{"@type":"ImageObject","inLanguage":"ru-RU","@id":"https:\/\/beebipood.ee\/ru\/#\/schema\/logo\/image\/","url":"https:\/\/beebipood.ee\/wp-content\/uploads\/2025\/03\/beebipood.ee-logo-1.svg","contentUrl":"https:\/\/beebipood.ee\/wp-content\/uploads\/2025\/03\/beebipood.ee-logo-1.svg","caption":"Beebipood"},"image":{"@id":"https:\/\/beebipood.ee\/ru\/#\/schema\/logo\/image\/"}}]}},"brands":[{"id":11961,"name":"Maxi-Cosi","slug":"maxi-cosi-ru"}],"_links":{"self":[{"href":"https:\/\/beebipood.ee\/ru\/wp-json\/wp\/v2\/product\/513591","targetHints":{"allow":["GET"]}}],"collection":[{"href":"https:\/\/beebipood.ee\/ru\/wp-json\/wp\/v2\/product"}],"about":[{"href":"https:\/\/beebipood.ee\/ru\/wp-json\/wp\/v2\/types\/product"}],"wp:featuredmedia":[{"embeddable":true,"href":"https:\/\/beebipood.ee\/ru\/wp-json\/wp\/v2\/media\/513593"}],"wp:attachment":[{"href":"https:\/\/beebipood.ee\/ru\/wp-json\/wp\/v2\/media?parent=513591"}],"wp:term":[{"taxonomy":"pwb-brand","embeddable":true,"href":"https:\/\/beebipood.ee\/ru\/wp-json\/wp\/v2\/pwb-brand?post=513591"},{"taxonomy":"product_brand","embeddable":true,"href":"https:\/\/beebipood.ee\/ru\/wp-json\/wp\/v2\/product_brand?post=513591"},{"taxonomy":"product_cat","embeddable":true,"href":"https:\/\/beebipood.ee\/ru\/wp-json\/wp\/v2\/product_cat?post=513591"},{"taxonomy":"product_tag","embeddable":true,"href":"https:\/\/beebipood.ee\/ru\/wp-json\/wp\/v2\/product_tag?post=513591"}],"curies":[{"name":"wp","href":"https:\/\/api.w.org\/{rel}","templated":true}]}}