{"id":513609,"date":"2026-04-21T14:17:14","date_gmt":"2026-04-21T11:17:14","guid":{"rendered":"https:\/\/beebipood.ee\/?post_type=product&#038;p=513609"},"modified":"2026-04-21T14:34:25","modified_gmt":"2026-04-21T11:34:25","slug":"maxi-cosi-soothe-sound-muusikaga-oolamp","status":"publish","type":"product","link":"https:\/\/beebipood.ee\/ru\/produkt\/maxi-cosi-soothe-sound-muusikaga-oolamp\/","title":{"rendered":"Maxi-Cosi Soothe &#038; Sound muusikaga \u00f6\u00f6lamp"},"content":{"rendered":"<h2 data-section-id=\"13u99pj\" data-start=\"77\" data-end=\"123\">Maxi-Cosi Soothe &amp; Sound muusikaga \u00f6\u00f6lamp<\/h2>\n<p data-start=\"124\" data-end=\"172\"><strong data-start=\"124\" data-end=\"172\">Rahulik uni ja kindel unerutiin sinu lapsele<\/strong><\/p>\n<p data-start=\"174\" data-end=\"418\">Maxi-Cosi Soothe &amp; Sound \u00f6\u00f6lamp aitab luua beebitoas m\u00f5nusa ja turvalise keskkonna, kus laps saab rahulikult uinuda ja \u00e4rgata. Valguse ja helide kombinatsioon toetab lapse loomulikku uner\u00fctmi ning muudab \u00f5htused ja hommikused hetked sujuvamaks.<\/p>\n<hr data-start=\"420\" data-end=\"423\" \/>\n<h3 data-section-id=\"rngzx8\" data-start=\"425\" data-end=\"457\">\ud83d\ude34 Toetab rahulikku uinumist<\/h3>\n<p data-start=\"458\" data-end=\"603\">Erinevad helid ja pehme valgus aitavad lapsel l\u00f5\u00f5gastuda ning uinuda loomulikul viisil. Sobib kasutamiseks alates s\u00fcnnist ja kasvab koos lapsega.<\/p>\n<hr data-start=\"605\" data-end=\"608\" \/>\n<h3 data-section-id=\"1sv16on\" data-start=\"610\" data-end=\"650\">\ud83c\udf05 Nutikas \u201eTime-to-rise\u201c funktsioon<\/h3>\n<p data-start=\"651\" data-end=\"700\">\u00d6\u00f6lamp aitab lapsel \u00f5ppida, millal on aeg \u00e4rgata:<\/p>\n<ul data-start=\"701\" data-end=\"836\">\n<li data-section-id=\"1ddn25j\" data-start=\"701\" data-end=\"742\">pehme valgus m\u00e4rgib hommiku saabumist<\/li>\n<li data-section-id=\"x8xtwn\" data-start=\"743\" data-end=\"782\">toetab kindla unerutiini kujunemist<\/li>\n<li data-section-id=\"dodsum\" data-start=\"783\" data-end=\"836\">aitab vanematel ja lapsel paremini p\u00e4eva alustada<\/li>\n<\/ul>\n<hr data-start=\"838\" data-end=\"841\" \/>\n<h3 data-section-id=\"1lozyx9\" data-start=\"843\" data-end=\"883\">\ud83c\udfb6 Helid ja valgus vastavalt lapsele<\/h3>\n<ul data-start=\"884\" data-end=\"1027\">\n<li data-section-id=\"xaf31a\" data-start=\"884\" data-end=\"951\">\u00dcle 20 erineva heli ja meloodia (sh h\u00e4llilaulud ja white noise)<\/li>\n<li data-section-id=\"16en5r6\" data-start=\"952\" data-end=\"980\">Reguleeritav helitugevus<\/li>\n<li data-section-id=\"xu5wl3\" data-start=\"981\" data-end=\"1027\">Lai v\u00e4rvivalik ja muudetav valguse heledus<\/li>\n<\/ul>\n<p data-start=\"1029\" data-end=\"1109\">Saad luua t\u00e4pselt sellise kombinatsiooni, mis sinu lapsele k\u00f5ige paremini sobib.<\/p>\n<hr data-start=\"1111\" data-end=\"1114\" \/>\n<h2 data-section-id=\"stibz5\" data-start=\"1116\" data-end=\"1152\">Miks see \u00f6\u00f6lamp peredele meeldib?<\/h2>\n<ul data-start=\"1153\" data-end=\"1365\">\n<li data-section-id=\"1m2zyfy\" data-start=\"1153\" data-end=\"1190\">\u2714\ufe0f Aitab luua rahuliku unerutiini<\/li>\n<li data-section-id=\"924s2w\" data-start=\"1191\" data-end=\"1232\">\u2714\ufe0f Sobib nii beebile kui v\u00e4ikelapsele<\/li>\n<li data-section-id=\"i0xgoj\" data-start=\"1233\" data-end=\"1277\">\u2714\ufe0f Nutikas \u00e4rkamise \u00f5petamise funktsioon<\/li>\n<li data-section-id=\"4d8dzd\" data-start=\"1278\" data-end=\"1322\">\u2714\ufe0f Lihtne juhtida \u00e4pist v\u00f5i seadme pealt<\/li>\n<li data-section-id=\"xrytho\" data-start=\"1323\" data-end=\"1365\">\u2714\ufe0f Turvaline ja lapses\u00f5bralik lahendus<\/li>\n<\/ul>\n<hr data-start=\"1367\" data-end=\"1370\" \/>\n<h2 data-section-id=\"1bjy242\" data-start=\"1372\" data-end=\"1401\">Mugav kasutada igal viisil<\/h2>\n<ul data-start=\"1402\" data-end=\"1601\">\n<li data-section-id=\"1uvz8w7\" data-start=\"1402\" data-end=\"1434\">Juhtimine nutitelefoni \u00e4pist<\/li>\n<li data-section-id=\"1n81n9h\" data-start=\"1435\" data-end=\"1473\">Seadistamine otse seadme nuppudest<\/li>\n<li data-section-id=\"1c28ys1\" data-start=\"1474\" data-end=\"1521\">Toetab h\u00e4\u00e4ljuhtimist (Alexa ja Google Home)<\/li>\n<li data-section-id=\"13ysgop\" data-start=\"1522\" data-end=\"1560\">Ajastatav k\u00e4ivitus (delayed start)<\/li>\n<li data-section-id=\"120g7kr\" data-start=\"1561\" data-end=\"1601\">Lapselukk, et seaded p\u00fcsiksid paigas<\/li>\n<\/ul>\n<hr data-start=\"1603\" data-end=\"1606\" \/>\n<h2 data-section-id=\"yr5sb6\" data-start=\"1608\" data-end=\"1638\">Nutikas osa sinu beebitoast<\/h2>\n<p data-start=\"1639\" data-end=\"1762\">Seade \u00fchildub <strong data-start=\"1653\" data-end=\"1692\">Maxi-Cosi Connected Home s\u00fcsteemiga<\/strong>, v\u00f5imaldades luua tervikliku ja nutika keskkonna sinu lapse heaoluks.<\/p>\n<hr data-start=\"1764\" data-end=\"1767\" \/>\n<h2 data-section-id=\"1e8gqrv\" data-start=\"1769\" data-end=\"1789\">Tehnilised andmed<\/h2>\n<ul data-start=\"1790\" data-end=\"2013\">\n<li data-section-id=\"1ng7d8z\" data-start=\"1790\" data-end=\"1821\">Vanus: alates s\u00fcnnist (0k+)<\/li>\n<li data-section-id=\"1ee4n6g\" data-start=\"1822\" data-end=\"1840\">Kaal: 0,368 kg<\/li>\n<li data-section-id=\"f31bey\" data-start=\"1841\" data-end=\"1865\">M\u00f5\u00f5dud: 16,3 \u00d7 10 cm<\/li>\n<li data-section-id=\"cwzlfb\" data-start=\"1866\" data-end=\"1886\">Energiatarve: 5W<\/li>\n<li data-section-id=\"1tcw67c\" data-start=\"1887\" data-end=\"1912\">Valgustugevus: 200 lm<\/li>\n<li data-section-id=\"81udg8\" data-start=\"1913\" data-end=\"1942\">Helitugevus: reguleeritav<\/li>\n<li data-section-id=\"zr52xf\" data-start=\"1943\" data-end=\"1961\">Wi-Fi: 2.4 GHz<\/li>\n<li data-section-id=\"s1g3qi\" data-start=\"1962\" data-end=\"1985\">Toide: vooluv\u00f5rgust<\/li>\n<li data-section-id=\"agybqt\" data-start=\"1986\" data-end=\"2013\">Andmeside: kr\u00fcpteeritud<\/li>\n<\/ul>\n<hr data-start=\"2015\" data-end=\"2018\" \/>\n<h2 data-section-id=\"1fsugi8\" data-start=\"2020\" data-end=\"2033\">Komplektis<\/h2>\n<ul data-start=\"2034\" data-end=\"2102\">\n<li data-section-id=\"1m68woh\" data-start=\"2034\" data-end=\"2069\">Maxi-Cosi Soothe &amp; Sound \u00f6\u00f6lamp<\/li>\n<li data-section-id=\"18j1duz\" data-start=\"2070\" data-end=\"2085\">Toitekaabel<\/li>\n<li data-section-id=\"1o6zflo\" data-start=\"2086\" data-end=\"2102\">Toiteadapter<\/li>\n<li data-section-id=\"1o6zflo\" data-start=\"2086\" data-end=\"2102\">VIDEO: <a href=\"https:\/\/youtu.be\/3BtVFhHHFlA?si=AAqUxY-BxumrQmu3\">SIIN<\/a><\/li>\n<\/ul>\n<hr data-start=\"2104\" data-end=\"2107\" \/>\n<p data-start=\"2109\" data-end=\"2282\" data-is-last-node=\"\" data-is-only-node=\"\"><strong data-start=\"2109\" data-end=\"2137\">Maxi-Cosi Soothe &amp; Sound<\/strong> on ideaalne abiline, mis aitab luua lapsele turvalise, rahuliku ja toetava unerutiini \u2013 et nii uinumine kui \u00e4rkamine oleksid iga p\u00e4ev lihtsamad.<\/p>\n","protected":false},"excerpt":{"rendered":"<p>Maxi-Cosi Soothe &amp; Sound muusikaga \u00f6\u00f6lamp Rahulik uni ja kindel unerutiin sinu lapsele Maxi-Cosi Soothe &amp; Sound \u00f6\u00f6lamp aitab luua beebitoas m\u00f5nusa ja turvalise keskkonna, kus laps saab rahulikult uinuda ja \u00e4rgata. Valguse ja helide kombinatsioon toetab lapse loomulikku uner\u00fctmi ning muudab \u00f5htused ja hommikused hetked sujuvamaks. \ud83d\ude34 Toetab rahulikku uinumist Erinevad helid ja pehme [&hellip;]<\/p>\n","protected":false},"featured_media":513611,"template":"","meta":{"_acf_changed":false},"pwb-brand":[11961],"product_brand":[],"product_cat":[11715,11709],"product_tag":[],"class_list":{"0":"post-513609","1":"product","2":"type-product","3":"status-publish","4":"has-post-thumbnail","6":"pwb-brand-maxi-cosi-ru","7":"product_cat-hugieenitarbed-ru","8":"product_cat-sootmistoolid-beebi-ja-lastetarbed-mahkimine-hugieen-ru","9":"pa_manufacturer-alecto-ru","11":"first","12":"onbackorder","13":"taxable","14":"shipping-taxable","15":"purchasable","16":"product-type-simple"},"exclude_global_add_ons":[],"addons":[],"acf":[],"yoast_head":"<!-- This site is optimized with the Yoast SEO plugin v27.3 - https:\/\/yoast.com\/product\/yoast-seo-wordpress\/ -->\n<title>Alecto kaisuloom \u00f6\u00f6valguse ja muusikaga, Racoon, \u041d\u041e\u0412\u042b\u0415 \u0422\u041e\u0412\u0410\u0420\u042b, \u0414\u0440\u0443\u0433\u0430\u044f \u043c\u0435\u0431\u0435\u043b\u044c, \u041f\u0440\u0438\u043d\u0430\u0434\u043b\u0435\u0436\u043d\u043e\u0441\u0442\u0438 \u0434\u043b\u044f \u043c\u043b\u0430\u0434\u0435\u043d\u0446\u0435\u0432, Beebipood<\/title>\n<meta name=\"description\" content=\"Alecto kaisuloom \u00f6\u00f6valguse ja muusikaga, Racoon, Alecto m\u00e4nguasi on kolm \u00fches toode, mis aitab lapsel rahulikult ja sujuvalt uinuda. M&amp;otil\" \/>\n<meta name=\"robots\" content=\"index, follow, max-snippet:-1, max-image-preview:large, max-video-preview:-1\" \/>\n<link rel=\"canonical\" href=\"https:\/\/beebipood.ee\/ru\/produkt\/maxi-cosi-soothe-sound-muusikaga-oolamp\/\" \/>\n<meta property=\"og:locale\" content=\"ru_RU\" \/>\n<meta property=\"og:type\" content=\"article\" \/>\n<meta property=\"og:title\" content=\"Alecto kaisuloom \u00f6\u00f6valguse ja muusikaga, Racoon, \u041d\u041e\u0412\u042b\u0415 \u0422\u041e\u0412\u0410\u0420\u042b, \u0414\u0440\u0443\u0433\u0430\u044f \u043c\u0435\u0431\u0435\u043b\u044c, \u041f\u0440\u0438\u043d\u0430\u0434\u043b\u0435\u0436\u043d\u043e\u0441\u0442\u0438 \u0434\u043b\u044f \u043c\u043b\u0430\u0434\u0435\u043d\u0446\u0435\u0432, Beebipood\" \/>\n<meta property=\"og:description\" content=\"Alecto kaisuloom \u00f6\u00f6valguse ja muusikaga, Racoon, Alecto m\u00e4nguasi on kolm \u00fches toode, mis aitab lapsel rahulikult ja sujuvalt uinuda. M&amp;otil\" \/>\n<meta property=\"og:url\" content=\"https:\/\/beebipood.ee\/ru\/produkt\/maxi-cosi-soothe-sound-muusikaga-oolamp\/\" \/>\n<meta property=\"og:site_name\" content=\"Beebipood\" \/>\n<meta property=\"article:modified_time\" content=\"2026-04-21T11:34:25+00:00\" \/>\n<meta property=\"og:image\" content=\"https:\/\/beebipood.ee\/wp-content\/uploads\/2026\/04\/maxi-cosi-soothe-sound-muusikaga-oolamp.jpg\" \/>\n\t<meta property=\"og:image:width\" content=\"935\" \/>\n\t<meta property=\"og:image:height\" content=\"930\" \/>\n\t<meta property=\"og:image:type\" content=\"image\/jpeg\" \/>\n<meta name=\"twitter:card\" content=\"summary_large_image\" \/>\n<meta name=\"twitter:label1\" content=\"\u041f\u0440\u0438\u043c\u0435\u0440\u043d\u043e\u0435 \u0432\u0440\u0435\u043c\u044f \u0434\u043b\u044f \u0447\u0442\u0435\u043d\u0438\u044f\" \/>\n\t<meta name=\"twitter:data1\" content=\"2 \u043c\u0438\u043d\u0443\u0442\u044b\" \/>\n<script type=\"application\/ld+json\" class=\"yoast-schema-graph\">{\"@context\":\"https:\\\/\\\/schema.org\",\"@graph\":[{\"@type\":\"WebPage\",\"@id\":\"https:\\\/\\\/beebipood.ee\\\/ru\\\/produkt\\\/maxi-cosi-soothe-sound-muusikaga-oolamp\\\/\",\"url\":\"https:\\\/\\\/beebipood.ee\\\/ru\\\/produkt\\\/maxi-cosi-soothe-sound-muusikaga-oolamp\\\/\",\"name\":\"Alecto kaisuloom \u00f6\u00f6valguse ja muusikaga, Racoon, \u041d\u041e\u0412\u042b\u0415 \u0422\u041e\u0412\u0410\u0420\u042b, \u0414\u0440\u0443\u0433\u0430\u044f \u043c\u0435\u0431\u0435\u043b\u044c, \u041f\u0440\u0438\u043d\u0430\u0434\u043b\u0435\u0436\u043d\u043e\u0441\u0442\u0438 \u0434\u043b\u044f \u043c\u043b\u0430\u0434\u0435\u043d\u0446\u0435\u0432, Beebipood\",\"isPartOf\":{\"@id\":\"https:\\\/\\\/beebipood.ee\\\/ru\\\/#website\"},\"primaryImageOfPage\":{\"@id\":\"https:\\\/\\\/beebipood.ee\\\/ru\\\/produkt\\\/maxi-cosi-soothe-sound-muusikaga-oolamp\\\/#primaryimage\"},\"image\":{\"@id\":\"https:\\\/\\\/beebipood.ee\\\/ru\\\/produkt\\\/maxi-cosi-soothe-sound-muusikaga-oolamp\\\/#primaryimage\"},\"thumbnailUrl\":\"https:\\\/\\\/beebipood.ee\\\/wp-content\\\/uploads\\\/2026\\\/04\\\/maxi-cosi-soothe-sound-muusikaga-oolamp.jpg\",\"datePublished\":\"2026-04-21T11:17:14+00:00\",\"dateModified\":\"2026-04-21T11:34:25+00:00\",\"description\":\"Alecto kaisuloom \u00f6\u00f6valguse ja muusikaga, Racoon, Alecto m\u00e4nguasi on kolm \u00fches toode, mis aitab lapsel rahulikult ja sujuvalt uinuda. M&otil\",\"breadcrumb\":{\"@id\":\"https:\\\/\\\/beebipood.ee\\\/ru\\\/produkt\\\/maxi-cosi-soothe-sound-muusikaga-oolamp\\\/#breadcrumb\"},\"inLanguage\":\"ru-RU\",\"potentialAction\":[{\"@type\":\"ReadAction\",\"target\":[\"https:\\\/\\\/beebipood.ee\\\/ru\\\/produkt\\\/maxi-cosi-soothe-sound-muusikaga-oolamp\\\/\"]}]},{\"@type\":\"ImageObject\",\"inLanguage\":\"ru-RU\",\"@id\":\"https:\\\/\\\/beebipood.ee\\\/ru\\\/produkt\\\/maxi-cosi-soothe-sound-muusikaga-oolamp\\\/#primaryimage\",\"url\":\"https:\\\/\\\/beebipood.ee\\\/wp-content\\\/uploads\\\/2026\\\/04\\\/maxi-cosi-soothe-sound-muusikaga-oolamp.jpg\",\"contentUrl\":\"https:\\\/\\\/beebipood.ee\\\/wp-content\\\/uploads\\\/2026\\\/04\\\/maxi-cosi-soothe-sound-muusikaga-oolamp.jpg\",\"width\":935,\"height\":930},{\"@type\":\"BreadcrumbList\",\"@id\":\"https:\\\/\\\/beebipood.ee\\\/ru\\\/produkt\\\/maxi-cosi-soothe-sound-muusikaga-oolamp\\\/#breadcrumb\",\"itemListElement\":[{\"@type\":\"ListItem\",\"position\":1,\"name\":\"Home\",\"item\":\"https:\\\/\\\/beebipood.ee\\\/ru\\\/\"},{\"@type\":\"ListItem\",\"position\":2,\"name\":\"\u041a\u0430\u0442\u0430\u043b\u043e\u0433 \u0442\u043e\u0432\u0430\u0440\u043e\u0432\",\"item\":\"https:\\\/\\\/beebipood.ee\\\/tooted\\\/\"},{\"@type\":\"ListItem\",\"position\":3,\"name\":\"Maxi-Cosi Soothe &#038; Sound muusikaga \u00f6\u00f6lamp\"}]},{\"@type\":\"WebSite\",\"@id\":\"https:\\\/\\\/beebipood.ee\\\/ru\\\/#website\",\"url\":\"https:\\\/\\\/beebipood.ee\\\/ru\\\/\",\"name\":\"Beebipood\",\"description\":\"Lastekaubad, beebikaubad, m\u00e4nguasjad\",\"publisher\":{\"@id\":\"https:\\\/\\\/beebipood.ee\\\/ru\\\/#organization\"},\"potentialAction\":[{\"@type\":\"SearchAction\",\"target\":{\"@type\":\"EntryPoint\",\"urlTemplate\":\"https:\\\/\\\/beebipood.ee\\\/ru\\\/?s={search_term_string}\"},\"query-input\":{\"@type\":\"PropertyValueSpecification\",\"valueRequired\":true,\"valueName\":\"search_term_string\"}}],\"inLanguage\":\"ru-RU\"},{\"@type\":\"Organization\",\"@id\":\"https:\\\/\\\/beebipood.ee\\\/ru\\\/#organization\",\"name\":\"Beebipood\",\"url\":\"https:\\\/\\\/beebipood.ee\\\/ru\\\/\",\"logo\":{\"@type\":\"ImageObject\",\"inLanguage\":\"ru-RU\",\"@id\":\"https:\\\/\\\/beebipood.ee\\\/ru\\\/#\\\/schema\\\/logo\\\/image\\\/\",\"url\":\"https:\\\/\\\/beebipood.ee\\\/wp-content\\\/uploads\\\/2025\\\/03\\\/beebipood.ee-logo-1.svg\",\"contentUrl\":\"https:\\\/\\\/beebipood.ee\\\/wp-content\\\/uploads\\\/2025\\\/03\\\/beebipood.ee-logo-1.svg\",\"caption\":\"Beebipood\"},\"image\":{\"@id\":\"https:\\\/\\\/beebipood.ee\\\/ru\\\/#\\\/schema\\\/logo\\\/image\\\/\"}}]}<\/script>\n<!-- \/ Yoast SEO plugin. -->","yoast_head_json":{"title":"Alecto kaisuloom \u00f6\u00f6valguse ja muusikaga, Racoon, \u041d\u041e\u0412\u042b\u0415 \u0422\u041e\u0412\u0410\u0420\u042b, \u0414\u0440\u0443\u0433\u0430\u044f \u043c\u0435\u0431\u0435\u043b\u044c, \u041f\u0440\u0438\u043d\u0430\u0434\u043b\u0435\u0436\u043d\u043e\u0441\u0442\u0438 \u0434\u043b\u044f \u043c\u043b\u0430\u0434\u0435\u043d\u0446\u0435\u0432, Beebipood","description":"Alecto kaisuloom \u00f6\u00f6valguse ja muusikaga, Racoon, Alecto m\u00e4nguasi on kolm \u00fches toode, mis aitab lapsel rahulikult ja sujuvalt uinuda. M&otil","robots":{"index":"index","follow":"follow","max-snippet":"max-snippet:-1","max-image-preview":"max-image-preview:large","max-video-preview":"max-video-preview:-1"},"canonical":"https:\/\/beebipood.ee\/ru\/produkt\/maxi-cosi-soothe-sound-muusikaga-oolamp\/","og_locale":"ru_RU","og_type":"article","og_title":"Alecto kaisuloom \u00f6\u00f6valguse ja muusikaga, Racoon, \u041d\u041e\u0412\u042b\u0415 \u0422\u041e\u0412\u0410\u0420\u042b, \u0414\u0440\u0443\u0433\u0430\u044f \u043c\u0435\u0431\u0435\u043b\u044c, \u041f\u0440\u0438\u043d\u0430\u0434\u043b\u0435\u0436\u043d\u043e\u0441\u0442\u0438 \u0434\u043b\u044f \u043c\u043b\u0430\u0434\u0435\u043d\u0446\u0435\u0432, Beebipood","og_description":"Alecto kaisuloom \u00f6\u00f6valguse ja muusikaga, Racoon, Alecto m\u00e4nguasi on kolm \u00fches toode, mis aitab lapsel rahulikult ja sujuvalt uinuda. M&otil","og_url":"https:\/\/beebipood.ee\/ru\/produkt\/maxi-cosi-soothe-sound-muusikaga-oolamp\/","og_site_name":"Beebipood","article_modified_time":"2026-04-21T11:34:25+00:00","og_image":[{"width":935,"height":930,"url":"https:\/\/beebipood.ee\/wp-content\/uploads\/2026\/04\/maxi-cosi-soothe-sound-muusikaga-oolamp.jpg","type":"image\/jpeg"}],"twitter_card":"summary_large_image","twitter_misc":{"\u041f\u0440\u0438\u043c\u0435\u0440\u043d\u043e\u0435 \u0432\u0440\u0435\u043c\u044f \u0434\u043b\u044f \u0447\u0442\u0435\u043d\u0438\u044f":"2 \u043c\u0438\u043d\u0443\u0442\u044b"},"schema":{"@context":"https:\/\/schema.org","@graph":[{"@type":"WebPage","@id":"https:\/\/beebipood.ee\/ru\/produkt\/maxi-cosi-soothe-sound-muusikaga-oolamp\/","url":"https:\/\/beebipood.ee\/ru\/produkt\/maxi-cosi-soothe-sound-muusikaga-oolamp\/","name":"Alecto kaisuloom \u00f6\u00f6valguse ja muusikaga, Racoon, \u041d\u041e\u0412\u042b\u0415 \u0422\u041e\u0412\u0410\u0420\u042b, \u0414\u0440\u0443\u0433\u0430\u044f \u043c\u0435\u0431\u0435\u043b\u044c, \u041f\u0440\u0438\u043d\u0430\u0434\u043b\u0435\u0436\u043d\u043e\u0441\u0442\u0438 \u0434\u043b\u044f \u043c\u043b\u0430\u0434\u0435\u043d\u0446\u0435\u0432, Beebipood","isPartOf":{"@id":"https:\/\/beebipood.ee\/ru\/#website"},"primaryImageOfPage":{"@id":"https:\/\/beebipood.ee\/ru\/produkt\/maxi-cosi-soothe-sound-muusikaga-oolamp\/#primaryimage"},"image":{"@id":"https:\/\/beebipood.ee\/ru\/produkt\/maxi-cosi-soothe-sound-muusikaga-oolamp\/#primaryimage"},"thumbnailUrl":"https:\/\/beebipood.ee\/wp-content\/uploads\/2026\/04\/maxi-cosi-soothe-sound-muusikaga-oolamp.jpg","datePublished":"2026-04-21T11:17:14+00:00","dateModified":"2026-04-21T11:34:25+00:00","description":"Alecto kaisuloom \u00f6\u00f6valguse ja muusikaga, Racoon, Alecto m\u00e4nguasi on kolm \u00fches toode, mis aitab lapsel rahulikult ja sujuvalt uinuda. M&otil","breadcrumb":{"@id":"https:\/\/beebipood.ee\/ru\/produkt\/maxi-cosi-soothe-sound-muusikaga-oolamp\/#breadcrumb"},"inLanguage":"ru-RU","potentialAction":[{"@type":"ReadAction","target":["https:\/\/beebipood.ee\/ru\/produkt\/maxi-cosi-soothe-sound-muusikaga-oolamp\/"]}]},{"@type":"ImageObject","inLanguage":"ru-RU","@id":"https:\/\/beebipood.ee\/ru\/produkt\/maxi-cosi-soothe-sound-muusikaga-oolamp\/#primaryimage","url":"https:\/\/beebipood.ee\/wp-content\/uploads\/2026\/04\/maxi-cosi-soothe-sound-muusikaga-oolamp.jpg","contentUrl":"https:\/\/beebipood.ee\/wp-content\/uploads\/2026\/04\/maxi-cosi-soothe-sound-muusikaga-oolamp.jpg","width":935,"height":930},{"@type":"BreadcrumbList","@id":"https:\/\/beebipood.ee\/ru\/produkt\/maxi-cosi-soothe-sound-muusikaga-oolamp\/#breadcrumb","itemListElement":[{"@type":"ListItem","position":1,"name":"Home","item":"https:\/\/beebipood.ee\/ru\/"},{"@type":"ListItem","position":2,"name":"\u041a\u0430\u0442\u0430\u043b\u043e\u0433 \u0442\u043e\u0432\u0430\u0440\u043e\u0432","item":"https:\/\/beebipood.ee\/tooted\/"},{"@type":"ListItem","position":3,"name":"Maxi-Cosi Soothe &#038; Sound muusikaga \u00f6\u00f6lamp"}]},{"@type":"WebSite","@id":"https:\/\/beebipood.ee\/ru\/#website","url":"https:\/\/beebipood.ee\/ru\/","name":"Beebipood","description":"Lastekaubad, beebikaubad, m\u00e4nguasjad","publisher":{"@id":"https:\/\/beebipood.ee\/ru\/#organization"},"potentialAction":[{"@type":"SearchAction","target":{"@type":"EntryPoint","urlTemplate":"https:\/\/beebipood.ee\/ru\/?s={search_term_string}"},"query-input":{"@type":"PropertyValueSpecification","valueRequired":true,"valueName":"search_term_string"}}],"inLanguage":"ru-RU"},{"@type":"Organization","@id":"https:\/\/beebipood.ee\/ru\/#organization","name":"Beebipood","url":"https:\/\/beebipood.ee\/ru\/","logo":{"@type":"ImageObject","inLanguage":"ru-RU","@id":"https:\/\/beebipood.ee\/ru\/#\/schema\/logo\/image\/","url":"https:\/\/beebipood.ee\/wp-content\/uploads\/2025\/03\/beebipood.ee-logo-1.svg","contentUrl":"https:\/\/beebipood.ee\/wp-content\/uploads\/2025\/03\/beebipood.ee-logo-1.svg","caption":"Beebipood"},"image":{"@id":"https:\/\/beebipood.ee\/ru\/#\/schema\/logo\/image\/"}}]}},"brands":[{"id":11961,"name":"Maxi-Cosi","slug":"maxi-cosi-ru"}],"_links":{"self":[{"href":"https:\/\/beebipood.ee\/ru\/wp-json\/wp\/v2\/product\/513609","targetHints":{"allow":["GET"]}}],"collection":[{"href":"https:\/\/beebipood.ee\/ru\/wp-json\/wp\/v2\/product"}],"about":[{"href":"https:\/\/beebipood.ee\/ru\/wp-json\/wp\/v2\/types\/product"}],"wp:featuredmedia":[{"embeddable":true,"href":"https:\/\/beebipood.ee\/ru\/wp-json\/wp\/v2\/media\/513611"}],"wp:attachment":[{"href":"https:\/\/beebipood.ee\/ru\/wp-json\/wp\/v2\/media?parent=513609"}],"wp:term":[{"taxonomy":"pwb-brand","embeddable":true,"href":"https:\/\/beebipood.ee\/ru\/wp-json\/wp\/v2\/pwb-brand?post=513609"},{"taxonomy":"product_brand","embeddable":true,"href":"https:\/\/beebipood.ee\/ru\/wp-json\/wp\/v2\/product_brand?post=513609"},{"taxonomy":"product_cat","embeddable":true,"href":"https:\/\/beebipood.ee\/ru\/wp-json\/wp\/v2\/product_cat?post=513609"},{"taxonomy":"product_tag","embeddable":true,"href":"https:\/\/beebipood.ee\/ru\/wp-json\/wp\/v2\/product_tag?post=513609"}],"curies":[{"name":"wp","href":"https:\/\/api.w.org\/{rel}","templated":true}]}}