{"id":513636,"date":"2026-04-22T12:24:56","date_gmt":"2026-04-22T09:24:56","guid":{"rendered":"https:\/\/beebipood.ee\/?post_type=product&#038;p=513636"},"modified":"2026-04-22T12:36:57","modified_gmt":"2026-04-22T09:36:57","slug":"maxi-cosi-iora-plus-beebihall-voodi-korvale-elegance-beige","status":"publish","type":"product","link":"https:\/\/beebipood.ee\/ru\/produkt\/maxi-cosi-iora-plus-beebihall-voodi-korvale-elegance-beige\/","title":{"rendered":"Maxi-Cosi Iora Plus beebih\u00e4ll voodi k\u00f5rvale, Elegance Beige"},"content":{"rendered":"<div class=\"text-base my-auto mx-auto [--thread-content-margin:var(--thread-content-margin-xs,calc(var(--spacing)*4))] @w-sm\/main:[--thread-content-margin:var(--thread-content-margin-sm,calc(var(--spacing)*6))] @w-lg\/main:[--thread-content-margin:var(--thread-content-margin-lg,calc(var(--spacing)*16))] px-(--thread-content-margin)\">\n<div class=\"[--thread-content-max-width:40rem] @w-lg\/main:[--thread-content-max-width:48rem] mx-auto max-w-(--thread-content-max-width) flex-1 group\/turn-messages focus-visible:outline-hidden relative flex w-full min-w-0 flex-col agent-turn\">\n<div class=\"flex max-w-full flex-col gap-4 grow\">\n<div class=\"min-h-8 text-message relative flex w-full flex-col items-end gap-2 text-start break-words whitespace-normal outline-none keyboard-focused:focus-ring [.text-message+&amp;]:mt-1\" dir=\"auto\" data-message-author-role=\"assistant\" data-message-id=\"042ad412-efa6-4b74-86aa-05ad50172283\" data-message-model-slug=\"gpt-5-3\">\n<div class=\"flex w-full flex-col gap-1 empty:hidden\">\n<div class=\"markdown prose dark:prose-invert w-full wrap-break-word light markdown-new-styling\">\n<h2 data-section-id=\"1ivc334\" data-start=\"124\" data-end=\"153\">Maxi-Cosi Iora Plus h\u00e4ll<\/h2>\n<p data-start=\"154\" data-end=\"208\"><strong data-start=\"154\" data-end=\"208\">Mugav ja turvaline uni sinu beebile \u2013 sinu l\u00e4hedal<\/strong><\/p>\n<p data-start=\"210\" data-end=\"422\">Maxi-Cosi Iora Plus on praktiline ja mugav h\u00e4ll, mis v\u00f5imaldab hoida beebi \u00f6\u00f6sel enda l\u00e4hedal. Seda saab kasutada nii k\u00f5rvuti voodiga kui ka eraldiseisva h\u00e4llina \u2013 just nii, nagu sinu perele k\u00f5ige paremini sobib.<\/p>\n<hr data-start=\"424\" data-end=\"427\" \/>\n<h3 data-section-id=\"1ww4vjp\" data-start=\"429\" data-end=\"466\">\ud83d\udc76 L\u00e4hedus, mis loob turvatunde<\/h3>\n<p data-start=\"467\" data-end=\"529\">T\u00e4nu lihtsale lukuga mehhanismile saad h\u00e4lli kiiresti muuta:<\/p>\n<ul data-start=\"530\" data-end=\"565\">\n<li data-section-id=\"1lqrnkj\" data-start=\"530\" data-end=\"546\">vooditaskuks<\/li>\n<li data-section-id=\"sl1o8y\" data-start=\"547\" data-end=\"565\">eraldi h\u00e4lliks<\/li>\n<\/ul>\n<p data-start=\"567\" data-end=\"633\">Nii on beebi alati sinu l\u00e4hedal, kuid samas turvaliselt oma pesas.<\/p>\n<hr data-start=\"635\" data-end=\"638\" \/>\n<h3 data-section-id=\"4rdnxt\" data-start=\"640\" data-end=\"675\">\ud83d\udecf\ufe0f Sobib erinevate vooditega<\/h3>\n<ul data-start=\"676\" data-end=\"824\">\n<li data-section-id=\"hw9nxn\" data-start=\"676\" data-end=\"741\">5 k\u00f5rgusastet v\u00f5imaldavad h\u00e4lli t\u00e4pselt sobitada sinu voodiga<\/li>\n<li data-section-id=\"1xs2pnk\" data-start=\"742\" data-end=\"790\">Jalad on disainitud nii, et need ei j\u00e4\u00e4 ette<\/li>\n<li data-section-id=\"kc6bor\" data-start=\"791\" data-end=\"824\">Lihtne ja turvaline paigaldus<\/li>\n<\/ul>\n<hr data-start=\"826\" data-end=\"829\" \/>\n<h3 data-section-id=\"1cx5sfv\" data-start=\"831\" data-end=\"859\">\ud83d\ude34 Mugav uni kogu \u00f6\u00f6ks<\/h3>\n<ul data-start=\"860\" data-end=\"1019\">\n<li data-section-id=\"d37i89\" data-start=\"860\" data-end=\"930\">5 cm paksune k\u00f5rge tihedusega madrats pakub \u00fchtlast ja pehmet tuge<\/li>\n<li data-section-id=\"1ngud3f\" data-start=\"931\" data-end=\"1019\">Reguleeritav kaldenurk (anti-refluks) aitab lapsel p\u00e4rast toitmist mugavamalt puhata<\/li>\n<\/ul>\n<hr data-start=\"1021\" data-end=\"1024\" \/>\n<h3 data-section-id=\"9b5b52\" data-start=\"1026\" data-end=\"1060\">\ud83c\udfe0 Lihtne liigutada \u00fcle kodu<\/h3>\n<p data-start=\"1061\" data-end=\"1106\">Sujuvalt liikuvad rattad v\u00f5imaldavad h\u00e4lli:<\/p>\n<ul data-start=\"1107\" data-end=\"1189\">\n<li data-section-id=\"1bu51vl\" data-start=\"1107\" data-end=\"1142\">vaikselt \u00fchest toast teise viia<\/li>\n<li data-section-id=\"16ied70\" data-start=\"1143\" data-end=\"1189\">hoida beebit enda l\u00e4hedal ka p\u00e4evasel ajal<\/li>\n<\/ul>\n<hr data-start=\"1191\" data-end=\"1194\" \/>\n<h3 data-section-id=\"j0vbyz\" data-start=\"1196\" data-end=\"1234\">Miks valida Maxi-Cosi Iora Plus?<\/h3>\n<p data-start=\"1235\" data-end=\"1453\">\u2714\ufe0f Kasutatav nii k\u00f5rvalvoodina kui ka eraldi h\u00e4llina<br data-start=\"1287\" data-end=\"1290\" \/>\u2714\ufe0f Lihtne kohandada erinevate vooditega<br data-start=\"1329\" data-end=\"1332\" \/>\u2714\ufe0f Mugav ja toetav madrats<br data-start=\"1358\" data-end=\"1361\" \/>\u2714\ufe0f Anti-refluks kaldenurk paremaks enesetundeks<br data-start=\"1408\" data-end=\"1411\" \/>\u2714\ufe0f Vaiksed rattad lihtsaks liigutamiseks<\/p>\n<hr data-start=\"1455\" data-end=\"1458\" \/>\n<h3 data-section-id=\"phohoo\" data-start=\"1460\" data-end=\"1477\">\ud83d\udcca N\u00e4itajad<\/h3>\n<ul data-start=\"1478\" data-end=\"1627\">\n<li data-section-id=\"4ph04e\" data-start=\"1478\" data-end=\"1498\"><strong data-start=\"1480\" data-end=\"1489\">Kaal:<\/strong> 9,2 kg<\/li>\n<li data-section-id=\"1h5hd3w\" data-start=\"1499\" data-end=\"1565\"><strong data-start=\"1501\" data-end=\"1512\">M\u00f5\u00f5dud:<\/strong> 74,7\u201385,7 \u00d7 63,3 \u00d7 97 cm (k\u00f5rgus \u00d7 laius \u00d7 pikkus)<\/li>\n<li data-section-id=\"15a56ah\" data-start=\"1566\" data-end=\"1595\"><strong data-start=\"1568\" data-end=\"1583\">Kandev\u00f5ime:<\/strong> kuni 9 kg<\/li>\n<li data-section-id=\"kbbmoq\" data-start=\"1596\" data-end=\"1627\"><strong data-start=\"1598\" data-end=\"1610\">Sobivus:<\/strong> alates s\u00fcnnist<\/li>\n<\/ul>\n<hr data-start=\"1629\" data-end=\"1632\" \/>\n<p data-start=\"1634\" data-end=\"1756\">Maxi-Cosi Iora Plus on loodud selleks, et pakkuda sinu beebile turvalist und ja sulle meelerahu \u2013 igal \u00f6\u00f6l ja igas hetkes.<\/p>\n<\/div>\n<\/div>\n<\/div>\n<\/div>\n<\/div>\n<\/div>\n","protected":false},"excerpt":{"rendered":"<p>Maxi-Cosi Iora Plus h\u00e4ll Mugav ja turvaline uni sinu beebile \u2013 sinu l\u00e4hedal Maxi-Cosi Iora Plus on praktiline ja mugav h\u00e4ll, mis v\u00f5imaldab hoida beebi \u00f6\u00f6sel enda l\u00e4hedal. Seda saab kasutada nii k\u00f5rvuti voodiga kui ka eraldiseisva h\u00e4llina \u2013 just nii, nagu sinu perele k\u00f5ige paremini sobib. \ud83d\udc76 L\u00e4hedus, mis loob turvatunde T\u00e4nu lihtsale lukuga [&hellip;]<\/p>\n","protected":false},"featured_media":513638,"template":"","meta":{"_acf_changed":false},"pwb-brand":[11961],"product_brand":[],"product_cat":[11571],"product_tag":[],"class_list":{"0":"post-513636","1":"product","2":"type-product","3":"status-publish","4":"has-post-thumbnail","6":"pwb-brand-maxi-cosi-ru","7":"product_cat-hallid-ja-vooditaskud-ru","8":"pa_manufacturer-maxi_cosi-ru","10":"first","11":"onbackorder","12":"taxable","13":"shipping-taxable","14":"purchasable","15":"product-type-simple"},"exclude_global_add_ons":[],"addons":[],"acf":[],"yoast_head":"<!-- This site is optimized with the Yoast SEO plugin v27.3 - https:\/\/yoast.com\/product\/yoast-seo-wordpress\/ -->\n<title>Maxi-Cosi Iora Air beebih\u00e4ll voodi k\u00f5rvale, Classic Beige, \u041b\u044e\u043b\u044c\u043a\u0438 \u0438 \u043a\u0430\u0440\u043c\u0430\u0448\u043a\u0438 \u0434\u043b\u044f \u043a\u0440\u043e\u0432\u0430\u0442\u043a\u0438, \u0421\u041a\u0418\u0414\u041a\u0418, \u0428\u0438\u0440\u0438\u043d\u043e\u0439 \u0434\u043e 160 \u0441\u043c , Beebipood<\/title>\n<meta name=\"description\" content=\"Maxi-Cosi Iora Air beebih\u00e4ll voodi k\u00f5rvale, Classic Beige, Uuendatud versioon Maxi-Cosi Iora beebih\u00e4llist,mida \u00fcmbritseb\" \/>\n<meta name=\"robots\" content=\"index, follow, max-snippet:-1, max-image-preview:large, max-video-preview:-1\" \/>\n<link rel=\"canonical\" href=\"https:\/\/beebipood.ee\/ru\/produkt\/maxi-cosi-iora-plus-beebihall-voodi-korvale-elegance-beige\/\" \/>\n<meta property=\"og:locale\" content=\"ru_RU\" \/>\n<meta property=\"og:type\" content=\"article\" \/>\n<meta property=\"og:title\" content=\"Maxi-Cosi Iora Air beebih\u00e4ll voodi k\u00f5rvale, Classic Beige, \u041b\u044e\u043b\u044c\u043a\u0438 \u0438 \u043a\u0430\u0440\u043c\u0430\u0448\u043a\u0438 \u0434\u043b\u044f \u043a\u0440\u043e\u0432\u0430\u0442\u043a\u0438, \u0421\u041a\u0418\u0414\u041a\u0418, \u0428\u0438\u0440\u0438\u043d\u043e\u0439 \u0434\u043e 160 \u0441\u043c , Beebipood\" \/>\n<meta property=\"og:description\" content=\"Maxi-Cosi Iora Air beebih\u00e4ll voodi k\u00f5rvale, Classic Beige, Uuendatud versioon Maxi-Cosi Iora beebih\u00e4llist,mida \u00fcmbritseb\" \/>\n<meta property=\"og:url\" content=\"https:\/\/beebipood.ee\/ru\/produkt\/maxi-cosi-iora-plus-beebihall-voodi-korvale-elegance-beige\/\" \/>\n<meta property=\"og:site_name\" content=\"Beebipood\" \/>\n<meta property=\"article:modified_time\" content=\"2026-04-22T09:36:57+00:00\" \/>\n<meta property=\"og:image\" content=\"https:\/\/beebipood.ee\/wp-content\/uploads\/2026\/04\/maxi-cosi-iora-plus-elegance-beige-scaled.jpg\" \/>\n\t<meta property=\"og:image:width\" content=\"2560\" \/>\n\t<meta property=\"og:image:height\" content=\"2560\" \/>\n\t<meta property=\"og:image:type\" content=\"image\/jpeg\" \/>\n<meta name=\"twitter:card\" content=\"summary_large_image\" \/>\n<meta name=\"twitter:label1\" content=\"\u041f\u0440\u0438\u043c\u0435\u0440\u043d\u043e\u0435 \u0432\u0440\u0435\u043c\u044f \u0434\u043b\u044f \u0447\u0442\u0435\u043d\u0438\u044f\" \/>\n\t<meta name=\"twitter:data1\" content=\"2 \u043c\u0438\u043d\u0443\u0442\u044b\" \/>\n<script type=\"application\/ld+json\" class=\"yoast-schema-graph\">{\"@context\":\"https:\\\/\\\/schema.org\",\"@graph\":[{\"@type\":\"WebPage\",\"@id\":\"https:\\\/\\\/beebipood.ee\\\/ru\\\/produkt\\\/maxi-cosi-iora-plus-beebihall-voodi-korvale-elegance-beige\\\/\",\"url\":\"https:\\\/\\\/beebipood.ee\\\/ru\\\/produkt\\\/maxi-cosi-iora-plus-beebihall-voodi-korvale-elegance-beige\\\/\",\"name\":\"Maxi-Cosi Iora Air beebih\u00e4ll voodi k\u00f5rvale, Classic Beige, \u041b\u044e\u043b\u044c\u043a\u0438 \u0438 \u043a\u0430\u0440\u043c\u0430\u0448\u043a\u0438 \u0434\u043b\u044f \u043a\u0440\u043e\u0432\u0430\u0442\u043a\u0438, \u0421\u041a\u0418\u0414\u041a\u0418, \u0428\u0438\u0440\u0438\u043d\u043e\u0439 \u0434\u043e 160 \u0441\u043c , Beebipood\",\"isPartOf\":{\"@id\":\"https:\\\/\\\/beebipood.ee\\\/ru\\\/#website\"},\"primaryImageOfPage\":{\"@id\":\"https:\\\/\\\/beebipood.ee\\\/ru\\\/produkt\\\/maxi-cosi-iora-plus-beebihall-voodi-korvale-elegance-beige\\\/#primaryimage\"},\"image\":{\"@id\":\"https:\\\/\\\/beebipood.ee\\\/ru\\\/produkt\\\/maxi-cosi-iora-plus-beebihall-voodi-korvale-elegance-beige\\\/#primaryimage\"},\"thumbnailUrl\":\"https:\\\/\\\/beebipood.ee\\\/wp-content\\\/uploads\\\/2026\\\/04\\\/maxi-cosi-iora-plus-elegance-beige-scaled.jpg\",\"datePublished\":\"2026-04-22T09:24:56+00:00\",\"dateModified\":\"2026-04-22T09:36:57+00:00\",\"description\":\"Maxi-Cosi Iora Air beebih\u00e4ll voodi k\u00f5rvale, Classic Beige, Uuendatud versioon Maxi-Cosi Iora beebih\u00e4llist,mida \u00fcmbritseb\",\"breadcrumb\":{\"@id\":\"https:\\\/\\\/beebipood.ee\\\/ru\\\/produkt\\\/maxi-cosi-iora-plus-beebihall-voodi-korvale-elegance-beige\\\/#breadcrumb\"},\"inLanguage\":\"ru-RU\",\"potentialAction\":[{\"@type\":\"ReadAction\",\"target\":[\"https:\\\/\\\/beebipood.ee\\\/ru\\\/produkt\\\/maxi-cosi-iora-plus-beebihall-voodi-korvale-elegance-beige\\\/\"]}]},{\"@type\":\"ImageObject\",\"inLanguage\":\"ru-RU\",\"@id\":\"https:\\\/\\\/beebipood.ee\\\/ru\\\/produkt\\\/maxi-cosi-iora-plus-beebihall-voodi-korvale-elegance-beige\\\/#primaryimage\",\"url\":\"https:\\\/\\\/beebipood.ee\\\/wp-content\\\/uploads\\\/2026\\\/04\\\/maxi-cosi-iora-plus-elegance-beige-scaled.jpg\",\"contentUrl\":\"https:\\\/\\\/beebipood.ee\\\/wp-content\\\/uploads\\\/2026\\\/04\\\/maxi-cosi-iora-plus-elegance-beige-scaled.jpg\",\"width\":2560,\"height\":2560},{\"@type\":\"BreadcrumbList\",\"@id\":\"https:\\\/\\\/beebipood.ee\\\/ru\\\/produkt\\\/maxi-cosi-iora-plus-beebihall-voodi-korvale-elegance-beige\\\/#breadcrumb\",\"itemListElement\":[{\"@type\":\"ListItem\",\"position\":1,\"name\":\"Home\",\"item\":\"https:\\\/\\\/beebipood.ee\\\/ru\\\/\"},{\"@type\":\"ListItem\",\"position\":2,\"name\":\"\u041a\u0430\u0442\u0430\u043b\u043e\u0433 \u0442\u043e\u0432\u0430\u0440\u043e\u0432\",\"item\":\"https:\\\/\\\/beebipood.ee\\\/tooted\\\/\"},{\"@type\":\"ListItem\",\"position\":3,\"name\":\"Maxi-Cosi Iora Plus beebih\u00e4ll voodi k\u00f5rvale, Elegance Beige\"}]},{\"@type\":\"WebSite\",\"@id\":\"https:\\\/\\\/beebipood.ee\\\/ru\\\/#website\",\"url\":\"https:\\\/\\\/beebipood.ee\\\/ru\\\/\",\"name\":\"Beebipood\",\"description\":\"Lastekaubad, beebikaubad, m\u00e4nguasjad\",\"publisher\":{\"@id\":\"https:\\\/\\\/beebipood.ee\\\/ru\\\/#organization\"},\"potentialAction\":[{\"@type\":\"SearchAction\",\"target\":{\"@type\":\"EntryPoint\",\"urlTemplate\":\"https:\\\/\\\/beebipood.ee\\\/ru\\\/?s={search_term_string}\"},\"query-input\":{\"@type\":\"PropertyValueSpecification\",\"valueRequired\":true,\"valueName\":\"search_term_string\"}}],\"inLanguage\":\"ru-RU\"},{\"@type\":\"Organization\",\"@id\":\"https:\\\/\\\/beebipood.ee\\\/ru\\\/#organization\",\"name\":\"Beebipood\",\"url\":\"https:\\\/\\\/beebipood.ee\\\/ru\\\/\",\"logo\":{\"@type\":\"ImageObject\",\"inLanguage\":\"ru-RU\",\"@id\":\"https:\\\/\\\/beebipood.ee\\\/ru\\\/#\\\/schema\\\/logo\\\/image\\\/\",\"url\":\"https:\\\/\\\/beebipood.ee\\\/wp-content\\\/uploads\\\/2025\\\/03\\\/beebipood.ee-logo-1.svg\",\"contentUrl\":\"https:\\\/\\\/beebipood.ee\\\/wp-content\\\/uploads\\\/2025\\\/03\\\/beebipood.ee-logo-1.svg\",\"caption\":\"Beebipood\"},\"image\":{\"@id\":\"https:\\\/\\\/beebipood.ee\\\/ru\\\/#\\\/schema\\\/logo\\\/image\\\/\"}}]}<\/script>\n<!-- \/ Yoast SEO plugin. -->","yoast_head_json":{"title":"Maxi-Cosi Iora Air beebih\u00e4ll voodi k\u00f5rvale, Classic Beige, \u041b\u044e\u043b\u044c\u043a\u0438 \u0438 \u043a\u0430\u0440\u043c\u0430\u0448\u043a\u0438 \u0434\u043b\u044f \u043a\u0440\u043e\u0432\u0430\u0442\u043a\u0438, \u0421\u041a\u0418\u0414\u041a\u0418, \u0428\u0438\u0440\u0438\u043d\u043e\u0439 \u0434\u043e 160 \u0441\u043c , Beebipood","description":"Maxi-Cosi Iora Air beebih\u00e4ll voodi k\u00f5rvale, Classic Beige, Uuendatud versioon Maxi-Cosi Iora beebih\u00e4llist,mida \u00fcmbritseb","robots":{"index":"index","follow":"follow","max-snippet":"max-snippet:-1","max-image-preview":"max-image-preview:large","max-video-preview":"max-video-preview:-1"},"canonical":"https:\/\/beebipood.ee\/ru\/produkt\/maxi-cosi-iora-plus-beebihall-voodi-korvale-elegance-beige\/","og_locale":"ru_RU","og_type":"article","og_title":"Maxi-Cosi Iora Air beebih\u00e4ll voodi k\u00f5rvale, Classic Beige, \u041b\u044e\u043b\u044c\u043a\u0438 \u0438 \u043a\u0430\u0440\u043c\u0430\u0448\u043a\u0438 \u0434\u043b\u044f \u043a\u0440\u043e\u0432\u0430\u0442\u043a\u0438, \u0421\u041a\u0418\u0414\u041a\u0418, \u0428\u0438\u0440\u0438\u043d\u043e\u0439 \u0434\u043e 160 \u0441\u043c , Beebipood","og_description":"Maxi-Cosi Iora Air beebih\u00e4ll voodi k\u00f5rvale, Classic Beige, Uuendatud versioon Maxi-Cosi Iora beebih\u00e4llist,mida \u00fcmbritseb","og_url":"https:\/\/beebipood.ee\/ru\/produkt\/maxi-cosi-iora-plus-beebihall-voodi-korvale-elegance-beige\/","og_site_name":"Beebipood","article_modified_time":"2026-04-22T09:36:57+00:00","og_image":[{"width":2560,"height":2560,"url":"https:\/\/beebipood.ee\/wp-content\/uploads\/2026\/04\/maxi-cosi-iora-plus-elegance-beige-scaled.jpg","type":"image\/jpeg"}],"twitter_card":"summary_large_image","twitter_misc":{"\u041f\u0440\u0438\u043c\u0435\u0440\u043d\u043e\u0435 \u0432\u0440\u0435\u043c\u044f \u0434\u043b\u044f \u0447\u0442\u0435\u043d\u0438\u044f":"2 \u043c\u0438\u043d\u0443\u0442\u044b"},"schema":{"@context":"https:\/\/schema.org","@graph":[{"@type":"WebPage","@id":"https:\/\/beebipood.ee\/ru\/produkt\/maxi-cosi-iora-plus-beebihall-voodi-korvale-elegance-beige\/","url":"https:\/\/beebipood.ee\/ru\/produkt\/maxi-cosi-iora-plus-beebihall-voodi-korvale-elegance-beige\/","name":"Maxi-Cosi Iora Air beebih\u00e4ll voodi k\u00f5rvale, Classic Beige, \u041b\u044e\u043b\u044c\u043a\u0438 \u0438 \u043a\u0430\u0440\u043c\u0430\u0448\u043a\u0438 \u0434\u043b\u044f \u043a\u0440\u043e\u0432\u0430\u0442\u043a\u0438, \u0421\u041a\u0418\u0414\u041a\u0418, \u0428\u0438\u0440\u0438\u043d\u043e\u0439 \u0434\u043e 160 \u0441\u043c , Beebipood","isPartOf":{"@id":"https:\/\/beebipood.ee\/ru\/#website"},"primaryImageOfPage":{"@id":"https:\/\/beebipood.ee\/ru\/produkt\/maxi-cosi-iora-plus-beebihall-voodi-korvale-elegance-beige\/#primaryimage"},"image":{"@id":"https:\/\/beebipood.ee\/ru\/produkt\/maxi-cosi-iora-plus-beebihall-voodi-korvale-elegance-beige\/#primaryimage"},"thumbnailUrl":"https:\/\/beebipood.ee\/wp-content\/uploads\/2026\/04\/maxi-cosi-iora-plus-elegance-beige-scaled.jpg","datePublished":"2026-04-22T09:24:56+00:00","dateModified":"2026-04-22T09:36:57+00:00","description":"Maxi-Cosi Iora Air beebih\u00e4ll voodi k\u00f5rvale, Classic Beige, Uuendatud versioon Maxi-Cosi Iora beebih\u00e4llist,mida \u00fcmbritseb","breadcrumb":{"@id":"https:\/\/beebipood.ee\/ru\/produkt\/maxi-cosi-iora-plus-beebihall-voodi-korvale-elegance-beige\/#breadcrumb"},"inLanguage":"ru-RU","potentialAction":[{"@type":"ReadAction","target":["https:\/\/beebipood.ee\/ru\/produkt\/maxi-cosi-iora-plus-beebihall-voodi-korvale-elegance-beige\/"]}]},{"@type":"ImageObject","inLanguage":"ru-RU","@id":"https:\/\/beebipood.ee\/ru\/produkt\/maxi-cosi-iora-plus-beebihall-voodi-korvale-elegance-beige\/#primaryimage","url":"https:\/\/beebipood.ee\/wp-content\/uploads\/2026\/04\/maxi-cosi-iora-plus-elegance-beige-scaled.jpg","contentUrl":"https:\/\/beebipood.ee\/wp-content\/uploads\/2026\/04\/maxi-cosi-iora-plus-elegance-beige-scaled.jpg","width":2560,"height":2560},{"@type":"BreadcrumbList","@id":"https:\/\/beebipood.ee\/ru\/produkt\/maxi-cosi-iora-plus-beebihall-voodi-korvale-elegance-beige\/#breadcrumb","itemListElement":[{"@type":"ListItem","position":1,"name":"Home","item":"https:\/\/beebipood.ee\/ru\/"},{"@type":"ListItem","position":2,"name":"\u041a\u0430\u0442\u0430\u043b\u043e\u0433 \u0442\u043e\u0432\u0430\u0440\u043e\u0432","item":"https:\/\/beebipood.ee\/tooted\/"},{"@type":"ListItem","position":3,"name":"Maxi-Cosi Iora Plus beebih\u00e4ll voodi k\u00f5rvale, Elegance Beige"}]},{"@type":"WebSite","@id":"https:\/\/beebipood.ee\/ru\/#website","url":"https:\/\/beebipood.ee\/ru\/","name":"Beebipood","description":"Lastekaubad, beebikaubad, m\u00e4nguasjad","publisher":{"@id":"https:\/\/beebipood.ee\/ru\/#organization"},"potentialAction":[{"@type":"SearchAction","target":{"@type":"EntryPoint","urlTemplate":"https:\/\/beebipood.ee\/ru\/?s={search_term_string}"},"query-input":{"@type":"PropertyValueSpecification","valueRequired":true,"valueName":"search_term_string"}}],"inLanguage":"ru-RU"},{"@type":"Organization","@id":"https:\/\/beebipood.ee\/ru\/#organization","name":"Beebipood","url":"https:\/\/beebipood.ee\/ru\/","logo":{"@type":"ImageObject","inLanguage":"ru-RU","@id":"https:\/\/beebipood.ee\/ru\/#\/schema\/logo\/image\/","url":"https:\/\/beebipood.ee\/wp-content\/uploads\/2025\/03\/beebipood.ee-logo-1.svg","contentUrl":"https:\/\/beebipood.ee\/wp-content\/uploads\/2025\/03\/beebipood.ee-logo-1.svg","caption":"Beebipood"},"image":{"@id":"https:\/\/beebipood.ee\/ru\/#\/schema\/logo\/image\/"}}]}},"brands":[{"id":11961,"name":"Maxi-Cosi","slug":"maxi-cosi-ru"}],"_links":{"self":[{"href":"https:\/\/beebipood.ee\/ru\/wp-json\/wp\/v2\/product\/513636","targetHints":{"allow":["GET"]}}],"collection":[{"href":"https:\/\/beebipood.ee\/ru\/wp-json\/wp\/v2\/product"}],"about":[{"href":"https:\/\/beebipood.ee\/ru\/wp-json\/wp\/v2\/types\/product"}],"wp:featuredmedia":[{"embeddable":true,"href":"https:\/\/beebipood.ee\/ru\/wp-json\/wp\/v2\/media\/513638"}],"wp:attachment":[{"href":"https:\/\/beebipood.ee\/ru\/wp-json\/wp\/v2\/media?parent=513636"}],"wp:term":[{"taxonomy":"pwb-brand","embeddable":true,"href":"https:\/\/beebipood.ee\/ru\/wp-json\/wp\/v2\/pwb-brand?post=513636"},{"taxonomy":"product_brand","embeddable":true,"href":"https:\/\/beebipood.ee\/ru\/wp-json\/wp\/v2\/product_brand?post=513636"},{"taxonomy":"product_cat","embeddable":true,"href":"https:\/\/beebipood.ee\/ru\/wp-json\/wp\/v2\/product_cat?post=513636"},{"taxonomy":"product_tag","embeddable":true,"href":"https:\/\/beebipood.ee\/ru\/wp-json\/wp\/v2\/product_tag?post=513636"}],"curies":[{"name":"wp","href":"https:\/\/api.w.org\/{rel}","templated":true}]}}