{"id":513740,"date":"2026-04-23T16:09:28","date_gmt":"2026-04-23T13:09:28","guid":{"rendered":"https:\/\/beebipood.ee\/?post_type=product&#038;p=513740"},"modified":"2026-04-23T16:41:17","modified_gmt":"2026-04-23T13:41:17","slug":"sahtelvoodi-hermes-80x200-champagne","status":"publish","type":"product","link":"https:\/\/beebipood.ee\/ru\/produkt\/sahtelvoodi-hermes-80x200-champagne\/","title":{"rendered":"Sahtelvoodi Hermes 80\u00d7200, champagne"},"content":{"rendered":"<p data-start=\"0\" data-end=\"260\">\ud83d\udecf\ufe0f Nutikas diivanvoodi Hermes \u2013 mugavaks igap\u00e4evaseks kasutamiseks<br data-start=\"71\" data-end=\"74\" \/>Muuda noortetuba praktiliseks ja hubaseks paigaks!<br data-start=\"124\" data-end=\"127\" \/>Hermes voodi \u00fchendab endas mugava magamiskoha ja stiilse diivani \u2013 ideaalne lahendus nii puhkamiseks kui ka s\u00f5pradega aja veetmiseks.<\/p>\n<p data-start=\"262\" data-end=\"463\">\ud83c\udf1f Rohkem kui lihtsalt voodi<br data-start=\"290\" data-end=\"293\" \/>See mitmefunktsionaalne m\u00f6\u00f6bliese sobib suurep\u00e4raselt v\u00e4iksemasse tuppa.<br data-start=\"365\" data-end=\"368\" \/>P\u00e4eval kasutad seda diivanina, \u00f6\u00f6sel mugava voodina \u2013 lihtne ja nutikas lahendus igap\u00e4evaeluks.<\/p>\n<p data-start=\"465\" data-end=\"733\">\ud83d\udecb\ufe0f Mugav ja praktiline<br data-start=\"488\" data-end=\"491\" \/>Magamisala 80 \u00d7 200 cm ja 160 x 200 cm \u2013 piisav ruum heaks uneks<br data-start=\"539\" data-end=\"542\" \/>Kergesti kokkupandav mehhanism \u2013 voodist saab hetkega diivan<br data-start=\"602\" data-end=\"605\" \/>Madrats ei kuulu komplekti \u2013 vali sobiv vastavalt oma eelistustele<br data-start=\"671\" data-end=\"674\" \/>Ideaalne nii teismelisele kui ka k\u00fclalistetoa lahenduseks<\/p>\n<p data-start=\"735\" data-end=\"976\">\ud83e\uddf8 Turvaline ja peres\u00f5bralik<br data-start=\"763\" data-end=\"766\" \/>\u00dcmarad servad (R2) \u2013 v\u00e4iksem vigastuste oht<br data-start=\"809\" data-end=\"812\" \/>Maksimaalne kandev\u00f5ime kuni 160 kg<br data-start=\"846\" data-end=\"849\" \/>Sertifitseeritud voodi \u2013 vastab T\u00dcV kvaliteedi- ja ohutusstandarditele<br data-start=\"919\" data-end=\"922\" \/>Kasutajas\u00f5bralik viimistlus, sobib ka tundlikumatele<\/p>\n<p data-start=\"978\" data-end=\"1177\">\ud83e\udeb5 Vastupidav ja kvaliteetne<br data-start=\"1006\" data-end=\"1009\" \/>MDF-plaat, viimistletud veep\u00f5hise lakiga<br data-start=\"1049\" data-end=\"1052\" \/>Laminaatkattega puitlaastplaat<br data-start=\"1082\" data-end=\"1085\" \/>Puidust voodip\u00f5hi metallliistudel<br data-start=\"1118\" data-end=\"1121\" \/>Tugev konstruktsioon teraskinnitustega \u2013 loodud kestma<\/p>\n<p data-start=\"1179\" data-end=\"1317\">\ud83d\udce6 Nutikad hoiulahendused<br data-start=\"1204\" data-end=\"1207\" \/>2 mahukat sahtlit (kuni 10 kg \/ sahtel)<br data-start=\"1246\" data-end=\"1249\" \/>Sahtlid ratastel \u2013 lihtne liigutada<br data-start=\"1284\" data-end=\"1287\" \/>K\u00e4epideme asemel mugav avaus<\/p>\n<p data-start=\"1319\" data-end=\"1457\">\ud83c\udfa8 Ajatu disain<br data-start=\"1334\" data-end=\"1337\" \/>Elegantne champagne \u2013 soe ja kaasaegne<br data-start=\"1379\" data-end=\"1382\" \/>Sobib erinevate sisekujundusstiilidega<br data-start=\"1420\" data-end=\"1423\" \/>Lihtne vorm ja hoolikad detailid<\/p>\n<p data-start=\"1459\" data-end=\"1586\">\ud83d\udce6 Komplektis<br data-start=\"1472\" data-end=\"1475\" \/>Diivanivoodi konstruktsioon<br data-start=\"1503\" data-end=\"1506\" \/>Puidust voodip\u00f5hi<br data-start=\"1523\" data-end=\"1526\" \/>2 sahtlit<br \/>\nPoroloonmadratsid 2tk (9 cm)<br data-start=\"1863\" data-end=\"1866\" \/>Eemaldatav madratsikate<br \/>\nPaigaldustarvikud (lihtne ja kiire kokkupanek)<\/p>\n<p data-start=\"1588\" data-end=\"1773\">\ud83d\udc9b Ideaalne valik igap\u00e4evaks<br data-start=\"1616\" data-end=\"1619\" \/>Hermes voodi on loodud neile, kes hindavad mugavust, praktilisust ja stiili \u00fches.<br data-start=\"1700\" data-end=\"1703\" \/>See on koht puhkamiseks, l\u00f5\u00f5gastumiseks ja m\u00f5nusateks hetkedeks kodus.<\/p>\n<p data-start=\"1775\" data-end=\"1827\" data-is-last-node=\"\" data-is-only-node=\"\">\u2728 T\u00e4iuslik lahendus tuppa, kus iga sentimeeter loeb.<\/p>\n","protected":false},"excerpt":{"rendered":"<p>\ud83d\udecf\ufe0f Nutikas diivanvoodi Hermes \u2013 mugavaks igap\u00e4evaseks kasutamiseksMuuda noortetuba praktiliseks ja hubaseks paigaks!Hermes voodi \u00fchendab endas mugava magamiskoha ja stiilse diivani \u2013 ideaalne lahendus nii puhkamiseks kui ka s\u00f5pradega aja veetmiseks. \ud83c\udf1f Rohkem kui lihtsalt voodiSee mitmefunktsionaalne m\u00f6\u00f6bliese sobib suurep\u00e4raselt v\u00e4iksemasse tuppa.P\u00e4eval kasutad seda diivanina, \u00f6\u00f6sel mugava voodina \u2013 lihtne ja nutikas lahendus igap\u00e4evaeluks. \ud83d\udecb\ufe0f [&hellip;]<\/p>\n","protected":false},"featured_media":513752,"template":"","meta":{"_acf_changed":false},"pwb-brand":[],"product_brand":[],"product_cat":[11555,11589,11559,11789],"product_tag":[],"class_list":{"0":"post-513740","1":"product","2":"type-product","3":"status-publish","4":"has-post-thumbnail","6":"product_cat-pikendatavad-voodid-ru","7":"product_cat-80cm-laiused-ru","8":"product_cat-laste-ja-noortevoodid-ru","9":"product_cat-lastemoobel-ja-sisustus-ru","11":"first","12":"onbackorder","13":"sale","14":"taxable","15":"shipping-taxable","16":"purchasable","17":"product-type-simple"},"exclude_global_add_ons":[],"addons":[],"acf":[],"yoast_head":"<!-- This site is optimized with the Yoast SEO plugin v27.3 - https:\/\/yoast.com\/product\/yoast-seo-wordpress\/ -->\n<title>Sahtelvoodi Hermes 80x200, grafiit, \u0423\u0434\u043b\u0438\u043d\u044f\u044e\u0449\u0438\u0435\u0441\u044f \u043a\u0440\u043e\u0432\u0430\u0442\u0438, \u041a\u0440\u043e\u0432\u0430\u0442\u0438 \u0434\u043b\u044f \u0434\u0435\u0442\u0435\u0439 \u0438 \u043f\u043e\u0434\u0440\u043e\u0441\u0442\u043a\u043e\u0432, \u041d\u041e\u0412\u042b\u0415 \u0422\u041e\u0412\u0410\u0420\u042b, \u0428\u0438\u0440\u0438\u043d\u0430 80c\u043c, M\u0435\u0431\u0435\u043b\u044c, Beebipood<\/title>\n<meta name=\"description\" content=\"Sahtelvoodi Hermes 80x200, grafiit, * funktsionaalne ning pikendatav laste- ja noortevoodi* komplekti kuulub: voodi, voodip\u00f5h\" \/>\n<meta name=\"robots\" content=\"index, follow, max-snippet:-1, max-image-preview:large, max-video-preview:-1\" \/>\n<link rel=\"canonical\" href=\"https:\/\/beebipood.ee\/ru\/produkt\/sahtelvoodi-hermes-80x200-champagne\/\" \/>\n<meta property=\"og:locale\" content=\"ru_RU\" \/>\n<meta property=\"og:type\" content=\"article\" \/>\n<meta property=\"og:title\" content=\"Sahtelvoodi Hermes 80x200, grafiit, \u0423\u0434\u043b\u0438\u043d\u044f\u044e\u0449\u0438\u0435\u0441\u044f \u043a\u0440\u043e\u0432\u0430\u0442\u0438, \u041a\u0440\u043e\u0432\u0430\u0442\u0438 \u0434\u043b\u044f \u0434\u0435\u0442\u0435\u0439 \u0438 \u043f\u043e\u0434\u0440\u043e\u0441\u0442\u043a\u043e\u0432, \u041d\u041e\u0412\u042b\u0415 \u0422\u041e\u0412\u0410\u0420\u042b, \u0428\u0438\u0440\u0438\u043d\u0430 80c\u043c, M\u0435\u0431\u0435\u043b\u044c, Beebipood\" \/>\n<meta property=\"og:description\" content=\"Sahtelvoodi Hermes 80x200, grafiit, * funktsionaalne ning pikendatav laste- ja noortevoodi* komplekti kuulub: voodi, voodip\u00f5h\" \/>\n<meta property=\"og:url\" content=\"https:\/\/beebipood.ee\/ru\/produkt\/sahtelvoodi-hermes-80x200-champagne\/\" \/>\n<meta property=\"og:site_name\" content=\"Beebipood\" \/>\n<meta property=\"article:modified_time\" content=\"2026-04-23T13:41:17+00:00\" \/>\n<meta property=\"og:image\" content=\"https:\/\/beebipood.ee\/wp-content\/uploads\/2026\/04\/hermes-80x200-z-szuflada-kaszmirowe.webp\" \/>\n\t<meta property=\"og:image:width\" content=\"680\" \/>\n\t<meta property=\"og:image:height\" content=\"680\" \/>\n\t<meta property=\"og:image:type\" content=\"image\/webp\" \/>\n<meta name=\"twitter:card\" content=\"summary_large_image\" \/>\n<meta name=\"twitter:label1\" content=\"\u041f\u0440\u0438\u043c\u0435\u0440\u043d\u043e\u0435 \u0432\u0440\u0435\u043c\u044f \u0434\u043b\u044f \u0447\u0442\u0435\u043d\u0438\u044f\" \/>\n\t<meta name=\"twitter:data1\" content=\"2 \u043c\u0438\u043d\u0443\u0442\u044b\" \/>\n<script type=\"application\/ld+json\" class=\"yoast-schema-graph\">{\"@context\":\"https:\\\/\\\/schema.org\",\"@graph\":[{\"@type\":\"WebPage\",\"@id\":\"https:\\\/\\\/beebipood.ee\\\/ru\\\/produkt\\\/sahtelvoodi-hermes-80x200-champagne\\\/\",\"url\":\"https:\\\/\\\/beebipood.ee\\\/ru\\\/produkt\\\/sahtelvoodi-hermes-80x200-champagne\\\/\",\"name\":\"Sahtelvoodi Hermes 80x200, grafiit, \u0423\u0434\u043b\u0438\u043d\u044f\u044e\u0449\u0438\u0435\u0441\u044f \u043a\u0440\u043e\u0432\u0430\u0442\u0438, \u041a\u0440\u043e\u0432\u0430\u0442\u0438 \u0434\u043b\u044f \u0434\u0435\u0442\u0435\u0439 \u0438 \u043f\u043e\u0434\u0440\u043e\u0441\u0442\u043a\u043e\u0432, \u041d\u041e\u0412\u042b\u0415 \u0422\u041e\u0412\u0410\u0420\u042b, \u0428\u0438\u0440\u0438\u043d\u0430 80c\u043c, M\u0435\u0431\u0435\u043b\u044c, Beebipood\",\"isPartOf\":{\"@id\":\"https:\\\/\\\/beebipood.ee\\\/ru\\\/#website\"},\"primaryImageOfPage\":{\"@id\":\"https:\\\/\\\/beebipood.ee\\\/ru\\\/produkt\\\/sahtelvoodi-hermes-80x200-champagne\\\/#primaryimage\"},\"image\":{\"@id\":\"https:\\\/\\\/beebipood.ee\\\/ru\\\/produkt\\\/sahtelvoodi-hermes-80x200-champagne\\\/#primaryimage\"},\"thumbnailUrl\":\"https:\\\/\\\/beebipood.ee\\\/wp-content\\\/uploads\\\/2026\\\/04\\\/hermes-80x200-z-szuflada-kaszmirowe.webp\",\"datePublished\":\"2026-04-23T13:09:28+00:00\",\"dateModified\":\"2026-04-23T13:41:17+00:00\",\"description\":\"Sahtelvoodi Hermes 80x200, grafiit, * funktsionaalne ning pikendatav laste- ja noortevoodi* komplekti kuulub: voodi, voodip\u00f5h\",\"breadcrumb\":{\"@id\":\"https:\\\/\\\/beebipood.ee\\\/ru\\\/produkt\\\/sahtelvoodi-hermes-80x200-champagne\\\/#breadcrumb\"},\"inLanguage\":\"ru-RU\",\"potentialAction\":[{\"@type\":\"ReadAction\",\"target\":[\"https:\\\/\\\/beebipood.ee\\\/ru\\\/produkt\\\/sahtelvoodi-hermes-80x200-champagne\\\/\"]}]},{\"@type\":\"ImageObject\",\"inLanguage\":\"ru-RU\",\"@id\":\"https:\\\/\\\/beebipood.ee\\\/ru\\\/produkt\\\/sahtelvoodi-hermes-80x200-champagne\\\/#primaryimage\",\"url\":\"https:\\\/\\\/beebipood.ee\\\/wp-content\\\/uploads\\\/2026\\\/04\\\/hermes-80x200-z-szuflada-kaszmirowe.webp\",\"contentUrl\":\"https:\\\/\\\/beebipood.ee\\\/wp-content\\\/uploads\\\/2026\\\/04\\\/hermes-80x200-z-szuflada-kaszmirowe.webp\",\"width\":680,\"height\":680},{\"@type\":\"BreadcrumbList\",\"@id\":\"https:\\\/\\\/beebipood.ee\\\/ru\\\/produkt\\\/sahtelvoodi-hermes-80x200-champagne\\\/#breadcrumb\",\"itemListElement\":[{\"@type\":\"ListItem\",\"position\":1,\"name\":\"Home\",\"item\":\"https:\\\/\\\/beebipood.ee\\\/ru\\\/\"},{\"@type\":\"ListItem\",\"position\":2,\"name\":\"\u041a\u0430\u0442\u0430\u043b\u043e\u0433 \u0442\u043e\u0432\u0430\u0440\u043e\u0432\",\"item\":\"https:\\\/\\\/beebipood.ee\\\/tooted\\\/\"},{\"@type\":\"ListItem\",\"position\":3,\"name\":\"Sahtelvoodi Hermes 80\u00d7200, champagne\"}]},{\"@type\":\"WebSite\",\"@id\":\"https:\\\/\\\/beebipood.ee\\\/ru\\\/#website\",\"url\":\"https:\\\/\\\/beebipood.ee\\\/ru\\\/\",\"name\":\"Beebipood\",\"description\":\"Lastekaubad, beebikaubad, m\u00e4nguasjad\",\"publisher\":{\"@id\":\"https:\\\/\\\/beebipood.ee\\\/ru\\\/#organization\"},\"potentialAction\":[{\"@type\":\"SearchAction\",\"target\":{\"@type\":\"EntryPoint\",\"urlTemplate\":\"https:\\\/\\\/beebipood.ee\\\/ru\\\/?s={search_term_string}\"},\"query-input\":{\"@type\":\"PropertyValueSpecification\",\"valueRequired\":true,\"valueName\":\"search_term_string\"}}],\"inLanguage\":\"ru-RU\"},{\"@type\":\"Organization\",\"@id\":\"https:\\\/\\\/beebipood.ee\\\/ru\\\/#organization\",\"name\":\"Beebipood\",\"url\":\"https:\\\/\\\/beebipood.ee\\\/ru\\\/\",\"logo\":{\"@type\":\"ImageObject\",\"inLanguage\":\"ru-RU\",\"@id\":\"https:\\\/\\\/beebipood.ee\\\/ru\\\/#\\\/schema\\\/logo\\\/image\\\/\",\"url\":\"https:\\\/\\\/beebipood.ee\\\/wp-content\\\/uploads\\\/2025\\\/03\\\/beebipood.ee-logo-1.svg\",\"contentUrl\":\"https:\\\/\\\/beebipood.ee\\\/wp-content\\\/uploads\\\/2025\\\/03\\\/beebipood.ee-logo-1.svg\",\"caption\":\"Beebipood\"},\"image\":{\"@id\":\"https:\\\/\\\/beebipood.ee\\\/ru\\\/#\\\/schema\\\/logo\\\/image\\\/\"}}]}<\/script>\n<!-- \/ Yoast SEO plugin. -->","yoast_head_json":{"title":"Sahtelvoodi Hermes 80x200, grafiit, \u0423\u0434\u043b\u0438\u043d\u044f\u044e\u0449\u0438\u0435\u0441\u044f \u043a\u0440\u043e\u0432\u0430\u0442\u0438, \u041a\u0440\u043e\u0432\u0430\u0442\u0438 \u0434\u043b\u044f \u0434\u0435\u0442\u0435\u0439 \u0438 \u043f\u043e\u0434\u0440\u043e\u0441\u0442\u043a\u043e\u0432, \u041d\u041e\u0412\u042b\u0415 \u0422\u041e\u0412\u0410\u0420\u042b, \u0428\u0438\u0440\u0438\u043d\u0430 80c\u043c, M\u0435\u0431\u0435\u043b\u044c, Beebipood","description":"Sahtelvoodi Hermes 80x200, grafiit, * funktsionaalne ning pikendatav laste- ja noortevoodi* komplekti kuulub: voodi, voodip\u00f5h","robots":{"index":"index","follow":"follow","max-snippet":"max-snippet:-1","max-image-preview":"max-image-preview:large","max-video-preview":"max-video-preview:-1"},"canonical":"https:\/\/beebipood.ee\/ru\/produkt\/sahtelvoodi-hermes-80x200-champagne\/","og_locale":"ru_RU","og_type":"article","og_title":"Sahtelvoodi Hermes 80x200, grafiit, \u0423\u0434\u043b\u0438\u043d\u044f\u044e\u0449\u0438\u0435\u0441\u044f \u043a\u0440\u043e\u0432\u0430\u0442\u0438, \u041a\u0440\u043e\u0432\u0430\u0442\u0438 \u0434\u043b\u044f \u0434\u0435\u0442\u0435\u0439 \u0438 \u043f\u043e\u0434\u0440\u043e\u0441\u0442\u043a\u043e\u0432, \u041d\u041e\u0412\u042b\u0415 \u0422\u041e\u0412\u0410\u0420\u042b, \u0428\u0438\u0440\u0438\u043d\u0430 80c\u043c, M\u0435\u0431\u0435\u043b\u044c, Beebipood","og_description":"Sahtelvoodi Hermes 80x200, grafiit, * funktsionaalne ning pikendatav laste- ja noortevoodi* komplekti kuulub: voodi, voodip\u00f5h","og_url":"https:\/\/beebipood.ee\/ru\/produkt\/sahtelvoodi-hermes-80x200-champagne\/","og_site_name":"Beebipood","article_modified_time":"2026-04-23T13:41:17+00:00","og_image":[{"width":680,"height":680,"url":"https:\/\/beebipood.ee\/wp-content\/uploads\/2026\/04\/hermes-80x200-z-szuflada-kaszmirowe.webp","type":"image\/webp"}],"twitter_card":"summary_large_image","twitter_misc":{"\u041f\u0440\u0438\u043c\u0435\u0440\u043d\u043e\u0435 \u0432\u0440\u0435\u043c\u044f \u0434\u043b\u044f \u0447\u0442\u0435\u043d\u0438\u044f":"2 \u043c\u0438\u043d\u0443\u0442\u044b"},"schema":{"@context":"https:\/\/schema.org","@graph":[{"@type":"WebPage","@id":"https:\/\/beebipood.ee\/ru\/produkt\/sahtelvoodi-hermes-80x200-champagne\/","url":"https:\/\/beebipood.ee\/ru\/produkt\/sahtelvoodi-hermes-80x200-champagne\/","name":"Sahtelvoodi Hermes 80x200, grafiit, \u0423\u0434\u043b\u0438\u043d\u044f\u044e\u0449\u0438\u0435\u0441\u044f \u043a\u0440\u043e\u0432\u0430\u0442\u0438, \u041a\u0440\u043e\u0432\u0430\u0442\u0438 \u0434\u043b\u044f \u0434\u0435\u0442\u0435\u0439 \u0438 \u043f\u043e\u0434\u0440\u043e\u0441\u0442\u043a\u043e\u0432, \u041d\u041e\u0412\u042b\u0415 \u0422\u041e\u0412\u0410\u0420\u042b, \u0428\u0438\u0440\u0438\u043d\u0430 80c\u043c, M\u0435\u0431\u0435\u043b\u044c, Beebipood","isPartOf":{"@id":"https:\/\/beebipood.ee\/ru\/#website"},"primaryImageOfPage":{"@id":"https:\/\/beebipood.ee\/ru\/produkt\/sahtelvoodi-hermes-80x200-champagne\/#primaryimage"},"image":{"@id":"https:\/\/beebipood.ee\/ru\/produkt\/sahtelvoodi-hermes-80x200-champagne\/#primaryimage"},"thumbnailUrl":"https:\/\/beebipood.ee\/wp-content\/uploads\/2026\/04\/hermes-80x200-z-szuflada-kaszmirowe.webp","datePublished":"2026-04-23T13:09:28+00:00","dateModified":"2026-04-23T13:41:17+00:00","description":"Sahtelvoodi Hermes 80x200, grafiit, * funktsionaalne ning pikendatav laste- ja noortevoodi* komplekti kuulub: voodi, voodip\u00f5h","breadcrumb":{"@id":"https:\/\/beebipood.ee\/ru\/produkt\/sahtelvoodi-hermes-80x200-champagne\/#breadcrumb"},"inLanguage":"ru-RU","potentialAction":[{"@type":"ReadAction","target":["https:\/\/beebipood.ee\/ru\/produkt\/sahtelvoodi-hermes-80x200-champagne\/"]}]},{"@type":"ImageObject","inLanguage":"ru-RU","@id":"https:\/\/beebipood.ee\/ru\/produkt\/sahtelvoodi-hermes-80x200-champagne\/#primaryimage","url":"https:\/\/beebipood.ee\/wp-content\/uploads\/2026\/04\/hermes-80x200-z-szuflada-kaszmirowe.webp","contentUrl":"https:\/\/beebipood.ee\/wp-content\/uploads\/2026\/04\/hermes-80x200-z-szuflada-kaszmirowe.webp","width":680,"height":680},{"@type":"BreadcrumbList","@id":"https:\/\/beebipood.ee\/ru\/produkt\/sahtelvoodi-hermes-80x200-champagne\/#breadcrumb","itemListElement":[{"@type":"ListItem","position":1,"name":"Home","item":"https:\/\/beebipood.ee\/ru\/"},{"@type":"ListItem","position":2,"name":"\u041a\u0430\u0442\u0430\u043b\u043e\u0433 \u0442\u043e\u0432\u0430\u0440\u043e\u0432","item":"https:\/\/beebipood.ee\/tooted\/"},{"@type":"ListItem","position":3,"name":"Sahtelvoodi Hermes 80\u00d7200, champagne"}]},{"@type":"WebSite","@id":"https:\/\/beebipood.ee\/ru\/#website","url":"https:\/\/beebipood.ee\/ru\/","name":"Beebipood","description":"Lastekaubad, beebikaubad, m\u00e4nguasjad","publisher":{"@id":"https:\/\/beebipood.ee\/ru\/#organization"},"potentialAction":[{"@type":"SearchAction","target":{"@type":"EntryPoint","urlTemplate":"https:\/\/beebipood.ee\/ru\/?s={search_term_string}"},"query-input":{"@type":"PropertyValueSpecification","valueRequired":true,"valueName":"search_term_string"}}],"inLanguage":"ru-RU"},{"@type":"Organization","@id":"https:\/\/beebipood.ee\/ru\/#organization","name":"Beebipood","url":"https:\/\/beebipood.ee\/ru\/","logo":{"@type":"ImageObject","inLanguage":"ru-RU","@id":"https:\/\/beebipood.ee\/ru\/#\/schema\/logo\/image\/","url":"https:\/\/beebipood.ee\/wp-content\/uploads\/2025\/03\/beebipood.ee-logo-1.svg","contentUrl":"https:\/\/beebipood.ee\/wp-content\/uploads\/2025\/03\/beebipood.ee-logo-1.svg","caption":"Beebipood"},"image":{"@id":"https:\/\/beebipood.ee\/ru\/#\/schema\/logo\/image\/"}}]}},"brands":[],"_links":{"self":[{"href":"https:\/\/beebipood.ee\/ru\/wp-json\/wp\/v2\/product\/513740","targetHints":{"allow":["GET"]}}],"collection":[{"href":"https:\/\/beebipood.ee\/ru\/wp-json\/wp\/v2\/product"}],"about":[{"href":"https:\/\/beebipood.ee\/ru\/wp-json\/wp\/v2\/types\/product"}],"wp:featuredmedia":[{"embeddable":true,"href":"https:\/\/beebipood.ee\/ru\/wp-json\/wp\/v2\/media\/513752"}],"wp:attachment":[{"href":"https:\/\/beebipood.ee\/ru\/wp-json\/wp\/v2\/media?parent=513740"}],"wp:term":[{"taxonomy":"pwb-brand","embeddable":true,"href":"https:\/\/beebipood.ee\/ru\/wp-json\/wp\/v2\/pwb-brand?post=513740"},{"taxonomy":"product_brand","embeddable":true,"href":"https:\/\/beebipood.ee\/ru\/wp-json\/wp\/v2\/product_brand?post=513740"},{"taxonomy":"product_cat","embeddable":true,"href":"https:\/\/beebipood.ee\/ru\/wp-json\/wp\/v2\/product_cat?post=513740"},{"taxonomy":"product_tag","embeddable":true,"href":"https:\/\/beebipood.ee\/ru\/wp-json\/wp\/v2\/product_tag?post=513740"}],"curies":[{"name":"wp","href":"https:\/\/api.w.org\/{rel}","templated":true}]}}